{"id":6115,"date":"2023-05-21T10:41:21","date_gmt":"2023-05-21T10:41:21","guid":{"rendered":"https:\/\/www.safinel.fr\/?post_type=product&#038;p=6115"},"modified":"2024-03-12T13:19:33","modified_gmt":"2024-03-12T13:19:33","slug":"frullato-di-melograno","status":"publish","type":"product","link":"https:\/\/www.safinel.fr\/it\/prodotto\/frullato-di-melograno\/","title":{"rendered":"Frullato di riccioli al melograno 250ml - Tropikal Bliss"},"content":{"rendered":"<p>Ancora una volta, il vostro negozio Safinel preferito ha scovato una vera e propria chicca per voi. Si tratta del\u00a0<strong>Frullato di melograno<\/strong>, a\u00a0<strong>latte per capelli leave-in\u00a0<\/strong>che diventer\u00e0 senza dubbio un alleato della\u00a0<strong>capelli ricci!\u00a0<\/strong><\/p>\n<h2><strong>Che cos'\u00e8 il frullato di melograno?\u00a0<\/strong><\/h2>\n<p>Pomegranate Curl Smoothie \u00e8 un prodotto di\u00a0<strong>cura dei capelli\u00a0<\/strong>del marchio francese\u00a0<strong>TropikalBliss<\/strong>. \u00c8 appositamente studiato per capelli ricci, crespi e crespati.<\/p>\n<p>Inoltre, questo cosmetico \u00e8 formulato con ingredienti naturali e biologici, senza parabeni, solfati, siliconi e oli minerali. Questo\u00a0<strong>latte per capelli\u00a0<\/strong>\u00e8 anche un prodotto vegano e cruelty-free.<\/p>\n<p>Da provare anche la nebbia senza risciacquo per la cura della pelle\u00a0<strong><a href=\"https:\/\/www.safinel.fr\/it\/prodotto\/nebbia-idratante-allananas\/\">Nebbia idratante all'ananas<\/a>. \u00a0<\/strong><\/p>\n<h2><strong>Una fragranza dolce e propriet\u00e0 da urlo!\u00a0<\/strong><\/h2>\n<p>Questo\u00a0<strong>trattamento<\/strong>\u00a0\u00e8 un prodotto idratante e nutriente per\u00a0<strong>capelli strutturati.<\/strong>\u00a0Contiene\u2019<strong>olio di melograno<\/strong>, ricco di antiossidanti. Questo principio attivo protegge essenzialmente i capelli dalle aggressioni esterne e previene i danni causati dai radicali liberi.<\/p>\n<p>Questo\u00a0<strong>cosmetici<\/strong>\u00a0contiene anche<strong>\u00a0Olio di lampone,<\/strong>\u00a0che idrata e protegge i capelli. Inoltre<strong>\u00a0olio di ibisco<\/strong>, che rivitalizza e dona lucentezza.<\/p>\n<p>Infine, il nostro latte per capelli aiuta a definire i ricci e a ridurre il crespo. \u00c8 il modo ideale per ottenere risultati ottimali, con capelli pi\u00f9 morbidi, forti e lucenti.<\/p>\n<h3><strong>Come si usa il frullato di riccioli al melograno?\u00a0<\/strong><\/h3>\n<p>Il vostro nuovo\u00a0<strong>cosmetici<\/strong>\u00a0Utilizzare sui capelli puliti e bagnati. Dopo il lavaggio con uno shampoo delicato, applicare una piccola quantit\u00e0 di prodotto, concentrandosi sulle punte e sulle lunghezze.<\/p>\n<p>Inoltre, evitate le radici per non appesantire la fibra.<\/p>\n<p>Distribuire il prodotto in modo uniforme con un pettine a denti larghi o con le dita. Potete lasciare asciugare i capelli all'aria o utilizzare un diffusore per un'asciugatura pi\u00f9 rapida. Infine, questo\u00a0<strong>crema nutriente per ricci<\/strong>\u00a0pu\u00f2 essere utilizzato quotidianamente per idratare e nutrire profondamente i capelli.<\/p>\n<p>In breve, \u00e8 un prodotto naturale ed efficace per la cura dei capelli ricci, crespi e crespati. La sua formula pulita e gli ingredienti biologici lo rendono un prodotto che rispetta l'ambiente e la vostra salute!<\/p>","protected":false},"excerpt":{"rendered":"<p>Ancora una volta, la vostra boutique Safinel preferita ha scovato una vera chicca per voi.<\/p>\n<p>Questo \u00e8 il\u00a0<strong>Frullato di melograno<\/strong>, a\u00a0<strong>latte per capelli leave-in\u00a0<\/strong>che diventer\u00e0 senza dubbio un alleato della\u00a0<strong>capelli ricci!\u00a0<\/strong><\/p>\n<p><img decoding=\"async\" class=\"size-full wp-image-5091 aligncenter\" src=\"https:\/\/www.safinel.fr\/wp-content\/uploads\/2021\/06\/BANNIERE-ICONE-SAFINEL.webp\" alt=\"riassicurazione satine\" width=\"800\" height=\"200\" srcset=\"https:\/\/www.safinel.fr\/wp-content\/uploads\/2021\/06\/BANNIERE-ICONE-SAFINEL.webp 800w, https:\/\/www.safinel.fr\/wp-content\/uploads\/2021\/06\/BANNIERE-ICONE-SAFINEL-600x150.webp 600w, https:\/\/www.safinel.fr\/wp-content\/uploads\/2021\/06\/BANNIERE-ICONE-SAFINEL-768x192.webp 768w\" sizes=\"(max-width: 800px) 100vw, 800px\" \/><\/p>","protected":false},"featured_media":6116,"template":"","meta":[],"product_brand":[],"product_cat":[146,154,153],"product_tag":[],"class_list":{"0":"post-6115","1":"product","2":"type-product","3":"status-publish","4":"has-post-thumbnail","6":"product_cat-produit-cheveux","7":"product_cat-produits-cheveux-boucles","8":"product_cat-tropikal-bliss","10":"first","11":"outofstock","12":"shipping-taxable","13":"purchasable","14":"product-type-simple"},"yoast_head":"<!-- This site is optimized with the Yoast SEO plugin v26.6 - https:\/\/yoast.com\/wordpress\/plugins\/seo\/ -->\n<title>Pomegranate Curl Smoothie I Cr\u00e8me nourrissante cheveux boucl\u00e9s<\/title>\n<meta name=\"description\" content=\"D\u00e9couvrez Pomegranate Curl Smoothie, un\u00a0lait capillaire sans rin\u00e7age\u00a0qui deviendra sans aucun doute l\u2019alli\u00e9 des\u00a0curly hair !\" \/>\n<meta name=\"robots\" content=\"index, follow, max-snippet:-1, max-image-preview:large, max-video-preview:-1\" \/>\n<link rel=\"canonical\" href=\"https:\/\/www.safinel.fr\/it\/prodotto\/frullato-di-melograno\/\" \/>\n<meta property=\"og:locale\" content=\"it_IT\" \/>\n<meta property=\"og:type\" content=\"article\" \/>\n<meta property=\"og:title\" content=\"Pomegranate Curl Smoothie I Cr\u00e8me nourrissante cheveux boucl\u00e9s\" \/>\n<meta property=\"og:description\" content=\"D\u00e9couvrez Pomegranate Curl Smoothie, un\u00a0lait capillaire sans rin\u00e7age\u00a0qui deviendra sans aucun doute l\u2019alli\u00e9 des\u00a0curly hair !\" \/>\n<meta property=\"og:url\" content=\"https:\/\/www.safinel.fr\/it\/prodotto\/frullato-di-melograno\/\" \/>\n<meta property=\"og:site_name\" content=\"Safinel\" \/>\n<meta property=\"article:modified_time\" content=\"2024-03-12T13:19:33+00:00\" \/>\n<meta property=\"og:image\" content=\"https:\/\/www.safinel.fr\/wp-content\/uploads\/2023\/05\/Pomegranate-Curl-Smoothie.jpg\" \/>\n\t<meta property=\"og:image:width\" content=\"600\" \/>\n\t<meta property=\"og:image:height\" content=\"600\" \/>\n\t<meta property=\"og:image:type\" content=\"image\/jpeg\" \/>\n<meta name=\"twitter:card\" content=\"summary_large_image\" \/>\n<meta name=\"twitter:label1\" content=\"Tempo di lettura stimato\" \/>\n\t<meta name=\"twitter:data1\" content=\"2 minuti\" \/>\n<script type=\"application\/ld+json\" class=\"yoast-schema-graph\">{\"@context\":\"https:\/\/schema.org\",\"@graph\":[{\"@type\":\"WebPage\",\"@id\":\"https:\/\/www.safinel.fr\/produit\/pomegranate-curl-smoothie\/\",\"url\":\"https:\/\/www.safinel.fr\/produit\/pomegranate-curl-smoothie\/\",\"name\":\"Pomegranate Curl Smoothie I Cr\u00e8me nourrissante cheveux boucl\u00e9s\",\"isPartOf\":{\"@id\":\"https:\/\/www.safinel.fr\/#website\"},\"primaryImageOfPage\":{\"@id\":\"https:\/\/www.safinel.fr\/produit\/pomegranate-curl-smoothie\/#primaryimage\"},\"image\":{\"@id\":\"https:\/\/www.safinel.fr\/produit\/pomegranate-curl-smoothie\/#primaryimage\"},\"thumbnailUrl\":\"https:\/\/www.safinel.fr\/wp-content\/uploads\/2023\/05\/Pomegranate-Curl-Smoothie.jpg\",\"datePublished\":\"2023-05-21T10:41:21+00:00\",\"dateModified\":\"2024-03-12T13:19:33+00:00\",\"description\":\"D\u00e9couvrez Pomegranate Curl Smoothie, un\u00a0lait capillaire sans rin\u00e7age\u00a0qui deviendra sans aucun doute l\u2019alli\u00e9 des\u00a0curly hair !\",\"breadcrumb\":{\"@id\":\"https:\/\/www.safinel.fr\/produit\/pomegranate-curl-smoothie\/#breadcrumb\"},\"inLanguage\":\"it-IT\",\"potentialAction\":[{\"@type\":\"ReadAction\",\"target\":[\"https:\/\/www.safinel.fr\/produit\/pomegranate-curl-smoothie\/\"]}]},{\"@type\":\"ImageObject\",\"inLanguage\":\"it-IT\",\"@id\":\"https:\/\/www.safinel.fr\/produit\/pomegranate-curl-smoothie\/#primaryimage\",\"url\":\"https:\/\/www.safinel.fr\/wp-content\/uploads\/2023\/05\/Pomegranate-Curl-Smoothie.jpg\",\"contentUrl\":\"https:\/\/www.safinel.fr\/wp-content\/uploads\/2023\/05\/Pomegranate-Curl-Smoothie.jpg\",\"width\":600,\"height\":600,\"caption\":\"Pomegranate Curl Smoothie\"},{\"@type\":\"BreadcrumbList\",\"@id\":\"https:\/\/www.safinel.fr\/produit\/pomegranate-curl-smoothie\/#breadcrumb\",\"itemListElement\":[{\"@type\":\"ListItem\",\"position\":1,\"name\":\"Accueil\",\"item\":\"https:\/\/www.safinel.fr\/\"},{\"@type\":\"ListItem\",\"position\":2,\"name\":\"Boutique\",\"item\":\"https:\/\/www.safinel.fr\/boutique\/\"},{\"@type\":\"ListItem\",\"position\":3,\"name\":\"Pomegranate Curl Smoothie 250ml &#8211; Tropikal Bliss\"}]},{\"@type\":\"WebSite\",\"@id\":\"https:\/\/www.safinel.fr\/#website\",\"url\":\"https:\/\/www.safinel.fr\/\",\"name\":\"Safinel\",\"description\":\"\",\"publisher\":{\"@id\":\"https:\/\/www.safinel.fr\/#organization\"},\"potentialAction\":[{\"@type\":\"SearchAction\",\"target\":{\"@type\":\"EntryPoint\",\"urlTemplate\":\"https:\/\/www.safinel.fr\/?s={search_term_string}\"},\"query-input\":{\"@type\":\"PropertyValueSpecification\",\"valueRequired\":true,\"valueName\":\"search_term_string\"}}],\"inLanguage\":\"it-IT\"},{\"@type\":\"Organization\",\"@id\":\"https:\/\/www.safinel.fr\/#organization\",\"name\":\"Safinel\",\"url\":\"https:\/\/www.safinel.fr\/\",\"logo\":{\"@type\":\"ImageObject\",\"inLanguage\":\"it-IT\",\"@id\":\"https:\/\/www.safinel.fr\/#\/schema\/logo\/image\/\",\"url\":\"https:\/\/www.safinel.fr\/wp-content\/uploads\/2021\/05\/boutique-cosmetique.png\",\"contentUrl\":\"https:\/\/www.safinel.fr\/wp-content\/uploads\/2021\/05\/boutique-cosmetique.png\",\"width\":800,\"height\":200,\"caption\":\"Safinel\"},\"image\":{\"@id\":\"https:\/\/www.safinel.fr\/#\/schema\/logo\/image\/\"}}]}<\/script>\n<!-- \/ Yoast SEO plugin. -->","yoast_head_json":{"title":"Pomegranate Curl Smoothie I Crema nutriente per capelli ricci","description":"Scoprite il Pomegranate Curl Smoothie, un latte leave-in per capelli che diventer\u00e0 sicuramente un alleato dei capelli ricci!","robots":{"index":"index","follow":"follow","max-snippet":"max-snippet:-1","max-image-preview":"max-image-preview:large","max-video-preview":"max-video-preview:-1"},"canonical":"https:\/\/www.safinel.fr\/it\/prodotto\/frullato-di-melograno\/","og_locale":"it_IT","og_type":"article","og_title":"Pomegranate Curl Smoothie I Cr\u00e8me nourrissante cheveux boucl\u00e9s","og_description":"D\u00e9couvrez Pomegranate Curl Smoothie, un\u00a0lait capillaire sans rin\u00e7age\u00a0qui deviendra sans aucun doute l\u2019alli\u00e9 des\u00a0curly hair !","og_url":"https:\/\/www.safinel.fr\/it\/prodotto\/frullato-di-melograno\/","og_site_name":"Safinel","article_modified_time":"2024-03-12T13:19:33+00:00","og_image":[{"width":600,"height":600,"url":"https:\/\/www.safinel.fr\/wp-content\/uploads\/2023\/05\/Pomegranate-Curl-Smoothie.jpg","type":"image\/jpeg"}],"twitter_card":"summary_large_image","twitter_misc":{"Tempo di lettura stimato":"2 minuti"},"schema":{"@context":"https:\/\/schema.org","@graph":[{"@type":"WebPage","@id":"https:\/\/www.safinel.fr\/produit\/pomegranate-curl-smoothie\/","url":"https:\/\/www.safinel.fr\/produit\/pomegranate-curl-smoothie\/","name":"Pomegranate Curl Smoothie I Crema nutriente per capelli ricci","isPartOf":{"@id":"https:\/\/www.safinel.fr\/#website"},"primaryImageOfPage":{"@id":"https:\/\/www.safinel.fr\/produit\/pomegranate-curl-smoothie\/#primaryimage"},"image":{"@id":"https:\/\/www.safinel.fr\/produit\/pomegranate-curl-smoothie\/#primaryimage"},"thumbnailUrl":"https:\/\/www.safinel.fr\/wp-content\/uploads\/2023\/05\/Pomegranate-Curl-Smoothie.jpg","datePublished":"2023-05-21T10:41:21+00:00","dateModified":"2024-03-12T13:19:33+00:00","description":"Scoprite il Pomegranate Curl Smoothie, un latte leave-in per capelli che diventer\u00e0 sicuramente un alleato dei capelli ricci!","breadcrumb":{"@id":"https:\/\/www.safinel.fr\/produit\/pomegranate-curl-smoothie\/#breadcrumb"},"inLanguage":"it-IT","potentialAction":[{"@type":"ReadAction","target":["https:\/\/www.safinel.fr\/produit\/pomegranate-curl-smoothie\/"]}]},{"@type":"ImageObject","inLanguage":"it-IT","@id":"https:\/\/www.safinel.fr\/produit\/pomegranate-curl-smoothie\/#primaryimage","url":"https:\/\/www.safinel.fr\/wp-content\/uploads\/2023\/05\/Pomegranate-Curl-Smoothie.jpg","contentUrl":"https:\/\/www.safinel.fr\/wp-content\/uploads\/2023\/05\/Pomegranate-Curl-Smoothie.jpg","width":600,"height":600,"caption":"Pomegranate Curl Smoothie"},{"@type":"BreadcrumbList","@id":"https:\/\/www.safinel.fr\/produit\/pomegranate-curl-smoothie\/#breadcrumb","itemListElement":[{"@type":"ListItem","position":1,"name":"Accueil","item":"https:\/\/www.safinel.fr\/"},{"@type":"ListItem","position":2,"name":"Boutique","item":"https:\/\/www.safinel.fr\/boutique\/"},{"@type":"ListItem","position":3,"name":"Pomegranate Curl Smoothie 250ml &#8211; Tropikal Bliss"}]},{"@type":"WebSite","@id":"https:\/\/www.safinel.fr\/#website","url":"https:\/\/www.safinel.fr\/","name":"Safinel","description":"","publisher":{"@id":"https:\/\/www.safinel.fr\/#organization"},"potentialAction":[{"@type":"SearchAction","target":{"@type":"EntryPoint","urlTemplate":"https:\/\/www.safinel.fr\/?s={search_term_string}"},"query-input":{"@type":"PropertyValueSpecification","valueRequired":true,"valueName":"search_term_string"}}],"inLanguage":"it-IT"},{"@type":"Organization","@id":"https:\/\/www.safinel.fr\/#organization","name":"Safinel","url":"https:\/\/www.safinel.fr\/","logo":{"@type":"ImageObject","inLanguage":"it-IT","@id":"https:\/\/www.safinel.fr\/#\/schema\/logo\/image\/","url":"https:\/\/www.safinel.fr\/wp-content\/uploads\/2021\/05\/boutique-cosmetique.png","contentUrl":"https:\/\/www.safinel.fr\/wp-content\/uploads\/2021\/05\/boutique-cosmetique.png","width":800,"height":200,"caption":"Safinel"},"image":{"@id":"https:\/\/www.safinel.fr\/#\/schema\/logo\/image\/"}}]}},"_links":{"self":[{"href":"https:\/\/www.safinel.fr\/it\/wp-json\/wp\/v2\/product\/6115","targetHints":{"allow":["GET"]}}],"collection":[{"href":"https:\/\/www.safinel.fr\/it\/wp-json\/wp\/v2\/product"}],"about":[{"href":"https:\/\/www.safinel.fr\/it\/wp-json\/wp\/v2\/types\/product"}],"wp:featuredmedia":[{"embeddable":true,"href":"https:\/\/www.safinel.fr\/it\/wp-json\/wp\/v2\/media\/6116"}],"wp:attachment":[{"href":"https:\/\/www.safinel.fr\/it\/wp-json\/wp\/v2\/media?parent=6115"}],"wp:term":[{"taxonomy":"product_brand","embeddable":true,"href":"https:\/\/www.safinel.fr\/it\/wp-json\/wp\/v2\/product_brand?post=6115"},{"taxonomy":"product_cat","embeddable":true,"href":"https:\/\/www.safinel.fr\/it\/wp-json\/wp\/v2\/product_cat?post=6115"},{"taxonomy":"product_tag","embeddable":true,"href":"https:\/\/www.safinel.fr\/it\/wp-json\/wp\/v2\/product_tag?post=6115"}],"curies":[{"name":"wp","href":"https:\/\/api.w.org\/{rel}","templated":true}]}}