{"id":5928,"date":"2023-05-11T20:44:52","date_gmt":"2023-05-11T20:44:52","guid":{"rendered":"https:\/\/www.safinel.fr\/?post_type=product&#038;p=5928"},"modified":"2023-12-28T17:15:58","modified_gmt":"2023-12-28T17:15:58","slug":"olio-di-senape","status":"publish","type":"product","link":"https:\/\/www.safinel.fr\/it\/prodotto\/olio-di-senape\/","title":{"rendered":"Olio di senape 50ml"},"content":{"rendered":"<p>Un'insalata? Una vinaigrette? Vi starete chiedendo quale ricetta della nonna abbiamo preparato per voi? Beh, niente del genere. O almeno non nel modo in cui pensereste! Proprio cos\u00ec,\u00a0<strong>olio di senape\u00a0<\/strong>\u00e8 molto interessante... ma come\u00a0<strong>cosmetici<\/strong>\u00a0qui. E soprattutto per la bellezza dei nostri capelli!<\/p>\n<h2><strong>Olio di senape cosmetico: siamo interessati!\u00a0<\/strong><\/h2>\n<p><strong>Olio di senape cosmetico\u00a0<\/strong>si ottiene dai semi della pianta della senape, appartenente alla famiglia delle Brassicaceae. Proviene principalmente da Germania, Austria e Francia continentale. La distillazione dei semi \u00e8 il processo di produzione pi\u00f9 utilizzato.<\/p>\n<p>Questo rimedio \u00e8 vecchio di secoli. Questo\u00a0<strong>olio vegetale\u00a0<\/strong>\u00e8 molto popolare in India e in Nord Africa per i suoi effetti benefici sulla cura dei capelli. Ma anche per la sua azione anti-invecchiamento dovuta ai suoi componenti isotiocianati.<\/p>\n<p>\u00c8 vero che, quando la si incontra per la prima volta, si potrebbe non apprezzare il suo profumo un po'... pronunciato. Certo, trattandosi di senape, ci si aspetta che abbia un odore molto caratteristico. Ma una volta mescolato con altri oli, non preoccupatevi, svanisce!<\/p>\n<h2><strong>Olio di senape per capelli: il vostro nuovo segreto di bellezza!\u00a0<\/strong><\/h2>\n<p>Ricco di acidi grassi essenziali,\u00a0<strong>olio di senape vegetale<\/strong>\u00a0nutre la fibra capillare per dare ai capelli secchi l'idratazione di cui hanno bisogno. Ha anche molte altre propriet\u00e0, di cui vi parliamo subito!<\/p>\n<ul>\n<li>Grazie all'acido erucico e all'isotiocianato di allile in esso contenuti, stimola la circolazione sanguigna del cuoio capelluto. Di conseguenza, ha il potere di accelerare la crescita dei capelli; ;<\/li>\n<li>\u00c8 particolarmente indicato per i capelli fini, fragili e secchi, e svolge un'azione inguainante e rinforzante sulle lunghezze. .<\/li>\n<li>\u00c8 anche\u00a0<strong>antiforfora<\/strong>\u00a0e pu\u00f2 essere utilizzato per massaggi o frizioni, o come parte di un regime regolare per i capelli; ;<\/li>\n<li>Tuttavia, si raccomanda di miscelare\u00a0<strong>olio di senape<\/strong>\u00a0con altri oli prima di applicarli sul cuoio capelluto e usare con parsimonia. Per esempio\u00a0<strong>olio di broccoli<\/strong>, di\u00a0<a href=\"https:\/\/www.safinel.fr\/it\/prodotto\/olio-di-carapato\/\"><strong>carapato<\/strong><\/a>\u00a0o anche\u00a0<a href=\"https:\/\/www.safinel.fr\/it\/prodotto\/olio-di-lino-per-capelli\/\"><strong>biancheria<\/strong><\/a>.<\/li>\n<\/ul>\n<h3><strong>Come posso beneficiare delle propriet\u00e0 dell'olio di senape? \u00a0<\/strong><\/h3>\n<p>Per approfittare di tutti i suoi vantaggi, niente di pi\u00f9 semplice!<\/p>\n<p>Il nostro prezioso\u00a0<strong>elisir<\/strong>\u00a0La senape contiene betacaroteni, zinco, acidi grassi omega-3, vitamine A ed E e acidit\u00e0. Cosa la rende un prodotto efficace<strong>\u00a0per la crescita dei capelli.\u00a0<\/strong>I suoi benefici includono la prevenzione della caduta dei capelli e la stimolazione della loro crescita.<\/p>\n<p>Alcune sinergie includono l'uso di oli di cedro, lavanda, pompelmo, palmarosa e patchouli per la crescita dei capelli.<\/p>\n<p>Infatti, per beneficiare di un trattamento per la crescita dei capelli, \u00e8 necessario :<\/p>\n<h3><strong>Ingredienti:<\/strong><\/h3>\n<ul>\n<li>2 cucchiaini di olio di senape puro,<\/li>\n<li>1 cucchiaino\u00a0<strong>jojoba<\/strong>,<\/li>\n<li>1 cucchiaino di olio di avocado,<\/li>\n<li>5 gocce di olio essenziale di pompelmo e altrettante di olio essenziale di Cedro del Libano.<\/li>\n<\/ul>\n<p>Applicare quindi la miscela sui capelli e sul cuoio capelluto e lasciare in posa per venti minuti prima dello shampoo.<\/p>","protected":false},"excerpt":{"rendered":"<p><img decoding=\"async\" class=\"size-full wp-image-5091 aligncenter\" src=\"https:\/\/www.safinel.fr\/wp-content\/uploads\/2021\/06\/BANNIERE-ICONE-SAFINEL.webp\" alt=\"riassicurazione satine\" width=\"800\" height=\"200\" srcset=\"https:\/\/www.safinel.fr\/wp-content\/uploads\/2021\/06\/BANNIERE-ICONE-SAFINEL.webp 800w, https:\/\/www.safinel.fr\/wp-content\/uploads\/2021\/06\/BANNIERE-ICONE-SAFINEL-600x150.webp 600w, https:\/\/www.safinel.fr\/wp-content\/uploads\/2021\/06\/BANNIERE-ICONE-SAFINEL-768x192.webp 768w\" sizes=\"(max-width: 800px) 100vw, 800px\" \/><\/p>","protected":false},"featured_media":5929,"template":"","meta":[],"product_brand":[],"product_cat":[122],"product_tag":[],"class_list":{"0":"post-5928","1":"product","2":"type-product","3":"status-publish","4":"has-post-thumbnail","6":"product_cat-huile-vegetale","8":"first","9":"instock","10":"shipping-taxable","11":"purchasable","12":"product-type-simple"},"yoast_head":"<!-- This site is optimized with the Yoast SEO plugin v26.6 - https:\/\/yoast.com\/wordpress\/plugins\/seo\/ -->\n<title>Huile de moutarde I Huile naturelle aux bienfaits nombreux<\/title>\n<meta name=\"description\" content=\"L&#039;huile de moutarde offre de nombreux avantages pour la sant\u00e9 et la beaut\u00e9. D\u00e9couvrez comment l&#039;incorporer dans votre routine quotidienne.\" \/>\n<meta name=\"robots\" content=\"index, follow, max-snippet:-1, max-image-preview:large, max-video-preview:-1\" \/>\n<link rel=\"canonical\" href=\"https:\/\/www.safinel.fr\/it\/prodotto\/olio-di-senape\/\" \/>\n<meta property=\"og:locale\" content=\"it_IT\" \/>\n<meta property=\"og:type\" content=\"article\" \/>\n<meta property=\"og:title\" content=\"Huile de moutarde I Huile naturelle aux bienfaits nombreux\" \/>\n<meta property=\"og:description\" content=\"L&#039;huile de moutarde offre de nombreux avantages pour la sant\u00e9 et la beaut\u00e9. D\u00e9couvrez comment l&#039;incorporer dans votre routine quotidienne.\" \/>\n<meta property=\"og:url\" content=\"https:\/\/www.safinel.fr\/it\/prodotto\/olio-di-senape\/\" \/>\n<meta property=\"og:site_name\" content=\"Safinel\" \/>\n<meta property=\"article:modified_time\" content=\"2023-12-28T17:15:58+00:00\" \/>\n<meta property=\"og:image\" content=\"https:\/\/www.safinel.fr\/wp-content\/uploads\/2023\/05\/huile-de-moutarde-1.jpg.webp\" \/>\n\t<meta property=\"og:image:width\" content=\"600\" \/>\n\t<meta property=\"og:image:height\" content=\"600\" \/>\n\t<meta property=\"og:image:type\" content=\"image\/webp\" \/>\n<meta name=\"twitter:card\" content=\"summary_large_image\" \/>\n<meta name=\"twitter:label1\" content=\"Tempo di lettura stimato\" \/>\n\t<meta name=\"twitter:data1\" content=\"3 minuti\" \/>\n<script type=\"application\/ld+json\" class=\"yoast-schema-graph\">{\"@context\":\"https:\/\/schema.org\",\"@graph\":[{\"@type\":\"WebPage\",\"@id\":\"https:\/\/www.safinel.fr\/produit\/huile-de-moutarde\/\",\"url\":\"https:\/\/www.safinel.fr\/produit\/huile-de-moutarde\/\",\"name\":\"Huile de moutarde I Huile naturelle aux bienfaits nombreux\",\"isPartOf\":{\"@id\":\"https:\/\/www.safinel.fr\/#website\"},\"primaryImageOfPage\":{\"@id\":\"https:\/\/www.safinel.fr\/produit\/huile-de-moutarde\/#primaryimage\"},\"image\":{\"@id\":\"https:\/\/www.safinel.fr\/produit\/huile-de-moutarde\/#primaryimage\"},\"thumbnailUrl\":\"https:\/\/www.safinel.fr\/wp-content\/uploads\/2023\/05\/huile-de-moutarde-1.jpg.webp\",\"datePublished\":\"2023-05-11T20:44:52+00:00\",\"dateModified\":\"2023-12-28T17:15:58+00:00\",\"description\":\"L'huile de moutarde offre de nombreux avantages pour la sant\u00e9 et la beaut\u00e9. D\u00e9couvrez comment l'incorporer dans votre routine quotidienne.\",\"breadcrumb\":{\"@id\":\"https:\/\/www.safinel.fr\/produit\/huile-de-moutarde\/#breadcrumb\"},\"inLanguage\":\"it-IT\",\"potentialAction\":[{\"@type\":\"ReadAction\",\"target\":[\"https:\/\/www.safinel.fr\/produit\/huile-de-moutarde\/\"]}]},{\"@type\":\"ImageObject\",\"inLanguage\":\"it-IT\",\"@id\":\"https:\/\/www.safinel.fr\/produit\/huile-de-moutarde\/#primaryimage\",\"url\":\"https:\/\/www.safinel.fr\/wp-content\/uploads\/2023\/05\/huile-de-moutarde-1.jpg.webp\",\"contentUrl\":\"https:\/\/www.safinel.fr\/wp-content\/uploads\/2023\/05\/huile-de-moutarde-1.jpg.webp\",\"width\":600,\"height\":600,\"caption\":\"Huile de moutarde 50ml\"},{\"@type\":\"BreadcrumbList\",\"@id\":\"https:\/\/www.safinel.fr\/produit\/huile-de-moutarde\/#breadcrumb\",\"itemListElement\":[{\"@type\":\"ListItem\",\"position\":1,\"name\":\"Accueil\",\"item\":\"https:\/\/www.safinel.fr\/\"},{\"@type\":\"ListItem\",\"position\":2,\"name\":\"Boutique\",\"item\":\"https:\/\/www.safinel.fr\/boutique\/\"},{\"@type\":\"ListItem\",\"position\":3,\"name\":\"Huile de moutarde 50ml\"}]},{\"@type\":\"WebSite\",\"@id\":\"https:\/\/www.safinel.fr\/#website\",\"url\":\"https:\/\/www.safinel.fr\/\",\"name\":\"Safinel\",\"description\":\"\",\"publisher\":{\"@id\":\"https:\/\/www.safinel.fr\/#organization\"},\"potentialAction\":[{\"@type\":\"SearchAction\",\"target\":{\"@type\":\"EntryPoint\",\"urlTemplate\":\"https:\/\/www.safinel.fr\/?s={search_term_string}\"},\"query-input\":{\"@type\":\"PropertyValueSpecification\",\"valueRequired\":true,\"valueName\":\"search_term_string\"}}],\"inLanguage\":\"it-IT\"},{\"@type\":\"Organization\",\"@id\":\"https:\/\/www.safinel.fr\/#organization\",\"name\":\"Safinel\",\"url\":\"https:\/\/www.safinel.fr\/\",\"logo\":{\"@type\":\"ImageObject\",\"inLanguage\":\"it-IT\",\"@id\":\"https:\/\/www.safinel.fr\/#\/schema\/logo\/image\/\",\"url\":\"https:\/\/www.safinel.fr\/wp-content\/uploads\/2021\/05\/boutique-cosmetique.png\",\"contentUrl\":\"https:\/\/www.safinel.fr\/wp-content\/uploads\/2021\/05\/boutique-cosmetique.png\",\"width\":800,\"height\":200,\"caption\":\"Safinel\"},\"image\":{\"@id\":\"https:\/\/www.safinel.fr\/#\/schema\/logo\/image\/\"}}]}<\/script>\n<!-- \/ Yoast SEO plugin. -->","yoast_head_json":{"title":"Olio di senape I Olio naturale dai numerosi benefici","description":"L'olio di senape offre numerosi benefici per la salute e la bellezza. Scoprite come integrarlo nella vostra routine quotidiana.","robots":{"index":"index","follow":"follow","max-snippet":"max-snippet:-1","max-image-preview":"max-image-preview:large","max-video-preview":"max-video-preview:-1"},"canonical":"https:\/\/www.safinel.fr\/it\/prodotto\/olio-di-senape\/","og_locale":"it_IT","og_type":"article","og_title":"Huile de moutarde I Huile naturelle aux bienfaits nombreux","og_description":"L'huile de moutarde offre de nombreux avantages pour la sant\u00e9 et la beaut\u00e9. D\u00e9couvrez comment l'incorporer dans votre routine quotidienne.","og_url":"https:\/\/www.safinel.fr\/it\/prodotto\/olio-di-senape\/","og_site_name":"Safinel","article_modified_time":"2023-12-28T17:15:58+00:00","og_image":[{"width":600,"height":600,"url":"https:\/\/www.safinel.fr\/wp-content\/uploads\/2023\/05\/huile-de-moutarde-1.jpg.webp","type":"image\/webp"}],"twitter_card":"summary_large_image","twitter_misc":{"Tempo di lettura stimato":"3 minuti"},"schema":{"@context":"https:\/\/schema.org","@graph":[{"@type":"WebPage","@id":"https:\/\/www.safinel.fr\/produit\/huile-de-moutarde\/","url":"https:\/\/www.safinel.fr\/produit\/huile-de-moutarde\/","name":"Olio di senape I Olio naturale dai numerosi benefici","isPartOf":{"@id":"https:\/\/www.safinel.fr\/#website"},"primaryImageOfPage":{"@id":"https:\/\/www.safinel.fr\/produit\/huile-de-moutarde\/#primaryimage"},"image":{"@id":"https:\/\/www.safinel.fr\/produit\/huile-de-moutarde\/#primaryimage"},"thumbnailUrl":"https:\/\/www.safinel.fr\/wp-content\/uploads\/2023\/05\/huile-de-moutarde-1.jpg.webp","datePublished":"2023-05-11T20:44:52+00:00","dateModified":"2023-12-28T17:15:58+00:00","description":"L'olio di senape offre numerosi benefici per la salute e la bellezza. Scoprite come integrarlo nella vostra routine quotidiana.","breadcrumb":{"@id":"https:\/\/www.safinel.fr\/produit\/huile-de-moutarde\/#breadcrumb"},"inLanguage":"it-IT","potentialAction":[{"@type":"ReadAction","target":["https:\/\/www.safinel.fr\/produit\/huile-de-moutarde\/"]}]},{"@type":"ImageObject","inLanguage":"it-IT","@id":"https:\/\/www.safinel.fr\/produit\/huile-de-moutarde\/#primaryimage","url":"https:\/\/www.safinel.fr\/wp-content\/uploads\/2023\/05\/huile-de-moutarde-1.jpg.webp","contentUrl":"https:\/\/www.safinel.fr\/wp-content\/uploads\/2023\/05\/huile-de-moutarde-1.jpg.webp","width":600,"height":600,"caption":"Huile de moutarde 50ml"},{"@type":"BreadcrumbList","@id":"https:\/\/www.safinel.fr\/produit\/huile-de-moutarde\/#breadcrumb","itemListElement":[{"@type":"ListItem","position":1,"name":"Accueil","item":"https:\/\/www.safinel.fr\/"},{"@type":"ListItem","position":2,"name":"Boutique","item":"https:\/\/www.safinel.fr\/boutique\/"},{"@type":"ListItem","position":3,"name":"Huile de moutarde 50ml"}]},{"@type":"WebSite","@id":"https:\/\/www.safinel.fr\/#website","url":"https:\/\/www.safinel.fr\/","name":"Safinel","description":"","publisher":{"@id":"https:\/\/www.safinel.fr\/#organization"},"potentialAction":[{"@type":"SearchAction","target":{"@type":"EntryPoint","urlTemplate":"https:\/\/www.safinel.fr\/?s={search_term_string}"},"query-input":{"@type":"PropertyValueSpecification","valueRequired":true,"valueName":"search_term_string"}}],"inLanguage":"it-IT"},{"@type":"Organization","@id":"https:\/\/www.safinel.fr\/#organization","name":"Safinel","url":"https:\/\/www.safinel.fr\/","logo":{"@type":"ImageObject","inLanguage":"it-IT","@id":"https:\/\/www.safinel.fr\/#\/schema\/logo\/image\/","url":"https:\/\/www.safinel.fr\/wp-content\/uploads\/2021\/05\/boutique-cosmetique.png","contentUrl":"https:\/\/www.safinel.fr\/wp-content\/uploads\/2021\/05\/boutique-cosmetique.png","width":800,"height":200,"caption":"Safinel"},"image":{"@id":"https:\/\/www.safinel.fr\/#\/schema\/logo\/image\/"}}]}},"_links":{"self":[{"href":"https:\/\/www.safinel.fr\/it\/wp-json\/wp\/v2\/product\/5928","targetHints":{"allow":["GET"]}}],"collection":[{"href":"https:\/\/www.safinel.fr\/it\/wp-json\/wp\/v2\/product"}],"about":[{"href":"https:\/\/www.safinel.fr\/it\/wp-json\/wp\/v2\/types\/product"}],"wp:featuredmedia":[{"embeddable":true,"href":"https:\/\/www.safinel.fr\/it\/wp-json\/wp\/v2\/media\/5929"}],"wp:attachment":[{"href":"https:\/\/www.safinel.fr\/it\/wp-json\/wp\/v2\/media?parent=5928"}],"wp:term":[{"taxonomy":"product_brand","embeddable":true,"href":"https:\/\/www.safinel.fr\/it\/wp-json\/wp\/v2\/product_brand?post=5928"},{"taxonomy":"product_cat","embeddable":true,"href":"https:\/\/www.safinel.fr\/it\/wp-json\/wp\/v2\/product_cat?post=5928"},{"taxonomy":"product_tag","embeddable":true,"href":"https:\/\/www.safinel.fr\/it\/wp-json\/wp\/v2\/product_tag?post=5928"}],"curies":[{"name":"wp","href":"https:\/\/api.w.org\/{rel}","templated":true}]}}