{"id":5880,"date":"2023-05-09T08:31:05","date_gmt":"2023-05-09T08:31:05","guid":{"rendered":"https:\/\/www.safinel.fr\/?post_type=product&#038;p=5880"},"modified":"2025-07-27T01:19:37","modified_gmt":"2025-07-27T01:19:37","slug":"olio-di-zafferano-puro","status":"publish","type":"product","link":"https:\/\/www.safinel.fr\/it\/prodotto\/olio-di-zafferano-puro\/","title":{"rendered":"Olio di zafferano puro 30 ml"},"content":{"rendered":"<p><strong>Olio allo zafferano<\/strong>\u00a0\u00e8 una vera e propria innovazione ancora poco conosciuta. Eppure questa\u00a0<strong>spezia<\/strong>\u00a0non \u00e8 una novit\u00e0. E questo \u00e8 un eufemismo! Scoprite Vertus D'Orient, un prodotto dai molteplici usi e dai benefici sorprendenti!<\/p>\n<h2><strong>Olio di zafferano: oro rosso in forma liquida<\/strong><\/h2>\n<p>\u00c8 soprannominato \"oro rosso\" per la sua rarit\u00e0 e il suo prezzo di quasi 40.000 euro! Lo zafferano \u00e8 utilizzato fin dall'antichit\u00e0. E oggi il Marocco \u00e8 uno dei Paesi che lo utilizza pi\u00f9 regolarmente!<\/p>\n<p>Per queste e altre ragioni, abbiamo selezionato\u00a0<strong>30 ml di olio di zafferano biologico del Marocco<\/strong>. Questo olio vegetale viene estratto meccanicamente.\u00a0<strong>Non vengono utilizzati solventi o conservanti<\/strong>\u00a0!<\/p>\n<h2><strong>Tutti i benefici dell'olio di zafferano puro<\/strong><\/h2>\n<p>Questo\u00a0<strong>spezie orientali<\/strong>, Non \u00e8 solo il prezzo a sorprenderci! Per questi motivi, ecco alcune virt\u00f9 derivanti dal famoso olio di zafferano biologico:<\/p>\n<ul>\n<li>\u00a0\u00a0\u00a0\u00a0Utile per i dolori articolari e muscolari; ;<\/li>\n<li>\u00a0\u00a0\u00a0\u00a0\u00c8 nota per le sue propriet\u00e0 lenitive e calmanti; ;<\/li>\n<li>\u00a0\u00a0\u00a0\u00a0L'olio di zafferano contiene antiossidanti, utili contro l'invecchiamento della pelle; ;<\/li>\n<li>\u00a0\u00a0\u00a0\u00a0\u00c8 nota per i suoi effetti afrodisiaci e stimolanti, soprattutto negli uomini; ;<\/li>\n<li>\u00a0\u00a0\u00a0\u00a0Permette di\u00a0<a href=\"https:\/\/www.safinel.fr\/it\/prodotto\/djeka-lascia\/\" rel=\"noreferrer noopener\"><strong>Lenisce i dolori mestruali<\/strong><\/a>\u00a0;<\/li>\n<li>\u00a0\u00a0\u00a0\u00a0Rende la pelle pi\u00f9 morbida e il colorito pi\u00f9 uniforme; ;<\/li>\n<li>\u00a0\u00a0\u00a0\u00a0Infine, aiuta i capelli a ritrovare tono e vitalit\u00e0.<\/li>\n<\/ul>\n<h2><strong>Possibili usi dell'olio di zafferano<\/strong><\/h2>\n<p>Il vostro nuovo cosmetico \u00e8 anche un\u00a0<strong>integratore alimentare naturale\u00a0<\/strong>di scelta!<\/p>\n<h3><strong>Internamente<\/strong><\/h3>\n<p>Questo\u00a0<strong>olio allo zafferano<\/strong>\u00a0pu\u00f2 essere utilizzato in cucina, per condire i piatti. Per utilizzarlo come rimedio terapeutico, si consiglia di verificare il dosaggio esatto con un professionista della salute.<\/p>\n<h3><strong>Esterno<\/strong><\/h3>\n<p><strong>Questo prezioso elisir pu\u00f2 essere utilizzato in vari modi:<\/strong><\/p>\n<ul>\n<li><strong>Per i capelli :<\/strong>\u00a0come bagno d'olio<\/li>\n<li><strong>Sulla pelle :<\/strong>\u00a0da aggiungere ad altri oli vegetali o a cosmetici fatti in casa. Pu\u00f2 anche essere usato puro, direttamente sulla zona da trattare.<\/li>\n<li><strong>Nella vasca da bagno :\u00a0<\/strong>La fragranza di questo super ingrediente promette un momento di relax. Conservazione Questo olio di zafferano \u00e8 sensibile all'ossidazione. Tenere al riparo dalla luce e dall'umidit\u00e0.<\/li>\n<\/ul>\n<h3><strong>Precauzioni da prendere con l'olio di zafferano puro<\/strong><\/h3>\n<p>Assicurarsi di seguire le istruzioni per l'uso e il dosaggio riportate sulla confezione. Non \u00e8 raccomandato per i bambini, le donne in gravidanza o in fase di allattamento. Consultare il proprio medico prima di assumere qualsiasi integratore alimentare. E per qualsiasi domanda di carattere medico. Lo zafferano in tutte le sue forme!<\/p>\n<p>Infine, per chi ama lo zafferano o vuole scoprirlo in modo diverso, ecco qualcosa per voi: -.<\/p>\n<ul>\n<li><strong>Sapone naturale allo zafferano\u00a0<\/strong>Un cosmetico multifunzionale che pu\u00f2 essere utilizzato per il viso, il corpo e i capelli!<\/li>\n<li><strong>Zafferano naturale 1 g\u00a0<\/strong>Stigmi di alta qualit\u00e0 per condire tutti i vostri piatti!<\/li>\n<\/ul>","protected":false},"excerpt":{"rendered":"<p><strong>*Foto non contrattuale.<\/strong><\/p>\n<p><img decoding=\"async\" class=\"size-full wp-image-5091 aligncenter\" src=\"https:\/\/www.safinel.fr\/wp-content\/uploads\/2021\/06\/BANNIERE-ICONE-SAFINEL.webp\" alt=\"riassicurazione satine\" width=\"800\" height=\"200\" srcset=\"https:\/\/www.safinel.fr\/wp-content\/uploads\/2021\/06\/BANNIERE-ICONE-SAFINEL.webp 800w, https:\/\/www.safinel.fr\/wp-content\/uploads\/2021\/06\/BANNIERE-ICONE-SAFINEL-600x150.webp 600w, https:\/\/www.safinel.fr\/wp-content\/uploads\/2021\/06\/BANNIERE-ICONE-SAFINEL-768x192.webp 768w\" sizes=\"(max-width: 800px) 100vw, 800px\" \/><\/p>","protected":false},"featured_media":5881,"template":"","meta":[],"product_brand":[],"product_cat":[146,122],"product_tag":[],"class_list":{"0":"post-5880","1":"product","2":"type-product","3":"status-publish","4":"has-post-thumbnail","6":"product_cat-produit-cheveux","7":"product_cat-huile-vegetale","9":"first","10":"instock","11":"shipping-taxable","12":"purchasable","13":"product-type-simple"},"yoast_head":"<!-- This site is optimized with the Yoast SEO plugin v26.6 - https:\/\/yoast.com\/wordpress\/plugins\/seo\/ -->\n<title>Huile de Safran I Un tr\u00e9sor pur aux multiples vertus<\/title>\n<meta name=\"description\" content=\"D\u00e9couvrez les bienfaits de l&#039;huile de safran, une huile pr\u00e9cieuse riche en antioxydants. Utilis\u00e9e en cuisine et en cosm\u00e9tique. Adoptez-l\u00e0 !\" \/>\n<meta name=\"robots\" content=\"index, follow, max-snippet:-1, max-image-preview:large, max-video-preview:-1\" \/>\n<link rel=\"canonical\" href=\"https:\/\/www.safinel.fr\/it\/prodotto\/olio-di-zafferano-puro\/\" \/>\n<meta property=\"og:locale\" content=\"it_IT\" \/>\n<meta property=\"og:type\" content=\"article\" \/>\n<meta property=\"og:title\" content=\"Huile de Safran I Un tr\u00e9sor pur aux multiples vertus\" \/>\n<meta property=\"og:description\" content=\"D\u00e9couvrez les bienfaits de l&#039;huile de safran, une huile pr\u00e9cieuse riche en antioxydants. Utilis\u00e9e en cuisine et en cosm\u00e9tique. Adoptez-l\u00e0 !\" \/>\n<meta property=\"og:url\" content=\"https:\/\/www.safinel.fr\/it\/prodotto\/olio-di-zafferano-puro\/\" \/>\n<meta property=\"og:site_name\" content=\"Safinel\" \/>\n<meta property=\"article:modified_time\" content=\"2025-07-27T01:19:37+00:00\" \/>\n<meta property=\"og:image\" content=\"https:\/\/www.safinel.fr\/wp-content\/uploads\/2023\/05\/huile-de-safran.jpg\" \/>\n\t<meta property=\"og:image:width\" content=\"600\" \/>\n\t<meta property=\"og:image:height\" content=\"600\" \/>\n\t<meta property=\"og:image:type\" content=\"image\/jpeg\" \/>\n<meta name=\"twitter:card\" content=\"summary_large_image\" \/>\n<meta name=\"twitter:label1\" content=\"Tempo di lettura stimato\" \/>\n\t<meta name=\"twitter:data1\" content=\"3 minuti\" \/>\n<script type=\"application\/ld+json\" class=\"yoast-schema-graph\">{\"@context\":\"https:\/\/schema.org\",\"@graph\":[{\"@type\":\"WebPage\",\"@id\":\"https:\/\/www.safinel.fr\/produit\/huile-de-safran-pur\/\",\"url\":\"https:\/\/www.safinel.fr\/produit\/huile-de-safran-pur\/\",\"name\":\"Huile de Safran I Un tr\u00e9sor pur aux multiples vertus\",\"isPartOf\":{\"@id\":\"https:\/\/www.safinel.fr\/#website\"},\"primaryImageOfPage\":{\"@id\":\"https:\/\/www.safinel.fr\/produit\/huile-de-safran-pur\/#primaryimage\"},\"image\":{\"@id\":\"https:\/\/www.safinel.fr\/produit\/huile-de-safran-pur\/#primaryimage\"},\"thumbnailUrl\":\"https:\/\/www.safinel.fr\/wp-content\/uploads\/2023\/05\/huile-de-safran.jpg\",\"datePublished\":\"2023-05-09T08:31:05+00:00\",\"dateModified\":\"2025-07-27T01:19:37+00:00\",\"description\":\"D\u00e9couvrez les bienfaits de l'huile de safran, une huile pr\u00e9cieuse riche en antioxydants. Utilis\u00e9e en cuisine et en cosm\u00e9tique. Adoptez-l\u00e0 !\",\"breadcrumb\":{\"@id\":\"https:\/\/www.safinel.fr\/produit\/huile-de-safran-pur\/#breadcrumb\"},\"inLanguage\":\"it-IT\",\"potentialAction\":[{\"@type\":\"ReadAction\",\"target\":[\"https:\/\/www.safinel.fr\/produit\/huile-de-safran-pur\/\"]}]},{\"@type\":\"ImageObject\",\"inLanguage\":\"it-IT\",\"@id\":\"https:\/\/www.safinel.fr\/produit\/huile-de-safran-pur\/#primaryimage\",\"url\":\"https:\/\/www.safinel.fr\/wp-content\/uploads\/2023\/05\/huile-de-safran.jpg\",\"contentUrl\":\"https:\/\/www.safinel.fr\/wp-content\/uploads\/2023\/05\/huile-de-safran.jpg\",\"width\":600,\"height\":600,\"caption\":\"Huile de safran pur 30 ml\"},{\"@type\":\"BreadcrumbList\",\"@id\":\"https:\/\/www.safinel.fr\/produit\/huile-de-safran-pur\/#breadcrumb\",\"itemListElement\":[{\"@type\":\"ListItem\",\"position\":1,\"name\":\"Accueil\",\"item\":\"https:\/\/www.safinel.fr\/\"},{\"@type\":\"ListItem\",\"position\":2,\"name\":\"Boutique\",\"item\":\"https:\/\/www.safinel.fr\/boutique\/\"},{\"@type\":\"ListItem\",\"position\":3,\"name\":\"Huile de safran pur 30 ml\"}]},{\"@type\":\"WebSite\",\"@id\":\"https:\/\/www.safinel.fr\/#website\",\"url\":\"https:\/\/www.safinel.fr\/\",\"name\":\"Safinel\",\"description\":\"\",\"publisher\":{\"@id\":\"https:\/\/www.safinel.fr\/#organization\"},\"potentialAction\":[{\"@type\":\"SearchAction\",\"target\":{\"@type\":\"EntryPoint\",\"urlTemplate\":\"https:\/\/www.safinel.fr\/?s={search_term_string}\"},\"query-input\":{\"@type\":\"PropertyValueSpecification\",\"valueRequired\":true,\"valueName\":\"search_term_string\"}}],\"inLanguage\":\"it-IT\"},{\"@type\":\"Organization\",\"@id\":\"https:\/\/www.safinel.fr\/#organization\",\"name\":\"Safinel\",\"url\":\"https:\/\/www.safinel.fr\/\",\"logo\":{\"@type\":\"ImageObject\",\"inLanguage\":\"it-IT\",\"@id\":\"https:\/\/www.safinel.fr\/#\/schema\/logo\/image\/\",\"url\":\"https:\/\/www.safinel.fr\/wp-content\/uploads\/2021\/05\/boutique-cosmetique.png\",\"contentUrl\":\"https:\/\/www.safinel.fr\/wp-content\/uploads\/2021\/05\/boutique-cosmetique.png\",\"width\":800,\"height\":200,\"caption\":\"Safinel\"},\"image\":{\"@id\":\"https:\/\/www.safinel.fr\/#\/schema\/logo\/image\/\"}}]}<\/script>\n<!-- \/ Yoast SEO plugin. -->","yoast_head_json":{"title":"Olio di zafferano I Un tesoro puro dalle mille virt\u00f9","description":"Scoprite i benefici dell'olio di zafferano, un olio prezioso ricco di antiossidanti. Utilizzato in cucina e in cosmetica. Adottatelo!","robots":{"index":"index","follow":"follow","max-snippet":"max-snippet:-1","max-image-preview":"max-image-preview:large","max-video-preview":"max-video-preview:-1"},"canonical":"https:\/\/www.safinel.fr\/it\/prodotto\/olio-di-zafferano-puro\/","og_locale":"it_IT","og_type":"article","og_title":"Huile de Safran I Un tr\u00e9sor pur aux multiples vertus","og_description":"D\u00e9couvrez les bienfaits de l'huile de safran, une huile pr\u00e9cieuse riche en antioxydants. Utilis\u00e9e en cuisine et en cosm\u00e9tique. Adoptez-l\u00e0 !","og_url":"https:\/\/www.safinel.fr\/it\/prodotto\/olio-di-zafferano-puro\/","og_site_name":"Safinel","article_modified_time":"2025-07-27T01:19:37+00:00","og_image":[{"width":600,"height":600,"url":"https:\/\/www.safinel.fr\/wp-content\/uploads\/2023\/05\/huile-de-safran.jpg","type":"image\/jpeg"}],"twitter_card":"summary_large_image","twitter_misc":{"Tempo di lettura stimato":"3 minuti"},"schema":{"@context":"https:\/\/schema.org","@graph":[{"@type":"WebPage","@id":"https:\/\/www.safinel.fr\/produit\/huile-de-safran-pur\/","url":"https:\/\/www.safinel.fr\/produit\/huile-de-safran-pur\/","name":"Olio di zafferano I Un tesoro puro dalle mille virt\u00f9","isPartOf":{"@id":"https:\/\/www.safinel.fr\/#website"},"primaryImageOfPage":{"@id":"https:\/\/www.safinel.fr\/produit\/huile-de-safran-pur\/#primaryimage"},"image":{"@id":"https:\/\/www.safinel.fr\/produit\/huile-de-safran-pur\/#primaryimage"},"thumbnailUrl":"https:\/\/www.safinel.fr\/wp-content\/uploads\/2023\/05\/huile-de-safran.jpg","datePublished":"2023-05-09T08:31:05+00:00","dateModified":"2025-07-27T01:19:37+00:00","description":"Scoprite i benefici dell'olio di zafferano, un olio prezioso ricco di antiossidanti. Utilizzato in cucina e in cosmetica. Adottatelo!","breadcrumb":{"@id":"https:\/\/www.safinel.fr\/produit\/huile-de-safran-pur\/#breadcrumb"},"inLanguage":"it-IT","potentialAction":[{"@type":"ReadAction","target":["https:\/\/www.safinel.fr\/produit\/huile-de-safran-pur\/"]}]},{"@type":"ImageObject","inLanguage":"it-IT","@id":"https:\/\/www.safinel.fr\/produit\/huile-de-safran-pur\/#primaryimage","url":"https:\/\/www.safinel.fr\/wp-content\/uploads\/2023\/05\/huile-de-safran.jpg","contentUrl":"https:\/\/www.safinel.fr\/wp-content\/uploads\/2023\/05\/huile-de-safran.jpg","width":600,"height":600,"caption":"Huile de safran pur 30 ml"},{"@type":"BreadcrumbList","@id":"https:\/\/www.safinel.fr\/produit\/huile-de-safran-pur\/#breadcrumb","itemListElement":[{"@type":"ListItem","position":1,"name":"Accueil","item":"https:\/\/www.safinel.fr\/"},{"@type":"ListItem","position":2,"name":"Boutique","item":"https:\/\/www.safinel.fr\/boutique\/"},{"@type":"ListItem","position":3,"name":"Huile de safran pur 30 ml"}]},{"@type":"WebSite","@id":"https:\/\/www.safinel.fr\/#website","url":"https:\/\/www.safinel.fr\/","name":"Safinel","description":"","publisher":{"@id":"https:\/\/www.safinel.fr\/#organization"},"potentialAction":[{"@type":"SearchAction","target":{"@type":"EntryPoint","urlTemplate":"https:\/\/www.safinel.fr\/?s={search_term_string}"},"query-input":{"@type":"PropertyValueSpecification","valueRequired":true,"valueName":"search_term_string"}}],"inLanguage":"it-IT"},{"@type":"Organization","@id":"https:\/\/www.safinel.fr\/#organization","name":"Safinel","url":"https:\/\/www.safinel.fr\/","logo":{"@type":"ImageObject","inLanguage":"it-IT","@id":"https:\/\/www.safinel.fr\/#\/schema\/logo\/image\/","url":"https:\/\/www.safinel.fr\/wp-content\/uploads\/2021\/05\/boutique-cosmetique.png","contentUrl":"https:\/\/www.safinel.fr\/wp-content\/uploads\/2021\/05\/boutique-cosmetique.png","width":800,"height":200,"caption":"Safinel"},"image":{"@id":"https:\/\/www.safinel.fr\/#\/schema\/logo\/image\/"}}]}},"_links":{"self":[{"href":"https:\/\/www.safinel.fr\/it\/wp-json\/wp\/v2\/product\/5880","targetHints":{"allow":["GET"]}}],"collection":[{"href":"https:\/\/www.safinel.fr\/it\/wp-json\/wp\/v2\/product"}],"about":[{"href":"https:\/\/www.safinel.fr\/it\/wp-json\/wp\/v2\/types\/product"}],"wp:featuredmedia":[{"embeddable":true,"href":"https:\/\/www.safinel.fr\/it\/wp-json\/wp\/v2\/media\/5881"}],"wp:attachment":[{"href":"https:\/\/www.safinel.fr\/it\/wp-json\/wp\/v2\/media?parent=5880"}],"wp:term":[{"taxonomy":"product_brand","embeddable":true,"href":"https:\/\/www.safinel.fr\/it\/wp-json\/wp\/v2\/product_brand?post=5880"},{"taxonomy":"product_cat","embeddable":true,"href":"https:\/\/www.safinel.fr\/it\/wp-json\/wp\/v2\/product_cat?post=5880"},{"taxonomy":"product_tag","embeddable":true,"href":"https:\/\/www.safinel.fr\/it\/wp-json\/wp\/v2\/product_tag?post=5880"}],"curies":[{"name":"wp","href":"https:\/\/api.w.org\/{rel}","templated":true}]}}