{"id":5556,"date":"2023-04-18T12:07:24","date_gmt":"2023-04-18T12:07:24","guid":{"rendered":"https:\/\/www.safinel.fr\/?post_type=product&#038;p=5556"},"modified":"2025-11-06T10:36:19","modified_gmt":"2025-11-06T10:36:19","slug":"shampoo-chebe","status":"publish","type":"product","link":"https:\/\/www.safinel.fr\/it\/prodotto\/shampoo-chebe\/","title":{"rendered":"Shampoo all'albero del t\u00e8 200g"},"content":{"rendered":"<p>Il segreto delle donne del Ciad \u00e8 stato finalmente svelato, per la gioia dei nostri capelli! Il\u00a0<strong>shampoo chebe\u00a0<\/strong>sta facendo la sua comparsa nei nostri bagni, pronto a offrirci tutti i suoi benefici.<\/p>\n<p>Safinel vi avverte: non potrete pi\u00f9 farne a meno!<\/p>\n<h2><strong>Shampoo per capelli: l'essenziale per una chioma curata \u00a0<\/strong><\/h2>\n<p>Lo shampoo con il ch\u00e9b\u00e9 \u00e8 un\u00a0<strong>prodotto per capelli<\/strong>\u00a0che sta guadagnando popolarit\u00e0 grazie ai suoi numerosi benefici per i capelli. Prende il nome dall'ingrediente principale, il ch\u00e9b\u00e9. Si tratta di una polvere tradizionale utilizzata da generazioni dalle donne del Ciad per promuovere la crescita e la salute dei capelli.<\/p>\n<p>Questo prodotto \u00e8 disponibile nel nostro negozio online nei seguenti formati\u00a0<strong>olio<\/strong>, di\u00a0<strong>polvere<\/strong>\u00a0ma anche nel\u00a0<strong><a href=\"https:\/\/www.safinel.fr\/it\/prodotto\/confezione-chebe\/\">confezione per bambini<\/a>.\u00a0<\/strong><\/p>\n<h2><strong>I benefici dello shampoo con ch\u00e9b\u00e9\u00a0<\/strong><\/h2>\n<p>Questo\u00a0<strong>shampoo naturale\u00a0<\/strong>\u00e8 formulato con ingredienti naturali accuratamente selezionati per fornire una soluzione completa per i capelli. Contiene estratti di piante, oli essenziali e altri ingredienti benefici per i capelli.<\/p>\n<p>Questi ingredienti lavorano in sinergia per detergere in profondit\u00e0 i capelli e il cuoio capelluto. Il tutto mentre idratano e nutrono.<\/p>\n<p>Uno dei principali benefici del ch\u00e9b\u00e9 \u00e8 la sua capacit\u00e0 di stimolare la crescita dei capelli.<\/p>\n<p><strong>Ma \u00e8 anche apprezzato per :<\/strong><\/p>\n<ul>\n<li>propriet\u00e0 fortificanti che aiutano a prevenire rotture e doppie punte, favorendo una crescita sana<\/li>\n<li>Contribuisce inoltre a ridurre la caduta dei capelli rafforzando i follicoli piliferi.<\/li>\n<li>Migliora la circolazione sanguigna del cuoio capelluto<\/li>\n<li>Promuove la crescita<\/li>\n<li>Aiuta a migliorare la salute dei capelli<\/li>\n<li>Nutre profondamente i capelli<\/li>\n<\/ul>\n<h3><strong>I nostri consigli per l'uso\u00a0<\/strong><\/h3>\n<p>Questo cosmetico si usa come qualsiasi altro shampoo. \u00c8 sufficiente applicare una quantit\u00e0 sufficiente sui capelli bagnati, a seconda della lunghezza.<\/p>\n<p>Quindi lavare con la punta delle dita e risciacquare accuratamente.<\/p>\n<p>Si consiglia inoltre di utilizzare la funzione\u00a0<a href=\"https:\/\/www.safinel.fr\/it\/prodotto\/maschera-chebe\/\"><strong>maschera ch\u00e9b\u00e9<\/strong><\/a>\u00a0disponibili nel nostro negozio online. Per completare la vostra routine di cura dei capelli e ottenere un risultato ancora pi\u00f9 soddisfacente.<\/p>","protected":false},"excerpt":{"rendered":"<p><img decoding=\"async\" class=\"size-full wp-image-5091 aligncenter\" src=\"https:\/\/www.safinel.fr\/wp-content\/uploads\/2021\/06\/BANNIERE-ICONE-SAFINEL.webp\" alt=\"riassicurazione satine\" width=\"800\" height=\"200\" srcset=\"https:\/\/www.safinel.fr\/wp-content\/uploads\/2021\/06\/BANNIERE-ICONE-SAFINEL.webp 800w, https:\/\/www.safinel.fr\/wp-content\/uploads\/2021\/06\/BANNIERE-ICONE-SAFINEL-600x150.webp 600w, https:\/\/www.safinel.fr\/wp-content\/uploads\/2021\/06\/BANNIERE-ICONE-SAFINEL-768x192.webp 768w\" sizes=\"(max-width: 800px) 100vw, 800px\" \/><\/p>","protected":false},"featured_media":5553,"template":"","meta":[],"product_brand":[],"product_cat":[148,146],"product_tag":[],"class_list":{"0":"post-5556","1":"product","2":"type-product","3":"status-publish","4":"has-post-thumbnail","6":"product_cat-chebe","7":"product_cat-produit-cheveux","9":"first","10":"outofstock","11":"shipping-taxable","12":"purchasable","13":"product-type-simple"},"yoast_head":"<!-- This site is optimized with the Yoast SEO plugin v26.6 - https:\/\/yoast.com\/wordpress\/plugins\/seo\/ -->\n<title>Shampoing au ch\u00e9b\u00e9 | Shampoing fortifiant | Bienfaits nombreux<\/title>\n<meta name=\"description\" content=\"Le shampoing au ch\u00e9b\u00e9 est un\u00a0produit capillaire\u00a0qui gagne en popularit\u00e9 en raison de ses nombreux bienfaits pour les cheveux.\" \/>\n<meta name=\"robots\" content=\"index, follow, max-snippet:-1, max-image-preview:large, max-video-preview:-1\" \/>\n<link rel=\"canonical\" href=\"https:\/\/www.safinel.fr\/it\/prodotto\/shampoo-chebe\/\" \/>\n<meta property=\"og:locale\" content=\"it_IT\" \/>\n<meta property=\"og:type\" content=\"article\" \/>\n<meta property=\"og:title\" content=\"Shampoing au ch\u00e9b\u00e9 | Shampoing fortifiant | Bienfaits nombreux\" \/>\n<meta property=\"og:description\" content=\"Le shampoing au ch\u00e9b\u00e9 est un\u00a0produit capillaire\u00a0qui gagne en popularit\u00e9 en raison de ses nombreux bienfaits pour les cheveux.\" \/>\n<meta property=\"og:url\" content=\"https:\/\/www.safinel.fr\/it\/prodotto\/shampoo-chebe\/\" \/>\n<meta property=\"og:site_name\" content=\"Safinel\" \/>\n<meta property=\"article:modified_time\" content=\"2025-11-06T10:36:19+00:00\" \/>\n<meta property=\"og:image\" content=\"https:\/\/www.safinel.fr\/wp-content\/uploads\/2023\/04\/shampoing-chebe.jpg\" \/>\n\t<meta property=\"og:image:width\" content=\"600\" \/>\n\t<meta property=\"og:image:height\" content=\"600\" \/>\n\t<meta property=\"og:image:type\" content=\"image\/jpeg\" \/>\n<meta name=\"twitter:card\" content=\"summary_large_image\" \/>\n<meta name=\"twitter:label1\" content=\"Tempo di lettura stimato\" \/>\n\t<meta name=\"twitter:data1\" content=\"2 minuti\" \/>\n<script type=\"application\/ld+json\" class=\"yoast-schema-graph\">{\"@context\":\"https:\/\/schema.org\",\"@graph\":[{\"@type\":\"WebPage\",\"@id\":\"https:\/\/www.safinel.fr\/produit\/shampoing-au-chebe\/\",\"url\":\"https:\/\/www.safinel.fr\/produit\/shampoing-au-chebe\/\",\"name\":\"Shampoing au ch\u00e9b\u00e9 | Shampoing fortifiant | Bienfaits nombreux\",\"isPartOf\":{\"@id\":\"https:\/\/www.safinel.fr\/#website\"},\"primaryImageOfPage\":{\"@id\":\"https:\/\/www.safinel.fr\/produit\/shampoing-au-chebe\/#primaryimage\"},\"image\":{\"@id\":\"https:\/\/www.safinel.fr\/produit\/shampoing-au-chebe\/#primaryimage\"},\"thumbnailUrl\":\"https:\/\/www.safinel.fr\/wp-content\/uploads\/2023\/04\/shampoing-chebe.jpg\",\"datePublished\":\"2023-04-18T12:07:24+00:00\",\"dateModified\":\"2025-11-06T10:36:19+00:00\",\"description\":\"Le shampoing au ch\u00e9b\u00e9 est un\u00a0produit capillaire\u00a0qui gagne en popularit\u00e9 en raison de ses nombreux bienfaits pour les cheveux.\",\"breadcrumb\":{\"@id\":\"https:\/\/www.safinel.fr\/produit\/shampoing-au-chebe\/#breadcrumb\"},\"inLanguage\":\"it-IT\",\"potentialAction\":[{\"@type\":\"ReadAction\",\"target\":[\"https:\/\/www.safinel.fr\/produit\/shampoing-au-chebe\/\"]}]},{\"@type\":\"ImageObject\",\"inLanguage\":\"it-IT\",\"@id\":\"https:\/\/www.safinel.fr\/produit\/shampoing-au-chebe\/#primaryimage\",\"url\":\"https:\/\/www.safinel.fr\/wp-content\/uploads\/2023\/04\/shampoing-chebe.jpg\",\"contentUrl\":\"https:\/\/www.safinel.fr\/wp-content\/uploads\/2023\/04\/shampoing-chebe.jpg\",\"width\":600,\"height\":600,\"caption\":\"Shampoing au ch\u00e9b\u00e9 200g\"},{\"@type\":\"BreadcrumbList\",\"@id\":\"https:\/\/www.safinel.fr\/produit\/shampoing-au-chebe\/#breadcrumb\",\"itemListElement\":[{\"@type\":\"ListItem\",\"position\":1,\"name\":\"Accueil\",\"item\":\"https:\/\/www.safinel.fr\/\"},{\"@type\":\"ListItem\",\"position\":2,\"name\":\"Boutique\",\"item\":\"https:\/\/www.safinel.fr\/boutique\/\"},{\"@type\":\"ListItem\",\"position\":3,\"name\":\"Shampoing au ch\u00e9b\u00e9 200g\"}]},{\"@type\":\"WebSite\",\"@id\":\"https:\/\/www.safinel.fr\/#website\",\"url\":\"https:\/\/www.safinel.fr\/\",\"name\":\"Safinel\",\"description\":\"\",\"publisher\":{\"@id\":\"https:\/\/www.safinel.fr\/#organization\"},\"potentialAction\":[{\"@type\":\"SearchAction\",\"target\":{\"@type\":\"EntryPoint\",\"urlTemplate\":\"https:\/\/www.safinel.fr\/?s={search_term_string}\"},\"query-input\":{\"@type\":\"PropertyValueSpecification\",\"valueRequired\":true,\"valueName\":\"search_term_string\"}}],\"inLanguage\":\"it-IT\"},{\"@type\":\"Organization\",\"@id\":\"https:\/\/www.safinel.fr\/#organization\",\"name\":\"Safinel\",\"url\":\"https:\/\/www.safinel.fr\/\",\"logo\":{\"@type\":\"ImageObject\",\"inLanguage\":\"it-IT\",\"@id\":\"https:\/\/www.safinel.fr\/#\/schema\/logo\/image\/\",\"url\":\"https:\/\/www.safinel.fr\/wp-content\/uploads\/2021\/05\/boutique-cosmetique.png\",\"contentUrl\":\"https:\/\/www.safinel.fr\/wp-content\/uploads\/2021\/05\/boutique-cosmetique.png\",\"width\":800,\"height\":200,\"caption\":\"Safinel\"},\"image\":{\"@id\":\"https:\/\/www.safinel.fr\/#\/schema\/logo\/image\/\"}}]}<\/script>\n<!-- \/ Yoast SEO plugin. -->","yoast_head_json":{"title":"Shampoo al grano | Shampoo fortificante | Numerosi benefici","description":"Lo shampoo al tea tree \u00e8 un prodotto per capelli che sta guadagnando popolarit\u00e0 grazie ai suoi numerosi benefici per i capelli.","robots":{"index":"index","follow":"follow","max-snippet":"max-snippet:-1","max-image-preview":"max-image-preview:large","max-video-preview":"max-video-preview:-1"},"canonical":"https:\/\/www.safinel.fr\/it\/prodotto\/shampoo-chebe\/","og_locale":"it_IT","og_type":"article","og_title":"Shampoing au ch\u00e9b\u00e9 | Shampoing fortifiant | Bienfaits nombreux","og_description":"Le shampoing au ch\u00e9b\u00e9 est un\u00a0produit capillaire\u00a0qui gagne en popularit\u00e9 en raison de ses nombreux bienfaits pour les cheveux.","og_url":"https:\/\/www.safinel.fr\/it\/prodotto\/shampoo-chebe\/","og_site_name":"Safinel","article_modified_time":"2025-11-06T10:36:19+00:00","og_image":[{"width":600,"height":600,"url":"https:\/\/www.safinel.fr\/wp-content\/uploads\/2023\/04\/shampoing-chebe.jpg","type":"image\/jpeg"}],"twitter_card":"summary_large_image","twitter_misc":{"Tempo di lettura stimato":"2 minuti"},"schema":{"@context":"https:\/\/schema.org","@graph":[{"@type":"WebPage","@id":"https:\/\/www.safinel.fr\/produit\/shampoing-au-chebe\/","url":"https:\/\/www.safinel.fr\/produit\/shampoing-au-chebe\/","name":"Shampoo al grano | Shampoo fortificante | Numerosi benefici","isPartOf":{"@id":"https:\/\/www.safinel.fr\/#website"},"primaryImageOfPage":{"@id":"https:\/\/www.safinel.fr\/produit\/shampoing-au-chebe\/#primaryimage"},"image":{"@id":"https:\/\/www.safinel.fr\/produit\/shampoing-au-chebe\/#primaryimage"},"thumbnailUrl":"https:\/\/www.safinel.fr\/wp-content\/uploads\/2023\/04\/shampoing-chebe.jpg","datePublished":"2023-04-18T12:07:24+00:00","dateModified":"2025-11-06T10:36:19+00:00","description":"Lo shampoo al tea tree \u00e8 un prodotto per capelli che sta guadagnando popolarit\u00e0 grazie ai suoi numerosi benefici per i capelli.","breadcrumb":{"@id":"https:\/\/www.safinel.fr\/produit\/shampoing-au-chebe\/#breadcrumb"},"inLanguage":"it-IT","potentialAction":[{"@type":"ReadAction","target":["https:\/\/www.safinel.fr\/produit\/shampoing-au-chebe\/"]}]},{"@type":"ImageObject","inLanguage":"it-IT","@id":"https:\/\/www.safinel.fr\/produit\/shampoing-au-chebe\/#primaryimage","url":"https:\/\/www.safinel.fr\/wp-content\/uploads\/2023\/04\/shampoing-chebe.jpg","contentUrl":"https:\/\/www.safinel.fr\/wp-content\/uploads\/2023\/04\/shampoing-chebe.jpg","width":600,"height":600,"caption":"Shampoing au ch\u00e9b\u00e9 200g"},{"@type":"BreadcrumbList","@id":"https:\/\/www.safinel.fr\/produit\/shampoing-au-chebe\/#breadcrumb","itemListElement":[{"@type":"ListItem","position":1,"name":"Accueil","item":"https:\/\/www.safinel.fr\/"},{"@type":"ListItem","position":2,"name":"Boutique","item":"https:\/\/www.safinel.fr\/boutique\/"},{"@type":"ListItem","position":3,"name":"Shampoing au ch\u00e9b\u00e9 200g"}]},{"@type":"WebSite","@id":"https:\/\/www.safinel.fr\/#website","url":"https:\/\/www.safinel.fr\/","name":"Safinel","description":"","publisher":{"@id":"https:\/\/www.safinel.fr\/#organization"},"potentialAction":[{"@type":"SearchAction","target":{"@type":"EntryPoint","urlTemplate":"https:\/\/www.safinel.fr\/?s={search_term_string}"},"query-input":{"@type":"PropertyValueSpecification","valueRequired":true,"valueName":"search_term_string"}}],"inLanguage":"it-IT"},{"@type":"Organization","@id":"https:\/\/www.safinel.fr\/#organization","name":"Safinel","url":"https:\/\/www.safinel.fr\/","logo":{"@type":"ImageObject","inLanguage":"it-IT","@id":"https:\/\/www.safinel.fr\/#\/schema\/logo\/image\/","url":"https:\/\/www.safinel.fr\/wp-content\/uploads\/2021\/05\/boutique-cosmetique.png","contentUrl":"https:\/\/www.safinel.fr\/wp-content\/uploads\/2021\/05\/boutique-cosmetique.png","width":800,"height":200,"caption":"Safinel"},"image":{"@id":"https:\/\/www.safinel.fr\/#\/schema\/logo\/image\/"}}]}},"_links":{"self":[{"href":"https:\/\/www.safinel.fr\/it\/wp-json\/wp\/v2\/product\/5556","targetHints":{"allow":["GET"]}}],"collection":[{"href":"https:\/\/www.safinel.fr\/it\/wp-json\/wp\/v2\/product"}],"about":[{"href":"https:\/\/www.safinel.fr\/it\/wp-json\/wp\/v2\/types\/product"}],"wp:featuredmedia":[{"embeddable":true,"href":"https:\/\/www.safinel.fr\/it\/wp-json\/wp\/v2\/media\/5553"}],"wp:attachment":[{"href":"https:\/\/www.safinel.fr\/it\/wp-json\/wp\/v2\/media?parent=5556"}],"wp:term":[{"taxonomy":"product_brand","embeddable":true,"href":"https:\/\/www.safinel.fr\/it\/wp-json\/wp\/v2\/product_brand?post=5556"},{"taxonomy":"product_cat","embeddable":true,"href":"https:\/\/www.safinel.fr\/it\/wp-json\/wp\/v2\/product_cat?post=5556"},{"taxonomy":"product_tag","embeddable":true,"href":"https:\/\/www.safinel.fr\/it\/wp-json\/wp\/v2\/product_tag?post=5556"}],"curies":[{"name":"wp","href":"https:\/\/api.w.org\/{rel}","templated":true}]}}