{"id":5521,"date":"2023-04-16T11:21:16","date_gmt":"2023-04-16T11:21:16","guid":{"rendered":"https:\/\/www.safinel.fr\/?post_type=product&#038;p=5521"},"modified":"2026-04-15T10:26:24","modified_gmt":"2026-04-15T10:26:24","slug":"fogli-dodjom-kable","status":"publish","type":"product","link":"https:\/\/www.safinel.fr\/it\/prodotto\/fogli-dodjom-kable\/","title":{"rendered":"Foglie di Odjom (Kabl\u00e9)"},"content":{"rendered":"<p>Conosciute per le loro numerose virt\u00f9, le foglie di Kabl\u00e9 e Odjom\u00a0<strong>sono elementi essenziali nella farmacopea tradizionale africana<\/strong>. Queste piante, ricche di sostanze nutritive e principi attivi, offrono numerosi benefici per la salute e il benessere. Questo articolo descrive le principali propriet\u00e0 di questi due tipi di foglie e i loro vari usi.<\/p>\n<h2><strong>Foglie di Kabl\u00e9: un tesoro nutrizionale da non trascurare<\/strong><\/h2>\n<p>Il Kablai, noto anche come foglie di KABLAI, \u00e8 una pianta originaria dell'Africa occidentale che cresce principalmente nelle regioni tropicali. Le sue foglie sono rinomate per la ricchezza di sostanze nutritive e antiossidanti, che le rendono un alimento molto apprezzato per la prevenzione e il trattamento di varie malattie.<\/p>\n<h3><strong>Composizione delle foglie di Odjom<\/strong><\/h3>\n<p>Le foglie di kablai contengono una grande quantit\u00e0 di minerali essenziali come :<\/p>\n<ul>\n<li><strong>Calcio<\/strong><\/li>\n<li><strong>Ferro<\/strong><\/li>\n<li><strong>Potassio<\/strong><\/li>\n<li><strong>Magnesio<\/strong><\/li>\n<\/ul>\n<p>Sono inoltre ricche di vitamine, in particolare di vitamina A e C, e di aminoacidi. Le foglie di kablai contengono anche composti antiossidanti, come flavonoidi e polifenoli, che aiutano a combattere i radicali liberi responsabili dell'invecchiamento precoce delle cellule.<\/p>\n<h3><strong>Propriet\u00e0 medicinali delle foglie di Odjom<\/strong><\/h3>\n<p>Le foglie di kablai hanno molte propriet\u00e0 medicinali:<\/p>\n<ol>\n<li><strong>Antinfiammatori<\/strong>\u00a0Grazie al loro elevato contenuto di antiossidanti, aiutano a ridurre l'infiammazione e lo stress ossidativo nell'organismo.<\/li>\n<li><strong>Antimicrobico<\/strong>\u00a0Sono un efficace rimedio naturale per una serie di infezioni batteriche e virali.<\/li>\n<li><strong>Antidiabetici<\/strong>\u00a0Aiutano a regolare i livelli di zucchero nel sangue e a prevenire l'insorgenza del diabete.<\/li>\n<li><strong>Antipertensivi<\/strong>\u00a0Aiutano a controllare la pressione sanguigna e a prevenire le malattie cardiovascolari.<\/li>\n<\/ol>\n<h2><strong>Foglie di Odjom: una pianta dai molteplici benefici<\/strong><\/h2>\n<p>Le foglie di Odjom, note anche come foglie di Odjom, provengono da un'altra pianta africana dalle notevoli propriet\u00e0 terapeutiche. Sono molto apprezzate per i loro effetti benefici sulla salute e vengono utilizzate per trattare un'ampia gamma di disturbi.<\/p>\n<h3><strong>Composizione delle foglie di Odjom<\/strong><\/h3>\n<p>Le foglie di Odjom contengono un'ampia gamma di nutrienti e principi attivi, tra cui :<\/p>\n<ul>\n<li>Vitamine (A, C, E e K)<\/li>\n<li>Minerali (calcio, potassio, magnesio, ferro, ecc.)<\/li>\n<li>Acidi grassi essenziali<\/li>\n<li>Fibra alimentare<\/li>\n<li>Antiossidanti come flavonoidi e tannini<\/li>\n<\/ul>\n<h3><strong>Propriet\u00e0 medicinali del kabl\u00e9<\/strong><\/h3>\n<p>Le foglie di Odjom hanno molti benefici per la salute, tra cui i seguenti:<\/p>\n<ol>\n<li><strong>Antibatterico<\/strong>\u00a0Sono efficaci contro alcuni batteri patogeni responsabili di infezioni comuni.<\/li>\n<li><strong>Antinfiammatori<\/strong>\u00a0Grazie al loro elevato contenuto di antiossidanti, aiutano a ridurre le infiammazioni e a combattere i radicali liberi.<\/li>\n<li><strong>Immunostimolanti<\/strong>\u00a0Aiutano a rafforzare il sistema immunitario e a prevenire le infezioni.<\/li>\n<li><strong>Diuretici<\/strong>\u00a0promuovono <a href=\"https:\/\/www.safinel.fr\/it\/prodotto\/gambi-di-ciliegio\/\"><strong>eliminazione renale delle tossine<\/strong><\/a> e favoriscono il corretto funzionamento dei reni.<\/li>\n<\/ol>\n<h2><strong>Usi tradizionali e moderni delle foglie di Kablai e Odjom<\/strong><\/h2>\n<p>Nella medicina tradizionale africana, le foglie di Kablai e Odjom sono utilizzate in varie forme per trattare un'ampia gamma di disturbi. Vengono generalmente assunte come infuso, decotto o cataplasma.<\/p>\n<h3><strong>Infusi e decotti<\/strong><\/h3>\n<p>Infusi e decotti a base di foglie di Kablai e Odjom permettono di beneficiare delle loro propriet\u00e0 medicinali. Sono particolarmente indicati per :<\/p>\n<ul>\n<li>Allevia i dolori articolari e muscolari<\/li>\n<li>Trattamento dei disturbi digestivi (diarrea, stitichezza, ecc.)<\/li>\n<li>Regolare i livelli di zucchero nel sangue e prevenire il diabete<\/li>\n<li>Rafforzare il sistema immunitario<\/li>\n<\/ul>\n<h3><strong>Cataplasmi<\/strong><\/h3>\n<p>I cataplasmi a base di foglie di Kablai e Odjom vengono applicati direttamente sulla pelle per :<\/p>\n<ul>\n<li><strong>Alleviare le infiammazioni cutanee (eczema, dermatite, ecc.)<\/strong><\/li>\n<li><strong>Accelera la guarigione di ferite e ustioni<\/strong><\/li>\n<li><strong>Lenisce i dolori muscolari e articolari<\/strong><\/li>\n<\/ul>\n<p>In conclusione, le foglie di Kablai e Odjom sono tesori naturali. <strong>con numerose virt\u00f9 terapeutiche<\/strong>. Il loro uso nella medicina tradizionale africana testimonia la loro efficacia nella prevenzione e nel trattamento di vari disturbi.<\/p>\n<p>\u00c8 quindi essenziale dedicare loro l'attenzione che meritano e farli diventare parte della nostra routine quotidiana per trarne tutti i benefici.<\/p>","protected":false},"excerpt":{"rendered":"<p><strong>Alcuni vantaggi:<\/strong><\/p>\n<ol>\n<li><strong>Antinfiammatori<\/strong>\u00a0Grazie al loro elevato contenuto di antiossidanti, aiutano a ridurre l'infiammazione e lo stress ossidativo nell'organismo.<\/li>\n<li><strong>Antimicrobico<\/strong>\u00a0Sono un efficace rimedio naturale per una serie di infezioni batteriche e virali.<\/li>\n<li><strong>Antidiabetici<\/strong>\u00a0Aiutano a regolare i livelli di zucchero nel sangue e a prevenire l'insorgenza del diabete.<\/li>\n<li><strong>Antipertensivi<\/strong>\u00a0Aiutano a controllare la pressione sanguigna e a prevenire le malattie cardiovascolari.<\/li>\n<\/ol>\n<p><img decoding=\"async\" class=\"size-full wp-image-5091 aligncenter\" src=\"https:\/\/www.safinel.fr\/wp-content\/uploads\/2021\/06\/BANNIERE-ICONE-SAFINEL.webp\" alt=\"riassicurazione satine\" width=\"800\" height=\"200\" srcset=\"https:\/\/www.safinel.fr\/wp-content\/uploads\/2021\/06\/BANNIERE-ICONE-SAFINEL.webp 800w, https:\/\/www.safinel.fr\/wp-content\/uploads\/2021\/06\/BANNIERE-ICONE-SAFINEL-600x150.webp 600w, https:\/\/www.safinel.fr\/wp-content\/uploads\/2021\/06\/BANNIERE-ICONE-SAFINEL-768x192.webp 768w\" sizes=\"(max-width: 800px) 100vw, 800px\" \/><\/p>","protected":false},"featured_media":5522,"template":"","meta":[],"product_brand":[],"product_cat":[27],"product_tag":[],"class_list":{"0":"post-5521","1":"product","2":"type-product","3":"status-publish","4":"has-post-thumbnail","6":"product_cat-plantes-medicinales","8":"first","9":"outofstock","10":"shipping-taxable","11":"purchasable","12":"product-type-variable"},"yoast_head":"<!-- This site is optimized with the Yoast SEO plugin v26.6 - https:\/\/yoast.com\/wordpress\/plugins\/seo\/ -->\n<title>Feuilles d&#039;Odjom I Achat des feuilles de Kabl\u00e9 I Bienfaits nombreux<\/title>\n<meta name=\"description\" content=\"Les\u00a0feuilles de Kablai\u00a0et les\u00a0feuilles d&#039;Odjom\u00a0sont des \u00e9l\u00e9ments incontournables dans la pharmacop\u00e9e traditionnelle africaine.\" \/>\n<meta name=\"robots\" content=\"index, follow, max-snippet:-1, max-image-preview:large, max-video-preview:-1\" \/>\n<link rel=\"canonical\" href=\"https:\/\/www.safinel.fr\/it\/prodotto\/fogli-dodjom-kable\/\" \/>\n<meta property=\"og:locale\" content=\"it_IT\" \/>\n<meta property=\"og:type\" content=\"article\" \/>\n<meta property=\"og:title\" content=\"Feuilles d&#039;Odjom I Achat des feuilles de Kabl\u00e9 I Bienfaits nombreux\" \/>\n<meta property=\"og:description\" content=\"Les\u00a0feuilles de Kablai\u00a0et les\u00a0feuilles d&#039;Odjom\u00a0sont des \u00e9l\u00e9ments incontournables dans la pharmacop\u00e9e traditionnelle africaine.\" \/>\n<meta property=\"og:url\" content=\"https:\/\/www.safinel.fr\/it\/prodotto\/fogli-dodjom-kable\/\" \/>\n<meta property=\"og:site_name\" content=\"Safinel\" \/>\n<meta property=\"article:modified_time\" content=\"2026-04-15T10:26:24+00:00\" \/>\n<meta property=\"og:image\" content=\"https:\/\/www.safinel.fr\/wp-content\/uploads\/2023\/04\/cable-feuille-dodjom-.jpg\" \/>\n\t<meta property=\"og:image:width\" content=\"600\" \/>\n\t<meta property=\"og:image:height\" content=\"600\" \/>\n\t<meta property=\"og:image:type\" content=\"image\/jpeg\" \/>\n<meta name=\"twitter:card\" content=\"summary_large_image\" \/>\n<meta name=\"twitter:label1\" content=\"Tempo di lettura stimato\" \/>\n\t<meta name=\"twitter:data1\" content=\"4 minuti\" \/>\n<script type=\"application\/ld+json\" class=\"yoast-schema-graph\">{\"@context\":\"https:\/\/schema.org\",\"@graph\":[{\"@type\":\"WebPage\",\"@id\":\"https:\/\/www.safinel.fr\/produit\/feuilles-dodjom-kable\/\",\"url\":\"https:\/\/www.safinel.fr\/produit\/feuilles-dodjom-kable\/\",\"name\":\"Feuilles d'Odjom I Achat des feuilles de Kabl\u00e9 I Bienfaits nombreux\",\"isPartOf\":{\"@id\":\"https:\/\/www.safinel.fr\/#website\"},\"primaryImageOfPage\":{\"@id\":\"https:\/\/www.safinel.fr\/produit\/feuilles-dodjom-kable\/#primaryimage\"},\"image\":{\"@id\":\"https:\/\/www.safinel.fr\/produit\/feuilles-dodjom-kable\/#primaryimage\"},\"thumbnailUrl\":\"https:\/\/www.safinel.fr\/wp-content\/uploads\/2023\/04\/cable-feuille-dodjom-.jpg\",\"datePublished\":\"2023-04-16T11:21:16+00:00\",\"dateModified\":\"2026-04-15T10:26:24+00:00\",\"description\":\"Les\u00a0feuilles de Kablai\u00a0et les\u00a0feuilles d'Odjom\u00a0sont des \u00e9l\u00e9ments incontournables dans la pharmacop\u00e9e traditionnelle africaine.\",\"breadcrumb\":{\"@id\":\"https:\/\/www.safinel.fr\/produit\/feuilles-dodjom-kable\/#breadcrumb\"},\"inLanguage\":\"it-IT\",\"potentialAction\":[{\"@type\":\"ReadAction\",\"target\":[\"https:\/\/www.safinel.fr\/produit\/feuilles-dodjom-kable\/\"]}]},{\"@type\":\"ImageObject\",\"inLanguage\":\"it-IT\",\"@id\":\"https:\/\/www.safinel.fr\/produit\/feuilles-dodjom-kable\/#primaryimage\",\"url\":\"https:\/\/www.safinel.fr\/wp-content\/uploads\/2023\/04\/cable-feuille-dodjom-.jpg\",\"contentUrl\":\"https:\/\/www.safinel.fr\/wp-content\/uploads\/2023\/04\/cable-feuille-dodjom-.jpg\",\"width\":600,\"height\":600,\"caption\":\"Feuilles d'Odjom (Kabl\u00e9)\"},{\"@type\":\"BreadcrumbList\",\"@id\":\"https:\/\/www.safinel.fr\/produit\/feuilles-dodjom-kable\/#breadcrumb\",\"itemListElement\":[{\"@type\":\"ListItem\",\"position\":1,\"name\":\"Accueil\",\"item\":\"https:\/\/www.safinel.fr\/\"},{\"@type\":\"ListItem\",\"position\":2,\"name\":\"Boutique\",\"item\":\"https:\/\/www.safinel.fr\/boutique\/\"},{\"@type\":\"ListItem\",\"position\":3,\"name\":\"Feuilles d&rsquo;Odjom (Kabl\u00e9)\"}]},{\"@type\":\"WebSite\",\"@id\":\"https:\/\/www.safinel.fr\/#website\",\"url\":\"https:\/\/www.safinel.fr\/\",\"name\":\"Safinel\",\"description\":\"\",\"publisher\":{\"@id\":\"https:\/\/www.safinel.fr\/#organization\"},\"potentialAction\":[{\"@type\":\"SearchAction\",\"target\":{\"@type\":\"EntryPoint\",\"urlTemplate\":\"https:\/\/www.safinel.fr\/?s={search_term_string}\"},\"query-input\":{\"@type\":\"PropertyValueSpecification\",\"valueRequired\":true,\"valueName\":\"search_term_string\"}}],\"inLanguage\":\"it-IT\"},{\"@type\":\"Organization\",\"@id\":\"https:\/\/www.safinel.fr\/#organization\",\"name\":\"Safinel\",\"url\":\"https:\/\/www.safinel.fr\/\",\"logo\":{\"@type\":\"ImageObject\",\"inLanguage\":\"it-IT\",\"@id\":\"https:\/\/www.safinel.fr\/#\/schema\/logo\/image\/\",\"url\":\"https:\/\/www.safinel.fr\/wp-content\/uploads\/2021\/05\/boutique-cosmetique.png\",\"contentUrl\":\"https:\/\/www.safinel.fr\/wp-content\/uploads\/2021\/05\/boutique-cosmetique.png\",\"width\":800,\"height\":200,\"caption\":\"Safinel\"},\"image\":{\"@id\":\"https:\/\/www.safinel.fr\/#\/schema\/logo\/image\/\"}}]}<\/script>\n<!-- \/ Yoast SEO plugin. -->","yoast_head_json":{"title":"Foglie di Odjom I Acquisto di foglie di Kabl\u00e9 I Numerosi benefici","description":"Le foglie di Kablai e Odjom sono componenti essenziali della farmacopea tradizionale africana.","robots":{"index":"index","follow":"follow","max-snippet":"max-snippet:-1","max-image-preview":"max-image-preview:large","max-video-preview":"max-video-preview:-1"},"canonical":"https:\/\/www.safinel.fr\/it\/prodotto\/fogli-dodjom-kable\/","og_locale":"it_IT","og_type":"article","og_title":"Feuilles d'Odjom I Achat des feuilles de Kabl\u00e9 I Bienfaits nombreux","og_description":"Les\u00a0feuilles de Kablai\u00a0et les\u00a0feuilles d'Odjom\u00a0sont des \u00e9l\u00e9ments incontournables dans la pharmacop\u00e9e traditionnelle africaine.","og_url":"https:\/\/www.safinel.fr\/it\/prodotto\/fogli-dodjom-kable\/","og_site_name":"Safinel","article_modified_time":"2026-04-15T10:26:24+00:00","og_image":[{"width":600,"height":600,"url":"https:\/\/www.safinel.fr\/wp-content\/uploads\/2023\/04\/cable-feuille-dodjom-.jpg","type":"image\/jpeg"}],"twitter_card":"summary_large_image","twitter_misc":{"Tempo di lettura stimato":"4 minuti"},"schema":{"@context":"https:\/\/schema.org","@graph":[{"@type":"WebPage","@id":"https:\/\/www.safinel.fr\/produit\/feuilles-dodjom-kable\/","url":"https:\/\/www.safinel.fr\/produit\/feuilles-dodjom-kable\/","name":"Foglie di Odjom I Acquisto di foglie di Kabl\u00e9 I Numerosi benefici","isPartOf":{"@id":"https:\/\/www.safinel.fr\/#website"},"primaryImageOfPage":{"@id":"https:\/\/www.safinel.fr\/produit\/feuilles-dodjom-kable\/#primaryimage"},"image":{"@id":"https:\/\/www.safinel.fr\/produit\/feuilles-dodjom-kable\/#primaryimage"},"thumbnailUrl":"https:\/\/www.safinel.fr\/wp-content\/uploads\/2023\/04\/cable-feuille-dodjom-.jpg","datePublished":"2023-04-16T11:21:16+00:00","dateModified":"2026-04-15T10:26:24+00:00","description":"Le foglie di Kablai e Odjom sono componenti essenziali della farmacopea tradizionale africana.","breadcrumb":{"@id":"https:\/\/www.safinel.fr\/produit\/feuilles-dodjom-kable\/#breadcrumb"},"inLanguage":"it-IT","potentialAction":[{"@type":"ReadAction","target":["https:\/\/www.safinel.fr\/produit\/feuilles-dodjom-kable\/"]}]},{"@type":"ImageObject","inLanguage":"it-IT","@id":"https:\/\/www.safinel.fr\/produit\/feuilles-dodjom-kable\/#primaryimage","url":"https:\/\/www.safinel.fr\/wp-content\/uploads\/2023\/04\/cable-feuille-dodjom-.jpg","contentUrl":"https:\/\/www.safinel.fr\/wp-content\/uploads\/2023\/04\/cable-feuille-dodjom-.jpg","width":600,"height":600,"caption":"Feuilles d'Odjom (Kabl\u00e9)"},{"@type":"BreadcrumbList","@id":"https:\/\/www.safinel.fr\/produit\/feuilles-dodjom-kable\/#breadcrumb","itemListElement":[{"@type":"ListItem","position":1,"name":"Accueil","item":"https:\/\/www.safinel.fr\/"},{"@type":"ListItem","position":2,"name":"Boutique","item":"https:\/\/www.safinel.fr\/boutique\/"},{"@type":"ListItem","position":3,"name":"Feuilles d&rsquo;Odjom (Kabl\u00e9)"}]},{"@type":"WebSite","@id":"https:\/\/www.safinel.fr\/#website","url":"https:\/\/www.safinel.fr\/","name":"Safinel","description":"","publisher":{"@id":"https:\/\/www.safinel.fr\/#organization"},"potentialAction":[{"@type":"SearchAction","target":{"@type":"EntryPoint","urlTemplate":"https:\/\/www.safinel.fr\/?s={search_term_string}"},"query-input":{"@type":"PropertyValueSpecification","valueRequired":true,"valueName":"search_term_string"}}],"inLanguage":"it-IT"},{"@type":"Organization","@id":"https:\/\/www.safinel.fr\/#organization","name":"Safinel","url":"https:\/\/www.safinel.fr\/","logo":{"@type":"ImageObject","inLanguage":"it-IT","@id":"https:\/\/www.safinel.fr\/#\/schema\/logo\/image\/","url":"https:\/\/www.safinel.fr\/wp-content\/uploads\/2021\/05\/boutique-cosmetique.png","contentUrl":"https:\/\/www.safinel.fr\/wp-content\/uploads\/2021\/05\/boutique-cosmetique.png","width":800,"height":200,"caption":"Safinel"},"image":{"@id":"https:\/\/www.safinel.fr\/#\/schema\/logo\/image\/"}}]}},"_links":{"self":[{"href":"https:\/\/www.safinel.fr\/it\/wp-json\/wp\/v2\/product\/5521","targetHints":{"allow":["GET"]}}],"collection":[{"href":"https:\/\/www.safinel.fr\/it\/wp-json\/wp\/v2\/product"}],"about":[{"href":"https:\/\/www.safinel.fr\/it\/wp-json\/wp\/v2\/types\/product"}],"wp:featuredmedia":[{"embeddable":true,"href":"https:\/\/www.safinel.fr\/it\/wp-json\/wp\/v2\/media\/5522"}],"wp:attachment":[{"href":"https:\/\/www.safinel.fr\/it\/wp-json\/wp\/v2\/media?parent=5521"}],"wp:term":[{"taxonomy":"product_brand","embeddable":true,"href":"https:\/\/www.safinel.fr\/it\/wp-json\/wp\/v2\/product_brand?post=5521"},{"taxonomy":"product_cat","embeddable":true,"href":"https:\/\/www.safinel.fr\/it\/wp-json\/wp\/v2\/product_cat?post=5521"},{"taxonomy":"product_tag","embeddable":true,"href":"https:\/\/www.safinel.fr\/it\/wp-json\/wp\/v2\/product_tag?post=5521"}],"curies":[{"name":"wp","href":"https:\/\/api.w.org\/{rel}","templated":true}]}}