{"id":5490,"date":"2023-04-14T18:32:40","date_gmt":"2023-04-14T18:32:40","guid":{"rendered":"https:\/\/www.safinel.fr\/?post_type=product&#038;p=5490"},"modified":"2025-06-10T12:50:09","modified_gmt":"2025-06-10T12:50:09","slug":"foglie-di-soursop","status":"publish","type":"product","link":"https:\/\/www.safinel.fr\/it\/prodotto\/foglie-di-soursop\/","title":{"rendered":"Foglie di soursop 50 g (Annona muricata)"},"content":{"rendered":"<p>All'interno della grande famiglia delle piante medicinali, la\u00a0<strong>foglie di soursop<\/strong>\u00a0! Fogliame ricco di benefici per l'organismo: scopriteli subito!<\/p>\n<h2><strong>Foglie di soursop: cosa sono?<\/strong>\u2019<strong>\u00e8<\/strong>\u2019<strong>\u00e8?<\/strong><\/h2>\n<p>Le foglie di soursop provengono dall'albero da frutto noto con il nome scientifico di \u00abcorossolier\".\u00ab\u00a0<strong>Annona muricata<\/strong>\u00a0\u00bb.<\/p>\n<p>Cresce nelle regioni tropicali di America, Asia, Oceania e Africa. Produce un frutto verde esotico e spinoso chiamato\u00a0<strong>soursop<\/strong>,\u00a0<strong>graviola<\/strong>,\u00a0<strong>sapotille<\/strong>\u00a0o anche\u00a0<strong>coronsolo<\/strong>, a seconda del Paese.<\/p>\n<p>Questo frutto \u00e8 noto per i suoi innumerevoli benefici e per il suo gusto unico, a met\u00e0 tra la gomma da masticare Malabar e la caramella Arlecchino, con un tocco piccante di ananas e litchi.<\/p>\n<p>Le foglie di soursop sono anche ricche di\u00a0<strong>benefici per<\/strong>\u2019<strong>organizzazione<\/strong>\u00a0e presente\u00a0<strong>qualit\u00e0 terapeutiche<\/strong>\u00a0non insignificante.<\/p>\n<h2><strong>Le molteplici virt\u00f9 delle foglie di soursop<\/strong><\/h2>\n<p>Le foglie del soursop, un albero da frutto, hanno molte propriet\u00e0 medicinali, tra cui :<\/p>\n<ul>\n<li>Propriet\u00e0 anticancerogene (aiuta a resistere agli effetti indesiderati della chemioterapia e frena la proliferazione delle cellule tumorali)\u00a0<strong>vedere le precauzioni d'uso<\/strong>)\u00a0;<\/li>\n<li>Propriet\u00e0 antinfiammatorie ;<\/li>\n<li>Aiuta ad addormentarsi ed \u00e8 utile in caso di stress;<\/li>\n<li>Favorisce la digestione;<\/li>\n<li>Rafforza il sistema immunitario;<\/li>\n<li>Allevia il dolore associato alle emorroidi;<\/li>\n<li>Mantiene la prostata in buono stato di funzionamento;<\/li>\n<li><a href=\"https:\/\/www.safinel.fr\/it\/prodotto\/miele-dagmico\/\"><strong>Lenisce la tosse secca e la tosse notturna<\/strong><\/a>\u00a0;<\/li>\n<li>Aiuta a prevenire ed eliminare vermi e parassiti interni;<\/li>\n<li>Lenisce e aiuta a ridurre l'eczema;<\/li>\n<li>E cos\u00ec via.<\/li>\n<\/ul>\n<h2><strong>Come li utilizzate?<\/strong><\/h2>\n<p>Il modo pi\u00f9 semplice di utilizzare la pianta per via interna \u00e8 come un\u2019<strong>infusione<\/strong>.<\/p>\n<ul>\n<li>Per farlo, \u00e8 sufficiente seguire la stessa procedura utilizzata per un file<strong>\u00a0tisana<\/strong>\u00a0Per preparare il classico infuso, far bollire da 5 a 10 foglie in 1 litro d'acqua per una decina di minuti. Quindi filtrare e bere l'infuso, preferibilmente entro pochi minuti o ore. In questo modo\u00a0<strong>sfruttare tutte le propriet\u00e0 della pianta<\/strong>.<\/li>\n<li>Per esempio, un infuso di foglie di soursop\u00a0<strong>rafforzare il sistema immunitario<\/strong>\u00a0e pu\u00f2 essere utilizzato per\u00a0<strong>prevenire i disturbi invernali<\/strong>\u00a0(influenza, raffreddore, tosse) e\u00a0<strong>malattie infettive\u00a0<\/strong>in generale.<\/li>\n<li>Possono anche essere\u00a0<strong>aggiungere a piatti e preparazioni cotte a fuoco lento<\/strong>.<\/li>\n<li>Le foglie di Soursop possono essere utilizzate esternamente\u00a0<strong>come impacco<\/strong>\u00a0o\u00a0<strong>come cataplasma<\/strong>\u00a0per\u00a0<strong>placare il<\/strong>\u2019<strong>eczema<\/strong>\u00a0e\u00a0<strong>dolore infiammatorio<\/strong>.<\/li>\n<li>Infine, queste foglie sono rinomate per la loro\u00a0<strong>effetto calmante e rilassante<\/strong>. Ci\u00f2 li rende particolarmente interessanti per i bambini irrequieti o in caso di\u00a0<strong>stress<\/strong>, di\u00a0<strong>nervosismo<\/strong>\u00a0e\u00a0<strong>problemi di sonno<\/strong>.<\/li>\n<li>Si possono poi accartocciare alcune foglie e aggiungerle a un bagno caldo per godere di una sensazione rinfrescante e lenitiva.\u00a0<strong>bagno<\/strong>\u2019<strong>effetto calmante e rilassante<\/strong>.<\/li>\n<\/ul>\n<h3><strong>Precauzioni di sicurezza<\/strong>\u2019<strong>utilizzo<\/strong><\/h3>\n<p>Le foglie di soursop non\u00a0<strong>non sostituiscono il trattamento medico<\/strong>\u00a0da parte di un professionista della salute.<\/p>\n<p>Inoltre, contrariamente a quanto si potrebbe leggere altrove\u00a0<strong>n<\/strong>\u2019<strong>non interrompere mai un trattamento somministrato dal medico senza il suo consenso<\/strong>\u00a0per sostituirla con una qualsiasi pianta naturale.<\/p>\n<p>Le foglie di soursop hanno anche un'indubbia utilit\u00e0 nel favorire la guarigione dei pazienti. Per esempio, aiutano i pazienti in preda a una crisi di\u00a0<strong>chemioterapia<\/strong>\u00a0\u00e0\u00a0<strong>ridurre gli effetti indesiderati<\/strong>\u00a0ma non lo sostituisce in alcun modo.<\/p>\n<p><strong>Donne in gravidanza e in allattamento<\/strong>\u00a0dovrebbero astenersi dal mangiare queste foglie per precauzione.<\/p>\n<p>Le foglie potrebbero\u00a0<strong>interagire con alcuni farmaci<\/strong>. Per sicurezza, chiedere il parere del medico prima di assumere questo integratore alimentare.<\/p>\n<p>Infine, rispettare sempre la dose giornaliera raccomandata.<\/p>","protected":false},"excerpt":{"rendered":"<p><strong>Alcuni vantaggi:\u00a0<\/strong><\/p>\n<ul>\n<li>Propriet\u00e0 anticancerogene (aiuta a resistere agli effetti indesiderati della chemioterapia e frena la proliferazione delle cellule tumorali)\u00a0<strong>vedere le precauzioni d'uso<\/strong>)\u00a0;<\/li>\n<li>Propriet\u00e0 antinfiammatorie ;<\/li>\n<li>Aiuta ad addormentarsi ed \u00e8 utile in caso di stress;<\/li>\n<li>Favorisce la digestione;<\/li>\n<li>Rafforza il sistema immunitario<\/li>\n<\/ul>\n<p><img decoding=\"async\" class=\"size-full wp-image-5091 aligncenter\" src=\"https:\/\/www.safinel.fr\/wp-content\/uploads\/2021\/06\/BANNIERE-ICONE-SAFINEL.webp\" alt=\"riassicurazione satine\" width=\"800\" height=\"200\" srcset=\"https:\/\/www.safinel.fr\/wp-content\/uploads\/2021\/06\/BANNIERE-ICONE-SAFINEL.webp 800w, https:\/\/www.safinel.fr\/wp-content\/uploads\/2021\/06\/BANNIERE-ICONE-SAFINEL-600x150.webp 600w, https:\/\/www.safinel.fr\/wp-content\/uploads\/2021\/06\/BANNIERE-ICONE-SAFINEL-768x192.webp 768w\" sizes=\"(max-width: 800px) 100vw, 800px\" \/><\/p>","protected":false},"featured_media":5491,"template":"","meta":[],"product_brand":[],"product_cat":[27],"product_tag":[],"class_list":{"0":"post-5490","1":"product","2":"type-product","3":"status-publish","4":"has-post-thumbnail","6":"product_cat-plantes-medicinales","8":"first","9":"outofstock","10":"shipping-taxable","11":"purchasable","12":"product-type-simple"},"yoast_head":"<!-- This site is optimized with the Yoast SEO plugin v26.6 - https:\/\/yoast.com\/wordpress\/plugins\/seo\/ -->\n<title>Feuilles de corossol I Bienfaits nombreux I Achat en ligne s\u00e9curis\u00e9<\/title>\n<meta name=\"description\" content=\"Dans la grande famille des plantes m\u00e9dicinales on a nomm\u00e9 les\u00a0feuilles de corossol\u00a0! Un feuillage plein de bienfaits pour l\u2019organisme, d\u00e9couvrez-les\u00a0!\" \/>\n<meta name=\"robots\" content=\"index, follow, max-snippet:-1, max-image-preview:large, max-video-preview:-1\" \/>\n<link rel=\"canonical\" href=\"https:\/\/www.safinel.fr\/it\/prodotto\/foglie-di-soursop\/\" \/>\n<meta property=\"og:locale\" content=\"it_IT\" \/>\n<meta property=\"og:type\" content=\"article\" \/>\n<meta property=\"og:title\" content=\"Feuilles de corossol I Bienfaits nombreux I Achat en ligne s\u00e9curis\u00e9\" \/>\n<meta property=\"og:description\" content=\"Dans la grande famille des plantes m\u00e9dicinales on a nomm\u00e9 les\u00a0feuilles de corossol\u00a0! Un feuillage plein de bienfaits pour l\u2019organisme, d\u00e9couvrez-les\u00a0!\" \/>\n<meta property=\"og:url\" content=\"https:\/\/www.safinel.fr\/it\/prodotto\/foglie-di-soursop\/\" \/>\n<meta property=\"og:site_name\" content=\"Safinel\" \/>\n<meta property=\"article:modified_time\" content=\"2025-06-10T12:50:09+00:00\" \/>\n<meta property=\"og:image\" content=\"https:\/\/www.safinel.fr\/wp-content\/uploads\/2023\/04\/feuilles-de-corrosol.jpg\" \/>\n\t<meta property=\"og:image:width\" content=\"600\" \/>\n\t<meta property=\"og:image:height\" content=\"600\" \/>\n\t<meta property=\"og:image:type\" content=\"image\/jpeg\" \/>\n<meta name=\"twitter:card\" content=\"summary_large_image\" \/>\n<meta name=\"twitter:label1\" content=\"Tempo di lettura stimato\" \/>\n\t<meta name=\"twitter:data1\" content=\"3 minuti\" \/>\n<script type=\"application\/ld+json\" class=\"yoast-schema-graph\">{\"@context\":\"https:\/\/schema.org\",\"@graph\":[{\"@type\":\"WebPage\",\"@id\":\"https:\/\/www.safinel.fr\/produit\/feuilles-de-corossol\/\",\"url\":\"https:\/\/www.safinel.fr\/produit\/feuilles-de-corossol\/\",\"name\":\"Feuilles de corossol I Bienfaits nombreux I Achat en ligne s\u00e9curis\u00e9\",\"isPartOf\":{\"@id\":\"https:\/\/www.safinel.fr\/#website\"},\"primaryImageOfPage\":{\"@id\":\"https:\/\/www.safinel.fr\/produit\/feuilles-de-corossol\/#primaryimage\"},\"image\":{\"@id\":\"https:\/\/www.safinel.fr\/produit\/feuilles-de-corossol\/#primaryimage\"},\"thumbnailUrl\":\"https:\/\/www.safinel.fr\/wp-content\/uploads\/2023\/04\/feuilles-de-corrosol.jpg\",\"datePublished\":\"2023-04-14T18:32:40+00:00\",\"dateModified\":\"2025-06-10T12:50:09+00:00\",\"description\":\"Dans la grande famille des plantes m\u00e9dicinales on a nomm\u00e9 les\u00a0feuilles de corossol\u00a0! Un feuillage plein de bienfaits pour l\u2019organisme, d\u00e9couvrez-les\u00a0!\",\"breadcrumb\":{\"@id\":\"https:\/\/www.safinel.fr\/produit\/feuilles-de-corossol\/#breadcrumb\"},\"inLanguage\":\"it-IT\",\"potentialAction\":[{\"@type\":\"ReadAction\",\"target\":[\"https:\/\/www.safinel.fr\/produit\/feuilles-de-corossol\/\"]}]},{\"@type\":\"ImageObject\",\"inLanguage\":\"it-IT\",\"@id\":\"https:\/\/www.safinel.fr\/produit\/feuilles-de-corossol\/#primaryimage\",\"url\":\"https:\/\/www.safinel.fr\/wp-content\/uploads\/2023\/04\/feuilles-de-corrosol.jpg\",\"contentUrl\":\"https:\/\/www.safinel.fr\/wp-content\/uploads\/2023\/04\/feuilles-de-corrosol.jpg\",\"width\":600,\"height\":600},{\"@type\":\"BreadcrumbList\",\"@id\":\"https:\/\/www.safinel.fr\/produit\/feuilles-de-corossol\/#breadcrumb\",\"itemListElement\":[{\"@type\":\"ListItem\",\"position\":1,\"name\":\"Accueil\",\"item\":\"https:\/\/www.safinel.fr\/\"},{\"@type\":\"ListItem\",\"position\":2,\"name\":\"Boutique\",\"item\":\"https:\/\/www.safinel.fr\/boutique\/\"},{\"@type\":\"ListItem\",\"position\":3,\"name\":\"Feuilles de corossol 50g (Annona muricata)\"}]},{\"@type\":\"WebSite\",\"@id\":\"https:\/\/www.safinel.fr\/#website\",\"url\":\"https:\/\/www.safinel.fr\/\",\"name\":\"Safinel\",\"description\":\"\",\"publisher\":{\"@id\":\"https:\/\/www.safinel.fr\/#organization\"},\"potentialAction\":[{\"@type\":\"SearchAction\",\"target\":{\"@type\":\"EntryPoint\",\"urlTemplate\":\"https:\/\/www.safinel.fr\/?s={search_term_string}\"},\"query-input\":{\"@type\":\"PropertyValueSpecification\",\"valueRequired\":true,\"valueName\":\"search_term_string\"}}],\"inLanguage\":\"it-IT\"},{\"@type\":\"Organization\",\"@id\":\"https:\/\/www.safinel.fr\/#organization\",\"name\":\"Safinel\",\"url\":\"https:\/\/www.safinel.fr\/\",\"logo\":{\"@type\":\"ImageObject\",\"inLanguage\":\"it-IT\",\"@id\":\"https:\/\/www.safinel.fr\/#\/schema\/logo\/image\/\",\"url\":\"https:\/\/www.safinel.fr\/wp-content\/uploads\/2021\/05\/boutique-cosmetique.png\",\"contentUrl\":\"https:\/\/www.safinel.fr\/wp-content\/uploads\/2021\/05\/boutique-cosmetique.png\",\"width\":800,\"height\":200,\"caption\":\"Safinel\"},\"image\":{\"@id\":\"https:\/\/www.safinel.fr\/#\/schema\/logo\/image\/\"}}]}<\/script>\n<!-- \/ Yoast SEO plugin. -->","yoast_head_json":{"title":"Foglie di soursop I Numerosi benefici I Acquisto online sicuro","description":"Nella grande famiglia delle piante medicinali, abbiamo nominato le foglie di soursop! Scoprite di pi\u00f9 su queste foglie, ricche di benefici per l'organismo!","robots":{"index":"index","follow":"follow","max-snippet":"max-snippet:-1","max-image-preview":"max-image-preview:large","max-video-preview":"max-video-preview:-1"},"canonical":"https:\/\/www.safinel.fr\/it\/prodotto\/foglie-di-soursop\/","og_locale":"it_IT","og_type":"article","og_title":"Feuilles de corossol I Bienfaits nombreux I Achat en ligne s\u00e9curis\u00e9","og_description":"Dans la grande famille des plantes m\u00e9dicinales on a nomm\u00e9 les\u00a0feuilles de corossol\u00a0! Un feuillage plein de bienfaits pour l\u2019organisme, d\u00e9couvrez-les\u00a0!","og_url":"https:\/\/www.safinel.fr\/it\/prodotto\/foglie-di-soursop\/","og_site_name":"Safinel","article_modified_time":"2025-06-10T12:50:09+00:00","og_image":[{"width":600,"height":600,"url":"https:\/\/www.safinel.fr\/wp-content\/uploads\/2023\/04\/feuilles-de-corrosol.jpg","type":"image\/jpeg"}],"twitter_card":"summary_large_image","twitter_misc":{"Tempo di lettura stimato":"3 minuti"},"schema":{"@context":"https:\/\/schema.org","@graph":[{"@type":"WebPage","@id":"https:\/\/www.safinel.fr\/produit\/feuilles-de-corossol\/","url":"https:\/\/www.safinel.fr\/produit\/feuilles-de-corossol\/","name":"Foglie di soursop I Numerosi benefici I Acquisto online sicuro","isPartOf":{"@id":"https:\/\/www.safinel.fr\/#website"},"primaryImageOfPage":{"@id":"https:\/\/www.safinel.fr\/produit\/feuilles-de-corossol\/#primaryimage"},"image":{"@id":"https:\/\/www.safinel.fr\/produit\/feuilles-de-corossol\/#primaryimage"},"thumbnailUrl":"https:\/\/www.safinel.fr\/wp-content\/uploads\/2023\/04\/feuilles-de-corrosol.jpg","datePublished":"2023-04-14T18:32:40+00:00","dateModified":"2025-06-10T12:50:09+00:00","description":"Nella grande famiglia delle piante medicinali, abbiamo nominato le foglie di soursop! Scoprite di pi\u00f9 su queste foglie, ricche di benefici per l'organismo!","breadcrumb":{"@id":"https:\/\/www.safinel.fr\/produit\/feuilles-de-corossol\/#breadcrumb"},"inLanguage":"it-IT","potentialAction":[{"@type":"ReadAction","target":["https:\/\/www.safinel.fr\/produit\/feuilles-de-corossol\/"]}]},{"@type":"ImageObject","inLanguage":"it-IT","@id":"https:\/\/www.safinel.fr\/produit\/feuilles-de-corossol\/#primaryimage","url":"https:\/\/www.safinel.fr\/wp-content\/uploads\/2023\/04\/feuilles-de-corrosol.jpg","contentUrl":"https:\/\/www.safinel.fr\/wp-content\/uploads\/2023\/04\/feuilles-de-corrosol.jpg","width":600,"height":600},{"@type":"BreadcrumbList","@id":"https:\/\/www.safinel.fr\/produit\/feuilles-de-corossol\/#breadcrumb","itemListElement":[{"@type":"ListItem","position":1,"name":"Accueil","item":"https:\/\/www.safinel.fr\/"},{"@type":"ListItem","position":2,"name":"Boutique","item":"https:\/\/www.safinel.fr\/boutique\/"},{"@type":"ListItem","position":3,"name":"Feuilles de corossol 50g (Annona muricata)"}]},{"@type":"WebSite","@id":"https:\/\/www.safinel.fr\/#website","url":"https:\/\/www.safinel.fr\/","name":"Safinel","description":"","publisher":{"@id":"https:\/\/www.safinel.fr\/#organization"},"potentialAction":[{"@type":"SearchAction","target":{"@type":"EntryPoint","urlTemplate":"https:\/\/www.safinel.fr\/?s={search_term_string}"},"query-input":{"@type":"PropertyValueSpecification","valueRequired":true,"valueName":"search_term_string"}}],"inLanguage":"it-IT"},{"@type":"Organization","@id":"https:\/\/www.safinel.fr\/#organization","name":"Safinel","url":"https:\/\/www.safinel.fr\/","logo":{"@type":"ImageObject","inLanguage":"it-IT","@id":"https:\/\/www.safinel.fr\/#\/schema\/logo\/image\/","url":"https:\/\/www.safinel.fr\/wp-content\/uploads\/2021\/05\/boutique-cosmetique.png","contentUrl":"https:\/\/www.safinel.fr\/wp-content\/uploads\/2021\/05\/boutique-cosmetique.png","width":800,"height":200,"caption":"Safinel"},"image":{"@id":"https:\/\/www.safinel.fr\/#\/schema\/logo\/image\/"}}]}},"_links":{"self":[{"href":"https:\/\/www.safinel.fr\/it\/wp-json\/wp\/v2\/product\/5490","targetHints":{"allow":["GET"]}}],"collection":[{"href":"https:\/\/www.safinel.fr\/it\/wp-json\/wp\/v2\/product"}],"about":[{"href":"https:\/\/www.safinel.fr\/it\/wp-json\/wp\/v2\/types\/product"}],"wp:featuredmedia":[{"embeddable":true,"href":"https:\/\/www.safinel.fr\/it\/wp-json\/wp\/v2\/media\/5491"}],"wp:attachment":[{"href":"https:\/\/www.safinel.fr\/it\/wp-json\/wp\/v2\/media?parent=5490"}],"wp:term":[{"taxonomy":"product_brand","embeddable":true,"href":"https:\/\/www.safinel.fr\/it\/wp-json\/wp\/v2\/product_brand?post=5490"},{"taxonomy":"product_cat","embeddable":true,"href":"https:\/\/www.safinel.fr\/it\/wp-json\/wp\/v2\/product_cat?post=5490"},{"taxonomy":"product_tag","embeddable":true,"href":"https:\/\/www.safinel.fr\/it\/wp-json\/wp\/v2\/product_tag?post=5490"}],"curies":[{"name":"wp","href":"https:\/\/api.w.org\/{rel}","templated":true}]}}