{"id":5484,"date":"2023-04-14T18:17:39","date_gmt":"2023-04-14T18:17:39","guid":{"rendered":"https:\/\/www.safinel.fr\/?post_type=product&#038;p=5484"},"modified":"2023-12-28T17:15:55","modified_gmt":"2023-12-28T17:15:55","slug":"olio-di-macadamia","status":"publish","type":"product","link":"https:\/\/www.safinel.fr\/it\/prodotto\/olio-di-macadamia\/","title":{"rendered":"Olio di macadamia 100ml"},"content":{"rendered":"<p>Quando si parla di prodotti naturali per la cura della pelle, dei capelli e persino della gravidanza, l'olio di macadamia \u00e8 una vera star. Noto per i suoi benefici idratanti e riparatori, questo prezioso olio offre anche tutta una serie di benefici per la salute.<\/p>\n<p>In questo articolo, <strong>vi presentiamo le tante sfaccettature di questo meraviglioso olio<\/strong> e spiegare come usarlo al meglio per ottenere il massimo.<\/p>\n<h2><strong>Olio di macadamia: origine e composizione unica<\/strong><\/h2>\n<p>L'olio di macadamia viene estratto dalle noci dell'albero di macadamia integrifolia, originario dell'Australia. Ricco di acidi grassi monoinsaturi, vitamine, minerali e antiossidanti, ha una composizione unica che gli conferisce propriet\u00e0 eccezionali per la bellezza e la salute. Tra i componenti pi\u00f9 rilevanti dell'olio di macadamia vi sono :<\/p>\n<ul>\n<li><strong>acido oleico<\/strong><\/li>\n<li><strong>acido palmitoleico<\/strong><\/li>\n<li><strong>vitamina E<\/strong><\/li>\n<li><strong>vitamina B1<\/strong><\/li>\n<li><strong>squalene vegetale<\/strong><\/li>\n<\/ul>\n<h2><strong>I benefici dell'olio di macadamia per i capelli<\/strong><\/h2>\n<h3><strong>Olio di noce del Queensland per un'idratazione e una riparazione profonde<\/strong><\/h3>\n<p>Grazie alla sua ricchezza in acidi grassi, l'olio di macadamia \u00e8 particolarmente indicato per i capelli secchi, danneggiati o fragili. Penetra facilmente nella fibra capillare per fornire un'idratazione intensa e una riparazione profonda. L'olio di macadamia ha anche forti propriet\u00e0 districanti e ammorbidenti, che facilitano lo styling e prevengono la rottura dei capelli.<\/p>\n<h3><strong>Un trattamento protettivo e antiet\u00e0 per i capelli<\/strong><\/h3>\n<p>Oltre alle sue propriet\u00e0 idratanti e riparatrici, l'Olio di Noce del Queensland agisce anche come un vero e proprio scudo contro gli aggressori esterni. Grazie al suo contenuto di vitamina E e squalene vegetale, protegge i capelli dagli effetti nocivi del sole, dell'inquinamento e degli strumenti di riscaldamento, fornendo al contempo una dose di antiossidanti che aiutano a prevenire l'invecchiamento precoce della fibra capillare.<\/p>\n<h2><strong>Olio di macadamia per il viso: un tesoro di benefici per la pelle<\/strong><\/h2>\n<p>L'olio di macadamia non fa miracoli solo sui capelli: \u00e8 molto apprezzato anche per i suoi benefici sulla pelle. La sua composizione ricca di acidi grassi e vitamine gli conferisce una serie di propriet\u00e0 che lo rendono un ingrediente fondamentale nei trattamenti per il viso:<\/p>\n<ul>\n<li><strong>Nutriente e idratante<\/strong>\u00a0L'olio di noce australiano fornisce alla pelle un'idratazione intensa e duratura. Rafforzando al contempo la barriera cutanea.<\/li>\n<li><strong>Rigenerante e curativo<\/strong>\u00a0Grazie all'elevato contenuto di acido palmitoleico, favorisce il rinnovamento cellulare e aiuta a riparare le microlesioni cutanee.<\/li>\n<li><strong>Lenitivo e antinfiammatorio<\/strong>\u00a0L'olio di noce australiano \u00e8 particolarmente indicato per le pelli sensibili e irritate, che lenisce e allevia rapidamente.<\/li>\n<li><strong>Protettivo e antiossidante<\/strong>\u00a0Preserva la giovinezza e la vitalit\u00e0 della pelle combattendo gli effetti dannosi dei radicali liberi.<\/li>\n<\/ul>\n<h2><strong>Un prezioso alleato per le future mamme durante la gravidanza<\/strong><\/h2>\n<p>Durante la gravidanza, la pelle subisce molti cambiamenti. Potrebbe aver bisogno di un piccolo aiuto per mantenere la sua bellezza ed elasticit\u00e0.<\/p>\n<p>L'olio di noce del Queensland \u00e8 un vero toccasana grazie alle sue propriet\u00e0 nutrienti, rigeneranti e protettive, che aiutano a combattere le smagliature e a mantenere l'elasticit\u00e0 della pelle.<\/p>\n<p>Inoltre, grazie alle sue propriet\u00e0 lenitive e antinfiammatorie. Questo olio naturale \u00e8 particolarmente indicato per le donne in gravidanza che soffrono di prurito o fastidi cutanei. Infine, la sua texture leggera e non grassa lo rende facile e veloce da applicare, evitando la sgradevole sensazione di untuosit\u00e0 sulla pelle.<\/p>\n<h2><strong>Utilizzo e consigli pratici per godere dei benefici dell'olio di macadamia<\/strong><\/h2>\n<h3><strong>Come si usa l'olio di macadamia sui capelli?<\/strong><\/h3>\n<p>Per sfruttare al meglio i benefici dell'olio di macadamia per i vostri capelli, ecco alcuni consigli:<\/p>\n<ol>\n<li><strong>Applicare l'olio naturale australiano sulle lunghezze e sulle punte dei capelli. <a href=\"https:\/\/www.safinel.fr\/it\/categoria-prodotto\/prodotto-per-capelli\/\">capelli<\/a>, evitando le radici.<\/strong><\/li>\n<li><strong>Lasciare agire per almeno 30 minuti o per tutta la notte per un trattamento ancora pi\u00f9 intenso.<\/strong><\/li>\n<li><strong>Risciacquare accuratamente con acqua tiepida, quindi procedere allo shampoo come di consueto.<\/strong><\/li>\n<\/ol>\n<h3><strong>Come si integra l'olio di macadamia nella propria routine di bellezza del viso?<\/strong><\/h3>\n<p>Per godere dei benefici dell'olio di noce australiano sul viso, seguite questi semplici passaggi:<\/p>\n<ol>\n<li><strong>Rimuovere il trucco e detergere accuratamente la pelle.<\/strong><\/li>\n<li><strong>Applicare qualche goccia di olio di macadamia sul viso, massaggiando delicatamente per far penetrare il prodotto.<\/strong><\/li>\n<li><strong>Potete anche aggiungere qualche goccia di olio di macadamia alla vostra crema idratante abituale per un effetto ancora pi\u00f9 nutriente.<\/strong><\/li>\n<\/ol>\n<p>In breve, l'olio di noce australiano \u00e8 una vera e propria pepita naturale che offre una serie di benefici di bellezza per i capelli, il viso e persino durante la gravidanza. Non vi resta che inserirlo nella vostra routine quotidiana per trarre il massimo vantaggio dalle sue eccezionali virt\u00f9!<\/p>","protected":false},"excerpt":{"rendered":"<p><strong>Usi :<\/strong><\/p>\n<ol>\n<li><strong>Applicare l'olio di macadamia sulle lunghezze e sulle punte dei capelli, evitando le radici.<\/strong><\/li>\n<li><strong>Lasciare agire per almeno 30 minuti o per tutta la notte per un trattamento ancora pi\u00f9 intenso.<\/strong><\/li>\n<li><strong>Risciacquare accuratamente con acqua tiepida, quindi procedere allo shampoo come di consueto.<\/strong><\/li>\n<\/ol>\n<p><img decoding=\"async\" class=\"size-full wp-image-5091 aligncenter\" src=\"https:\/\/www.safinel.fr\/wp-content\/uploads\/2021\/06\/BANNIERE-ICONE-SAFINEL.webp\" alt=\"riassicurazione satine\" width=\"800\" height=\"200\" srcset=\"https:\/\/www.safinel.fr\/wp-content\/uploads\/2021\/06\/BANNIERE-ICONE-SAFINEL.webp 800w, https:\/\/www.safinel.fr\/wp-content\/uploads\/2021\/06\/BANNIERE-ICONE-SAFINEL-600x150.webp 600w, https:\/\/www.safinel.fr\/wp-content\/uploads\/2021\/06\/BANNIERE-ICONE-SAFINEL-768x192.webp 768w\" sizes=\"(max-width: 800px) 100vw, 800px\" \/><\/p>","protected":false},"featured_media":5485,"template":"","meta":[],"product_brand":[],"product_cat":[146,122],"product_tag":[],"class_list":{"0":"post-5484","1":"product","2":"type-product","3":"status-publish","4":"has-post-thumbnail","6":"product_cat-produit-cheveux","7":"product_cat-huile-vegetale","9":"first","10":"instock","11":"shipping-taxable","12":"purchasable","13":"product-type-simple"},"yoast_head":"<!-- This site is optimized with the Yoast SEO plugin v26.6 - https:\/\/yoast.com\/wordpress\/plugins\/seo\/ -->\n<title>Huile de macadamia I Bienfaits nombreux pour les cheveux<\/title>\n<meta name=\"description\" content=\"Dans le domaine des soins naturels pour la peau, les cheveux et m\u00eame la grossesse, l&#039;huile de macadamia\u00a0est une v\u00e9ritable star.\" \/>\n<meta name=\"robots\" content=\"index, follow, max-snippet:-1, max-image-preview:large, max-video-preview:-1\" \/>\n<link rel=\"canonical\" href=\"https:\/\/www.safinel.fr\/it\/prodotto\/olio-di-macadamia\/\" \/>\n<meta property=\"og:locale\" content=\"it_IT\" \/>\n<meta property=\"og:type\" content=\"article\" \/>\n<meta property=\"og:title\" content=\"Huile de macadamia I Bienfaits nombreux pour les cheveux\" \/>\n<meta property=\"og:description\" content=\"Dans le domaine des soins naturels pour la peau, les cheveux et m\u00eame la grossesse, l&#039;huile de macadamia\u00a0est une v\u00e9ritable star.\" \/>\n<meta property=\"og:url\" content=\"https:\/\/www.safinel.fr\/it\/prodotto\/olio-di-macadamia\/\" \/>\n<meta property=\"og:site_name\" content=\"Safinel\" \/>\n<meta property=\"article:modified_time\" content=\"2023-12-28T17:15:55+00:00\" \/>\n<meta property=\"og:image\" content=\"https:\/\/www.safinel.fr\/wp-content\/uploads\/2023\/04\/Huile-de-macadamia.jpg\" \/>\n\t<meta property=\"og:image:width\" content=\"600\" \/>\n\t<meta property=\"og:image:height\" content=\"600\" \/>\n\t<meta property=\"og:image:type\" content=\"image\/jpeg\" \/>\n<meta name=\"twitter:card\" content=\"summary_large_image\" \/>\n<meta name=\"twitter:label1\" content=\"Tempo di lettura stimato\" \/>\n\t<meta name=\"twitter:data1\" content=\"4 minuti\" \/>\n<script type=\"application\/ld+json\" class=\"yoast-schema-graph\">{\"@context\":\"https:\/\/schema.org\",\"@graph\":[{\"@type\":\"WebPage\",\"@id\":\"https:\/\/www.safinel.fr\/produit\/huile-de-macadamia\/\",\"url\":\"https:\/\/www.safinel.fr\/produit\/huile-de-macadamia\/\",\"name\":\"Huile de macadamia I Bienfaits nombreux pour les cheveux\",\"isPartOf\":{\"@id\":\"https:\/\/www.safinel.fr\/#website\"},\"primaryImageOfPage\":{\"@id\":\"https:\/\/www.safinel.fr\/produit\/huile-de-macadamia\/#primaryimage\"},\"image\":{\"@id\":\"https:\/\/www.safinel.fr\/produit\/huile-de-macadamia\/#primaryimage\"},\"thumbnailUrl\":\"https:\/\/www.safinel.fr\/wp-content\/uploads\/2023\/04\/Huile-de-macadamia.jpg\",\"datePublished\":\"2023-04-14T18:17:39+00:00\",\"dateModified\":\"2023-12-28T17:15:55+00:00\",\"description\":\"Dans le domaine des soins naturels pour la peau, les cheveux et m\u00eame la grossesse, l'huile de macadamia\u00a0est une v\u00e9ritable star.\",\"breadcrumb\":{\"@id\":\"https:\/\/www.safinel.fr\/produit\/huile-de-macadamia\/#breadcrumb\"},\"inLanguage\":\"it-IT\",\"potentialAction\":[{\"@type\":\"ReadAction\",\"target\":[\"https:\/\/www.safinel.fr\/produit\/huile-de-macadamia\/\"]}]},{\"@type\":\"ImageObject\",\"inLanguage\":\"it-IT\",\"@id\":\"https:\/\/www.safinel.fr\/produit\/huile-de-macadamia\/#primaryimage\",\"url\":\"https:\/\/www.safinel.fr\/wp-content\/uploads\/2023\/04\/Huile-de-macadamia.jpg\",\"contentUrl\":\"https:\/\/www.safinel.fr\/wp-content\/uploads\/2023\/04\/Huile-de-macadamia.jpg\",\"width\":600,\"height\":600,\"caption\":\"Huile de macadamia\"},{\"@type\":\"BreadcrumbList\",\"@id\":\"https:\/\/www.safinel.fr\/produit\/huile-de-macadamia\/#breadcrumb\",\"itemListElement\":[{\"@type\":\"ListItem\",\"position\":1,\"name\":\"Accueil\",\"item\":\"https:\/\/www.safinel.fr\/\"},{\"@type\":\"ListItem\",\"position\":2,\"name\":\"Boutique\",\"item\":\"https:\/\/www.safinel.fr\/boutique\/\"},{\"@type\":\"ListItem\",\"position\":3,\"name\":\"Huile de macadamia 100ml\"}]},{\"@type\":\"WebSite\",\"@id\":\"https:\/\/www.safinel.fr\/#website\",\"url\":\"https:\/\/www.safinel.fr\/\",\"name\":\"Safinel\",\"description\":\"\",\"publisher\":{\"@id\":\"https:\/\/www.safinel.fr\/#organization\"},\"potentialAction\":[{\"@type\":\"SearchAction\",\"target\":{\"@type\":\"EntryPoint\",\"urlTemplate\":\"https:\/\/www.safinel.fr\/?s={search_term_string}\"},\"query-input\":{\"@type\":\"PropertyValueSpecification\",\"valueRequired\":true,\"valueName\":\"search_term_string\"}}],\"inLanguage\":\"it-IT\"},{\"@type\":\"Organization\",\"@id\":\"https:\/\/www.safinel.fr\/#organization\",\"name\":\"Safinel\",\"url\":\"https:\/\/www.safinel.fr\/\",\"logo\":{\"@type\":\"ImageObject\",\"inLanguage\":\"it-IT\",\"@id\":\"https:\/\/www.safinel.fr\/#\/schema\/logo\/image\/\",\"url\":\"https:\/\/www.safinel.fr\/wp-content\/uploads\/2021\/05\/boutique-cosmetique.png\",\"contentUrl\":\"https:\/\/www.safinel.fr\/wp-content\/uploads\/2021\/05\/boutique-cosmetique.png\",\"width\":800,\"height\":200,\"caption\":\"Safinel\"},\"image\":{\"@id\":\"https:\/\/www.safinel.fr\/#\/schema\/logo\/image\/\"}}]}<\/script>\n<!-- \/ Yoast SEO plugin. -->","yoast_head_json":{"title":"Olio di macadamia I Numerosi benefici per i capelli","description":"Quando si parla di prodotti naturali per la cura della pelle, dei capelli e persino della gravidanza, l'olio di macadamia \u00e8 una vera star.","robots":{"index":"index","follow":"follow","max-snippet":"max-snippet:-1","max-image-preview":"max-image-preview:large","max-video-preview":"max-video-preview:-1"},"canonical":"https:\/\/www.safinel.fr\/it\/prodotto\/olio-di-macadamia\/","og_locale":"it_IT","og_type":"article","og_title":"Huile de macadamia I Bienfaits nombreux pour les cheveux","og_description":"Dans le domaine des soins naturels pour la peau, les cheveux et m\u00eame la grossesse, l'huile de macadamia\u00a0est une v\u00e9ritable star.","og_url":"https:\/\/www.safinel.fr\/it\/prodotto\/olio-di-macadamia\/","og_site_name":"Safinel","article_modified_time":"2023-12-28T17:15:55+00:00","og_image":[{"width":600,"height":600,"url":"https:\/\/www.safinel.fr\/wp-content\/uploads\/2023\/04\/Huile-de-macadamia.jpg","type":"image\/jpeg"}],"twitter_card":"summary_large_image","twitter_misc":{"Tempo di lettura stimato":"4 minuti"},"schema":{"@context":"https:\/\/schema.org","@graph":[{"@type":"WebPage","@id":"https:\/\/www.safinel.fr\/produit\/huile-de-macadamia\/","url":"https:\/\/www.safinel.fr\/produit\/huile-de-macadamia\/","name":"Olio di macadamia I Numerosi benefici per i capelli","isPartOf":{"@id":"https:\/\/www.safinel.fr\/#website"},"primaryImageOfPage":{"@id":"https:\/\/www.safinel.fr\/produit\/huile-de-macadamia\/#primaryimage"},"image":{"@id":"https:\/\/www.safinel.fr\/produit\/huile-de-macadamia\/#primaryimage"},"thumbnailUrl":"https:\/\/www.safinel.fr\/wp-content\/uploads\/2023\/04\/Huile-de-macadamia.jpg","datePublished":"2023-04-14T18:17:39+00:00","dateModified":"2023-12-28T17:15:55+00:00","description":"Quando si parla di prodotti naturali per la cura della pelle, dei capelli e persino della gravidanza, l'olio di macadamia \u00e8 una vera star.","breadcrumb":{"@id":"https:\/\/www.safinel.fr\/produit\/huile-de-macadamia\/#breadcrumb"},"inLanguage":"it-IT","potentialAction":[{"@type":"ReadAction","target":["https:\/\/www.safinel.fr\/produit\/huile-de-macadamia\/"]}]},{"@type":"ImageObject","inLanguage":"it-IT","@id":"https:\/\/www.safinel.fr\/produit\/huile-de-macadamia\/#primaryimage","url":"https:\/\/www.safinel.fr\/wp-content\/uploads\/2023\/04\/Huile-de-macadamia.jpg","contentUrl":"https:\/\/www.safinel.fr\/wp-content\/uploads\/2023\/04\/Huile-de-macadamia.jpg","width":600,"height":600,"caption":"Huile de macadamia"},{"@type":"BreadcrumbList","@id":"https:\/\/www.safinel.fr\/produit\/huile-de-macadamia\/#breadcrumb","itemListElement":[{"@type":"ListItem","position":1,"name":"Accueil","item":"https:\/\/www.safinel.fr\/"},{"@type":"ListItem","position":2,"name":"Boutique","item":"https:\/\/www.safinel.fr\/boutique\/"},{"@type":"ListItem","position":3,"name":"Huile de macadamia 100ml"}]},{"@type":"WebSite","@id":"https:\/\/www.safinel.fr\/#website","url":"https:\/\/www.safinel.fr\/","name":"Safinel","description":"","publisher":{"@id":"https:\/\/www.safinel.fr\/#organization"},"potentialAction":[{"@type":"SearchAction","target":{"@type":"EntryPoint","urlTemplate":"https:\/\/www.safinel.fr\/?s={search_term_string}"},"query-input":{"@type":"PropertyValueSpecification","valueRequired":true,"valueName":"search_term_string"}}],"inLanguage":"it-IT"},{"@type":"Organization","@id":"https:\/\/www.safinel.fr\/#organization","name":"Safinel","url":"https:\/\/www.safinel.fr\/","logo":{"@type":"ImageObject","inLanguage":"it-IT","@id":"https:\/\/www.safinel.fr\/#\/schema\/logo\/image\/","url":"https:\/\/www.safinel.fr\/wp-content\/uploads\/2021\/05\/boutique-cosmetique.png","contentUrl":"https:\/\/www.safinel.fr\/wp-content\/uploads\/2021\/05\/boutique-cosmetique.png","width":800,"height":200,"caption":"Safinel"},"image":{"@id":"https:\/\/www.safinel.fr\/#\/schema\/logo\/image\/"}}]}},"_links":{"self":[{"href":"https:\/\/www.safinel.fr\/it\/wp-json\/wp\/v2\/product\/5484","targetHints":{"allow":["GET"]}}],"collection":[{"href":"https:\/\/www.safinel.fr\/it\/wp-json\/wp\/v2\/product"}],"about":[{"href":"https:\/\/www.safinel.fr\/it\/wp-json\/wp\/v2\/types\/product"}],"wp:featuredmedia":[{"embeddable":true,"href":"https:\/\/www.safinel.fr\/it\/wp-json\/wp\/v2\/media\/5485"}],"wp:attachment":[{"href":"https:\/\/www.safinel.fr\/it\/wp-json\/wp\/v2\/media?parent=5484"}],"wp:term":[{"taxonomy":"product_brand","embeddable":true,"href":"https:\/\/www.safinel.fr\/it\/wp-json\/wp\/v2\/product_brand?post=5484"},{"taxonomy":"product_cat","embeddable":true,"href":"https:\/\/www.safinel.fr\/it\/wp-json\/wp\/v2\/product_cat?post=5484"},{"taxonomy":"product_tag","embeddable":true,"href":"https:\/\/www.safinel.fr\/it\/wp-json\/wp\/v2\/product_tag?post=5484"}],"curies":[{"name":"wp","href":"https:\/\/api.w.org\/{rel}","templated":true}]}}