{"id":5441,"date":"2023-04-11T16:18:35","date_gmt":"2023-04-11T16:18:35","guid":{"rendered":"https:\/\/www.safinel.fr\/?post_type=product&#038;p=5441"},"modified":"2023-12-28T17:15:54","modified_gmt":"2023-12-28T17:15:54","slug":"habbat-al-moulouk","status":"publish","type":"product","link":"https:\/\/www.safinel.fr\/it\/prodotto\/habbat-al-moulouk\/","title":{"rendered":"5 Semi di Habbat al Moulouk"},"content":{"rendered":"<p>Per secoli le piante sono state utilizzate per i loro benefici sulla salute, in particolare per alleviare alcuni disturbi quotidiani. Tra queste c'\u00e8 il famoso Habbat al Moulouk, una pianta nota per le sue potenti propriet\u00e0 lassative. In questo articolo vi invitiamo a scoprire di pi\u00f9 su questa pianta poco conosciuta e su come utilizzarla per aiutare il transito intestinale.<\/p>\n<h2><strong>Perch\u00e9 scegliere Habbat al Moulouk come lassativo naturale?<\/strong><\/h2>\n<p>Chi soffre di stitichezza cerca spesso soluzioni per alleviare i movimenti intestinali. Sebbene esistano diversi farmaci in commercio, optare per un trattamento naturale pu\u00f2 essere un'alternativa interessante e meno invasiva per l'organismo. Si tratta di una pianta dalle propriet\u00e0 lassative riconosciute da migliaia di anni.<\/p>\n<h3><strong>Principi attivi efficaci<\/strong><\/h3>\n<p>Ci\u00f2 che rende questo lassativo naturale cos\u00ec speciale \u00e8 la sua ricchezza di sostanze attive con effetti lassativi.<\/p>\n<p><strong>Questi includono :<\/strong><\/p>\n<ul>\n<li><strong>Oli essenziali per favorire la contrazione intestinale;<\/strong><\/li>\n<li><strong>Antrachinoni, composti chimici che stimolano il transito;<\/strong><\/li>\n<li><strong>Fibre alimentari per facilitare i movimenti intestinali.<\/strong><\/li>\n<\/ul>\n<h3><strong>Uso tradizionale per la stitichezza<\/strong><\/h3>\n<p>L'Habbat al Moulouk \u00e8 una pianta medicinale utilizzata da secoli dai guaritori tradizionali e nella medicina persiana. La sua efficacia come lassativo naturale \u00e8 quindi supportata da una lunga storia di utilizzo.<\/p>\n<h2><strong>Come si pu\u00f2 usare Habbat al Moulouk per alleviare la stitichezza?<\/strong><\/h2>\n<p>Ci sono diversi modi di usare Habbat al Moulouk per beneficiare dei suoi effetti lassativi. Ecco alcuni metodi:<\/p>\n<ul>\n<li><strong>In infusione\u00a0<\/strong>Habbat al Moulouk: il modo pi\u00f9 comune di usare questa pianta \u00e8 come infuso. Basta far bollire dell'acqua e aggiungere alcuni semi di Habbat al Moulouk schiacciati. Lasciare in infusione per circa dieci minuti, quindi filtrare e bere l'infuso caldo. Fare attenzione a non bere pi\u00f9 di una tazza al giorno per evitare effetti indesiderati.<\/li>\n<li><a href=\"https:\/\/www.safinel.fr\/it\/categoria-prodotto\/gelule\/\"><strong>Capsule<\/strong><\/a> Capsule di Habbat al Moulouk: per chi preferisce una soluzione pi\u00f9 pratica, le capsule di Habbat al Moulouk sono disponibili in farmacia e nei negozi specializzati. Seguire attentamente le raccomandazioni del produttore per quanto riguarda il dosaggio e la durata del trattamento.<\/li>\n<li><strong>In polvere<\/strong> \u00c8 possibile consumare la pianta anche in polvere, ad esempio da mescolare allo yogurt o alla composta. Attenzione, per\u00f2, a non superare la quantit\u00e0 consigliata.<\/li>\n<\/ul>\n<h2><strong>Precauzioni per l'uso e controindicazioni con questi semi\u00a0<\/strong><b>naturale<\/b><\/h2>\n<p>Come per qualsiasi trattamento naturale. \u00c8 importante prendere alcune precauzioni quando si utilizzano questi semi come lassativi:<\/p>\n<ul>\n<li>Consultare sempre il medico prima di utilizzare questa pianta, soprattutto se si stanno gi\u00e0 assumendo farmaci, se si soffre di particolari problemi di salute o se si \u00e8 in gravidanza;<\/li>\n<li>Non superare le dosi consigliate e rispettare la durata del trattamento;<\/li>\n<li>Non utilizzare questo prodotto naturale per un lungo periodo di tempo senza il parere del medico, perch\u00e9 potrebbe causare assuefazione e alterare il normale funzionamento del sistema di transito intestinale;<\/li>\n<li>Alcune persone possono essere allergiche a questa pianta. In caso di reazione allergica, interrompere immediatamente l'uso e consultare un medico.<\/li>\n<\/ul>\n<h2><strong>Habbat al Moulouk: un alleato per il transito intestinale<\/strong><\/h2>\n<p>In conclusione, l'Habbat al Moulouk \u00e8 una pianta dalle potenti propriet\u00e0 lassative che pu\u00f2 dare un sollievo efficace e naturale alla stitichezza temporanea. Tuttavia, \u00e8 importante seguire attentamente le istruzioni e consultare un medico in caso di dubbi o se i sintomi persistono.<\/p>\n<h3><strong>In breve, l'Habbat al Moulouk :<\/strong><\/h3>\n<ol>\n<li>\u00c8 una potente pianta lassativa utilizzata da secoli;<\/li>\n<li>Contiene sostanze attive benefiche per il transito intestinale;<\/li>\n<li>Pu\u00f2 essere utilizzato in varie forme, come infusi o capsule;<\/li>\n<li>\u00c8 necessario adottare alcune precauzioni nell'uso e, se necessario, consultare un medico.<\/li>\n<\/ol>\n<p>Non esitate quindi a provare questa soluzione naturale per favorire il transito intestinale e dire addio ai problemi di stitichezza!<\/p>","protected":false},"excerpt":{"rendered":"<p><strong>Usi :<\/strong><\/p>\n<ul>\n<li><strong>In infusione\u00a0<\/strong>Habbat al Moulouk: il modo pi\u00f9 comune di usare questa pianta \u00e8 come infuso. Basta far bollire dell'acqua e aggiungere alcuni semi di Habbat al Moulouk schiacciati. Lasciare in infusione per circa dieci minuti, quindi filtrare e bere l'infuso caldo. Fare attenzione a non bere pi\u00f9 di una tazza al giorno per evitare effetti indesiderati.<\/li>\n<li><strong>Capsule<\/strong> Capsule di Habbat al Moulouk: per chi preferisce una soluzione pi\u00f9 pratica, le capsule di Habbat al Moulouk sono disponibili in farmacia e nei negozi specializzati. Seguire attentamente le raccomandazioni del produttore per quanto riguarda il dosaggio e la durata del trattamento.<\/li>\n<li><strong>In polvere<\/strong> \u00c8 possibile consumare la pianta anche in polvere, ad esempio da mescolare allo yogurt o alla composta. Attenzione, per\u00f2, a non superare la quantit\u00e0 consigliata.<\/li>\n<\/ul>\n<p><img decoding=\"async\" class=\"size-full wp-image-5091 aligncenter\" src=\"https:\/\/www.safinel.fr\/wp-content\/uploads\/2021\/06\/BANNIERE-ICONE-SAFINEL.webp\" alt=\"riassicurazione satine\" width=\"800\" height=\"200\" srcset=\"https:\/\/www.safinel.fr\/wp-content\/uploads\/2021\/06\/BANNIERE-ICONE-SAFINEL.webp 800w, https:\/\/www.safinel.fr\/wp-content\/uploads\/2021\/06\/BANNIERE-ICONE-SAFINEL-600x150.webp 600w, https:\/\/www.safinel.fr\/wp-content\/uploads\/2021\/06\/BANNIERE-ICONE-SAFINEL-768x192.webp 768w\" sizes=\"(max-width: 800px) 100vw, 800px\" \/><\/p>","protected":false},"featured_media":5443,"template":"","meta":[],"product_brand":[],"product_cat":[27],"product_tag":[],"class_list":{"0":"post-5441","1":"product","2":"type-product","3":"status-publish","4":"has-post-thumbnail","6":"product_cat-plantes-medicinales","8":"first","9":"outofstock","10":"shipping-taxable","11":"purchasable","12":"product-type-simple"},"yoast_head":"<!-- This site is optimized with the Yoast SEO plugin v26.6 - https:\/\/yoast.com\/wordpress\/plugins\/seo\/ -->\n<title>Habbat Al Moulouk I Graines naturelles aux bienfaits nombreux<\/title>\n<meta name=\"description\" content=\"Dans cet article, nous vous proposons de d\u00e9couvrir Habbat Al Moulouk cette plante m\u00e9connue qui poss\u00e8des des bienfaits nombreux.\" \/>\n<meta name=\"robots\" content=\"index, follow, max-snippet:-1, max-image-preview:large, max-video-preview:-1\" \/>\n<link rel=\"canonical\" href=\"https:\/\/www.safinel.fr\/it\/prodotto\/habbat-al-moulouk\/\" \/>\n<meta property=\"og:locale\" content=\"it_IT\" \/>\n<meta property=\"og:type\" content=\"article\" \/>\n<meta property=\"og:title\" content=\"Habbat Al Moulouk I Graines naturelles aux bienfaits nombreux\" \/>\n<meta property=\"og:description\" content=\"Dans cet article, nous vous proposons de d\u00e9couvrir Habbat Al Moulouk cette plante m\u00e9connue qui poss\u00e8des des bienfaits nombreux.\" \/>\n<meta property=\"og:url\" content=\"https:\/\/www.safinel.fr\/it\/prodotto\/habbat-al-moulouk\/\" \/>\n<meta property=\"og:site_name\" content=\"Safinel\" \/>\n<meta property=\"article:modified_time\" content=\"2023-12-28T17:15:54+00:00\" \/>\n<meta property=\"og:image\" content=\"https:\/\/www.safinel.fr\/wp-content\/uploads\/2023\/04\/graines-de-habbat-al-moulouk.jpg\" \/>\n\t<meta property=\"og:image:width\" content=\"600\" \/>\n\t<meta property=\"og:image:height\" content=\"600\" \/>\n\t<meta property=\"og:image:type\" content=\"image\/jpeg\" \/>\n<meta name=\"twitter:card\" content=\"summary_large_image\" \/>\n<meta name=\"twitter:label1\" content=\"Tempo di lettura stimato\" \/>\n\t<meta name=\"twitter:data1\" content=\"3 minuti\" \/>\n<script type=\"application\/ld+json\" class=\"yoast-schema-graph\">{\"@context\":\"https:\/\/schema.org\",\"@graph\":[{\"@type\":\"WebPage\",\"@id\":\"https:\/\/www.safinel.fr\/produit\/habbat-al-moulouk\/\",\"url\":\"https:\/\/www.safinel.fr\/produit\/habbat-al-moulouk\/\",\"name\":\"Habbat Al Moulouk I Graines naturelles aux bienfaits nombreux\",\"isPartOf\":{\"@id\":\"https:\/\/www.safinel.fr\/#website\"},\"primaryImageOfPage\":{\"@id\":\"https:\/\/www.safinel.fr\/produit\/habbat-al-moulouk\/#primaryimage\"},\"image\":{\"@id\":\"https:\/\/www.safinel.fr\/produit\/habbat-al-moulouk\/#primaryimage\"},\"thumbnailUrl\":\"https:\/\/www.safinel.fr\/wp-content\/uploads\/2023\/04\/graines-de-habbat-al-moulouk.jpg\",\"datePublished\":\"2023-04-11T16:18:35+00:00\",\"dateModified\":\"2023-12-28T17:15:54+00:00\",\"description\":\"Dans cet article, nous vous proposons de d\u00e9couvrir Habbat Al Moulouk cette plante m\u00e9connue qui poss\u00e8des des bienfaits nombreux.\",\"breadcrumb\":{\"@id\":\"https:\/\/www.safinel.fr\/produit\/habbat-al-moulouk\/#breadcrumb\"},\"inLanguage\":\"it-IT\",\"potentialAction\":[{\"@type\":\"ReadAction\",\"target\":[\"https:\/\/www.safinel.fr\/produit\/habbat-al-moulouk\/\"]}]},{\"@type\":\"ImageObject\",\"inLanguage\":\"it-IT\",\"@id\":\"https:\/\/www.safinel.fr\/produit\/habbat-al-moulouk\/#primaryimage\",\"url\":\"https:\/\/www.safinel.fr\/wp-content\/uploads\/2023\/04\/graines-de-habbat-al-moulouk.jpg\",\"contentUrl\":\"https:\/\/www.safinel.fr\/wp-content\/uploads\/2023\/04\/graines-de-habbat-al-moulouk.jpg\",\"width\":600,\"height\":600,\"caption\":\"5 graines de Habbat al Moulouk\"},{\"@type\":\"BreadcrumbList\",\"@id\":\"https:\/\/www.safinel.fr\/produit\/habbat-al-moulouk\/#breadcrumb\",\"itemListElement\":[{\"@type\":\"ListItem\",\"position\":1,\"name\":\"Accueil\",\"item\":\"https:\/\/www.safinel.fr\/\"},{\"@type\":\"ListItem\",\"position\":2,\"name\":\"Boutique\",\"item\":\"https:\/\/www.safinel.fr\/boutique\/\"},{\"@type\":\"ListItem\",\"position\":3,\"name\":\"5 graines de Habbat al Moulouk\"}]},{\"@type\":\"WebSite\",\"@id\":\"https:\/\/www.safinel.fr\/#website\",\"url\":\"https:\/\/www.safinel.fr\/\",\"name\":\"Safinel\",\"description\":\"\",\"publisher\":{\"@id\":\"https:\/\/www.safinel.fr\/#organization\"},\"potentialAction\":[{\"@type\":\"SearchAction\",\"target\":{\"@type\":\"EntryPoint\",\"urlTemplate\":\"https:\/\/www.safinel.fr\/?s={search_term_string}\"},\"query-input\":{\"@type\":\"PropertyValueSpecification\",\"valueRequired\":true,\"valueName\":\"search_term_string\"}}],\"inLanguage\":\"it-IT\"},{\"@type\":\"Organization\",\"@id\":\"https:\/\/www.safinel.fr\/#organization\",\"name\":\"Safinel\",\"url\":\"https:\/\/www.safinel.fr\/\",\"logo\":{\"@type\":\"ImageObject\",\"inLanguage\":\"it-IT\",\"@id\":\"https:\/\/www.safinel.fr\/#\/schema\/logo\/image\/\",\"url\":\"https:\/\/www.safinel.fr\/wp-content\/uploads\/2021\/05\/boutique-cosmetique.png\",\"contentUrl\":\"https:\/\/www.safinel.fr\/wp-content\/uploads\/2021\/05\/boutique-cosmetique.png\",\"width\":800,\"height\":200,\"caption\":\"Safinel\"},\"image\":{\"@id\":\"https:\/\/www.safinel.fr\/#\/schema\/logo\/image\/\"}}]}<\/script>\n<!-- \/ Yoast SEO plugin. -->","yoast_head_json":{"title":"Habbat Al Moulouk I Semi naturali con molti benefici","description":"In questo articolo vi invitiamo a scoprire l'Habbat Al Moulouk, una pianta poco conosciuta e dai molti benefici.","robots":{"index":"index","follow":"follow","max-snippet":"max-snippet:-1","max-image-preview":"max-image-preview:large","max-video-preview":"max-video-preview:-1"},"canonical":"https:\/\/www.safinel.fr\/it\/prodotto\/habbat-al-moulouk\/","og_locale":"it_IT","og_type":"article","og_title":"Habbat Al Moulouk I Graines naturelles aux bienfaits nombreux","og_description":"Dans cet article, nous vous proposons de d\u00e9couvrir Habbat Al Moulouk cette plante m\u00e9connue qui poss\u00e8des des bienfaits nombreux.","og_url":"https:\/\/www.safinel.fr\/it\/prodotto\/habbat-al-moulouk\/","og_site_name":"Safinel","article_modified_time":"2023-12-28T17:15:54+00:00","og_image":[{"width":600,"height":600,"url":"https:\/\/www.safinel.fr\/wp-content\/uploads\/2023\/04\/graines-de-habbat-al-moulouk.jpg","type":"image\/jpeg"}],"twitter_card":"summary_large_image","twitter_misc":{"Tempo di lettura stimato":"3 minuti"},"schema":{"@context":"https:\/\/schema.org","@graph":[{"@type":"WebPage","@id":"https:\/\/www.safinel.fr\/produit\/habbat-al-moulouk\/","url":"https:\/\/www.safinel.fr\/produit\/habbat-al-moulouk\/","name":"Habbat Al Moulouk I Semi naturali con molti benefici","isPartOf":{"@id":"https:\/\/www.safinel.fr\/#website"},"primaryImageOfPage":{"@id":"https:\/\/www.safinel.fr\/produit\/habbat-al-moulouk\/#primaryimage"},"image":{"@id":"https:\/\/www.safinel.fr\/produit\/habbat-al-moulouk\/#primaryimage"},"thumbnailUrl":"https:\/\/www.safinel.fr\/wp-content\/uploads\/2023\/04\/graines-de-habbat-al-moulouk.jpg","datePublished":"2023-04-11T16:18:35+00:00","dateModified":"2023-12-28T17:15:54+00:00","description":"In questo articolo vi invitiamo a scoprire l'Habbat Al Moulouk, una pianta poco conosciuta e dai molti benefici.","breadcrumb":{"@id":"https:\/\/www.safinel.fr\/produit\/habbat-al-moulouk\/#breadcrumb"},"inLanguage":"it-IT","potentialAction":[{"@type":"ReadAction","target":["https:\/\/www.safinel.fr\/produit\/habbat-al-moulouk\/"]}]},{"@type":"ImageObject","inLanguage":"it-IT","@id":"https:\/\/www.safinel.fr\/produit\/habbat-al-moulouk\/#primaryimage","url":"https:\/\/www.safinel.fr\/wp-content\/uploads\/2023\/04\/graines-de-habbat-al-moulouk.jpg","contentUrl":"https:\/\/www.safinel.fr\/wp-content\/uploads\/2023\/04\/graines-de-habbat-al-moulouk.jpg","width":600,"height":600,"caption":"5 graines de Habbat al Moulouk"},{"@type":"BreadcrumbList","@id":"https:\/\/www.safinel.fr\/produit\/habbat-al-moulouk\/#breadcrumb","itemListElement":[{"@type":"ListItem","position":1,"name":"Accueil","item":"https:\/\/www.safinel.fr\/"},{"@type":"ListItem","position":2,"name":"Boutique","item":"https:\/\/www.safinel.fr\/boutique\/"},{"@type":"ListItem","position":3,"name":"5 graines de Habbat al Moulouk"}]},{"@type":"WebSite","@id":"https:\/\/www.safinel.fr\/#website","url":"https:\/\/www.safinel.fr\/","name":"Safinel","description":"","publisher":{"@id":"https:\/\/www.safinel.fr\/#organization"},"potentialAction":[{"@type":"SearchAction","target":{"@type":"EntryPoint","urlTemplate":"https:\/\/www.safinel.fr\/?s={search_term_string}"},"query-input":{"@type":"PropertyValueSpecification","valueRequired":true,"valueName":"search_term_string"}}],"inLanguage":"it-IT"},{"@type":"Organization","@id":"https:\/\/www.safinel.fr\/#organization","name":"Safinel","url":"https:\/\/www.safinel.fr\/","logo":{"@type":"ImageObject","inLanguage":"it-IT","@id":"https:\/\/www.safinel.fr\/#\/schema\/logo\/image\/","url":"https:\/\/www.safinel.fr\/wp-content\/uploads\/2021\/05\/boutique-cosmetique.png","contentUrl":"https:\/\/www.safinel.fr\/wp-content\/uploads\/2021\/05\/boutique-cosmetique.png","width":800,"height":200,"caption":"Safinel"},"image":{"@id":"https:\/\/www.safinel.fr\/#\/schema\/logo\/image\/"}}]}},"_links":{"self":[{"href":"https:\/\/www.safinel.fr\/it\/wp-json\/wp\/v2\/product\/5441","targetHints":{"allow":["GET"]}}],"collection":[{"href":"https:\/\/www.safinel.fr\/it\/wp-json\/wp\/v2\/product"}],"about":[{"href":"https:\/\/www.safinel.fr\/it\/wp-json\/wp\/v2\/types\/product"}],"wp:featuredmedia":[{"embeddable":true,"href":"https:\/\/www.safinel.fr\/it\/wp-json\/wp\/v2\/media\/5443"}],"wp:attachment":[{"href":"https:\/\/www.safinel.fr\/it\/wp-json\/wp\/v2\/media?parent=5441"}],"wp:term":[{"taxonomy":"product_brand","embeddable":true,"href":"https:\/\/www.safinel.fr\/it\/wp-json\/wp\/v2\/product_brand?post=5441"},{"taxonomy":"product_cat","embeddable":true,"href":"https:\/\/www.safinel.fr\/it\/wp-json\/wp\/v2\/product_cat?post=5441"},{"taxonomy":"product_tag","embeddable":true,"href":"https:\/\/www.safinel.fr\/it\/wp-json\/wp\/v2\/product_tag?post=5441"}],"curies":[{"name":"wp","href":"https:\/\/api.w.org\/{rel}","templated":true}]}}