{"id":5411,"date":"2023-04-09T18:41:43","date_gmt":"2023-04-09T18:41:43","guid":{"rendered":"https:\/\/www.safinel.fr\/?post_type=product&#038;p=5411"},"modified":"2023-12-28T17:15:54","modified_gmt":"2023-12-28T17:15:54","slug":"chanca-piedra","status":"publish","type":"product","link":"https:\/\/www.safinel.fr\/it\/prodotto\/chanca-piedra\/","title":{"rendered":"Chanca Piedra (Phyllantus niuri)"},"content":{"rendered":"<p>In questo articolo parleremo di una pianta dalle mille virt\u00f9, la\u00a0<strong>Chanca Piedra<\/strong>. Questa pianta \u00e8 nota per i suoi benefici per la salute, in particolare per il trattamento dei problemi associati all'acido urico e ai calcoli renali. Vedremo anche come preparare una deliziosa tisana a base di questa pianta per godere dei suoi numerosi benefici.<\/p>\n<h2><strong>Che cos'\u00e8 la Chanca Piedra?<\/strong><\/h2>\n<p>La Chanca Piedra, nota anche come \u00abspaccapietre\u00bb, \u00e8 una pianta che cresce principalmente in Sud America e in Asia. <strong>Appartiene alla famiglia dei Phyllanthus e viene utilizzato da secoli dalle popolazioni locali per trattare diverse malattie.<\/strong>.<\/p>\n<p>Questa pianta \u00e8 nota per la sua capacit\u00e0 di aiutare a sciogliere ed evacuare i calcoli renali, eliminare l'acido urico e prevenire le infezioni del tratto urinario.<\/p>\n<h2><strong>I benefici della Chanca Piedra per la salute<\/strong><\/h2>\n<h3><strong>Azione sui calcoli renali<\/strong><\/h3>\n<p>Uno dei principali benefici del Phyllantus niuri \u00e8 la sua azione contro i calcoli renali. Questa pianta contiene sostanze attive che aiutano a sciogliere i calcoli e a prevenirne la formazione. Inoltre, ne facilita l'espulsione aumentando la produzione di\u2019<a href=\"https:\/\/www.safinel.fr\/it\/prodotto\/tenaglia\/\"><strong>urina<\/strong><\/a> e rilassare i muscoli dell'uretere. <strong>La pianta spaccapietre pu\u00f2 essere utilizzata efficacemente per trattare e prevenire i calcoli renali.<\/strong>.<\/p>\n<h3><strong>Azione sull'acido urico<\/strong><\/h3>\n<p>La Chanca Piedra \u00e8 utile anche per combattere l'eccesso di acido urico nell'organismo. Favorisce l'eliminazione di questo acido da parte dei reni e ne impedisce la cristallizzazione, evitando cos\u00ec la formazione di cristalli di urato.<\/p>\n<p>Inoltre, aiuta a ridurre l'infiammazione e il dolore causati dalla gotta, <strong>una malattia causata da un eccesso di acido urico<\/strong>.<\/p>\n<h3><strong>Chanca Piedra a p<\/strong><strong>prevenzione delle infezioni del tratto urinario<\/strong><\/h3>\n<p>Grazie alle sue propriet\u00e0 antibatteriche e antivirali, la Chanca Piedra pu\u00f2 aiutare a prevenire e trattare le infezioni del tratto urinario. Agisce inibendo la crescita dei batteri responsabili di queste infezioni e rafforzando il sistema immunitario. Questo rende\u00a0<strong>Chanca Piedra, un prezioso alleato per mantenere una buona salute urinaria<\/strong>.<\/p>\n<h2><strong>Come si prepara una tisana per trattare i calcoli renali?<\/strong><\/h2>\n<p>Per godere dei benefici della Chanca Piedra, si pu\u00f2 preparare una tisana a base di questa pianta.<\/p>\n<p><strong>Ecco come funziona:<\/strong><\/p>\n<ol>\n<li>Portare a ebollizione 500 ml di acqua in una casseruola.<\/li>\n<li>Aggiungere quindi 2 cucchiai di foglie secche di Chanca Piedra e lasciare in infusione per 15 minuti a fuoco lento.<\/li>\n<li>Filtrare il composto per eliminare le foglie.<\/li>\n<li>Bere questa tisana 2 o 3 volte al giorno per beneficiare dei suoi effetti sull'acido urico, sui calcoli renali e sulle infezioni del tratto urinario.<\/li>\n<\/ol>\n<h3><strong>Controindicazioni e precauzioni d'uso<\/strong><\/h3>\n<p>La Chanca Piedra \u00e8 generalmente considerata sicura se utilizzata alle dosi consigliate. Tuttavia, \u00e8 necessario adottare alcune precauzioni:<\/p>\n<ul>\n<li>Le donne in gravidanza o in allattamento dovrebbero evitare di assumere Phyllantus niuri. I suoi effetti sul feto e sul neonato non sono ben noti.<\/li>\n<li>Le persone che soffrono di malattie epatiche o renali dovrebbero consultare il medico prima di utilizzare questa pianta, poich\u00e9 pu\u00f2 influire sul funzionamento di questi organi.<\/li>\n<li>Se si stanno assumendo farmaci anticoagulanti, consultare il medico prima di assumere Phyllantus niuri. Pu\u00f2 aumentare il rischio di emorragie.<\/li>\n<li>In caso di dubbi, chiedere consiglio al medico prima di usare Chanca Piedra.<\/li>\n<\/ul>\n<p>La Chanca Piedra \u00e8 una pianta con molti benefici per la salute, <strong>in particolare per l'eliminazione dell'acido urico e il trattamento dei calcoli renali<\/strong>. Pu\u00f2 anche aiutare a prevenire le infezioni del tratto urinario grazie alle sue propriet\u00e0 antibatteriche e antivirali. Per trarre questi benefici, fate in modo che la tisana di Phyllantus niuri faccia parte della vostra routine quotidiana.<\/p>\n<p>Tuttavia, assicuratevi di seguire le dosi consigliate e, in caso di dubbi, consultate un medico.<\/p>","protected":false},"excerpt":{"rendered":"<p><strong>Preparazione della tisana :<\/strong><\/p>\n<ol>\n<li>Portare a ebollizione 500 ml di acqua in una casseruola.<\/li>\n<li>Aggiungere quindi 2 cucchiai di foglie secche di Chanca Piedra e lasciare in infusione per 15 minuti a fuoco lento.<\/li>\n<li>Filtrare il composto per eliminare le foglie.<\/li>\n<li>Bere questa tisana 2 o 3 volte al giorno per beneficiare dei suoi effetti sull'acido urico, sui calcoli renali e sulle infezioni del tratto urinario.<\/li>\n<\/ol>\n<p><img decoding=\"async\" class=\"size-full wp-image-5091 aligncenter\" src=\"https:\/\/www.safinel.fr\/wp-content\/uploads\/2021\/06\/BANNIERE-ICONE-SAFINEL.webp\" alt=\"riassicurazione satine\" width=\"800\" height=\"200\" srcset=\"https:\/\/www.safinel.fr\/wp-content\/uploads\/2021\/06\/BANNIERE-ICONE-SAFINEL.webp 800w, https:\/\/www.safinel.fr\/wp-content\/uploads\/2021\/06\/BANNIERE-ICONE-SAFINEL-600x150.webp 600w, https:\/\/www.safinel.fr\/wp-content\/uploads\/2021\/06\/BANNIERE-ICONE-SAFINEL-768x192.webp 768w\" sizes=\"(max-width: 800px) 100vw, 800px\" \/><\/p>","protected":false},"featured_media":5412,"template":"","meta":[],"product_brand":[],"product_cat":[27],"product_tag":[],"class_list":{"0":"post-5411","1":"product","2":"type-product","3":"status-publish","4":"has-post-thumbnail","6":"product_cat-plantes-medicinales","8":"first","9":"instock","10":"shipping-taxable","11":"product-type-simple"},"yoast_head":"<!-- This site is optimized with the Yoast SEO plugin v26.6 - https:\/\/yoast.com\/wordpress\/plugins\/seo\/ -->\n<title>Chanca Piedra I Id\u00e9al contre l&#039;acide urique et calculs r\u00e9naux<\/title>\n<meta name=\"description\" content=\"Chanca Piedra est connue pour ses bienfaits sur la sant\u00e9, en particulier dans le traitement des probl\u00e8mes li\u00e9s \u00e0 l&#039;acide urique et aux calculs r\u00e9naux.\" \/>\n<meta name=\"robots\" content=\"index, follow, max-snippet:-1, max-image-preview:large, max-video-preview:-1\" \/>\n<link rel=\"canonical\" href=\"https:\/\/www.safinel.fr\/it\/prodotto\/chanca-piedra\/\" \/>\n<meta property=\"og:locale\" content=\"it_IT\" \/>\n<meta property=\"og:type\" content=\"article\" \/>\n<meta property=\"og:title\" content=\"Chanca Piedra I Id\u00e9al contre l&#039;acide urique et calculs r\u00e9naux\" \/>\n<meta property=\"og:description\" content=\"Chanca Piedra est connue pour ses bienfaits sur la sant\u00e9, en particulier dans le traitement des probl\u00e8mes li\u00e9s \u00e0 l&#039;acide urique et aux calculs r\u00e9naux.\" \/>\n<meta property=\"og:url\" content=\"https:\/\/www.safinel.fr\/it\/prodotto\/chanca-piedra\/\" \/>\n<meta property=\"og:site_name\" content=\"Safinel\" \/>\n<meta property=\"article:modified_time\" content=\"2023-12-28T17:15:54+00:00\" \/>\n<meta property=\"og:image\" content=\"https:\/\/www.safinel.fr\/wp-content\/uploads\/2023\/04\/Chanca-Piedra-Phyllantus-niuri.jpg\" \/>\n\t<meta property=\"og:image:width\" content=\"600\" \/>\n\t<meta property=\"og:image:height\" content=\"600\" \/>\n\t<meta property=\"og:image:type\" content=\"image\/jpeg\" \/>\n<meta name=\"twitter:card\" content=\"summary_large_image\" \/>\n<meta name=\"twitter:label1\" content=\"Tempo di lettura stimato\" \/>\n\t<meta name=\"twitter:data1\" content=\"3 minuti\" \/>\n<script type=\"application\/ld+json\" class=\"yoast-schema-graph\">{\"@context\":\"https:\/\/schema.org\",\"@graph\":[{\"@type\":\"WebPage\",\"@id\":\"https:\/\/www.safinel.fr\/produit\/chanca-piedra\/\",\"url\":\"https:\/\/www.safinel.fr\/produit\/chanca-piedra\/\",\"name\":\"Chanca Piedra I Id\u00e9al contre l'acide urique et calculs r\u00e9naux\",\"isPartOf\":{\"@id\":\"https:\/\/www.safinel.fr\/#website\"},\"primaryImageOfPage\":{\"@id\":\"https:\/\/www.safinel.fr\/produit\/chanca-piedra\/#primaryimage\"},\"image\":{\"@id\":\"https:\/\/www.safinel.fr\/produit\/chanca-piedra\/#primaryimage\"},\"thumbnailUrl\":\"https:\/\/www.safinel.fr\/wp-content\/uploads\/2023\/04\/Chanca-Piedra-Phyllantus-niuri.jpg\",\"datePublished\":\"2023-04-09T18:41:43+00:00\",\"dateModified\":\"2023-12-28T17:15:54+00:00\",\"description\":\"Chanca Piedra est connue pour ses bienfaits sur la sant\u00e9, en particulier dans le traitement des probl\u00e8mes li\u00e9s \u00e0 l'acide urique et aux calculs r\u00e9naux.\",\"breadcrumb\":{\"@id\":\"https:\/\/www.safinel.fr\/produit\/chanca-piedra\/#breadcrumb\"},\"inLanguage\":\"it-IT\",\"potentialAction\":[{\"@type\":\"ReadAction\",\"target\":[\"https:\/\/www.safinel.fr\/produit\/chanca-piedra\/\"]}]},{\"@type\":\"ImageObject\",\"inLanguage\":\"it-IT\",\"@id\":\"https:\/\/www.safinel.fr\/produit\/chanca-piedra\/#primaryimage\",\"url\":\"https:\/\/www.safinel.fr\/wp-content\/uploads\/2023\/04\/Chanca-Piedra-Phyllantus-niuri.jpg\",\"contentUrl\":\"https:\/\/www.safinel.fr\/wp-content\/uploads\/2023\/04\/Chanca-Piedra-Phyllantus-niuri.jpg\",\"width\":600,\"height\":600,\"caption\":\"Chanca Piedra (Phyllantus niuri)\"},{\"@type\":\"BreadcrumbList\",\"@id\":\"https:\/\/www.safinel.fr\/produit\/chanca-piedra\/#breadcrumb\",\"itemListElement\":[{\"@type\":\"ListItem\",\"position\":1,\"name\":\"Accueil\",\"item\":\"https:\/\/www.safinel.fr\/\"},{\"@type\":\"ListItem\",\"position\":2,\"name\":\"Boutique\",\"item\":\"https:\/\/www.safinel.fr\/boutique\/\"},{\"@type\":\"ListItem\",\"position\":3,\"name\":\"Chanca Piedra (Phyllantus niuri)\"}]},{\"@type\":\"WebSite\",\"@id\":\"https:\/\/www.safinel.fr\/#website\",\"url\":\"https:\/\/www.safinel.fr\/\",\"name\":\"Safinel\",\"description\":\"\",\"publisher\":{\"@id\":\"https:\/\/www.safinel.fr\/#organization\"},\"potentialAction\":[{\"@type\":\"SearchAction\",\"target\":{\"@type\":\"EntryPoint\",\"urlTemplate\":\"https:\/\/www.safinel.fr\/?s={search_term_string}\"},\"query-input\":{\"@type\":\"PropertyValueSpecification\",\"valueRequired\":true,\"valueName\":\"search_term_string\"}}],\"inLanguage\":\"it-IT\"},{\"@type\":\"Organization\",\"@id\":\"https:\/\/www.safinel.fr\/#organization\",\"name\":\"Safinel\",\"url\":\"https:\/\/www.safinel.fr\/\",\"logo\":{\"@type\":\"ImageObject\",\"inLanguage\":\"it-IT\",\"@id\":\"https:\/\/www.safinel.fr\/#\/schema\/logo\/image\/\",\"url\":\"https:\/\/www.safinel.fr\/wp-content\/uploads\/2021\/05\/boutique-cosmetique.png\",\"contentUrl\":\"https:\/\/www.safinel.fr\/wp-content\/uploads\/2021\/05\/boutique-cosmetique.png\",\"width\":800,\"height\":200,\"caption\":\"Safinel\"},\"image\":{\"@id\":\"https:\/\/www.safinel.fr\/#\/schema\/logo\/image\/\"}}]}<\/script>\n<!-- \/ Yoast SEO plugin. -->","yoast_head_json":{"title":"Chanca Piedra I Ideale per l'acido urico e i calcoli renali","description":"La Chanca Piedra \u00e8 rinomata per i suoi benefici per la salute, in particolare nel trattamento dei problemi associati all'acido urico e ai calcoli renali.","robots":{"index":"index","follow":"follow","max-snippet":"max-snippet:-1","max-image-preview":"max-image-preview:large","max-video-preview":"max-video-preview:-1"},"canonical":"https:\/\/www.safinel.fr\/it\/prodotto\/chanca-piedra\/","og_locale":"it_IT","og_type":"article","og_title":"Chanca Piedra I Id\u00e9al contre l'acide urique et calculs r\u00e9naux","og_description":"Chanca Piedra est connue pour ses bienfaits sur la sant\u00e9, en particulier dans le traitement des probl\u00e8mes li\u00e9s \u00e0 l'acide urique et aux calculs r\u00e9naux.","og_url":"https:\/\/www.safinel.fr\/it\/prodotto\/chanca-piedra\/","og_site_name":"Safinel","article_modified_time":"2023-12-28T17:15:54+00:00","og_image":[{"width":600,"height":600,"url":"https:\/\/www.safinel.fr\/wp-content\/uploads\/2023\/04\/Chanca-Piedra-Phyllantus-niuri.jpg","type":"image\/jpeg"}],"twitter_card":"summary_large_image","twitter_misc":{"Tempo di lettura stimato":"3 minuti"},"schema":{"@context":"https:\/\/schema.org","@graph":[{"@type":"WebPage","@id":"https:\/\/www.safinel.fr\/produit\/chanca-piedra\/","url":"https:\/\/www.safinel.fr\/produit\/chanca-piedra\/","name":"Chanca Piedra I Ideale per l'acido urico e i calcoli renali","isPartOf":{"@id":"https:\/\/www.safinel.fr\/#website"},"primaryImageOfPage":{"@id":"https:\/\/www.safinel.fr\/produit\/chanca-piedra\/#primaryimage"},"image":{"@id":"https:\/\/www.safinel.fr\/produit\/chanca-piedra\/#primaryimage"},"thumbnailUrl":"https:\/\/www.safinel.fr\/wp-content\/uploads\/2023\/04\/Chanca-Piedra-Phyllantus-niuri.jpg","datePublished":"2023-04-09T18:41:43+00:00","dateModified":"2023-12-28T17:15:54+00:00","description":"La Chanca Piedra \u00e8 rinomata per i suoi benefici per la salute, in particolare nel trattamento dei problemi associati all'acido urico e ai calcoli renali.","breadcrumb":{"@id":"https:\/\/www.safinel.fr\/produit\/chanca-piedra\/#breadcrumb"},"inLanguage":"it-IT","potentialAction":[{"@type":"ReadAction","target":["https:\/\/www.safinel.fr\/produit\/chanca-piedra\/"]}]},{"@type":"ImageObject","inLanguage":"it-IT","@id":"https:\/\/www.safinel.fr\/produit\/chanca-piedra\/#primaryimage","url":"https:\/\/www.safinel.fr\/wp-content\/uploads\/2023\/04\/Chanca-Piedra-Phyllantus-niuri.jpg","contentUrl":"https:\/\/www.safinel.fr\/wp-content\/uploads\/2023\/04\/Chanca-Piedra-Phyllantus-niuri.jpg","width":600,"height":600,"caption":"Chanca Piedra (Phyllantus niuri)"},{"@type":"BreadcrumbList","@id":"https:\/\/www.safinel.fr\/produit\/chanca-piedra\/#breadcrumb","itemListElement":[{"@type":"ListItem","position":1,"name":"Accueil","item":"https:\/\/www.safinel.fr\/"},{"@type":"ListItem","position":2,"name":"Boutique","item":"https:\/\/www.safinel.fr\/boutique\/"},{"@type":"ListItem","position":3,"name":"Chanca Piedra (Phyllantus niuri)"}]},{"@type":"WebSite","@id":"https:\/\/www.safinel.fr\/#website","url":"https:\/\/www.safinel.fr\/","name":"Safinel","description":"","publisher":{"@id":"https:\/\/www.safinel.fr\/#organization"},"potentialAction":[{"@type":"SearchAction","target":{"@type":"EntryPoint","urlTemplate":"https:\/\/www.safinel.fr\/?s={search_term_string}"},"query-input":{"@type":"PropertyValueSpecification","valueRequired":true,"valueName":"search_term_string"}}],"inLanguage":"it-IT"},{"@type":"Organization","@id":"https:\/\/www.safinel.fr\/#organization","name":"Safinel","url":"https:\/\/www.safinel.fr\/","logo":{"@type":"ImageObject","inLanguage":"it-IT","@id":"https:\/\/www.safinel.fr\/#\/schema\/logo\/image\/","url":"https:\/\/www.safinel.fr\/wp-content\/uploads\/2021\/05\/boutique-cosmetique.png","contentUrl":"https:\/\/www.safinel.fr\/wp-content\/uploads\/2021\/05\/boutique-cosmetique.png","width":800,"height":200,"caption":"Safinel"},"image":{"@id":"https:\/\/www.safinel.fr\/#\/schema\/logo\/image\/"}}]}},"_links":{"self":[{"href":"https:\/\/www.safinel.fr\/it\/wp-json\/wp\/v2\/product\/5411","targetHints":{"allow":["GET"]}}],"collection":[{"href":"https:\/\/www.safinel.fr\/it\/wp-json\/wp\/v2\/product"}],"about":[{"href":"https:\/\/www.safinel.fr\/it\/wp-json\/wp\/v2\/types\/product"}],"wp:featuredmedia":[{"embeddable":true,"href":"https:\/\/www.safinel.fr\/it\/wp-json\/wp\/v2\/media\/5412"}],"wp:attachment":[{"href":"https:\/\/www.safinel.fr\/it\/wp-json\/wp\/v2\/media?parent=5411"}],"wp:term":[{"taxonomy":"product_brand","embeddable":true,"href":"https:\/\/www.safinel.fr\/it\/wp-json\/wp\/v2\/product_brand?post=5411"},{"taxonomy":"product_cat","embeddable":true,"href":"https:\/\/www.safinel.fr\/it\/wp-json\/wp\/v2\/product_cat?post=5411"},{"taxonomy":"product_tag","embeddable":true,"href":"https:\/\/www.safinel.fr\/it\/wp-json\/wp\/v2\/product_tag?post=5411"}],"curies":[{"name":"wp","href":"https:\/\/api.w.org\/{rel}","templated":true}]}}