{"id":5402,"date":"2023-04-09T17:20:46","date_gmt":"2023-04-09T17:20:46","guid":{"rendered":"https:\/\/www.safinel.fr\/?post_type=product&#038;p=5402"},"modified":"2025-01-12T20:12:46","modified_gmt":"2025-01-12T20:12:46","slug":"gombo-in-polvere","status":"publish","type":"product","link":"https:\/\/www.safinel.fr\/it\/prodotto\/gombo-in-polvere\/","title":{"rendered":"Gombo in polvere 100 g"},"content":{"rendered":"<p>I prodotti naturali offrono un'esperienza di gusto autentica e piacevole. I loro sapori ricchi e variegati deliziano le papille gustative e apportano benefici alla salute. Scegliendo<strong>\u00a0alimenti non trasformati<\/strong>, Con Safinel, siete un passo avanti verso abitudini alimentari pi\u00f9 sane e sostenibili. Per questo motivo il vostro negozio online Safinel desidera presentarvi il\u00a0<strong>Gombo in polvere<\/strong>\u00a0!<\/p>\n<h2><strong>Che cos'\u00e8 la polvere di gombo?<\/strong><\/h2>\n<p>La polvere di gombo \u00e8 un prodotto naturale che sta guadagnando popolarit\u00e0 grazie ai suoi numerosi benefici per la salute. Questa polvere \u00e8 ottenuta da\u00a0<strong>gombo essiccato<\/strong>\u00a0e macinato in una polvere fine, per ottenere un ottimo\u00a0<strong>integratore alimentare<\/strong>.<\/p>\n<p>Il gombo \u00e8 ricco di nutrienti essenziali come fibre, vitamina C, vitamina K e magnesio. \u00c8 anche una fonte di calcio, ferro e vitamina B. E Ricca di antiossidanti, pu\u00f2 essere un vantaggio contro i radicali liberi.<\/p>\n<h2><strong>Scoprite i benefici della polvere di gombo!<\/strong><\/h2>\n<p>Uno dei principali vantaggi di<strong>\u00a0Gombo in polvere<\/strong>\u00a0\u00e8 la sua capacit\u00e0 di regolare i livelli di zucchero nel sangue. Le fibre presenti nel gombo aiutano a rallentare l'insorgenza del diabete. <strong><a href=\"https:\/\/www.safinel.fr\/it\/prodotto\/achillea\/\">digestione<\/a><\/strong> carboidrati, contribuendo a mantenere stabili i livelli di zucchero nel sangue e a prevenire i picchi glicemici. Questo lo rende un integratore alimentare particolarmente vantaggioso per le persone affette da diabete.<\/p>\n<p>\u00c8 noto anche per le sue propriet\u00e0 antinfiammatorie. Pu\u00f2 contribuire a ridurre l'infiammazione nell'organismo, riducendo il rischio di malattie croniche come l'artrite, le malattie cardiache e alcuni tipi di cancro.<\/p>\n<p>Infine, questo<strong>\u00a0polvere naturale<\/strong>\u00a0pu\u00f2 contribuire a migliorare la digestione. Le fibre contenute aiutano a regolare il transito intestinale e a prevenire la stitichezza.<\/p>\n<h3><strong>Scegliete il naturale!<\/strong><\/h3>\n<p>Ora che avete conosciuto questo\u00a0<strong>tesoro naturale<\/strong>, Perch\u00e9 non utilizzarlo come\u00a0<strong>integratore alimentare naturale\u00a0<\/strong>? Sta a voi decidere!<\/p>\n<p>Inoltre, la vostra boutique Safinel vorrebbe che scopriste anche la\u00a0<strong>Farina Placali<\/strong>. Se non ne avete ancora sentito parlare, cercatelo in un prossimo articolo!<\/p>\n<p>Non esitate a venire a gustare i prodotti naturali che fanno bene alla salute!<\/p>","protected":false},"excerpt":{"rendered":"<p><img decoding=\"async\" class=\"size-full wp-image-5091 aligncenter\" src=\"https:\/\/www.safinel.fr\/wp-content\/uploads\/2021\/06\/BANNIERE-ICONE-SAFINEL.webp\" alt=\"riassicurazione satine\" width=\"800\" height=\"200\" srcset=\"https:\/\/www.safinel.fr\/wp-content\/uploads\/2021\/06\/BANNIERE-ICONE-SAFINEL.webp 800w, https:\/\/www.safinel.fr\/wp-content\/uploads\/2021\/06\/BANNIERE-ICONE-SAFINEL-600x150.webp 600w, https:\/\/www.safinel.fr\/wp-content\/uploads\/2021\/06\/BANNIERE-ICONE-SAFINEL-768x192.webp 768w\" sizes=\"(max-width: 800px) 100vw, 800px\" \/><\/p>","protected":false},"featured_media":5403,"template":"","meta":[],"product_brand":[],"product_cat":[59,150],"product_tag":[],"class_list":{"0":"post-5402","1":"product","2":"type-product","3":"status-publish","4":"has-post-thumbnail","6":"product_cat-fruit-tropical","7":"product_cat-legume-africain","9":"first","10":"instock","11":"shipping-taxable","12":"purchasable","13":"product-type-simple"},"yoast_head":"<!-- This site is optimized with the Yoast SEO plugin v26.6 - https:\/\/yoast.com\/wordpress\/plugins\/seo\/ -->\n<title>Poudre de gombo I Bienfaits nombreux I Vertus aphrodisiaque<\/title>\n<meta name=\"description\" content=\"La poudre de gombo est un produit naturel qui gagne en popularit\u00e9 en raison de ses nombreux avantages pour la sant\u00e9. Adoptez-l\u00e0 !\" \/>\n<meta name=\"robots\" content=\"index, follow, max-snippet:-1, max-image-preview:large, max-video-preview:-1\" \/>\n<link rel=\"canonical\" href=\"https:\/\/www.safinel.fr\/it\/prodotto\/gombo-in-polvere\/\" \/>\n<meta property=\"og:locale\" content=\"it_IT\" \/>\n<meta property=\"og:type\" content=\"article\" \/>\n<meta property=\"og:title\" content=\"Poudre de gombo I Bienfaits nombreux I Vertus aphrodisiaque\" \/>\n<meta property=\"og:description\" content=\"La poudre de gombo est un produit naturel qui gagne en popularit\u00e9 en raison de ses nombreux avantages pour la sant\u00e9. Adoptez-l\u00e0 !\" \/>\n<meta property=\"og:url\" content=\"https:\/\/www.safinel.fr\/it\/prodotto\/gombo-in-polvere\/\" \/>\n<meta property=\"og:site_name\" content=\"Safinel\" \/>\n<meta property=\"article:modified_time\" content=\"2025-01-12T20:12:46+00:00\" \/>\n<meta property=\"og:image\" content=\"https:\/\/www.safinel.fr\/wp-content\/uploads\/2023\/04\/poudre-de-gombo.jpg\" \/>\n\t<meta property=\"og:image:width\" content=\"600\" \/>\n\t<meta property=\"og:image:height\" content=\"600\" \/>\n\t<meta property=\"og:image:type\" content=\"image\/jpeg\" \/>\n<meta name=\"twitter:card\" content=\"summary_large_image\" \/>\n<meta name=\"twitter:label1\" content=\"Tempo di lettura stimato\" \/>\n\t<meta name=\"twitter:data1\" content=\"2 minuti\" \/>\n<script type=\"application\/ld+json\" class=\"yoast-schema-graph\">{\"@context\":\"https:\/\/schema.org\",\"@graph\":[{\"@type\":\"WebPage\",\"@id\":\"https:\/\/www.safinel.fr\/produit\/poudre-de-gombo\/\",\"url\":\"https:\/\/www.safinel.fr\/produit\/poudre-de-gombo\/\",\"name\":\"Poudre de gombo I Bienfaits nombreux I Vertus aphrodisiaque\",\"isPartOf\":{\"@id\":\"https:\/\/www.safinel.fr\/#website\"},\"primaryImageOfPage\":{\"@id\":\"https:\/\/www.safinel.fr\/produit\/poudre-de-gombo\/#primaryimage\"},\"image\":{\"@id\":\"https:\/\/www.safinel.fr\/produit\/poudre-de-gombo\/#primaryimage\"},\"thumbnailUrl\":\"https:\/\/www.safinel.fr\/wp-content\/uploads\/2023\/04\/poudre-de-gombo.jpg\",\"datePublished\":\"2023-04-09T17:20:46+00:00\",\"dateModified\":\"2025-01-12T20:12:46+00:00\",\"description\":\"La poudre de gombo est un produit naturel qui gagne en popularit\u00e9 en raison de ses nombreux avantages pour la sant\u00e9. Adoptez-l\u00e0 !\",\"breadcrumb\":{\"@id\":\"https:\/\/www.safinel.fr\/produit\/poudre-de-gombo\/#breadcrumb\"},\"inLanguage\":\"it-IT\",\"potentialAction\":[{\"@type\":\"ReadAction\",\"target\":[\"https:\/\/www.safinel.fr\/produit\/poudre-de-gombo\/\"]}]},{\"@type\":\"ImageObject\",\"inLanguage\":\"it-IT\",\"@id\":\"https:\/\/www.safinel.fr\/produit\/poudre-de-gombo\/#primaryimage\",\"url\":\"https:\/\/www.safinel.fr\/wp-content\/uploads\/2023\/04\/poudre-de-gombo.jpg\",\"contentUrl\":\"https:\/\/www.safinel.fr\/wp-content\/uploads\/2023\/04\/poudre-de-gombo.jpg\",\"width\":600,\"height\":600,\"caption\":\"Poudre de gombo 100g\"},{\"@type\":\"BreadcrumbList\",\"@id\":\"https:\/\/www.safinel.fr\/produit\/poudre-de-gombo\/#breadcrumb\",\"itemListElement\":[{\"@type\":\"ListItem\",\"position\":1,\"name\":\"Accueil\",\"item\":\"https:\/\/www.safinel.fr\/\"},{\"@type\":\"ListItem\",\"position\":2,\"name\":\"Boutique\",\"item\":\"https:\/\/www.safinel.fr\/boutique\/\"},{\"@type\":\"ListItem\",\"position\":3,\"name\":\"Poudre de gombo 100g\"}]},{\"@type\":\"WebSite\",\"@id\":\"https:\/\/www.safinel.fr\/#website\",\"url\":\"https:\/\/www.safinel.fr\/\",\"name\":\"Safinel\",\"description\":\"\",\"publisher\":{\"@id\":\"https:\/\/www.safinel.fr\/#organization\"},\"potentialAction\":[{\"@type\":\"SearchAction\",\"target\":{\"@type\":\"EntryPoint\",\"urlTemplate\":\"https:\/\/www.safinel.fr\/?s={search_term_string}\"},\"query-input\":{\"@type\":\"PropertyValueSpecification\",\"valueRequired\":true,\"valueName\":\"search_term_string\"}}],\"inLanguage\":\"it-IT\"},{\"@type\":\"Organization\",\"@id\":\"https:\/\/www.safinel.fr\/#organization\",\"name\":\"Safinel\",\"url\":\"https:\/\/www.safinel.fr\/\",\"logo\":{\"@type\":\"ImageObject\",\"inLanguage\":\"it-IT\",\"@id\":\"https:\/\/www.safinel.fr\/#\/schema\/logo\/image\/\",\"url\":\"https:\/\/www.safinel.fr\/wp-content\/uploads\/2021\/05\/boutique-cosmetique.png\",\"contentUrl\":\"https:\/\/www.safinel.fr\/wp-content\/uploads\/2021\/05\/boutique-cosmetique.png\",\"width\":800,\"height\":200,\"caption\":\"Safinel\"},\"image\":{\"@id\":\"https:\/\/www.safinel.fr\/#\/schema\/logo\/image\/\"}}]}<\/script>\n<!-- \/ Yoast SEO plugin. -->","yoast_head_json":{"title":"Polvere di gombo I Numerosi benefici I Propriet\u00e0 afrodisiache","description":"La polvere di gombo \u00e8 un prodotto naturale che sta guadagnando popolarit\u00e0 grazie ai suoi numerosi benefici per la salute. Provatela!","robots":{"index":"index","follow":"follow","max-snippet":"max-snippet:-1","max-image-preview":"max-image-preview:large","max-video-preview":"max-video-preview:-1"},"canonical":"https:\/\/www.safinel.fr\/it\/prodotto\/gombo-in-polvere\/","og_locale":"it_IT","og_type":"article","og_title":"Poudre de gombo I Bienfaits nombreux I Vertus aphrodisiaque","og_description":"La poudre de gombo est un produit naturel qui gagne en popularit\u00e9 en raison de ses nombreux avantages pour la sant\u00e9. Adoptez-l\u00e0 !","og_url":"https:\/\/www.safinel.fr\/it\/prodotto\/gombo-in-polvere\/","og_site_name":"Safinel","article_modified_time":"2025-01-12T20:12:46+00:00","og_image":[{"width":600,"height":600,"url":"https:\/\/www.safinel.fr\/wp-content\/uploads\/2023\/04\/poudre-de-gombo.jpg","type":"image\/jpeg"}],"twitter_card":"summary_large_image","twitter_misc":{"Tempo di lettura stimato":"2 minuti"},"schema":{"@context":"https:\/\/schema.org","@graph":[{"@type":"WebPage","@id":"https:\/\/www.safinel.fr\/produit\/poudre-de-gombo\/","url":"https:\/\/www.safinel.fr\/produit\/poudre-de-gombo\/","name":"Polvere di gombo I Numerosi benefici I Propriet\u00e0 afrodisiache","isPartOf":{"@id":"https:\/\/www.safinel.fr\/#website"},"primaryImageOfPage":{"@id":"https:\/\/www.safinel.fr\/produit\/poudre-de-gombo\/#primaryimage"},"image":{"@id":"https:\/\/www.safinel.fr\/produit\/poudre-de-gombo\/#primaryimage"},"thumbnailUrl":"https:\/\/www.safinel.fr\/wp-content\/uploads\/2023\/04\/poudre-de-gombo.jpg","datePublished":"2023-04-09T17:20:46+00:00","dateModified":"2025-01-12T20:12:46+00:00","description":"La polvere di gombo \u00e8 un prodotto naturale che sta guadagnando popolarit\u00e0 grazie ai suoi numerosi benefici per la salute. Provatela!","breadcrumb":{"@id":"https:\/\/www.safinel.fr\/produit\/poudre-de-gombo\/#breadcrumb"},"inLanguage":"it-IT","potentialAction":[{"@type":"ReadAction","target":["https:\/\/www.safinel.fr\/produit\/poudre-de-gombo\/"]}]},{"@type":"ImageObject","inLanguage":"it-IT","@id":"https:\/\/www.safinel.fr\/produit\/poudre-de-gombo\/#primaryimage","url":"https:\/\/www.safinel.fr\/wp-content\/uploads\/2023\/04\/poudre-de-gombo.jpg","contentUrl":"https:\/\/www.safinel.fr\/wp-content\/uploads\/2023\/04\/poudre-de-gombo.jpg","width":600,"height":600,"caption":"Poudre de gombo 100g"},{"@type":"BreadcrumbList","@id":"https:\/\/www.safinel.fr\/produit\/poudre-de-gombo\/#breadcrumb","itemListElement":[{"@type":"ListItem","position":1,"name":"Accueil","item":"https:\/\/www.safinel.fr\/"},{"@type":"ListItem","position":2,"name":"Boutique","item":"https:\/\/www.safinel.fr\/boutique\/"},{"@type":"ListItem","position":3,"name":"Poudre de gombo 100g"}]},{"@type":"WebSite","@id":"https:\/\/www.safinel.fr\/#website","url":"https:\/\/www.safinel.fr\/","name":"Safinel","description":"","publisher":{"@id":"https:\/\/www.safinel.fr\/#organization"},"potentialAction":[{"@type":"SearchAction","target":{"@type":"EntryPoint","urlTemplate":"https:\/\/www.safinel.fr\/?s={search_term_string}"},"query-input":{"@type":"PropertyValueSpecification","valueRequired":true,"valueName":"search_term_string"}}],"inLanguage":"it-IT"},{"@type":"Organization","@id":"https:\/\/www.safinel.fr\/#organization","name":"Safinel","url":"https:\/\/www.safinel.fr\/","logo":{"@type":"ImageObject","inLanguage":"it-IT","@id":"https:\/\/www.safinel.fr\/#\/schema\/logo\/image\/","url":"https:\/\/www.safinel.fr\/wp-content\/uploads\/2021\/05\/boutique-cosmetique.png","contentUrl":"https:\/\/www.safinel.fr\/wp-content\/uploads\/2021\/05\/boutique-cosmetique.png","width":800,"height":200,"caption":"Safinel"},"image":{"@id":"https:\/\/www.safinel.fr\/#\/schema\/logo\/image\/"}}]}},"_links":{"self":[{"href":"https:\/\/www.safinel.fr\/it\/wp-json\/wp\/v2\/product\/5402","targetHints":{"allow":["GET"]}}],"collection":[{"href":"https:\/\/www.safinel.fr\/it\/wp-json\/wp\/v2\/product"}],"about":[{"href":"https:\/\/www.safinel.fr\/it\/wp-json\/wp\/v2\/types\/product"}],"wp:featuredmedia":[{"embeddable":true,"href":"https:\/\/www.safinel.fr\/it\/wp-json\/wp\/v2\/media\/5403"}],"wp:attachment":[{"href":"https:\/\/www.safinel.fr\/it\/wp-json\/wp\/v2\/media?parent=5402"}],"wp:term":[{"taxonomy":"product_brand","embeddable":true,"href":"https:\/\/www.safinel.fr\/it\/wp-json\/wp\/v2\/product_brand?post=5402"},{"taxonomy":"product_cat","embeddable":true,"href":"https:\/\/www.safinel.fr\/it\/wp-json\/wp\/v2\/product_cat?post=5402"},{"taxonomy":"product_tag","embeddable":true,"href":"https:\/\/www.safinel.fr\/it\/wp-json\/wp\/v2\/product_tag?post=5402"}],"curies":[{"name":"wp","href":"https:\/\/api.w.org\/{rel}","templated":true}]}}