{"id":5394,"date":"2023-04-09T12:36:40","date_gmt":"2023-04-09T12:36:40","guid":{"rendered":"https:\/\/www.safinel.fr\/?post_type=product&#038;p=5394"},"modified":"2025-12-02T10:34:56","modified_gmt":"2025-12-02T10:34:56","slug":"caramelle-allo-zenzero-begue","status":"publish","type":"product","link":"https:\/\/www.safinel.fr\/it\/prodotto\/caramelle-allo-zenzero-begue\/","title":{"rendered":"Dolci allo zenzero ingannati"},"content":{"rendered":"<p>I golosi di dolci hanno di che gioire... Scoprite lo zenzero! \u00c8 un ingrediente versatile che pu\u00f2 aggiungere un tocco di spezie a qualsiasi dolce. Quando si assaggia un\u00a0<strong>caramelle allo zenzero<\/strong>, Sarete accolti da un'esplosione di sapori che stuzzicheranno le vostre papille gustative, ma non \u00e8 tutto... Accomodatevi e scoprite la<strong>\u00a0Caramelle allo zenzero B\u00e9gu\u00e9<\/strong>\u00a0!<\/p>\n<h2><strong>Scoprire finalmente\u00a0<\/strong><strong>b<\/strong><strong>Dolci allo zenzero B\u00e9gu\u00e9<\/strong><strong>\u00a0!<\/strong><\/h2>\n<p>Le caramelle allo zenzero B\u00e9gu\u00e9 sono un prodotto unico nel suo genere.<strong>\u00a0Specialit\u00e0 senegalese<\/strong>\u00a0a base di zenzero fresco e zucchero. Questo dolce tradizionale viene utilizzato per alleviare\u00a0<strong>mal di stomaco<\/strong>\u00a0e nausea. Il gusto caldo e speziato dello zenzero si fonde perfettamente con lo zucchero e la consistenza morbida della caramella. \u00c8 un'esperienza di gusto unica che delizier\u00e0 i vostri sensi e vi lascer\u00e0 con la voglia di saperne di pi\u00f9...<\/p>\n<h2><strong>Il b<\/strong><strong>Dolci allo zenzero B\u00e9gu\u00e9, un delizioso afrodisiaco!<\/strong><\/h2>\n<p>A\u00a0<strong>Safinel<\/strong>, Nel nostro negozio potete trovare caramelle allo zenzero B\u00e9gu\u00e9 di alta qualit\u00e0! Comodamente confezionate, sono disponibili nel nostro negozio per soddisfare le vostre esigenze.<\/p>\n<p>Oltre alle sue propriet\u00e0 medicinali, il Bonbon Gingembre B\u00e9gu\u00e9 possiede un\u00a0<strong>gusto unico e delizioso<\/strong>\u00a0che sicuramente piacer\u00e0 a tutti gli amanti dei dolci. \u00c8 dolce e leggermente piccante, con una consistenza che si scioglie in bocca.<\/p>\n<p>Prova questo\u00a0<strong>caramelle allo zenzero<\/strong>\u00a0e scoprite perch\u00e9 \u00e8 il preferito dagli appassionati di dolci senegalesi!<\/p>\n<h3><strong>Un piccolo aiuto per la vostra libido?<\/strong><\/h3>\n<p>Lo zenzero viene spesso elogiato per i suoi numerosi benefici per la salute, ma poche persone sono a conoscenza dei suoi benefici per l'intimit\u00e0. Le caramelle allo zenzero possono aiutare a\u00a0<strong><a href=\"https:\/\/www.safinel.fr\/it\/prodotto\/caramelle-black-horse\/\">stimolare la libido<\/a>\u00a0<\/strong>e migliorare le prestazioni sessuali. \u00c8 noto anche che aumenta la circolazione sanguigna, il che pu\u00f2 contribuire a<strong>\u00a0mantenere l'erezione<\/strong>\u00a0pi\u00f9 a lungo e intensificare l'orgasmo.<\/p>\n<p>Infine, lo zenzero pu\u00f2 contribuire a ridurre lo stress e l'ansia, migliorando l'umore e le relazioni intime. Tuttavia, \u00e8 importante consultare un professionista della salute prima di utilizzare lo zenzero per trattare problemi medici.<\/p>","protected":false},"excerpt":{"rendered":"<p><img decoding=\"async\" class=\"size-full wp-image-5091 aligncenter\" src=\"https:\/\/www.safinel.fr\/wp-content\/uploads\/2021\/06\/BANNIERE-ICONE-SAFINEL.webp\" alt=\"riassicurazione satine\" width=\"800\" height=\"200\" srcset=\"https:\/\/www.safinel.fr\/wp-content\/uploads\/2021\/06\/BANNIERE-ICONE-SAFINEL.webp 800w, https:\/\/www.safinel.fr\/wp-content\/uploads\/2021\/06\/BANNIERE-ICONE-SAFINEL-600x150.webp 600w, https:\/\/www.safinel.fr\/wp-content\/uploads\/2021\/06\/BANNIERE-ICONE-SAFINEL-768x192.webp 768w\" sizes=\"(max-width: 800px) 100vw, 800px\" \/><\/p>","protected":false},"featured_media":5395,"template":"","meta":[],"product_brand":[],"product_cat":[102],"product_tag":[],"class_list":{"0":"post-5394","1":"product","2":"type-product","3":"status-publish","4":"has-post-thumbnail","6":"product_cat-bonbon-aphrodisiaque","8":"first","9":"outofstock","10":"shipping-taxable","11":"purchasable","12":"product-type-variable"},"yoast_head":"<!-- This site is optimized with the Yoast SEO plugin v26.6 - https:\/\/yoast.com\/wordpress\/plugins\/seo\/ -->\n<title>Bonbons au gingembre b\u00e9gu\u00e9 I Bonbon aphrodisiaque<\/title>\n<meta name=\"description\" content=\"Les bonbons au gingembre B\u00e9gu\u00e9 sont une\u00a0sp\u00e9cialit\u00e9 s\u00e9n\u00e9galaise\u00a0fabriqu\u00e9e \u00e0 partir de gingembre frais et de sucre. Bonne d\u00e9gustation !\" \/>\n<meta name=\"robots\" content=\"index, follow, max-snippet:-1, max-image-preview:large, max-video-preview:-1\" \/>\n<link rel=\"canonical\" href=\"https:\/\/www.safinel.fr\/it\/prodotto\/caramelle-allo-zenzero-begue\/\" \/>\n<meta property=\"og:locale\" content=\"it_IT\" \/>\n<meta property=\"og:type\" content=\"article\" \/>\n<meta property=\"og:title\" content=\"Bonbons au gingembre b\u00e9gu\u00e9 I Bonbon aphrodisiaque\" \/>\n<meta property=\"og:description\" content=\"Les bonbons au gingembre B\u00e9gu\u00e9 sont une\u00a0sp\u00e9cialit\u00e9 s\u00e9n\u00e9galaise\u00a0fabriqu\u00e9e \u00e0 partir de gingembre frais et de sucre. Bonne d\u00e9gustation !\" \/>\n<meta property=\"og:url\" content=\"https:\/\/www.safinel.fr\/it\/prodotto\/caramelle-allo-zenzero-begue\/\" \/>\n<meta property=\"og:site_name\" content=\"Safinel\" \/>\n<meta property=\"article:modified_time\" content=\"2025-12-02T10:34:56+00:00\" \/>\n<meta property=\"og:image\" content=\"https:\/\/www.safinel.fr\/wp-content\/uploads\/2023\/04\/Bonbon-Gingembre-Begue.jpg\" \/>\n\t<meta property=\"og:image:width\" content=\"600\" \/>\n\t<meta property=\"og:image:height\" content=\"600\" \/>\n\t<meta property=\"og:image:type\" content=\"image\/jpeg\" \/>\n<meta name=\"twitter:card\" content=\"summary_large_image\" \/>\n<meta name=\"twitter:label1\" content=\"Tempo di lettura stimato\" \/>\n\t<meta name=\"twitter:data1\" content=\"2 minuti\" \/>\n<script type=\"application\/ld+json\" class=\"yoast-schema-graph\">{\"@context\":\"https:\/\/schema.org\",\"@graph\":[{\"@type\":\"WebPage\",\"@id\":\"https:\/\/www.safinel.fr\/produit\/bonbons-au-gingembre-begue\/\",\"url\":\"https:\/\/www.safinel.fr\/produit\/bonbons-au-gingembre-begue\/\",\"name\":\"Bonbons au gingembre b\u00e9gu\u00e9 I Bonbon aphrodisiaque\",\"isPartOf\":{\"@id\":\"https:\/\/www.safinel.fr\/#website\"},\"primaryImageOfPage\":{\"@id\":\"https:\/\/www.safinel.fr\/produit\/bonbons-au-gingembre-begue\/#primaryimage\"},\"image\":{\"@id\":\"https:\/\/www.safinel.fr\/produit\/bonbons-au-gingembre-begue\/#primaryimage\"},\"thumbnailUrl\":\"https:\/\/www.safinel.fr\/wp-content\/uploads\/2023\/04\/Bonbon-Gingembre-Begue.jpg\",\"datePublished\":\"2023-04-09T12:36:40+00:00\",\"dateModified\":\"2025-12-02T10:34:56+00:00\",\"description\":\"Les bonbons au gingembre B\u00e9gu\u00e9 sont une\u00a0sp\u00e9cialit\u00e9 s\u00e9n\u00e9galaise\u00a0fabriqu\u00e9e \u00e0 partir de gingembre frais et de sucre. Bonne d\u00e9gustation !\",\"breadcrumb\":{\"@id\":\"https:\/\/www.safinel.fr\/produit\/bonbons-au-gingembre-begue\/#breadcrumb\"},\"inLanguage\":\"it-IT\",\"potentialAction\":[{\"@type\":\"ReadAction\",\"target\":[\"https:\/\/www.safinel.fr\/produit\/bonbons-au-gingembre-begue\/\"]}]},{\"@type\":\"ImageObject\",\"inLanguage\":\"it-IT\",\"@id\":\"https:\/\/www.safinel.fr\/produit\/bonbons-au-gingembre-begue\/#primaryimage\",\"url\":\"https:\/\/www.safinel.fr\/wp-content\/uploads\/2023\/04\/Bonbon-Gingembre-Begue.jpg\",\"contentUrl\":\"https:\/\/www.safinel.fr\/wp-content\/uploads\/2023\/04\/Bonbon-Gingembre-Begue.jpg\",\"width\":600,\"height\":600,\"caption\":\"Bonbons au gingembre b\u00e9gu\u00e9\"},{\"@type\":\"BreadcrumbList\",\"@id\":\"https:\/\/www.safinel.fr\/produit\/bonbons-au-gingembre-begue\/#breadcrumb\",\"itemListElement\":[{\"@type\":\"ListItem\",\"position\":1,\"name\":\"Accueil\",\"item\":\"https:\/\/www.safinel.fr\/\"},{\"@type\":\"ListItem\",\"position\":2,\"name\":\"Boutique\",\"item\":\"https:\/\/www.safinel.fr\/boutique\/\"},{\"@type\":\"ListItem\",\"position\":3,\"name\":\"Bonbons au gingembre b\u00e9gu\u00e9\"}]},{\"@type\":\"WebSite\",\"@id\":\"https:\/\/www.safinel.fr\/#website\",\"url\":\"https:\/\/www.safinel.fr\/\",\"name\":\"Safinel\",\"description\":\"\",\"publisher\":{\"@id\":\"https:\/\/www.safinel.fr\/#organization\"},\"potentialAction\":[{\"@type\":\"SearchAction\",\"target\":{\"@type\":\"EntryPoint\",\"urlTemplate\":\"https:\/\/www.safinel.fr\/?s={search_term_string}\"},\"query-input\":{\"@type\":\"PropertyValueSpecification\",\"valueRequired\":true,\"valueName\":\"search_term_string\"}}],\"inLanguage\":\"it-IT\"},{\"@type\":\"Organization\",\"@id\":\"https:\/\/www.safinel.fr\/#organization\",\"name\":\"Safinel\",\"url\":\"https:\/\/www.safinel.fr\/\",\"logo\":{\"@type\":\"ImageObject\",\"inLanguage\":\"it-IT\",\"@id\":\"https:\/\/www.safinel.fr\/#\/schema\/logo\/image\/\",\"url\":\"https:\/\/www.safinel.fr\/wp-content\/uploads\/2021\/05\/boutique-cosmetique.png\",\"contentUrl\":\"https:\/\/www.safinel.fr\/wp-content\/uploads\/2021\/05\/boutique-cosmetique.png\",\"width\":800,\"height\":200,\"caption\":\"Safinel\"},\"image\":{\"@id\":\"https:\/\/www.safinel.fr\/#\/schema\/logo\/image\/\"}}]}<\/script>\n<!-- \/ Yoast SEO plugin. -->","yoast_head_json":{"title":"Caramelle allo zenzero ammaliate I Caramelle afrodisiache","description":"I dolci allo zenzero B\u00e9gu\u00e9 sono una specialit\u00e0 senegalese a base di zenzero fresco e zucchero. Godeteveli!","robots":{"index":"index","follow":"follow","max-snippet":"max-snippet:-1","max-image-preview":"max-image-preview:large","max-video-preview":"max-video-preview:-1"},"canonical":"https:\/\/www.safinel.fr\/it\/prodotto\/caramelle-allo-zenzero-begue\/","og_locale":"it_IT","og_type":"article","og_title":"Bonbons au gingembre b\u00e9gu\u00e9 I Bonbon aphrodisiaque","og_description":"Les bonbons au gingembre B\u00e9gu\u00e9 sont une\u00a0sp\u00e9cialit\u00e9 s\u00e9n\u00e9galaise\u00a0fabriqu\u00e9e \u00e0 partir de gingembre frais et de sucre. Bonne d\u00e9gustation !","og_url":"https:\/\/www.safinel.fr\/it\/prodotto\/caramelle-allo-zenzero-begue\/","og_site_name":"Safinel","article_modified_time":"2025-12-02T10:34:56+00:00","og_image":[{"width":600,"height":600,"url":"https:\/\/www.safinel.fr\/wp-content\/uploads\/2023\/04\/Bonbon-Gingembre-Begue.jpg","type":"image\/jpeg"}],"twitter_card":"summary_large_image","twitter_misc":{"Tempo di lettura stimato":"2 minuti"},"schema":{"@context":"https:\/\/schema.org","@graph":[{"@type":"WebPage","@id":"https:\/\/www.safinel.fr\/produit\/bonbons-au-gingembre-begue\/","url":"https:\/\/www.safinel.fr\/produit\/bonbons-au-gingembre-begue\/","name":"Caramelle allo zenzero ammaliate I Caramelle afrodisiache","isPartOf":{"@id":"https:\/\/www.safinel.fr\/#website"},"primaryImageOfPage":{"@id":"https:\/\/www.safinel.fr\/produit\/bonbons-au-gingembre-begue\/#primaryimage"},"image":{"@id":"https:\/\/www.safinel.fr\/produit\/bonbons-au-gingembre-begue\/#primaryimage"},"thumbnailUrl":"https:\/\/www.safinel.fr\/wp-content\/uploads\/2023\/04\/Bonbon-Gingembre-Begue.jpg","datePublished":"2023-04-09T12:36:40+00:00","dateModified":"2025-12-02T10:34:56+00:00","description":"I dolci allo zenzero B\u00e9gu\u00e9 sono una specialit\u00e0 senegalese a base di zenzero fresco e zucchero. Godeteveli!","breadcrumb":{"@id":"https:\/\/www.safinel.fr\/produit\/bonbons-au-gingembre-begue\/#breadcrumb"},"inLanguage":"it-IT","potentialAction":[{"@type":"ReadAction","target":["https:\/\/www.safinel.fr\/produit\/bonbons-au-gingembre-begue\/"]}]},{"@type":"ImageObject","inLanguage":"it-IT","@id":"https:\/\/www.safinel.fr\/produit\/bonbons-au-gingembre-begue\/#primaryimage","url":"https:\/\/www.safinel.fr\/wp-content\/uploads\/2023\/04\/Bonbon-Gingembre-Begue.jpg","contentUrl":"https:\/\/www.safinel.fr\/wp-content\/uploads\/2023\/04\/Bonbon-Gingembre-Begue.jpg","width":600,"height":600,"caption":"Bonbons au gingembre b\u00e9gu\u00e9"},{"@type":"BreadcrumbList","@id":"https:\/\/www.safinel.fr\/produit\/bonbons-au-gingembre-begue\/#breadcrumb","itemListElement":[{"@type":"ListItem","position":1,"name":"Accueil","item":"https:\/\/www.safinel.fr\/"},{"@type":"ListItem","position":2,"name":"Boutique","item":"https:\/\/www.safinel.fr\/boutique\/"},{"@type":"ListItem","position":3,"name":"Bonbons au gingembre b\u00e9gu\u00e9"}]},{"@type":"WebSite","@id":"https:\/\/www.safinel.fr\/#website","url":"https:\/\/www.safinel.fr\/","name":"Safinel","description":"","publisher":{"@id":"https:\/\/www.safinel.fr\/#organization"},"potentialAction":[{"@type":"SearchAction","target":{"@type":"EntryPoint","urlTemplate":"https:\/\/www.safinel.fr\/?s={search_term_string}"},"query-input":{"@type":"PropertyValueSpecification","valueRequired":true,"valueName":"search_term_string"}}],"inLanguage":"it-IT"},{"@type":"Organization","@id":"https:\/\/www.safinel.fr\/#organization","name":"Safinel","url":"https:\/\/www.safinel.fr\/","logo":{"@type":"ImageObject","inLanguage":"it-IT","@id":"https:\/\/www.safinel.fr\/#\/schema\/logo\/image\/","url":"https:\/\/www.safinel.fr\/wp-content\/uploads\/2021\/05\/boutique-cosmetique.png","contentUrl":"https:\/\/www.safinel.fr\/wp-content\/uploads\/2021\/05\/boutique-cosmetique.png","width":800,"height":200,"caption":"Safinel"},"image":{"@id":"https:\/\/www.safinel.fr\/#\/schema\/logo\/image\/"}}]}},"_links":{"self":[{"href":"https:\/\/www.safinel.fr\/it\/wp-json\/wp\/v2\/product\/5394","targetHints":{"allow":["GET"]}}],"collection":[{"href":"https:\/\/www.safinel.fr\/it\/wp-json\/wp\/v2\/product"}],"about":[{"href":"https:\/\/www.safinel.fr\/it\/wp-json\/wp\/v2\/types\/product"}],"wp:featuredmedia":[{"embeddable":true,"href":"https:\/\/www.safinel.fr\/it\/wp-json\/wp\/v2\/media\/5395"}],"wp:attachment":[{"href":"https:\/\/www.safinel.fr\/it\/wp-json\/wp\/v2\/media?parent=5394"}],"wp:term":[{"taxonomy":"product_brand","embeddable":true,"href":"https:\/\/www.safinel.fr\/it\/wp-json\/wp\/v2\/product_brand?post=5394"},{"taxonomy":"product_cat","embeddable":true,"href":"https:\/\/www.safinel.fr\/it\/wp-json\/wp\/v2\/product_cat?post=5394"},{"taxonomy":"product_tag","embeddable":true,"href":"https:\/\/www.safinel.fr\/it\/wp-json\/wp\/v2\/product_tag?post=5394"}],"curies":[{"name":"wp","href":"https:\/\/api.w.org\/{rel}","templated":true}]}}