{"id":538,"date":"2021-11-13T14:05:00","date_gmt":"2021-11-13T14:05:00","guid":{"rendered":"https:\/\/www.safinel.fr\/?post_type=product&#038;p=538"},"modified":"2025-10-14T15:12:33","modified_gmt":"2025-10-14T15:12:33","slug":"issopo","status":"publish","type":"product","link":"https:\/\/www.safinel.fr\/it\/prodotto\/issopo\/","title":{"rendered":"Sacchetto di foglie di issopo 45 g"},"content":{"rendered":"<p><strong>Issopo<\/strong>\u00a0\u00e8 una pianta perenne aromatica con un delizioso sapore di menta. Per questo \u00e8 perfetta per tisane e altri rimedi erboristici.<\/p>\n<p>Viene utilizzata anche come spezia culinaria, incorporata in oli profumati per saponi, candele e pot-pourri.<\/p>\n<p>Le foglie sono utilizzate in alcuni sciroppi per la tosse, mentre le radici hanno propriet\u00e0 antibiotiche. Se siete alla ricerca di un'erba multiuso, non cercate altro che questa!<\/p>\n<h2><strong>Che cos'\u00e8 l'issopo e come pu\u00f2 aiutarvi?<\/strong><\/h2>\n<p>L'issopo \u00e8 un arbusto utilizzato da secoli in Medio Oriente e nella regione mediterranea. Si trova comunemente anche in India, Cina e Nord America.<\/p>\n<p>La famiglia delle Lamiaceae comprende molte piante, tra cui l'issopo. La parola \u00bbissopo\u00bb deriva da un'antica espressione greca che significa \u00bbguarire\u00ab. Questo piccolo arbusto pu\u00f2 crescere fino a 70 cm di altezza, con belle foglie e fiori profumati!<\/p>\n<p>In realt\u00e0, esistono due variet\u00e0 diverse: Hyssopus officinalis var. officinalis, una variet\u00e0 pi\u00f9 comune conosciuta come issopo officinale. In secondo luogo, c'\u00e8 l'Hyssopus montana, un tempo noto come Decumbensia, i cui rami sono piatti.<\/p>\n<p>Innanzitutto, questa pianta aromatica \u00e8 nota per le sue potenti propriet\u00e0 terapeutiche. Un infuso di issopo migliora la respirazione e favorisce il rilassamento.<\/p>\n<p>Si ritiene che agisca rilasciando alcune sostanze chimiche cerebrali chiamate neurotrasmettitori. Questi trasmettono impulsi nervosi al cervello, rendendo pi\u00f9 sonnolento e quindi pi\u00f9 facile addormentarsi.<\/p>\n<p>Questa pianta medicinale viene utilizzata sia internamente che esternamente. Se assunta per via interna, cio\u00e8 per ingestione, favorisce la chiarezza mentale e la memoria.<\/p>\n<p>Viene spesso utilizzata a livello terapeutico come tisana per indurre la sudorazione e migliorare la circolazione sanguigna. In particolare nei casi di ictus e febbre alta.<\/p>\n<p>Le foglie di issopo contengono acido rosmarinico, che ha propriet\u00e0 antinfiammatorie. Per questo motivo se ne consiglia l'uso contro alcune infezioni polmonari e la tosse.<\/p>\n<p>Possiedono inoltre un'attivit\u00e0 antibatterica contro alcuni tipi di microbi come pneumococco, stafilococco, meningite e gonococco. Ma anche Bacillus subtilis, pseudomonas aeruginosa e altri.<\/p>\n<p>Infine, per via esterna, la pianta ha propriet\u00e0 antisettiche e disostruttive. Il suo olio essenziale pu\u00f2 essere applicato topicamente per trattare le ferite. Alcuni studi hanno dimostrato che inibisce la crescita di batteri e virus.<\/p>\n<h3><strong>I benefici dell'issopo<\/strong><\/h3>\n<p>Le foglie di issopo sono note per rafforzare il sistema immunitario. Ha molti benefici, tra cui i seguenti:<\/p>\n<ul>\n<li>Riduce la congestione polmonare; ;<\/li>\n<li>Aiuta a liberare le vie respiratorie; ;<\/li>\n<li>Riduce la crescita della candida albicans; ;<\/li>\n<li>Utilizzato come diuretico per eliminare le tossine dall'organismo; ;<\/li>\n<li>Aumenta il numero di eritrociti in caso di anemia; ;<\/li>\n<li>\u00c8 un antinfiammatorio e aiuta a trattare l'artrite; ;<\/li>\n<li>Aiuto contro il cancro ;<\/li>\n<li>Elimina vermi e parassiti intestinali; ;<\/li>\n<li>Stimola i fluidi digestivi e ne aumenta il movimento attraverso l'intestino; ;<\/li>\n<li>Regola la pressione sanguigna e la frequenza cardiaca; ;<\/li>\n<li>Aiuta a prevenire molte malattie e disturbi, come allergie, arteriosclerosi, bronchite, polmonite, aterosclerosi e meningite; ;<\/li>\n<li>\u00c8 un antiossidante che protegge l'organismo dai radicali liberi; ;<\/li>\n<li>Protegge da virus e batteri grazie alle sue propriet\u00e0 antisettiche<\/li>\n<li>Elimina l'alito cattivo; ;<\/li>\n<li>Tratta herpes, verruche, afte, herpes labiale e piaghe sulla pelle; ;<\/li>\n<li>Aiuta ad alleviare <a href=\"https:\/\/www.cancer.be\/les-cancers\/effets-secondaires\/que-faire-en-cas-de-naus-es\" target=\"_blank\" rel=\"noopener\"><strong>nausea causata dalla chemioterapia<\/strong><\/a> o altri trattamenti.<\/li>\n<\/ul>\n<p>L'issopo \u00e8 stato utilizzato per alleviare il dolore fin dall'antico Egitto. I ricercatori stanno iniziando a capire perch\u00e9! I pazienti affetti da AIDS e da malattie autoimmuni traggono beneficio da una terapia a base di issopo.<\/p>\n<p>Le propriet\u00e0 antinfiammatorie di questa erba la rendono ideale per il trattamento di asma, allergie, orticaria e problemi della pelle.<\/p>\n<p>I trattamenti a base di erbe possono essere applicati per via topica. Infatti, per le infiammazioni della pelle si pu\u00f2 somministrare un unguento a base di olio combinato con altre erbe.<\/p>\n<h2><strong>Le ricette della nonna per sfruttare al meglio l'issopo\u00a0<\/strong><\/h2>\n<p>Un modo per trarre beneficio dall'issopo \u00e8 quello di usarlo per trattare il raffreddore.<\/p>\n<p>Mettere una manciata di foglie di issopo essiccate in 4 tazze di acqua bollente. Ridurre la fiamma e far bollire per 10 minuti. Quindi filtrare il composto in una tazza e aggiungere miele a piacere.<\/p>\n<p>Berne 2 tazze al giorno per alleviare il mal di gola e combattere l'eccesso di muco. Questo rimedio \u00e8 efficace anche per alleviare problemi respiratori come asma, bronchite e pertosse.<\/p>\n<p>L'issopo \u00e8 anche un eccellente collutorio antisettico. Aggiungere 1 cucchiaio di issopo essiccato a una tazza (240 ml) di acqua bollita e lasciare in infusione per 5 minuti.<\/p>\n<p>Utilizzare poi questa soluzione come collutorio o per lavare le ferite fresche per prevenire le infezioni. \u00c8 anche una buona idea lavarsi i denti con una soluzione di\u00a0<strong>spazzolino da denti in bamb\u00f9<\/strong>.<\/p>\n<p>Per ottenere risultati ottimali, utilizzare il nostro\u00a0<a href=\"https:\/\/www.safinel.fr\/it\/prodotto\/dentifricio-naturale-al-mentolo-in-polvere-di-chiodi-di-garofano-30g\/\"><strong>dentifricio naturale alla menta e chiodi di garofano in polvere<\/strong><\/a>. Cos\u00ec come il nostro\u00a0<strong><a href=\"https:\/\/www.safinel.fr\/it\/prodotto\/dentifricio-naturale-al-mentolo-con-polvere-di-siwak-30g\/\">dentifricio naturale in polvere alla menta siwak<\/a>\u00a0<\/strong>o il nostro\u00a0<a href=\"https:\/\/www.safinel.fr\/it\/prodotto\/dentifricio-solido-alla-menta-di-campo\/\"><strong>dentifricio solido alla menta di campo<\/strong><\/a>.<\/p>\n<p>Un cucchiaino di foglie pu\u00f2 essere aggiunto all'acqua del bagno per alleviare i dolori muscolari. Si curano anche i reumatismi e si riduce la comparsa di cicatrici e macchie di lunga durata. Proprio quello di cui avete bisogno per darvi un piccolo ritocco di bellezza!<\/p>\n<p>Avere questo rimedio naturale nell'armadietto dei medicinali significa poter intervenire in caso di malessere temporaneo.<\/p>\n<h2><strong>Conservazione\u00a0<\/strong><\/h2>\n<p>Per mantenere questo prodotto in buone condizioni, \u00e8 importante mantenere una temperatura costante. Se le condizioni fluttuano troppo, si pu\u00f2 sviluppare la muffa.<\/p>\n<p>Conservate la bustina di foglie secche in un luogo buio e asciutto. Ad esempio, nella dispensa o nell'armadio della cucina, finch\u00e9 non ne avrete bisogno.<\/p>\n<p>\u00c8 anche possibile congelare le foglie. Tuttavia, questo processo fa perdere all'erba circa 25% del suo aroma.<\/p>\n<p>Precauzioni<\/p>\n<p>\u00c8 importante evitare di usarlo durante la gravidanza e l'allattamento. Anche le persone che soffrono di pressione alta dovrebbero evitarlo.<\/p>\n<p>Controindicato in caso di esposizione a calore eccessivo. Questo pu\u00f2 scatenare crisi febbrili, soprattutto nei bambini.<\/p>\n<p>Sconsigliato a chi soffre di reflusso gastro-esofageo o di infezioni del tratto gastrointestinale.<\/p>","protected":false},"excerpt":{"rendered":"<p>L'issopo \u00e8 una pianta perenne dal sapore aromatico e dal delizioso gusto di menta. Ci\u00f2 lo rende perfetto per t\u00e8 e altri rimedi a base di erbe. Viene anche consumato come spezia culinaria, incorporato in oli profumati per saponi, candele e pot-pourri. Le foglie sono presenti in alcuni sciroppi contro [...]","protected":false},"featured_media":539,"template":"","meta":[],"product_brand":[],"product_cat":[27],"product_tag":[],"class_list":{"0":"post-538","1":"product","2":"type-product","3":"status-publish","4":"has-post-thumbnail","6":"product_cat-plantes-medicinales","8":"first","9":"outofstock","10":"shipping-taxable","11":"purchasable","12":"product-type-simple"},"yoast_head":"<!-- This site is optimized with the Yoast SEO plugin v26.6 - https:\/\/yoast.com\/wordpress\/plugins\/seo\/ -->\n<title>Hysope | Plante aux bienfaits nombreux | Achat s\u00e9curis\u00e9 en ligne<\/title>\n<meta name=\"description\" content=\"L&#039;hysope\u00a0est une plante vivace \u00e0 la saveur aromatique au d\u00e9licieux go\u00fbt de menthe. Ce qui la rend parfaite pour les th\u00e9s.\" \/>\n<meta name=\"robots\" content=\"index, follow, max-snippet:-1, max-image-preview:large, max-video-preview:-1\" \/>\n<link rel=\"canonical\" href=\"https:\/\/www.safinel.fr\/it\/prodotto\/issopo\/\" \/>\n<meta property=\"og:locale\" content=\"it_IT\" \/>\n<meta property=\"og:type\" content=\"article\" \/>\n<meta property=\"og:title\" content=\"Hysope | Plante aux bienfaits nombreux | Achat s\u00e9curis\u00e9 en ligne\" \/>\n<meta property=\"og:description\" content=\"L&#039;hysope\u00a0est une plante vivace \u00e0 la saveur aromatique au d\u00e9licieux go\u00fbt de menthe. Ce qui la rend parfaite pour les th\u00e9s.\" \/>\n<meta property=\"og:url\" content=\"https:\/\/www.safinel.fr\/it\/prodotto\/issopo\/\" \/>\n<meta property=\"og:site_name\" content=\"Safinel\" \/>\n<meta property=\"article:modified_time\" content=\"2025-10-14T15:12:33+00:00\" \/>\n<meta property=\"og:image\" content=\"https:\/\/www.safinel.fr\/wp-content\/uploads\/2021\/11\/feuilles-d-hysope.jpg\" \/>\n\t<meta property=\"og:image:width\" content=\"600\" \/>\n\t<meta property=\"og:image:height\" content=\"600\" \/>\n\t<meta property=\"og:image:type\" content=\"image\/jpeg\" \/>\n<meta name=\"twitter:card\" content=\"summary_large_image\" \/>\n<meta name=\"twitter:label1\" content=\"Tempo di lettura stimato\" \/>\n\t<meta name=\"twitter:data1\" content=\"5 minuti\" \/>\n<script type=\"application\/ld+json\" class=\"yoast-schema-graph\">{\"@context\":\"https:\/\/schema.org\",\"@graph\":[{\"@type\":\"WebPage\",\"@id\":\"https:\/\/www.safinel.fr\/produit\/hysope\/\",\"url\":\"https:\/\/www.safinel.fr\/produit\/hysope\/\",\"name\":\"Hysope | Plante aux bienfaits nombreux | Achat s\u00e9curis\u00e9 en ligne\",\"isPartOf\":{\"@id\":\"https:\/\/www.safinel.fr\/#website\"},\"primaryImageOfPage\":{\"@id\":\"https:\/\/www.safinel.fr\/produit\/hysope\/#primaryimage\"},\"image\":{\"@id\":\"https:\/\/www.safinel.fr\/produit\/hysope\/#primaryimage\"},\"thumbnailUrl\":\"https:\/\/www.safinel.fr\/wp-content\/uploads\/2021\/11\/feuilles-d-hysope.jpg\",\"datePublished\":\"2021-11-13T14:05:00+00:00\",\"dateModified\":\"2025-10-14T15:12:33+00:00\",\"description\":\"L'hysope\u00a0est une plante vivace \u00e0 la saveur aromatique au d\u00e9licieux go\u00fbt de menthe. Ce qui la rend parfaite pour les th\u00e9s.\",\"breadcrumb\":{\"@id\":\"https:\/\/www.safinel.fr\/produit\/hysope\/#breadcrumb\"},\"inLanguage\":\"it-IT\",\"potentialAction\":[{\"@type\":\"ReadAction\",\"target\":[\"https:\/\/www.safinel.fr\/produit\/hysope\/\"]}]},{\"@type\":\"ImageObject\",\"inLanguage\":\"it-IT\",\"@id\":\"https:\/\/www.safinel.fr\/produit\/hysope\/#primaryimage\",\"url\":\"https:\/\/www.safinel.fr\/wp-content\/uploads\/2021\/11\/feuilles-d-hysope.jpg\",\"contentUrl\":\"https:\/\/www.safinel.fr\/wp-content\/uploads\/2021\/11\/feuilles-d-hysope.jpg\",\"width\":600,\"height\":600,\"caption\":\"Sachet de feuilles d\u2019hysope 45g\"},{\"@type\":\"BreadcrumbList\",\"@id\":\"https:\/\/www.safinel.fr\/produit\/hysope\/#breadcrumb\",\"itemListElement\":[{\"@type\":\"ListItem\",\"position\":1,\"name\":\"Accueil\",\"item\":\"https:\/\/www.safinel.fr\/\"},{\"@type\":\"ListItem\",\"position\":2,\"name\":\"Boutique\",\"item\":\"https:\/\/www.safinel.fr\/boutique\/\"},{\"@type\":\"ListItem\",\"position\":3,\"name\":\"Sachet de feuilles d&#8217;hysope 45g\"}]},{\"@type\":\"WebSite\",\"@id\":\"https:\/\/www.safinel.fr\/#website\",\"url\":\"https:\/\/www.safinel.fr\/\",\"name\":\"Safinel\",\"description\":\"\",\"publisher\":{\"@id\":\"https:\/\/www.safinel.fr\/#organization\"},\"potentialAction\":[{\"@type\":\"SearchAction\",\"target\":{\"@type\":\"EntryPoint\",\"urlTemplate\":\"https:\/\/www.safinel.fr\/?s={search_term_string}\"},\"query-input\":{\"@type\":\"PropertyValueSpecification\",\"valueRequired\":true,\"valueName\":\"search_term_string\"}}],\"inLanguage\":\"it-IT\"},{\"@type\":\"Organization\",\"@id\":\"https:\/\/www.safinel.fr\/#organization\",\"name\":\"Safinel\",\"url\":\"https:\/\/www.safinel.fr\/\",\"logo\":{\"@type\":\"ImageObject\",\"inLanguage\":\"it-IT\",\"@id\":\"https:\/\/www.safinel.fr\/#\/schema\/logo\/image\/\",\"url\":\"https:\/\/www.safinel.fr\/wp-content\/uploads\/2021\/05\/boutique-cosmetique.png\",\"contentUrl\":\"https:\/\/www.safinel.fr\/wp-content\/uploads\/2021\/05\/boutique-cosmetique.png\",\"width\":800,\"height\":200,\"caption\":\"Safinel\"},\"image\":{\"@id\":\"https:\/\/www.safinel.fr\/#\/schema\/logo\/image\/\"}}]}<\/script>\n<!-- \/ Yoast SEO plugin. -->","yoast_head_json":{"title":"Issopo | Pianta dai molteplici benefici | Acquisto online sicuro","description":"L'issopo \u00e8 una pianta perenne aromatica con un delizioso sapore di menta. Per questo \u00e8 perfetto per le tisane.","robots":{"index":"index","follow":"follow","max-snippet":"max-snippet:-1","max-image-preview":"max-image-preview:large","max-video-preview":"max-video-preview:-1"},"canonical":"https:\/\/www.safinel.fr\/it\/prodotto\/issopo\/","og_locale":"it_IT","og_type":"article","og_title":"Hysope | Plante aux bienfaits nombreux | Achat s\u00e9curis\u00e9 en ligne","og_description":"L'hysope\u00a0est une plante vivace \u00e0 la saveur aromatique au d\u00e9licieux go\u00fbt de menthe. Ce qui la rend parfaite pour les th\u00e9s.","og_url":"https:\/\/www.safinel.fr\/it\/prodotto\/issopo\/","og_site_name":"Safinel","article_modified_time":"2025-10-14T15:12:33+00:00","og_image":[{"width":600,"height":600,"url":"https:\/\/www.safinel.fr\/wp-content\/uploads\/2021\/11\/feuilles-d-hysope.jpg","type":"image\/jpeg"}],"twitter_card":"summary_large_image","twitter_misc":{"Tempo di lettura stimato":"5 minuti"},"schema":{"@context":"https:\/\/schema.org","@graph":[{"@type":"WebPage","@id":"https:\/\/www.safinel.fr\/produit\/hysope\/","url":"https:\/\/www.safinel.fr\/produit\/hysope\/","name":"Issopo | Pianta dai molteplici benefici | Acquisto online sicuro","isPartOf":{"@id":"https:\/\/www.safinel.fr\/#website"},"primaryImageOfPage":{"@id":"https:\/\/www.safinel.fr\/produit\/hysope\/#primaryimage"},"image":{"@id":"https:\/\/www.safinel.fr\/produit\/hysope\/#primaryimage"},"thumbnailUrl":"https:\/\/www.safinel.fr\/wp-content\/uploads\/2021\/11\/feuilles-d-hysope.jpg","datePublished":"2021-11-13T14:05:00+00:00","dateModified":"2025-10-14T15:12:33+00:00","description":"L'issopo \u00e8 una pianta perenne aromatica con un delizioso sapore di menta. Per questo \u00e8 perfetto per le tisane.","breadcrumb":{"@id":"https:\/\/www.safinel.fr\/produit\/hysope\/#breadcrumb"},"inLanguage":"it-IT","potentialAction":[{"@type":"ReadAction","target":["https:\/\/www.safinel.fr\/produit\/hysope\/"]}]},{"@type":"ImageObject","inLanguage":"it-IT","@id":"https:\/\/www.safinel.fr\/produit\/hysope\/#primaryimage","url":"https:\/\/www.safinel.fr\/wp-content\/uploads\/2021\/11\/feuilles-d-hysope.jpg","contentUrl":"https:\/\/www.safinel.fr\/wp-content\/uploads\/2021\/11\/feuilles-d-hysope.jpg","width":600,"height":600,"caption":"Sachet de feuilles d\u2019hysope 45g"},{"@type":"BreadcrumbList","@id":"https:\/\/www.safinel.fr\/produit\/hysope\/#breadcrumb","itemListElement":[{"@type":"ListItem","position":1,"name":"Accueil","item":"https:\/\/www.safinel.fr\/"},{"@type":"ListItem","position":2,"name":"Boutique","item":"https:\/\/www.safinel.fr\/boutique\/"},{"@type":"ListItem","position":3,"name":"Sachet de feuilles d&#8217;hysope 45g"}]},{"@type":"WebSite","@id":"https:\/\/www.safinel.fr\/#website","url":"https:\/\/www.safinel.fr\/","name":"Safinel","description":"","publisher":{"@id":"https:\/\/www.safinel.fr\/#organization"},"potentialAction":[{"@type":"SearchAction","target":{"@type":"EntryPoint","urlTemplate":"https:\/\/www.safinel.fr\/?s={search_term_string}"},"query-input":{"@type":"PropertyValueSpecification","valueRequired":true,"valueName":"search_term_string"}}],"inLanguage":"it-IT"},{"@type":"Organization","@id":"https:\/\/www.safinel.fr\/#organization","name":"Safinel","url":"https:\/\/www.safinel.fr\/","logo":{"@type":"ImageObject","inLanguage":"it-IT","@id":"https:\/\/www.safinel.fr\/#\/schema\/logo\/image\/","url":"https:\/\/www.safinel.fr\/wp-content\/uploads\/2021\/05\/boutique-cosmetique.png","contentUrl":"https:\/\/www.safinel.fr\/wp-content\/uploads\/2021\/05\/boutique-cosmetique.png","width":800,"height":200,"caption":"Safinel"},"image":{"@id":"https:\/\/www.safinel.fr\/#\/schema\/logo\/image\/"}}]}},"_links":{"self":[{"href":"https:\/\/www.safinel.fr\/it\/wp-json\/wp\/v2\/product\/538","targetHints":{"allow":["GET"]}}],"collection":[{"href":"https:\/\/www.safinel.fr\/it\/wp-json\/wp\/v2\/product"}],"about":[{"href":"https:\/\/www.safinel.fr\/it\/wp-json\/wp\/v2\/types\/product"}],"wp:featuredmedia":[{"embeddable":true,"href":"https:\/\/www.safinel.fr\/it\/wp-json\/wp\/v2\/media\/539"}],"wp:attachment":[{"href":"https:\/\/www.safinel.fr\/it\/wp-json\/wp\/v2\/media?parent=538"}],"wp:term":[{"taxonomy":"product_brand","embeddable":true,"href":"https:\/\/www.safinel.fr\/it\/wp-json\/wp\/v2\/product_brand?post=538"},{"taxonomy":"product_cat","embeddable":true,"href":"https:\/\/www.safinel.fr\/it\/wp-json\/wp\/v2\/product_cat?post=538"},{"taxonomy":"product_tag","embeddable":true,"href":"https:\/\/www.safinel.fr\/it\/wp-json\/wp\/v2\/product_tag?post=538"}],"curies":[{"name":"wp","href":"https:\/\/api.w.org\/{rel}","templated":true}]}}