{"id":5375,"date":"2023-04-09T10:49:38","date_gmt":"2023-04-09T10:49:38","guid":{"rendered":"https:\/\/www.safinel.fr\/?post_type=product&#038;p=5375"},"modified":"2023-12-28T17:15:52","modified_gmt":"2023-12-28T17:15:52","slug":"artiglio-del-diavolo-harpagophytum-biologico","status":"publish","type":"product","link":"https:\/\/www.safinel.fr\/it\/prodotto\/artiglio-del-diavolo-harpagophytum-biologico\/","title":{"rendered":"Arpagofito biologico (artiglio del diavolo)"},"content":{"rendered":"<p>La\u00a0<strong>Artiglio del diavolo (Harpagophytum)<\/strong>\u00a0\u00e8 una pianta con molti benefici proveniente dal deserto del Kalahari. Se volete saperne di pi\u00f9 su questa pianta dal nome intrigante, restate sintonizzati. Continua.<\/p>\n<h2><strong>Arpagofito: cos'\u00e8?\u00a0<\/strong><\/h2>\n<p>L\u2019<strong>arpagofito<\/strong>\u00a0\u00e8 una pianta erbacea perenne. Originaria dell'Africa, pi\u00f9 precisamente della Namibia, del Madagascar e del Sudafrica, questa pianta ha la particolarit\u00e0 di crescere in aree incolte.<\/p>\n<p>Le sue radici vengono tradizionalmente raccolte a mano. Inoltre, la parte utilizzata in fitoterapia \u00e8 la radice.<\/p>\n<p>Questa pianta pu\u00f2 essere consumata come <a href=\"https:\/\/www.safinel.fr\/it\/categoria-prodotto\/tisane\/\"><strong>tisana<\/strong><\/a>, In capsule, compresse, balsamo o crema.<\/p>\n<h2><strong>I benefici dell'artiglio del diavolo\u00a0<\/strong><b>bio<\/b><\/h2>\n<p>L'arpagofito contiene\u00a0<strong>numerosi principi attivi<\/strong>\u00a0tra cui arpagoside, fenoli, flavonoidi e vitamina B1.<\/p>\n<p>Grazie a questi diversi principi attivi, possiede molte propriet\u00e0 riconosciute a livello scientifico e medico. Infatti, questa pianta \u00e8 :<\/p>\n<ul>\n<li>Antinfiammatorio, antidolorifico e antireumatico; ;<\/li>\n<li>Colagogo e coleretico.<\/li>\n<\/ul>\n<p>Tra le altre azioni benefiche, questa pianta ha un :<\/p>\n<ul>\n<li><strong>Azione sulle articolazioni:\u00a0<\/strong><\/li>\n<\/ul>\n<p>L'artiglio del diavolo agisce principalmente sulle articolazioni riducendo l'infiammazione. Questo effetto di riduzione dell'infiammazione rende questa pianta un potente antidolorifico per le articolazioni. Quindi, se soffrite di reumatismi, l'artiglio del diavolo sar\u00e0 un alleato per ridurre il dolore e il disagio.<\/p>\n<p>Cosa sono i reumatismi? Sono dolori alle articolazioni, ai muscoli e ai legamenti. Si tratta di osteoartrite, artrite, osteoporosi, artrite reumatoide, ecc.<\/p>\n<ul>\n<li><strong>Azione sulla digestione :\u00a0<\/strong><\/li>\n<\/ul>\n<p>L'artiglio del diavolo agisce sulla digestione e in particolare sul fegato e sulla cistifellea. La sua azione colagoga aiuta il fegato a produrre bile. L'azione coleretica stimola l'eliminazione della bile attraverso la contrazione della cistifellea. Ci\u00f2 favorisce il drenaggio del fegato.<\/p>\n<p>Vantaggi che fanno la differenza.<\/p>\n<h2><strong>Come utilizzare la pianta di Arpagofito?\u00a0<\/strong><\/h2>\n<p>Se desiderate sfruttare le propriet\u00e0 dell'Artiglio del Diavolo, visitate il nostro sito web. Esistono vari modi per utilizzarlo, come ad esempio :<\/p>\n<ul>\n<li><strong>In tisana:<\/strong>\u00a0\u00c8 possibile combinare la pianta con l'equiseto di campo per la sua azione rimineralizzante. 1 grammo di pianta per 200 ml di acqua.<\/li>\n<\/ul>\n<ul>\n<li><strong>Tintura madre :<\/strong>\u00a0Da 5 a 15 gocce diluite in un bicchiere d'acqua, una volta al giorno. Utilizzare per un ciclo di trattamento di 3 settimane.<\/li>\n<\/ul>\n<ul>\n<li><strong>Capsule o compresse :<\/strong>\u00a0Per quanto riguarda la posologia, si rimanda al foglietto illustrativo.<\/li>\n<\/ul>\n<ul>\n<li>O da\u00a0<strong>balsamo o crema :<\/strong>\u00a0Si pu\u00f2 applicare 2 o 3 volte al giorno sulle articolazioni dolorose, massaggiando con forza per favorire la penetrazione dei principi attivi.<\/li>\n<\/ul>\n<h3><strong>Alcune precauzioni da prendere con l'Arpagofito<\/strong><\/h3>\n<p>\u00c8 importante attenersi alle dosi consigliate. Un sovradosaggio pu\u00f2 causare effetti indesiderati.<\/p>\n<p>Inoltre, se si sta seguendo una terapia medica, \u00e8 necessario chiedere il parere del medico prima di iniziare un trattamento.<\/p>\n<p>Infine, se avete uno stomaco sensibile e desiderate assumere l'arpagofito per via orale, ricordate di assumerlo con il cibo.<\/p>","protected":false},"excerpt":{"rendered":"<p><strong>Usi :\u00a0<\/strong><\/p>\n<ul>\n<li><strong>In tisana:<\/strong>\u00a0\u00c8 possibile combinare la pianta con l'equiseto di campo per la sua azione rimineralizzante. 1 grammo di pianta per 200 ml di acqua.<\/li>\n<li><strong>Tintura madre :<\/strong>\u00a0Da 5 a 15 gocce diluite in un bicchiere d'acqua, una volta al giorno. Utilizzare per un ciclo di trattamento di 3 settimane.<\/li>\n<li><strong>Capsule o compresse :<\/strong>\u00a0Per quanto riguarda la posologia, si rimanda al foglietto illustrativo.<\/li>\n<li>O da\u00a0<strong>balsamo o crema :<\/strong>\u00a0Si pu\u00f2 applicare 2 o 3 volte al giorno sulle articolazioni dolorose, massaggiando con forza per favorire la penetrazione dei principi attivi.<\/li>\n<\/ul>\n<p><img decoding=\"async\" class=\"size-full wp-image-5091 aligncenter\" src=\"https:\/\/www.safinel.fr\/wp-content\/uploads\/2021\/06\/BANNIERE-ICONE-SAFINEL.webp\" alt=\"riassicurazione satine\" width=\"800\" height=\"200\" srcset=\"https:\/\/www.safinel.fr\/wp-content\/uploads\/2021\/06\/BANNIERE-ICONE-SAFINEL.webp 800w, https:\/\/www.safinel.fr\/wp-content\/uploads\/2021\/06\/BANNIERE-ICONE-SAFINEL-600x150.webp 600w, https:\/\/www.safinel.fr\/wp-content\/uploads\/2021\/06\/BANNIERE-ICONE-SAFINEL-768x192.webp 768w\" sizes=\"(max-width: 800px) 100vw, 800px\" \/><\/p>","protected":false},"featured_media":5376,"template":"","meta":[],"product_brand":[],"product_cat":[27],"product_tag":[],"class_list":{"0":"post-5375","1":"product","2":"type-product","3":"status-publish","4":"has-post-thumbnail","6":"product_cat-plantes-medicinales","8":"first","9":"instock","10":"shipping-taxable","11":"purchasable","12":"product-type-variable"},"yoast_head":"<!-- This site is optimized with the Yoast SEO plugin v26.6 - https:\/\/yoast.com\/wordpress\/plugins\/seo\/ -->\n<title>Harpagophytum bio I Griffe du diable I Racines coup\u00e9es &amp; G\u00e9lules<\/title>\n<meta name=\"description\" content=\"La\u00a0griffe du diable (Harpagophytum)\u00a0est une plante aux nombreux bienfaits venant du d\u00e9sert du Kalahari. Adoptez-l\u00e0 sans plus attendre !\" \/>\n<meta name=\"robots\" content=\"index, follow, max-snippet:-1, max-image-preview:large, max-video-preview:-1\" \/>\n<link rel=\"canonical\" href=\"https:\/\/www.safinel.fr\/it\/prodotto\/artiglio-del-diavolo-harpagophytum-biologico\/\" \/>\n<meta property=\"og:locale\" content=\"it_IT\" \/>\n<meta property=\"og:type\" content=\"article\" \/>\n<meta property=\"og:title\" content=\"Harpagophytum bio I Griffe du diable I Racines coup\u00e9es &amp; G\u00e9lules\" \/>\n<meta property=\"og:description\" content=\"La\u00a0griffe du diable (Harpagophytum)\u00a0est une plante aux nombreux bienfaits venant du d\u00e9sert du Kalahari. Adoptez-l\u00e0 sans plus attendre !\" \/>\n<meta property=\"og:url\" content=\"https:\/\/www.safinel.fr\/it\/prodotto\/artiglio-del-diavolo-harpagophytum-biologico\/\" \/>\n<meta property=\"og:site_name\" content=\"Safinel\" \/>\n<meta property=\"article:modified_time\" content=\"2023-12-28T17:15:52+00:00\" \/>\n<meta property=\"og:image\" content=\"https:\/\/www.safinel.fr\/wp-content\/uploads\/2023\/04\/gelule-Harpagophytum.jpg\" \/>\n\t<meta property=\"og:image:width\" content=\"600\" \/>\n\t<meta property=\"og:image:height\" content=\"600\" \/>\n\t<meta property=\"og:image:type\" content=\"image\/jpeg\" \/>\n<meta name=\"twitter:card\" content=\"summary_large_image\" \/>\n<meta name=\"twitter:label1\" content=\"Tempo di lettura stimato\" \/>\n\t<meta name=\"twitter:data1\" content=\"3 minuti\" \/>\n<script type=\"application\/ld+json\" class=\"yoast-schema-graph\">{\"@context\":\"https:\/\/schema.org\",\"@graph\":[{\"@type\":\"WebPage\",\"@id\":\"https:\/\/www.safinel.fr\/produit\/harpagophytum-bio-griffe-du-diable\/\",\"url\":\"https:\/\/www.safinel.fr\/produit\/harpagophytum-bio-griffe-du-diable\/\",\"name\":\"Harpagophytum bio I Griffe du diable I Racines coup\u00e9es & G\u00e9lules\",\"isPartOf\":{\"@id\":\"https:\/\/www.safinel.fr\/#website\"},\"primaryImageOfPage\":{\"@id\":\"https:\/\/www.safinel.fr\/produit\/harpagophytum-bio-griffe-du-diable\/#primaryimage\"},\"image\":{\"@id\":\"https:\/\/www.safinel.fr\/produit\/harpagophytum-bio-griffe-du-diable\/#primaryimage\"},\"thumbnailUrl\":\"https:\/\/www.safinel.fr\/wp-content\/uploads\/2023\/04\/gelule-Harpagophytum.jpg\",\"datePublished\":\"2023-04-09T10:49:38+00:00\",\"dateModified\":\"2023-12-28T17:15:52+00:00\",\"description\":\"La\u00a0griffe du diable (Harpagophytum)\u00a0est une plante aux nombreux bienfaits venant du d\u00e9sert du Kalahari. Adoptez-l\u00e0 sans plus attendre !\",\"breadcrumb\":{\"@id\":\"https:\/\/www.safinel.fr\/produit\/harpagophytum-bio-griffe-du-diable\/#breadcrumb\"},\"inLanguage\":\"it-IT\",\"potentialAction\":[{\"@type\":\"ReadAction\",\"target\":[\"https:\/\/www.safinel.fr\/produit\/harpagophytum-bio-griffe-du-diable\/\"]}]},{\"@type\":\"ImageObject\",\"inLanguage\":\"it-IT\",\"@id\":\"https:\/\/www.safinel.fr\/produit\/harpagophytum-bio-griffe-du-diable\/#primaryimage\",\"url\":\"https:\/\/www.safinel.fr\/wp-content\/uploads\/2023\/04\/gelule-Harpagophytum.jpg\",\"contentUrl\":\"https:\/\/www.safinel.fr\/wp-content\/uploads\/2023\/04\/gelule-Harpagophytum.jpg\",\"width\":600,\"height\":600,\"caption\":\"g\u00e9lule Harpagophytum\"},{\"@type\":\"BreadcrumbList\",\"@id\":\"https:\/\/www.safinel.fr\/produit\/harpagophytum-bio-griffe-du-diable\/#breadcrumb\",\"itemListElement\":[{\"@type\":\"ListItem\",\"position\":1,\"name\":\"Accueil\",\"item\":\"https:\/\/www.safinel.fr\/\"},{\"@type\":\"ListItem\",\"position\":2,\"name\":\"Boutique\",\"item\":\"https:\/\/www.safinel.fr\/boutique\/\"},{\"@type\":\"ListItem\",\"position\":3,\"name\":\"Harpagophytum bio (Griffe du diable)\"}]},{\"@type\":\"WebSite\",\"@id\":\"https:\/\/www.safinel.fr\/#website\",\"url\":\"https:\/\/www.safinel.fr\/\",\"name\":\"Safinel\",\"description\":\"\",\"publisher\":{\"@id\":\"https:\/\/www.safinel.fr\/#organization\"},\"potentialAction\":[{\"@type\":\"SearchAction\",\"target\":{\"@type\":\"EntryPoint\",\"urlTemplate\":\"https:\/\/www.safinel.fr\/?s={search_term_string}\"},\"query-input\":{\"@type\":\"PropertyValueSpecification\",\"valueRequired\":true,\"valueName\":\"search_term_string\"}}],\"inLanguage\":\"it-IT\"},{\"@type\":\"Organization\",\"@id\":\"https:\/\/www.safinel.fr\/#organization\",\"name\":\"Safinel\",\"url\":\"https:\/\/www.safinel.fr\/\",\"logo\":{\"@type\":\"ImageObject\",\"inLanguage\":\"it-IT\",\"@id\":\"https:\/\/www.safinel.fr\/#\/schema\/logo\/image\/\",\"url\":\"https:\/\/www.safinel.fr\/wp-content\/uploads\/2021\/05\/boutique-cosmetique.png\",\"contentUrl\":\"https:\/\/www.safinel.fr\/wp-content\/uploads\/2021\/05\/boutique-cosmetique.png\",\"width\":800,\"height\":200,\"caption\":\"Safinel\"},\"image\":{\"@id\":\"https:\/\/www.safinel.fr\/#\/schema\/logo\/image\/\"}}]}<\/script>\n<!-- \/ Yoast SEO plugin. -->","yoast_head_json":{"title":"Arpagofito biologico I Artiglio del diavolo I Radici e capsule tagliate","description":"L'artiglio del diavolo (Harpagophytum) \u00e8 una pianta con molti benefici proveniente dal deserto del Kalahari. Adottatela ora!","robots":{"index":"index","follow":"follow","max-snippet":"max-snippet:-1","max-image-preview":"max-image-preview:large","max-video-preview":"max-video-preview:-1"},"canonical":"https:\/\/www.safinel.fr\/it\/prodotto\/artiglio-del-diavolo-harpagophytum-biologico\/","og_locale":"it_IT","og_type":"article","og_title":"Harpagophytum bio I Griffe du diable I Racines coup\u00e9es & G\u00e9lules","og_description":"La\u00a0griffe du diable (Harpagophytum)\u00a0est une plante aux nombreux bienfaits venant du d\u00e9sert du Kalahari. Adoptez-l\u00e0 sans plus attendre !","og_url":"https:\/\/www.safinel.fr\/it\/prodotto\/artiglio-del-diavolo-harpagophytum-biologico\/","og_site_name":"Safinel","article_modified_time":"2023-12-28T17:15:52+00:00","og_image":[{"width":600,"height":600,"url":"https:\/\/www.safinel.fr\/wp-content\/uploads\/2023\/04\/gelule-Harpagophytum.jpg","type":"image\/jpeg"}],"twitter_card":"summary_large_image","twitter_misc":{"Tempo di lettura stimato":"3 minuti"},"schema":{"@context":"https:\/\/schema.org","@graph":[{"@type":"WebPage","@id":"https:\/\/www.safinel.fr\/produit\/harpagophytum-bio-griffe-du-diable\/","url":"https:\/\/www.safinel.fr\/produit\/harpagophytum-bio-griffe-du-diable\/","name":"Arpagofito biologico I Artiglio del diavolo I Radici e capsule tagliate","isPartOf":{"@id":"https:\/\/www.safinel.fr\/#website"},"primaryImageOfPage":{"@id":"https:\/\/www.safinel.fr\/produit\/harpagophytum-bio-griffe-du-diable\/#primaryimage"},"image":{"@id":"https:\/\/www.safinel.fr\/produit\/harpagophytum-bio-griffe-du-diable\/#primaryimage"},"thumbnailUrl":"https:\/\/www.safinel.fr\/wp-content\/uploads\/2023\/04\/gelule-Harpagophytum.jpg","datePublished":"2023-04-09T10:49:38+00:00","dateModified":"2023-12-28T17:15:52+00:00","description":"L'artiglio del diavolo (Harpagophytum) \u00e8 una pianta con molti benefici proveniente dal deserto del Kalahari. Adottatela ora!","breadcrumb":{"@id":"https:\/\/www.safinel.fr\/produit\/harpagophytum-bio-griffe-du-diable\/#breadcrumb"},"inLanguage":"it-IT","potentialAction":[{"@type":"ReadAction","target":["https:\/\/www.safinel.fr\/produit\/harpagophytum-bio-griffe-du-diable\/"]}]},{"@type":"ImageObject","inLanguage":"it-IT","@id":"https:\/\/www.safinel.fr\/produit\/harpagophytum-bio-griffe-du-diable\/#primaryimage","url":"https:\/\/www.safinel.fr\/wp-content\/uploads\/2023\/04\/gelule-Harpagophytum.jpg","contentUrl":"https:\/\/www.safinel.fr\/wp-content\/uploads\/2023\/04\/gelule-Harpagophytum.jpg","width":600,"height":600,"caption":"g\u00e9lule Harpagophytum"},{"@type":"BreadcrumbList","@id":"https:\/\/www.safinel.fr\/produit\/harpagophytum-bio-griffe-du-diable\/#breadcrumb","itemListElement":[{"@type":"ListItem","position":1,"name":"Accueil","item":"https:\/\/www.safinel.fr\/"},{"@type":"ListItem","position":2,"name":"Boutique","item":"https:\/\/www.safinel.fr\/boutique\/"},{"@type":"ListItem","position":3,"name":"Harpagophytum bio (Griffe du diable)"}]},{"@type":"WebSite","@id":"https:\/\/www.safinel.fr\/#website","url":"https:\/\/www.safinel.fr\/","name":"Safinel","description":"","publisher":{"@id":"https:\/\/www.safinel.fr\/#organization"},"potentialAction":[{"@type":"SearchAction","target":{"@type":"EntryPoint","urlTemplate":"https:\/\/www.safinel.fr\/?s={search_term_string}"},"query-input":{"@type":"PropertyValueSpecification","valueRequired":true,"valueName":"search_term_string"}}],"inLanguage":"it-IT"},{"@type":"Organization","@id":"https:\/\/www.safinel.fr\/#organization","name":"Safinel","url":"https:\/\/www.safinel.fr\/","logo":{"@type":"ImageObject","inLanguage":"it-IT","@id":"https:\/\/www.safinel.fr\/#\/schema\/logo\/image\/","url":"https:\/\/www.safinel.fr\/wp-content\/uploads\/2021\/05\/boutique-cosmetique.png","contentUrl":"https:\/\/www.safinel.fr\/wp-content\/uploads\/2021\/05\/boutique-cosmetique.png","width":800,"height":200,"caption":"Safinel"},"image":{"@id":"https:\/\/www.safinel.fr\/#\/schema\/logo\/image\/"}}]}},"_links":{"self":[{"href":"https:\/\/www.safinel.fr\/it\/wp-json\/wp\/v2\/product\/5375","targetHints":{"allow":["GET"]}}],"collection":[{"href":"https:\/\/www.safinel.fr\/it\/wp-json\/wp\/v2\/product"}],"about":[{"href":"https:\/\/www.safinel.fr\/it\/wp-json\/wp\/v2\/types\/product"}],"wp:featuredmedia":[{"embeddable":true,"href":"https:\/\/www.safinel.fr\/it\/wp-json\/wp\/v2\/media\/5376"}],"wp:attachment":[{"href":"https:\/\/www.safinel.fr\/it\/wp-json\/wp\/v2\/media?parent=5375"}],"wp:term":[{"taxonomy":"product_brand","embeddable":true,"href":"https:\/\/www.safinel.fr\/it\/wp-json\/wp\/v2\/product_brand?post=5375"},{"taxonomy":"product_cat","embeddable":true,"href":"https:\/\/www.safinel.fr\/it\/wp-json\/wp\/v2\/product_cat?post=5375"},{"taxonomy":"product_tag","embeddable":true,"href":"https:\/\/www.safinel.fr\/it\/wp-json\/wp\/v2\/product_tag?post=5375"}],"curies":[{"name":"wp","href":"https:\/\/api.w.org\/{rel}","templated":true}]}}