{"id":5370,"date":"2023-04-09T10:31:34","date_gmt":"2023-04-09T10:31:34","guid":{"rendered":"https:\/\/www.safinel.fr\/?post_type=product&#038;p=5370"},"modified":"2025-11-24T15:52:41","modified_gmt":"2025-11-24T15:52:41","slug":"polvere-di-pappa-reale-liofilizzata","status":"publish","type":"product","link":"https:\/\/www.safinel.fr\/it\/prodotto\/polvere-di-pappa-reale-liofilizzata\/","title":{"rendered":"Polvere di pappa reale liofilizzata"},"content":{"rendered":"<p>La polvere di pappa reale liofilizzata \u00e8 un potente integratore alimentare naturale, <strong>ideale per combattere la stanchezza e rafforzare il sistema immunitario<\/strong>. Ricco di nutrienti essenziali, questo prodotto proveniente dal mondo delle api ha molte propriet\u00e0 fortificanti e stimolanti. Scoprite tutto quello che c'\u00e8 da sapere su questo essenziale alleato della salute.<\/p>\n<h2><strong>Che cos'\u00e8 la pappa reale?<\/strong><\/h2>\n<p><strong>La pappa reale \u00e8 una sostanza prodotta dalle api operaie per nutrire la regina e le larve della colonia.<\/strong>. Grazie a questo alimento esclusivo, la regina raggiunge dimensioni eccezionali e vive molto pi\u00f9 a lungo degli altri membri dell'alveare (fino a 5 anni, contro le poche settimane delle operaie). La sua composizione unica e le sue propriet\u00e0 benefiche fanno della pappa reale un vero e proprio tesoro della natura. \u00c8 composta da :<\/p>\n<ul>\n<li>Vitamine: gruppo B (B3, B5, B6, B8), A, C, D, E<\/li>\n<li>Minerali: calcio, fosforo, potassio, zolfo, ferro, rame.<\/li>\n<li>Aminoacidi essenziali e non essenziali<\/li>\n<li>Proteine e peptidi<\/li>\n<li>Acidi grassi insaturi<\/li>\n<li>Enzimi e ormoni<\/li>\n<li>Antiossidanti<\/li>\n<\/ul>\n<h2><strong>I benefici della pappa reale in polvere liofilizzata<\/strong><\/h2>\n<p>La polvere di pappa reale liofilizzata presenta una serie di vantaggi rispetto alla forma fresca, tra cui:<\/p>\n<h3><strong>Migliore conservazione<\/strong><\/h3>\n<p>La liofilizzazione \u00e8 un processo che preserva le propriet\u00e0 e le qualit\u00e0 nutrizionali della pappa reale. Questo processo consiste nel congelare e poi disidratare la sostanza a bassa pressione, eliminando l'acqua e preservando le molecole attive.<\/p>\n<p>Questo metodo di conservazione <strong>conferisce alla pappa reale una maggiore durata di conservazione<\/strong>, Ci\u00f2 significa che pu\u00f2 essere conservato per diversi mesi senza perdere i suoi benefici.<\/p>\n<h3><strong>Pratico e versatile<\/strong><\/h3>\n<p>La polvere di pappa reale liofilizzata si scioglie facilmente in acqua, succo di frutta o yogurt, rendendola facile da incorporare nella dieta quotidiana. Pu\u00f2 anche essere utilizzata come ingrediente in cucina e in ricette cosmetiche. Inoltre, la polvere \u00e8 meno sensibile alle variazioni di temperatura, per cui \u00e8 possibile trasportare e consumare il prodotto in condizioni ottimali.<\/p>\n<h2><strong>I benefici per la salute della pappa reale in polvere liofilizzata<\/strong><\/h2>\n<p>La polvere di pappa reale liofilizzata ha molte propriet\u00e0 benefiche per il nostro organismo:<\/p>\n<h3><strong>Un tonico naturale contro la stanchezza<\/strong><\/h3>\n<p>Ricca di vitamine, minerali e aminoacidi, la pappa reale \u00e8 un tonico e stimolante naturale che aiuta a combattere la stanchezza fisica e mentale. Aiuta inoltre a migliorare la resistenza dell'organismo allo stress e alle aggressioni esterne.<\/p>\n<h3><strong>Sostegno al sistema immunitario<\/strong><\/h3>\n<p>La pappa reale rafforza il sistema immunitario grazie al suo contenuto di antiossidanti e vitamina C. Aiuta quindi a prevenire e combattere le infezioni. Allo stesso tempo, favorisce un migliore recupero dopo uno sforzo fisico o una malattia.<\/p>\n<h3><strong>Azione benefica su pelle e capelli<\/strong><\/h3>\n<p>Le vitamine del gruppo B e gli acidi grassi essenziali contenuti nella pappa reale sono noti per i loro effetti benefici su pelle e capelli. In particolare, aiutano a :<\/p>\n<ul>\n<li>Rigenerano e idratano la pelle<\/li>\n<li>Migliorare l'elasticit\u00e0 e la compattezza della pelle<\/li>\n<li>Combattere i problemi della pelle (acne, eczema, psoriasi)<\/li>\n<li>Promuove la crescita e la vitalit\u00e0 dei capelli<\/li>\n<\/ul>\n<h2><strong>Come si usa la polvere di pappa reale liofilizzata?<\/strong><\/h2>\n<p>Per sfruttare appieno i benefici della polvere di pappa reale liofilizzata, \u00e8 consigliabile seguire un ciclo di trattamento regolare, soprattutto al cambio di stagione o quando ci si sente stanchi. Ecco alcuni consigli per trarre il massimo da questo integratore alimentare:<\/p>\n<h3><strong>Scegliere un prodotto di qualit\u00e0<\/strong><\/h3>\n<p>Scegliete la pappa reale da agricoltura biologica e certificata senza pesticidi, per garantire la purezza e la qualit\u00e0 del prodotto.<\/p>\n<h3><strong>Seguire il dosaggio raccomandato<\/strong><\/h3>\n<p>La dose giornaliera raccomandata \u00e8 generalmente di 1 g di polvere (circa un cucchiaino) per un adulto, da adattare in base all'et\u00e0 e alle esigenze specifiche. \u00c8 preferibile assumere la pappa reale al mattino, quando l'organismo \u00e8 pi\u00f9 ricettivo ai nutrienti.<\/p>\n<h3><strong>Mescolatelo con altri ingredienti sani<\/strong><\/h3>\n<p>Per ottimizzare gli effetti della polvere di pappa reale liofilizzata, abbinatela ad alimenti ricchi di vitamine, minerali e antiossidanti, come :<\/p>\n<ul>\n<li>Succo di frutta fresca (arancia, limone, mela, melograno, ecc.)<\/li>\n<li>Frullati a base di verdure verdi (spinaci, cavoli, cetrioli, ecc.)<\/li>\n<li>Yogurt magro o fromage frais<\/li>\n<li>Cereali integrali (avena, quinoa, bulgur, ecc.)<\/li>\n<li>Noci, semi e <a href=\"https:\/\/www.safinel.fr\/it\/categoria-prodotto\/frutta-tropicale\/\"><strong>frutta<\/strong><\/a> Secchi (mandorle, nocciole, uvetta, albicocche, ecc.)<\/li>\n<\/ul>\n<p>Includendo regolarmente la polvere di pappa reale liofilizzata nella vostra dieta, potrete beneficiare delle sue propriet\u00e0 rivitalizzanti e stimolanti, rafforzando al contempo le vostre difese naturali. Una risorsa inestimabile per il mantenimento della salute e del benessere quotidiano.<\/p>","protected":false},"excerpt":{"rendered":"<p><img decoding=\"async\" class=\"size-full wp-image-5091 aligncenter\" src=\"https:\/\/www.safinel.fr\/wp-content\/uploads\/2021\/06\/BANNIERE-ICONE-SAFINEL.webp\" alt=\"riassicurazione satine\" width=\"800\" height=\"200\" srcset=\"https:\/\/www.safinel.fr\/wp-content\/uploads\/2021\/06\/BANNIERE-ICONE-SAFINEL.webp 800w, https:\/\/www.safinel.fr\/wp-content\/uploads\/2021\/06\/BANNIERE-ICONE-SAFINEL-600x150.webp 600w, https:\/\/www.safinel.fr\/wp-content\/uploads\/2021\/06\/BANNIERE-ICONE-SAFINEL-768x192.webp 768w\" sizes=\"(max-width: 800px) 100vw, 800px\" \/><\/p>","protected":false},"featured_media":5371,"template":"","meta":[],"product_brand":[],"product_cat":[24],"product_tag":[],"class_list":{"0":"post-5370","1":"product","2":"type-product","3":"status-publish","4":"has-post-thumbnail","6":"product_cat-apiculture","8":"first","9":"outofstock","10":"shipping-taxable","11":"purchasable","12":"product-type-variable"},"yoast_head":"<!-- This site is optimized with the Yoast SEO plugin v26.6 - https:\/\/yoast.com\/wordpress\/plugins\/seo\/ -->\n<title>Gel\u00e9e royale en poudre lyophilis\u00e9e I Bienfaits nombreux<\/title>\n<meta name=\"description\" content=\"La\u00a0gel\u00e9e royale en poudre lyophilis\u00e9e\u00a0est un compl\u00e9ment alimentaire naturel et puissant, id\u00e9al pour lutter contre la fatigue.\" \/>\n<meta name=\"robots\" content=\"index, follow, max-snippet:-1, max-image-preview:large, max-video-preview:-1\" \/>\n<link rel=\"canonical\" href=\"https:\/\/www.safinel.fr\/it\/prodotto\/polvere-di-pappa-reale-liofilizzata\/\" \/>\n<meta property=\"og:locale\" content=\"it_IT\" \/>\n<meta property=\"og:type\" content=\"article\" \/>\n<meta property=\"og:title\" content=\"Gel\u00e9e royale en poudre lyophilis\u00e9e I Bienfaits nombreux\" \/>\n<meta property=\"og:description\" content=\"La\u00a0gel\u00e9e royale en poudre lyophilis\u00e9e\u00a0est un compl\u00e9ment alimentaire naturel et puissant, id\u00e9al pour lutter contre la fatigue.\" \/>\n<meta property=\"og:url\" content=\"https:\/\/www.safinel.fr\/it\/prodotto\/polvere-di-pappa-reale-liofilizzata\/\" \/>\n<meta property=\"og:site_name\" content=\"Safinel\" \/>\n<meta property=\"article:modified_time\" content=\"2025-11-24T15:52:41+00:00\" \/>\n<meta property=\"og:image\" content=\"https:\/\/www.safinel.fr\/wp-content\/uploads\/2023\/04\/gelee-royal-en-poudre-lyophilise.jpg\" \/>\n\t<meta property=\"og:image:width\" content=\"600\" \/>\n\t<meta property=\"og:image:height\" content=\"600\" \/>\n\t<meta property=\"og:image:type\" content=\"image\/jpeg\" \/>\n<meta name=\"twitter:card\" content=\"summary_large_image\" \/>\n<meta name=\"twitter:label1\" content=\"Tempo di lettura stimato\" \/>\n\t<meta name=\"twitter:data1\" content=\"4 minuti\" \/>\n<script type=\"application\/ld+json\" class=\"yoast-schema-graph\">{\"@context\":\"https:\/\/schema.org\",\"@graph\":[{\"@type\":\"WebPage\",\"@id\":\"https:\/\/www.safinel.fr\/produit\/gelee-royale-en-poudre-lyophilisee\/\",\"url\":\"https:\/\/www.safinel.fr\/produit\/gelee-royale-en-poudre-lyophilisee\/\",\"name\":\"Gel\u00e9e royale en poudre lyophilis\u00e9e I Bienfaits nombreux\",\"isPartOf\":{\"@id\":\"https:\/\/www.safinel.fr\/#website\"},\"primaryImageOfPage\":{\"@id\":\"https:\/\/www.safinel.fr\/produit\/gelee-royale-en-poudre-lyophilisee\/#primaryimage\"},\"image\":{\"@id\":\"https:\/\/www.safinel.fr\/produit\/gelee-royale-en-poudre-lyophilisee\/#primaryimage\"},\"thumbnailUrl\":\"https:\/\/www.safinel.fr\/wp-content\/uploads\/2023\/04\/gelee-royal-en-poudre-lyophilise.jpg\",\"datePublished\":\"2023-04-09T10:31:34+00:00\",\"dateModified\":\"2025-11-24T15:52:41+00:00\",\"description\":\"La\u00a0gel\u00e9e royale en poudre lyophilis\u00e9e\u00a0est un compl\u00e9ment alimentaire naturel et puissant, id\u00e9al pour lutter contre la fatigue.\",\"breadcrumb\":{\"@id\":\"https:\/\/www.safinel.fr\/produit\/gelee-royale-en-poudre-lyophilisee\/#breadcrumb\"},\"inLanguage\":\"it-IT\",\"potentialAction\":[{\"@type\":\"ReadAction\",\"target\":[\"https:\/\/www.safinel.fr\/produit\/gelee-royale-en-poudre-lyophilisee\/\"]}]},{\"@type\":\"ImageObject\",\"inLanguage\":\"it-IT\",\"@id\":\"https:\/\/www.safinel.fr\/produit\/gelee-royale-en-poudre-lyophilisee\/#primaryimage\",\"url\":\"https:\/\/www.safinel.fr\/wp-content\/uploads\/2023\/04\/gelee-royal-en-poudre-lyophilise.jpg\",\"contentUrl\":\"https:\/\/www.safinel.fr\/wp-content\/uploads\/2023\/04\/gelee-royal-en-poudre-lyophilise.jpg\",\"width\":600,\"height\":600,\"caption\":\"Gel\u00e9e royale en poudre lyophilis\u00e9e\"},{\"@type\":\"BreadcrumbList\",\"@id\":\"https:\/\/www.safinel.fr\/produit\/gelee-royale-en-poudre-lyophilisee\/#breadcrumb\",\"itemListElement\":[{\"@type\":\"ListItem\",\"position\":1,\"name\":\"Accueil\",\"item\":\"https:\/\/www.safinel.fr\/\"},{\"@type\":\"ListItem\",\"position\":2,\"name\":\"Boutique\",\"item\":\"https:\/\/www.safinel.fr\/boutique\/\"},{\"@type\":\"ListItem\",\"position\":3,\"name\":\"Gel\u00e9e royale en poudre lyophilis\u00e9e\"}]},{\"@type\":\"WebSite\",\"@id\":\"https:\/\/www.safinel.fr\/#website\",\"url\":\"https:\/\/www.safinel.fr\/\",\"name\":\"Safinel\",\"description\":\"\",\"publisher\":{\"@id\":\"https:\/\/www.safinel.fr\/#organization\"},\"potentialAction\":[{\"@type\":\"SearchAction\",\"target\":{\"@type\":\"EntryPoint\",\"urlTemplate\":\"https:\/\/www.safinel.fr\/?s={search_term_string}\"},\"query-input\":{\"@type\":\"PropertyValueSpecification\",\"valueRequired\":true,\"valueName\":\"search_term_string\"}}],\"inLanguage\":\"it-IT\"},{\"@type\":\"Organization\",\"@id\":\"https:\/\/www.safinel.fr\/#organization\",\"name\":\"Safinel\",\"url\":\"https:\/\/www.safinel.fr\/\",\"logo\":{\"@type\":\"ImageObject\",\"inLanguage\":\"it-IT\",\"@id\":\"https:\/\/www.safinel.fr\/#\/schema\/logo\/image\/\",\"url\":\"https:\/\/www.safinel.fr\/wp-content\/uploads\/2021\/05\/boutique-cosmetique.png\",\"contentUrl\":\"https:\/\/www.safinel.fr\/wp-content\/uploads\/2021\/05\/boutique-cosmetique.png\",\"width\":800,\"height\":200,\"caption\":\"Safinel\"},\"image\":{\"@id\":\"https:\/\/www.safinel.fr\/#\/schema\/logo\/image\/\"}}]}<\/script>\n<!-- \/ Yoast SEO plugin. -->","yoast_head_json":{"title":"Polvere di pappa reale liofilizzata I Numerosi benefici","description":"La polvere di pappa reale liofilizzata \u00e8 un potente integratore alimentare naturale, ideale per combattere la stanchezza.","robots":{"index":"index","follow":"follow","max-snippet":"max-snippet:-1","max-image-preview":"max-image-preview:large","max-video-preview":"max-video-preview:-1"},"canonical":"https:\/\/www.safinel.fr\/it\/prodotto\/polvere-di-pappa-reale-liofilizzata\/","og_locale":"it_IT","og_type":"article","og_title":"Gel\u00e9e royale en poudre lyophilis\u00e9e I Bienfaits nombreux","og_description":"La\u00a0gel\u00e9e royale en poudre lyophilis\u00e9e\u00a0est un compl\u00e9ment alimentaire naturel et puissant, id\u00e9al pour lutter contre la fatigue.","og_url":"https:\/\/www.safinel.fr\/it\/prodotto\/polvere-di-pappa-reale-liofilizzata\/","og_site_name":"Safinel","article_modified_time":"2025-11-24T15:52:41+00:00","og_image":[{"width":600,"height":600,"url":"https:\/\/www.safinel.fr\/wp-content\/uploads\/2023\/04\/gelee-royal-en-poudre-lyophilise.jpg","type":"image\/jpeg"}],"twitter_card":"summary_large_image","twitter_misc":{"Tempo di lettura stimato":"4 minuti"},"schema":{"@context":"https:\/\/schema.org","@graph":[{"@type":"WebPage","@id":"https:\/\/www.safinel.fr\/produit\/gelee-royale-en-poudre-lyophilisee\/","url":"https:\/\/www.safinel.fr\/produit\/gelee-royale-en-poudre-lyophilisee\/","name":"Polvere di pappa reale liofilizzata I Numerosi benefici","isPartOf":{"@id":"https:\/\/www.safinel.fr\/#website"},"primaryImageOfPage":{"@id":"https:\/\/www.safinel.fr\/produit\/gelee-royale-en-poudre-lyophilisee\/#primaryimage"},"image":{"@id":"https:\/\/www.safinel.fr\/produit\/gelee-royale-en-poudre-lyophilisee\/#primaryimage"},"thumbnailUrl":"https:\/\/www.safinel.fr\/wp-content\/uploads\/2023\/04\/gelee-royal-en-poudre-lyophilise.jpg","datePublished":"2023-04-09T10:31:34+00:00","dateModified":"2025-11-24T15:52:41+00:00","description":"La polvere di pappa reale liofilizzata \u00e8 un potente integratore alimentare naturale, ideale per combattere la stanchezza.","breadcrumb":{"@id":"https:\/\/www.safinel.fr\/produit\/gelee-royale-en-poudre-lyophilisee\/#breadcrumb"},"inLanguage":"it-IT","potentialAction":[{"@type":"ReadAction","target":["https:\/\/www.safinel.fr\/produit\/gelee-royale-en-poudre-lyophilisee\/"]}]},{"@type":"ImageObject","inLanguage":"it-IT","@id":"https:\/\/www.safinel.fr\/produit\/gelee-royale-en-poudre-lyophilisee\/#primaryimage","url":"https:\/\/www.safinel.fr\/wp-content\/uploads\/2023\/04\/gelee-royal-en-poudre-lyophilise.jpg","contentUrl":"https:\/\/www.safinel.fr\/wp-content\/uploads\/2023\/04\/gelee-royal-en-poudre-lyophilise.jpg","width":600,"height":600,"caption":"Gel\u00e9e royale en poudre lyophilis\u00e9e"},{"@type":"BreadcrumbList","@id":"https:\/\/www.safinel.fr\/produit\/gelee-royale-en-poudre-lyophilisee\/#breadcrumb","itemListElement":[{"@type":"ListItem","position":1,"name":"Accueil","item":"https:\/\/www.safinel.fr\/"},{"@type":"ListItem","position":2,"name":"Boutique","item":"https:\/\/www.safinel.fr\/boutique\/"},{"@type":"ListItem","position":3,"name":"Gel\u00e9e royale en poudre lyophilis\u00e9e"}]},{"@type":"WebSite","@id":"https:\/\/www.safinel.fr\/#website","url":"https:\/\/www.safinel.fr\/","name":"Safinel","description":"","publisher":{"@id":"https:\/\/www.safinel.fr\/#organization"},"potentialAction":[{"@type":"SearchAction","target":{"@type":"EntryPoint","urlTemplate":"https:\/\/www.safinel.fr\/?s={search_term_string}"},"query-input":{"@type":"PropertyValueSpecification","valueRequired":true,"valueName":"search_term_string"}}],"inLanguage":"it-IT"},{"@type":"Organization","@id":"https:\/\/www.safinel.fr\/#organization","name":"Safinel","url":"https:\/\/www.safinel.fr\/","logo":{"@type":"ImageObject","inLanguage":"it-IT","@id":"https:\/\/www.safinel.fr\/#\/schema\/logo\/image\/","url":"https:\/\/www.safinel.fr\/wp-content\/uploads\/2021\/05\/boutique-cosmetique.png","contentUrl":"https:\/\/www.safinel.fr\/wp-content\/uploads\/2021\/05\/boutique-cosmetique.png","width":800,"height":200,"caption":"Safinel"},"image":{"@id":"https:\/\/www.safinel.fr\/#\/schema\/logo\/image\/"}}]}},"_links":{"self":[{"href":"https:\/\/www.safinel.fr\/it\/wp-json\/wp\/v2\/product\/5370","targetHints":{"allow":["GET"]}}],"collection":[{"href":"https:\/\/www.safinel.fr\/it\/wp-json\/wp\/v2\/product"}],"about":[{"href":"https:\/\/www.safinel.fr\/it\/wp-json\/wp\/v2\/types\/product"}],"wp:featuredmedia":[{"embeddable":true,"href":"https:\/\/www.safinel.fr\/it\/wp-json\/wp\/v2\/media\/5371"}],"wp:attachment":[{"href":"https:\/\/www.safinel.fr\/it\/wp-json\/wp\/v2\/media?parent=5370"}],"wp:term":[{"taxonomy":"product_brand","embeddable":true,"href":"https:\/\/www.safinel.fr\/it\/wp-json\/wp\/v2\/product_brand?post=5370"},{"taxonomy":"product_cat","embeddable":true,"href":"https:\/\/www.safinel.fr\/it\/wp-json\/wp\/v2\/product_cat?post=5370"},{"taxonomy":"product_tag","embeddable":true,"href":"https:\/\/www.safinel.fr\/it\/wp-json\/wp\/v2\/product_tag?post=5370"}],"curies":[{"name":"wp","href":"https:\/\/api.w.org\/{rel}","templated":true}]}}