{"id":5192,"date":"2023-03-30T18:06:15","date_gmt":"2023-03-30T18:06:15","guid":{"rendered":"https:\/\/www.safinel.fr\/?post_type=product&#038;p=5192"},"modified":"2026-01-13T10:21:23","modified_gmt":"2026-01-13T10:21:23","slug":"crema-bazooka","status":"publish","type":"product","link":"https:\/\/www.safinel.fr\/it\/prodotto\/crema-bazooka\/","title":{"rendered":"Crema Bazuka 100ml"},"content":{"rendered":"<p>Se siete alla ricerca di un prodotto facile da usare per rassodare e tonificare i glutei, il pene e il petto, il prodotto\u00a0<strong>crema bazooka<\/strong>\u00a0\u00e8 un'opzione eccellente. Scopritelo nel vostro negozio Safinel, tra le tante altre sorprese...<\/p>\n<h2><strong>Crema Bazooka: un unguento che vi piacer\u00e0!<\/strong><\/h2>\n<p>La crema Bazooka \u00e8 un prodotto originale e di comprovata efficacia per il rassodamento e la tonificazione di glutei, pene e seni. \u00c8 molto facile da usare e offre benefici sorprendenti per tutti.<\/p>\n<p>Contiene ingredienti naturali come <a href=\"https:\/\/www.safinel.fr\/it\/prodotto\/olio-dakpi\/\"><strong>olio akpi<\/strong><\/a>\u00a0o il\u00a0<a href=\"https:\/\/www.safinel.fr\/it\/prodotto\/kigelia-africana\/\"><strong>kig\u00e9lia<\/strong><\/a>\u00a0e\u00a0<a href=\"https:\/\/www.safinel.fr\/it\/prodotto\/olio-di-fieno-greco\/\"><strong>fieno greco<\/strong><\/a>. Sono noti per rassodare il tessuto cutaneo, prevenire le smagliature e aumentare il volume di alcune zone del corpo. O per aumentare il volume di alcune zone del corpo.<\/p>\n<p>Presentata come crema per applicazione topica, il suo pratico formato consente di portarla con s\u00e9 ovunque si vada. \u00c8 cos\u00ec facile da usare che diventer\u00e0 sicuramente un must-have!<\/p>\n<h2><strong>Quali sono i benefici della crema bazooka?\u00a0<\/strong><\/h2>\n<p>Questo\u00a0<strong>unguento tonificante<\/strong>\u00a0ha una formula potente che pu\u00f2 aiutare a rassodare e tonificare i glutei e il seno. Ma anche :<\/p>\n<ul>\n<li>Migliorare la circolazione sanguigna e la salute riproduttiva degli uomini<\/li>\n<li>Pu\u00f2 aiutare a rivitalizzare la pelle,<\/li>\n<li>Aiuta a ridurre le smagliature e a migliorare l'elasticit\u00e0 della pelle<\/li>\n<li>La crema Bazooka pu\u00f2 anche contribuire ad aumentare la resistenza e il vigore sessuale.<\/li>\n<li>Infine, aggiunge un po' di pepe alle relazioni intime.<\/li>\n<\/ul>\n<p>D'altra parte, se cercate un prodotto che sia essenzialmente utile per rafforzare i glutei e cercare di aumentarne il volume, c'\u00e8\u00a0<strong>Giogo<\/strong>\u00a0! Supposte riservate agli adulti per aumentare il volume dei glutei e dei fianchi.<\/p>\n<h3><strong>Come si usa la crema bazooka?<\/strong><\/h3>\n<p>La crema bazooka \u00e8 molto facile da usare e inizia a funzionare non appena la si applica. \u00c8 sufficiente massaggiare la crema sulla zona da trattare due volte al giorno per ottenere buoni risultati.<\/p>\n<p>Per il petto, ad esempio, si pu\u00f2 anche usare<strong>\u00a0olio speciale dalla forma lussureggiante.\u00a0<\/strong>Un formato ultra-pratico che potete portare ovunque e che vi dar\u00e0 risultati rapidi.<\/p>\n<h3><strong>Precauzioni\u00a0<\/strong><\/h3>\n<p>\u00c8 importante notare che la crema \u00e8 molto potente e pu\u00f2 causare effetti collaterali se non viene utilizzata correttamente. In particolare se viene applicata troppo frequentemente o su una pelle troppo sensibile. Per questo motivo \u00e8 importante seguire le istruzioni del produttore e non farne un uso eccessivo.<\/p>\n<h3><strong>Migliorate la vostra privacy con Safinel<\/strong><\/h3>\n<p>Il nostro negozio online \u00e8 specializzato in prodotti naturali e per il benessere. Cos\u00ec potrete prendervi cura di voi stessi ogni giorno, ogni momento della vostra vita! Inoltre, desideriamo offrirvi una scelta di prodotti intimi. Abbiamo quindi molto per rendere pi\u00f9 piccante il vostro rapporto di coppia.<\/p>\n<p>Scoprite, ad esempio, i nostri mieli afrodisiaci come\u00a0<strong>libidomiel<\/strong>. Ma anche il\u00a0<strong>gesso vaginale<\/strong>, per le donne alla ricerca di un'esperienza unica.<\/p>\n<p>Ma c'\u00e8 anche tutta una serie di dolciumi, come le caramelle stimolanti. Il gusto \u00e8 dolce e le propriet\u00e0 sono sorprendenti... ed esplosive! Ve lo lasciamo scoprire da soli!<\/p>","protected":false},"excerpt":{"rendered":"<p><strong>Caratteristiche :\u00a0<\/strong><\/p>\n<ul>\n<li>Migliorare la circolazione sanguigna e la salute riproduttiva degli uomini<\/li>\n<li>Pu\u00f2 aiutare a rivitalizzare la pelle,<\/li>\n<li>Aiuta a ridurre le smagliature e a migliorare l'elasticit\u00e0 della pelle<\/li>\n<li>La crema Bazooka pu\u00f2 anche contribuire ad aumentare la resistenza e il vigore sessuale.<\/li>\n<li>Infine, aggiunge un po' di pepe alle relazioni intime.<\/li>\n<\/ul>\n<p><img decoding=\"async\" class=\"size-full wp-image-5091 aligncenter\" src=\"https:\/\/www.safinel.fr\/wp-content\/uploads\/2021\/06\/BANNIERE-ICONE-SAFINEL.webp\" alt=\"riassicurazione satine\" width=\"800\" height=\"200\" srcset=\"https:\/\/www.safinel.fr\/wp-content\/uploads\/2021\/06\/BANNIERE-ICONE-SAFINEL.webp 800w, https:\/\/www.safinel.fr\/wp-content\/uploads\/2021\/06\/BANNIERE-ICONE-SAFINEL-600x150.webp 600w, https:\/\/www.safinel.fr\/wp-content\/uploads\/2021\/06\/BANNIERE-ICONE-SAFINEL-768x192.webp 768w\" sizes=\"(max-width: 800px) 100vw, 800px\" \/><\/p>","protected":false},"featured_media":5193,"template":"","meta":[],"product_brand":[],"product_cat":[149,131],"product_tag":[],"class_list":{"0":"post-5192","1":"product","2":"type-product","3":"status-publish","4":"has-post-thumbnail","6":"product_cat-creme-aphrodisiaque","7":"product_cat-intimite-masculine","9":"first","10":"instock","11":"shipping-taxable","12":"purchasable","13":"product-type-simple"},"yoast_head":"<!-- This site is optimized with the Yoast SEO plugin v26.6 - https:\/\/yoast.com\/wordpress\/plugins\/seo\/ -->\n<title>Cr\u00e8me bazooka pour homme I Achat en ligne de la bazuka cream<\/title>\n<meta name=\"description\" content=\"La\u00a0cr\u00e8me bazooka\u00a0est une excellente option pour raffermir et tonifier les fesses, le p\u00e9nis et la poitrine. Adoptez-l\u00e0 sans plus attendre !\" \/>\n<meta name=\"robots\" content=\"index, follow, max-snippet:-1, max-image-preview:large, max-video-preview:-1\" \/>\n<link rel=\"canonical\" href=\"https:\/\/www.safinel.fr\/it\/prodotto\/crema-bazooka\/\" \/>\n<meta property=\"og:locale\" content=\"it_IT\" \/>\n<meta property=\"og:type\" content=\"article\" \/>\n<meta property=\"og:title\" content=\"Cr\u00e8me bazooka pour homme I Achat en ligne de la bazuka cream\" \/>\n<meta property=\"og:description\" content=\"La\u00a0cr\u00e8me bazooka\u00a0est une excellente option pour raffermir et tonifier les fesses, le p\u00e9nis et la poitrine. Adoptez-l\u00e0 sans plus attendre !\" \/>\n<meta property=\"og:url\" content=\"https:\/\/www.safinel.fr\/it\/prodotto\/crema-bazooka\/\" \/>\n<meta property=\"og:site_name\" content=\"Safinel\" \/>\n<meta property=\"article:modified_time\" content=\"2026-01-13T10:21:23+00:00\" \/>\n<meta property=\"og:image\" content=\"https:\/\/www.safinel.fr\/wp-content\/uploads\/2023\/03\/creme-bazouka-site.jpg\" \/>\n\t<meta property=\"og:image:width\" content=\"600\" \/>\n\t<meta property=\"og:image:height\" content=\"600\" \/>\n\t<meta property=\"og:image:type\" content=\"image\/jpeg\" \/>\n<meta name=\"twitter:card\" content=\"summary_large_image\" \/>\n<meta name=\"twitter:label1\" content=\"Tempo di lettura stimato\" \/>\n\t<meta name=\"twitter:data1\" content=\"3 minuti\" \/>\n<script type=\"application\/ld+json\" class=\"yoast-schema-graph\">{\"@context\":\"https:\/\/schema.org\",\"@graph\":[{\"@type\":\"WebPage\",\"@id\":\"https:\/\/www.safinel.fr\/produit\/creme-bazooka\/\",\"url\":\"https:\/\/www.safinel.fr\/produit\/creme-bazooka\/\",\"name\":\"Cr\u00e8me bazooka pour homme I Achat en ligne de la bazuka cream\",\"isPartOf\":{\"@id\":\"https:\/\/www.safinel.fr\/#website\"},\"primaryImageOfPage\":{\"@id\":\"https:\/\/www.safinel.fr\/produit\/creme-bazooka\/#primaryimage\"},\"image\":{\"@id\":\"https:\/\/www.safinel.fr\/produit\/creme-bazooka\/#primaryimage\"},\"thumbnailUrl\":\"https:\/\/www.safinel.fr\/wp-content\/uploads\/2023\/03\/creme-bazouka-site.jpg\",\"datePublished\":\"2023-03-30T18:06:15+00:00\",\"dateModified\":\"2026-01-13T10:21:23+00:00\",\"description\":\"La\u00a0cr\u00e8me bazooka\u00a0est une excellente option pour raffermir et tonifier les fesses, le p\u00e9nis et la poitrine. Adoptez-l\u00e0 sans plus attendre !\",\"breadcrumb\":{\"@id\":\"https:\/\/www.safinel.fr\/produit\/creme-bazooka\/#breadcrumb\"},\"inLanguage\":\"it-IT\",\"potentialAction\":[{\"@type\":\"ReadAction\",\"target\":[\"https:\/\/www.safinel.fr\/produit\/creme-bazooka\/\"]}]},{\"@type\":\"ImageObject\",\"inLanguage\":\"it-IT\",\"@id\":\"https:\/\/www.safinel.fr\/produit\/creme-bazooka\/#primaryimage\",\"url\":\"https:\/\/www.safinel.fr\/wp-content\/uploads\/2023\/03\/creme-bazouka-site.jpg\",\"contentUrl\":\"https:\/\/www.safinel.fr\/wp-content\/uploads\/2023\/03\/creme-bazouka-site.jpg\",\"width\":600,\"height\":600,\"caption\":\"Cr\u00e8me bazooka (Bazuka cream) 100ml\"},{\"@type\":\"BreadcrumbList\",\"@id\":\"https:\/\/www.safinel.fr\/produit\/creme-bazooka\/#breadcrumb\",\"itemListElement\":[{\"@type\":\"ListItem\",\"position\":1,\"name\":\"Accueil\",\"item\":\"https:\/\/www.safinel.fr\/\"},{\"@type\":\"ListItem\",\"position\":2,\"name\":\"Boutique\",\"item\":\"https:\/\/www.safinel.fr\/boutique\/\"},{\"@type\":\"ListItem\",\"position\":3,\"name\":\"Cr\u00e8me bazooka (Bazuka cream) 100ml\"}]},{\"@type\":\"WebSite\",\"@id\":\"https:\/\/www.safinel.fr\/#website\",\"url\":\"https:\/\/www.safinel.fr\/\",\"name\":\"Safinel\",\"description\":\"\",\"publisher\":{\"@id\":\"https:\/\/www.safinel.fr\/#organization\"},\"potentialAction\":[{\"@type\":\"SearchAction\",\"target\":{\"@type\":\"EntryPoint\",\"urlTemplate\":\"https:\/\/www.safinel.fr\/?s={search_term_string}\"},\"query-input\":{\"@type\":\"PropertyValueSpecification\",\"valueRequired\":true,\"valueName\":\"search_term_string\"}}],\"inLanguage\":\"it-IT\"},{\"@type\":\"Organization\",\"@id\":\"https:\/\/www.safinel.fr\/#organization\",\"name\":\"Safinel\",\"url\":\"https:\/\/www.safinel.fr\/\",\"logo\":{\"@type\":\"ImageObject\",\"inLanguage\":\"it-IT\",\"@id\":\"https:\/\/www.safinel.fr\/#\/schema\/logo\/image\/\",\"url\":\"https:\/\/www.safinel.fr\/wp-content\/uploads\/2021\/05\/boutique-cosmetique.png\",\"contentUrl\":\"https:\/\/www.safinel.fr\/wp-content\/uploads\/2021\/05\/boutique-cosmetique.png\",\"width\":800,\"height\":200,\"caption\":\"Safinel\"},\"image\":{\"@id\":\"https:\/\/www.safinel.fr\/#\/schema\/logo\/image\/\"}}]}<\/script>\n<!-- \/ Yoast SEO plugin. -->","yoast_head_json":{"title":"Crema bazuka uomo I Comprare crema bazuka online","description":"La crema Bazooka \u00e8 un'opzione eccellente per rassodare e tonificare i glutei, il pene e il petto. Non aspettate oltre!","robots":{"index":"index","follow":"follow","max-snippet":"max-snippet:-1","max-image-preview":"max-image-preview:large","max-video-preview":"max-video-preview:-1"},"canonical":"https:\/\/www.safinel.fr\/it\/prodotto\/crema-bazooka\/","og_locale":"it_IT","og_type":"article","og_title":"Cr\u00e8me bazooka pour homme I Achat en ligne de la bazuka cream","og_description":"La\u00a0cr\u00e8me bazooka\u00a0est une excellente option pour raffermir et tonifier les fesses, le p\u00e9nis et la poitrine. Adoptez-l\u00e0 sans plus attendre !","og_url":"https:\/\/www.safinel.fr\/it\/prodotto\/crema-bazooka\/","og_site_name":"Safinel","article_modified_time":"2026-01-13T10:21:23+00:00","og_image":[{"width":600,"height":600,"url":"https:\/\/www.safinel.fr\/wp-content\/uploads\/2023\/03\/creme-bazouka-site.jpg","type":"image\/jpeg"}],"twitter_card":"summary_large_image","twitter_misc":{"Tempo di lettura stimato":"3 minuti"},"schema":{"@context":"https:\/\/schema.org","@graph":[{"@type":"WebPage","@id":"https:\/\/www.safinel.fr\/produit\/creme-bazooka\/","url":"https:\/\/www.safinel.fr\/produit\/creme-bazooka\/","name":"Crema bazuka uomo I Comprare crema bazuka online","isPartOf":{"@id":"https:\/\/www.safinel.fr\/#website"},"primaryImageOfPage":{"@id":"https:\/\/www.safinel.fr\/produit\/creme-bazooka\/#primaryimage"},"image":{"@id":"https:\/\/www.safinel.fr\/produit\/creme-bazooka\/#primaryimage"},"thumbnailUrl":"https:\/\/www.safinel.fr\/wp-content\/uploads\/2023\/03\/creme-bazouka-site.jpg","datePublished":"2023-03-30T18:06:15+00:00","dateModified":"2026-01-13T10:21:23+00:00","description":"La crema Bazooka \u00e8 un'opzione eccellente per rassodare e tonificare i glutei, il pene e il petto. Non aspettate oltre!","breadcrumb":{"@id":"https:\/\/www.safinel.fr\/produit\/creme-bazooka\/#breadcrumb"},"inLanguage":"it-IT","potentialAction":[{"@type":"ReadAction","target":["https:\/\/www.safinel.fr\/produit\/creme-bazooka\/"]}]},{"@type":"ImageObject","inLanguage":"it-IT","@id":"https:\/\/www.safinel.fr\/produit\/creme-bazooka\/#primaryimage","url":"https:\/\/www.safinel.fr\/wp-content\/uploads\/2023\/03\/creme-bazouka-site.jpg","contentUrl":"https:\/\/www.safinel.fr\/wp-content\/uploads\/2023\/03\/creme-bazouka-site.jpg","width":600,"height":600,"caption":"Cr\u00e8me bazooka (Bazuka cream) 100ml"},{"@type":"BreadcrumbList","@id":"https:\/\/www.safinel.fr\/produit\/creme-bazooka\/#breadcrumb","itemListElement":[{"@type":"ListItem","position":1,"name":"Accueil","item":"https:\/\/www.safinel.fr\/"},{"@type":"ListItem","position":2,"name":"Boutique","item":"https:\/\/www.safinel.fr\/boutique\/"},{"@type":"ListItem","position":3,"name":"Cr\u00e8me bazooka (Bazuka cream) 100ml"}]},{"@type":"WebSite","@id":"https:\/\/www.safinel.fr\/#website","url":"https:\/\/www.safinel.fr\/","name":"Safinel","description":"","publisher":{"@id":"https:\/\/www.safinel.fr\/#organization"},"potentialAction":[{"@type":"SearchAction","target":{"@type":"EntryPoint","urlTemplate":"https:\/\/www.safinel.fr\/?s={search_term_string}"},"query-input":{"@type":"PropertyValueSpecification","valueRequired":true,"valueName":"search_term_string"}}],"inLanguage":"it-IT"},{"@type":"Organization","@id":"https:\/\/www.safinel.fr\/#organization","name":"Safinel","url":"https:\/\/www.safinel.fr\/","logo":{"@type":"ImageObject","inLanguage":"it-IT","@id":"https:\/\/www.safinel.fr\/#\/schema\/logo\/image\/","url":"https:\/\/www.safinel.fr\/wp-content\/uploads\/2021\/05\/boutique-cosmetique.png","contentUrl":"https:\/\/www.safinel.fr\/wp-content\/uploads\/2021\/05\/boutique-cosmetique.png","width":800,"height":200,"caption":"Safinel"},"image":{"@id":"https:\/\/www.safinel.fr\/#\/schema\/logo\/image\/"}}]}},"_links":{"self":[{"href":"https:\/\/www.safinel.fr\/it\/wp-json\/wp\/v2\/product\/5192","targetHints":{"allow":["GET"]}}],"collection":[{"href":"https:\/\/www.safinel.fr\/it\/wp-json\/wp\/v2\/product"}],"about":[{"href":"https:\/\/www.safinel.fr\/it\/wp-json\/wp\/v2\/types\/product"}],"wp:featuredmedia":[{"embeddable":true,"href":"https:\/\/www.safinel.fr\/it\/wp-json\/wp\/v2\/media\/5193"}],"wp:attachment":[{"href":"https:\/\/www.safinel.fr\/it\/wp-json\/wp\/v2\/media?parent=5192"}],"wp:term":[{"taxonomy":"product_brand","embeddable":true,"href":"https:\/\/www.safinel.fr\/it\/wp-json\/wp\/v2\/product_brand?post=5192"},{"taxonomy":"product_cat","embeddable":true,"href":"https:\/\/www.safinel.fr\/it\/wp-json\/wp\/v2\/product_cat?post=5192"},{"taxonomy":"product_tag","embeddable":true,"href":"https:\/\/www.safinel.fr\/it\/wp-json\/wp\/v2\/product_tag?post=5192"}],"curies":[{"name":"wp","href":"https:\/\/api.w.org\/{rel}","templated":true}]}}