{"id":493,"date":"2021-10-16T09:54:05","date_gmt":"2021-10-16T09:54:05","guid":{"rendered":"https:\/\/www.safinel.fr\/?post_type=product&#038;p=493"},"modified":"2023-12-30T13:30:53","modified_gmt":"2023-12-30T13:30:53","slug":"karite-chantilly","status":"publish","type":"product","link":"https:\/\/www.safinel.fr\/it\/prodotto\/karite-chantilly\/","title":{"rendered":"Crema montata di karit\u00e9 100 g"},"content":{"rendered":"<p><strong>Burro di karit\u00e9<\/strong>\u00a0\u00e8 uno dei pi\u00f9 popolari\u00a0<strong>prodotti di bellezza naturali<\/strong>, economico ed ecologico. Ma sapete che<strong>\u00a0crema montata al karit\u00e9\u00a0<\/strong>? Fa quasi venire fame, \u00e8 vero! Tuttavia, anche se la consistenza sembra appetitosa, in realt\u00e0 ci troviamo di fronte ad una\u00a0<strong>cosmetici<\/strong>.<\/p>\n<p>Zoom su questo burro di qualit\u00e0, che \u00e8 stato rinnovato per la nostra gioia!<\/p>\n<h2><strong>Burro di karit\u00e9 chantilly: presentazione di un prodotto cosmetico ultra-glamour\u00a0<\/strong><\/h2>\n<p>Basta guardarlo per capire che siamo di fronte a un prodotto di alta qualit\u00e0, ben lavorato e con molte virt\u00f9 in serbo per noi...<\/p>\n<p>Conosciuto anche come \u00aboro delle donne\u00bb, \u00e8 stato apprezzato per secoli per le sue propriet\u00e0 nutritive. Ma non solo.<\/p>\n<p>Originaria dell'Africa centrale,<strong>\u00a0l'albero del burro\u00a0<\/strong>\u00e8 famosa per il suo frutto, che contiene mandorle da cui si produce il famoso burro.<\/p>\n<p>Ma chi \u00e8 informato sa che questo\u00a0<strong>burro vegetale<\/strong>\u00a0ha un aspetto solido, simile alla cera. Di conseguenza, deve essere riscaldato nelle mani prima di poterlo usare, sia che lo si mescoli con altri ingredienti sia che lo si usi sul corpo o sui capelli. O da usare sul corpo o sui capelli.<\/p>\n<p>La panna montata al karit\u00e9 \u00e8 un prodotto per la pelle che \u00e8 stato montato come la panna montata fatta in casa! Il risultato \u00e8 una texture molto pi\u00f9 fondente, facile da maneggiare, cremosa, liscia e leggera. \u00c8 tutto ci\u00f2 che si ama quando si desidera utilizzare una texture cremosa e leggera.\u00a0<strong>cosmetici naturali<\/strong>\u00a0come<strong>\u00a0crema corpo.\u00a0<\/strong><\/p>\n<h2><strong>Quali sono i benefici di questo prodotto di bellezza?\u00a0<\/strong><\/h2>\n<p>Questo trattamento contiene un massimo di <strong>propriet\u00e0 per la pelle e i capelli.\u00a0<\/strong>Conserva le stesse propriet\u00e0 del burro di karit\u00e9 grezzo, ovvero :<\/p>\n<h3><strong>Per la pelle\u00a0<\/strong><\/h3>\n<ul>\n<li>Estremamente nutriente<\/li>\n<li><strong>Ammorbidisce la pelle<\/strong><\/li>\n<li>Idratazione<\/li>\n<li>Fonte di antiossidanti<\/li>\n<li>Lenisce l'eczema<\/li>\n<li>Consigliato per la pelle secca<\/li>\n<\/ul>\n<h3><strong>Per i capelli\u00a0<\/strong><\/h3>\n<ul>\n<li>Efficace contro la forfora<\/li>\n<li>Benefici per i capelli fragili<\/li>\n<li>Idrata e ammorbidisce il cuoio capelluto<\/li>\n<\/ul>\n<h2><strong>I tanti modi di usare la mia panna montata al karit\u00e9\u00a0<\/strong><\/h2>\n<p>Questa crema montata al karit\u00e9 \u00e8 cos\u00ec piacevole da usare ogni giorno che non vorrete pi\u00f9 farne a meno! Soprattutto perch\u00e9 si tratta di un cosmetico di qualit\u00e0 che pu\u00f2 essere utilizzato in tanti modi diversi.<\/p>\n<h3><strong>Cura dei capelli\u00a0<\/strong><\/h3>\n<p>Si consiglia di utilizzare questo trattamento prima dello shampoo abituale:<\/p>\n<ol>\n<li>Per cominciare, <a href=\"https:\/\/www.hairbeaute.fr\/71-revlon\" target=\"_blank\" rel=\"noopener\"><strong>districare i capelli<\/strong><\/a> ;<\/li>\n<li>Quindi prelevare una generosa quantit\u00e0 di questa crema montata e applicarla sulle lunghezze e sulle punte; ;<\/li>\n<li>Lasciare agire per almeno 15 minuti; ;<\/li>\n<li>Poi shampoo e balsamo.<\/li>\n<\/ol>\n<p>L'applicazione preventiva di questo prodotto di bellezza aiuter\u00e0 a mantenere idratata la fibra capillare.<\/p>\n<h3><strong>Cura della pelle\u00a0<\/strong><\/h3>\n<p>Come crema per il corpo, questo cosmetico \u00e8 una vera delizia. Per massaggiare mani, piedi o qualsiasi altra parte del corpo.<\/p>\n<p>Un consiglio \u00e8 quello di applicare questo burro vegetale prima della doccia o del bagno. In questo modo si protegge la pelle dalla secchezza dovuta all'acqua.<\/p>\n<p>Inoltre, \u00e8 un trattamento adatto a tutti, grandi e piccini!<\/p>\n<h2><strong>Come conservare la panna montata al karit\u00e9?\u00a0<\/strong><\/h2>\n<p>Conservare questo prodotto di bellezza in un luogo buio e asciutto. Assicurarsi di controllare la data di scadenza sulla confezione.<\/p>","protected":false},"excerpt":{"rendered":"<p>Il burro di karit\u00e9 \u00e8 un prodotto indispensabile tra i cosmetici naturali, economici ed ecologici. Ma avete mai sentito parlare della chantilly di karit\u00e9? Ci viene quasi fame solo a sentirne parlare, \u00e8 vero! Tuttavia, anche se la sua consistenza sembra appetitosa, si tratta pur sempre di un cosmetico. Zoom su questo burro di alta qualit\u00e0, che ha beneficiato di un restyling per [\u2026]","protected":false},"featured_media":855,"template":"","meta":[],"product_brand":[],"product_cat":[41],"product_tag":[],"class_list":{"0":"post-493","1":"product","2":"type-product","3":"status-publish","4":"has-post-thumbnail","6":"product_cat-produits-naturels-divers","8":"first","9":"outofstock","10":"shipping-taxable","11":"purchasable","12":"product-type-simple"},"yoast_head":"<!-- This site is optimized with the Yoast SEO plugin v26.6 - https:\/\/yoast.com\/wordpress\/plugins\/seo\/ -->\n<title>Chantilly de Karit\u00e9 | Cosm\u00e9tique naturel pour la peau et les cheveux<\/title>\n<meta name=\"description\" content=\"Cette chantilly de karit\u00e9 est tellement agr\u00e9able \u00e0 utiliser quotidiennement que vous ne vous en passerez plus ! Ici, adoptez-l\u00e0 !\" \/>\n<meta name=\"robots\" content=\"index, follow, max-snippet:-1, max-image-preview:large, max-video-preview:-1\" \/>\n<link rel=\"canonical\" href=\"https:\/\/www.safinel.fr\/it\/prodotto\/karite-chantilly\/\" \/>\n<meta property=\"og:locale\" content=\"it_IT\" \/>\n<meta property=\"og:type\" content=\"article\" \/>\n<meta property=\"og:title\" content=\"Chantilly de Karit\u00e9 | Cosm\u00e9tique naturel pour la peau et les cheveux\" \/>\n<meta property=\"og:description\" content=\"Cette chantilly de karit\u00e9 est tellement agr\u00e9able \u00e0 utiliser quotidiennement que vous ne vous en passerez plus ! Ici, adoptez-l\u00e0 !\" \/>\n<meta property=\"og:url\" content=\"https:\/\/www.safinel.fr\/it\/prodotto\/karite-chantilly\/\" \/>\n<meta property=\"og:site_name\" content=\"Safinel\" \/>\n<meta property=\"article:modified_time\" content=\"2023-12-30T13:30:53+00:00\" \/>\n<meta property=\"og:image\" content=\"https:\/\/www.safinel.fr\/wp-content\/uploads\/2021\/10\/chantilly-de-karite-1.jpg\" \/>\n\t<meta property=\"og:image:width\" content=\"600\" \/>\n\t<meta property=\"og:image:height\" content=\"600\" \/>\n\t<meta property=\"og:image:type\" content=\"image\/jpeg\" \/>\n<meta name=\"twitter:card\" content=\"summary_large_image\" \/>\n<meta name=\"twitter:label1\" content=\"Tempo di lettura stimato\" \/>\n\t<meta name=\"twitter:data1\" content=\"3 minuti\" \/>\n<script type=\"application\/ld+json\" class=\"yoast-schema-graph\">{\"@context\":\"https:\/\/schema.org\",\"@graph\":[{\"@type\":\"WebPage\",\"@id\":\"https:\/\/www.safinel.fr\/produit\/chantilly-de-karite\/\",\"url\":\"https:\/\/www.safinel.fr\/produit\/chantilly-de-karite\/\",\"name\":\"Chantilly de Karit\u00e9 | Cosm\u00e9tique naturel pour la peau et les cheveux\",\"isPartOf\":{\"@id\":\"https:\/\/www.safinel.fr\/#website\"},\"primaryImageOfPage\":{\"@id\":\"https:\/\/www.safinel.fr\/produit\/chantilly-de-karite\/#primaryimage\"},\"image\":{\"@id\":\"https:\/\/www.safinel.fr\/produit\/chantilly-de-karite\/#primaryimage\"},\"thumbnailUrl\":\"https:\/\/www.safinel.fr\/wp-content\/uploads\/2021\/10\/chantilly-de-karite-1.jpg\",\"datePublished\":\"2021-10-16T09:54:05+00:00\",\"dateModified\":\"2023-12-30T13:30:53+00:00\",\"description\":\"Cette chantilly de karit\u00e9 est tellement agr\u00e9able \u00e0 utiliser quotidiennement que vous ne vous en passerez plus ! Ici, adoptez-l\u00e0 !\",\"breadcrumb\":{\"@id\":\"https:\/\/www.safinel.fr\/produit\/chantilly-de-karite\/#breadcrumb\"},\"inLanguage\":\"it-IT\",\"potentialAction\":[{\"@type\":\"ReadAction\",\"target\":[\"https:\/\/www.safinel.fr\/produit\/chantilly-de-karite\/\"]}]},{\"@type\":\"ImageObject\",\"inLanguage\":\"it-IT\",\"@id\":\"https:\/\/www.safinel.fr\/produit\/chantilly-de-karite\/#primaryimage\",\"url\":\"https:\/\/www.safinel.fr\/wp-content\/uploads\/2021\/10\/chantilly-de-karite-1.jpg\",\"contentUrl\":\"https:\/\/www.safinel.fr\/wp-content\/uploads\/2021\/10\/chantilly-de-karite-1.jpg\",\"width\":600,\"height\":600,\"caption\":\"Chantilly de karit\u00e9 100g\"},{\"@type\":\"BreadcrumbList\",\"@id\":\"https:\/\/www.safinel.fr\/produit\/chantilly-de-karite\/#breadcrumb\",\"itemListElement\":[{\"@type\":\"ListItem\",\"position\":1,\"name\":\"Accueil\",\"item\":\"https:\/\/www.safinel.fr\/\"},{\"@type\":\"ListItem\",\"position\":2,\"name\":\"Boutique\",\"item\":\"https:\/\/www.safinel.fr\/boutique\/\"},{\"@type\":\"ListItem\",\"position\":3,\"name\":\"Chantilly de karit\u00e9 100g\"}]},{\"@type\":\"WebSite\",\"@id\":\"https:\/\/www.safinel.fr\/#website\",\"url\":\"https:\/\/www.safinel.fr\/\",\"name\":\"Safinel\",\"description\":\"\",\"publisher\":{\"@id\":\"https:\/\/www.safinel.fr\/#organization\"},\"potentialAction\":[{\"@type\":\"SearchAction\",\"target\":{\"@type\":\"EntryPoint\",\"urlTemplate\":\"https:\/\/www.safinel.fr\/?s={search_term_string}\"},\"query-input\":{\"@type\":\"PropertyValueSpecification\",\"valueRequired\":true,\"valueName\":\"search_term_string\"}}],\"inLanguage\":\"it-IT\"},{\"@type\":\"Organization\",\"@id\":\"https:\/\/www.safinel.fr\/#organization\",\"name\":\"Safinel\",\"url\":\"https:\/\/www.safinel.fr\/\",\"logo\":{\"@type\":\"ImageObject\",\"inLanguage\":\"it-IT\",\"@id\":\"https:\/\/www.safinel.fr\/#\/schema\/logo\/image\/\",\"url\":\"https:\/\/www.safinel.fr\/wp-content\/uploads\/2021\/05\/boutique-cosmetique.png\",\"contentUrl\":\"https:\/\/www.safinel.fr\/wp-content\/uploads\/2021\/05\/boutique-cosmetique.png\",\"width\":800,\"height\":200,\"caption\":\"Safinel\"},\"image\":{\"@id\":\"https:\/\/www.safinel.fr\/#\/schema\/logo\/image\/\"}}]}<\/script>\n<!-- \/ Yoast SEO plugin. -->","yoast_head_json":{"title":"Crema montata al burro di karit\u00e9 | Cosmetici naturali per pelle e capelli","description":"Questa crema montata al karit\u00e9 \u00e8 cos\u00ec piacevole da usare ogni giorno che non vorrete pi\u00f9 farne a meno! Adottatela qui!","robots":{"index":"index","follow":"follow","max-snippet":"max-snippet:-1","max-image-preview":"max-image-preview:large","max-video-preview":"max-video-preview:-1"},"canonical":"https:\/\/www.safinel.fr\/it\/prodotto\/karite-chantilly\/","og_locale":"it_IT","og_type":"article","og_title":"Chantilly de Karit\u00e9 | Cosm\u00e9tique naturel pour la peau et les cheveux","og_description":"Cette chantilly de karit\u00e9 est tellement agr\u00e9able \u00e0 utiliser quotidiennement que vous ne vous en passerez plus ! Ici, adoptez-l\u00e0 !","og_url":"https:\/\/www.safinel.fr\/it\/prodotto\/karite-chantilly\/","og_site_name":"Safinel","article_modified_time":"2023-12-30T13:30:53+00:00","og_image":[{"width":600,"height":600,"url":"https:\/\/www.safinel.fr\/wp-content\/uploads\/2021\/10\/chantilly-de-karite-1.jpg","type":"image\/jpeg"}],"twitter_card":"summary_large_image","twitter_misc":{"Tempo di lettura stimato":"3 minuti"},"schema":{"@context":"https:\/\/schema.org","@graph":[{"@type":"WebPage","@id":"https:\/\/www.safinel.fr\/produit\/chantilly-de-karite\/","url":"https:\/\/www.safinel.fr\/produit\/chantilly-de-karite\/","name":"Crema montata al burro di karit\u00e9 | Cosmetici naturali per pelle e capelli","isPartOf":{"@id":"https:\/\/www.safinel.fr\/#website"},"primaryImageOfPage":{"@id":"https:\/\/www.safinel.fr\/produit\/chantilly-de-karite\/#primaryimage"},"image":{"@id":"https:\/\/www.safinel.fr\/produit\/chantilly-de-karite\/#primaryimage"},"thumbnailUrl":"https:\/\/www.safinel.fr\/wp-content\/uploads\/2021\/10\/chantilly-de-karite-1.jpg","datePublished":"2021-10-16T09:54:05+00:00","dateModified":"2023-12-30T13:30:53+00:00","description":"Questa crema montata al karit\u00e9 \u00e8 cos\u00ec piacevole da usare ogni giorno che non vorrete pi\u00f9 farne a meno! Adottatela qui!","breadcrumb":{"@id":"https:\/\/www.safinel.fr\/produit\/chantilly-de-karite\/#breadcrumb"},"inLanguage":"it-IT","potentialAction":[{"@type":"ReadAction","target":["https:\/\/www.safinel.fr\/produit\/chantilly-de-karite\/"]}]},{"@type":"ImageObject","inLanguage":"it-IT","@id":"https:\/\/www.safinel.fr\/produit\/chantilly-de-karite\/#primaryimage","url":"https:\/\/www.safinel.fr\/wp-content\/uploads\/2021\/10\/chantilly-de-karite-1.jpg","contentUrl":"https:\/\/www.safinel.fr\/wp-content\/uploads\/2021\/10\/chantilly-de-karite-1.jpg","width":600,"height":600,"caption":"Chantilly de karit\u00e9 100g"},{"@type":"BreadcrumbList","@id":"https:\/\/www.safinel.fr\/produit\/chantilly-de-karite\/#breadcrumb","itemListElement":[{"@type":"ListItem","position":1,"name":"Accueil","item":"https:\/\/www.safinel.fr\/"},{"@type":"ListItem","position":2,"name":"Boutique","item":"https:\/\/www.safinel.fr\/boutique\/"},{"@type":"ListItem","position":3,"name":"Chantilly de karit\u00e9 100g"}]},{"@type":"WebSite","@id":"https:\/\/www.safinel.fr\/#website","url":"https:\/\/www.safinel.fr\/","name":"Safinel","description":"","publisher":{"@id":"https:\/\/www.safinel.fr\/#organization"},"potentialAction":[{"@type":"SearchAction","target":{"@type":"EntryPoint","urlTemplate":"https:\/\/www.safinel.fr\/?s={search_term_string}"},"query-input":{"@type":"PropertyValueSpecification","valueRequired":true,"valueName":"search_term_string"}}],"inLanguage":"it-IT"},{"@type":"Organization","@id":"https:\/\/www.safinel.fr\/#organization","name":"Safinel","url":"https:\/\/www.safinel.fr\/","logo":{"@type":"ImageObject","inLanguage":"it-IT","@id":"https:\/\/www.safinel.fr\/#\/schema\/logo\/image\/","url":"https:\/\/www.safinel.fr\/wp-content\/uploads\/2021\/05\/boutique-cosmetique.png","contentUrl":"https:\/\/www.safinel.fr\/wp-content\/uploads\/2021\/05\/boutique-cosmetique.png","width":800,"height":200,"caption":"Safinel"},"image":{"@id":"https:\/\/www.safinel.fr\/#\/schema\/logo\/image\/"}}]}},"_links":{"self":[{"href":"https:\/\/www.safinel.fr\/it\/wp-json\/wp\/v2\/product\/493","targetHints":{"allow":["GET"]}}],"collection":[{"href":"https:\/\/www.safinel.fr\/it\/wp-json\/wp\/v2\/product"}],"about":[{"href":"https:\/\/www.safinel.fr\/it\/wp-json\/wp\/v2\/types\/product"}],"wp:featuredmedia":[{"embeddable":true,"href":"https:\/\/www.safinel.fr\/it\/wp-json\/wp\/v2\/media\/855"}],"wp:attachment":[{"href":"https:\/\/www.safinel.fr\/it\/wp-json\/wp\/v2\/media?parent=493"}],"wp:term":[{"taxonomy":"product_brand","embeddable":true,"href":"https:\/\/www.safinel.fr\/it\/wp-json\/wp\/v2\/product_brand?post=493"},{"taxonomy":"product_cat","embeddable":true,"href":"https:\/\/www.safinel.fr\/it\/wp-json\/wp\/v2\/product_cat?post=493"},{"taxonomy":"product_tag","embeddable":true,"href":"https:\/\/www.safinel.fr\/it\/wp-json\/wp\/v2\/product_tag?post=493"}],"curies":[{"name":"wp","href":"https:\/\/api.w.org\/{rel}","templated":true}]}}