{"id":491,"date":"2021-10-13T16:26:40","date_gmt":"2021-10-13T16:26:40","guid":{"rendered":"https:\/\/www.safinel.fr\/?post_type=product&#038;p=491"},"modified":"2025-08-19T09:25:42","modified_gmt":"2025-08-19T09:25:42","slug":"limoni-neri-essiccati-150-g","status":"publish","type":"product","link":"https:\/\/www.safinel.fr\/it\/prodotto\/limoni-neri-essiccati-150-g\/","title":{"rendered":"Limoni neri essiccati (loumi)"},"content":{"rendered":"<p>Originari dell'Oman, i limoni neri sono diventati nel corso degli anni un punto fermo della cucina iraniana e irachena, oltre che del resto dei Paesi del Golfo Persico. In questi Paesi sono considerati un&nbsp;<strong>spezia di base<\/strong>&nbsp;, un prodotto comune.<\/p>\n<h2>Tutto quello che c'\u00e8 da sapere sul limone nero essiccato<\/h2>\n<p>Conosciuto anche come&nbsp;<strong>loumi<\/strong>, Il limone nero \u00e8 un&nbsp;<strong>un condimento della cucina tradizionale persiana<\/strong>&nbsp;e si trova in molti piatti diversi: zuppe, salse, ecc.<\/p>\n<p>Anche se viene utilizzato per la preparazione di una variet\u00e0 di piatti gustosi. \u00c8 importante ricordare che il suo uso non si limita a questo, poich\u00e9 pu\u00f2 essere utilizzato anche nella preparazione di dolci.&nbsp;<a href=\"https:\/\/www.pierreherme.com\" target=\"_blank\" rel=\"noopener\"><strong>Pierre Herm\u00e9<\/strong><\/a>, un rinomato pasticcere, ne ha fatto l'ingrediente principale di una delle sue ricette di amaretti.<\/p>\n<p>Questo limone, di colore nero, \u00e8 in origine un lime che \u00e8 stato essiccato al sole, perdendo tutta la sua acqua. Il suo sapore \u00e8 cos\u00ec eccezionale che pu\u00f2 essere utilizzato sia in piatti dolci che salati. A seconda dello stile di cottura, pu\u00f2 essere utilizzato intero in piatti a fuoco lento o macinato.&nbsp;<\/p>\n<p>In termini di <strong>gusto<\/strong>, Quando lo si assaggia, si nota che il limone nero \u00e8 estremamente aspro e ha caratteristiche agrumate, mentre la buccia e i semi circostanti sono amari. Quindi, quando lo si assaggia, si sperimenta una miscela di dolcezza, amarezza e acidit\u00e0. Amaro e acido, ricorda i dolci acidi.&nbsp;<\/p>\n<p><strong>Al naso<\/strong>, Una volta schiacciato il frutto, il profumo \u00e8 simile a quello del lime, con la familiare freschezza e le note speziate, acide e affumicate. Una volta schiacciato il frutto, si evolve verso note molto pi\u00f9 dolci che tendono a quelle della clementina, ad esempio.<\/p>\n<h3><strong>Come si essiccano i limoni neri?<\/strong><\/h3>\n<p>Esistono due metodi per&nbsp;<strong>essiccazione dei limoni neri<\/strong>:<\/p>\n<ul>\n<li>La prima consiste nel marinare la lima in un bagno di salamoia. In questo modo si ottiene una lima molto nera, lucida e... asciutta!<\/li>\n<li>La seconda consiste nel lasciarle asciugare direttamente nella lima. In questo modo assumono un colore beige scuro e conservano il loro sapore acido e di limone.<\/li>\n<\/ul>\n<h2>Come utilizzare il limone nero essiccato?<\/h2>\n<p>Come gi\u00e0 detto, il limone nero essiccato pu\u00f2 essere utilizzato per&nbsp;<strong>intero<\/strong>&nbsp;o tagliato a met\u00e0 per aggiungerlo a piatti cotti a fuoco lento. Pu\u00f2 anche essere&nbsp;<strong>ridurre in polvere<\/strong>&nbsp;da utilizzare come una normale spezia.<\/p>\n<p>A tale scopo, tagliare il limone a met\u00e0. Eliminare i semi amari, quindi frullare i due pezzi fino a ottenere una polvere fine. Che lo si usi intero o macinato. \u00c8 importante ricordare che \u00e8 fondamentale utilizzarlo in forma liquida per idratarsi: acqua, bevande, ecc.<\/p>\n<h3>I benefici terapeutici del limone essiccato<\/h3>\n<p>Oltre a poter utilizzare questo ingrediente per scopi gastronomici. Ecco un altro buon motivo per acquistare i limoni neri essiccati: i loro benefici per la salute. \u00c8 molto efficace per&nbsp;<a href=\"https:\/\/www.safinel.fr\/it\/prodotto\/gambi-di-ciliegio\/\"><strong>bruciare i grassi<\/strong><\/a>, \u00e8 un agente antimicotico e antispasmodico ed \u00e8&nbsp;<strong>favorisce la digestione<\/strong>.<\/p>\n<div class=\"product-faq\">\n<h2>FAQ - Limoni neri essiccati 150g<\/h2>\n<div itemscope=\"\" itemtype=\"https:\/\/schema.org\/FAQPage\">\n<div itemprop=\"mainEntity\" itemscope=\"\" itemtype=\"https:\/\/schema.org\/Question\">\n<h3 itemprop=\"name\">Cosa sono i limoni neri essiccati (loumi)?<\/h3>\n<div itemprop=\"acceptedAnswer\" itemscope=\"\" itemtype=\"https:\/\/schema.org\/Answer\">\n<p itemprop=\"text\">I limoni neri essiccati sono limoni essiccati al sole o in salamoia. La loro buccia nera concentra un sapore amaro e piccante, perfetto per esaltare i piatti.<\/p>\n<\/div>\n<\/div>\n<div itemprop=\"mainEntity\" itemscope=\"\" itemtype=\"https:\/\/schema.org\/Question\">\n<h3 itemprop=\"name\">Da dove vengono?<\/h3>\n<div itemprop=\"acceptedAnswer\" itemscope=\"\" itemtype=\"https:\/\/schema.org\/Answer\">\n<p itemprop=\"text\">Originari dell'Oman, sono diventati una parte essenziale della cucina persiana e irachena, oltre che di quella dei Paesi del Golfo Persico.<\/p>\n<\/div>\n<\/div>\n<div itemprop=\"mainEntity\" itemscope=\"\" itemtype=\"https:\/\/schema.org\/Question\">\n<h3 itemprop=\"name\">A cosa servono in cucina?<\/h3>\n<div itemprop=\"acceptedAnswer\" itemscope=\"\" itemtype=\"https:\/\/schema.org\/Answer\">\n<p itemprop=\"text\">Possono essere utilizzati in zuppe, salse e stufati, oltre che nella cottura al forno. Ridotti in polvere e reidratati, danno un sapore unico.<\/p>\n<\/div>\n<\/div>\n<div itemprop=\"mainEntity\" itemscope=\"\" itemtype=\"https:\/\/schema.org\/Question\">\n<h3 itemprop=\"name\">Che sapore hanno?<\/h3>\n<div itemprop=\"acceptedAnswer\" itemscope=\"\" itemtype=\"https:\/\/schema.org\/Answer\">\n<p itemprop=\"text\">Un gusto acidulo, amaro e dolce, con lime, caramello e una nota di dolcezza di clementina.<\/p>\n<\/div>\n<\/div>\n<div itemprop=\"mainEntity\" itemscope=\"\" itemtype=\"https:\/\/schema.org\/Question\">\n<h3 itemprop=\"name\">Quali sono i metodi di essiccazione?<\/h3>\n<div itemprop=\"acceptedAnswer\" itemscope=\"\" itemtype=\"https:\/\/schema.org\/Answer\">\n<p itemprop=\"text\">In salamoia (limone nero, brillante e salato) o al sole (frutto beige scuro, sapore pi\u00f9 acidulo e limonoso).<\/p>\n<\/div>\n<\/div>\n<div itemprop=\"mainEntity\" itemscope=\"\" itemtype=\"https:\/\/schema.org\/Question\">\n<h3 itemprop=\"name\">Quali sono i loro benefici per la salute?<\/h3>\n<div itemprop=\"acceptedAnswer\" itemscope=\"\" itemtype=\"https:\/\/schema.org\/Answer\">\n<p itemprop=\"text\">Favoriscono la digestione, bruciano i grassi e hanno un effetto antimicotico e antispasmodico.<\/p>\n<\/div>\n<\/div>\n<\/div>\n<\/div>","protected":false},"excerpt":{"rendered":"<p><strong>Caratteristiche :<\/strong><\/p>\n<p>Oltre a poter utilizzare questo ingrediente per scopi gastronomici. Ecco un altro buon motivo per acquistare i limoni neri essiccati: i loro benefici per la salute.<img decoding=\"async\" class=\"size-full wp-image-5091 aligncenter\" src=\"https:\/\/www.safinel.fr\/wp-content\/uploads\/2021\/06\/BANNIERE-ICONE-SAFINEL.webp\" alt=\"riassicurazione satine\" width=\"800\" height=\"200\" srcset=\"https:\/\/www.safinel.fr\/wp-content\/uploads\/2021\/06\/BANNIERE-ICONE-SAFINEL.webp 800w, https:\/\/www.safinel.fr\/wp-content\/uploads\/2021\/06\/BANNIERE-ICONE-SAFINEL-600x150.webp 600w, https:\/\/www.safinel.fr\/wp-content\/uploads\/2021\/06\/BANNIERE-ICONE-SAFINEL-768x192.webp 768w\" sizes=\"(max-width: 800px) 100vw, 800px\" \/><\/p>","protected":false},"featured_media":17185,"template":"","meta":[],"product_brand":[],"product_cat":[41],"product_tag":[],"class_list":{"0":"post-491","1":"product","2":"type-product","3":"status-publish","4":"has-post-thumbnail","6":"product_cat-produits-naturels-divers","8":"first","9":"instock","10":"shipping-taxable","11":"purchasable","12":"product-type-variable"},"yoast_head":"<!-- This site is optimized with the Yoast SEO plugin v26.6 - https:\/\/yoast.com\/wordpress\/plugins\/seo\/ -->\n<title>Citrons noirs s\u00e9ch\u00e9 | Aide \u00e0 br\u00fbler les graisses | Entier &amp; en poudre<\/title>\n<meta name=\"description\" content=\"Originaire de l&#039;Oman, les citrons noirs, sont devenus au fil du temps un incontournable de la cuisine iranienne, irakienne.\" \/>\n<meta name=\"robots\" content=\"index, follow, max-snippet:-1, max-image-preview:large, max-video-preview:-1\" \/>\n<link rel=\"canonical\" href=\"https:\/\/www.safinel.fr\/it\/prodotto\/limoni-neri-essiccati-150-g\/\" \/>\n<meta property=\"og:locale\" content=\"it_IT\" \/>\n<meta property=\"og:type\" content=\"article\" \/>\n<meta property=\"og:title\" content=\"Citrons noirs s\u00e9ch\u00e9 | Aide \u00e0 br\u00fbler les graisses | Entier &amp; en poudre\" \/>\n<meta property=\"og:description\" content=\"Originaire de l&#039;Oman, les citrons noirs, sont devenus au fil du temps un incontournable de la cuisine iranienne, irakienne.\" \/>\n<meta property=\"og:url\" content=\"https:\/\/www.safinel.fr\/it\/prodotto\/limoni-neri-essiccati-150-g\/\" \/>\n<meta property=\"og:site_name\" content=\"Safinel\" \/>\n<meta property=\"article:modified_time\" content=\"2025-08-19T09:25:42+00:00\" \/>\n<meta property=\"og:image\" content=\"https:\/\/www.safinel.fr\/wp-content\/uploads\/2021\/10\/citrons-noirs-seches.jpg\" \/>\n\t<meta property=\"og:image:width\" content=\"600\" \/>\n\t<meta property=\"og:image:height\" content=\"600\" \/>\n\t<meta property=\"og:image:type\" content=\"image\/jpeg\" \/>\n<meta name=\"twitter:card\" content=\"summary_large_image\" \/>\n<meta name=\"twitter:label1\" content=\"Tempo di lettura stimato\" \/>\n\t<meta name=\"twitter:data1\" content=\"3 minuti\" \/>\n<script type=\"application\/ld+json\" class=\"yoast-schema-graph\">{\"@context\":\"https:\/\/schema.org\",\"@graph\":[{\"@type\":\"WebPage\",\"@id\":\"https:\/\/www.safinel.fr\/produit\/citrons-noir-seches-150g\/\",\"url\":\"https:\/\/www.safinel.fr\/produit\/citrons-noir-seches-150g\/\",\"name\":\"Citrons noirs s\u00e9ch\u00e9 | Aide \u00e0 br\u00fbler les graisses | Entier & en poudre\",\"isPartOf\":{\"@id\":\"https:\/\/www.safinel.fr\/#website\"},\"primaryImageOfPage\":{\"@id\":\"https:\/\/www.safinel.fr\/produit\/citrons-noir-seches-150g\/#primaryimage\"},\"image\":{\"@id\":\"https:\/\/www.safinel.fr\/produit\/citrons-noir-seches-150g\/#primaryimage\"},\"thumbnailUrl\":\"https:\/\/www.safinel.fr\/wp-content\/uploads\/2021\/10\/citrons-noirs-seches.jpg\",\"datePublished\":\"2021-10-13T16:26:40+00:00\",\"dateModified\":\"2025-08-19T09:25:42+00:00\",\"description\":\"Originaire de l'Oman, les citrons noirs, sont devenus au fil du temps un incontournable de la cuisine iranienne, irakienne.\",\"breadcrumb\":{\"@id\":\"https:\/\/www.safinel.fr\/produit\/citrons-noir-seches-150g\/#breadcrumb\"},\"inLanguage\":\"it-IT\",\"potentialAction\":[{\"@type\":\"ReadAction\",\"target\":[\"https:\/\/www.safinel.fr\/produit\/citrons-noir-seches-150g\/\"]}]},{\"@type\":\"ImageObject\",\"inLanguage\":\"it-IT\",\"@id\":\"https:\/\/www.safinel.fr\/produit\/citrons-noir-seches-150g\/#primaryimage\",\"url\":\"https:\/\/www.safinel.fr\/wp-content\/uploads\/2021\/10\/citrons-noirs-seches.jpg\",\"contentUrl\":\"https:\/\/www.safinel.fr\/wp-content\/uploads\/2021\/10\/citrons-noirs-seches.jpg\",\"width\":600,\"height\":600,\"caption\":\"Citrons noir s\u00e9ch\u00e9s (loumi)\"},{\"@type\":\"BreadcrumbList\",\"@id\":\"https:\/\/www.safinel.fr\/produit\/citrons-noir-seches-150g\/#breadcrumb\",\"itemListElement\":[{\"@type\":\"ListItem\",\"position\":1,\"name\":\"Accueil\",\"item\":\"https:\/\/www.safinel.fr\/\"},{\"@type\":\"ListItem\",\"position\":2,\"name\":\"Boutique\",\"item\":\"https:\/\/www.safinel.fr\/boutique\/\"},{\"@type\":\"ListItem\",\"position\":3,\"name\":\"Citrons noir s\u00e9ch\u00e9s (loumi)\"}]},{\"@type\":\"WebSite\",\"@id\":\"https:\/\/www.safinel.fr\/#website\",\"url\":\"https:\/\/www.safinel.fr\/\",\"name\":\"Safinel\",\"description\":\"\",\"publisher\":{\"@id\":\"https:\/\/www.safinel.fr\/#organization\"},\"potentialAction\":[{\"@type\":\"SearchAction\",\"target\":{\"@type\":\"EntryPoint\",\"urlTemplate\":\"https:\/\/www.safinel.fr\/?s={search_term_string}\"},\"query-input\":{\"@type\":\"PropertyValueSpecification\",\"valueRequired\":true,\"valueName\":\"search_term_string\"}}],\"inLanguage\":\"it-IT\"},{\"@type\":\"Organization\",\"@id\":\"https:\/\/www.safinel.fr\/#organization\",\"name\":\"Safinel\",\"url\":\"https:\/\/www.safinel.fr\/\",\"logo\":{\"@type\":\"ImageObject\",\"inLanguage\":\"it-IT\",\"@id\":\"https:\/\/www.safinel.fr\/#\/schema\/logo\/image\/\",\"url\":\"https:\/\/www.safinel.fr\/wp-content\/uploads\/2021\/05\/boutique-cosmetique.png\",\"contentUrl\":\"https:\/\/www.safinel.fr\/wp-content\/uploads\/2021\/05\/boutique-cosmetique.png\",\"width\":800,\"height\":200,\"caption\":\"Safinel\"},\"image\":{\"@id\":\"https:\/\/www.safinel.fr\/#\/schema\/logo\/image\/\"}}]}<\/script>\n<!-- \/ Yoast SEO plugin. -->","yoast_head_json":{"title":"Limoni neri essiccati | Aiutano a bruciare i grassi | Interi e in polvere","description":"Originari dell'Oman, i limoni neri sono diventati negli anni un punto fermo della cucina iraniana e irachena.","robots":{"index":"index","follow":"follow","max-snippet":"max-snippet:-1","max-image-preview":"max-image-preview:large","max-video-preview":"max-video-preview:-1"},"canonical":"https:\/\/www.safinel.fr\/it\/prodotto\/limoni-neri-essiccati-150-g\/","og_locale":"it_IT","og_type":"article","og_title":"Citrons noirs s\u00e9ch\u00e9 | Aide \u00e0 br\u00fbler les graisses | Entier & en poudre","og_description":"Originaire de l'Oman, les citrons noirs, sont devenus au fil du temps un incontournable de la cuisine iranienne, irakienne.","og_url":"https:\/\/www.safinel.fr\/it\/prodotto\/limoni-neri-essiccati-150-g\/","og_site_name":"Safinel","article_modified_time":"2025-08-19T09:25:42+00:00","og_image":[{"width":600,"height":600,"url":"https:\/\/www.safinel.fr\/wp-content\/uploads\/2021\/10\/citrons-noirs-seches.jpg","type":"image\/jpeg"}],"twitter_card":"summary_large_image","twitter_misc":{"Tempo di lettura stimato":"3 minuti"},"schema":{"@context":"https:\/\/schema.org","@graph":[{"@type":"WebPage","@id":"https:\/\/www.safinel.fr\/produit\/citrons-noir-seches-150g\/","url":"https:\/\/www.safinel.fr\/produit\/citrons-noir-seches-150g\/","name":"Limoni neri essiccati | Aiutano a bruciare i grassi | Interi e in polvere","isPartOf":{"@id":"https:\/\/www.safinel.fr\/#website"},"primaryImageOfPage":{"@id":"https:\/\/www.safinel.fr\/produit\/citrons-noir-seches-150g\/#primaryimage"},"image":{"@id":"https:\/\/www.safinel.fr\/produit\/citrons-noir-seches-150g\/#primaryimage"},"thumbnailUrl":"https:\/\/www.safinel.fr\/wp-content\/uploads\/2021\/10\/citrons-noirs-seches.jpg","datePublished":"2021-10-13T16:26:40+00:00","dateModified":"2025-08-19T09:25:42+00:00","description":"Originari dell'Oman, i limoni neri sono diventati negli anni un punto fermo della cucina iraniana e irachena.","breadcrumb":{"@id":"https:\/\/www.safinel.fr\/produit\/citrons-noir-seches-150g\/#breadcrumb"},"inLanguage":"it-IT","potentialAction":[{"@type":"ReadAction","target":["https:\/\/www.safinel.fr\/produit\/citrons-noir-seches-150g\/"]}]},{"@type":"ImageObject","inLanguage":"it-IT","@id":"https:\/\/www.safinel.fr\/produit\/citrons-noir-seches-150g\/#primaryimage","url":"https:\/\/www.safinel.fr\/wp-content\/uploads\/2021\/10\/citrons-noirs-seches.jpg","contentUrl":"https:\/\/www.safinel.fr\/wp-content\/uploads\/2021\/10\/citrons-noirs-seches.jpg","width":600,"height":600,"caption":"Citrons noir s\u00e9ch\u00e9s (loumi)"},{"@type":"BreadcrumbList","@id":"https:\/\/www.safinel.fr\/produit\/citrons-noir-seches-150g\/#breadcrumb","itemListElement":[{"@type":"ListItem","position":1,"name":"Accueil","item":"https:\/\/www.safinel.fr\/"},{"@type":"ListItem","position":2,"name":"Boutique","item":"https:\/\/www.safinel.fr\/boutique\/"},{"@type":"ListItem","position":3,"name":"Citrons noir s\u00e9ch\u00e9s (loumi)"}]},{"@type":"WebSite","@id":"https:\/\/www.safinel.fr\/#website","url":"https:\/\/www.safinel.fr\/","name":"Safinel","description":"","publisher":{"@id":"https:\/\/www.safinel.fr\/#organization"},"potentialAction":[{"@type":"SearchAction","target":{"@type":"EntryPoint","urlTemplate":"https:\/\/www.safinel.fr\/?s={search_term_string}"},"query-input":{"@type":"PropertyValueSpecification","valueRequired":true,"valueName":"search_term_string"}}],"inLanguage":"it-IT"},{"@type":"Organization","@id":"https:\/\/www.safinel.fr\/#organization","name":"Safinel","url":"https:\/\/www.safinel.fr\/","logo":{"@type":"ImageObject","inLanguage":"it-IT","@id":"https:\/\/www.safinel.fr\/#\/schema\/logo\/image\/","url":"https:\/\/www.safinel.fr\/wp-content\/uploads\/2021\/05\/boutique-cosmetique.png","contentUrl":"https:\/\/www.safinel.fr\/wp-content\/uploads\/2021\/05\/boutique-cosmetique.png","width":800,"height":200,"caption":"Safinel"},"image":{"@id":"https:\/\/www.safinel.fr\/#\/schema\/logo\/image\/"}}]}},"_links":{"self":[{"href":"https:\/\/www.safinel.fr\/it\/wp-json\/wp\/v2\/product\/491","targetHints":{"allow":["GET"]}}],"collection":[{"href":"https:\/\/www.safinel.fr\/it\/wp-json\/wp\/v2\/product"}],"about":[{"href":"https:\/\/www.safinel.fr\/it\/wp-json\/wp\/v2\/types\/product"}],"wp:featuredmedia":[{"embeddable":true,"href":"https:\/\/www.safinel.fr\/it\/wp-json\/wp\/v2\/media\/17185"}],"wp:attachment":[{"href":"https:\/\/www.safinel.fr\/it\/wp-json\/wp\/v2\/media?parent=491"}],"wp:term":[{"taxonomy":"product_brand","embeddable":true,"href":"https:\/\/www.safinel.fr\/it\/wp-json\/wp\/v2\/product_brand?post=491"},{"taxonomy":"product_cat","embeddable":true,"href":"https:\/\/www.safinel.fr\/it\/wp-json\/wp\/v2\/product_cat?post=491"},{"taxonomy":"product_tag","embeddable":true,"href":"https:\/\/www.safinel.fr\/it\/wp-json\/wp\/v2\/product_tag?post=491"}],"curies":[{"name":"wp","href":"https:\/\/api.w.org\/{rel}","templated":true}]}}