{"id":4659,"date":"2023-02-15T15:34:00","date_gmt":"2023-02-15T15:34:00","guid":{"rendered":"https:\/\/www.safinel.fr\/?post_type=product&#038;p=4659"},"modified":"2023-12-28T17:15:48","modified_gmt":"2023-12-28T17:15:48","slug":"muschio-tahara-gelsomino","status":"publish","type":"product","link":"https:\/\/www.safinel.fr\/it\/prodotto\/muschio-tahara-gelsomino\/","title":{"rendered":"Muschio Tahara gelsomino 3ml"},"content":{"rendered":"<p>Nella categoria dei muschi Tahara, stiamo parlando di una piccola pepita dalle mille sfaccettature, che \u00e8 naturalmente la<strong>\u00a0Tahara Jasmine musk e la sua eccezionale fragranza.<\/strong><\/p>\n<p>Siamo lieti di poterlo condividere con voi, perch\u00e9 siamo certi che ne sarete conquistati anche voi. Zoom su Musc Tahara Jasmin, un profumo delicato che ci trasporta in terre lontane.<\/p>\n<h2><strong>Musc Tahara Jasmin, un aroma che nasconde pi\u00f9 di un segreto<\/strong><\/h2>\n<p>Il gelsomino vi conquister\u00e0 senza dubbio, perch\u00e9 ci offre una serie di sfaccettature meravigliosamente folli. Oltre alla sua inimitabile freschezza, questo muschio vi regaler\u00e0 una moltitudine di profumi preziosi.<\/p>\n<p>Tra le cose squisite che ha da offrire,\u00a0<strong>Il gelsomino ci offre una serie di sfaccettature, in particolare solari e fruttate. Ma \u00e8 anche il pi\u00f9 mieloso e sensuale che si possa desiderare.<\/strong><\/p>\n<p>Jasmine fornisce anche\u00a0<strong>riflessi freschi e floreali.\u00a0<\/strong>Nel nostro caso, garantir\u00e0 che\u00a0<strong>una sensazione di pulizia senza pari.<\/strong>\u00a0Il suo utilizzo nella zona intima assicura alle donne una freschezza di lunga durata.<\/p>\n<h2><strong>Il muschio al gelsomino Tahara \u00e8 il vostro compagno dalla mattina alla sera!<\/strong><\/h2>\n<p>Proprio cos\u00ec! \u00c8 risaputo che il muschio dura! Proprio cos\u00ec,\u00a0<strong>Il muschio di Tahara \u00e8 rinomato sia per la sua consistenza cremosa, che lo rende facile da applicare, sia per la sua inconfondibile tenacia.<\/strong><\/p>\n<p>Quindi, dopo una giornata intensa. E una bella doccia per giunta. <strong>Qualche goccia di muschio di Tahara con gelsomino vi manterr\u00e0 sensuali e fresche fino al giorno dopo!\u00a0<\/strong><\/p>\n<p>Cos\u00ec siete freschi e disponibili. Proprio quello che ci vuole per passare un po' di tempo in relax con il vostro maritino!<\/p>\n<h3><strong>E con questo?<\/strong><\/h3>\n<p>Con questo gioiello al profumo di gelsomino, scoprite un'intera gamma di deliziose profumazioni che vi aiuteranno a\u00a0<strong>profumarsi in base al proprio stato d'animo.<\/strong>\u00a0Ciliegia, cocco, mango, ambra e altro ancora <a href=\"https:\/\/www.safinel.fr\/it\/prodotto\/muschio-tahara-frutti-rossi\/\"><strong>bacche rosse<\/strong><\/a>, Ce n'\u00e8 per tutti i gusti.<\/p>\n<p>E con i loro prezzi bassi, potreste quasi prenderli tutti!<\/p>","protected":false},"excerpt":{"rendered":"<p><img decoding=\"async\" class=\"size-full wp-image-5091 aligncenter\" src=\"https:\/\/www.safinel.fr\/wp-content\/uploads\/2021\/06\/BANNIERE-ICONE-SAFINEL.webp\" alt=\"riassicurazione satine\" width=\"800\" height=\"200\" srcset=\"https:\/\/www.safinel.fr\/wp-content\/uploads\/2021\/06\/BANNIERE-ICONE-SAFINEL.webp 800w, https:\/\/www.safinel.fr\/wp-content\/uploads\/2021\/06\/BANNIERE-ICONE-SAFINEL-600x150.webp 600w, https:\/\/www.safinel.fr\/wp-content\/uploads\/2021\/06\/BANNIERE-ICONE-SAFINEL-768x192.webp 768w\" sizes=\"(max-width: 800px) 100vw, 800px\" \/><\/p>","protected":false},"featured_media":4646,"template":"","meta":[],"product_brand":[],"product_cat":[127],"product_tag":[],"class_list":{"0":"post-4659","1":"product","2":"type-product","3":"status-publish","4":"has-post-thumbnail","6":"product_cat-musc-tahara-intime","8":"first","9":"instock","10":"shipping-taxable","11":"purchasable","12":"product-type-simple"},"yoast_head":"<!-- This site is optimized with the Yoast SEO plugin v26.6 - https:\/\/yoast.com\/wordpress\/plugins\/seo\/ -->\n<title>Musc Tahara Jasmin I Fiole 3ml I Parfum frais<\/title>\n<meta name=\"description\" content=\"Dans la cat\u00e9gorie musc Tahara nous appelons une petite p\u00e9pite aux multiples facettes, il s&#039;agit bien \u00e9videment du\u00a0musc Tahara Jasmin.\" \/>\n<meta name=\"robots\" content=\"index, follow, max-snippet:-1, max-image-preview:large, max-video-preview:-1\" \/>\n<link rel=\"canonical\" href=\"https:\/\/www.safinel.fr\/it\/prodotto\/muschio-tahara-gelsomino\/\" \/>\n<meta property=\"og:locale\" content=\"it_IT\" \/>\n<meta property=\"og:type\" content=\"article\" \/>\n<meta property=\"og:title\" content=\"Musc Tahara Jasmin I Fiole 3ml I Parfum frais\" \/>\n<meta property=\"og:description\" content=\"Dans la cat\u00e9gorie musc Tahara nous appelons une petite p\u00e9pite aux multiples facettes, il s&#039;agit bien \u00e9videment du\u00a0musc Tahara Jasmin.\" \/>\n<meta property=\"og:url\" content=\"https:\/\/www.safinel.fr\/it\/prodotto\/muschio-tahara-gelsomino\/\" \/>\n<meta property=\"og:site_name\" content=\"Safinel\" \/>\n<meta property=\"article:modified_time\" content=\"2023-12-28T17:15:48+00:00\" \/>\n<meta property=\"og:image\" content=\"https:\/\/www.safinel.fr\/wp-content\/uploads\/2023\/02\/musc-tahara-jasmin.jpg\" \/>\n\t<meta property=\"og:image:width\" content=\"600\" \/>\n\t<meta property=\"og:image:height\" content=\"600\" \/>\n\t<meta property=\"og:image:type\" content=\"image\/jpeg\" \/>\n<meta name=\"twitter:card\" content=\"summary_large_image\" \/>\n<meta name=\"twitter:label1\" content=\"Tempo di lettura stimato\" \/>\n\t<meta name=\"twitter:data1\" content=\"2 minuti\" \/>\n<script type=\"application\/ld+json\" class=\"yoast-schema-graph\">{\"@context\":\"https:\/\/schema.org\",\"@graph\":[{\"@type\":\"WebPage\",\"@id\":\"https:\/\/www.safinel.fr\/produit\/musc-tahara-jasmin\/\",\"url\":\"https:\/\/www.safinel.fr\/produit\/musc-tahara-jasmin\/\",\"name\":\"Musc Tahara Jasmin I Fiole 3ml I Parfum frais\",\"isPartOf\":{\"@id\":\"https:\/\/www.safinel.fr\/#website\"},\"primaryImageOfPage\":{\"@id\":\"https:\/\/www.safinel.fr\/produit\/musc-tahara-jasmin\/#primaryimage\"},\"image\":{\"@id\":\"https:\/\/www.safinel.fr\/produit\/musc-tahara-jasmin\/#primaryimage\"},\"thumbnailUrl\":\"https:\/\/www.safinel.fr\/wp-content\/uploads\/2023\/02\/musc-tahara-jasmin.jpg\",\"datePublished\":\"2023-02-15T15:34:00+00:00\",\"dateModified\":\"2023-12-28T17:15:48+00:00\",\"description\":\"Dans la cat\u00e9gorie musc Tahara nous appelons une petite p\u00e9pite aux multiples facettes, il s'agit bien \u00e9videment du\u00a0musc Tahara Jasmin.\",\"breadcrumb\":{\"@id\":\"https:\/\/www.safinel.fr\/produit\/musc-tahara-jasmin\/#breadcrumb\"},\"inLanguage\":\"it-IT\",\"potentialAction\":[{\"@type\":\"ReadAction\",\"target\":[\"https:\/\/www.safinel.fr\/produit\/musc-tahara-jasmin\/\"]}]},{\"@type\":\"ImageObject\",\"inLanguage\":\"it-IT\",\"@id\":\"https:\/\/www.safinel.fr\/produit\/musc-tahara-jasmin\/#primaryimage\",\"url\":\"https:\/\/www.safinel.fr\/wp-content\/uploads\/2023\/02\/musc-tahara-jasmin.jpg\",\"contentUrl\":\"https:\/\/www.safinel.fr\/wp-content\/uploads\/2023\/02\/musc-tahara-jasmin.jpg\",\"width\":600,\"height\":600,\"caption\":\"musc tahara jasmin\"},{\"@type\":\"BreadcrumbList\",\"@id\":\"https:\/\/www.safinel.fr\/produit\/musc-tahara-jasmin\/#breadcrumb\",\"itemListElement\":[{\"@type\":\"ListItem\",\"position\":1,\"name\":\"Accueil\",\"item\":\"https:\/\/www.safinel.fr\/\"},{\"@type\":\"ListItem\",\"position\":2,\"name\":\"Boutique\",\"item\":\"https:\/\/www.safinel.fr\/boutique\/\"},{\"@type\":\"ListItem\",\"position\":3,\"name\":\"Musc Tahara jasmin 3ml\"}]},{\"@type\":\"WebSite\",\"@id\":\"https:\/\/www.safinel.fr\/#website\",\"url\":\"https:\/\/www.safinel.fr\/\",\"name\":\"Safinel\",\"description\":\"\",\"publisher\":{\"@id\":\"https:\/\/www.safinel.fr\/#organization\"},\"potentialAction\":[{\"@type\":\"SearchAction\",\"target\":{\"@type\":\"EntryPoint\",\"urlTemplate\":\"https:\/\/www.safinel.fr\/?s={search_term_string}\"},\"query-input\":{\"@type\":\"PropertyValueSpecification\",\"valueRequired\":true,\"valueName\":\"search_term_string\"}}],\"inLanguage\":\"it-IT\"},{\"@type\":\"Organization\",\"@id\":\"https:\/\/www.safinel.fr\/#organization\",\"name\":\"Safinel\",\"url\":\"https:\/\/www.safinel.fr\/\",\"logo\":{\"@type\":\"ImageObject\",\"inLanguage\":\"it-IT\",\"@id\":\"https:\/\/www.safinel.fr\/#\/schema\/logo\/image\/\",\"url\":\"https:\/\/www.safinel.fr\/wp-content\/uploads\/2021\/05\/boutique-cosmetique.png\",\"contentUrl\":\"https:\/\/www.safinel.fr\/wp-content\/uploads\/2021\/05\/boutique-cosmetique.png\",\"width\":800,\"height\":200,\"caption\":\"Safinel\"},\"image\":{\"@id\":\"https:\/\/www.safinel.fr\/#\/schema\/logo\/image\/\"}}]}<\/script>\n<!-- \/ Yoast SEO plugin. -->","yoast_head_json":{"title":"Muschio Tahara Gelsomino I Flacone 3ml I Profumo fresco","description":"Nella categoria dei muschi Tahara, parliamo di una piccola pepita sfaccettata: il muschio Tahara al gelsomino.","robots":{"index":"index","follow":"follow","max-snippet":"max-snippet:-1","max-image-preview":"max-image-preview:large","max-video-preview":"max-video-preview:-1"},"canonical":"https:\/\/www.safinel.fr\/it\/prodotto\/muschio-tahara-gelsomino\/","og_locale":"it_IT","og_type":"article","og_title":"Musc Tahara Jasmin I Fiole 3ml I Parfum frais","og_description":"Dans la cat\u00e9gorie musc Tahara nous appelons une petite p\u00e9pite aux multiples facettes, il s'agit bien \u00e9videment du\u00a0musc Tahara Jasmin.","og_url":"https:\/\/www.safinel.fr\/it\/prodotto\/muschio-tahara-gelsomino\/","og_site_name":"Safinel","article_modified_time":"2023-12-28T17:15:48+00:00","og_image":[{"width":600,"height":600,"url":"https:\/\/www.safinel.fr\/wp-content\/uploads\/2023\/02\/musc-tahara-jasmin.jpg","type":"image\/jpeg"}],"twitter_card":"summary_large_image","twitter_misc":{"Tempo di lettura stimato":"2 minuti"},"schema":{"@context":"https:\/\/schema.org","@graph":[{"@type":"WebPage","@id":"https:\/\/www.safinel.fr\/produit\/musc-tahara-jasmin\/","url":"https:\/\/www.safinel.fr\/produit\/musc-tahara-jasmin\/","name":"Muschio Tahara Gelsomino I Flacone 3ml I Profumo fresco","isPartOf":{"@id":"https:\/\/www.safinel.fr\/#website"},"primaryImageOfPage":{"@id":"https:\/\/www.safinel.fr\/produit\/musc-tahara-jasmin\/#primaryimage"},"image":{"@id":"https:\/\/www.safinel.fr\/produit\/musc-tahara-jasmin\/#primaryimage"},"thumbnailUrl":"https:\/\/www.safinel.fr\/wp-content\/uploads\/2023\/02\/musc-tahara-jasmin.jpg","datePublished":"2023-02-15T15:34:00+00:00","dateModified":"2023-12-28T17:15:48+00:00","description":"Nella categoria dei muschi Tahara, parliamo di una piccola pepita sfaccettata: il muschio Tahara al gelsomino.","breadcrumb":{"@id":"https:\/\/www.safinel.fr\/produit\/musc-tahara-jasmin\/#breadcrumb"},"inLanguage":"it-IT","potentialAction":[{"@type":"ReadAction","target":["https:\/\/www.safinel.fr\/produit\/musc-tahara-jasmin\/"]}]},{"@type":"ImageObject","inLanguage":"it-IT","@id":"https:\/\/www.safinel.fr\/produit\/musc-tahara-jasmin\/#primaryimage","url":"https:\/\/www.safinel.fr\/wp-content\/uploads\/2023\/02\/musc-tahara-jasmin.jpg","contentUrl":"https:\/\/www.safinel.fr\/wp-content\/uploads\/2023\/02\/musc-tahara-jasmin.jpg","width":600,"height":600,"caption":"musc tahara jasmin"},{"@type":"BreadcrumbList","@id":"https:\/\/www.safinel.fr\/produit\/musc-tahara-jasmin\/#breadcrumb","itemListElement":[{"@type":"ListItem","position":1,"name":"Accueil","item":"https:\/\/www.safinel.fr\/"},{"@type":"ListItem","position":2,"name":"Boutique","item":"https:\/\/www.safinel.fr\/boutique\/"},{"@type":"ListItem","position":3,"name":"Musc Tahara jasmin 3ml"}]},{"@type":"WebSite","@id":"https:\/\/www.safinel.fr\/#website","url":"https:\/\/www.safinel.fr\/","name":"Safinel","description":"","publisher":{"@id":"https:\/\/www.safinel.fr\/#organization"},"potentialAction":[{"@type":"SearchAction","target":{"@type":"EntryPoint","urlTemplate":"https:\/\/www.safinel.fr\/?s={search_term_string}"},"query-input":{"@type":"PropertyValueSpecification","valueRequired":true,"valueName":"search_term_string"}}],"inLanguage":"it-IT"},{"@type":"Organization","@id":"https:\/\/www.safinel.fr\/#organization","name":"Safinel","url":"https:\/\/www.safinel.fr\/","logo":{"@type":"ImageObject","inLanguage":"it-IT","@id":"https:\/\/www.safinel.fr\/#\/schema\/logo\/image\/","url":"https:\/\/www.safinel.fr\/wp-content\/uploads\/2021\/05\/boutique-cosmetique.png","contentUrl":"https:\/\/www.safinel.fr\/wp-content\/uploads\/2021\/05\/boutique-cosmetique.png","width":800,"height":200,"caption":"Safinel"},"image":{"@id":"https:\/\/www.safinel.fr\/#\/schema\/logo\/image\/"}}]}},"_links":{"self":[{"href":"https:\/\/www.safinel.fr\/it\/wp-json\/wp\/v2\/product\/4659","targetHints":{"allow":["GET"]}}],"collection":[{"href":"https:\/\/www.safinel.fr\/it\/wp-json\/wp\/v2\/product"}],"about":[{"href":"https:\/\/www.safinel.fr\/it\/wp-json\/wp\/v2\/types\/product"}],"wp:featuredmedia":[{"embeddable":true,"href":"https:\/\/www.safinel.fr\/it\/wp-json\/wp\/v2\/media\/4646"}],"wp:attachment":[{"href":"https:\/\/www.safinel.fr\/it\/wp-json\/wp\/v2\/media?parent=4659"}],"wp:term":[{"taxonomy":"product_brand","embeddable":true,"href":"https:\/\/www.safinel.fr\/it\/wp-json\/wp\/v2\/product_brand?post=4659"},{"taxonomy":"product_cat","embeddable":true,"href":"https:\/\/www.safinel.fr\/it\/wp-json\/wp\/v2\/product_cat?post=4659"},{"taxonomy":"product_tag","embeddable":true,"href":"https:\/\/www.safinel.fr\/it\/wp-json\/wp\/v2\/product_tag?post=4659"}],"curies":[{"name":"wp","href":"https:\/\/api.w.org\/{rel}","templated":true}]}}