{"id":4656,"date":"2023-02-15T15:26:12","date_gmt":"2023-02-15T15:26:12","guid":{"rendered":"https:\/\/www.safinel.fr\/?post_type=product&#038;p=4656"},"modified":"2023-12-28T17:15:48","modified_gmt":"2023-12-28T17:15:48","slug":"cocco-tahara-musk-5ml","status":"publish","type":"product","link":"https:\/\/www.safinel.fr\/it\/prodotto\/cocco-tahara-musk-5ml\/","title":{"rendered":"Muschio Tahara cocco 3ml"},"content":{"rendered":"<p>Se c'\u00e8\u00a0<strong>un profumo che ci fa viaggiare \u00e8 il cocco, senza esitazione.<\/strong>\u00a0Ci regala un piacere olfattivo senza precedenti, che ci emoziona al primo profumo. \u00c8 quindi impensabile non proporvi un must della categoria Tahara:\u00a0<strong>Muschio di cacao Tahara dal sapore incomparabile.<\/strong><\/p>\n<p>Quindi preparatevi, vi innamorerete di questa fragranza al cocco!<\/p>\n<h2><strong>Muschio di cocco Tahara<\/strong><\/h2>\n<p>Elisir intimo femminile, il muschio di Tahara \u00e8 praticamente indispensabile per le donne. \u00c8,\u00a0<strong>Il muschio di Tahara \u00e8 una fragranza femminile che lascia una sensazione di freschezza e pulizia.<\/strong><\/p>\n<p>Se applicato in prossimit\u00e0 delle zone intime, vi garantir\u00e0 un'esperienza olfattiva unica. Inoltre, in questo caso, sar\u00e0 il muschio Tahara Coco a offrirvi non solo un'innegabile freschezza, ma anche un profumo tanto sensuale quanto esotico. Ve lo raccontiamo.<\/p>\n<h2><strong>La sensualit\u00e0 di Musc Tahara Coco<\/strong><\/h2>\n<p>\u00c8 un dato di fatto che l'odore del cocco \u00e8 innegabilmente sensuale. Esso<strong>\u00a0inevitabilmente evoca immagini di sole, calore estivo e idilliache palme da cocco.<\/strong><\/p>\n<p>Combinato con il muschio Tahara, \u00e8\u00a0<strong>un compendio di incomparabile sensualit\u00e0<\/strong>. Il muschio di cacao Tahara assicura\u00a0<strong>una fragranza solare, lattiginosa e gourmand.<\/strong><\/p>\n<p>\u00c8 quindi difficile resistere a lungo. Applicato in punti specifici, vi dar\u00e0 il massimo della sensualit\u00e0, proprio quando vi avvicinerete.<\/p>\n<h3><strong>E se volete variare i piaceri<\/strong><\/h3>\n<p>Con questo sapore esotico e squisito, sul nostro sito troverete altre meraviglie al muschio Tahara. Abbiamo voluto soddisfare tutti i vostri desideri, quindi<strong>\u00a0Scoprite con piacere aromi sublimi come i frutti rossi, <a href=\"https:\/\/www.safinel.fr\/it\/prodotto\/muschio-tahara-gelsomino\/\">gelsomino<\/a>, <a href=\"https:\/\/www.safinel.fr\/it\/prodotto\/muschio-tahara-mango\/\">mango<\/a>, monoi, melone, pesca o ciliegia.<\/strong><\/p>\n<p>In breve, la selezione che abbiamo messo insieme per voi \u00e8 assolutamente magnifica. Non esitate a visitare la categoria che abbiamo dedicato loro!<\/p>","protected":false},"excerpt":{"rendered":"<p>Se c'\u00e8 un profumo che ci fa viaggiare, \u00e8 senza dubbio quello del cocco. Ci regala un piacere olfattivo senza precedenti, che ci stuzzica sin dal primo incontro. \u00c8 quindi impensabile non proporvi un prodotto imperdibile della categoria Tahara: il muschio Tahara al cocco dal sapore incomparabile. Vi [\u2026]","protected":false},"featured_media":4649,"template":"","meta":[],"product_brand":[],"product_cat":[127],"product_tag":[],"class_list":{"0":"post-4656","1":"product","2":"type-product","3":"status-publish","4":"has-post-thumbnail","6":"product_cat-musc-tahara-intime","8":"first","9":"instock","10":"shipping-taxable","11":"purchasable","12":"product-type-simple"},"yoast_head":"<!-- This site is optimized with the Yoast SEO plugin v26.6 - https:\/\/yoast.com\/wordpress\/plugins\/seo\/ -->\n<title>Musc Tahara coco I Parfum senteur coco I Contenance 3ml<\/title>\n<meta name=\"description\" content=\"Le musc Tahara coco est un parfum au service de la f\u00e9minit\u00e9 qui vous offre une r\u00e9elle sensation de fraicheur et de propret\u00e9.\" \/>\n<meta name=\"robots\" content=\"index, follow, max-snippet:-1, max-image-preview:large, max-video-preview:-1\" \/>\n<link rel=\"canonical\" href=\"https:\/\/www.safinel.fr\/it\/prodotto\/cocco-tahara-musk-5ml\/\" \/>\n<meta property=\"og:locale\" content=\"it_IT\" \/>\n<meta property=\"og:type\" content=\"article\" \/>\n<meta property=\"og:title\" content=\"Musc Tahara coco I Parfum senteur coco I Contenance 3ml\" \/>\n<meta property=\"og:description\" content=\"Le musc Tahara coco est un parfum au service de la f\u00e9minit\u00e9 qui vous offre une r\u00e9elle sensation de fraicheur et de propret\u00e9.\" \/>\n<meta property=\"og:url\" content=\"https:\/\/www.safinel.fr\/it\/prodotto\/cocco-tahara-musk-5ml\/\" \/>\n<meta property=\"og:site_name\" content=\"Safinel\" \/>\n<meta property=\"article:modified_time\" content=\"2023-12-28T17:15:48+00:00\" \/>\n<meta property=\"og:image\" content=\"https:\/\/www.safinel.fr\/wp-content\/uploads\/2023\/02\/musc-tahara-coco.jpg\" \/>\n\t<meta property=\"og:image:width\" content=\"600\" \/>\n\t<meta property=\"og:image:height\" content=\"600\" \/>\n\t<meta property=\"og:image:type\" content=\"image\/jpeg\" \/>\n<meta name=\"twitter:card\" content=\"summary_large_image\" \/>\n<meta name=\"twitter:label1\" content=\"Tempo di lettura stimato\" \/>\n\t<meta name=\"twitter:data1\" content=\"2 minuti\" \/>\n<script type=\"application\/ld+json\" class=\"yoast-schema-graph\">{\"@context\":\"https:\/\/schema.org\",\"@graph\":[{\"@type\":\"WebPage\",\"@id\":\"https:\/\/www.safinel.fr\/produit\/musc-tahara-coco-5ml\/\",\"url\":\"https:\/\/www.safinel.fr\/produit\/musc-tahara-coco-5ml\/\",\"name\":\"Musc Tahara coco I Parfum senteur coco I Contenance 3ml\",\"isPartOf\":{\"@id\":\"https:\/\/www.safinel.fr\/#website\"},\"primaryImageOfPage\":{\"@id\":\"https:\/\/www.safinel.fr\/produit\/musc-tahara-coco-5ml\/#primaryimage\"},\"image\":{\"@id\":\"https:\/\/www.safinel.fr\/produit\/musc-tahara-coco-5ml\/#primaryimage\"},\"thumbnailUrl\":\"https:\/\/www.safinel.fr\/wp-content\/uploads\/2023\/02\/musc-tahara-coco.jpg\",\"datePublished\":\"2023-02-15T15:26:12+00:00\",\"dateModified\":\"2023-12-28T17:15:48+00:00\",\"description\":\"Le musc Tahara coco est un parfum au service de la f\u00e9minit\u00e9 qui vous offre une r\u00e9elle sensation de fraicheur et de propret\u00e9.\",\"breadcrumb\":{\"@id\":\"https:\/\/www.safinel.fr\/produit\/musc-tahara-coco-5ml\/#breadcrumb\"},\"inLanguage\":\"it-IT\",\"potentialAction\":[{\"@type\":\"ReadAction\",\"target\":[\"https:\/\/www.safinel.fr\/produit\/musc-tahara-coco-5ml\/\"]}]},{\"@type\":\"ImageObject\",\"inLanguage\":\"it-IT\",\"@id\":\"https:\/\/www.safinel.fr\/produit\/musc-tahara-coco-5ml\/#primaryimage\",\"url\":\"https:\/\/www.safinel.fr\/wp-content\/uploads\/2023\/02\/musc-tahara-coco.jpg\",\"contentUrl\":\"https:\/\/www.safinel.fr\/wp-content\/uploads\/2023\/02\/musc-tahara-coco.jpg\",\"width\":600,\"height\":600,\"caption\":\"musc tahara coco\"},{\"@type\":\"BreadcrumbList\",\"@id\":\"https:\/\/www.safinel.fr\/produit\/musc-tahara-coco-5ml\/#breadcrumb\",\"itemListElement\":[{\"@type\":\"ListItem\",\"position\":1,\"name\":\"Accueil\",\"item\":\"https:\/\/www.safinel.fr\/\"},{\"@type\":\"ListItem\",\"position\":2,\"name\":\"Boutique\",\"item\":\"https:\/\/www.safinel.fr\/boutique\/\"},{\"@type\":\"ListItem\",\"position\":3,\"name\":\"Musc Tahara coco 3ml\"}]},{\"@type\":\"WebSite\",\"@id\":\"https:\/\/www.safinel.fr\/#website\",\"url\":\"https:\/\/www.safinel.fr\/\",\"name\":\"Safinel\",\"description\":\"\",\"publisher\":{\"@id\":\"https:\/\/www.safinel.fr\/#organization\"},\"potentialAction\":[{\"@type\":\"SearchAction\",\"target\":{\"@type\":\"EntryPoint\",\"urlTemplate\":\"https:\/\/www.safinel.fr\/?s={search_term_string}\"},\"query-input\":{\"@type\":\"PropertyValueSpecification\",\"valueRequired\":true,\"valueName\":\"search_term_string\"}}],\"inLanguage\":\"it-IT\"},{\"@type\":\"Organization\",\"@id\":\"https:\/\/www.safinel.fr\/#organization\",\"name\":\"Safinel\",\"url\":\"https:\/\/www.safinel.fr\/\",\"logo\":{\"@type\":\"ImageObject\",\"inLanguage\":\"it-IT\",\"@id\":\"https:\/\/www.safinel.fr\/#\/schema\/logo\/image\/\",\"url\":\"https:\/\/www.safinel.fr\/wp-content\/uploads\/2021\/05\/boutique-cosmetique.png\",\"contentUrl\":\"https:\/\/www.safinel.fr\/wp-content\/uploads\/2021\/05\/boutique-cosmetique.png\",\"width\":800,\"height\":200,\"caption\":\"Safinel\"},\"image\":{\"@id\":\"https:\/\/www.safinel.fr\/#\/schema\/logo\/image\/\"}}]}<\/script>\n<!-- \/ Yoast SEO plugin. -->","yoast_head_json":{"title":"Musc Tahara coco I Fragranza cocco I Capacit\u00e0 3ml","description":"Tahara Coconut Musk \u00e8 una fragranza femminile che lascia una sensazione di freschezza e pulizia.","robots":{"index":"index","follow":"follow","max-snippet":"max-snippet:-1","max-image-preview":"max-image-preview:large","max-video-preview":"max-video-preview:-1"},"canonical":"https:\/\/www.safinel.fr\/it\/prodotto\/cocco-tahara-musk-5ml\/","og_locale":"it_IT","og_type":"article","og_title":"Musc Tahara coco I Parfum senteur coco I Contenance 3ml","og_description":"Le musc Tahara coco est un parfum au service de la f\u00e9minit\u00e9 qui vous offre une r\u00e9elle sensation de fraicheur et de propret\u00e9.","og_url":"https:\/\/www.safinel.fr\/it\/prodotto\/cocco-tahara-musk-5ml\/","og_site_name":"Safinel","article_modified_time":"2023-12-28T17:15:48+00:00","og_image":[{"width":600,"height":600,"url":"https:\/\/www.safinel.fr\/wp-content\/uploads\/2023\/02\/musc-tahara-coco.jpg","type":"image\/jpeg"}],"twitter_card":"summary_large_image","twitter_misc":{"Tempo di lettura stimato":"2 minuti"},"schema":{"@context":"https:\/\/schema.org","@graph":[{"@type":"WebPage","@id":"https:\/\/www.safinel.fr\/produit\/musc-tahara-coco-5ml\/","url":"https:\/\/www.safinel.fr\/produit\/musc-tahara-coco-5ml\/","name":"Musc Tahara coco I Fragranza cocco I Capacit\u00e0 3ml","isPartOf":{"@id":"https:\/\/www.safinel.fr\/#website"},"primaryImageOfPage":{"@id":"https:\/\/www.safinel.fr\/produit\/musc-tahara-coco-5ml\/#primaryimage"},"image":{"@id":"https:\/\/www.safinel.fr\/produit\/musc-tahara-coco-5ml\/#primaryimage"},"thumbnailUrl":"https:\/\/www.safinel.fr\/wp-content\/uploads\/2023\/02\/musc-tahara-coco.jpg","datePublished":"2023-02-15T15:26:12+00:00","dateModified":"2023-12-28T17:15:48+00:00","description":"Tahara Coconut Musk \u00e8 una fragranza femminile che lascia una sensazione di freschezza e pulizia.","breadcrumb":{"@id":"https:\/\/www.safinel.fr\/produit\/musc-tahara-coco-5ml\/#breadcrumb"},"inLanguage":"it-IT","potentialAction":[{"@type":"ReadAction","target":["https:\/\/www.safinel.fr\/produit\/musc-tahara-coco-5ml\/"]}]},{"@type":"ImageObject","inLanguage":"it-IT","@id":"https:\/\/www.safinel.fr\/produit\/musc-tahara-coco-5ml\/#primaryimage","url":"https:\/\/www.safinel.fr\/wp-content\/uploads\/2023\/02\/musc-tahara-coco.jpg","contentUrl":"https:\/\/www.safinel.fr\/wp-content\/uploads\/2023\/02\/musc-tahara-coco.jpg","width":600,"height":600,"caption":"musc tahara coco"},{"@type":"BreadcrumbList","@id":"https:\/\/www.safinel.fr\/produit\/musc-tahara-coco-5ml\/#breadcrumb","itemListElement":[{"@type":"ListItem","position":1,"name":"Accueil","item":"https:\/\/www.safinel.fr\/"},{"@type":"ListItem","position":2,"name":"Boutique","item":"https:\/\/www.safinel.fr\/boutique\/"},{"@type":"ListItem","position":3,"name":"Musc Tahara coco 3ml"}]},{"@type":"WebSite","@id":"https:\/\/www.safinel.fr\/#website","url":"https:\/\/www.safinel.fr\/","name":"Safinel","description":"","publisher":{"@id":"https:\/\/www.safinel.fr\/#organization"},"potentialAction":[{"@type":"SearchAction","target":{"@type":"EntryPoint","urlTemplate":"https:\/\/www.safinel.fr\/?s={search_term_string}"},"query-input":{"@type":"PropertyValueSpecification","valueRequired":true,"valueName":"search_term_string"}}],"inLanguage":"it-IT"},{"@type":"Organization","@id":"https:\/\/www.safinel.fr\/#organization","name":"Safinel","url":"https:\/\/www.safinel.fr\/","logo":{"@type":"ImageObject","inLanguage":"it-IT","@id":"https:\/\/www.safinel.fr\/#\/schema\/logo\/image\/","url":"https:\/\/www.safinel.fr\/wp-content\/uploads\/2021\/05\/boutique-cosmetique.png","contentUrl":"https:\/\/www.safinel.fr\/wp-content\/uploads\/2021\/05\/boutique-cosmetique.png","width":800,"height":200,"caption":"Safinel"},"image":{"@id":"https:\/\/www.safinel.fr\/#\/schema\/logo\/image\/"}}]}},"_links":{"self":[{"href":"https:\/\/www.safinel.fr\/it\/wp-json\/wp\/v2\/product\/4656","targetHints":{"allow":["GET"]}}],"collection":[{"href":"https:\/\/www.safinel.fr\/it\/wp-json\/wp\/v2\/product"}],"about":[{"href":"https:\/\/www.safinel.fr\/it\/wp-json\/wp\/v2\/types\/product"}],"wp:featuredmedia":[{"embeddable":true,"href":"https:\/\/www.safinel.fr\/it\/wp-json\/wp\/v2\/media\/4649"}],"wp:attachment":[{"href":"https:\/\/www.safinel.fr\/it\/wp-json\/wp\/v2\/media?parent=4656"}],"wp:term":[{"taxonomy":"product_brand","embeddable":true,"href":"https:\/\/www.safinel.fr\/it\/wp-json\/wp\/v2\/product_brand?post=4656"},{"taxonomy":"product_cat","embeddable":true,"href":"https:\/\/www.safinel.fr\/it\/wp-json\/wp\/v2\/product_cat?post=4656"},{"taxonomy":"product_tag","embeddable":true,"href":"https:\/\/www.safinel.fr\/it\/wp-json\/wp\/v2\/product_tag?post=4656"}],"curies":[{"name":"wp","href":"https:\/\/api.w.org\/{rel}","templated":true}]}}