{"id":4655,"date":"2023-02-15T15:25:18","date_gmt":"2023-02-15T15:25:18","guid":{"rendered":"https:\/\/www.safinel.fr\/?post_type=product&#038;p=4655"},"modified":"2023-12-30T12:11:03","modified_gmt":"2023-12-30T12:11:03","slug":"muschio-tahara-zucchero-filato","status":"publish","type":"product","link":"https:\/\/www.safinel.fr\/it\/prodotto\/muschio-tahara-zucchero-filato\/","title":{"rendered":"Muschio Tahara zucchero filato 3ml"},"content":{"rendered":"<p>Non tardate a scoprire il\u00a0<strong>Muschio Tahara zucchero filato<\/strong>. Disponibile nel negozio\u00a0<strong>Safinel<\/strong>, Non c'\u00e8 dubbio che questa \u00e8 l'essenza di cui avete bisogno se volete sentire la dolcezza.<\/p>\n<h2><strong>Lo zucchero filato Musc tahara \u00e8 per voi<\/strong><\/h2>\n<p>Il negozio\u00a0<strong>Safinel<\/strong>, \u00e8 sempre desiderosa di offrirvi il prodotto che soddisfa le vostre aspettative. Per garantirvi la massima soddisfazione, abbiamo selezionato un'ampia gamma di\u00a0<strong>Muschio Tahara intimo<\/strong>.<\/p>\n<p>Il nostro obiettivo \u00e8 aiutarvi ad avere un aspetto migliore dopo il lavaggio. Per questo motivo siamo convinti che il\u00a0<strong>Muschio Tahara zucchero filato<\/strong>\u00a0\u00e8 di sicuro gradimento.<\/p>\n<p>Grazie al suo delizioso profumo di caramella, potrete profumare la vostra pelle in modo delicato e indulgente. Vi lascer\u00e0 in uno stato emotivo di benessere. Questi profumi sottili e delicati vi riporteranno per qualche istante ai giorni spensierati della vostra infanzia.<\/p>\n<p>Tuttavia, \u00e8 possibile utilizzarlo per profumare diverse parti del corpo:<\/p>\n<ul>\n<li><strong>Il collo,<\/strong><\/li>\n<li><strong>Sul<\/strong><strong>polsi,<\/strong><\/li>\n<li><strong>Il cavallo.<\/strong><\/li>\n<\/ul>\n<p>Si noti che, in quest'ultimo caso, sar\u00e0 ideale dopo il periodo mestruale.<\/p>\n<p>Diventer\u00e0 il vostro fidato alleato per eliminare gli odori persistenti.<\/p>\n<p>Non abbiate paura di profumare tutto il corpo con questa fragranza.<\/p>\n<h3><strong>Una fragranza deliziosa<\/strong><\/h3>\n<p>Con il\u00a0<strong>Muschio Tahara zucchero filato<\/strong>,Ora potete uscire dalla vostra zona di comfort con questa delizia profumata. Questa piccola fiala da 3 ml vi rinfrescher\u00e0 in diverse circostanze.<\/p>\n<p>Dopo il bagno, per concludere la giornata lasciando sulla pelle un piacevole profumo di fresco. Elimina anche alcuni odori come quelli dell'inquinamento e del cibo. Si pu\u00f2 usare anche per profumarsi quotidianamente prima di iniziare la giornata.<\/p>\n<p>Infine, per coloro che tendono ad avere giornate stressanti, l'opzione\u00a0<strong>Muschio Tahara zucchero filato\u00a0<\/strong>vi aiuter\u00e0 a rallegrare la giornata, grazie alle sue fragranze gourmand. In conclusione, se siete amanti delle fragranze fruttate, avrete la possibilit\u00e0 di provare il profumo\u00a0<strong><a href=\"https:\/\/www.safinel.fr\/it\/prodotto\/muschio-tahara-mango\/\">Tahara Mango Muschio<\/a>\u00a0<\/strong>disponibile anche nel negozio\u00a0<strong>Safinel<\/strong>.<\/p>","protected":false},"excerpt":{"rendered":"<p>Ne tardez plus \u00e0 d\u00e9couvrir le\u00a0Musc Tahara barbe \u00e0 papa. Disponible sur la boutique\u00a0Safinel, c\u2019est sans nul doute l\u2019essence qu\u2019il vous faut pour sentir la gourmandise. Le Musc tahara barbe \u00e0 papa est fait pour vous La boutique\u00a0Safinel, tient toujours \u00e0 vous proposer le produit pouvant correspondre \u00e0 vos attentes.\u00a0En effet, pour pouvoir vous satisfaire, [&#8230;]","protected":false},"featured_media":4651,"template":"","meta":[],"product_brand":[],"product_cat":[127],"product_tag":[],"class_list":{"0":"post-4655","1":"product","2":"type-product","3":"status-publish","4":"has-post-thumbnail","6":"product_cat-musc-tahara-intime","8":"first","9":"instock","10":"shipping-taxable","11":"purchasable","12":"product-type-simple"},"yoast_head":"<!-- This site is optimized with the Yoast SEO plugin v26.6 - https:\/\/yoast.com\/wordpress\/plugins\/seo\/ -->\n<title>Musc Tahara barbe \u00e0 papa I Parfum gourmand I 3ml<\/title>\n<meta name=\"description\" content=\"Ne tardez plus \u00e0 d\u00e9couvrir le\u00a0Musc Tahara barbe \u00e0 papa. C\u2019est sans nul doute l\u2019essence qu\u2019il vous faut pour sentir la gourmandise.\" \/>\n<meta name=\"robots\" content=\"index, follow, max-snippet:-1, max-image-preview:large, max-video-preview:-1\" \/>\n<link rel=\"canonical\" href=\"https:\/\/www.safinel.fr\/it\/prodotto\/muschio-tahara-zucchero-filato\/\" \/>\n<meta property=\"og:locale\" content=\"it_IT\" \/>\n<meta property=\"og:type\" content=\"article\" \/>\n<meta property=\"og:title\" content=\"Musc Tahara barbe \u00e0 papa I Parfum gourmand I 3ml\" \/>\n<meta property=\"og:description\" content=\"Ne tardez plus \u00e0 d\u00e9couvrir le\u00a0Musc Tahara barbe \u00e0 papa. C\u2019est sans nul doute l\u2019essence qu\u2019il vous faut pour sentir la gourmandise.\" \/>\n<meta property=\"og:url\" content=\"https:\/\/www.safinel.fr\/it\/prodotto\/muschio-tahara-zucchero-filato\/\" \/>\n<meta property=\"og:site_name\" content=\"Safinel\" \/>\n<meta property=\"article:modified_time\" content=\"2023-12-30T12:11:03+00:00\" \/>\n<meta property=\"og:image\" content=\"https:\/\/www.safinel.fr\/wp-content\/uploads\/2023\/02\/musc-tahara-barbe-a-papa.jpg\" \/>\n\t<meta property=\"og:image:width\" content=\"600\" \/>\n\t<meta property=\"og:image:height\" content=\"600\" \/>\n\t<meta property=\"og:image:type\" content=\"image\/jpeg\" \/>\n<meta name=\"twitter:card\" content=\"summary_large_image\" \/>\n<meta name=\"twitter:label1\" content=\"Tempo di lettura stimato\" \/>\n\t<meta name=\"twitter:data1\" content=\"2 minuti\" \/>\n<script type=\"application\/ld+json\" class=\"yoast-schema-graph\">{\"@context\":\"https:\/\/schema.org\",\"@graph\":[{\"@type\":\"WebPage\",\"@id\":\"https:\/\/www.safinel.fr\/produit\/musc-tahara-barbe-a-papa\/\",\"url\":\"https:\/\/www.safinel.fr\/produit\/musc-tahara-barbe-a-papa\/\",\"name\":\"Musc Tahara barbe \u00e0 papa I Parfum gourmand I 3ml\",\"isPartOf\":{\"@id\":\"https:\/\/www.safinel.fr\/#website\"},\"primaryImageOfPage\":{\"@id\":\"https:\/\/www.safinel.fr\/produit\/musc-tahara-barbe-a-papa\/#primaryimage\"},\"image\":{\"@id\":\"https:\/\/www.safinel.fr\/produit\/musc-tahara-barbe-a-papa\/#primaryimage\"},\"thumbnailUrl\":\"https:\/\/www.safinel.fr\/wp-content\/uploads\/2023\/02\/musc-tahara-barbe-a-papa.jpg\",\"datePublished\":\"2023-02-15T15:25:18+00:00\",\"dateModified\":\"2023-12-30T12:11:03+00:00\",\"description\":\"Ne tardez plus \u00e0 d\u00e9couvrir le\u00a0Musc Tahara barbe \u00e0 papa. C\u2019est sans nul doute l\u2019essence qu\u2019il vous faut pour sentir la gourmandise.\",\"breadcrumb\":{\"@id\":\"https:\/\/www.safinel.fr\/produit\/musc-tahara-barbe-a-papa\/#breadcrumb\"},\"inLanguage\":\"it-IT\",\"potentialAction\":[{\"@type\":\"ReadAction\",\"target\":[\"https:\/\/www.safinel.fr\/produit\/musc-tahara-barbe-a-papa\/\"]}]},{\"@type\":\"ImageObject\",\"inLanguage\":\"it-IT\",\"@id\":\"https:\/\/www.safinel.fr\/produit\/musc-tahara-barbe-a-papa\/#primaryimage\",\"url\":\"https:\/\/www.safinel.fr\/wp-content\/uploads\/2023\/02\/musc-tahara-barbe-a-papa.jpg\",\"contentUrl\":\"https:\/\/www.safinel.fr\/wp-content\/uploads\/2023\/02\/musc-tahara-barbe-a-papa.jpg\",\"width\":600,\"height\":600,\"caption\":\"musc tahara barbe a papa\"},{\"@type\":\"BreadcrumbList\",\"@id\":\"https:\/\/www.safinel.fr\/produit\/musc-tahara-barbe-a-papa\/#breadcrumb\",\"itemListElement\":[{\"@type\":\"ListItem\",\"position\":1,\"name\":\"Accueil\",\"item\":\"https:\/\/www.safinel.fr\/\"},{\"@type\":\"ListItem\",\"position\":2,\"name\":\"Boutique\",\"item\":\"https:\/\/www.safinel.fr\/boutique\/\"},{\"@type\":\"ListItem\",\"position\":3,\"name\":\"Musc Tahara barbe \u00e0 papa 3ml\"}]},{\"@type\":\"WebSite\",\"@id\":\"https:\/\/www.safinel.fr\/#website\",\"url\":\"https:\/\/www.safinel.fr\/\",\"name\":\"Safinel\",\"description\":\"\",\"publisher\":{\"@id\":\"https:\/\/www.safinel.fr\/#organization\"},\"potentialAction\":[{\"@type\":\"SearchAction\",\"target\":{\"@type\":\"EntryPoint\",\"urlTemplate\":\"https:\/\/www.safinel.fr\/?s={search_term_string}\"},\"query-input\":{\"@type\":\"PropertyValueSpecification\",\"valueRequired\":true,\"valueName\":\"search_term_string\"}}],\"inLanguage\":\"it-IT\"},{\"@type\":\"Organization\",\"@id\":\"https:\/\/www.safinel.fr\/#organization\",\"name\":\"Safinel\",\"url\":\"https:\/\/www.safinel.fr\/\",\"logo\":{\"@type\":\"ImageObject\",\"inLanguage\":\"it-IT\",\"@id\":\"https:\/\/www.safinel.fr\/#\/schema\/logo\/image\/\",\"url\":\"https:\/\/www.safinel.fr\/wp-content\/uploads\/2021\/05\/boutique-cosmetique.png\",\"contentUrl\":\"https:\/\/www.safinel.fr\/wp-content\/uploads\/2021\/05\/boutique-cosmetique.png\",\"width\":800,\"height\":200,\"caption\":\"Safinel\"},\"image\":{\"@id\":\"https:\/\/www.safinel.fr\/#\/schema\/logo\/image\/\"}}]}<\/script>\n<!-- \/ Yoast SEO plugin. -->","yoast_head_json":{"title":"Muschio Tahara zucchero filato I Profumo da buongustaio I 3ml","description":"Non tardate a scoprire Musc Tahara barbe \u00e0 papa. \u00c8 senza dubbio l'essenza di cui avete bisogno per avere un profumo delizioso.","robots":{"index":"index","follow":"follow","max-snippet":"max-snippet:-1","max-image-preview":"max-image-preview:large","max-video-preview":"max-video-preview:-1"},"canonical":"https:\/\/www.safinel.fr\/it\/prodotto\/muschio-tahara-zucchero-filato\/","og_locale":"it_IT","og_type":"article","og_title":"Musc Tahara barbe \u00e0 papa I Parfum gourmand I 3ml","og_description":"Ne tardez plus \u00e0 d\u00e9couvrir le\u00a0Musc Tahara barbe \u00e0 papa. C\u2019est sans nul doute l\u2019essence qu\u2019il vous faut pour sentir la gourmandise.","og_url":"https:\/\/www.safinel.fr\/it\/prodotto\/muschio-tahara-zucchero-filato\/","og_site_name":"Safinel","article_modified_time":"2023-12-30T12:11:03+00:00","og_image":[{"width":600,"height":600,"url":"https:\/\/www.safinel.fr\/wp-content\/uploads\/2023\/02\/musc-tahara-barbe-a-papa.jpg","type":"image\/jpeg"}],"twitter_card":"summary_large_image","twitter_misc":{"Tempo di lettura stimato":"2 minuti"},"schema":{"@context":"https:\/\/schema.org","@graph":[{"@type":"WebPage","@id":"https:\/\/www.safinel.fr\/produit\/musc-tahara-barbe-a-papa\/","url":"https:\/\/www.safinel.fr\/produit\/musc-tahara-barbe-a-papa\/","name":"Muschio Tahara zucchero filato I Profumo da buongustaio I 3ml","isPartOf":{"@id":"https:\/\/www.safinel.fr\/#website"},"primaryImageOfPage":{"@id":"https:\/\/www.safinel.fr\/produit\/musc-tahara-barbe-a-papa\/#primaryimage"},"image":{"@id":"https:\/\/www.safinel.fr\/produit\/musc-tahara-barbe-a-papa\/#primaryimage"},"thumbnailUrl":"https:\/\/www.safinel.fr\/wp-content\/uploads\/2023\/02\/musc-tahara-barbe-a-papa.jpg","datePublished":"2023-02-15T15:25:18+00:00","dateModified":"2023-12-30T12:11:03+00:00","description":"Non tardate a scoprire Musc Tahara barbe \u00e0 papa. \u00c8 senza dubbio l'essenza di cui avete bisogno per avere un profumo delizioso.","breadcrumb":{"@id":"https:\/\/www.safinel.fr\/produit\/musc-tahara-barbe-a-papa\/#breadcrumb"},"inLanguage":"it-IT","potentialAction":[{"@type":"ReadAction","target":["https:\/\/www.safinel.fr\/produit\/musc-tahara-barbe-a-papa\/"]}]},{"@type":"ImageObject","inLanguage":"it-IT","@id":"https:\/\/www.safinel.fr\/produit\/musc-tahara-barbe-a-papa\/#primaryimage","url":"https:\/\/www.safinel.fr\/wp-content\/uploads\/2023\/02\/musc-tahara-barbe-a-papa.jpg","contentUrl":"https:\/\/www.safinel.fr\/wp-content\/uploads\/2023\/02\/musc-tahara-barbe-a-papa.jpg","width":600,"height":600,"caption":"musc tahara barbe a papa"},{"@type":"BreadcrumbList","@id":"https:\/\/www.safinel.fr\/produit\/musc-tahara-barbe-a-papa\/#breadcrumb","itemListElement":[{"@type":"ListItem","position":1,"name":"Accueil","item":"https:\/\/www.safinel.fr\/"},{"@type":"ListItem","position":2,"name":"Boutique","item":"https:\/\/www.safinel.fr\/boutique\/"},{"@type":"ListItem","position":3,"name":"Musc Tahara barbe \u00e0 papa 3ml"}]},{"@type":"WebSite","@id":"https:\/\/www.safinel.fr\/#website","url":"https:\/\/www.safinel.fr\/","name":"Safinel","description":"","publisher":{"@id":"https:\/\/www.safinel.fr\/#organization"},"potentialAction":[{"@type":"SearchAction","target":{"@type":"EntryPoint","urlTemplate":"https:\/\/www.safinel.fr\/?s={search_term_string}"},"query-input":{"@type":"PropertyValueSpecification","valueRequired":true,"valueName":"search_term_string"}}],"inLanguage":"it-IT"},{"@type":"Organization","@id":"https:\/\/www.safinel.fr\/#organization","name":"Safinel","url":"https:\/\/www.safinel.fr\/","logo":{"@type":"ImageObject","inLanguage":"it-IT","@id":"https:\/\/www.safinel.fr\/#\/schema\/logo\/image\/","url":"https:\/\/www.safinel.fr\/wp-content\/uploads\/2021\/05\/boutique-cosmetique.png","contentUrl":"https:\/\/www.safinel.fr\/wp-content\/uploads\/2021\/05\/boutique-cosmetique.png","width":800,"height":200,"caption":"Safinel"},"image":{"@id":"https:\/\/www.safinel.fr\/#\/schema\/logo\/image\/"}}]}},"_links":{"self":[{"href":"https:\/\/www.safinel.fr\/it\/wp-json\/wp\/v2\/product\/4655","targetHints":{"allow":["GET"]}}],"collection":[{"href":"https:\/\/www.safinel.fr\/it\/wp-json\/wp\/v2\/product"}],"about":[{"href":"https:\/\/www.safinel.fr\/it\/wp-json\/wp\/v2\/types\/product"}],"wp:featuredmedia":[{"embeddable":true,"href":"https:\/\/www.safinel.fr\/it\/wp-json\/wp\/v2\/media\/4651"}],"wp:attachment":[{"href":"https:\/\/www.safinel.fr\/it\/wp-json\/wp\/v2\/media?parent=4655"}],"wp:term":[{"taxonomy":"product_brand","embeddable":true,"href":"https:\/\/www.safinel.fr\/it\/wp-json\/wp\/v2\/product_brand?post=4655"},{"taxonomy":"product_cat","embeddable":true,"href":"https:\/\/www.safinel.fr\/it\/wp-json\/wp\/v2\/product_cat?post=4655"},{"taxonomy":"product_tag","embeddable":true,"href":"https:\/\/www.safinel.fr\/it\/wp-json\/wp\/v2\/product_tag?post=4655"}],"curies":[{"name":"wp","href":"https:\/\/api.w.org\/{rel}","templated":true}]}}