{"id":4654,"date":"2023-02-15T15:13:25","date_gmt":"2023-02-15T15:13:25","guid":{"rendered":"https:\/\/www.safinel.fr\/?post_type=product&#038;p=4654"},"modified":"2024-01-13T16:53:14","modified_gmt":"2024-01-13T16:53:14","slug":"muschio-ambra-del-tahara","status":"publish","type":"product","link":"https:\/\/www.safinel.fr\/it\/prodotto\/muschio-ambra-del-tahara\/","title":{"rendered":"Muschio Tahara ambra 3ml"},"content":{"rendered":"<p>Profumo\u00a0<strong>Muschio Tahara Ambra<\/strong>\u00a0incarna l'essenza dell'intimit\u00e0 e della purezza, offrendo un'esperienza olfattiva raffinata e sensuale. Avvolta da note di muschio e ambra, questa fragranza cattura delicatezza e raffinatezza, evocando un'igiene impeccabile e uno squisito piacere sensoriale.<\/p>\n<h2><strong>Il muschio intimo e la sua fragranza Tahara Ambre<\/strong><\/h2>\n<p>Musc Tahara Ambre fonde sottilmente la morbidezza del muschio intimo con il sorprendente calore dell'ambra. Le note di muschio aggiungono una dimensione delicata e sensuale, evocando purezza ed eleganza, mentre le note di ambra aggiungono una dimensione delicata e sensuale, evocando purezza ed eleganza, mentre le note di ambra aggiungono una dimensione delicata e sensuale, evocando purezza ed eleganza. <strong>sfumature d'ambra<\/strong>\u00a0aggiungono profondit\u00e0 alla fragranza. Questa combinazione unica crea una fragranza intima che cattura l'essenza stessa della femminilit\u00e0 e della raffinatezza.<\/p>\n<h2><strong>Il piacere di un'igiene impeccabile!<\/strong><\/h2>\n<p>Oltre alla sua fragranza seducente, questo profumo intimo incarna l'idea di un'igiene impeccabile. Unendosi al rituale della pulizia quotidiana, questa fragranza aggiunge un tocco di lusso e raffinatezza all'esperienza della cura personale. Inoltre, il suo <strong>odore <a href=\"https:\/\/www.safinel.fr\/it\/prodotto\/muschio-tahara-surrati\/\">sottile ed elegante<\/a>\u00a0<\/strong>lascia un'impronta olfattiva discreta, evocando pulizia e freschezza. Per una sensazione di benessere e sicurezza per tutto il giorno.<\/p>\n<h3><strong>Applicare Tahara Ambre musk dopo il lavaggio!<\/strong><\/h3>\n<p>Per un'esperienza sensoriale completa, applicate il vostro muschio intimo dopo il lavaggio. Mettendone alcune gocce su un asciugamano, potrete applicare la fragranza con facilit\u00e0. Il profumo si fonder\u00e0 delicatamente con il calore della pelle, rilasciando le sue note raffinate per tutto il giorno.<\/p>\n<p>La combinazione della freschezza post detergente con la delicatezza del muschio e dell'ambra crea sicuramente una sensazione di purezza.\u00a0<strong>Tahara Ambre<\/strong>\u00a0\u00e8 un must per chi desidera un tocco di lusso intimo ogni giorno.<\/p>\n<p>In breve, il muschio\u00a0<strong>Tahara aromatizzato<\/strong>\u00a0\u00e8 molto pi\u00f9 di una fragranza intima. \u00c8 un'esperienza sensoriale che evoca purezza, femminilit\u00e0 e raffinatezza. Quando lo si applica dopo la detersione, ci si immerge nella sua delicatezza, creando un'impronta olfattiva distintiva.<\/p>","protected":false},"excerpt":{"rendered":"<p>Il profumo Musc Tahara Ambre incarna l'essenza dell'intimit\u00e0 e della purezza, offrendo un'esperienza olfattiva raffinata e sensuale. Avvolto da note di muschio intimo e ambra, questo profumo cattura la delicatezza e la raffinatezza, evocando un'igiene impeccabile e un piacere sensoriale squisito. Il muschio intimo e il suo profumo Tahara Ambre Il Musc Tahara [\u2026]","protected":false},"featured_media":4652,"template":"","meta":[],"product_brand":[],"product_cat":[127],"product_tag":[],"class_list":{"0":"post-4654","1":"product","2":"type-product","3":"status-publish","4":"has-post-thumbnail","6":"product_cat-musc-tahara-intime","8":"first","9":"instock","10":"shipping-taxable","11":"purchasable","12":"product-type-simple"},"yoast_head":"<!-- This site is optimized with the Yoast SEO plugin v26.6 - https:\/\/yoast.com\/wordpress\/plugins\/seo\/ -->\n<title>Musc Tahara ambre | Parfum intime senteur ambre | 3ml<\/title>\n<meta name=\"description\" content=\"Le parfum\u00a0Musc Tahara Ambre\u00a0incarne l&#039;essence de l&#039;intimit\u00e9 et de la puret\u00e9, offrant une exp\u00e9rience olfactive raffin\u00e9e et sensuelle.\" \/>\n<meta name=\"robots\" content=\"index, follow, max-snippet:-1, max-image-preview:large, max-video-preview:-1\" \/>\n<link rel=\"canonical\" href=\"https:\/\/www.safinel.fr\/it\/prodotto\/muschio-ambra-del-tahara\/\" \/>\n<meta property=\"og:locale\" content=\"it_IT\" \/>\n<meta property=\"og:type\" content=\"article\" \/>\n<meta property=\"og:title\" content=\"Musc Tahara ambre | Parfum intime senteur ambre | 3ml\" \/>\n<meta property=\"og:description\" content=\"Le parfum\u00a0Musc Tahara Ambre\u00a0incarne l&#039;essence de l&#039;intimit\u00e9 et de la puret\u00e9, offrant une exp\u00e9rience olfactive raffin\u00e9e et sensuelle.\" \/>\n<meta property=\"og:url\" content=\"https:\/\/www.safinel.fr\/it\/prodotto\/muschio-ambra-del-tahara\/\" \/>\n<meta property=\"og:site_name\" content=\"Safinel\" \/>\n<meta property=\"article:modified_time\" content=\"2024-01-13T16:53:14+00:00\" \/>\n<meta property=\"og:image\" content=\"https:\/\/www.safinel.fr\/wp-content\/uploads\/2023\/02\/musc-tahara-ambre.jpg\" \/>\n\t<meta property=\"og:image:width\" content=\"600\" \/>\n\t<meta property=\"og:image:height\" content=\"600\" \/>\n\t<meta property=\"og:image:type\" content=\"image\/jpeg\" \/>\n<meta name=\"twitter:card\" content=\"summary_large_image\" \/>\n<meta name=\"twitter:label1\" content=\"Tempo di lettura stimato\" \/>\n\t<meta name=\"twitter:data1\" content=\"2 minuti\" \/>\n<script type=\"application\/ld+json\" class=\"yoast-schema-graph\">{\"@context\":\"https:\/\/schema.org\",\"@graph\":[{\"@type\":\"WebPage\",\"@id\":\"https:\/\/www.safinel.fr\/produit\/musc-tahara-ambre\/\",\"url\":\"https:\/\/www.safinel.fr\/produit\/musc-tahara-ambre\/\",\"name\":\"Musc Tahara ambre | Parfum intime senteur ambre | 3ml\",\"isPartOf\":{\"@id\":\"https:\/\/www.safinel.fr\/#website\"},\"primaryImageOfPage\":{\"@id\":\"https:\/\/www.safinel.fr\/produit\/musc-tahara-ambre\/#primaryimage\"},\"image\":{\"@id\":\"https:\/\/www.safinel.fr\/produit\/musc-tahara-ambre\/#primaryimage\"},\"thumbnailUrl\":\"https:\/\/www.safinel.fr\/wp-content\/uploads\/2023\/02\/musc-tahara-ambre.jpg\",\"datePublished\":\"2023-02-15T15:13:25+00:00\",\"dateModified\":\"2024-01-13T16:53:14+00:00\",\"description\":\"Le parfum\u00a0Musc Tahara Ambre\u00a0incarne l'essence de l'intimit\u00e9 et de la puret\u00e9, offrant une exp\u00e9rience olfactive raffin\u00e9e et sensuelle.\",\"breadcrumb\":{\"@id\":\"https:\/\/www.safinel.fr\/produit\/musc-tahara-ambre\/#breadcrumb\"},\"inLanguage\":\"it-IT\",\"potentialAction\":[{\"@type\":\"ReadAction\",\"target\":[\"https:\/\/www.safinel.fr\/produit\/musc-tahara-ambre\/\"]}]},{\"@type\":\"ImageObject\",\"inLanguage\":\"it-IT\",\"@id\":\"https:\/\/www.safinel.fr\/produit\/musc-tahara-ambre\/#primaryimage\",\"url\":\"https:\/\/www.safinel.fr\/wp-content\/uploads\/2023\/02\/musc-tahara-ambre.jpg\",\"contentUrl\":\"https:\/\/www.safinel.fr\/wp-content\/uploads\/2023\/02\/musc-tahara-ambre.jpg\",\"width\":600,\"height\":600,\"caption\":\"musc tahara ambre\"},{\"@type\":\"BreadcrumbList\",\"@id\":\"https:\/\/www.safinel.fr\/produit\/musc-tahara-ambre\/#breadcrumb\",\"itemListElement\":[{\"@type\":\"ListItem\",\"position\":1,\"name\":\"Accueil\",\"item\":\"https:\/\/www.safinel.fr\/\"},{\"@type\":\"ListItem\",\"position\":2,\"name\":\"Boutique\",\"item\":\"https:\/\/www.safinel.fr\/boutique\/\"},{\"@type\":\"ListItem\",\"position\":3,\"name\":\"Musc Tahara ambre 3ml\"}]},{\"@type\":\"WebSite\",\"@id\":\"https:\/\/www.safinel.fr\/#website\",\"url\":\"https:\/\/www.safinel.fr\/\",\"name\":\"Safinel\",\"description\":\"\",\"publisher\":{\"@id\":\"https:\/\/www.safinel.fr\/#organization\"},\"potentialAction\":[{\"@type\":\"SearchAction\",\"target\":{\"@type\":\"EntryPoint\",\"urlTemplate\":\"https:\/\/www.safinel.fr\/?s={search_term_string}\"},\"query-input\":{\"@type\":\"PropertyValueSpecification\",\"valueRequired\":true,\"valueName\":\"search_term_string\"}}],\"inLanguage\":\"it-IT\"},{\"@type\":\"Organization\",\"@id\":\"https:\/\/www.safinel.fr\/#organization\",\"name\":\"Safinel\",\"url\":\"https:\/\/www.safinel.fr\/\",\"logo\":{\"@type\":\"ImageObject\",\"inLanguage\":\"it-IT\",\"@id\":\"https:\/\/www.safinel.fr\/#\/schema\/logo\/image\/\",\"url\":\"https:\/\/www.safinel.fr\/wp-content\/uploads\/2021\/05\/boutique-cosmetique.png\",\"contentUrl\":\"https:\/\/www.safinel.fr\/wp-content\/uploads\/2021\/05\/boutique-cosmetique.png\",\"width\":800,\"height\":200,\"caption\":\"Safinel\"},\"image\":{\"@id\":\"https:\/\/www.safinel.fr\/#\/schema\/logo\/image\/\"}}]}<\/script>\n<!-- \/ Yoast SEO plugin. -->","yoast_head_json":{"title":"Ambra Musk Tahara | Profumo intimo d'ambra | 3ml","description":"Musc Tahara Ambre incarna l'essenza dell'intimit\u00e0 e della purezza, offrendo un'esperienza olfattiva raffinata e sensuale.","robots":{"index":"index","follow":"follow","max-snippet":"max-snippet:-1","max-image-preview":"max-image-preview:large","max-video-preview":"max-video-preview:-1"},"canonical":"https:\/\/www.safinel.fr\/it\/prodotto\/muschio-ambra-del-tahara\/","og_locale":"it_IT","og_type":"article","og_title":"Musc Tahara ambre | Parfum intime senteur ambre | 3ml","og_description":"Le parfum\u00a0Musc Tahara Ambre\u00a0incarne l'essence de l'intimit\u00e9 et de la puret\u00e9, offrant une exp\u00e9rience olfactive raffin\u00e9e et sensuelle.","og_url":"https:\/\/www.safinel.fr\/it\/prodotto\/muschio-ambra-del-tahara\/","og_site_name":"Safinel","article_modified_time":"2024-01-13T16:53:14+00:00","og_image":[{"width":600,"height":600,"url":"https:\/\/www.safinel.fr\/wp-content\/uploads\/2023\/02\/musc-tahara-ambre.jpg","type":"image\/jpeg"}],"twitter_card":"summary_large_image","twitter_misc":{"Tempo di lettura stimato":"2 minuti"},"schema":{"@context":"https:\/\/schema.org","@graph":[{"@type":"WebPage","@id":"https:\/\/www.safinel.fr\/produit\/musc-tahara-ambre\/","url":"https:\/\/www.safinel.fr\/produit\/musc-tahara-ambre\/","name":"Ambra Musk Tahara | Profumo intimo d'ambra | 3ml","isPartOf":{"@id":"https:\/\/www.safinel.fr\/#website"},"primaryImageOfPage":{"@id":"https:\/\/www.safinel.fr\/produit\/musc-tahara-ambre\/#primaryimage"},"image":{"@id":"https:\/\/www.safinel.fr\/produit\/musc-tahara-ambre\/#primaryimage"},"thumbnailUrl":"https:\/\/www.safinel.fr\/wp-content\/uploads\/2023\/02\/musc-tahara-ambre.jpg","datePublished":"2023-02-15T15:13:25+00:00","dateModified":"2024-01-13T16:53:14+00:00","description":"Musc Tahara Ambre incarna l'essenza dell'intimit\u00e0 e della purezza, offrendo un'esperienza olfattiva raffinata e sensuale.","breadcrumb":{"@id":"https:\/\/www.safinel.fr\/produit\/musc-tahara-ambre\/#breadcrumb"},"inLanguage":"it-IT","potentialAction":[{"@type":"ReadAction","target":["https:\/\/www.safinel.fr\/produit\/musc-tahara-ambre\/"]}]},{"@type":"ImageObject","inLanguage":"it-IT","@id":"https:\/\/www.safinel.fr\/produit\/musc-tahara-ambre\/#primaryimage","url":"https:\/\/www.safinel.fr\/wp-content\/uploads\/2023\/02\/musc-tahara-ambre.jpg","contentUrl":"https:\/\/www.safinel.fr\/wp-content\/uploads\/2023\/02\/musc-tahara-ambre.jpg","width":600,"height":600,"caption":"musc tahara ambre"},{"@type":"BreadcrumbList","@id":"https:\/\/www.safinel.fr\/produit\/musc-tahara-ambre\/#breadcrumb","itemListElement":[{"@type":"ListItem","position":1,"name":"Accueil","item":"https:\/\/www.safinel.fr\/"},{"@type":"ListItem","position":2,"name":"Boutique","item":"https:\/\/www.safinel.fr\/boutique\/"},{"@type":"ListItem","position":3,"name":"Musc Tahara ambre 3ml"}]},{"@type":"WebSite","@id":"https:\/\/www.safinel.fr\/#website","url":"https:\/\/www.safinel.fr\/","name":"Safinel","description":"","publisher":{"@id":"https:\/\/www.safinel.fr\/#organization"},"potentialAction":[{"@type":"SearchAction","target":{"@type":"EntryPoint","urlTemplate":"https:\/\/www.safinel.fr\/?s={search_term_string}"},"query-input":{"@type":"PropertyValueSpecification","valueRequired":true,"valueName":"search_term_string"}}],"inLanguage":"it-IT"},{"@type":"Organization","@id":"https:\/\/www.safinel.fr\/#organization","name":"Safinel","url":"https:\/\/www.safinel.fr\/","logo":{"@type":"ImageObject","inLanguage":"it-IT","@id":"https:\/\/www.safinel.fr\/#\/schema\/logo\/image\/","url":"https:\/\/www.safinel.fr\/wp-content\/uploads\/2021\/05\/boutique-cosmetique.png","contentUrl":"https:\/\/www.safinel.fr\/wp-content\/uploads\/2021\/05\/boutique-cosmetique.png","width":800,"height":200,"caption":"Safinel"},"image":{"@id":"https:\/\/www.safinel.fr\/#\/schema\/logo\/image\/"}}]}},"_links":{"self":[{"href":"https:\/\/www.safinel.fr\/it\/wp-json\/wp\/v2\/product\/4654","targetHints":{"allow":["GET"]}}],"collection":[{"href":"https:\/\/www.safinel.fr\/it\/wp-json\/wp\/v2\/product"}],"about":[{"href":"https:\/\/www.safinel.fr\/it\/wp-json\/wp\/v2\/types\/product"}],"wp:featuredmedia":[{"embeddable":true,"href":"https:\/\/www.safinel.fr\/it\/wp-json\/wp\/v2\/media\/4652"}],"wp:attachment":[{"href":"https:\/\/www.safinel.fr\/it\/wp-json\/wp\/v2\/media?parent=4654"}],"wp:term":[{"taxonomy":"product_brand","embeddable":true,"href":"https:\/\/www.safinel.fr\/it\/wp-json\/wp\/v2\/product_brand?post=4654"},{"taxonomy":"product_cat","embeddable":true,"href":"https:\/\/www.safinel.fr\/it\/wp-json\/wp\/v2\/product_cat?post=4654"},{"taxonomy":"product_tag","embeddable":true,"href":"https:\/\/www.safinel.fr\/it\/wp-json\/wp\/v2\/product_tag?post=4654"}],"curies":[{"name":"wp","href":"https:\/\/api.w.org\/{rel}","templated":true}]}}