{"id":4643,"date":"2023-02-15T14:59:29","date_gmt":"2023-02-15T14:59:29","guid":{"rendered":"https:\/\/www.safinel.fr\/?post_type=product&#038;p=4643"},"modified":"2024-01-13T16:58:54","modified_gmt":"2024-01-13T16:58:54","slug":"muschio-tahara-surrati","status":"publish","type":"product","link":"https:\/\/www.safinel.fr\/it\/prodotto\/muschio-tahara-surrati\/","title":{"rendered":"Muschio Tahara surrati 3ml"},"content":{"rendered":"<p>Musc Tahara Surrati \u00e8 una fragranza intima che incarna certamente eleganza e raffinatezza. Questa essenza accattivante \u00e8 pensata per evocare sensualit\u00e0 e sicurezza, offrendo un'esperienza olfattiva unica e indimenticabile.<\/p>\n<p>Se anche voi desiderate incontrare uno dei nostri\u00a0<strong>fragranza affascinante<\/strong>\u00a0e unico, quindi scoprite il muschio Tahara.<\/p>\n<h2><strong>Musk tahara surrati: una fragranza intima dalle note sorprendenti<\/strong><\/h2>\n<p>Infatti, fin dal primo profumo, Musc Tahara Surrati rivela affascinanti note di muschio, offrendo una profondit\u00e0 e un calore che evocano passione e seduzione. Queste note accattivanti creano un'aura di mistero e sensualit\u00e0 che avvolge sottilmente chi le indossa. Inoltre, il suo\u00a0<strong>fragranza attraente<\/strong>\u00a0rendono questo muschio un must per la pulizia quotidiana.<\/p>\n<h2><strong>La dolcezza del muschio surrati tahara!<\/strong><\/h2>\n<p>Sebbene alcuni possano considerare l'uso di\u00a0<strong>fragranze intime<\/strong>\u00a0come un modo per sentirsi pi\u00f9 sicuri e seducenti, Surrati \u00e8 perfettamente in sintonia con questa idea. Infine, scoprite l'esperienza sensoriale e l'associazione di alcuni profumi con il muschio del tahara.<\/p>\n<p>Questa fragranza Surrati \u00e8 l'incarnazione di un'eleganza senza tempo che trascende le mode passeggere. Il suo bouquet raffinato e sofisticato evoca un'immagine di grazia e fascino senza tempo. I pi\u00f9 curiosi apprezzeranno questa piacevole fragranza quando faranno questa scelta.<\/p>\n<h3><strong>La sottile sensualit\u00e0 di questa fragranza intima<\/strong><\/h3>\n<p>La finezza del Musc Tahara Surrati sta nella sua capacit\u00e0 di evocare la sensualit\u00e0 in modo delicato e sottile. Le note calde e avvolgenti creano un'aura rassicurante che risveglia i sensi senza mai essere invadente. Questo rende la fragranza una sottile espressione di femminilit\u00e0 e seduzione.<\/p>\n<p>\u00c8 importante notare che l'uso di fragranze intime \u00e8 una questione di preferenze personali. Al <a href=\"https:\/\/www.safinel.fr\/it\/prodotto\/muschio-di-tahara-alla-ciliegia\/\"><strong>ciliegia<\/strong><\/a> o\u00a0<a href=\"https:\/\/www.safinel.fr\/it\/prodotto\/muschio-tahara-banana\/\"><strong>banana<\/strong><\/a>, Trovate il profumo intimo che fa per voi nel vostro negozio online Safinel!<\/p>","protected":false},"excerpt":{"rendered":"<p>Il profumo Musc Tahara Surrati \u00e8 una fragranza intima che incarna l'eleganza e la raffinatezza. Questa essenza accattivante \u00e8 stata creata per evocare sensualit\u00e0 e sicurezza, offrendo un'esperienza olfattiva unica e indimenticabile. Se anche voi desiderate scoprire un profumo affascinante e unico, provate il muschio Tahara. Musc tahara surrati [\u2026]","protected":false},"featured_media":4639,"template":"","meta":[],"product_brand":[],"product_cat":[127],"product_tag":[],"class_list":{"0":"post-4643","1":"product","2":"type-product","3":"status-publish","4":"has-post-thumbnail","6":"product_cat-musc-tahara-intime","8":"first","9":"instock","10":"shipping-taxable","11":"purchasable","12":"product-type-simple"},"yoast_head":"<!-- This site is optimized with the Yoast SEO plugin v26.6 - https:\/\/yoast.com\/wordpress\/plugins\/seo\/ -->\n<title>Musc Tahara surrati | Le parfum intime de haute qualit\u00e9 | 3ml<\/title>\n<meta name=\"description\" content=\"Le parfum Musc Tahara Surrati est une fragrance intime qui incarne certes l&#039;\u00e9l\u00e9gance et la sophistication. Adoptez-le sans plus attendre !\" \/>\n<meta name=\"robots\" content=\"index, follow, max-snippet:-1, max-image-preview:large, max-video-preview:-1\" \/>\n<link rel=\"canonical\" href=\"https:\/\/www.safinel.fr\/it\/prodotto\/muschio-tahara-surrati\/\" \/>\n<meta property=\"og:locale\" content=\"it_IT\" \/>\n<meta property=\"og:type\" content=\"article\" \/>\n<meta property=\"og:title\" content=\"Musc Tahara surrati | Le parfum intime de haute qualit\u00e9 | 3ml\" \/>\n<meta property=\"og:description\" content=\"Le parfum Musc Tahara Surrati est une fragrance intime qui incarne certes l&#039;\u00e9l\u00e9gance et la sophistication. Adoptez-le sans plus attendre !\" \/>\n<meta property=\"og:url\" content=\"https:\/\/www.safinel.fr\/it\/prodotto\/muschio-tahara-surrati\/\" \/>\n<meta property=\"og:site_name\" content=\"Safinel\" \/>\n<meta property=\"article:modified_time\" content=\"2024-01-13T16:58:54+00:00\" \/>\n<meta property=\"og:image\" content=\"https:\/\/www.safinel.fr\/wp-content\/uploads\/2023\/02\/musc-tahara-suratti.jpg\" \/>\n\t<meta property=\"og:image:width\" content=\"600\" \/>\n\t<meta property=\"og:image:height\" content=\"600\" \/>\n\t<meta property=\"og:image:type\" content=\"image\/jpeg\" \/>\n<meta name=\"twitter:card\" content=\"summary_large_image\" \/>\n<meta name=\"twitter:label1\" content=\"Tempo di lettura stimato\" \/>\n\t<meta name=\"twitter:data1\" content=\"2 minuti\" \/>\n<script type=\"application\/ld+json\" class=\"yoast-schema-graph\">{\"@context\":\"https:\/\/schema.org\",\"@graph\":[{\"@type\":\"WebPage\",\"@id\":\"https:\/\/www.safinel.fr\/produit\/musc-tahara-surrati\/\",\"url\":\"https:\/\/www.safinel.fr\/produit\/musc-tahara-surrati\/\",\"name\":\"Musc Tahara surrati | Le parfum intime de haute qualit\u00e9 | 3ml\",\"isPartOf\":{\"@id\":\"https:\/\/www.safinel.fr\/#website\"},\"primaryImageOfPage\":{\"@id\":\"https:\/\/www.safinel.fr\/produit\/musc-tahara-surrati\/#primaryimage\"},\"image\":{\"@id\":\"https:\/\/www.safinel.fr\/produit\/musc-tahara-surrati\/#primaryimage\"},\"thumbnailUrl\":\"https:\/\/www.safinel.fr\/wp-content\/uploads\/2023\/02\/musc-tahara-suratti.jpg\",\"datePublished\":\"2023-02-15T14:59:29+00:00\",\"dateModified\":\"2024-01-13T16:58:54+00:00\",\"description\":\"Le parfum Musc Tahara Surrati est une fragrance intime qui incarne certes l'\u00e9l\u00e9gance et la sophistication. Adoptez-le sans plus attendre !\",\"breadcrumb\":{\"@id\":\"https:\/\/www.safinel.fr\/produit\/musc-tahara-surrati\/#breadcrumb\"},\"inLanguage\":\"it-IT\",\"potentialAction\":[{\"@type\":\"ReadAction\",\"target\":[\"https:\/\/www.safinel.fr\/produit\/musc-tahara-surrati\/\"]}]},{\"@type\":\"ImageObject\",\"inLanguage\":\"it-IT\",\"@id\":\"https:\/\/www.safinel.fr\/produit\/musc-tahara-surrati\/#primaryimage\",\"url\":\"https:\/\/www.safinel.fr\/wp-content\/uploads\/2023\/02\/musc-tahara-suratti.jpg\",\"contentUrl\":\"https:\/\/www.safinel.fr\/wp-content\/uploads\/2023\/02\/musc-tahara-suratti.jpg\",\"width\":600,\"height\":600,\"caption\":\"Musc Tahara surrati 5ml\"},{\"@type\":\"BreadcrumbList\",\"@id\":\"https:\/\/www.safinel.fr\/produit\/musc-tahara-surrati\/#breadcrumb\",\"itemListElement\":[{\"@type\":\"ListItem\",\"position\":1,\"name\":\"Accueil\",\"item\":\"https:\/\/www.safinel.fr\/\"},{\"@type\":\"ListItem\",\"position\":2,\"name\":\"Boutique\",\"item\":\"https:\/\/www.safinel.fr\/boutique\/\"},{\"@type\":\"ListItem\",\"position\":3,\"name\":\"Musc Tahara surrati 3ml\"}]},{\"@type\":\"WebSite\",\"@id\":\"https:\/\/www.safinel.fr\/#website\",\"url\":\"https:\/\/www.safinel.fr\/\",\"name\":\"Safinel\",\"description\":\"\",\"publisher\":{\"@id\":\"https:\/\/www.safinel.fr\/#organization\"},\"potentialAction\":[{\"@type\":\"SearchAction\",\"target\":{\"@type\":\"EntryPoint\",\"urlTemplate\":\"https:\/\/www.safinel.fr\/?s={search_term_string}\"},\"query-input\":{\"@type\":\"PropertyValueSpecification\",\"valueRequired\":true,\"valueName\":\"search_term_string\"}}],\"inLanguage\":\"it-IT\"},{\"@type\":\"Organization\",\"@id\":\"https:\/\/www.safinel.fr\/#organization\",\"name\":\"Safinel\",\"url\":\"https:\/\/www.safinel.fr\/\",\"logo\":{\"@type\":\"ImageObject\",\"inLanguage\":\"it-IT\",\"@id\":\"https:\/\/www.safinel.fr\/#\/schema\/logo\/image\/\",\"url\":\"https:\/\/www.safinel.fr\/wp-content\/uploads\/2021\/05\/boutique-cosmetique.png\",\"contentUrl\":\"https:\/\/www.safinel.fr\/wp-content\/uploads\/2021\/05\/boutique-cosmetique.png\",\"width\":800,\"height\":200,\"caption\":\"Safinel\"},\"image\":{\"@id\":\"https:\/\/www.safinel.fr\/#\/schema\/logo\/image\/\"}}]}<\/script>\n<!-- \/ Yoast SEO plugin. -->","yoast_head_json":{"title":"Musc Tahara surrati | Profumo intimo di alta qualit\u00e0 | 3ml","description":"Musc Tahara Surrati \u00e8 una fragranza intima che incarna eleganza e raffinatezza. Adottatelo senza ulteriori indugi!","robots":{"index":"index","follow":"follow","max-snippet":"max-snippet:-1","max-image-preview":"max-image-preview:large","max-video-preview":"max-video-preview:-1"},"canonical":"https:\/\/www.safinel.fr\/it\/prodotto\/muschio-tahara-surrati\/","og_locale":"it_IT","og_type":"article","og_title":"Musc Tahara surrati | Le parfum intime de haute qualit\u00e9 | 3ml","og_description":"Le parfum Musc Tahara Surrati est une fragrance intime qui incarne certes l'\u00e9l\u00e9gance et la sophistication. Adoptez-le sans plus attendre !","og_url":"https:\/\/www.safinel.fr\/it\/prodotto\/muschio-tahara-surrati\/","og_site_name":"Safinel","article_modified_time":"2024-01-13T16:58:54+00:00","og_image":[{"width":600,"height":600,"url":"https:\/\/www.safinel.fr\/wp-content\/uploads\/2023\/02\/musc-tahara-suratti.jpg","type":"image\/jpeg"}],"twitter_card":"summary_large_image","twitter_misc":{"Tempo di lettura stimato":"2 minuti"},"schema":{"@context":"https:\/\/schema.org","@graph":[{"@type":"WebPage","@id":"https:\/\/www.safinel.fr\/produit\/musc-tahara-surrati\/","url":"https:\/\/www.safinel.fr\/produit\/musc-tahara-surrati\/","name":"Musc Tahara surrati | Profumo intimo di alta qualit\u00e0 | 3ml","isPartOf":{"@id":"https:\/\/www.safinel.fr\/#website"},"primaryImageOfPage":{"@id":"https:\/\/www.safinel.fr\/produit\/musc-tahara-surrati\/#primaryimage"},"image":{"@id":"https:\/\/www.safinel.fr\/produit\/musc-tahara-surrati\/#primaryimage"},"thumbnailUrl":"https:\/\/www.safinel.fr\/wp-content\/uploads\/2023\/02\/musc-tahara-suratti.jpg","datePublished":"2023-02-15T14:59:29+00:00","dateModified":"2024-01-13T16:58:54+00:00","description":"Musc Tahara Surrati \u00e8 una fragranza intima che incarna eleganza e raffinatezza. Adottatelo senza ulteriori indugi!","breadcrumb":{"@id":"https:\/\/www.safinel.fr\/produit\/musc-tahara-surrati\/#breadcrumb"},"inLanguage":"it-IT","potentialAction":[{"@type":"ReadAction","target":["https:\/\/www.safinel.fr\/produit\/musc-tahara-surrati\/"]}]},{"@type":"ImageObject","inLanguage":"it-IT","@id":"https:\/\/www.safinel.fr\/produit\/musc-tahara-surrati\/#primaryimage","url":"https:\/\/www.safinel.fr\/wp-content\/uploads\/2023\/02\/musc-tahara-suratti.jpg","contentUrl":"https:\/\/www.safinel.fr\/wp-content\/uploads\/2023\/02\/musc-tahara-suratti.jpg","width":600,"height":600,"caption":"Musc Tahara surrati 5ml"},{"@type":"BreadcrumbList","@id":"https:\/\/www.safinel.fr\/produit\/musc-tahara-surrati\/#breadcrumb","itemListElement":[{"@type":"ListItem","position":1,"name":"Accueil","item":"https:\/\/www.safinel.fr\/"},{"@type":"ListItem","position":2,"name":"Boutique","item":"https:\/\/www.safinel.fr\/boutique\/"},{"@type":"ListItem","position":3,"name":"Musc Tahara surrati 3ml"}]},{"@type":"WebSite","@id":"https:\/\/www.safinel.fr\/#website","url":"https:\/\/www.safinel.fr\/","name":"Safinel","description":"","publisher":{"@id":"https:\/\/www.safinel.fr\/#organization"},"potentialAction":[{"@type":"SearchAction","target":{"@type":"EntryPoint","urlTemplate":"https:\/\/www.safinel.fr\/?s={search_term_string}"},"query-input":{"@type":"PropertyValueSpecification","valueRequired":true,"valueName":"search_term_string"}}],"inLanguage":"it-IT"},{"@type":"Organization","@id":"https:\/\/www.safinel.fr\/#organization","name":"Safinel","url":"https:\/\/www.safinel.fr\/","logo":{"@type":"ImageObject","inLanguage":"it-IT","@id":"https:\/\/www.safinel.fr\/#\/schema\/logo\/image\/","url":"https:\/\/www.safinel.fr\/wp-content\/uploads\/2021\/05\/boutique-cosmetique.png","contentUrl":"https:\/\/www.safinel.fr\/wp-content\/uploads\/2021\/05\/boutique-cosmetique.png","width":800,"height":200,"caption":"Safinel"},"image":{"@id":"https:\/\/www.safinel.fr\/#\/schema\/logo\/image\/"}}]}},"_links":{"self":[{"href":"https:\/\/www.safinel.fr\/it\/wp-json\/wp\/v2\/product\/4643","targetHints":{"allow":["GET"]}}],"collection":[{"href":"https:\/\/www.safinel.fr\/it\/wp-json\/wp\/v2\/product"}],"about":[{"href":"https:\/\/www.safinel.fr\/it\/wp-json\/wp\/v2\/types\/product"}],"wp:featuredmedia":[{"embeddable":true,"href":"https:\/\/www.safinel.fr\/it\/wp-json\/wp\/v2\/media\/4639"}],"wp:attachment":[{"href":"https:\/\/www.safinel.fr\/it\/wp-json\/wp\/v2\/media?parent=4643"}],"wp:term":[{"taxonomy":"product_brand","embeddable":true,"href":"https:\/\/www.safinel.fr\/it\/wp-json\/wp\/v2\/product_brand?post=4643"},{"taxonomy":"product_cat","embeddable":true,"href":"https:\/\/www.safinel.fr\/it\/wp-json\/wp\/v2\/product_cat?post=4643"},{"taxonomy":"product_tag","embeddable":true,"href":"https:\/\/www.safinel.fr\/it\/wp-json\/wp\/v2\/product_tag?post=4643"}],"curies":[{"name":"wp","href":"https:\/\/api.w.org\/{rel}","templated":true}]}}