{"id":4617,"date":"2023-02-14T19:34:56","date_gmt":"2023-02-14T19:34:56","guid":{"rendered":"https:\/\/www.safinel.fr\/?post_type=product&#038;p=4617"},"modified":"2023-12-28T17:15:47","modified_gmt":"2023-12-28T17:15:47","slug":"olio-doro","status":"publish","type":"product","link":"https:\/\/www.safinel.fr\/it\/prodotto\/olio-doro\/","title":{"rendered":"Olio di ortica 30ml"},"content":{"rendered":"<p><strong>Olio di ortica\u00a0<\/strong>fa il suo debutto nel nostro negozio di benessere online, e tanto vale avvertirvi: ha carattere. Conosciuta come una pianta da evitare, questa<strong>\u00a0macerato oleoso<\/strong>\u00a0\u00e8 il cosmetico da avere! E per molte ragioni... ve ne raccontiamo altre.<\/p>\n<h2><strong>Olio di ortica: un alleato piccante!\u00a0<\/strong><\/h2>\n<p>L'olio di ortica si ottiene dalle foglie fresche di ortica. Le foglie vengono bollite a vapore o macerate con olio vegetale. La macerazione viene poi filtrata per ottenere il prezioso elisir.<\/p>\n<h2><strong>I componenti di questo olio vegetale<\/strong><\/h2>\n<p>L'olio di ortica contiene diversi componenti benefici per la salute. I principali principi attivi sono flavonoidi, tannini, saponine, fenoli e alcaloidi. Insieme, agiscono per ridurre lo stress ossidativo e l'infiammazione, oltre a regolare il sistema immunitario.<\/p>\n<h2><strong>I benefici dell'olio di ortica per la salute<\/strong><\/h2>\n<p>L'olio di ortica \u00e8 utile per molti problemi di salute. Ecco solo alcuni dei benefici che pu\u00f2 apportare:<\/p>\n<ul>\n<li>Sollievo da mal di testa ed emicrania<\/li>\n<li>Riduzione dell'infiammazione<\/li>\n<li>Contro i dolori articolari e <a href=\"https:\/\/www.safinel.fr\/it\/prodotto\/grasso-di-cammello\/\"><strong>muscolare<\/strong><\/a><\/li>\n<li>Miglioramento dell'immunit\u00e0<\/li>\n<li>Regola anche i livelli di zucchero nel sangue<\/li>\n<li>Riduzione dei sintomi della gotta<\/li>\n<li>Utile per la cura e il miglioramento della salute della pelle<\/li>\n<li>Ricco di acidi grassi polinsaturi e vitamine A, C ed E, viene spesso utilizzato per le sue propriet\u00e0 antiossidanti.<\/li>\n<li>\u00c8 noto come un eccellente rimedio naturale per i dolori articolari e muscolari, i problemi della pelle e le affezioni respiratorie.<\/li>\n<li>Infine, \u00e8 un rimedio naturale molto potente che pu\u00f2 essere utilizzato per diversi scopi terapeutici.<\/li>\n<\/ul>\n<p>L'uso di questo\u00a0<strong>prodotto naturale<\/strong>\u00a0\u00e8 sicuro e pu\u00f2 essere un\u00a0<strong>complemento<\/strong>\u00a0molto efficace per i disturbi comuni e le condizioni croniche.<\/p>\n<h3><strong>I nostri consigli per l'uso\u00a0<\/strong><\/h3>\n<p>Questo rimedio naturale \u00e8 molto efficace per alleviare diversi dolori.<\/p>\n<p>Per utilizzarlo, si pu\u00f2 applicare l'olio direttamente sulla zona da trattare con un cotton fioc. Si possono anche versare alcune gocce su un cataplasma e applicarlo sulla zona dolorante.<\/p>\n<p>Infine, \u00e8 possibile aggiungere qualche goccia di olio di ortica all'acqua del bagno per alleviare i dolori muscolari e articolari.<\/p>\n<p><strong>Assicuratevi di seguire sempre le dosi consigliate per evitare qualsiasi rischio di irritazione o allergia.<\/strong><\/p>","protected":false},"excerpt":{"rendered":"<p>L'olio di ortica fa il suo ingresso nel nostro negozio online dedicato al benessere, e vi avvertiamo: ha un carattere forte. Nota per essere una pianta da cui \u00e8 meglio stare alla larga, questo macerato oleoso \u00e8 tuttavia un cosmetico da avere! E questo per molte ragioni... ve ne diciamo di pi\u00f9. L'olio di ortica: un alleato che [...]","protected":false},"featured_media":4618,"template":"","meta":[],"product_brand":[],"product_cat":[122],"product_tag":[],"class_list":{"0":"post-4617","1":"product","2":"type-product","3":"status-publish","4":"has-post-thumbnail","6":"product_cat-huile-vegetale","8":"first","9":"instock","10":"shipping-taxable","11":"purchasable","12":"product-type-simple"},"yoast_head":"<!-- This site is optimized with the Yoast SEO plugin v26.6 - https:\/\/yoast.com\/wordpress\/plugins\/seo\/ -->\n<title>Huile d&#039;ortie 30ml I Huile bio I Bienfaits nombreux<\/title>\n<meta name=\"description\" content=\"L\u2019huile d\u2019ortie\u00a0fait son entr\u00e9e sur notre boutique bien-\u00eatre en ligne, et autant vous pr\u00e9venir : elle a du caract\u00e8re. Adoptez-l\u00e0 !\" \/>\n<meta name=\"robots\" content=\"index, follow, max-snippet:-1, max-image-preview:large, max-video-preview:-1\" \/>\n<link rel=\"canonical\" href=\"https:\/\/www.safinel.fr\/it\/prodotto\/olio-doro\/\" \/>\n<meta property=\"og:locale\" content=\"it_IT\" \/>\n<meta property=\"og:type\" content=\"article\" \/>\n<meta property=\"og:title\" content=\"Huile d&#039;ortie 30ml I Huile bio I Bienfaits nombreux\" \/>\n<meta property=\"og:description\" content=\"L\u2019huile d\u2019ortie\u00a0fait son entr\u00e9e sur notre boutique bien-\u00eatre en ligne, et autant vous pr\u00e9venir : elle a du caract\u00e8re. Adoptez-l\u00e0 !\" \/>\n<meta property=\"og:url\" content=\"https:\/\/www.safinel.fr\/it\/prodotto\/olio-doro\/\" \/>\n<meta property=\"og:site_name\" content=\"Safinel\" \/>\n<meta property=\"article:modified_time\" content=\"2023-12-28T17:15:47+00:00\" \/>\n<meta property=\"og:image\" content=\"https:\/\/www.safinel.fr\/wp-content\/uploads\/2023\/02\/huile-dortie.jpg\" \/>\n\t<meta property=\"og:image:width\" content=\"600\" \/>\n\t<meta property=\"og:image:height\" content=\"600\" \/>\n\t<meta property=\"og:image:type\" content=\"image\/jpeg\" \/>\n<meta name=\"twitter:card\" content=\"summary_large_image\" \/>\n<meta name=\"twitter:label1\" content=\"Tempo di lettura stimato\" \/>\n\t<meta name=\"twitter:data1\" content=\"2 minuti\" \/>\n<script type=\"application\/ld+json\" class=\"yoast-schema-graph\">{\"@context\":\"https:\/\/schema.org\",\"@graph\":[{\"@type\":\"WebPage\",\"@id\":\"https:\/\/www.safinel.fr\/produit\/huile-dortie\/\",\"url\":\"https:\/\/www.safinel.fr\/produit\/huile-dortie\/\",\"name\":\"Huile d'ortie 30ml I Huile bio I Bienfaits nombreux\",\"isPartOf\":{\"@id\":\"https:\/\/www.safinel.fr\/#website\"},\"primaryImageOfPage\":{\"@id\":\"https:\/\/www.safinel.fr\/produit\/huile-dortie\/#primaryimage\"},\"image\":{\"@id\":\"https:\/\/www.safinel.fr\/produit\/huile-dortie\/#primaryimage\"},\"thumbnailUrl\":\"https:\/\/www.safinel.fr\/wp-content\/uploads\/2023\/02\/huile-dortie.jpg\",\"datePublished\":\"2023-02-14T19:34:56+00:00\",\"dateModified\":\"2023-12-28T17:15:47+00:00\",\"description\":\"L\u2019huile d\u2019ortie\u00a0fait son entr\u00e9e sur notre boutique bien-\u00eatre en ligne, et autant vous pr\u00e9venir : elle a du caract\u00e8re. Adoptez-l\u00e0 !\",\"breadcrumb\":{\"@id\":\"https:\/\/www.safinel.fr\/produit\/huile-dortie\/#breadcrumb\"},\"inLanguage\":\"it-IT\",\"potentialAction\":[{\"@type\":\"ReadAction\",\"target\":[\"https:\/\/www.safinel.fr\/produit\/huile-dortie\/\"]}]},{\"@type\":\"ImageObject\",\"inLanguage\":\"it-IT\",\"@id\":\"https:\/\/www.safinel.fr\/produit\/huile-dortie\/#primaryimage\",\"url\":\"https:\/\/www.safinel.fr\/wp-content\/uploads\/2023\/02\/huile-dortie.jpg\",\"contentUrl\":\"https:\/\/www.safinel.fr\/wp-content\/uploads\/2023\/02\/huile-dortie.jpg\",\"width\":600,\"height\":600,\"caption\":\"huile d'ortie\"},{\"@type\":\"BreadcrumbList\",\"@id\":\"https:\/\/www.safinel.fr\/produit\/huile-dortie\/#breadcrumb\",\"itemListElement\":[{\"@type\":\"ListItem\",\"position\":1,\"name\":\"Accueil\",\"item\":\"https:\/\/www.safinel.fr\/\"},{\"@type\":\"ListItem\",\"position\":2,\"name\":\"Boutique\",\"item\":\"https:\/\/www.safinel.fr\/boutique\/\"},{\"@type\":\"ListItem\",\"position\":3,\"name\":\"Huile d&#8217;ortie 30ml\"}]},{\"@type\":\"WebSite\",\"@id\":\"https:\/\/www.safinel.fr\/#website\",\"url\":\"https:\/\/www.safinel.fr\/\",\"name\":\"Safinel\",\"description\":\"\",\"publisher\":{\"@id\":\"https:\/\/www.safinel.fr\/#organization\"},\"potentialAction\":[{\"@type\":\"SearchAction\",\"target\":{\"@type\":\"EntryPoint\",\"urlTemplate\":\"https:\/\/www.safinel.fr\/?s={search_term_string}\"},\"query-input\":{\"@type\":\"PropertyValueSpecification\",\"valueRequired\":true,\"valueName\":\"search_term_string\"}}],\"inLanguage\":\"it-IT\"},{\"@type\":\"Organization\",\"@id\":\"https:\/\/www.safinel.fr\/#organization\",\"name\":\"Safinel\",\"url\":\"https:\/\/www.safinel.fr\/\",\"logo\":{\"@type\":\"ImageObject\",\"inLanguage\":\"it-IT\",\"@id\":\"https:\/\/www.safinel.fr\/#\/schema\/logo\/image\/\",\"url\":\"https:\/\/www.safinel.fr\/wp-content\/uploads\/2021\/05\/boutique-cosmetique.png\",\"contentUrl\":\"https:\/\/www.safinel.fr\/wp-content\/uploads\/2021\/05\/boutique-cosmetique.png\",\"width\":800,\"height\":200,\"caption\":\"Safinel\"},\"image\":{\"@id\":\"https:\/\/www.safinel.fr\/#\/schema\/logo\/image\/\"}}]}<\/script>\n<!-- \/ Yoast SEO plugin. -->","yoast_head_json":{"title":"Olio di ortica 30ml I Olio biologico I Numerosi benefici","description":"L'olio di ortica fa il suo debutto nel nostro negozio online di benessere, e tanto vale avvertirvi: ha carattere. Fatelo vostro!","robots":{"index":"index","follow":"follow","max-snippet":"max-snippet:-1","max-image-preview":"max-image-preview:large","max-video-preview":"max-video-preview:-1"},"canonical":"https:\/\/www.safinel.fr\/it\/prodotto\/olio-doro\/","og_locale":"it_IT","og_type":"article","og_title":"Huile d'ortie 30ml I Huile bio I Bienfaits nombreux","og_description":"L\u2019huile d\u2019ortie\u00a0fait son entr\u00e9e sur notre boutique bien-\u00eatre en ligne, et autant vous pr\u00e9venir : elle a du caract\u00e8re. Adoptez-l\u00e0 !","og_url":"https:\/\/www.safinel.fr\/it\/prodotto\/olio-doro\/","og_site_name":"Safinel","article_modified_time":"2023-12-28T17:15:47+00:00","og_image":[{"width":600,"height":600,"url":"https:\/\/www.safinel.fr\/wp-content\/uploads\/2023\/02\/huile-dortie.jpg","type":"image\/jpeg"}],"twitter_card":"summary_large_image","twitter_misc":{"Tempo di lettura stimato":"2 minuti"},"schema":{"@context":"https:\/\/schema.org","@graph":[{"@type":"WebPage","@id":"https:\/\/www.safinel.fr\/produit\/huile-dortie\/","url":"https:\/\/www.safinel.fr\/produit\/huile-dortie\/","name":"Olio di ortica 30ml I Olio biologico I Numerosi benefici","isPartOf":{"@id":"https:\/\/www.safinel.fr\/#website"},"primaryImageOfPage":{"@id":"https:\/\/www.safinel.fr\/produit\/huile-dortie\/#primaryimage"},"image":{"@id":"https:\/\/www.safinel.fr\/produit\/huile-dortie\/#primaryimage"},"thumbnailUrl":"https:\/\/www.safinel.fr\/wp-content\/uploads\/2023\/02\/huile-dortie.jpg","datePublished":"2023-02-14T19:34:56+00:00","dateModified":"2023-12-28T17:15:47+00:00","description":"L'olio di ortica fa il suo debutto nel nostro negozio online di benessere, e tanto vale avvertirvi: ha carattere. Fatelo vostro!","breadcrumb":{"@id":"https:\/\/www.safinel.fr\/produit\/huile-dortie\/#breadcrumb"},"inLanguage":"it-IT","potentialAction":[{"@type":"ReadAction","target":["https:\/\/www.safinel.fr\/produit\/huile-dortie\/"]}]},{"@type":"ImageObject","inLanguage":"it-IT","@id":"https:\/\/www.safinel.fr\/produit\/huile-dortie\/#primaryimage","url":"https:\/\/www.safinel.fr\/wp-content\/uploads\/2023\/02\/huile-dortie.jpg","contentUrl":"https:\/\/www.safinel.fr\/wp-content\/uploads\/2023\/02\/huile-dortie.jpg","width":600,"height":600,"caption":"huile d'ortie"},{"@type":"BreadcrumbList","@id":"https:\/\/www.safinel.fr\/produit\/huile-dortie\/#breadcrumb","itemListElement":[{"@type":"ListItem","position":1,"name":"Accueil","item":"https:\/\/www.safinel.fr\/"},{"@type":"ListItem","position":2,"name":"Boutique","item":"https:\/\/www.safinel.fr\/boutique\/"},{"@type":"ListItem","position":3,"name":"Huile d&#8217;ortie 30ml"}]},{"@type":"WebSite","@id":"https:\/\/www.safinel.fr\/#website","url":"https:\/\/www.safinel.fr\/","name":"Safinel","description":"","publisher":{"@id":"https:\/\/www.safinel.fr\/#organization"},"potentialAction":[{"@type":"SearchAction","target":{"@type":"EntryPoint","urlTemplate":"https:\/\/www.safinel.fr\/?s={search_term_string}"},"query-input":{"@type":"PropertyValueSpecification","valueRequired":true,"valueName":"search_term_string"}}],"inLanguage":"it-IT"},{"@type":"Organization","@id":"https:\/\/www.safinel.fr\/#organization","name":"Safinel","url":"https:\/\/www.safinel.fr\/","logo":{"@type":"ImageObject","inLanguage":"it-IT","@id":"https:\/\/www.safinel.fr\/#\/schema\/logo\/image\/","url":"https:\/\/www.safinel.fr\/wp-content\/uploads\/2021\/05\/boutique-cosmetique.png","contentUrl":"https:\/\/www.safinel.fr\/wp-content\/uploads\/2021\/05\/boutique-cosmetique.png","width":800,"height":200,"caption":"Safinel"},"image":{"@id":"https:\/\/www.safinel.fr\/#\/schema\/logo\/image\/"}}]}},"_links":{"self":[{"href":"https:\/\/www.safinel.fr\/it\/wp-json\/wp\/v2\/product\/4617","targetHints":{"allow":["GET"]}}],"collection":[{"href":"https:\/\/www.safinel.fr\/it\/wp-json\/wp\/v2\/product"}],"about":[{"href":"https:\/\/www.safinel.fr\/it\/wp-json\/wp\/v2\/types\/product"}],"wp:featuredmedia":[{"embeddable":true,"href":"https:\/\/www.safinel.fr\/it\/wp-json\/wp\/v2\/media\/4618"}],"wp:attachment":[{"href":"https:\/\/www.safinel.fr\/it\/wp-json\/wp\/v2\/media?parent=4617"}],"wp:term":[{"taxonomy":"product_brand","embeddable":true,"href":"https:\/\/www.safinel.fr\/it\/wp-json\/wp\/v2\/product_brand?post=4617"},{"taxonomy":"product_cat","embeddable":true,"href":"https:\/\/www.safinel.fr\/it\/wp-json\/wp\/v2\/product_cat?post=4617"},{"taxonomy":"product_tag","embeddable":true,"href":"https:\/\/www.safinel.fr\/it\/wp-json\/wp\/v2\/product_tag?post=4617"}],"curies":[{"name":"wp","href":"https:\/\/api.w.org\/{rel}","templated":true}]}}