{"id":4606,"date":"2023-02-13T11:18:11","date_gmt":"2023-02-13T11:18:11","guid":{"rendered":"https:\/\/www.safinel.fr\/?post_type=product&#038;p=4606"},"modified":"2024-11-07T15:26:50","modified_gmt":"2024-11-07T15:26:50","slug":"caramelle-power-dragon","status":"publish","type":"product","link":"https:\/\/www.safinel.fr\/it\/prodotto\/caramelle-power-dragon\/","title":{"rendered":"Caramelle power dragon (caramelle afrodisiache)"},"content":{"rendered":"<p>Se avete voglia di provare un nuovo piacere che risveglier\u00e0 le vostre capacit\u00e0 sessuali,\u00a0<strong>Safinel\u00a0<\/strong>vi invita a scoprire le caramelle\u00a0<strong>Caramelle power dragon.<\/strong><\/p>\n<p>Si infila in tasca per essere sempre pronti ovunque ci si trovi.<\/p>\n<h2><strong>Candy power dragon, la soluzione alla disfunzione erettile con le caramelle<\/strong><\/h2>\n<p>Il negozio\u00a0<strong>Safinel,\u00a0<\/strong>\u00e8 venuto in soccorso degli uomini che hanno bisogno di potenza ed energia sessuale.<\/p>\n<p>Questa frustrazione ha una soluzione.<\/p>\n<p>Questo non \u00e8 altro che il famoso dolce afrodisiaco\u00a0<strong>Caramelle power dragon<\/strong>.<\/p>\n<p>Un concentrato naturale di principi attivi afrodisiaci.<\/p>\n<p>Questi farmaci contribuiscono senza dubbio ad aumentare l'energia e la vitalit\u00e0. Ma vi aiuteranno anche a diventare pi\u00f9 attivi sessualmente, rimediando alla disfunzione erettile.<\/p>\n<p>Non solo aiuta a combattere l'impotenza di alcuni uomini, ma consente anche di controllare i problemi di eiaculazione precoce di cui alcuni soffrono.<\/p>\n<p>Infine, grazie alla sua ricetta naturale, vi riprenderete pi\u00f9 rapidamente dopo l'orgasmo, in modo da poterlo ripetere senza lasciare il partner insoddisfatto.<\/p>\n<h2><strong>Candy power dragon, un afrodisiaco discreto<\/strong><\/h2>\n<p>Non c'\u00e8 dubbio che questo piccolo dolce afrodisiaco soddisfer\u00e0 pi\u00f9 di una persona.<\/p>\n<p>Ci arriva direttamente da Malaise ed \u00e8 stato progettato sotto forma di caramella da succhiare.<\/p>\n<p>Inoltre, \u00e8 molto discreto, un concentrato di ingredienti naturali noti per i loro effetti afrodisiaci. Mettetelo in tasca o in borsa e sarete pronti all'uso in un momento.<\/p>\n<h3><strong>Una panoramica della composizione<\/strong><\/h3>\n<ul>\n<li>Da\u00a0<strong>Miele puro,<\/strong><\/li>\n<li>Da<strong>\u00a0<a href=\"https:\/\/www.safinel.fr\/it\/prodotto\/tongkat-ali\/\">Tongkat Ali<\/a>,\u00a0<\/strong>che si pu\u00f2 trovare anche in polvere nel negozio.<\/li>\n<li>Ma anche\u00a0<strong>Ginseng,<\/strong><\/li>\n<li>Cos\u00ec come\u00a0<strong>Caff\u00e8,<\/strong><\/li>\n<li>Da\u00a0<strong>Caramello,<\/strong><\/li>\n<li>E infine, un\u00a0<strong>Miscele di erbe.<\/strong><\/li>\n<\/ul>\n<p>Infine, Le\u00a0<strong>Caramelle power dragon<\/strong>\u00a0deve essere assunto almeno 2\/3 ore prima del rapporto sessuale.<\/p>\n<p>Non c'\u00e8 bisogno di ricordarvi di mantenervi ben idratati. Avrete sicuramente molte energie da bruciare dopo aver terminato il vostro trattamento.<\/p>","protected":false},"excerpt":{"rendered":"<p><img decoding=\"async\" class=\"size-full wp-image-5091 aligncenter\" src=\"https:\/\/www.safinel.fr\/wp-content\/uploads\/2021\/06\/BANNIERE-ICONE-SAFINEL.webp\" alt=\"riassicurazione satine\" width=\"800\" height=\"200\" srcset=\"https:\/\/www.safinel.fr\/wp-content\/uploads\/2021\/06\/BANNIERE-ICONE-SAFINEL.webp 800w, https:\/\/www.safinel.fr\/wp-content\/uploads\/2021\/06\/BANNIERE-ICONE-SAFINEL-600x150.webp 600w, https:\/\/www.safinel.fr\/wp-content\/uploads\/2021\/06\/BANNIERE-ICONE-SAFINEL-768x192.webp 768w\" sizes=\"(max-width: 800px) 100vw, 800px\" \/><\/p>","protected":false},"featured_media":4603,"template":"","meta":[],"product_brand":[],"product_cat":[102],"product_tag":[],"class_list":{"0":"post-4606","1":"product","2":"type-product","3":"status-publish","4":"has-post-thumbnail","6":"product_cat-bonbon-aphrodisiaque","8":"first","9":"outofstock","10":"shipping-taxable","11":"purchasable","12":"product-type-variable"},"yoast_head":"<!-- This site is optimized with the Yoast SEO plugin v26.6 - https:\/\/yoast.com\/wordpress\/plugins\/seo\/ -->\n<title>Candy power dragon I Bonbon aphrodisiaque I Stimule la libido<\/title>\n<meta name=\"description\" content=\"Si vous avez envie d\u2019essayer une nouvelle gourmandise qui r\u00e9veillera vos comp\u00e9tences sexuelles,\u00a0d\u00e9couvrez le bonbon\u00a0Candy power dragon.\" \/>\n<meta name=\"robots\" content=\"index, follow, max-snippet:-1, max-image-preview:large, max-video-preview:-1\" \/>\n<link rel=\"canonical\" href=\"https:\/\/www.safinel.fr\/it\/prodotto\/caramelle-power-dragon\/\" \/>\n<meta property=\"og:locale\" content=\"it_IT\" \/>\n<meta property=\"og:type\" content=\"article\" \/>\n<meta property=\"og:title\" content=\"Candy power dragon I Bonbon aphrodisiaque I Stimule la libido\" \/>\n<meta property=\"og:description\" content=\"Si vous avez envie d\u2019essayer une nouvelle gourmandise qui r\u00e9veillera vos comp\u00e9tences sexuelles,\u00a0d\u00e9couvrez le bonbon\u00a0Candy power dragon.\" \/>\n<meta property=\"og:url\" content=\"https:\/\/www.safinel.fr\/it\/prodotto\/caramelle-power-dragon\/\" \/>\n<meta property=\"og:site_name\" content=\"Safinel\" \/>\n<meta property=\"article:modified_time\" content=\"2024-11-07T15:26:50+00:00\" \/>\n<meta property=\"og:image\" content=\"https:\/\/www.safinel.fr\/wp-content\/uploads\/2023\/02\/candy-power-dragon.jpg\" \/>\n\t<meta property=\"og:image:width\" content=\"600\" \/>\n\t<meta property=\"og:image:height\" content=\"600\" \/>\n\t<meta property=\"og:image:type\" content=\"image\/jpeg\" \/>\n<meta name=\"twitter:card\" content=\"summary_large_image\" \/>\n<meta name=\"twitter:label1\" content=\"Tempo di lettura stimato\" \/>\n\t<meta name=\"twitter:data1\" content=\"2 minuti\" \/>\n<script type=\"application\/ld+json\" class=\"yoast-schema-graph\">{\"@context\":\"https:\/\/schema.org\",\"@graph\":[{\"@type\":\"WebPage\",\"@id\":\"https:\/\/www.safinel.fr\/produit\/candy-power-dragon\/\",\"url\":\"https:\/\/www.safinel.fr\/produit\/candy-power-dragon\/\",\"name\":\"Candy power dragon I Bonbon aphrodisiaque I Stimule la libido\",\"isPartOf\":{\"@id\":\"https:\/\/www.safinel.fr\/#website\"},\"primaryImageOfPage\":{\"@id\":\"https:\/\/www.safinel.fr\/produit\/candy-power-dragon\/#primaryimage\"},\"image\":{\"@id\":\"https:\/\/www.safinel.fr\/produit\/candy-power-dragon\/#primaryimage\"},\"thumbnailUrl\":\"https:\/\/www.safinel.fr\/wp-content\/uploads\/2023\/02\/candy-power-dragon.jpg\",\"datePublished\":\"2023-02-13T11:18:11+00:00\",\"dateModified\":\"2024-11-07T15:26:50+00:00\",\"description\":\"Si vous avez envie d\u2019essayer une nouvelle gourmandise qui r\u00e9veillera vos comp\u00e9tences sexuelles,\u00a0d\u00e9couvrez le bonbon\u00a0Candy power dragon.\",\"breadcrumb\":{\"@id\":\"https:\/\/www.safinel.fr\/produit\/candy-power-dragon\/#breadcrumb\"},\"inLanguage\":\"it-IT\",\"potentialAction\":[{\"@type\":\"ReadAction\",\"target\":[\"https:\/\/www.safinel.fr\/produit\/candy-power-dragon\/\"]}]},{\"@type\":\"ImageObject\",\"inLanguage\":\"it-IT\",\"@id\":\"https:\/\/www.safinel.fr\/produit\/candy-power-dragon\/#primaryimage\",\"url\":\"https:\/\/www.safinel.fr\/wp-content\/uploads\/2023\/02\/candy-power-dragon.jpg\",\"contentUrl\":\"https:\/\/www.safinel.fr\/wp-content\/uploads\/2023\/02\/candy-power-dragon.jpg\",\"width\":600,\"height\":600,\"caption\":\"Candy power dragon (Bonbon aphrodisiaque)\"},{\"@type\":\"BreadcrumbList\",\"@id\":\"https:\/\/www.safinel.fr\/produit\/candy-power-dragon\/#breadcrumb\",\"itemListElement\":[{\"@type\":\"ListItem\",\"position\":1,\"name\":\"Accueil\",\"item\":\"https:\/\/www.safinel.fr\/\"},{\"@type\":\"ListItem\",\"position\":2,\"name\":\"Boutique\",\"item\":\"https:\/\/www.safinel.fr\/boutique\/\"},{\"@type\":\"ListItem\",\"position\":3,\"name\":\"Candy power dragon (Bonbon aphrodisiaque)\"}]},{\"@type\":\"WebSite\",\"@id\":\"https:\/\/www.safinel.fr\/#website\",\"url\":\"https:\/\/www.safinel.fr\/\",\"name\":\"Safinel\",\"description\":\"\",\"publisher\":{\"@id\":\"https:\/\/www.safinel.fr\/#organization\"},\"potentialAction\":[{\"@type\":\"SearchAction\",\"target\":{\"@type\":\"EntryPoint\",\"urlTemplate\":\"https:\/\/www.safinel.fr\/?s={search_term_string}\"},\"query-input\":{\"@type\":\"PropertyValueSpecification\",\"valueRequired\":true,\"valueName\":\"search_term_string\"}}],\"inLanguage\":\"it-IT\"},{\"@type\":\"Organization\",\"@id\":\"https:\/\/www.safinel.fr\/#organization\",\"name\":\"Safinel\",\"url\":\"https:\/\/www.safinel.fr\/\",\"logo\":{\"@type\":\"ImageObject\",\"inLanguage\":\"it-IT\",\"@id\":\"https:\/\/www.safinel.fr\/#\/schema\/logo\/image\/\",\"url\":\"https:\/\/www.safinel.fr\/wp-content\/uploads\/2021\/05\/boutique-cosmetique.png\",\"contentUrl\":\"https:\/\/www.safinel.fr\/wp-content\/uploads\/2021\/05\/boutique-cosmetique.png\",\"width\":800,\"height\":200,\"caption\":\"Safinel\"},\"image\":{\"@id\":\"https:\/\/www.safinel.fr\/#\/schema\/logo\/image\/\"}}]}<\/script>\n<!-- \/ Yoast SEO plugin. -->","yoast_head_json":{"title":"Caramella power dragon I Caramella afrodisiaca I Aumenta la libido","description":"Se avete voglia di un nuovo piacere che sicuramente risveglier\u00e0 i vostri poteri sessuali, scoprite Candy power dragon.","robots":{"index":"index","follow":"follow","max-snippet":"max-snippet:-1","max-image-preview":"max-image-preview:large","max-video-preview":"max-video-preview:-1"},"canonical":"https:\/\/www.safinel.fr\/it\/prodotto\/caramelle-power-dragon\/","og_locale":"it_IT","og_type":"article","og_title":"Candy power dragon I Bonbon aphrodisiaque I Stimule la libido","og_description":"Si vous avez envie d\u2019essayer une nouvelle gourmandise qui r\u00e9veillera vos comp\u00e9tences sexuelles,\u00a0d\u00e9couvrez le bonbon\u00a0Candy power dragon.","og_url":"https:\/\/www.safinel.fr\/it\/prodotto\/caramelle-power-dragon\/","og_site_name":"Safinel","article_modified_time":"2024-11-07T15:26:50+00:00","og_image":[{"width":600,"height":600,"url":"https:\/\/www.safinel.fr\/wp-content\/uploads\/2023\/02\/candy-power-dragon.jpg","type":"image\/jpeg"}],"twitter_card":"summary_large_image","twitter_misc":{"Tempo di lettura stimato":"2 minuti"},"schema":{"@context":"https:\/\/schema.org","@graph":[{"@type":"WebPage","@id":"https:\/\/www.safinel.fr\/produit\/candy-power-dragon\/","url":"https:\/\/www.safinel.fr\/produit\/candy-power-dragon\/","name":"Caramella power dragon I Caramella afrodisiaca I Aumenta la libido","isPartOf":{"@id":"https:\/\/www.safinel.fr\/#website"},"primaryImageOfPage":{"@id":"https:\/\/www.safinel.fr\/produit\/candy-power-dragon\/#primaryimage"},"image":{"@id":"https:\/\/www.safinel.fr\/produit\/candy-power-dragon\/#primaryimage"},"thumbnailUrl":"https:\/\/www.safinel.fr\/wp-content\/uploads\/2023\/02\/candy-power-dragon.jpg","datePublished":"2023-02-13T11:18:11+00:00","dateModified":"2024-11-07T15:26:50+00:00","description":"Se avete voglia di un nuovo piacere che sicuramente risveglier\u00e0 i vostri poteri sessuali, scoprite Candy power dragon.","breadcrumb":{"@id":"https:\/\/www.safinel.fr\/produit\/candy-power-dragon\/#breadcrumb"},"inLanguage":"it-IT","potentialAction":[{"@type":"ReadAction","target":["https:\/\/www.safinel.fr\/produit\/candy-power-dragon\/"]}]},{"@type":"ImageObject","inLanguage":"it-IT","@id":"https:\/\/www.safinel.fr\/produit\/candy-power-dragon\/#primaryimage","url":"https:\/\/www.safinel.fr\/wp-content\/uploads\/2023\/02\/candy-power-dragon.jpg","contentUrl":"https:\/\/www.safinel.fr\/wp-content\/uploads\/2023\/02\/candy-power-dragon.jpg","width":600,"height":600,"caption":"Candy power dragon (Bonbon aphrodisiaque)"},{"@type":"BreadcrumbList","@id":"https:\/\/www.safinel.fr\/produit\/candy-power-dragon\/#breadcrumb","itemListElement":[{"@type":"ListItem","position":1,"name":"Accueil","item":"https:\/\/www.safinel.fr\/"},{"@type":"ListItem","position":2,"name":"Boutique","item":"https:\/\/www.safinel.fr\/boutique\/"},{"@type":"ListItem","position":3,"name":"Candy power dragon (Bonbon aphrodisiaque)"}]},{"@type":"WebSite","@id":"https:\/\/www.safinel.fr\/#website","url":"https:\/\/www.safinel.fr\/","name":"Safinel","description":"","publisher":{"@id":"https:\/\/www.safinel.fr\/#organization"},"potentialAction":[{"@type":"SearchAction","target":{"@type":"EntryPoint","urlTemplate":"https:\/\/www.safinel.fr\/?s={search_term_string}"},"query-input":{"@type":"PropertyValueSpecification","valueRequired":true,"valueName":"search_term_string"}}],"inLanguage":"it-IT"},{"@type":"Organization","@id":"https:\/\/www.safinel.fr\/#organization","name":"Safinel","url":"https:\/\/www.safinel.fr\/","logo":{"@type":"ImageObject","inLanguage":"it-IT","@id":"https:\/\/www.safinel.fr\/#\/schema\/logo\/image\/","url":"https:\/\/www.safinel.fr\/wp-content\/uploads\/2021\/05\/boutique-cosmetique.png","contentUrl":"https:\/\/www.safinel.fr\/wp-content\/uploads\/2021\/05\/boutique-cosmetique.png","width":800,"height":200,"caption":"Safinel"},"image":{"@id":"https:\/\/www.safinel.fr\/#\/schema\/logo\/image\/"}}]}},"_links":{"self":[{"href":"https:\/\/www.safinel.fr\/it\/wp-json\/wp\/v2\/product\/4606","targetHints":{"allow":["GET"]}}],"collection":[{"href":"https:\/\/www.safinel.fr\/it\/wp-json\/wp\/v2\/product"}],"about":[{"href":"https:\/\/www.safinel.fr\/it\/wp-json\/wp\/v2\/types\/product"}],"wp:featuredmedia":[{"embeddable":true,"href":"https:\/\/www.safinel.fr\/it\/wp-json\/wp\/v2\/media\/4603"}],"wp:attachment":[{"href":"https:\/\/www.safinel.fr\/it\/wp-json\/wp\/v2\/media?parent=4606"}],"wp:term":[{"taxonomy":"product_brand","embeddable":true,"href":"https:\/\/www.safinel.fr\/it\/wp-json\/wp\/v2\/product_brand?post=4606"},{"taxonomy":"product_cat","embeddable":true,"href":"https:\/\/www.safinel.fr\/it\/wp-json\/wp\/v2\/product_cat?post=4606"},{"taxonomy":"product_tag","embeddable":true,"href":"https:\/\/www.safinel.fr\/it\/wp-json\/wp\/v2\/product_tag?post=4606"}],"curies":[{"name":"wp","href":"https:\/\/api.w.org\/{rel}","templated":true}]}}