{"id":4588,"date":"2023-02-12T19:32:09","date_gmt":"2023-02-12T19:32:09","guid":{"rendered":"https:\/\/www.safinel.fr\/?post_type=product&#038;p=4588"},"modified":"2023-12-28T17:15:45","modified_gmt":"2023-12-28T17:15:45","slug":"serghina","status":"publish","type":"product","link":"https:\/\/www.safinel.fr\/it\/prodotto\/serghina\/","title":{"rendered":"Serghina (Corrigiola Telephiifolia)"},"content":{"rendered":"<p>La Serghina \u00e8 una variet\u00e0 di<strong>\u00a0carapato\u00a0<\/strong>Questa variet\u00e0 speciale cresce nelle regioni aride dell'Africa occidentale. \u00c8 nota per il suo gusto unico e fresco, che pu\u00f2 variare a seconda della regione in cui cresce.<\/p>\n<h2><strong>Che cos'\u00e8 Serghina?\u00a0<\/strong><\/h2>\n<p>Prima di tutto, passiamo alle presentazioni! Il\u00a0<strong>Serghina<\/strong>\u00a0(nome botanico: Corrigiola telephiifolia) \u00e8 una pianta della famiglia delle Caryophyllaceae originaria dell'Africa occidentale e settentrionale.<\/p>\n<p>Tradizionalmente, gli erboristi marocchini utilizzano le radici di questa pianta per scopi medicinali.\u00a0<strong>radici di sarghina<\/strong>\u00a0e lo vendeva come incenso.<\/p>\n<p>La pianta si trova anche in altre parti del mondo, tra cui il Sud America e l'Europa! Tuttavia, nelle diverse regioni assume nomi diversi, come Polygonifolia Fabr,<strong>\u00a0Furera Bubani<\/strong>, Corrigiola litoralis.<\/p>\n<h2><strong>La vostra boutique del benessere vuole farvi scoprire Serghina!\u00a0<\/strong><\/h2>\n<p>Serghina: una variet\u00e0 di carapace dal sapore unico<\/p>\n<p>La Serghina carapata \u00e8 di colore giallo-verde e assomiglia a una piccola mela. La sua polpa \u00e8 molto morbida e dolce e viene spesso utilizzata per preparare marmellate e gelatine.<\/p>\n<p>Le<strong>\u00a0sarghina\u00a0<\/strong>\u00e8 anche molto nutriente! \u00c8 ricco di vitamine A, B e C e contiene molte variet\u00e0 di antiossidanti benefici. Inoltre, \u00e8 ricco di minerali, tra cui ferro, potassio e magnesio, e contiene acidi grassi essenziali, che lo rendono un'ottima fonte di energia.<\/p>\n<p>L\u2019<a href=\"https:\/\/www.safinel.fr\/it\/prodotto\/olio-di-carapato\/\"><strong>olio di carapato<\/strong><\/a>\u00a0Anche la serghina \u00e8 molto popolare e altamente nutriente. \u00c8 nota per le sue propriet\u00e0 idratanti e nutrienti. \u00c8 anche molto efficace per idratare i capelli e donare loro lucentezza!<\/p>\n<h2><strong>I benefici di Serghina!\u00a0<\/strong><\/h2>\n<p>Le\u00a0<strong>Corrigiola telephiifolia<\/strong>\u00a0ha propriet\u00e0 antisettiche, antinfiammatorie e analgesiche! \u00c8 quindi una pianta utile per alleviare dolori e malesseri. Tra questi, mal di testa, mal di denti, raffreddore e mal di gola. La pianta pu\u00f2 anche aiutare ad alleviare i sintomi dell'influenza e dell'asma.<\/p>\n<p>La Serghina carapata ha molti benefici. \u00c8 ricca di vitamine e minerali e contiene molti antiossidanti benefici. \u00c8 anche ricca di acidi grassi essenziali, che la rendono un'ottima fonte di energia. Inoltre, la Serghina \u00e8 molto apprezzata per le sue propriet\u00e0 idratanti e nutrienti e pu\u00f2 essere utilizzata per trattare diversi tipi di pelle e capelli.<\/p>\n<p>\u00c8 molto efficace anche per idratare e dare lucentezza ai capelli e pu\u00f2 essere utilizzato per creare maschere per il viso e bagni di latte.<\/p>\n<p>Inoltre, il\u00a0<strong>Corrigiola telephiifolia\u00a0<\/strong>pu\u00f2 essere utilizzato anche per alleviare i sintomi di alcune malattie, tra cui il diabete, l'ipertensione, i disturbi digestivi e i problemi alla tiroide.<\/p>\n<h3><strong>Come utilizzare questa pianta<\/strong><\/h3>\n<p>La serghina pu\u00f2 essere utilizzata in varie forme:<\/p>\n<ul>\n<li>Infusioni<\/li>\n<li>Decotti<\/li>\n<li>In polvere<\/li>\n<li>Tinture madri<\/li>\n<li><strong>In capsule<\/strong><\/li>\n<li>Cataplasmi<\/li>\n<li>In impacchi<\/li>\n<li>Oli essenziali.<\/li>\n<\/ul>\n<p>Per il\u00a0<strong>trattamento del dolore<\/strong>, Le foglie e gli steli vengono generalmente preparati come infuso o decotto e assunti per via orale. Per il trattamento della pelle, le foglie e gli steli vengono generalmente utilizzati sotto forma di polvere, tintura madre o olio essenziale e applicati direttamente sulla pelle.<\/p>\n<p>Tuttavia, \u00e8 importante consultare un medico prima dell'uso!<\/p>","protected":false},"excerpt":{"rendered":"<p>Le Serghina est une vari\u00e9t\u00e9 de\u00a0carapate\u00a0sp\u00e9ciale, qui pousse dans les zones arides de l\u2019Afrique de l\u2019Ouest. Elle est connue pour son go\u00fbt unique et frais, qui peut varier en fonction de la r\u00e9gion o\u00f9 elle pousse. Qu\u2019est-ce que le Serghina ?\u00a0 Tout d\u2019abord, commen\u00e7ons les pr\u00e9sentations ! Le\u00a0Serghina\u00a0(nom botanique: Corrigiola telephiifolia) est une plante de [&#8230;]","protected":false},"featured_media":4590,"template":"","meta":[],"product_brand":[],"product_cat":[27],"product_tag":[],"class_list":{"0":"post-4588","1":"product","2":"type-product","3":"status-publish","4":"has-post-thumbnail","6":"product_cat-plantes-medicinales","8":"first","9":"instock","10":"shipping-taxable","11":"purchasable","12":"product-type-variable"},"yoast_head":"<!-- This site is optimized with the Yoast SEO plugin v26.6 - https:\/\/yoast.com\/wordpress\/plugins\/seo\/ -->\n<title>Serghina (Corrigiola Telephiifolia) I Bienfaits nombreux<\/title>\n<meta name=\"description\" content=\"Le Serghina est une vari\u00e9t\u00e9 de\u00a0carapate\u00a0sp\u00e9ciale, qui pousse dans les zones arides de l\u2019Afrique de l\u2019Ouest. D\u00e9couvrez-l\u00e0 rapidement !\" \/>\n<meta name=\"robots\" content=\"index, follow, max-snippet:-1, max-image-preview:large, max-video-preview:-1\" \/>\n<link rel=\"canonical\" href=\"https:\/\/www.safinel.fr\/it\/prodotto\/serghina\/\" \/>\n<meta property=\"og:locale\" content=\"it_IT\" \/>\n<meta property=\"og:type\" content=\"article\" \/>\n<meta property=\"og:title\" content=\"Serghina (Corrigiola Telephiifolia) I Bienfaits nombreux\" \/>\n<meta property=\"og:description\" content=\"Le Serghina est une vari\u00e9t\u00e9 de\u00a0carapate\u00a0sp\u00e9ciale, qui pousse dans les zones arides de l\u2019Afrique de l\u2019Ouest. D\u00e9couvrez-l\u00e0 rapidement !\" \/>\n<meta property=\"og:url\" content=\"https:\/\/www.safinel.fr\/it\/prodotto\/serghina\/\" \/>\n<meta property=\"og:site_name\" content=\"Safinel\" \/>\n<meta property=\"article:modified_time\" content=\"2023-12-28T17:15:45+00:00\" \/>\n<meta property=\"og:image\" content=\"https:\/\/www.safinel.fr\/wp-content\/uploads\/2023\/02\/serghina.jpg\" \/>\n\t<meta property=\"og:image:width\" content=\"600\" \/>\n\t<meta property=\"og:image:height\" content=\"600\" \/>\n\t<meta property=\"og:image:type\" content=\"image\/jpeg\" \/>\n<meta name=\"twitter:card\" content=\"summary_large_image\" \/>\n<meta name=\"twitter:label1\" content=\"Tempo di lettura stimato\" \/>\n\t<meta name=\"twitter:data1\" content=\"3 minuti\" \/>\n<script type=\"application\/ld+json\" class=\"yoast-schema-graph\">{\"@context\":\"https:\/\/schema.org\",\"@graph\":[{\"@type\":\"WebPage\",\"@id\":\"https:\/\/www.safinel.fr\/produit\/serghina\/\",\"url\":\"https:\/\/www.safinel.fr\/produit\/serghina\/\",\"name\":\"Serghina (Corrigiola Telephiifolia) I Bienfaits nombreux\",\"isPartOf\":{\"@id\":\"https:\/\/www.safinel.fr\/#website\"},\"primaryImageOfPage\":{\"@id\":\"https:\/\/www.safinel.fr\/produit\/serghina\/#primaryimage\"},\"image\":{\"@id\":\"https:\/\/www.safinel.fr\/produit\/serghina\/#primaryimage\"},\"thumbnailUrl\":\"https:\/\/www.safinel.fr\/wp-content\/uploads\/2023\/02\/serghina.jpg\",\"datePublished\":\"2023-02-12T19:32:09+00:00\",\"dateModified\":\"2023-12-28T17:15:45+00:00\",\"description\":\"Le Serghina est une vari\u00e9t\u00e9 de\u00a0carapate\u00a0sp\u00e9ciale, qui pousse dans les zones arides de l\u2019Afrique de l\u2019Ouest. D\u00e9couvrez-l\u00e0 rapidement !\",\"breadcrumb\":{\"@id\":\"https:\/\/www.safinel.fr\/produit\/serghina\/#breadcrumb\"},\"inLanguage\":\"it-IT\",\"potentialAction\":[{\"@type\":\"ReadAction\",\"target\":[\"https:\/\/www.safinel.fr\/produit\/serghina\/\"]}]},{\"@type\":\"ImageObject\",\"inLanguage\":\"it-IT\",\"@id\":\"https:\/\/www.safinel.fr\/produit\/serghina\/#primaryimage\",\"url\":\"https:\/\/www.safinel.fr\/wp-content\/uploads\/2023\/02\/serghina.jpg\",\"contentUrl\":\"https:\/\/www.safinel.fr\/wp-content\/uploads\/2023\/02\/serghina.jpg\",\"width\":600,\"height\":600,\"caption\":\"Serghina (Corrigiola Telephiifolia)\"},{\"@type\":\"BreadcrumbList\",\"@id\":\"https:\/\/www.safinel.fr\/produit\/serghina\/#breadcrumb\",\"itemListElement\":[{\"@type\":\"ListItem\",\"position\":1,\"name\":\"Accueil\",\"item\":\"https:\/\/www.safinel.fr\/\"},{\"@type\":\"ListItem\",\"position\":2,\"name\":\"Boutique\",\"item\":\"https:\/\/www.safinel.fr\/boutique\/\"},{\"@type\":\"ListItem\",\"position\":3,\"name\":\"Serghina (Corrigiola Telephiifolia)\"}]},{\"@type\":\"WebSite\",\"@id\":\"https:\/\/www.safinel.fr\/#website\",\"url\":\"https:\/\/www.safinel.fr\/\",\"name\":\"Safinel\",\"description\":\"\",\"publisher\":{\"@id\":\"https:\/\/www.safinel.fr\/#organization\"},\"potentialAction\":[{\"@type\":\"SearchAction\",\"target\":{\"@type\":\"EntryPoint\",\"urlTemplate\":\"https:\/\/www.safinel.fr\/?s={search_term_string}\"},\"query-input\":{\"@type\":\"PropertyValueSpecification\",\"valueRequired\":true,\"valueName\":\"search_term_string\"}}],\"inLanguage\":\"it-IT\"},{\"@type\":\"Organization\",\"@id\":\"https:\/\/www.safinel.fr\/#organization\",\"name\":\"Safinel\",\"url\":\"https:\/\/www.safinel.fr\/\",\"logo\":{\"@type\":\"ImageObject\",\"inLanguage\":\"it-IT\",\"@id\":\"https:\/\/www.safinel.fr\/#\/schema\/logo\/image\/\",\"url\":\"https:\/\/www.safinel.fr\/wp-content\/uploads\/2021\/05\/boutique-cosmetique.png\",\"contentUrl\":\"https:\/\/www.safinel.fr\/wp-content\/uploads\/2021\/05\/boutique-cosmetique.png\",\"width\":800,\"height\":200,\"caption\":\"Safinel\"},\"image\":{\"@id\":\"https:\/\/www.safinel.fr\/#\/schema\/logo\/image\/\"}}]}<\/script>\n<!-- \/ Yoast SEO plugin. -->","yoast_head_json":{"title":"Serghina (Corrigiola Telephiifolia) I Numerosi benefici","description":"La Serghina \u00e8 una variet\u00e0 speciale di carapace che cresce nelle regioni aride dell'Africa occidentale. Scopritela subito!","robots":{"index":"index","follow":"follow","max-snippet":"max-snippet:-1","max-image-preview":"max-image-preview:large","max-video-preview":"max-video-preview:-1"},"canonical":"https:\/\/www.safinel.fr\/it\/prodotto\/serghina\/","og_locale":"it_IT","og_type":"article","og_title":"Serghina (Corrigiola Telephiifolia) I Bienfaits nombreux","og_description":"Le Serghina est une vari\u00e9t\u00e9 de\u00a0carapate\u00a0sp\u00e9ciale, qui pousse dans les zones arides de l\u2019Afrique de l\u2019Ouest. D\u00e9couvrez-l\u00e0 rapidement !","og_url":"https:\/\/www.safinel.fr\/it\/prodotto\/serghina\/","og_site_name":"Safinel","article_modified_time":"2023-12-28T17:15:45+00:00","og_image":[{"width":600,"height":600,"url":"https:\/\/www.safinel.fr\/wp-content\/uploads\/2023\/02\/serghina.jpg","type":"image\/jpeg"}],"twitter_card":"summary_large_image","twitter_misc":{"Tempo di lettura stimato":"3 minuti"},"schema":{"@context":"https:\/\/schema.org","@graph":[{"@type":"WebPage","@id":"https:\/\/www.safinel.fr\/produit\/serghina\/","url":"https:\/\/www.safinel.fr\/produit\/serghina\/","name":"Serghina (Corrigiola Telephiifolia) I Numerosi benefici","isPartOf":{"@id":"https:\/\/www.safinel.fr\/#website"},"primaryImageOfPage":{"@id":"https:\/\/www.safinel.fr\/produit\/serghina\/#primaryimage"},"image":{"@id":"https:\/\/www.safinel.fr\/produit\/serghina\/#primaryimage"},"thumbnailUrl":"https:\/\/www.safinel.fr\/wp-content\/uploads\/2023\/02\/serghina.jpg","datePublished":"2023-02-12T19:32:09+00:00","dateModified":"2023-12-28T17:15:45+00:00","description":"La Serghina \u00e8 una variet\u00e0 speciale di carapace che cresce nelle regioni aride dell'Africa occidentale. Scopritela subito!","breadcrumb":{"@id":"https:\/\/www.safinel.fr\/produit\/serghina\/#breadcrumb"},"inLanguage":"it-IT","potentialAction":[{"@type":"ReadAction","target":["https:\/\/www.safinel.fr\/produit\/serghina\/"]}]},{"@type":"ImageObject","inLanguage":"it-IT","@id":"https:\/\/www.safinel.fr\/produit\/serghina\/#primaryimage","url":"https:\/\/www.safinel.fr\/wp-content\/uploads\/2023\/02\/serghina.jpg","contentUrl":"https:\/\/www.safinel.fr\/wp-content\/uploads\/2023\/02\/serghina.jpg","width":600,"height":600,"caption":"Serghina (Corrigiola Telephiifolia)"},{"@type":"BreadcrumbList","@id":"https:\/\/www.safinel.fr\/produit\/serghina\/#breadcrumb","itemListElement":[{"@type":"ListItem","position":1,"name":"Accueil","item":"https:\/\/www.safinel.fr\/"},{"@type":"ListItem","position":2,"name":"Boutique","item":"https:\/\/www.safinel.fr\/boutique\/"},{"@type":"ListItem","position":3,"name":"Serghina (Corrigiola Telephiifolia)"}]},{"@type":"WebSite","@id":"https:\/\/www.safinel.fr\/#website","url":"https:\/\/www.safinel.fr\/","name":"Safinel","description":"","publisher":{"@id":"https:\/\/www.safinel.fr\/#organization"},"potentialAction":[{"@type":"SearchAction","target":{"@type":"EntryPoint","urlTemplate":"https:\/\/www.safinel.fr\/?s={search_term_string}"},"query-input":{"@type":"PropertyValueSpecification","valueRequired":true,"valueName":"search_term_string"}}],"inLanguage":"it-IT"},{"@type":"Organization","@id":"https:\/\/www.safinel.fr\/#organization","name":"Safinel","url":"https:\/\/www.safinel.fr\/","logo":{"@type":"ImageObject","inLanguage":"it-IT","@id":"https:\/\/www.safinel.fr\/#\/schema\/logo\/image\/","url":"https:\/\/www.safinel.fr\/wp-content\/uploads\/2021\/05\/boutique-cosmetique.png","contentUrl":"https:\/\/www.safinel.fr\/wp-content\/uploads\/2021\/05\/boutique-cosmetique.png","width":800,"height":200,"caption":"Safinel"},"image":{"@id":"https:\/\/www.safinel.fr\/#\/schema\/logo\/image\/"}}]}},"_links":{"self":[{"href":"https:\/\/www.safinel.fr\/it\/wp-json\/wp\/v2\/product\/4588","targetHints":{"allow":["GET"]}}],"collection":[{"href":"https:\/\/www.safinel.fr\/it\/wp-json\/wp\/v2\/product"}],"about":[{"href":"https:\/\/www.safinel.fr\/it\/wp-json\/wp\/v2\/types\/product"}],"wp:featuredmedia":[{"embeddable":true,"href":"https:\/\/www.safinel.fr\/it\/wp-json\/wp\/v2\/media\/4590"}],"wp:attachment":[{"href":"https:\/\/www.safinel.fr\/it\/wp-json\/wp\/v2\/media?parent=4588"}],"wp:term":[{"taxonomy":"product_brand","embeddable":true,"href":"https:\/\/www.safinel.fr\/it\/wp-json\/wp\/v2\/product_brand?post=4588"},{"taxonomy":"product_cat","embeddable":true,"href":"https:\/\/www.safinel.fr\/it\/wp-json\/wp\/v2\/product_cat?post=4588"},{"taxonomy":"product_tag","embeddable":true,"href":"https:\/\/www.safinel.fr\/it\/wp-json\/wp\/v2\/product_tag?post=4588"}],"curies":[{"name":"wp","href":"https:\/\/api.w.org\/{rel}","templated":true}]}}