{"id":4582,"date":"2023-02-12T17:53:12","date_gmt":"2023-02-12T17:53:12","guid":{"rendered":"https:\/\/www.safinel.fr\/?post_type=product&#038;p=4582"},"modified":"2023-12-30T12:16:24","modified_gmt":"2023-12-30T12:16:24","slug":"foglie-di-ginepro","status":"publish","type":"product","link":"https:\/\/www.safinel.fr\/it\/prodotto\/foglie-di-ginepro\/","title":{"rendered":"Foglie di ginepro 100g"},"content":{"rendered":"<p><strong>Foglie di ginepro<\/strong>\u00a0non sembrano un granch\u00e9, \u00e8 vero! Ma non lasciatevi ingannare dal loro aspetto: sono le loro innumerevoli virt\u00f9 che vi conquisteranno. Approfittate di questa pianta per adottare un'alimentazione pi\u00f9 sana e godere dei benefici che la natura ha da offrire!<\/p>\n<h2><strong>Foglie di ginepro: modeste nell'aspetto ma grandiose nei benefici!<\/strong><\/h2>\n<p><strong>Foglie di ginepro<\/strong>r, o\u00a0<strong>foglie di ginepro<\/strong>, Le foglie dell'albero di ginepro. Sono leggermente morbide al tatto e di colore verde scuro. Vengono raccolte ed essiccate per essere consumate in vari modi.<\/p>\n<p>Sono comunemente utilizzati come\u00a0<strong>erbe aromatiche\u00a0<\/strong>e per varie applicazioni terapeutiche e medicinali. Sono note anche per le loro propriet\u00e0 antisettiche e antimicotiche. Le foglie sono note anche per il loro sapore potente, l'odore forte e la consistenza morbida. Vengono utilizzate principalmente per aromatizzare salse e altri piatti.<\/p>\n<h2><strong>Scegliere un infuso di foglie di ginepro\u00a0<\/strong><\/h2>\n<p>L'infuso di foglie di cade \u00e8 una bevanda sana e deliziosa, ricca di vitamine e antiossidanti. Utilizzato da migliaia di anni, questo infuso \u00e8 considerato un rimedio naturale per molte condizioni. Tra queste, stress, disturbi del sonno, congestione sinusale, problemi digestivi e dolori.<\/p>\n<p>Per preparare un<strong>\u00a0infuso di foglie di ginepro,\u00a0<\/strong>Iniziate mettendo un cucchiaino di foglie secche in una tazza di acqua calda. Lasciare in infusione per 5-10 minuti e poi filtrare il liquido. Si pu\u00f2 anche aggiungere un po' di\u00a0<a href=\"https:\/\/www.safinel.fr\/it\/prodotto\/miele-di-primavera\/\"><strong>miele di primavera<\/strong><\/a>\u00a0e limone per un gusto pi\u00f9 gradevole. Bevete l'infuso una o due volte al giorno per trarne i benefici.<\/p>\n<p>Questa pianta \u00e8 ricca di antiossidanti, che aiutano a combattere i radicali liberi e a ridurre lo stress ossidativo. \u00c8 anche nota per ridurre l'infiammazione e il gonfiore, oltre a contribuire alla prevenzione delle malattie cardiache e del cancro.<\/p>\n<p>\u00c8 apprezzato anche per le sue propriet\u00e0 antimicrobiche e antimicotiche. Il che lo rende un\u00a0<strong>medicina naturale\u00a0<\/strong>per le infezioni e le malattie del tratto respiratorio.<\/p>\n<h3><strong>Infuso di foglie di ginepro, ma non solo a Safinel\u00a0<\/strong><\/h3>\n<p><a href=\"https:\/\/www.safinel.fr\/it\/prodotto\/foglie-di-lampone\/\"><strong>Tisana al lampone<\/strong><\/a>, di\u00a0<strong><a href=\"https:\/\/www.safinel.fr\/it\/prodotto\/djeka-lascia\/\">djeka lascia<\/a>\u00a0<\/strong>o anche\u00a0<a href=\"https:\/\/www.safinel.fr\/it\/prodotto\/gambi-di-ciliegio\/\"><strong>gambi di ciliegio<\/strong><\/a>, il\u00a0<strong>bevande naturali\u00a0<\/strong>a Safinel.<\/p>\n<p>A seconda di ci\u00f2 che vi serve, potete selezionare ci\u00f2 che vi serve!<\/p>\n<h3><strong>Precauzioni\u00a0<\/strong><\/h3>\n<p>Sconsigliato alle donne in gravidanza e alle persone con problemi renali.<\/p>","protected":false},"excerpt":{"rendered":"<p>Le foglie di ginepro non sembrano granch\u00e9, \u00e8 vero! Tuttavia, non fidatevi del loro aspetto, ma piuttosto delle loro innumerevoli virt\u00f9. Approfittate di questa pianta per adottare un'alimentazione pi\u00f9 sana e godetevi i benefici che la natura vi offre! Le foglie di ginepro: un aspetto modesto ma [...]","protected":false},"featured_media":4583,"template":"","meta":[],"product_brand":[],"product_cat":[27],"product_tag":[],"class_list":{"0":"post-4582","1":"product","2":"type-product","3":"status-publish","4":"has-post-thumbnail","6":"product_cat-plantes-medicinales","8":"first","9":"instock","10":"shipping-taxable","11":"purchasable","12":"product-type-simple"},"yoast_head":"<!-- This site is optimized with the Yoast SEO plugin v26.6 - https:\/\/yoast.com\/wordpress\/plugins\/seo\/ -->\n<title>Feuilles de gen\u00e9vrier I 100% naturelle I Bienfaits nombreux<\/title>\n<meta name=\"description\" content=\"Les feuilles de gen\u00e9vrier, ou\u00a0feuilles de cade, sont les feuilles de l\u2019arbre de gen\u00e9vrier. Elles sont l\u00e9g\u00e8rement douces au toucher et d&#039;un vert fonc\u00e9.\" \/>\n<meta name=\"robots\" content=\"index, follow, max-snippet:-1, max-image-preview:large, max-video-preview:-1\" \/>\n<link rel=\"canonical\" href=\"https:\/\/www.safinel.fr\/it\/prodotto\/foglie-di-ginepro\/\" \/>\n<meta property=\"og:locale\" content=\"it_IT\" \/>\n<meta property=\"og:type\" content=\"article\" \/>\n<meta property=\"og:title\" content=\"Feuilles de gen\u00e9vrier I 100% naturelle I Bienfaits nombreux\" \/>\n<meta property=\"og:description\" content=\"Les feuilles de gen\u00e9vrier, ou\u00a0feuilles de cade, sont les feuilles de l\u2019arbre de gen\u00e9vrier. Elles sont l\u00e9g\u00e8rement douces au toucher et d&#039;un vert fonc\u00e9.\" \/>\n<meta property=\"og:url\" content=\"https:\/\/www.safinel.fr\/it\/prodotto\/foglie-di-ginepro\/\" \/>\n<meta property=\"og:site_name\" content=\"Safinel\" \/>\n<meta property=\"article:modified_time\" content=\"2023-12-30T12:16:24+00:00\" \/>\n<meta property=\"og:image\" content=\"https:\/\/www.safinel.fr\/wp-content\/uploads\/2023\/02\/feuilles-de-genevrier.jpg\" \/>\n\t<meta property=\"og:image:width\" content=\"600\" \/>\n\t<meta property=\"og:image:height\" content=\"600\" \/>\n\t<meta property=\"og:image:type\" content=\"image\/jpeg\" \/>\n<meta name=\"twitter:card\" content=\"summary_large_image\" \/>\n<meta name=\"twitter:label1\" content=\"Tempo di lettura stimato\" \/>\n\t<meta name=\"twitter:data1\" content=\"2 minuti\" \/>\n<script type=\"application\/ld+json\" class=\"yoast-schema-graph\">{\"@context\":\"https:\/\/schema.org\",\"@graph\":[{\"@type\":\"WebPage\",\"@id\":\"https:\/\/www.safinel.fr\/produit\/feuilles-de-genevrier\/\",\"url\":\"https:\/\/www.safinel.fr\/produit\/feuilles-de-genevrier\/\",\"name\":\"Feuilles de gen\u00e9vrier I 100% naturelle I Bienfaits nombreux\",\"isPartOf\":{\"@id\":\"https:\/\/www.safinel.fr\/#website\"},\"primaryImageOfPage\":{\"@id\":\"https:\/\/www.safinel.fr\/produit\/feuilles-de-genevrier\/#primaryimage\"},\"image\":{\"@id\":\"https:\/\/www.safinel.fr\/produit\/feuilles-de-genevrier\/#primaryimage\"},\"thumbnailUrl\":\"https:\/\/www.safinel.fr\/wp-content\/uploads\/2023\/02\/feuilles-de-genevrier.jpg\",\"datePublished\":\"2023-02-12T17:53:12+00:00\",\"dateModified\":\"2023-12-30T12:16:24+00:00\",\"description\":\"Les feuilles de gen\u00e9vrier, ou\u00a0feuilles de cade, sont les feuilles de l\u2019arbre de gen\u00e9vrier. Elles sont l\u00e9g\u00e8rement douces au toucher et d'un vert fonc\u00e9.\",\"breadcrumb\":{\"@id\":\"https:\/\/www.safinel.fr\/produit\/feuilles-de-genevrier\/#breadcrumb\"},\"inLanguage\":\"it-IT\",\"potentialAction\":[{\"@type\":\"ReadAction\",\"target\":[\"https:\/\/www.safinel.fr\/produit\/feuilles-de-genevrier\/\"]}]},{\"@type\":\"ImageObject\",\"inLanguage\":\"it-IT\",\"@id\":\"https:\/\/www.safinel.fr\/produit\/feuilles-de-genevrier\/#primaryimage\",\"url\":\"https:\/\/www.safinel.fr\/wp-content\/uploads\/2023\/02\/feuilles-de-genevrier.jpg\",\"contentUrl\":\"https:\/\/www.safinel.fr\/wp-content\/uploads\/2023\/02\/feuilles-de-genevrier.jpg\",\"width\":600,\"height\":600,\"caption\":\"Feuilles de gen\u00e9vrier 100g\"},{\"@type\":\"BreadcrumbList\",\"@id\":\"https:\/\/www.safinel.fr\/produit\/feuilles-de-genevrier\/#breadcrumb\",\"itemListElement\":[{\"@type\":\"ListItem\",\"position\":1,\"name\":\"Accueil\",\"item\":\"https:\/\/www.safinel.fr\/\"},{\"@type\":\"ListItem\",\"position\":2,\"name\":\"Boutique\",\"item\":\"https:\/\/www.safinel.fr\/boutique\/\"},{\"@type\":\"ListItem\",\"position\":3,\"name\":\"Feuilles de gen\u00e9vrier 100g\"}]},{\"@type\":\"WebSite\",\"@id\":\"https:\/\/www.safinel.fr\/#website\",\"url\":\"https:\/\/www.safinel.fr\/\",\"name\":\"Safinel\",\"description\":\"\",\"publisher\":{\"@id\":\"https:\/\/www.safinel.fr\/#organization\"},\"potentialAction\":[{\"@type\":\"SearchAction\",\"target\":{\"@type\":\"EntryPoint\",\"urlTemplate\":\"https:\/\/www.safinel.fr\/?s={search_term_string}\"},\"query-input\":{\"@type\":\"PropertyValueSpecification\",\"valueRequired\":true,\"valueName\":\"search_term_string\"}}],\"inLanguage\":\"it-IT\"},{\"@type\":\"Organization\",\"@id\":\"https:\/\/www.safinel.fr\/#organization\",\"name\":\"Safinel\",\"url\":\"https:\/\/www.safinel.fr\/\",\"logo\":{\"@type\":\"ImageObject\",\"inLanguage\":\"it-IT\",\"@id\":\"https:\/\/www.safinel.fr\/#\/schema\/logo\/image\/\",\"url\":\"https:\/\/www.safinel.fr\/wp-content\/uploads\/2021\/05\/boutique-cosmetique.png\",\"contentUrl\":\"https:\/\/www.safinel.fr\/wp-content\/uploads\/2021\/05\/boutique-cosmetique.png\",\"width\":800,\"height\":200,\"caption\":\"Safinel\"},\"image\":{\"@id\":\"https:\/\/www.safinel.fr\/#\/schema\/logo\/image\/\"}}]}<\/script>\n<!-- \/ Yoast SEO plugin. -->","yoast_head_json":{"title":"Foglie di ginepro I 100% naturale I Numerosi benefici","description":"Le foglie di ginepro, o foglie di cade, sono le foglie dell'albero di ginepro. Sono leggermente morbide al tatto e di colore verde scuro.","robots":{"index":"index","follow":"follow","max-snippet":"max-snippet:-1","max-image-preview":"max-image-preview:large","max-video-preview":"max-video-preview:-1"},"canonical":"https:\/\/www.safinel.fr\/it\/prodotto\/foglie-di-ginepro\/","og_locale":"it_IT","og_type":"article","og_title":"Feuilles de gen\u00e9vrier I 100% naturelle I Bienfaits nombreux","og_description":"Les feuilles de gen\u00e9vrier, ou\u00a0feuilles de cade, sont les feuilles de l\u2019arbre de gen\u00e9vrier. Elles sont l\u00e9g\u00e8rement douces au toucher et d'un vert fonc\u00e9.","og_url":"https:\/\/www.safinel.fr\/it\/prodotto\/foglie-di-ginepro\/","og_site_name":"Safinel","article_modified_time":"2023-12-30T12:16:24+00:00","og_image":[{"width":600,"height":600,"url":"https:\/\/www.safinel.fr\/wp-content\/uploads\/2023\/02\/feuilles-de-genevrier.jpg","type":"image\/jpeg"}],"twitter_card":"summary_large_image","twitter_misc":{"Tempo di lettura stimato":"2 minuti"},"schema":{"@context":"https:\/\/schema.org","@graph":[{"@type":"WebPage","@id":"https:\/\/www.safinel.fr\/produit\/feuilles-de-genevrier\/","url":"https:\/\/www.safinel.fr\/produit\/feuilles-de-genevrier\/","name":"Foglie di ginepro I 100% naturale I Numerosi benefici","isPartOf":{"@id":"https:\/\/www.safinel.fr\/#website"},"primaryImageOfPage":{"@id":"https:\/\/www.safinel.fr\/produit\/feuilles-de-genevrier\/#primaryimage"},"image":{"@id":"https:\/\/www.safinel.fr\/produit\/feuilles-de-genevrier\/#primaryimage"},"thumbnailUrl":"https:\/\/www.safinel.fr\/wp-content\/uploads\/2023\/02\/feuilles-de-genevrier.jpg","datePublished":"2023-02-12T17:53:12+00:00","dateModified":"2023-12-30T12:16:24+00:00","description":"Le foglie di ginepro, o foglie di cade, sono le foglie dell'albero di ginepro. Sono leggermente morbide al tatto e di colore verde scuro.","breadcrumb":{"@id":"https:\/\/www.safinel.fr\/produit\/feuilles-de-genevrier\/#breadcrumb"},"inLanguage":"it-IT","potentialAction":[{"@type":"ReadAction","target":["https:\/\/www.safinel.fr\/produit\/feuilles-de-genevrier\/"]}]},{"@type":"ImageObject","inLanguage":"it-IT","@id":"https:\/\/www.safinel.fr\/produit\/feuilles-de-genevrier\/#primaryimage","url":"https:\/\/www.safinel.fr\/wp-content\/uploads\/2023\/02\/feuilles-de-genevrier.jpg","contentUrl":"https:\/\/www.safinel.fr\/wp-content\/uploads\/2023\/02\/feuilles-de-genevrier.jpg","width":600,"height":600,"caption":"Feuilles de gen\u00e9vrier 100g"},{"@type":"BreadcrumbList","@id":"https:\/\/www.safinel.fr\/produit\/feuilles-de-genevrier\/#breadcrumb","itemListElement":[{"@type":"ListItem","position":1,"name":"Accueil","item":"https:\/\/www.safinel.fr\/"},{"@type":"ListItem","position":2,"name":"Boutique","item":"https:\/\/www.safinel.fr\/boutique\/"},{"@type":"ListItem","position":3,"name":"Feuilles de gen\u00e9vrier 100g"}]},{"@type":"WebSite","@id":"https:\/\/www.safinel.fr\/#website","url":"https:\/\/www.safinel.fr\/","name":"Safinel","description":"","publisher":{"@id":"https:\/\/www.safinel.fr\/#organization"},"potentialAction":[{"@type":"SearchAction","target":{"@type":"EntryPoint","urlTemplate":"https:\/\/www.safinel.fr\/?s={search_term_string}"},"query-input":{"@type":"PropertyValueSpecification","valueRequired":true,"valueName":"search_term_string"}}],"inLanguage":"it-IT"},{"@type":"Organization","@id":"https:\/\/www.safinel.fr\/#organization","name":"Safinel","url":"https:\/\/www.safinel.fr\/","logo":{"@type":"ImageObject","inLanguage":"it-IT","@id":"https:\/\/www.safinel.fr\/#\/schema\/logo\/image\/","url":"https:\/\/www.safinel.fr\/wp-content\/uploads\/2021\/05\/boutique-cosmetique.png","contentUrl":"https:\/\/www.safinel.fr\/wp-content\/uploads\/2021\/05\/boutique-cosmetique.png","width":800,"height":200,"caption":"Safinel"},"image":{"@id":"https:\/\/www.safinel.fr\/#\/schema\/logo\/image\/"}}]}},"_links":{"self":[{"href":"https:\/\/www.safinel.fr\/it\/wp-json\/wp\/v2\/product\/4582","targetHints":{"allow":["GET"]}}],"collection":[{"href":"https:\/\/www.safinel.fr\/it\/wp-json\/wp\/v2\/product"}],"about":[{"href":"https:\/\/www.safinel.fr\/it\/wp-json\/wp\/v2\/types\/product"}],"wp:featuredmedia":[{"embeddable":true,"href":"https:\/\/www.safinel.fr\/it\/wp-json\/wp\/v2\/media\/4583"}],"wp:attachment":[{"href":"https:\/\/www.safinel.fr\/it\/wp-json\/wp\/v2\/media?parent=4582"}],"wp:term":[{"taxonomy":"product_brand","embeddable":true,"href":"https:\/\/www.safinel.fr\/it\/wp-json\/wp\/v2\/product_brand?post=4582"},{"taxonomy":"product_cat","embeddable":true,"href":"https:\/\/www.safinel.fr\/it\/wp-json\/wp\/v2\/product_cat?post=4582"},{"taxonomy":"product_tag","embeddable":true,"href":"https:\/\/www.safinel.fr\/it\/wp-json\/wp\/v2\/product_tag?post=4582"}],"curies":[{"name":"wp","href":"https:\/\/api.w.org\/{rel}","templated":true}]}}