{"id":4579,"date":"2023-02-12T12:04:51","date_gmt":"2023-02-12T12:04:51","guid":{"rendered":"https:\/\/www.safinel.fr\/?post_type=product&#038;p=4579"},"modified":"2023-12-28T17:15:44","modified_gmt":"2023-12-28T17:15:44","slug":"olio-di-gelsomino","status":"publish","type":"product","link":"https:\/\/www.safinel.fr\/it\/prodotto\/olio-di-gelsomino\/","title":{"rendered":"Olio di gelsomino 30ml"},"content":{"rendered":"<p><strong>Olio di gelsomino\u00a0<\/strong>\u00e8 un olio essenziale con numerosi benefici per la salute e la bellezza. Sia per la pelle che per i capelli, questo olio vegetale \u00e8 un vero e proprio alleato quotidiano.<\/p>\n<p>Zoomate su questo bel fiore bianco, che ha molto di pi\u00f9 della sua semplice bellezza!<\/p>\n<h2><strong>Olio di gelsomino: presentazione\u00a0<\/strong><\/h2>\n<p>Questo<strong>\u00a0olio biologico\u00a0<\/strong>\u00e8 100% naturale. Con il suo nome arabo \u00abZeytoun al y\u00e2sm\u00een\u00bb, questo flacone da 30 ml diventer\u00e0 sicuramente parte della vostra vita quotidiana!<\/p>\n<p>L'olio di gelsomino contiene composti che agiscono come antiossidanti. Di conseguenza, ha propriet\u00e0 antinfiammatorie, antisettiche e antimicotiche che possono aiutare in diversi ambiti. Tra questi, acne, eczema e depressione.<\/p>\n<p>Inoltre, questo\u00a0<strong>olio vegetale di gelsomino<\/strong>\u00a0\u00e8 noto anche per le sue propriet\u00e0 lenitive per il corpo e la mente e pu\u00f2 essere applicato per via topica o inalato. Viene spesso aggiunto a cosmetici, profumi e oli da massaggio.<\/p>\n<h3><strong>La scelta giusta per la vostra pelle!\u00a0<\/strong><\/h3>\n<p>\u00c8 un'opzione eccellente per migliorare l'aspetto e la salute della pelle. Quest'olio ha propriet\u00e0 idratanti e antiossidanti uniche e altamente benefiche.<\/p>\n<p>Punti chiave:<\/p>\n<ul>\n<li>\u00c8 noto che aiuta a ridurre l'infiammazione e il rossore, a vantaggio della pelle sensibile o irritata.<\/li>\n<li>Pu\u00f2 anche aiutare a trattare l'acne e a ridurre l'aspetto di cicatrici e rughe.<\/li>\n<li>Infine, questo olio ha propriet\u00e0 antibatteriche che possono aiutare a prevenire e trattare infezioni e brufoli.<\/li>\n<li>Questo olio essenziale \u00e8 perfetto per le pelli secche, in quanto altamente idratante e nutriente.<\/li>\n<li>\u00c8 inoltre ricco di vitamine A, E ed F, che lo rendono molto efficace nell'idratare e riparare la pelle.<\/li>\n<\/ul>\n<h3><strong>L'olio di gelsomino fa bene anche ai capelli...\u00a0<\/strong><\/h3>\n<p>L'olio di gelsomino \u00e8 un ingrediente molto apprezzato per le sue propriet\u00e0 nutrienti e rivitalizzanti, soprattutto per i capelli. Aiuta a nutrire e proteggere la fibra capillare e il cuoio capelluto, donando ai capelli una lucentezza sana e una salute ottimale.<\/p>\n<p>Inoltre, questo\u00a0<strong>ingrediente naturale<\/strong>\u00a0aiuta a prevenire e ridurre le doppie punte e i capelli fragili. Pu\u00f2 anche aiutare a combattere la caduta dei capelli e a ritardare la formazione della forfora.<\/p>\n<p>Da scoprire anche per i capelli:\u00a0<strong><a href=\"https:\/\/www.safinel.fr\/it\/prodotto\/olio-di-damla\/\">olio di amla<\/a>.\u00a0<\/strong><\/p>\n<h3><strong>Come si usa l'olio di gelsomino?\u00a0<\/strong><\/h3>\n<p>Per sfruttare i benefici dell'olio di gelsomino per la pelle, applicatene una piccola quantit\u00e0 sulla pelle pulita e asciutta una o due volte al giorno. Potete anche aggiungere qualche goccia di olio alla vostra crema idratante per potenziarne gli effetti idratanti e nutrienti.<\/p>\n<p>Per ottenere risultati ottimali, massaggiare il prodotto sui capelli.\u00a0<strong>macerato oleoso\u00a0<\/strong>direttamente sul cuoio capelluto e sui capelli. Lasciare poi riposare per un'ora per far assorbire le propriet\u00e0 nutritive.<\/p>","protected":false},"excerpt":{"rendered":"<p>L'olio di gelsomino \u00e8 un olio essenziale che offre numerosi benefici per la salute e la bellezza. Che si tratti della pelle o dei capelli, questo olio vegetale \u00e8 un vero alleato nella vita quotidiana. Focus su questo grazioso fiore bianco che non ha solo la bellezza come punto di forza! L'olio di gelsomino: [\u2026]","protected":false},"featured_media":4580,"template":"","meta":[],"product_brand":[],"product_cat":[122],"product_tag":[],"class_list":{"0":"post-4579","1":"product","2":"type-product","3":"status-publish","4":"has-post-thumbnail","6":"product_cat-huile-vegetale","8":"first","9":"outofstock","10":"shipping-taxable","11":"purchasable","12":"product-type-simple"},"yoast_head":"<!-- This site is optimized with the Yoast SEO plugin v26.6 - https:\/\/yoast.com\/wordpress\/plugins\/seo\/ -->\n<title>Huile de jasmin I 100% naturelle I Bienfaits nombreux<\/title>\n<meta name=\"description\" content=\"L&#039;huile de jasmin\u00a0est une huile essentielle qui a plusieurs bienfaits pour la sant\u00e9 et la beaut\u00e9. Adoptez-l\u00e0 sans plus attendre notre e-boutique !\" \/>\n<meta name=\"robots\" content=\"index, follow, max-snippet:-1, max-image-preview:large, max-video-preview:-1\" \/>\n<link rel=\"canonical\" href=\"https:\/\/www.safinel.fr\/it\/prodotto\/olio-di-gelsomino\/\" \/>\n<meta property=\"og:locale\" content=\"it_IT\" \/>\n<meta property=\"og:type\" content=\"article\" \/>\n<meta property=\"og:title\" content=\"Huile de jasmin I 100% naturelle I Bienfaits nombreux\" \/>\n<meta property=\"og:description\" content=\"L&#039;huile de jasmin\u00a0est une huile essentielle qui a plusieurs bienfaits pour la sant\u00e9 et la beaut\u00e9. Adoptez-l\u00e0 sans plus attendre notre e-boutique !\" \/>\n<meta property=\"og:url\" content=\"https:\/\/www.safinel.fr\/it\/prodotto\/olio-di-gelsomino\/\" \/>\n<meta property=\"og:site_name\" content=\"Safinel\" \/>\n<meta property=\"article:modified_time\" content=\"2023-12-28T17:15:44+00:00\" \/>\n<meta property=\"og:image\" content=\"https:\/\/www.safinel.fr\/wp-content\/uploads\/2023\/02\/huile-de-jasmin.jpg\" \/>\n\t<meta property=\"og:image:width\" content=\"600\" \/>\n\t<meta property=\"og:image:height\" content=\"600\" \/>\n\t<meta property=\"og:image:type\" content=\"image\/jpeg\" \/>\n<meta name=\"twitter:card\" content=\"summary_large_image\" \/>\n<meta name=\"twitter:label1\" content=\"Tempo di lettura stimato\" \/>\n\t<meta name=\"twitter:data1\" content=\"3 minuti\" \/>\n<script type=\"application\/ld+json\" class=\"yoast-schema-graph\">{\"@context\":\"https:\/\/schema.org\",\"@graph\":[{\"@type\":\"WebPage\",\"@id\":\"https:\/\/www.safinel.fr\/produit\/huile-de-jasmin\/\",\"url\":\"https:\/\/www.safinel.fr\/produit\/huile-de-jasmin\/\",\"name\":\"Huile de jasmin I 100% naturelle I Bienfaits nombreux\",\"isPartOf\":{\"@id\":\"https:\/\/www.safinel.fr\/#website\"},\"primaryImageOfPage\":{\"@id\":\"https:\/\/www.safinel.fr\/produit\/huile-de-jasmin\/#primaryimage\"},\"image\":{\"@id\":\"https:\/\/www.safinel.fr\/produit\/huile-de-jasmin\/#primaryimage\"},\"thumbnailUrl\":\"https:\/\/www.safinel.fr\/wp-content\/uploads\/2023\/02\/huile-de-jasmin.jpg\",\"datePublished\":\"2023-02-12T12:04:51+00:00\",\"dateModified\":\"2023-12-28T17:15:44+00:00\",\"description\":\"L'huile de jasmin\u00a0est une huile essentielle qui a plusieurs bienfaits pour la sant\u00e9 et la beaut\u00e9. Adoptez-l\u00e0 sans plus attendre notre e-boutique !\",\"breadcrumb\":{\"@id\":\"https:\/\/www.safinel.fr\/produit\/huile-de-jasmin\/#breadcrumb\"},\"inLanguage\":\"it-IT\",\"potentialAction\":[{\"@type\":\"ReadAction\",\"target\":[\"https:\/\/www.safinel.fr\/produit\/huile-de-jasmin\/\"]}]},{\"@type\":\"ImageObject\",\"inLanguage\":\"it-IT\",\"@id\":\"https:\/\/www.safinel.fr\/produit\/huile-de-jasmin\/#primaryimage\",\"url\":\"https:\/\/www.safinel.fr\/wp-content\/uploads\/2023\/02\/huile-de-jasmin.jpg\",\"contentUrl\":\"https:\/\/www.safinel.fr\/wp-content\/uploads\/2023\/02\/huile-de-jasmin.jpg\",\"width\":600,\"height\":600,\"caption\":\"Huile de jasmin 30ml\"},{\"@type\":\"BreadcrumbList\",\"@id\":\"https:\/\/www.safinel.fr\/produit\/huile-de-jasmin\/#breadcrumb\",\"itemListElement\":[{\"@type\":\"ListItem\",\"position\":1,\"name\":\"Accueil\",\"item\":\"https:\/\/www.safinel.fr\/\"},{\"@type\":\"ListItem\",\"position\":2,\"name\":\"Boutique\",\"item\":\"https:\/\/www.safinel.fr\/boutique\/\"},{\"@type\":\"ListItem\",\"position\":3,\"name\":\"Huile de jasmin 30ml\"}]},{\"@type\":\"WebSite\",\"@id\":\"https:\/\/www.safinel.fr\/#website\",\"url\":\"https:\/\/www.safinel.fr\/\",\"name\":\"Safinel\",\"description\":\"\",\"publisher\":{\"@id\":\"https:\/\/www.safinel.fr\/#organization\"},\"potentialAction\":[{\"@type\":\"SearchAction\",\"target\":{\"@type\":\"EntryPoint\",\"urlTemplate\":\"https:\/\/www.safinel.fr\/?s={search_term_string}\"},\"query-input\":{\"@type\":\"PropertyValueSpecification\",\"valueRequired\":true,\"valueName\":\"search_term_string\"}}],\"inLanguage\":\"it-IT\"},{\"@type\":\"Organization\",\"@id\":\"https:\/\/www.safinel.fr\/#organization\",\"name\":\"Safinel\",\"url\":\"https:\/\/www.safinel.fr\/\",\"logo\":{\"@type\":\"ImageObject\",\"inLanguage\":\"it-IT\",\"@id\":\"https:\/\/www.safinel.fr\/#\/schema\/logo\/image\/\",\"url\":\"https:\/\/www.safinel.fr\/wp-content\/uploads\/2021\/05\/boutique-cosmetique.png\",\"contentUrl\":\"https:\/\/www.safinel.fr\/wp-content\/uploads\/2021\/05\/boutique-cosmetique.png\",\"width\":800,\"height\":200,\"caption\":\"Safinel\"},\"image\":{\"@id\":\"https:\/\/www.safinel.fr\/#\/schema\/logo\/image\/\"}}]}<\/script>\n<!-- \/ Yoast SEO plugin. -->","yoast_head_json":{"title":"Olio di gelsomino I 100% naturale I Numerosi benefici","description":"L'olio di gelsomino \u00e8 un olio essenziale con molti benefici per la salute e la bellezza. Non aspettate oltre per provarlo nel nostro e-shop!","robots":{"index":"index","follow":"follow","max-snippet":"max-snippet:-1","max-image-preview":"max-image-preview:large","max-video-preview":"max-video-preview:-1"},"canonical":"https:\/\/www.safinel.fr\/it\/prodotto\/olio-di-gelsomino\/","og_locale":"it_IT","og_type":"article","og_title":"Huile de jasmin I 100% naturelle I Bienfaits nombreux","og_description":"L'huile de jasmin\u00a0est une huile essentielle qui a plusieurs bienfaits pour la sant\u00e9 et la beaut\u00e9. Adoptez-l\u00e0 sans plus attendre notre e-boutique !","og_url":"https:\/\/www.safinel.fr\/it\/prodotto\/olio-di-gelsomino\/","og_site_name":"Safinel","article_modified_time":"2023-12-28T17:15:44+00:00","og_image":[{"width":600,"height":600,"url":"https:\/\/www.safinel.fr\/wp-content\/uploads\/2023\/02\/huile-de-jasmin.jpg","type":"image\/jpeg"}],"twitter_card":"summary_large_image","twitter_misc":{"Tempo di lettura stimato":"3 minuti"},"schema":{"@context":"https:\/\/schema.org","@graph":[{"@type":"WebPage","@id":"https:\/\/www.safinel.fr\/produit\/huile-de-jasmin\/","url":"https:\/\/www.safinel.fr\/produit\/huile-de-jasmin\/","name":"Olio di gelsomino I 100% naturale I Numerosi benefici","isPartOf":{"@id":"https:\/\/www.safinel.fr\/#website"},"primaryImageOfPage":{"@id":"https:\/\/www.safinel.fr\/produit\/huile-de-jasmin\/#primaryimage"},"image":{"@id":"https:\/\/www.safinel.fr\/produit\/huile-de-jasmin\/#primaryimage"},"thumbnailUrl":"https:\/\/www.safinel.fr\/wp-content\/uploads\/2023\/02\/huile-de-jasmin.jpg","datePublished":"2023-02-12T12:04:51+00:00","dateModified":"2023-12-28T17:15:44+00:00","description":"L'olio di gelsomino \u00e8 un olio essenziale con molti benefici per la salute e la bellezza. Non aspettate oltre per provarlo nel nostro e-shop!","breadcrumb":{"@id":"https:\/\/www.safinel.fr\/produit\/huile-de-jasmin\/#breadcrumb"},"inLanguage":"it-IT","potentialAction":[{"@type":"ReadAction","target":["https:\/\/www.safinel.fr\/produit\/huile-de-jasmin\/"]}]},{"@type":"ImageObject","inLanguage":"it-IT","@id":"https:\/\/www.safinel.fr\/produit\/huile-de-jasmin\/#primaryimage","url":"https:\/\/www.safinel.fr\/wp-content\/uploads\/2023\/02\/huile-de-jasmin.jpg","contentUrl":"https:\/\/www.safinel.fr\/wp-content\/uploads\/2023\/02\/huile-de-jasmin.jpg","width":600,"height":600,"caption":"Huile de jasmin 30ml"},{"@type":"BreadcrumbList","@id":"https:\/\/www.safinel.fr\/produit\/huile-de-jasmin\/#breadcrumb","itemListElement":[{"@type":"ListItem","position":1,"name":"Accueil","item":"https:\/\/www.safinel.fr\/"},{"@type":"ListItem","position":2,"name":"Boutique","item":"https:\/\/www.safinel.fr\/boutique\/"},{"@type":"ListItem","position":3,"name":"Huile de jasmin 30ml"}]},{"@type":"WebSite","@id":"https:\/\/www.safinel.fr\/#website","url":"https:\/\/www.safinel.fr\/","name":"Safinel","description":"","publisher":{"@id":"https:\/\/www.safinel.fr\/#organization"},"potentialAction":[{"@type":"SearchAction","target":{"@type":"EntryPoint","urlTemplate":"https:\/\/www.safinel.fr\/?s={search_term_string}"},"query-input":{"@type":"PropertyValueSpecification","valueRequired":true,"valueName":"search_term_string"}}],"inLanguage":"it-IT"},{"@type":"Organization","@id":"https:\/\/www.safinel.fr\/#organization","name":"Safinel","url":"https:\/\/www.safinel.fr\/","logo":{"@type":"ImageObject","inLanguage":"it-IT","@id":"https:\/\/www.safinel.fr\/#\/schema\/logo\/image\/","url":"https:\/\/www.safinel.fr\/wp-content\/uploads\/2021\/05\/boutique-cosmetique.png","contentUrl":"https:\/\/www.safinel.fr\/wp-content\/uploads\/2021\/05\/boutique-cosmetique.png","width":800,"height":200,"caption":"Safinel"},"image":{"@id":"https:\/\/www.safinel.fr\/#\/schema\/logo\/image\/"}}]}},"_links":{"self":[{"href":"https:\/\/www.safinel.fr\/it\/wp-json\/wp\/v2\/product\/4579","targetHints":{"allow":["GET"]}}],"collection":[{"href":"https:\/\/www.safinel.fr\/it\/wp-json\/wp\/v2\/product"}],"about":[{"href":"https:\/\/www.safinel.fr\/it\/wp-json\/wp\/v2\/types\/product"}],"wp:featuredmedia":[{"embeddable":true,"href":"https:\/\/www.safinel.fr\/it\/wp-json\/wp\/v2\/media\/4580"}],"wp:attachment":[{"href":"https:\/\/www.safinel.fr\/it\/wp-json\/wp\/v2\/media?parent=4579"}],"wp:term":[{"taxonomy":"product_brand","embeddable":true,"href":"https:\/\/www.safinel.fr\/it\/wp-json\/wp\/v2\/product_brand?post=4579"},{"taxonomy":"product_cat","embeddable":true,"href":"https:\/\/www.safinel.fr\/it\/wp-json\/wp\/v2\/product_cat?post=4579"},{"taxonomy":"product_tag","embeddable":true,"href":"https:\/\/www.safinel.fr\/it\/wp-json\/wp\/v2\/product_tag?post=4579"}],"curies":[{"name":"wp","href":"https:\/\/api.w.org\/{rel}","templated":true}]}}