{"id":4577,"date":"2023-02-11T18:30:13","date_gmt":"2023-02-11T18:30:13","guid":{"rendered":"https:\/\/www.safinel.fr\/?post_type=product&#038;p=4577"},"modified":"2023-12-28T17:15:44","modified_gmt":"2023-12-28T17:15:44","slug":"olio-di-broccoli","status":"publish","type":"product","link":"https:\/\/www.safinel.fr\/it\/prodotto\/olio-di-broccoli\/","title":{"rendered":"Olio di broccoli 50ml"},"content":{"rendered":"<p>Quando le verdure lasciano il piatto, fanno ancora bene alla salute. La prova \u00e8 nel\u2019<strong>olio di broccoli<\/strong>, che \u00e8 il cosmetico d'elezione per capelli sani!<\/p>\n<p>Ed \u00e8 giusto cos\u00ec, perch\u00e9 qui amiamo le verdure! Da Safinel, troverete questo<strong>\u00a0olio vegetale\u00a0<\/strong>pieno di sorprese.<\/p>\n<h2><strong>Olio di broccoli: un cavolo pieno di risorse!\u00a0<\/strong><\/h2>\n<p>L'olio di broccoli \u00e8 altamente benefico per l'organismo, poich\u00e9 contiene antiossidanti e vitamine essenziali. Pu\u00f2 essere utilizzato per cucinare quando \u00e8 commestibile. Aiuta a ridurre il colesterolo e a mantenere un sistema immunitario sano. \u00c8 ideale anche per la salute cardiovascolare e il benessere generale. \u00c8 inoltre ricco di acidi grassi omega-3 e polinsaturi, che lo rendono un'apprezzata fonte di energia. Infine, \u00e8 adatto a chi soffre di allergie, poich\u00e9 non contiene glutine n\u00e9 latticini.<\/p>\n<p>Ma anche come\u00a0<strong>prodotto cosmetico<\/strong>, \u00c8 questa funzione che ci interessa qui! Questo olio vegetale \u00e8 particolarmente utile per combattere l'invecchiamento e nutrire la pelle.<\/p>\n<p>Il nostro prodotto \u00e8\u00a0<strong>garantito biologico e spremuto a freddo<\/strong>, Una garanzia di alta qualit\u00e0. Il tutto a un prezzo contenuto e in un contenitore super pratico per l'uso quotidiano!<\/p>\n<h2><strong>Olio di broccoli, l'alleato dei capelli\u00a0<\/strong><\/h2>\n<p>I nostri cosmetici per capelli sono\u00a0<strong>prodotto per la cura dei capelli<\/strong>\u00a0molto popolare perch\u00e9 offre un eccellente rapporto qualit\u00e0-prezzo, un'ampia gamma di benefici per la salute dei capelli e una piacevole esperienza di cura della pelle.<\/p>\n<p>Questo ricco olio contiene vitamine A, B6, C ed E, oltre a zinco, magnesio e ferro: tutti nutrienti essenziali per capelli forti e sani. Inoltre, i nutrienti dell'olio di broccoli aiutano a riparare i capelli, a nutrirli e a stimolarne la crescita. Il risultato sono capelli pi\u00f9 forti e lucenti.<\/p>\n<p>L'olio di broccoli \u00e8 anche ricco di\u00a0<strong>antiossidanti<\/strong>, Questo aiuta a proteggere i capelli dai danni causati dai raggi UV e dallo stress ossidativo. Inoltre, questo\u00a0<strong>cosmetici per capelli\u00a0<\/strong>\u00e8 ricco di oli essenziali che gli conferiscono un profumo gradevole e molto fresco.<\/p>\n<p>Potete applicare l'olio di broccoli direttamente sui capelli e sul cuoio capelluto per godere dei suoi numerosi benefici.<\/p>\n<h3><strong>Come utilizzare questo prodotto per la cura dei capelli<\/strong><\/h3>\n<p>Ci sono molti modi per usare l'olio di broccoli sui capelli.<\/p>\n<ol>\n<li>Prima di tutto, \u00e8 necessario riscaldare l'olio a una temperatura moderata.<\/li>\n<li>Una volta riscaldato, applicarlo sul cuoio capelluto e massaggiare delicatamente.<\/li>\n<li>Lasciare riposare l'olio per circa un'ora. Potete anche coprire i capelli con un asciugamano caldo per migliorare l'assorbimento e ottenere risultati migliori.<\/li>\n<li>Una volta assorbito l'olio, \u00e8 necessario sciacquare i capelli con acqua tiepida per rimuovere il prodotto in eccesso e ottenere risultati ottimali.<\/li>\n<\/ol>\n<p>Pu\u00f2 anche essere miscelato con altri oli, come ad esempio\u00a0<a href=\"https:\/\/www.safinel.fr\/it\/prodotto\/olio-di-carapato\/\"><strong>carapato<\/strong><\/a>. O per de\u00a0<a href=\"https:\/\/www.safinel.fr\/it\/prodotto\/olio-di-damla\/\"><strong>olio di amla<\/strong><\/a>, Un alleato per i capelli scuri.<\/p>","protected":false},"excerpt":{"rendered":"<p>Quando le verdure escono dal vostro piatto, continuano comunque a essere benefiche per la vostra salute. Ne \u00e8 la prova l'olio di broccoli, un cosmetico eccellente per la salute dei capelli! E questo \u00e8 un bene, perch\u00e9 qui adoriamo le verdure! Da Safinel trovate questo olio vegetale pieno di sorprese. L'olio di [\u2026]","protected":false},"featured_media":4578,"template":"","meta":[],"product_brand":[],"product_cat":[122],"product_tag":[],"class_list":{"0":"post-4577","1":"product","2":"type-product","3":"status-publish","4":"has-post-thumbnail","6":"product_cat-huile-vegetale","8":"first","9":"instock","10":"shipping-taxable","11":"purchasable","12":"product-type-simple"},"yoast_head":"<!-- This site is optimized with the Yoast SEO plugin v26.6 - https:\/\/yoast.com\/wordpress\/plugins\/seo\/ -->\n<title>Huile de brocoli I Bienfaits nombreux pour les cheveux<\/title>\n<meta name=\"description\" content=\"Quand les l\u00e9gumes sortent de votre assiette, ils restent quand m\u00eame b\u00e9n\u00e9fique pour votre sant\u00e9. Preuve en est avec l\u2019huile de brocoli !\" \/>\n<meta name=\"robots\" content=\"index, follow, max-snippet:-1, max-image-preview:large, max-video-preview:-1\" \/>\n<link rel=\"canonical\" href=\"https:\/\/www.safinel.fr\/it\/prodotto\/olio-di-broccoli\/\" \/>\n<meta property=\"og:locale\" content=\"it_IT\" \/>\n<meta property=\"og:type\" content=\"article\" \/>\n<meta property=\"og:title\" content=\"Huile de brocoli I Bienfaits nombreux pour les cheveux\" \/>\n<meta property=\"og:description\" content=\"Quand les l\u00e9gumes sortent de votre assiette, ils restent quand m\u00eame b\u00e9n\u00e9fique pour votre sant\u00e9. Preuve en est avec l\u2019huile de brocoli !\" \/>\n<meta property=\"og:url\" content=\"https:\/\/www.safinel.fr\/it\/prodotto\/olio-di-broccoli\/\" \/>\n<meta property=\"og:site_name\" content=\"Safinel\" \/>\n<meta property=\"article:modified_time\" content=\"2023-12-28T17:15:44+00:00\" \/>\n<meta property=\"og:image\" content=\"https:\/\/www.safinel.fr\/wp-content\/uploads\/2023\/02\/huile-de-brocoli.jpg.webp\" \/>\n\t<meta property=\"og:image:width\" content=\"600\" \/>\n\t<meta property=\"og:image:height\" content=\"600\" \/>\n\t<meta property=\"og:image:type\" content=\"image\/webp\" \/>\n<meta name=\"twitter:card\" content=\"summary_large_image\" \/>\n<meta name=\"twitter:label1\" content=\"Tempo di lettura stimato\" \/>\n\t<meta name=\"twitter:data1\" content=\"3 minuti\" \/>\n<script type=\"application\/ld+json\" class=\"yoast-schema-graph\">{\"@context\":\"https:\/\/schema.org\",\"@graph\":[{\"@type\":\"WebPage\",\"@id\":\"https:\/\/www.safinel.fr\/produit\/huile-de-brocoli\/\",\"url\":\"https:\/\/www.safinel.fr\/produit\/huile-de-brocoli\/\",\"name\":\"Huile de brocoli I Bienfaits nombreux pour les cheveux\",\"isPartOf\":{\"@id\":\"https:\/\/www.safinel.fr\/#website\"},\"primaryImageOfPage\":{\"@id\":\"https:\/\/www.safinel.fr\/produit\/huile-de-brocoli\/#primaryimage\"},\"image\":{\"@id\":\"https:\/\/www.safinel.fr\/produit\/huile-de-brocoli\/#primaryimage\"},\"thumbnailUrl\":\"https:\/\/www.safinel.fr\/wp-content\/uploads\/2023\/02\/huile-de-brocoli.jpg.webp\",\"datePublished\":\"2023-02-11T18:30:13+00:00\",\"dateModified\":\"2023-12-28T17:15:44+00:00\",\"description\":\"Quand les l\u00e9gumes sortent de votre assiette, ils restent quand m\u00eame b\u00e9n\u00e9fique pour votre sant\u00e9. Preuve en est avec l\u2019huile de brocoli !\",\"breadcrumb\":{\"@id\":\"https:\/\/www.safinel.fr\/produit\/huile-de-brocoli\/#breadcrumb\"},\"inLanguage\":\"it-IT\",\"potentialAction\":[{\"@type\":\"ReadAction\",\"target\":[\"https:\/\/www.safinel.fr\/produit\/huile-de-brocoli\/\"]}]},{\"@type\":\"ImageObject\",\"inLanguage\":\"it-IT\",\"@id\":\"https:\/\/www.safinel.fr\/produit\/huile-de-brocoli\/#primaryimage\",\"url\":\"https:\/\/www.safinel.fr\/wp-content\/uploads\/2023\/02\/huile-de-brocoli.jpg.webp\",\"contentUrl\":\"https:\/\/www.safinel.fr\/wp-content\/uploads\/2023\/02\/huile-de-brocoli.jpg.webp\",\"width\":600,\"height\":600,\"caption\":\"Huile de brocoli 50ml\"},{\"@type\":\"BreadcrumbList\",\"@id\":\"https:\/\/www.safinel.fr\/produit\/huile-de-brocoli\/#breadcrumb\",\"itemListElement\":[{\"@type\":\"ListItem\",\"position\":1,\"name\":\"Accueil\",\"item\":\"https:\/\/www.safinel.fr\/\"},{\"@type\":\"ListItem\",\"position\":2,\"name\":\"Boutique\",\"item\":\"https:\/\/www.safinel.fr\/boutique\/\"},{\"@type\":\"ListItem\",\"position\":3,\"name\":\"Huile de brocoli 50ml\"}]},{\"@type\":\"WebSite\",\"@id\":\"https:\/\/www.safinel.fr\/#website\",\"url\":\"https:\/\/www.safinel.fr\/\",\"name\":\"Safinel\",\"description\":\"\",\"publisher\":{\"@id\":\"https:\/\/www.safinel.fr\/#organization\"},\"potentialAction\":[{\"@type\":\"SearchAction\",\"target\":{\"@type\":\"EntryPoint\",\"urlTemplate\":\"https:\/\/www.safinel.fr\/?s={search_term_string}\"},\"query-input\":{\"@type\":\"PropertyValueSpecification\",\"valueRequired\":true,\"valueName\":\"search_term_string\"}}],\"inLanguage\":\"it-IT\"},{\"@type\":\"Organization\",\"@id\":\"https:\/\/www.safinel.fr\/#organization\",\"name\":\"Safinel\",\"url\":\"https:\/\/www.safinel.fr\/\",\"logo\":{\"@type\":\"ImageObject\",\"inLanguage\":\"it-IT\",\"@id\":\"https:\/\/www.safinel.fr\/#\/schema\/logo\/image\/\",\"url\":\"https:\/\/www.safinel.fr\/wp-content\/uploads\/2021\/05\/boutique-cosmetique.png\",\"contentUrl\":\"https:\/\/www.safinel.fr\/wp-content\/uploads\/2021\/05\/boutique-cosmetique.png\",\"width\":800,\"height\":200,\"caption\":\"Safinel\"},\"image\":{\"@id\":\"https:\/\/www.safinel.fr\/#\/schema\/logo\/image\/\"}}]}<\/script>\n<!-- \/ Yoast SEO plugin. -->","yoast_head_json":{"title":"Olio di broccoli I Numerosi benefici per i capelli","description":"Quando le verdure lasciano il piatto, fanno ancora bene alla salute. L'olio di broccoli ne \u00e8 la prova!","robots":{"index":"index","follow":"follow","max-snippet":"max-snippet:-1","max-image-preview":"max-image-preview:large","max-video-preview":"max-video-preview:-1"},"canonical":"https:\/\/www.safinel.fr\/it\/prodotto\/olio-di-broccoli\/","og_locale":"it_IT","og_type":"article","og_title":"Huile de brocoli I Bienfaits nombreux pour les cheveux","og_description":"Quand les l\u00e9gumes sortent de votre assiette, ils restent quand m\u00eame b\u00e9n\u00e9fique pour votre sant\u00e9. Preuve en est avec l\u2019huile de brocoli !","og_url":"https:\/\/www.safinel.fr\/it\/prodotto\/olio-di-broccoli\/","og_site_name":"Safinel","article_modified_time":"2023-12-28T17:15:44+00:00","og_image":[{"width":600,"height":600,"url":"https:\/\/www.safinel.fr\/wp-content\/uploads\/2023\/02\/huile-de-brocoli.jpg.webp","type":"image\/webp"}],"twitter_card":"summary_large_image","twitter_misc":{"Tempo di lettura stimato":"3 minuti"},"schema":{"@context":"https:\/\/schema.org","@graph":[{"@type":"WebPage","@id":"https:\/\/www.safinel.fr\/produit\/huile-de-brocoli\/","url":"https:\/\/www.safinel.fr\/produit\/huile-de-brocoli\/","name":"Olio di broccoli I Numerosi benefici per i capelli","isPartOf":{"@id":"https:\/\/www.safinel.fr\/#website"},"primaryImageOfPage":{"@id":"https:\/\/www.safinel.fr\/produit\/huile-de-brocoli\/#primaryimage"},"image":{"@id":"https:\/\/www.safinel.fr\/produit\/huile-de-brocoli\/#primaryimage"},"thumbnailUrl":"https:\/\/www.safinel.fr\/wp-content\/uploads\/2023\/02\/huile-de-brocoli.jpg.webp","datePublished":"2023-02-11T18:30:13+00:00","dateModified":"2023-12-28T17:15:44+00:00","description":"Quando le verdure lasciano il piatto, fanno ancora bene alla salute. L'olio di broccoli ne \u00e8 la prova!","breadcrumb":{"@id":"https:\/\/www.safinel.fr\/produit\/huile-de-brocoli\/#breadcrumb"},"inLanguage":"it-IT","potentialAction":[{"@type":"ReadAction","target":["https:\/\/www.safinel.fr\/produit\/huile-de-brocoli\/"]}]},{"@type":"ImageObject","inLanguage":"it-IT","@id":"https:\/\/www.safinel.fr\/produit\/huile-de-brocoli\/#primaryimage","url":"https:\/\/www.safinel.fr\/wp-content\/uploads\/2023\/02\/huile-de-brocoli.jpg.webp","contentUrl":"https:\/\/www.safinel.fr\/wp-content\/uploads\/2023\/02\/huile-de-brocoli.jpg.webp","width":600,"height":600,"caption":"Huile de brocoli 50ml"},{"@type":"BreadcrumbList","@id":"https:\/\/www.safinel.fr\/produit\/huile-de-brocoli\/#breadcrumb","itemListElement":[{"@type":"ListItem","position":1,"name":"Accueil","item":"https:\/\/www.safinel.fr\/"},{"@type":"ListItem","position":2,"name":"Boutique","item":"https:\/\/www.safinel.fr\/boutique\/"},{"@type":"ListItem","position":3,"name":"Huile de brocoli 50ml"}]},{"@type":"WebSite","@id":"https:\/\/www.safinel.fr\/#website","url":"https:\/\/www.safinel.fr\/","name":"Safinel","description":"","publisher":{"@id":"https:\/\/www.safinel.fr\/#organization"},"potentialAction":[{"@type":"SearchAction","target":{"@type":"EntryPoint","urlTemplate":"https:\/\/www.safinel.fr\/?s={search_term_string}"},"query-input":{"@type":"PropertyValueSpecification","valueRequired":true,"valueName":"search_term_string"}}],"inLanguage":"it-IT"},{"@type":"Organization","@id":"https:\/\/www.safinel.fr\/#organization","name":"Safinel","url":"https:\/\/www.safinel.fr\/","logo":{"@type":"ImageObject","inLanguage":"it-IT","@id":"https:\/\/www.safinel.fr\/#\/schema\/logo\/image\/","url":"https:\/\/www.safinel.fr\/wp-content\/uploads\/2021\/05\/boutique-cosmetique.png","contentUrl":"https:\/\/www.safinel.fr\/wp-content\/uploads\/2021\/05\/boutique-cosmetique.png","width":800,"height":200,"caption":"Safinel"},"image":{"@id":"https:\/\/www.safinel.fr\/#\/schema\/logo\/image\/"}}]}},"_links":{"self":[{"href":"https:\/\/www.safinel.fr\/it\/wp-json\/wp\/v2\/product\/4577","targetHints":{"allow":["GET"]}}],"collection":[{"href":"https:\/\/www.safinel.fr\/it\/wp-json\/wp\/v2\/product"}],"about":[{"href":"https:\/\/www.safinel.fr\/it\/wp-json\/wp\/v2\/types\/product"}],"wp:featuredmedia":[{"embeddable":true,"href":"https:\/\/www.safinel.fr\/it\/wp-json\/wp\/v2\/media\/4578"}],"wp:attachment":[{"href":"https:\/\/www.safinel.fr\/it\/wp-json\/wp\/v2\/media?parent=4577"}],"wp:term":[{"taxonomy":"product_brand","embeddable":true,"href":"https:\/\/www.safinel.fr\/it\/wp-json\/wp\/v2\/product_brand?post=4577"},{"taxonomy":"product_cat","embeddable":true,"href":"https:\/\/www.safinel.fr\/it\/wp-json\/wp\/v2\/product_cat?post=4577"},{"taxonomy":"product_tag","embeddable":true,"href":"https:\/\/www.safinel.fr\/it\/wp-json\/wp\/v2\/product_tag?post=4577"}],"curies":[{"name":"wp","href":"https:\/\/api.w.org\/{rel}","templated":true}]}}