{"id":4567,"date":"2023-02-10T12:00:38","date_gmt":"2023-02-10T12:00:38","guid":{"rendered":"https:\/\/www.safinel.fr\/?post_type=product&#038;p=4567"},"modified":"2024-03-30T18:12:09","modified_gmt":"2024-03-30T18:12:09","slug":"olio-di-baobab","status":"publish","type":"product","link":"https:\/\/www.safinel.fr\/it\/prodotto\/olio-di-baobab\/","title":{"rendered":"Olio di baobab 50ml"},"content":{"rendered":"<p>L<strong>\u2019olio di baobab\u00a0<\/strong>\u00e8 un\u00a0<strong>prodotto vegetale<\/strong>\u00a0ricco di antiossidanti, ottenuto dal frutto dell'albero di baobab. Originario dell'Africa occidentale e meridionale, l'olio di baobab \u00e8 noto per le sue numerose propriet\u00e0 benefiche per la pelle, i capelli e la salute in generale.<\/p>\n<h2><strong>Alla scoperta dell'olio di baobab<\/strong><\/h2>\n<p>L'olio di baobab \u00e8 originario dell'Africa e del Madagascar. Viene estratto dai semi del frutto dell'albero di baobab, un membro massiccio e leggendario della famiglia delle Bombacaceae. Il suo nome deriva dall'arabo \u00abbu hibab\u00bb, che significa \u00abfrutto con molti semi\u00bb.<\/p>\n<p>L'olio di baobab \u00e8 un prodotto che\u00a0<strong>100% naturale<\/strong>\u00a0che offre molteplici benefici per il viso. La sua composizione, ricca di vitamina E, acidi grassi essenziali e antiossidanti, idrata, nutre e protegge la pelle dai radicali liberi, contribuendo a rendere l'incarnato pi\u00f9 luminoso e sano.<\/p>\n<p>Questo olio pu\u00f2 anche\u00a0<strong>alleviare il prurito<\/strong>\u00a0e favorisce la rigenerazione delle cellule cutanee. \u00c8 ideale per trattare smagliature, labbra screpolate e cicatrici e per prevenire l'invecchiamento precoce della pelle.<\/p>\n<h2><strong>Olio di baobab: un cosmetico naturale\u00a0<\/strong><\/h2>\n<p>L'olio di baobab \u00e8 considerato un trattamento cosmetico naturale molto efficace. Ha propriet\u00e0 ammorbidenti, nutrienti e idratanti che possono aiutare a nutrire la pelle e i capelli. Aiuta inoltre a lenire la pelle secca e a proteggere unghie e capelli spaccati. \u00c8 inoltre ricco di\u00a0<strong>vitamina E<\/strong>\u00a0e acidi grassi essenziali, che contribuiscono a stimolare il rinnovamento cellulare e a rigenerare la pelle. \u00c8 inoltre ricco di antiossidanti, il che lo rende un prodotto molto apprezzato per le sue propriet\u00e0 anti-invecchiamento.<\/p>\n<p>Ecco perch\u00e9 il vostro negozio online specializzato in prodotti naturali vuole farvelo scoprire! Disponibile in diversi formati, 50ml, 100ml o addirittura 500 ml, questo magnifico olio potrebbe diventare rapidamente uno dei vostri must-have!<\/p>\n<h3><strong>I benefici dell'olio di baobab\u00a0<\/strong><\/h3>\n<p>Ora che conoscete meglio questo prodotto naturale, che ne dite di parlare delle sue numerose virt\u00f9?<\/p>\n<p>Infatti, l'olio di baobab \u00e8 ricco di<strong>\u00a0benefici per la pelle\u00a0<\/strong>e capelli. \u00c8 antiossidante, antinfiammatorio, idratante e favorisce il rinnovamento cellulare. Inoltre, per chi fosse interessato, \u00e8 anche<strong>\u00a0rigenerante<\/strong>, curativo, ammorbidente, emolliente, nutriente e lenitivo.<\/p>\n<p>Inoltre, liscia i capelli crespi e secchi e pu\u00f2 essere utilizzato come detergente naturale. Infine, rallenta gli effetti dell'invecchiamento ed \u00e8 ideale per le pelli sensibili, secche e irritate, nonch\u00e9 per le unghie fragili.<\/p>\n<h3><strong>Disponibile anche presso il vostro negozio Safinel...\u00a0<\/strong><\/h3>\n<p>Se l'olio di Baobab vi attira, lasciate che vi suggeriamo un prodotto che potrebbe diventare uno dei vostri preferiti!<\/p>\n<p>Avete mai sentito parlare di\u2019<strong><a href=\"https:\/\/www.safinel.fr\/it\/prodotto\/olio-di-enotera-biologico\/\">olio di enotera biologico<\/a>\u00a0<\/strong>? In caso contrario, non preoccupatevi, vi racconteremo tutto!<\/p>\n<p>Anch'esso un prodotto naturale, questo elisir pu\u00f2 essere utilizzato sia nei rimedi naturali che nei cosmetici. Inoltre, ha propriet\u00e0 simili all'olio di Baobab, pur essendo molto diverso. Lasciamo a voi il compito di scoprirlo nel vostro negozio online...<\/p>","protected":false},"excerpt":{"rendered":"<p>L\u2019huile de baobab\u00a0est un\u00a0produit v\u00e9g\u00e9tal\u00a0riche en antioxydants qui est obtenu \u00e0 partir des fruits de l\u2019arbre baobab. Originaire d\u2019Afrique de l\u2019Ouest et d\u2019Afrique australe, l\u2019huile de baobab est connue pour ses nombreuses propri\u00e9t\u00e9s b\u00e9n\u00e9fiques pour la peau, les cheveux et la sant\u00e9 en g\u00e9n\u00e9ral. A la d\u00e9couverte de l\u2019huile de baobab L\u2019huile de baobab est [&#8230;]","protected":false},"featured_media":4568,"template":"","meta":[],"product_brand":[],"product_cat":[122],"product_tag":[],"class_list":{"0":"post-4567","1":"product","2":"type-product","3":"status-publish","4":"has-post-thumbnail","6":"product_cat-huile-vegetale","8":"first","9":"instock","10":"shipping-taxable","11":"purchasable","12":"product-type-simple"},"yoast_head":"<!-- This site is optimized with the Yoast SEO plugin v26.6 - https:\/\/yoast.com\/wordpress\/plugins\/seo\/ -->\n<title>Huile de baobab I Bienfaits nombreux I Visage &amp; Cheveux<\/title>\n<meta name=\"description\" content=\"L\u2019huile de baobab\u00a0est un\u00a0produit v\u00e9g\u00e9tal\u00a0riche en antioxydants qui est obtenu \u00e0 partir des fruits de l\u2019arbre baobab. Adoptez-l\u00e0 sans plus attendre !\" \/>\n<meta name=\"robots\" content=\"index, follow, max-snippet:-1, max-image-preview:large, max-video-preview:-1\" \/>\n<link rel=\"canonical\" href=\"https:\/\/www.safinel.fr\/it\/prodotto\/olio-di-baobab\/\" \/>\n<meta property=\"og:locale\" content=\"it_IT\" \/>\n<meta property=\"og:type\" content=\"article\" \/>\n<meta property=\"og:title\" content=\"Huile de baobab I Bienfaits nombreux I Visage &amp; Cheveux\" \/>\n<meta property=\"og:description\" content=\"L\u2019huile de baobab\u00a0est un\u00a0produit v\u00e9g\u00e9tal\u00a0riche en antioxydants qui est obtenu \u00e0 partir des fruits de l\u2019arbre baobab. Adoptez-l\u00e0 sans plus attendre !\" \/>\n<meta property=\"og:url\" content=\"https:\/\/www.safinel.fr\/it\/prodotto\/olio-di-baobab\/\" \/>\n<meta property=\"og:site_name\" content=\"Safinel\" \/>\n<meta property=\"article:modified_time\" content=\"2024-03-30T18:12:09+00:00\" \/>\n<meta property=\"og:image\" content=\"https:\/\/www.safinel.fr\/wp-content\/uploads\/2023\/02\/huile-de-baobab.jpg.webp\" \/>\n\t<meta property=\"og:image:width\" content=\"600\" \/>\n\t<meta property=\"og:image:height\" content=\"600\" \/>\n\t<meta property=\"og:image:type\" content=\"image\/webp\" \/>\n<meta name=\"twitter:card\" content=\"summary_large_image\" \/>\n<meta name=\"twitter:label1\" content=\"Tempo di lettura stimato\" \/>\n\t<meta name=\"twitter:data1\" content=\"3 minuti\" \/>\n<script type=\"application\/ld+json\" class=\"yoast-schema-graph\">{\"@context\":\"https:\/\/schema.org\",\"@graph\":[{\"@type\":\"WebPage\",\"@id\":\"https:\/\/www.safinel.fr\/produit\/huile-de-baobab\/\",\"url\":\"https:\/\/www.safinel.fr\/produit\/huile-de-baobab\/\",\"name\":\"Huile de baobab I Bienfaits nombreux I Visage & Cheveux\",\"isPartOf\":{\"@id\":\"https:\/\/www.safinel.fr\/#website\"},\"primaryImageOfPage\":{\"@id\":\"https:\/\/www.safinel.fr\/produit\/huile-de-baobab\/#primaryimage\"},\"image\":{\"@id\":\"https:\/\/www.safinel.fr\/produit\/huile-de-baobab\/#primaryimage\"},\"thumbnailUrl\":\"https:\/\/www.safinel.fr\/wp-content\/uploads\/2023\/02\/huile-de-baobab.jpg.webp\",\"datePublished\":\"2023-02-10T12:00:38+00:00\",\"dateModified\":\"2024-03-30T18:12:09+00:00\",\"description\":\"L\u2019huile de baobab\u00a0est un\u00a0produit v\u00e9g\u00e9tal\u00a0riche en antioxydants qui est obtenu \u00e0 partir des fruits de l\u2019arbre baobab. Adoptez-l\u00e0 sans plus attendre !\",\"breadcrumb\":{\"@id\":\"https:\/\/www.safinel.fr\/produit\/huile-de-baobab\/#breadcrumb\"},\"inLanguage\":\"it-IT\",\"potentialAction\":[{\"@type\":\"ReadAction\",\"target\":[\"https:\/\/www.safinel.fr\/produit\/huile-de-baobab\/\"]}]},{\"@type\":\"ImageObject\",\"inLanguage\":\"it-IT\",\"@id\":\"https:\/\/www.safinel.fr\/produit\/huile-de-baobab\/#primaryimage\",\"url\":\"https:\/\/www.safinel.fr\/wp-content\/uploads\/2023\/02\/huile-de-baobab.jpg.webp\",\"contentUrl\":\"https:\/\/www.safinel.fr\/wp-content\/uploads\/2023\/02\/huile-de-baobab.jpg.webp\",\"width\":600,\"height\":600,\"caption\":\"Huile de baobab 50ml\"},{\"@type\":\"BreadcrumbList\",\"@id\":\"https:\/\/www.safinel.fr\/produit\/huile-de-baobab\/#breadcrumb\",\"itemListElement\":[{\"@type\":\"ListItem\",\"position\":1,\"name\":\"Accueil\",\"item\":\"https:\/\/www.safinel.fr\/\"},{\"@type\":\"ListItem\",\"position\":2,\"name\":\"Boutique\",\"item\":\"https:\/\/www.safinel.fr\/boutique\/\"},{\"@type\":\"ListItem\",\"position\":3,\"name\":\"Huile de baobab 50ml\"}]},{\"@type\":\"WebSite\",\"@id\":\"https:\/\/www.safinel.fr\/#website\",\"url\":\"https:\/\/www.safinel.fr\/\",\"name\":\"Safinel\",\"description\":\"\",\"publisher\":{\"@id\":\"https:\/\/www.safinel.fr\/#organization\"},\"potentialAction\":[{\"@type\":\"SearchAction\",\"target\":{\"@type\":\"EntryPoint\",\"urlTemplate\":\"https:\/\/www.safinel.fr\/?s={search_term_string}\"},\"query-input\":{\"@type\":\"PropertyValueSpecification\",\"valueRequired\":true,\"valueName\":\"search_term_string\"}}],\"inLanguage\":\"it-IT\"},{\"@type\":\"Organization\",\"@id\":\"https:\/\/www.safinel.fr\/#organization\",\"name\":\"Safinel\",\"url\":\"https:\/\/www.safinel.fr\/\",\"logo\":{\"@type\":\"ImageObject\",\"inLanguage\":\"it-IT\",\"@id\":\"https:\/\/www.safinel.fr\/#\/schema\/logo\/image\/\",\"url\":\"https:\/\/www.safinel.fr\/wp-content\/uploads\/2021\/05\/boutique-cosmetique.png\",\"contentUrl\":\"https:\/\/www.safinel.fr\/wp-content\/uploads\/2021\/05\/boutique-cosmetique.png\",\"width\":800,\"height\":200,\"caption\":\"Safinel\"},\"image\":{\"@id\":\"https:\/\/www.safinel.fr\/#\/schema\/logo\/image\/\"}}]}<\/script>\n<!-- \/ Yoast SEO plugin. -->","yoast_head_json":{"title":"Olio di baobab I Numerosi benefici I Viso e capelli","description":"L'olio di baobab \u00e8 un prodotto vegetale ricco di antiossidanti ottenuto dal frutto dell'albero di baobab. Non aspettate oltre!","robots":{"index":"index","follow":"follow","max-snippet":"max-snippet:-1","max-image-preview":"max-image-preview:large","max-video-preview":"max-video-preview:-1"},"canonical":"https:\/\/www.safinel.fr\/it\/prodotto\/olio-di-baobab\/","og_locale":"it_IT","og_type":"article","og_title":"Huile de baobab I Bienfaits nombreux I Visage & Cheveux","og_description":"L\u2019huile de baobab\u00a0est un\u00a0produit v\u00e9g\u00e9tal\u00a0riche en antioxydants qui est obtenu \u00e0 partir des fruits de l\u2019arbre baobab. Adoptez-l\u00e0 sans plus attendre !","og_url":"https:\/\/www.safinel.fr\/it\/prodotto\/olio-di-baobab\/","og_site_name":"Safinel","article_modified_time":"2024-03-30T18:12:09+00:00","og_image":[{"width":600,"height":600,"url":"https:\/\/www.safinel.fr\/wp-content\/uploads\/2023\/02\/huile-de-baobab.jpg.webp","type":"image\/webp"}],"twitter_card":"summary_large_image","twitter_misc":{"Tempo di lettura stimato":"3 minuti"},"schema":{"@context":"https:\/\/schema.org","@graph":[{"@type":"WebPage","@id":"https:\/\/www.safinel.fr\/produit\/huile-de-baobab\/","url":"https:\/\/www.safinel.fr\/produit\/huile-de-baobab\/","name":"Olio di baobab I Numerosi benefici I Viso e capelli","isPartOf":{"@id":"https:\/\/www.safinel.fr\/#website"},"primaryImageOfPage":{"@id":"https:\/\/www.safinel.fr\/produit\/huile-de-baobab\/#primaryimage"},"image":{"@id":"https:\/\/www.safinel.fr\/produit\/huile-de-baobab\/#primaryimage"},"thumbnailUrl":"https:\/\/www.safinel.fr\/wp-content\/uploads\/2023\/02\/huile-de-baobab.jpg.webp","datePublished":"2023-02-10T12:00:38+00:00","dateModified":"2024-03-30T18:12:09+00:00","description":"L'olio di baobab \u00e8 un prodotto vegetale ricco di antiossidanti ottenuto dal frutto dell'albero di baobab. Non aspettate oltre!","breadcrumb":{"@id":"https:\/\/www.safinel.fr\/produit\/huile-de-baobab\/#breadcrumb"},"inLanguage":"it-IT","potentialAction":[{"@type":"ReadAction","target":["https:\/\/www.safinel.fr\/produit\/huile-de-baobab\/"]}]},{"@type":"ImageObject","inLanguage":"it-IT","@id":"https:\/\/www.safinel.fr\/produit\/huile-de-baobab\/#primaryimage","url":"https:\/\/www.safinel.fr\/wp-content\/uploads\/2023\/02\/huile-de-baobab.jpg.webp","contentUrl":"https:\/\/www.safinel.fr\/wp-content\/uploads\/2023\/02\/huile-de-baobab.jpg.webp","width":600,"height":600,"caption":"Huile de baobab 50ml"},{"@type":"BreadcrumbList","@id":"https:\/\/www.safinel.fr\/produit\/huile-de-baobab\/#breadcrumb","itemListElement":[{"@type":"ListItem","position":1,"name":"Accueil","item":"https:\/\/www.safinel.fr\/"},{"@type":"ListItem","position":2,"name":"Boutique","item":"https:\/\/www.safinel.fr\/boutique\/"},{"@type":"ListItem","position":3,"name":"Huile de baobab 50ml"}]},{"@type":"WebSite","@id":"https:\/\/www.safinel.fr\/#website","url":"https:\/\/www.safinel.fr\/","name":"Safinel","description":"","publisher":{"@id":"https:\/\/www.safinel.fr\/#organization"},"potentialAction":[{"@type":"SearchAction","target":{"@type":"EntryPoint","urlTemplate":"https:\/\/www.safinel.fr\/?s={search_term_string}"},"query-input":{"@type":"PropertyValueSpecification","valueRequired":true,"valueName":"search_term_string"}}],"inLanguage":"it-IT"},{"@type":"Organization","@id":"https:\/\/www.safinel.fr\/#organization","name":"Safinel","url":"https:\/\/www.safinel.fr\/","logo":{"@type":"ImageObject","inLanguage":"it-IT","@id":"https:\/\/www.safinel.fr\/#\/schema\/logo\/image\/","url":"https:\/\/www.safinel.fr\/wp-content\/uploads\/2021\/05\/boutique-cosmetique.png","contentUrl":"https:\/\/www.safinel.fr\/wp-content\/uploads\/2021\/05\/boutique-cosmetique.png","width":800,"height":200,"caption":"Safinel"},"image":{"@id":"https:\/\/www.safinel.fr\/#\/schema\/logo\/image\/"}}]}},"_links":{"self":[{"href":"https:\/\/www.safinel.fr\/it\/wp-json\/wp\/v2\/product\/4567","targetHints":{"allow":["GET"]}}],"collection":[{"href":"https:\/\/www.safinel.fr\/it\/wp-json\/wp\/v2\/product"}],"about":[{"href":"https:\/\/www.safinel.fr\/it\/wp-json\/wp\/v2\/types\/product"}],"wp:featuredmedia":[{"embeddable":true,"href":"https:\/\/www.safinel.fr\/it\/wp-json\/wp\/v2\/media\/4568"}],"wp:attachment":[{"href":"https:\/\/www.safinel.fr\/it\/wp-json\/wp\/v2\/media?parent=4567"}],"wp:term":[{"taxonomy":"product_brand","embeddable":true,"href":"https:\/\/www.safinel.fr\/it\/wp-json\/wp\/v2\/product_brand?post=4567"},{"taxonomy":"product_cat","embeddable":true,"href":"https:\/\/www.safinel.fr\/it\/wp-json\/wp\/v2\/product_cat?post=4567"},{"taxonomy":"product_tag","embeddable":true,"href":"https:\/\/www.safinel.fr\/it\/wp-json\/wp\/v2\/product_tag?post=4567"}],"curies":[{"name":"wp","href":"https:\/\/api.w.org\/{rel}","templated":true}]}}