{"id":4562,"date":"2023-02-09T18:47:18","date_gmt":"2023-02-09T18:47:18","guid":{"rendered":"https:\/\/www.safinel.fr\/?post_type=product&#038;p=4562"},"modified":"2024-04-09T20:37:45","modified_gmt":"2024-04-09T20:37:45","slug":"sapone-cogico","status":"publish","type":"product","link":"https:\/\/www.safinel.fr\/it\/prodotto\/sapone-cogico\/","title":{"rendered":"Sapone all'acido kojico 100g"},"content":{"rendered":"<p>Avete qualche problema di pelle e non sapete come risolverlo? La vostra boutique del benessere potrebbe avere la soluzione che stavate aspettando! Fate un po' di spazio tra i vostri cosmetici per ospitare il\u00a0<strong>sapone cogico\u00a0<\/strong>!<\/p>\n<h2><strong>Tutto quello che c'\u00e8 da sapere sul sapone di Kojic!<\/strong><\/h2>\n<p>Il sapone kojico \u00e8 un prodotto di\u00a0<strong>cura del corpo<\/strong>\u00a0contiene acido cogico, un agente antibatterico naturale che pu\u00f2 essere utilizzato in un'ampia gamma di applicazioni.<strong>\u00a0<a href=\"https:\/\/www.safinel.fr\/it\/prodotto\/sapone-alla-carota\/\">schiarire la pelle<\/a><\/strong>. Viene generalmente utilizzato per pulire in profondit\u00e0 la pelle e rimuovere le cellule morte e il trucco. \u00c8 noto anche per combattere l'acne, le macchie brune, le cicatrici da acne e le macchie dell'et\u00e0.<\/p>\n<p>Il sapone di Kojic \u00e8 molto delicato e non irritante, il che lo rende un prodotto eccellente per le pelli sensibili e acneiche. Inoltre, contiene antiossidanti che possono contribuire a rallentare il processo di invecchiamento della pelle e a mantenerne la giovinezza e l'elasticit\u00e0.<\/p>\n<h2><strong>Vogliamo saperne di pi\u00f9 sul sapone Kojic!\u00a0<\/strong><\/h2>\n<p>Siete interessati e volete saperne di pi\u00f9: \u00e8 normale! Alcune persone lo usano molto perch\u00e9 ha tante virt\u00f9!<\/p>\n<p>Infatti, il\u00a0<strong>sapone Kojie San\u00a0<\/strong>\u00e8 molto delicato e non irritante, il che lo rende un prodotto molto apprezzato dalle pelli sensibili e acneiche,<\/p>\n<p>Contenendo acido cogico, il suo pH si adatta alle esigenze specifiche della pelle e pu\u00f2 aiutare a ripristinare l'equilibrio e l'elasticit\u00e0 della pelle.<strong>\u00a0SALUTE DELLA PELLE<\/strong>. Pu\u00f2 essere utilizzato anche per rimuovere il trucco e le impurit\u00e0, lasciando la pelle morbida e idratata. Ora che la vostra curiosit\u00e0 \u00e8 stata stuzzicata, passiamo ai benefici...<\/p>\n<h2><strong>I benefici del sapone di Kojic\u00a0<\/strong><\/h2>\n<p>L'aspetto pu\u00f2 talvolta diventare un'ossessione e i problemi della pelle non aiutano! Ecco uno dei motivi per cui la vostra boutique del benessere desidera presentarvi un nuovo prodotto per la cura della pelle.\u00a0<strong>prodotto cosmetico<\/strong>\u00a0del tipo pi\u00f9 vantaggioso!<\/p>\n<p>Si tratta del sapone kojic e, se non lo conoscevate prima di questo articolo, \u00e8 diventato un must nelle case di alcune persone.<strong>\u00a0cura cosmetica<\/strong>.<\/p>\n<p>Molto benefica per la pelle, \u00e8 nota per essere un vantaggio contro i brufoli dell'acne. Ma anche contro le macchie brune. Inoltre, \u00e8 molto apprezzato per schiarire le zone scure del corpo, come le ascelle! Oltre a purificare, pulisce e idrata la pelle! Come potete vedere, questo tesoro cosmetico potrebbe diventare rapidamente uno dei vostri must-have!<\/p>\n<h3><strong>Come godersi questo cosmetico?<\/strong><\/h3>\n<p>Vi ha convinto questa saponetta con i suoi numerosi benefici e volete saperne di pi\u00f9 su come utilizzarla?<\/p>\n<p>Passiamo ai consigli cosmetici!<\/p>\n<p>Se volete approfittare dei suoi benefici schiarenti, dovete prima inumidire il vostro cosmetico e non la zona interessata! La maggior parte delle persone inumidisce la zona prima di usare il sapone, ma \u00e8 pi\u00f9 efficace sulla pelle asciutta!<\/p>\n<p>Quindi applicare il<strong>\u00a0sapone solido kojic<\/strong>\u00a0con movimenti circolari. Lasciare agire per qualche minuto e risciacquare bene con acqua tiepida.<\/p>","protected":false},"excerpt":{"rendered":"<p>Vous avez quelques probl\u00e8mes de peau et vous ne savez pas comment les r\u00e9soudre ? Votre boutique de bien-\u00eatre a peut-\u00eatre la solution que vous attendiez tant ! Faites un peu de place au sein de vos produits cosm\u00e9tiques afin d&rsquo;accueillir le\u00a0savon kojic\u00a0! Tout savoir sur le savon Kojic ! Le savon Kojic est un [&#8230;]","protected":false},"featured_media":4563,"template":"","meta":[],"product_brand":[],"product_cat":[123],"product_tag":[],"class_list":{"0":"post-4562","1":"product","2":"type-product","3":"status-publish","4":"has-post-thumbnail","6":"product_cat-savon","8":"first","9":"outofstock","10":"shipping-taxable","11":"purchasable","12":"product-type-simple"},"yoast_head":"<!-- This site is optimized with the Yoast SEO plugin v26.6 - https:\/\/yoast.com\/wordpress\/plugins\/seo\/ -->\n<title>Savon Kojic I Savon \u00e0 l&#039;acide Kojic I Contenance 100g<\/title>\n<meta name=\"description\" content=\"Faites un peu de place au sein de vos produits cosm\u00e9tiques afin d&#039;accueillir le\u00a0savon kojic\u00a0! Id\u00e9al pour \u00e9claircir la peau !\" \/>\n<meta name=\"robots\" content=\"index, follow, max-snippet:-1, max-image-preview:large, max-video-preview:-1\" \/>\n<link rel=\"canonical\" href=\"https:\/\/www.safinel.fr\/it\/prodotto\/sapone-cogico\/\" \/>\n<meta property=\"og:locale\" content=\"it_IT\" \/>\n<meta property=\"og:type\" content=\"article\" \/>\n<meta property=\"og:title\" content=\"Savon Kojic I Savon \u00e0 l&#039;acide Kojic I Contenance 100g\" \/>\n<meta property=\"og:description\" content=\"Faites un peu de place au sein de vos produits cosm\u00e9tiques afin d&#039;accueillir le\u00a0savon kojic\u00a0! Id\u00e9al pour \u00e9claircir la peau !\" \/>\n<meta property=\"og:url\" content=\"https:\/\/www.safinel.fr\/it\/prodotto\/sapone-cogico\/\" \/>\n<meta property=\"og:site_name\" content=\"Safinel\" \/>\n<meta property=\"article:modified_time\" content=\"2024-04-09T20:37:45+00:00\" \/>\n<meta property=\"og:image\" content=\"https:\/\/www.safinel.fr\/wp-content\/uploads\/2023\/02\/savon-Kojic.jpg\" \/>\n\t<meta property=\"og:image:width\" content=\"600\" \/>\n\t<meta property=\"og:image:height\" content=\"600\" \/>\n\t<meta property=\"og:image:type\" content=\"image\/jpeg\" \/>\n<meta name=\"twitter:card\" content=\"summary_large_image\" \/>\n<meta name=\"twitter:label1\" content=\"Tempo di lettura stimato\" \/>\n\t<meta name=\"twitter:data1\" content=\"3 minuti\" \/>\n<script type=\"application\/ld+json\" class=\"yoast-schema-graph\">{\"@context\":\"https:\/\/schema.org\",\"@graph\":[{\"@type\":\"WebPage\",\"@id\":\"https:\/\/www.safinel.fr\/produit\/savon-kojic\/\",\"url\":\"https:\/\/www.safinel.fr\/produit\/savon-kojic\/\",\"name\":\"Savon Kojic I Savon \u00e0 l'acide Kojic I Contenance 100g\",\"isPartOf\":{\"@id\":\"https:\/\/www.safinel.fr\/#website\"},\"primaryImageOfPage\":{\"@id\":\"https:\/\/www.safinel.fr\/produit\/savon-kojic\/#primaryimage\"},\"image\":{\"@id\":\"https:\/\/www.safinel.fr\/produit\/savon-kojic\/#primaryimage\"},\"thumbnailUrl\":\"https:\/\/www.safinel.fr\/wp-content\/uploads\/2023\/02\/savon-Kojic.jpg\",\"datePublished\":\"2023-02-09T18:47:18+00:00\",\"dateModified\":\"2024-04-09T20:37:45+00:00\",\"description\":\"Faites un peu de place au sein de vos produits cosm\u00e9tiques afin d'accueillir le\u00a0savon kojic\u00a0! Id\u00e9al pour \u00e9claircir la peau !\",\"breadcrumb\":{\"@id\":\"https:\/\/www.safinel.fr\/produit\/savon-kojic\/#breadcrumb\"},\"inLanguage\":\"it-IT\",\"potentialAction\":[{\"@type\":\"ReadAction\",\"target\":[\"https:\/\/www.safinel.fr\/produit\/savon-kojic\/\"]}]},{\"@type\":\"ImageObject\",\"inLanguage\":\"it-IT\",\"@id\":\"https:\/\/www.safinel.fr\/produit\/savon-kojic\/#primaryimage\",\"url\":\"https:\/\/www.safinel.fr\/wp-content\/uploads\/2023\/02\/savon-Kojic.jpg\",\"contentUrl\":\"https:\/\/www.safinel.fr\/wp-content\/uploads\/2023\/02\/savon-Kojic.jpg\",\"width\":600,\"height\":600,\"caption\":\"savon Kojic\"},{\"@type\":\"BreadcrumbList\",\"@id\":\"https:\/\/www.safinel.fr\/produit\/savon-kojic\/#breadcrumb\",\"itemListElement\":[{\"@type\":\"ListItem\",\"position\":1,\"name\":\"Accueil\",\"item\":\"https:\/\/www.safinel.fr\/\"},{\"@type\":\"ListItem\",\"position\":2,\"name\":\"Boutique\",\"item\":\"https:\/\/www.safinel.fr\/boutique\/\"},{\"@type\":\"ListItem\",\"position\":3,\"name\":\"Savon \u00e0 l&#8217;acide kojic 100g\"}]},{\"@type\":\"WebSite\",\"@id\":\"https:\/\/www.safinel.fr\/#website\",\"url\":\"https:\/\/www.safinel.fr\/\",\"name\":\"Safinel\",\"description\":\"\",\"publisher\":{\"@id\":\"https:\/\/www.safinel.fr\/#organization\"},\"potentialAction\":[{\"@type\":\"SearchAction\",\"target\":{\"@type\":\"EntryPoint\",\"urlTemplate\":\"https:\/\/www.safinel.fr\/?s={search_term_string}\"},\"query-input\":{\"@type\":\"PropertyValueSpecification\",\"valueRequired\":true,\"valueName\":\"search_term_string\"}}],\"inLanguage\":\"it-IT\"},{\"@type\":\"Organization\",\"@id\":\"https:\/\/www.safinel.fr\/#organization\",\"name\":\"Safinel\",\"url\":\"https:\/\/www.safinel.fr\/\",\"logo\":{\"@type\":\"ImageObject\",\"inLanguage\":\"it-IT\",\"@id\":\"https:\/\/www.safinel.fr\/#\/schema\/logo\/image\/\",\"url\":\"https:\/\/www.safinel.fr\/wp-content\/uploads\/2021\/05\/boutique-cosmetique.png\",\"contentUrl\":\"https:\/\/www.safinel.fr\/wp-content\/uploads\/2021\/05\/boutique-cosmetique.png\",\"width\":800,\"height\":200,\"caption\":\"Safinel\"},\"image\":{\"@id\":\"https:\/\/www.safinel.fr\/#\/schema\/logo\/image\/\"}}]}<\/script>\n<!-- \/ Yoast SEO plugin. -->","yoast_head_json":{"title":"Sapone Kojic I Sapone all'acido kojico I Capacit\u00e0 100g","description":"Fate spazio al sapone cogico nei vostri cosmetici! Ideale per illuminare la pelle!","robots":{"index":"index","follow":"follow","max-snippet":"max-snippet:-1","max-image-preview":"max-image-preview:large","max-video-preview":"max-video-preview:-1"},"canonical":"https:\/\/www.safinel.fr\/it\/prodotto\/sapone-cogico\/","og_locale":"it_IT","og_type":"article","og_title":"Savon Kojic I Savon \u00e0 l'acide Kojic I Contenance 100g","og_description":"Faites un peu de place au sein de vos produits cosm\u00e9tiques afin d'accueillir le\u00a0savon kojic\u00a0! Id\u00e9al pour \u00e9claircir la peau !","og_url":"https:\/\/www.safinel.fr\/it\/prodotto\/sapone-cogico\/","og_site_name":"Safinel","article_modified_time":"2024-04-09T20:37:45+00:00","og_image":[{"width":600,"height":600,"url":"https:\/\/www.safinel.fr\/wp-content\/uploads\/2023\/02\/savon-Kojic.jpg","type":"image\/jpeg"}],"twitter_card":"summary_large_image","twitter_misc":{"Tempo di lettura stimato":"3 minuti"},"schema":{"@context":"https:\/\/schema.org","@graph":[{"@type":"WebPage","@id":"https:\/\/www.safinel.fr\/produit\/savon-kojic\/","url":"https:\/\/www.safinel.fr\/produit\/savon-kojic\/","name":"Sapone Kojic I Sapone all'acido kojico I Capacit\u00e0 100g","isPartOf":{"@id":"https:\/\/www.safinel.fr\/#website"},"primaryImageOfPage":{"@id":"https:\/\/www.safinel.fr\/produit\/savon-kojic\/#primaryimage"},"image":{"@id":"https:\/\/www.safinel.fr\/produit\/savon-kojic\/#primaryimage"},"thumbnailUrl":"https:\/\/www.safinel.fr\/wp-content\/uploads\/2023\/02\/savon-Kojic.jpg","datePublished":"2023-02-09T18:47:18+00:00","dateModified":"2024-04-09T20:37:45+00:00","description":"Fate spazio al sapone cogico nei vostri cosmetici! Ideale per illuminare la pelle!","breadcrumb":{"@id":"https:\/\/www.safinel.fr\/produit\/savon-kojic\/#breadcrumb"},"inLanguage":"it-IT","potentialAction":[{"@type":"ReadAction","target":["https:\/\/www.safinel.fr\/produit\/savon-kojic\/"]}]},{"@type":"ImageObject","inLanguage":"it-IT","@id":"https:\/\/www.safinel.fr\/produit\/savon-kojic\/#primaryimage","url":"https:\/\/www.safinel.fr\/wp-content\/uploads\/2023\/02\/savon-Kojic.jpg","contentUrl":"https:\/\/www.safinel.fr\/wp-content\/uploads\/2023\/02\/savon-Kojic.jpg","width":600,"height":600,"caption":"savon Kojic"},{"@type":"BreadcrumbList","@id":"https:\/\/www.safinel.fr\/produit\/savon-kojic\/#breadcrumb","itemListElement":[{"@type":"ListItem","position":1,"name":"Accueil","item":"https:\/\/www.safinel.fr\/"},{"@type":"ListItem","position":2,"name":"Boutique","item":"https:\/\/www.safinel.fr\/boutique\/"},{"@type":"ListItem","position":3,"name":"Savon \u00e0 l&#8217;acide kojic 100g"}]},{"@type":"WebSite","@id":"https:\/\/www.safinel.fr\/#website","url":"https:\/\/www.safinel.fr\/","name":"Safinel","description":"","publisher":{"@id":"https:\/\/www.safinel.fr\/#organization"},"potentialAction":[{"@type":"SearchAction","target":{"@type":"EntryPoint","urlTemplate":"https:\/\/www.safinel.fr\/?s={search_term_string}"},"query-input":{"@type":"PropertyValueSpecification","valueRequired":true,"valueName":"search_term_string"}}],"inLanguage":"it-IT"},{"@type":"Organization","@id":"https:\/\/www.safinel.fr\/#organization","name":"Safinel","url":"https:\/\/www.safinel.fr\/","logo":{"@type":"ImageObject","inLanguage":"it-IT","@id":"https:\/\/www.safinel.fr\/#\/schema\/logo\/image\/","url":"https:\/\/www.safinel.fr\/wp-content\/uploads\/2021\/05\/boutique-cosmetique.png","contentUrl":"https:\/\/www.safinel.fr\/wp-content\/uploads\/2021\/05\/boutique-cosmetique.png","width":800,"height":200,"caption":"Safinel"},"image":{"@id":"https:\/\/www.safinel.fr\/#\/schema\/logo\/image\/"}}]}},"_links":{"self":[{"href":"https:\/\/www.safinel.fr\/it\/wp-json\/wp\/v2\/product\/4562","targetHints":{"allow":["GET"]}}],"collection":[{"href":"https:\/\/www.safinel.fr\/it\/wp-json\/wp\/v2\/product"}],"about":[{"href":"https:\/\/www.safinel.fr\/it\/wp-json\/wp\/v2\/types\/product"}],"wp:featuredmedia":[{"embeddable":true,"href":"https:\/\/www.safinel.fr\/it\/wp-json\/wp\/v2\/media\/4563"}],"wp:attachment":[{"href":"https:\/\/www.safinel.fr\/it\/wp-json\/wp\/v2\/media?parent=4562"}],"wp:term":[{"taxonomy":"product_brand","embeddable":true,"href":"https:\/\/www.safinel.fr\/it\/wp-json\/wp\/v2\/product_brand?post=4562"},{"taxonomy":"product_cat","embeddable":true,"href":"https:\/\/www.safinel.fr\/it\/wp-json\/wp\/v2\/product_cat?post=4562"},{"taxonomy":"product_tag","embeddable":true,"href":"https:\/\/www.safinel.fr\/it\/wp-json\/wp\/v2\/product_tag?post=4562"}],"curies":[{"name":"wp","href":"https:\/\/api.w.org\/{rel}","templated":true}]}}