{"id":4483,"date":"2023-02-04T14:36:16","date_gmt":"2023-02-04T14:36:16","guid":{"rendered":"https:\/\/www.safinel.fr\/?post_type=product&#038;p=4483"},"modified":"2023-12-28T17:15:45","modified_gmt":"2023-12-28T17:15:45","slug":"olio-di-carapato","status":"publish","type":"product","link":"https:\/\/www.safinel.fr\/it\/prodotto\/olio-di-carapato\/","title":{"rendered":"Olio di carapato"},"content":{"rendered":"<p>L\u2019<strong>olio di carapato\u00a0<\/strong>\u00e8 particolarmente indicato in caso di capelli crespi, secchi o con doppie punte. Per riparare e nutrire i capelli in profondit\u00e0, optate per un trattamento\u00a0<a href=\"https:\/\/www.safinel.fr\/it\/categoria-prodotto\/botox-per-capelli\/\"><strong>maschera per capelli<\/strong><\/a>\u00a0a base di questo olio.<\/p>\n<p>Per idratare i capelli e favorirne la crescita, applicare l'olio di carapato sui capelli una volta alla settimana dopo il bagno. Per i suoi benefici sulla pelle, potete... Non aggiungiamo altro e scopritelo da soli...<\/p>\n<h2><strong>Scoprite l'olio di carapato nel vostro negozio Safinel!<\/strong><\/h2>\n<p>L'olio di carapato si estrae dai semi essiccati del carapace, un piccolo arbusto selvatico originario dell'Africa. \u00c8 molto simile al\u2019<a href=\"https:\/\/www.everyday-weight-loss.com\/quels-sont-les-avantages-lies-a-lutilisation-de-lhuile-de-ricin-pour-les-cheveux\/\" target=\"_blank\" rel=\"noopener\"><strong>olio di ricino<\/strong><\/a>, Entrambi sono prodotti dagli stessi semi essiccati.<\/p>\n<p>Quest'olio \u00e8 molto ricco di sostanze nutritive, contiene molti acidi grassi, vitamine, in particolare la vitamina E, omega 6 e 9 e ricina.<\/p>\n<p>\u00c8 particolarmente indicato per il trattamento dei capelli secchi, ricci e crespi e pu\u00f2 essere utilizzato per favorire la crescita e la tonificazione dei capelli. Pu\u00f2 essere utilizzato anche sotto forma di\u00a0<strong>bagno d'olio<\/strong>, maschera per capelli,<strong>\u00a0olio per la cura della pelle\u00a0<\/strong>giornaliero o siero.<\/p>\n<h2><strong>I benefici dell'olio di carapato\u00a0<\/strong><\/h2>\n<p>L'olio di carapato \u00e8 noto per i suoi benefici sui capelli. Restituisce forza ed elasticit\u00e0 ai capelli e ne stimola la crescita nutrendoli. Questo elisir \u00e8 ricco di vitamina E, che lo rende un ottimo alleato contro l'invecchiamento della pelle. \u00c8 antibatterico e pu\u00f2 essere applicato per combattere infezioni e disturbi della pelle. Infine, protegge, nutre e ripara attivamente il cuoio capelluto.<\/p>\n<p>\u00c8 molto ricco di sostanze nutritive e principi attivi che lo rendono ideale per nutrire, proteggere e riparare i capelli secchi, ricci e crespi. Aiuta inoltre a tonificare il cuoio capelluto e a combattere infezioni e disturbi della pelle.\u00a0<strong>pelle grazie\u00a0<\/strong>le sue propriet\u00e0 antibatteriche. Infine, pu\u00f2 aiutare a stimolare la crescita dei capelli e a combattere la diffusione delle doppie punte.<\/p>\n<h3><strong>Come utilizzare l'olio di ricino nero :<\/strong><\/h3>\n<p>L'olio di carapato \u00e8 un olio vegetale altamente nutriente che proviene dall'albero di carapato, originario dell'Africa occidentale. \u00c8 noto per le sue propriet\u00e0 idratanti e nutrienti! E pu\u00f2 essere utilizzato per trattare vari tipi di\u00a0<strong>pelle e capelli<\/strong>.<\/p>\n<p>Ecco alcuni consigli per l'utilizzo dell'olio di carapato:<\/p>\n<ol>\n<li>Applicate l'olio di carapato sulla vostra pelle! L'olio di carapato \u00e8 noto per le sue propriet\u00e0 idratanti e nutrienti. \u00c8 quindi un prodotto eccellente per idratare e proteggere la pelle. Pu\u00f2 essere applicato sul viso e sul corpo e pu\u00f2 anche essere usato come base per la vostra crema.\u00a0<strong>crema idratante<\/strong>.<\/li>\n<li>Usatelo sui capelli. Anche l'olio di carapato \u00e8 molto efficace per idratare i capelli e donare loro lucentezza. Potete usarlo mescolando qualche goccia nel vostro\u00a0<strong>shampoo\u00a0<\/strong>o maschera per capelli per renderla parte della vostra routine per i capelli.<\/li>\n<li>Usatelo come maschera per il viso! Potete anche creare un\u00a0<strong>maschera per il viso\u00a0<\/strong>! Mescolare un cucchiaio di olio di carapato con due cucchiai di miele e qualche goccia di succo di limone. Applicare il composto sul viso per 15 minuti prima di risciacquare con acqua tiepida.<\/li>\n<\/ol>","protected":false},"excerpt":{"rendered":"<p>L\u2019huile de carapate\u00a0est particuli\u00e8rement conseill\u00e9e si vous avez les cheveux cr\u00e9pus, secs ou fourchus. Pour les r\u00e9parer et les nourrir en profondeur, privil\u00e9giez un\u00a0masque capillaire\u00a0\u00e0 base de cette huile. Afin de les hydrater et favoriser la pousse, appliquez de mani\u00e8re hebdomadaire l\u2019huile de carapate sur vos cheveux apr\u00e8s le bain. Pour les bienfaits sur la [&#8230;]","protected":false},"featured_media":4487,"template":"","meta":[],"product_brand":[],"product_cat":[122],"product_tag":[],"class_list":{"0":"post-4483","1":"product","2":"type-product","3":"status-publish","4":"has-post-thumbnail","6":"product_cat-huile-vegetale","8":"first","9":"instock","10":"shipping-taxable","11":"purchasable","12":"product-type-variable"},"yoast_head":"<!-- This site is optimized with the Yoast SEO plugin v26.6 - https:\/\/yoast.com\/wordpress\/plugins\/seo\/ -->\n<title>Huile de carapate I Huile de ricin noir I Bienfaits nombreux<\/title>\n<meta name=\"description\" content=\"L\u2019huile de carapate\u00a0est particuli\u00e8rement conseill\u00e9e si vous avez les cheveux cr\u00e9pus, secs ou fourchus. D\u00e9couvrez-l\u00e0 sans plus attendre !\" \/>\n<meta name=\"robots\" content=\"index, follow, max-snippet:-1, max-image-preview:large, max-video-preview:-1\" \/>\n<link rel=\"canonical\" href=\"https:\/\/www.safinel.fr\/it\/prodotto\/olio-di-carapato\/\" \/>\n<meta property=\"og:locale\" content=\"it_IT\" \/>\n<meta property=\"og:type\" content=\"article\" \/>\n<meta property=\"og:title\" content=\"Huile de carapate I Huile de ricin noir I Bienfaits nombreux\" \/>\n<meta property=\"og:description\" content=\"L\u2019huile de carapate\u00a0est particuli\u00e8rement conseill\u00e9e si vous avez les cheveux cr\u00e9pus, secs ou fourchus. D\u00e9couvrez-l\u00e0 sans plus attendre !\" \/>\n<meta property=\"og:url\" content=\"https:\/\/www.safinel.fr\/it\/prodotto\/olio-di-carapato\/\" \/>\n<meta property=\"og:site_name\" content=\"Safinel\" \/>\n<meta property=\"article:modified_time\" content=\"2023-12-28T17:15:45+00:00\" \/>\n<meta property=\"og:image\" content=\"https:\/\/www.safinel.fr\/wp-content\/uploads\/2023\/02\/huile-de-carapate.jpg.webp\" \/>\n\t<meta property=\"og:image:width\" content=\"600\" \/>\n\t<meta property=\"og:image:height\" content=\"600\" \/>\n\t<meta property=\"og:image:type\" content=\"image\/webp\" \/>\n<meta name=\"twitter:card\" content=\"summary_large_image\" \/>\n<meta name=\"twitter:label1\" content=\"Tempo di lettura stimato\" \/>\n\t<meta name=\"twitter:data1\" content=\"3 minuti\" \/>\n<script type=\"application\/ld+json\" class=\"yoast-schema-graph\">{\"@context\":\"https:\/\/schema.org\",\"@graph\":[{\"@type\":\"WebPage\",\"@id\":\"https:\/\/www.safinel.fr\/produit\/huile-de-carapate\/\",\"url\":\"https:\/\/www.safinel.fr\/produit\/huile-de-carapate\/\",\"name\":\"Huile de carapate I Huile de ricin noir I Bienfaits nombreux\",\"isPartOf\":{\"@id\":\"https:\/\/www.safinel.fr\/#website\"},\"primaryImageOfPage\":{\"@id\":\"https:\/\/www.safinel.fr\/produit\/huile-de-carapate\/#primaryimage\"},\"image\":{\"@id\":\"https:\/\/www.safinel.fr\/produit\/huile-de-carapate\/#primaryimage\"},\"thumbnailUrl\":\"https:\/\/www.safinel.fr\/wp-content\/uploads\/2023\/02\/huile-de-carapate.jpg.webp\",\"datePublished\":\"2023-02-04T14:36:16+00:00\",\"dateModified\":\"2023-12-28T17:15:45+00:00\",\"description\":\"L\u2019huile de carapate\u00a0est particuli\u00e8rement conseill\u00e9e si vous avez les cheveux cr\u00e9pus, secs ou fourchus. D\u00e9couvrez-l\u00e0 sans plus attendre !\",\"breadcrumb\":{\"@id\":\"https:\/\/www.safinel.fr\/produit\/huile-de-carapate\/#breadcrumb\"},\"inLanguage\":\"it-IT\",\"potentialAction\":[{\"@type\":\"ReadAction\",\"target\":[\"https:\/\/www.safinel.fr\/produit\/huile-de-carapate\/\"]}]},{\"@type\":\"ImageObject\",\"inLanguage\":\"it-IT\",\"@id\":\"https:\/\/www.safinel.fr\/produit\/huile-de-carapate\/#primaryimage\",\"url\":\"https:\/\/www.safinel.fr\/wp-content\/uploads\/2023\/02\/huile-de-carapate.jpg.webp\",\"contentUrl\":\"https:\/\/www.safinel.fr\/wp-content\/uploads\/2023\/02\/huile-de-carapate.jpg.webp\",\"width\":600,\"height\":600,\"caption\":\"Huile de carapate - huile de ricin noir\"},{\"@type\":\"BreadcrumbList\",\"@id\":\"https:\/\/www.safinel.fr\/produit\/huile-de-carapate\/#breadcrumb\",\"itemListElement\":[{\"@type\":\"ListItem\",\"position\":1,\"name\":\"Accueil\",\"item\":\"https:\/\/www.safinel.fr\/\"},{\"@type\":\"ListItem\",\"position\":2,\"name\":\"Boutique\",\"item\":\"https:\/\/www.safinel.fr\/boutique\/\"},{\"@type\":\"ListItem\",\"position\":3,\"name\":\"Huile de carapate\"}]},{\"@type\":\"WebSite\",\"@id\":\"https:\/\/www.safinel.fr\/#website\",\"url\":\"https:\/\/www.safinel.fr\/\",\"name\":\"Safinel\",\"description\":\"\",\"publisher\":{\"@id\":\"https:\/\/www.safinel.fr\/#organization\"},\"potentialAction\":[{\"@type\":\"SearchAction\",\"target\":{\"@type\":\"EntryPoint\",\"urlTemplate\":\"https:\/\/www.safinel.fr\/?s={search_term_string}\"},\"query-input\":{\"@type\":\"PropertyValueSpecification\",\"valueRequired\":true,\"valueName\":\"search_term_string\"}}],\"inLanguage\":\"it-IT\"},{\"@type\":\"Organization\",\"@id\":\"https:\/\/www.safinel.fr\/#organization\",\"name\":\"Safinel\",\"url\":\"https:\/\/www.safinel.fr\/\",\"logo\":{\"@type\":\"ImageObject\",\"inLanguage\":\"it-IT\",\"@id\":\"https:\/\/www.safinel.fr\/#\/schema\/logo\/image\/\",\"url\":\"https:\/\/www.safinel.fr\/wp-content\/uploads\/2021\/05\/boutique-cosmetique.png\",\"contentUrl\":\"https:\/\/www.safinel.fr\/wp-content\/uploads\/2021\/05\/boutique-cosmetique.png\",\"width\":800,\"height\":200,\"caption\":\"Safinel\"},\"image\":{\"@id\":\"https:\/\/www.safinel.fr\/#\/schema\/logo\/image\/\"}}]}<\/script>\n<!-- \/ Yoast SEO plugin. -->","yoast_head_json":{"title":"Olio di carapato I Olio di ricino nero I Numerosi benefici","description":"L'olio di Carapate \u00e8 particolarmente indicato in caso di punte crespe, secche o spezzate. Scopritelo subito!","robots":{"index":"index","follow":"follow","max-snippet":"max-snippet:-1","max-image-preview":"max-image-preview:large","max-video-preview":"max-video-preview:-1"},"canonical":"https:\/\/www.safinel.fr\/it\/prodotto\/olio-di-carapato\/","og_locale":"it_IT","og_type":"article","og_title":"Huile de carapate I Huile de ricin noir I Bienfaits nombreux","og_description":"L\u2019huile de carapate\u00a0est particuli\u00e8rement conseill\u00e9e si vous avez les cheveux cr\u00e9pus, secs ou fourchus. D\u00e9couvrez-l\u00e0 sans plus attendre !","og_url":"https:\/\/www.safinel.fr\/it\/prodotto\/olio-di-carapato\/","og_site_name":"Safinel","article_modified_time":"2023-12-28T17:15:45+00:00","og_image":[{"width":600,"height":600,"url":"https:\/\/www.safinel.fr\/wp-content\/uploads\/2023\/02\/huile-de-carapate.jpg.webp","type":"image\/webp"}],"twitter_card":"summary_large_image","twitter_misc":{"Tempo di lettura stimato":"3 minuti"},"schema":{"@context":"https:\/\/schema.org","@graph":[{"@type":"WebPage","@id":"https:\/\/www.safinel.fr\/produit\/huile-de-carapate\/","url":"https:\/\/www.safinel.fr\/produit\/huile-de-carapate\/","name":"Olio di carapato I Olio di ricino nero I Numerosi benefici","isPartOf":{"@id":"https:\/\/www.safinel.fr\/#website"},"primaryImageOfPage":{"@id":"https:\/\/www.safinel.fr\/produit\/huile-de-carapate\/#primaryimage"},"image":{"@id":"https:\/\/www.safinel.fr\/produit\/huile-de-carapate\/#primaryimage"},"thumbnailUrl":"https:\/\/www.safinel.fr\/wp-content\/uploads\/2023\/02\/huile-de-carapate.jpg.webp","datePublished":"2023-02-04T14:36:16+00:00","dateModified":"2023-12-28T17:15:45+00:00","description":"L'olio di Carapate \u00e8 particolarmente indicato in caso di punte crespe, secche o spezzate. Scopritelo subito!","breadcrumb":{"@id":"https:\/\/www.safinel.fr\/produit\/huile-de-carapate\/#breadcrumb"},"inLanguage":"it-IT","potentialAction":[{"@type":"ReadAction","target":["https:\/\/www.safinel.fr\/produit\/huile-de-carapate\/"]}]},{"@type":"ImageObject","inLanguage":"it-IT","@id":"https:\/\/www.safinel.fr\/produit\/huile-de-carapate\/#primaryimage","url":"https:\/\/www.safinel.fr\/wp-content\/uploads\/2023\/02\/huile-de-carapate.jpg.webp","contentUrl":"https:\/\/www.safinel.fr\/wp-content\/uploads\/2023\/02\/huile-de-carapate.jpg.webp","width":600,"height":600,"caption":"Huile de carapate - huile de ricin noir"},{"@type":"BreadcrumbList","@id":"https:\/\/www.safinel.fr\/produit\/huile-de-carapate\/#breadcrumb","itemListElement":[{"@type":"ListItem","position":1,"name":"Accueil","item":"https:\/\/www.safinel.fr\/"},{"@type":"ListItem","position":2,"name":"Boutique","item":"https:\/\/www.safinel.fr\/boutique\/"},{"@type":"ListItem","position":3,"name":"Huile de carapate"}]},{"@type":"WebSite","@id":"https:\/\/www.safinel.fr\/#website","url":"https:\/\/www.safinel.fr\/","name":"Safinel","description":"","publisher":{"@id":"https:\/\/www.safinel.fr\/#organization"},"potentialAction":[{"@type":"SearchAction","target":{"@type":"EntryPoint","urlTemplate":"https:\/\/www.safinel.fr\/?s={search_term_string}"},"query-input":{"@type":"PropertyValueSpecification","valueRequired":true,"valueName":"search_term_string"}}],"inLanguage":"it-IT"},{"@type":"Organization","@id":"https:\/\/www.safinel.fr\/#organization","name":"Safinel","url":"https:\/\/www.safinel.fr\/","logo":{"@type":"ImageObject","inLanguage":"it-IT","@id":"https:\/\/www.safinel.fr\/#\/schema\/logo\/image\/","url":"https:\/\/www.safinel.fr\/wp-content\/uploads\/2021\/05\/boutique-cosmetique.png","contentUrl":"https:\/\/www.safinel.fr\/wp-content\/uploads\/2021\/05\/boutique-cosmetique.png","width":800,"height":200,"caption":"Safinel"},"image":{"@id":"https:\/\/www.safinel.fr\/#\/schema\/logo\/image\/"}}]}},"_links":{"self":[{"href":"https:\/\/www.safinel.fr\/it\/wp-json\/wp\/v2\/product\/4483","targetHints":{"allow":["GET"]}}],"collection":[{"href":"https:\/\/www.safinel.fr\/it\/wp-json\/wp\/v2\/product"}],"about":[{"href":"https:\/\/www.safinel.fr\/it\/wp-json\/wp\/v2\/types\/product"}],"wp:featuredmedia":[{"embeddable":true,"href":"https:\/\/www.safinel.fr\/it\/wp-json\/wp\/v2\/media\/4487"}],"wp:attachment":[{"href":"https:\/\/www.safinel.fr\/it\/wp-json\/wp\/v2\/media?parent=4483"}],"wp:term":[{"taxonomy":"product_brand","embeddable":true,"href":"https:\/\/www.safinel.fr\/it\/wp-json\/wp\/v2\/product_brand?post=4483"},{"taxonomy":"product_cat","embeddable":true,"href":"https:\/\/www.safinel.fr\/it\/wp-json\/wp\/v2\/product_cat?post=4483"},{"taxonomy":"product_tag","embeddable":true,"href":"https:\/\/www.safinel.fr\/it\/wp-json\/wp\/v2\/product_tag?post=4483"}],"curies":[{"name":"wp","href":"https:\/\/api.w.org\/{rel}","templated":true}]}}