{"id":4372,"date":"2023-01-28T11:02:09","date_gmt":"2023-01-28T11:02:09","guid":{"rendered":"https:\/\/www.safinel.fr\/?post_type=product&#038;p=4372"},"modified":"2024-03-30T18:12:26","modified_gmt":"2024-03-30T18:12:26","slug":"olio-di-pungitopo-giallo-biologico","status":"publish","type":"product","link":"https:\/\/www.safinel.fr\/it\/prodotto\/olio-di-pungitopo-giallo-biologico\/","title":{"rendered":"Olio di noci di tigre biologico 50ml"},"content":{"rendered":"<p>Gli oli vegetali sono molto apprezzati da\u00a0<strong>Safinel<\/strong>. Come i prodotti naturali in generale. Tra questi, il nostro prezioso\u00a0<strong>Olio di nocciolo di tigre<\/strong>, Un prezioso tesoro della natura che non vediamo l'ora di condividere con voi! Un prezioso tesoro della natura che siamo lieti di condividere con voi!<\/p>\n<h2><strong>Focus sull'olio di noci di tigre, il vostro alleato di bellezza<\/strong><\/h2>\n<p>L\u2019<strong>Olio di nocciolo di tigre\u00a0<\/strong>deriva dai tuberi della pianta erbacea Cyperus esculentus. Conosciuto anche come \u00abChufa\u00bb nella regione di Valencia, in Spagna. \u00c8 un prodotto naturale ottenuto dai suoi tuberi, noti anche come mandorle macinate. Ma forse le conoscete come\u00a0<strong>tigernut<\/strong>, o\u00a0<strong>noce di tigre<\/strong>. Questa pianta \u00e8 ricca di vitamine, minerali e acidi grassi essenziali.<\/p>\n<p>Le sue origini risalgono alla regione del Nilo Bianco, nell'attuale Sudan, dove viene coltivato fin dal V millennio a.C.. Oggi viene coltivato su piccola scala in tutto il mondo. In particolare in Spagna e California, oltre che in Africa (Ghana, Nigeria, Niger, Burkina Faso, Mali, Costa d'Avorio, ecc.).<\/p>\n<h3><strong>Gli innumerevoli benefici dell'olio di nocciolo giallo<\/strong><\/h3>\n<p>L\u2019<strong>Olio di nocciolo di tigre<\/strong>\u00a0\u00e8 noto per i suoi numerosi benefici per la salute e il benessere. \u00c8 molto apprezzato anche per le sue propriet\u00e0 idratanti e riparatrici. Per saperne di pi\u00f9:<\/p>\n<ul>\n<li>I suoi componenti nutritivi, tra cui la vitamina E, l'acido linoleico e l'acido oleico, contribuiscono a mantenere sani pelle e capelli.<\/li>\n<li>Oltre ai benefici per la pelle e i capelli, pu\u00f2 anche aiutare a prevenire e trattare i problemi digestivi. Le noci di tigre contengono fibra solubile, che contribuisce a migliorare la salute dell'intestino e a ridurre il rischio di malattie croniche come il cancro del colon-retto e il diabete.<\/li>\n<li>Le noci di tigre sono anche ricche di vitamine B e K, importanti per la salute delle ossa. Possono aiutare a prevenire l'osteoporosi e a ridurre il rischio di fratture.<\/li>\n<li>Infine, il\u2019<strong>Olio di nocciolo di tigre<\/strong>\u00a0\u00e8 noto per le sue propriet\u00e0 antinfiammatorie. Pu\u00f2 aiutare a ridurre il disagio associato all'artrite e ad altri dolori articolari e muscolari.<\/li>\n<li>\u00c8 stato inoltre riscontrato che aiuta a ridurre il gonfiore e i sintomi di\u2019<a href=\"https:\/\/www.safinel.fr\/it\/prodotto\/grasso-di-cammello\/\"><strong>eczema<\/strong><\/a> e altre condizioni infiammatorie della pelle.<\/li>\n<\/ul>\n<h3><strong>L'olio di nocciolo giallo, il vostro partner anti-capelli<\/strong><\/h3>\n<p>L'olio vegetale di nocciolo giallo \u00e8 una soluzione naturale per combattere la ricrescita dei capelli. \u00c8 ricco di acidi grassi monoinsaturi e antiossidanti, che fanno bene alla pelle e aiutano a eliminare le cellule morte.<\/p>\n<p>Oltre a essere nutriente e idratante, pu\u00f2 contribuire a ridurre la comparsa di peli incarniti e a migliorare la luminosit\u00e0 della pelle. Contribuisce inoltre a mantenere un pH sano e a proteggere dai danni ambientali.<\/p>\n<p>Per ottenere risultati ottimali, applicare l'olio sulla zona interessata e massaggiare delicatamente fino a completo assorbimento. Usatelo regolarmente per ottenere i migliori risultati e godetevi una pelle morbida e senza peli! Un ingrediente che ci ricorda fortemente la preziosa\u00a0<strong><a href=\"https:\/\/manelya.com\/produit\/huile-de-fourmi\/\" target=\"_blank\" rel=\"noopener\">olio di formica<\/a>\u00a0<\/strong>!<\/p>\n<h2><strong>Come si usa questo elisir?<\/strong><\/h2>\n<p>A seconda dell'uso che volete farne, vi daremo qualche consiglio. Il\u2019<strong>Olio di nocciolo di tigre\u00a0<\/strong>pu\u00f2 essere utilizzato in vari modi, a seconda delle vostre aspettative e della vostra routine di cura quotidiana. I suoi ingredienti sono altrettanto benefici sia nell'uso interno che in quello esterno.<\/p>\n<p>Questo\u00a0<strong>olio vegetale<\/strong>\u00a0\u00e8 noto per la sua capacit\u00e0 di ritardare la ricrescita dei capelli. Potete quindi massaggiare le zone interessate ogni mattina e sera. Dopo qualche settimana, noterete gli effetti sui vostri capelli. Ricresceranno pi\u00f9 lentamente e pi\u00f9 fini.<\/p>\n<p>Potete anche prendere due piccioni con una fava, perch\u00e9 \u00e8 ideale per le pelli secche. \u00c8 altamente idratante e lascia la pelle morbida e profondamente nutrita. \u00c8 consigliato anche per le pelli tendenzialmente eczematose, secche, fragili, mature o reattive.<\/p>\n<p>Inoltre, questo elisir pu\u00f2 essere utilizzato anche per nutrire i capelli secchi. Basta applicarlo come maschera e lasciarlo agire per almeno 1 ora. Poi basta fare lo shampoo come di consueto. La fibra capillare sar\u00e0 nutrita in profondit\u00e0 senza appesantire, anche se la\u2019<strong>Olio di nocciolo di tigre<\/strong>\u00a0\u00e8 spessa.<\/p>\n<p>Infine, pu\u00f2 essere utilizzato per realizzare cosmetici fatti in casa. In particolare, combinandolo con altri ingredienti come il burro di karit\u00e9. Per esempio, si pu\u00f2 realizzare un olio anticellulite aggiungendo qualche goccia di olio essenziale di pompelmo.<\/p>\n<h3><strong>Precauzioni<\/strong><\/h3>\n<p>Anche se il\u2019<strong>Olio di nocciolo di tigre<\/strong>\u00a0\u00e8 naturale, ci sono comunque alcune precauzioni da tenere presenti quando lo si usa. Alcuni prodotti, anche quelli naturali, devono essere usati con cura, perch\u00e9 spesso sono fragili. \u00c8 il caso degli oli, che tendono a irrancidire.<\/p>\n<p>Inoltre, \u00e8 piuttosto fragile e pu\u00f2 irrancidire molto rapidamente. Pertanto, \u00e8 bene tenerlo al riparo dalla luce e dal calore. In questo modo si preservano i suoi benefici e il suo sapore. Inoltre, questo olio vegetale deve essere ottenuto con una prima spremitura a freddo.<\/p>\n<p>Infine, pu\u00f2 essere utilizzato in cosmetica. A tal fine, \u00e8 importante verificare che si adatti al tipo di pelle e alla fibra dei capelli. Pu\u00f2 essere utilizzato su tutti i tipi di capelli. \u00c8 inoltre necessario scegliere i prodotti con cui abbinarlo.<\/p>\n<p>Con un sapore che ricorda le noci, questo condimento aggiunger\u00e0 originalit\u00e0 e sapore ai vostri piatti. Se lo utilizzate nella vostra dieta, fate attenzione a rispettare le quantit\u00e0 consigliate e a non esagerare con il consumo. La sua composizione lo rende un alimento altamente calorico.<\/p>\n<p>Per riassumere\u2019<strong>Olio di nocciolo di tigre\u00a0<\/strong>\u00e8 adatto a tutti i tipi di pelle e capelli. Sia che la vostra pelle sia secca, mista, matura o soggetta a eczemi. Ma lo consigliamo anche a chi ha capelli lisci, ricci, crespi o secchi. Infine, pu\u00f2 essere utilizzato da donne in gravidanza o in fase di allattamento e a qualsiasi et\u00e0.<\/p>","protected":false},"excerpt":{"rendered":"<p>Les huiles v\u00e9g\u00e9tales ont la cote chez\u00a0Safinel. Tout comme les produits naturels en g\u00e9n\u00e9ral, d\u2019ailleurs. Parmi eux, notre pr\u00e9cieuse\u00a0huile de souchet, qui se r\u00e9v\u00e8le \u00eatre aussi b\u00e9n\u00e9fique pour la beaut\u00e9 des cheveux que pour la peau. Un pr\u00e9cieux tr\u00e9sor de la nature que nous nous empressons de vous faire d\u00e9couvrir sans plus attendre ! Zoom [&#8230;]","protected":false},"featured_media":4373,"template":"","meta":[],"product_brand":[],"product_cat":[122],"product_tag":[],"class_list":{"0":"post-4372","1":"product","2":"type-product","3":"status-publish","4":"has-post-thumbnail","6":"product_cat-huile-vegetale","8":"first","9":"instock","10":"shipping-taxable","11":"purchasable","12":"product-type-simple"},"yoast_head":"<!-- This site is optimized with the Yoast SEO plugin v26.6 - https:\/\/yoast.com\/wordpress\/plugins\/seo\/ -->\n<title>Huile de souchet bio I Bienfaits nombreux I 50ml<\/title>\n<meta name=\"description\" content=\"Notre pr\u00e9cieuse\u00a0huile de souchet, qui se r\u00e9v\u00e8le \u00eatre aussi b\u00e9n\u00e9fique pour la beaut\u00e9 des cheveux que pour la peau. D\u00e9couvrez-l\u00e0 sans plus attendre !\" \/>\n<meta name=\"robots\" content=\"index, follow, max-snippet:-1, max-image-preview:large, max-video-preview:-1\" \/>\n<link rel=\"canonical\" href=\"https:\/\/www.safinel.fr\/it\/prodotto\/olio-di-pungitopo-giallo-biologico\/\" \/>\n<meta property=\"og:locale\" content=\"it_IT\" \/>\n<meta property=\"og:type\" content=\"article\" \/>\n<meta property=\"og:title\" content=\"Huile de souchet bio I Bienfaits nombreux I 50ml\" \/>\n<meta property=\"og:description\" content=\"Notre pr\u00e9cieuse\u00a0huile de souchet, qui se r\u00e9v\u00e8le \u00eatre aussi b\u00e9n\u00e9fique pour la beaut\u00e9 des cheveux que pour la peau. D\u00e9couvrez-l\u00e0 sans plus attendre !\" \/>\n<meta property=\"og:url\" content=\"https:\/\/www.safinel.fr\/it\/prodotto\/olio-di-pungitopo-giallo-biologico\/\" \/>\n<meta property=\"og:site_name\" content=\"Safinel\" \/>\n<meta property=\"article:modified_time\" content=\"2024-03-30T18:12:26+00:00\" \/>\n<meta property=\"og:image\" content=\"https:\/\/www.safinel.fr\/wp-content\/uploads\/2023\/01\/huile-de-souchet.jpg.webp\" \/>\n\t<meta property=\"og:image:width\" content=\"600\" \/>\n\t<meta property=\"og:image:height\" content=\"600\" \/>\n\t<meta property=\"og:image:type\" content=\"image\/webp\" \/>\n<meta name=\"twitter:card\" content=\"summary_large_image\" \/>\n<meta name=\"twitter:label1\" content=\"Tempo di lettura stimato\" \/>\n\t<meta name=\"twitter:data1\" content=\"6 minuti\" \/>\n<script type=\"application\/ld+json\" class=\"yoast-schema-graph\">{\"@context\":\"https:\/\/schema.org\",\"@graph\":[{\"@type\":\"WebPage\",\"@id\":\"https:\/\/www.safinel.fr\/produit\/huile-de-souchet-bio\/\",\"url\":\"https:\/\/www.safinel.fr\/produit\/huile-de-souchet-bio\/\",\"name\":\"Huile de souchet bio I Bienfaits nombreux I 50ml\",\"isPartOf\":{\"@id\":\"https:\/\/www.safinel.fr\/#website\"},\"primaryImageOfPage\":{\"@id\":\"https:\/\/www.safinel.fr\/produit\/huile-de-souchet-bio\/#primaryimage\"},\"image\":{\"@id\":\"https:\/\/www.safinel.fr\/produit\/huile-de-souchet-bio\/#primaryimage\"},\"thumbnailUrl\":\"https:\/\/www.safinel.fr\/wp-content\/uploads\/2023\/01\/huile-de-souchet.jpg.webp\",\"datePublished\":\"2023-01-28T11:02:09+00:00\",\"dateModified\":\"2024-03-30T18:12:26+00:00\",\"description\":\"Notre pr\u00e9cieuse\u00a0huile de souchet, qui se r\u00e9v\u00e8le \u00eatre aussi b\u00e9n\u00e9fique pour la beaut\u00e9 des cheveux que pour la peau. D\u00e9couvrez-l\u00e0 sans plus attendre !\",\"breadcrumb\":{\"@id\":\"https:\/\/www.safinel.fr\/produit\/huile-de-souchet-bio\/#breadcrumb\"},\"inLanguage\":\"it-IT\",\"potentialAction\":[{\"@type\":\"ReadAction\",\"target\":[\"https:\/\/www.safinel.fr\/produit\/huile-de-souchet-bio\/\"]}]},{\"@type\":\"ImageObject\",\"inLanguage\":\"it-IT\",\"@id\":\"https:\/\/www.safinel.fr\/produit\/huile-de-souchet-bio\/#primaryimage\",\"url\":\"https:\/\/www.safinel.fr\/wp-content\/uploads\/2023\/01\/huile-de-souchet.jpg.webp\",\"contentUrl\":\"https:\/\/www.safinel.fr\/wp-content\/uploads\/2023\/01\/huile-de-souchet.jpg.webp\",\"width\":600,\"height\":600,\"caption\":\"Huile de souchet bio 50ml\"},{\"@type\":\"BreadcrumbList\",\"@id\":\"https:\/\/www.safinel.fr\/produit\/huile-de-souchet-bio\/#breadcrumb\",\"itemListElement\":[{\"@type\":\"ListItem\",\"position\":1,\"name\":\"Accueil\",\"item\":\"https:\/\/www.safinel.fr\/\"},{\"@type\":\"ListItem\",\"position\":2,\"name\":\"Boutique\",\"item\":\"https:\/\/www.safinel.fr\/boutique\/\"},{\"@type\":\"ListItem\",\"position\":3,\"name\":\"Huile de souchet bio 50ml\"}]},{\"@type\":\"WebSite\",\"@id\":\"https:\/\/www.safinel.fr\/#website\",\"url\":\"https:\/\/www.safinel.fr\/\",\"name\":\"Safinel\",\"description\":\"\",\"publisher\":{\"@id\":\"https:\/\/www.safinel.fr\/#organization\"},\"potentialAction\":[{\"@type\":\"SearchAction\",\"target\":{\"@type\":\"EntryPoint\",\"urlTemplate\":\"https:\/\/www.safinel.fr\/?s={search_term_string}\"},\"query-input\":{\"@type\":\"PropertyValueSpecification\",\"valueRequired\":true,\"valueName\":\"search_term_string\"}}],\"inLanguage\":\"it-IT\"},{\"@type\":\"Organization\",\"@id\":\"https:\/\/www.safinel.fr\/#organization\",\"name\":\"Safinel\",\"url\":\"https:\/\/www.safinel.fr\/\",\"logo\":{\"@type\":\"ImageObject\",\"inLanguage\":\"it-IT\",\"@id\":\"https:\/\/www.safinel.fr\/#\/schema\/logo\/image\/\",\"url\":\"https:\/\/www.safinel.fr\/wp-content\/uploads\/2021\/05\/boutique-cosmetique.png\",\"contentUrl\":\"https:\/\/www.safinel.fr\/wp-content\/uploads\/2021\/05\/boutique-cosmetique.png\",\"width\":800,\"height\":200,\"caption\":\"Safinel\"},\"image\":{\"@id\":\"https:\/\/www.safinel.fr\/#\/schema\/logo\/image\/\"}}]}<\/script>\n<!-- \/ Yoast SEO plugin. -->","yoast_head_json":{"title":"Olio di noci di tigre biologico I Molti benefici I 50ml","description":"Il nostro prezioso olio di noci di tigre, benefico per la bellezza dei capelli quanto per la pelle. Scopritelo subito!","robots":{"index":"index","follow":"follow","max-snippet":"max-snippet:-1","max-image-preview":"max-image-preview:large","max-video-preview":"max-video-preview:-1"},"canonical":"https:\/\/www.safinel.fr\/it\/prodotto\/olio-di-pungitopo-giallo-biologico\/","og_locale":"it_IT","og_type":"article","og_title":"Huile de souchet bio I Bienfaits nombreux I 50ml","og_description":"Notre pr\u00e9cieuse\u00a0huile de souchet, qui se r\u00e9v\u00e8le \u00eatre aussi b\u00e9n\u00e9fique pour la beaut\u00e9 des cheveux que pour la peau. D\u00e9couvrez-l\u00e0 sans plus attendre !","og_url":"https:\/\/www.safinel.fr\/it\/prodotto\/olio-di-pungitopo-giallo-biologico\/","og_site_name":"Safinel","article_modified_time":"2024-03-30T18:12:26+00:00","og_image":[{"width":600,"height":600,"url":"https:\/\/www.safinel.fr\/wp-content\/uploads\/2023\/01\/huile-de-souchet.jpg.webp","type":"image\/webp"}],"twitter_card":"summary_large_image","twitter_misc":{"Tempo di lettura stimato":"6 minuti"},"schema":{"@context":"https:\/\/schema.org","@graph":[{"@type":"WebPage","@id":"https:\/\/www.safinel.fr\/produit\/huile-de-souchet-bio\/","url":"https:\/\/www.safinel.fr\/produit\/huile-de-souchet-bio\/","name":"Olio di noci di tigre biologico I Molti benefici I 50ml","isPartOf":{"@id":"https:\/\/www.safinel.fr\/#website"},"primaryImageOfPage":{"@id":"https:\/\/www.safinel.fr\/produit\/huile-de-souchet-bio\/#primaryimage"},"image":{"@id":"https:\/\/www.safinel.fr\/produit\/huile-de-souchet-bio\/#primaryimage"},"thumbnailUrl":"https:\/\/www.safinel.fr\/wp-content\/uploads\/2023\/01\/huile-de-souchet.jpg.webp","datePublished":"2023-01-28T11:02:09+00:00","dateModified":"2024-03-30T18:12:26+00:00","description":"Il nostro prezioso olio di noci di tigre, benefico per la bellezza dei capelli quanto per la pelle. Scopritelo subito!","breadcrumb":{"@id":"https:\/\/www.safinel.fr\/produit\/huile-de-souchet-bio\/#breadcrumb"},"inLanguage":"it-IT","potentialAction":[{"@type":"ReadAction","target":["https:\/\/www.safinel.fr\/produit\/huile-de-souchet-bio\/"]}]},{"@type":"ImageObject","inLanguage":"it-IT","@id":"https:\/\/www.safinel.fr\/produit\/huile-de-souchet-bio\/#primaryimage","url":"https:\/\/www.safinel.fr\/wp-content\/uploads\/2023\/01\/huile-de-souchet.jpg.webp","contentUrl":"https:\/\/www.safinel.fr\/wp-content\/uploads\/2023\/01\/huile-de-souchet.jpg.webp","width":600,"height":600,"caption":"Huile de souchet bio 50ml"},{"@type":"BreadcrumbList","@id":"https:\/\/www.safinel.fr\/produit\/huile-de-souchet-bio\/#breadcrumb","itemListElement":[{"@type":"ListItem","position":1,"name":"Accueil","item":"https:\/\/www.safinel.fr\/"},{"@type":"ListItem","position":2,"name":"Boutique","item":"https:\/\/www.safinel.fr\/boutique\/"},{"@type":"ListItem","position":3,"name":"Huile de souchet bio 50ml"}]},{"@type":"WebSite","@id":"https:\/\/www.safinel.fr\/#website","url":"https:\/\/www.safinel.fr\/","name":"Safinel","description":"","publisher":{"@id":"https:\/\/www.safinel.fr\/#organization"},"potentialAction":[{"@type":"SearchAction","target":{"@type":"EntryPoint","urlTemplate":"https:\/\/www.safinel.fr\/?s={search_term_string}"},"query-input":{"@type":"PropertyValueSpecification","valueRequired":true,"valueName":"search_term_string"}}],"inLanguage":"it-IT"},{"@type":"Organization","@id":"https:\/\/www.safinel.fr\/#organization","name":"Safinel","url":"https:\/\/www.safinel.fr\/","logo":{"@type":"ImageObject","inLanguage":"it-IT","@id":"https:\/\/www.safinel.fr\/#\/schema\/logo\/image\/","url":"https:\/\/www.safinel.fr\/wp-content\/uploads\/2021\/05\/boutique-cosmetique.png","contentUrl":"https:\/\/www.safinel.fr\/wp-content\/uploads\/2021\/05\/boutique-cosmetique.png","width":800,"height":200,"caption":"Safinel"},"image":{"@id":"https:\/\/www.safinel.fr\/#\/schema\/logo\/image\/"}}]}},"_links":{"self":[{"href":"https:\/\/www.safinel.fr\/it\/wp-json\/wp\/v2\/product\/4372","targetHints":{"allow":["GET"]}}],"collection":[{"href":"https:\/\/www.safinel.fr\/it\/wp-json\/wp\/v2\/product"}],"about":[{"href":"https:\/\/www.safinel.fr\/it\/wp-json\/wp\/v2\/types\/product"}],"wp:featuredmedia":[{"embeddable":true,"href":"https:\/\/www.safinel.fr\/it\/wp-json\/wp\/v2\/media\/4373"}],"wp:attachment":[{"href":"https:\/\/www.safinel.fr\/it\/wp-json\/wp\/v2\/media?parent=4372"}],"wp:term":[{"taxonomy":"product_brand","embeddable":true,"href":"https:\/\/www.safinel.fr\/it\/wp-json\/wp\/v2\/product_brand?post=4372"},{"taxonomy":"product_cat","embeddable":true,"href":"https:\/\/www.safinel.fr\/it\/wp-json\/wp\/v2\/product_cat?post=4372"},{"taxonomy":"product_tag","embeddable":true,"href":"https:\/\/www.safinel.fr\/it\/wp-json\/wp\/v2\/product_tag?post=4372"}],"curies":[{"name":"wp","href":"https:\/\/api.w.org\/{rel}","templated":true}]}}