{"id":4328,"date":"2023-01-24T15:12:47","date_gmt":"2023-01-24T15:12:47","guid":{"rendered":"https:\/\/www.safinel.fr\/?post_type=product&#038;p=4328"},"modified":"2023-12-30T12:16:42","modified_gmt":"2023-12-30T12:16:42","slug":"cartilagine-di-squalo","status":"publish","type":"product","link":"https:\/\/www.safinel.fr\/it\/prodotto\/cartilagine-di-squalo\/","title":{"rendered":"60 capsule di cartilagine di squalo"},"content":{"rendered":"<p>Avete mai sentito parlare di\u00a0<strong>cartilagine di squalo<\/strong>\u00a0? Anche se pu\u00f2 sembrarvi strano, \u00e8 un'ottima fonte di calcio e di vitamina D! Scoprite questo alleato poco conosciuto del vostro capitale articolare e osseo!<\/p>\n<h2><strong>Cartilagine di squalo<\/strong>\u2019<strong>\u00e8<\/strong>\u2019<strong>\u00e8?<\/strong><\/h2>\n<p>La cartilagine di squalo, come quella umana, \u00e8 un tessuto resistente ma flessibile. Non vascolarizzato, ricopre la superficie delle ossa in corrispondenza delle articolazioni. Pu\u00f2 anche costituire l'ossatura di alcuni organi (l'orecchio, per esempio!).<\/p>\n<p>Soprattutto, \u00e8 una fonte naturale di proteine del collagene. Contiene anche calcio, condroitina e fosforo.<\/p>\n<p>Il calcio \u00e8 il minerale pi\u00f9 abbondante nel corpo umano. Infatti, ne rappresenta da 1 a 1,5 kg. E 99% di esso contribuisce alla forza delle ossa e dei denti.<\/p>\n<p>Inoltre, il secondo minerale pi\u00f9 importante \u00e8 il fosforo, un componente essenziale delle nostre cellule ossee. Infatti, 85% di questo fosforo \u00e8 associato al calcio osseo.<\/p>\n<p>Le proteine del collagene e la condroitina sono due componenti essenziali della cartilagine.<\/p>\n<p>Avete capito bene: la cartilagine di squalo fornisce un supporto significativo all'intero sistema osseo! Aiuta a mantenere ossa e denti normali!<\/p>\n<p>La cartilagine utilizzata proviene da una specie di squalo non a rischio di estinzione, pescata a scopo alimentare.<\/p>\n<h2><strong>Perch\u00e9 assumere la cartilagine di squalo?<\/strong><\/h2>\n<p>Le ricerche sul potenziale antitumorale di questo prodotto sono in corso. Finora non c'\u00e8 nulla di conclusivo.<\/p>\n<p>Oggi invece vi parleremo della salute delle vostre articolazioni! Osteoartrite, artrite, dolori articolari: la cartilagine di squalo funziona!<\/p>\n<p>Ha molte propriet\u00e0 medicinali.<\/p>\n<p>Benessere delle articolazioni: ha un effetto benefico sulle articolazioni. A lungo termine, aiuta ad alleviare l'artrite, l'osteoartrite e l'artrite reumatoide.<\/p>\n<p>Contribuisce inoltre a migliorare la mobilit\u00e0 generale.<\/p>\n<p>Aiuta a rinnovare la cartilagine. Grazie in particolare alla glucosamina e alla condroitina che contiene. componenti sopra citati.<\/p>\n<p>Ma ne limita anche la degradazione e contribuisce a rimineralizzare le articolazioni.<\/p>\n<p>Si \u00e8 dimostrato efficace anche nel trattamento di disturbi infiammatori. In particolare emorroidi e rettocolite. Ma anche psoriasi e allergie cutanee acute.<\/p>\n<h3><strong>Cartilagine di squalo: precauzioni di sicurezza<\/strong>\u2019<strong>utilizzo<\/strong><\/h3>\n<p>A causa della sua azione anti-angiogenica, non dovrebbe essere utilizzato:<\/p>\n<ul>\n<li>nelle donne in gravidanza e in allattamento<\/li>\n<li>cos\u00ec come nei bambini<\/li>\n<li>cos\u00ec come nelle persone che soffrono di una ferita (in seguito a una lesione o a un intervento chirurgico).<\/li>\n<\/ul>\n<p>Non utilizzare questo prodotto se si \u00e8 allergici a pesce, crostacei e\/o molluschi.<\/p>\n<h3><strong>Safinel, il negozio di prodotti naturali e africani!<\/strong><\/h3>\n<p>Scoprite il nostro negozio online: l'e-commerce che fa bene!<\/p>\n<p>Offriamo solo cosmetici naturali, accuratamente selezionati per voi!<\/p>\n<p>Troverete una vasta gamma di articoli,<\/p>\n<p>Ed \u00e8 tutto dedicato alle donne! Ecco alcuni dei punti salienti:<\/p>\n<ul>\n<li>aiuti naturali alla fertilit\u00e0, e naturalmente sono riconosciuti! Come ad esempio\u00a0<strong>capsule di polline di palma<\/strong>\u00a0o il<strong>\u00a0rosa di Gerico<\/strong>\u00a0;<\/li>\n<li>erbe che aiutano a stringere la vagina, come ad esempio\u00a0<strong>polvere di nep-nep<\/strong>\u00a0;<\/li>\n<li>o per calmare le mestruazioni dolorose, come il\u00a0<strong>Frutta a 4 facce<\/strong>\u00a0;<\/li>\n<li>Ma anche il\u00a0<a href=\"https:\/\/www.safinel.fr\/it\/prodotto\/radici-di-vetiver\/\"><strong>khamar\u00e9<\/strong><\/a>, per l'uso post-partum. O per la secchezza vaginale, ad esempio!<\/li>\n<\/ul>\n<p>E non \u00e8 tutto! Potete anche scoprire tisane e polveri vegetali per dare una spinta al vostro corpo.\u00a0<strong>fertilit\u00e0<\/strong>, ma anche\u00a0<strong>piante afrodisiache<\/strong>.<\/p>\n<p>In un'altra ottica, offriamo piante per curare in modo naturale tutta la famiglia (<strong>eucalipto<\/strong>,\u00a0<strong>foglie di tulsi<\/strong>...)<\/p>\n<p>O semplicemente prendersi cura di s\u00e9, dalla punta dei piedi alla radice dei capelli! Con\u00a0<strong>burro di karit\u00e9<\/strong>, il\u00a0<strong>Bhringaraj<\/strong>, e anche<strong>\u00a0<a href=\"https:\/\/www.safinel.fr\/it\/categoria-prodotto\/botox-per-capelli\/\">Botox per capelli<\/a><\/strong>\u00a0!<\/p>","protected":false},"excerpt":{"rendered":"<p>Avete mai sentito parlare della cartilagine di squalo? Anche se pu\u00f2 sembrare strano, \u00e8 un'ottima fonte di calcio e vitamina D! Focus su questo alleato sconosciuto delle vostre articolazioni e delle vostre ossa! La cartilagine di squalo: che cos'\u00e8? La cartilagine di squalo, proprio come quella umana, [\u2026]","protected":false},"featured_media":4331,"template":"","meta":[],"product_brand":[],"product_cat":[15],"product_tag":[],"class_list":{"0":"post-4328","1":"product","2":"type-product","3":"status-publish","4":"has-post-thumbnail","6":"product_cat-fertilite","8":"first","9":"outofstock","10":"shipping-taxable","11":"purchasable","12":"product-type-simple"},"yoast_head":"<!-- This site is optimized with the Yoast SEO plugin v26.6 - https:\/\/yoast.com\/wordpress\/plugins\/seo\/ -->\n<title>Cartilage de requin I 60 g\u00e9lules I Bienfaits nombreux<\/title>\n<meta name=\"description\" content=\"Avez-vous d\u00e9j\u00e0 entendu parler du\u00a0cartilage de requin\u00a0? Bien que cela puisse vous para\u00eetre \u00e9trange, c\u2019est une excellente source de calcium et de vitamine D !\" \/>\n<meta name=\"robots\" content=\"index, follow, max-snippet:-1, max-image-preview:large, max-video-preview:-1\" \/>\n<link rel=\"canonical\" href=\"https:\/\/www.safinel.fr\/it\/prodotto\/cartilagine-di-squalo\/\" \/>\n<meta property=\"og:locale\" content=\"it_IT\" \/>\n<meta property=\"og:type\" content=\"article\" \/>\n<meta property=\"og:title\" content=\"Cartilage de requin I 60 g\u00e9lules I Bienfaits nombreux\" \/>\n<meta property=\"og:description\" content=\"Avez-vous d\u00e9j\u00e0 entendu parler du\u00a0cartilage de requin\u00a0? Bien que cela puisse vous para\u00eetre \u00e9trange, c\u2019est une excellente source de calcium et de vitamine D !\" \/>\n<meta property=\"og:url\" content=\"https:\/\/www.safinel.fr\/it\/prodotto\/cartilagine-di-squalo\/\" \/>\n<meta property=\"og:site_name\" content=\"Safinel\" \/>\n<meta property=\"article:modified_time\" content=\"2023-12-30T12:16:42+00:00\" \/>\n<meta property=\"og:image\" content=\"https:\/\/www.safinel.fr\/wp-content\/uploads\/2023\/01\/gelules-de-cartilage-de-requin.jpg\" \/>\n\t<meta property=\"og:image:width\" content=\"600\" \/>\n\t<meta property=\"og:image:height\" content=\"600\" \/>\n\t<meta property=\"og:image:type\" content=\"image\/jpeg\" \/>\n<meta name=\"twitter:card\" content=\"summary_large_image\" \/>\n<meta name=\"twitter:label1\" content=\"Tempo di lettura stimato\" \/>\n\t<meta name=\"twitter:data1\" content=\"3 minuti\" \/>\n<script type=\"application\/ld+json\" class=\"yoast-schema-graph\">{\"@context\":\"https:\/\/schema.org\",\"@graph\":[{\"@type\":\"WebPage\",\"@id\":\"https:\/\/www.safinel.fr\/produit\/cartilage-de-requin\/\",\"url\":\"https:\/\/www.safinel.fr\/produit\/cartilage-de-requin\/\",\"name\":\"Cartilage de requin I 60 g\u00e9lules I Bienfaits nombreux\",\"isPartOf\":{\"@id\":\"https:\/\/www.safinel.fr\/#website\"},\"primaryImageOfPage\":{\"@id\":\"https:\/\/www.safinel.fr\/produit\/cartilage-de-requin\/#primaryimage\"},\"image\":{\"@id\":\"https:\/\/www.safinel.fr\/produit\/cartilage-de-requin\/#primaryimage\"},\"thumbnailUrl\":\"https:\/\/www.safinel.fr\/wp-content\/uploads\/2023\/01\/gelules-de-cartilage-de-requin.jpg\",\"datePublished\":\"2023-01-24T15:12:47+00:00\",\"dateModified\":\"2023-12-30T12:16:42+00:00\",\"description\":\"Avez-vous d\u00e9j\u00e0 entendu parler du\u00a0cartilage de requin\u00a0? Bien que cela puisse vous para\u00eetre \u00e9trange, c\u2019est une excellente source de calcium et de vitamine D !\",\"breadcrumb\":{\"@id\":\"https:\/\/www.safinel.fr\/produit\/cartilage-de-requin\/#breadcrumb\"},\"inLanguage\":\"it-IT\",\"potentialAction\":[{\"@type\":\"ReadAction\",\"target\":[\"https:\/\/www.safinel.fr\/produit\/cartilage-de-requin\/\"]}]},{\"@type\":\"ImageObject\",\"inLanguage\":\"it-IT\",\"@id\":\"https:\/\/www.safinel.fr\/produit\/cartilage-de-requin\/#primaryimage\",\"url\":\"https:\/\/www.safinel.fr\/wp-content\/uploads\/2023\/01\/gelules-de-cartilage-de-requin.jpg\",\"contentUrl\":\"https:\/\/www.safinel.fr\/wp-content\/uploads\/2023\/01\/gelules-de-cartilage-de-requin.jpg\",\"width\":600,\"height\":600,\"caption\":\"60 g\u00e9lules de cartilage de requin\"},{\"@type\":\"BreadcrumbList\",\"@id\":\"https:\/\/www.safinel.fr\/produit\/cartilage-de-requin\/#breadcrumb\",\"itemListElement\":[{\"@type\":\"ListItem\",\"position\":1,\"name\":\"Accueil\",\"item\":\"https:\/\/www.safinel.fr\/\"},{\"@type\":\"ListItem\",\"position\":2,\"name\":\"Boutique\",\"item\":\"https:\/\/www.safinel.fr\/boutique\/\"},{\"@type\":\"ListItem\",\"position\":3,\"name\":\"60 g\u00e9lules de cartilage de requin\"}]},{\"@type\":\"WebSite\",\"@id\":\"https:\/\/www.safinel.fr\/#website\",\"url\":\"https:\/\/www.safinel.fr\/\",\"name\":\"Safinel\",\"description\":\"\",\"publisher\":{\"@id\":\"https:\/\/www.safinel.fr\/#organization\"},\"potentialAction\":[{\"@type\":\"SearchAction\",\"target\":{\"@type\":\"EntryPoint\",\"urlTemplate\":\"https:\/\/www.safinel.fr\/?s={search_term_string}\"},\"query-input\":{\"@type\":\"PropertyValueSpecification\",\"valueRequired\":true,\"valueName\":\"search_term_string\"}}],\"inLanguage\":\"it-IT\"},{\"@type\":\"Organization\",\"@id\":\"https:\/\/www.safinel.fr\/#organization\",\"name\":\"Safinel\",\"url\":\"https:\/\/www.safinel.fr\/\",\"logo\":{\"@type\":\"ImageObject\",\"inLanguage\":\"it-IT\",\"@id\":\"https:\/\/www.safinel.fr\/#\/schema\/logo\/image\/\",\"url\":\"https:\/\/www.safinel.fr\/wp-content\/uploads\/2021\/05\/boutique-cosmetique.png\",\"contentUrl\":\"https:\/\/www.safinel.fr\/wp-content\/uploads\/2021\/05\/boutique-cosmetique.png\",\"width\":800,\"height\":200,\"caption\":\"Safinel\"},\"image\":{\"@id\":\"https:\/\/www.safinel.fr\/#\/schema\/logo\/image\/\"}}]}<\/script>\n<!-- \/ Yoast SEO plugin. -->","yoast_head_json":{"title":"Cartilagine di squalo I 60 capsule I Numerosi benefici","description":"Avete mai sentito parlare della cartilagine di squalo? Pu\u00f2 sembrare strano, ma \u00e8 un'ottima fonte di calcio e vitamina D!","robots":{"index":"index","follow":"follow","max-snippet":"max-snippet:-1","max-image-preview":"max-image-preview:large","max-video-preview":"max-video-preview:-1"},"canonical":"https:\/\/www.safinel.fr\/it\/prodotto\/cartilagine-di-squalo\/","og_locale":"it_IT","og_type":"article","og_title":"Cartilage de requin I 60 g\u00e9lules I Bienfaits nombreux","og_description":"Avez-vous d\u00e9j\u00e0 entendu parler du\u00a0cartilage de requin\u00a0? Bien que cela puisse vous para\u00eetre \u00e9trange, c\u2019est une excellente source de calcium et de vitamine D !","og_url":"https:\/\/www.safinel.fr\/it\/prodotto\/cartilagine-di-squalo\/","og_site_name":"Safinel","article_modified_time":"2023-12-30T12:16:42+00:00","og_image":[{"width":600,"height":600,"url":"https:\/\/www.safinel.fr\/wp-content\/uploads\/2023\/01\/gelules-de-cartilage-de-requin.jpg","type":"image\/jpeg"}],"twitter_card":"summary_large_image","twitter_misc":{"Tempo di lettura stimato":"3 minuti"},"schema":{"@context":"https:\/\/schema.org","@graph":[{"@type":"WebPage","@id":"https:\/\/www.safinel.fr\/produit\/cartilage-de-requin\/","url":"https:\/\/www.safinel.fr\/produit\/cartilage-de-requin\/","name":"Cartilagine di squalo I 60 capsule I Numerosi benefici","isPartOf":{"@id":"https:\/\/www.safinel.fr\/#website"},"primaryImageOfPage":{"@id":"https:\/\/www.safinel.fr\/produit\/cartilage-de-requin\/#primaryimage"},"image":{"@id":"https:\/\/www.safinel.fr\/produit\/cartilage-de-requin\/#primaryimage"},"thumbnailUrl":"https:\/\/www.safinel.fr\/wp-content\/uploads\/2023\/01\/gelules-de-cartilage-de-requin.jpg","datePublished":"2023-01-24T15:12:47+00:00","dateModified":"2023-12-30T12:16:42+00:00","description":"Avete mai sentito parlare della cartilagine di squalo? Pu\u00f2 sembrare strano, ma \u00e8 un'ottima fonte di calcio e vitamina D!","breadcrumb":{"@id":"https:\/\/www.safinel.fr\/produit\/cartilage-de-requin\/#breadcrumb"},"inLanguage":"it-IT","potentialAction":[{"@type":"ReadAction","target":["https:\/\/www.safinel.fr\/produit\/cartilage-de-requin\/"]}]},{"@type":"ImageObject","inLanguage":"it-IT","@id":"https:\/\/www.safinel.fr\/produit\/cartilage-de-requin\/#primaryimage","url":"https:\/\/www.safinel.fr\/wp-content\/uploads\/2023\/01\/gelules-de-cartilage-de-requin.jpg","contentUrl":"https:\/\/www.safinel.fr\/wp-content\/uploads\/2023\/01\/gelules-de-cartilage-de-requin.jpg","width":600,"height":600,"caption":"60 g\u00e9lules de cartilage de requin"},{"@type":"BreadcrumbList","@id":"https:\/\/www.safinel.fr\/produit\/cartilage-de-requin\/#breadcrumb","itemListElement":[{"@type":"ListItem","position":1,"name":"Accueil","item":"https:\/\/www.safinel.fr\/"},{"@type":"ListItem","position":2,"name":"Boutique","item":"https:\/\/www.safinel.fr\/boutique\/"},{"@type":"ListItem","position":3,"name":"60 g\u00e9lules de cartilage de requin"}]},{"@type":"WebSite","@id":"https:\/\/www.safinel.fr\/#website","url":"https:\/\/www.safinel.fr\/","name":"Safinel","description":"","publisher":{"@id":"https:\/\/www.safinel.fr\/#organization"},"potentialAction":[{"@type":"SearchAction","target":{"@type":"EntryPoint","urlTemplate":"https:\/\/www.safinel.fr\/?s={search_term_string}"},"query-input":{"@type":"PropertyValueSpecification","valueRequired":true,"valueName":"search_term_string"}}],"inLanguage":"it-IT"},{"@type":"Organization","@id":"https:\/\/www.safinel.fr\/#organization","name":"Safinel","url":"https:\/\/www.safinel.fr\/","logo":{"@type":"ImageObject","inLanguage":"it-IT","@id":"https:\/\/www.safinel.fr\/#\/schema\/logo\/image\/","url":"https:\/\/www.safinel.fr\/wp-content\/uploads\/2021\/05\/boutique-cosmetique.png","contentUrl":"https:\/\/www.safinel.fr\/wp-content\/uploads\/2021\/05\/boutique-cosmetique.png","width":800,"height":200,"caption":"Safinel"},"image":{"@id":"https:\/\/www.safinel.fr\/#\/schema\/logo\/image\/"}}]}},"_links":{"self":[{"href":"https:\/\/www.safinel.fr\/it\/wp-json\/wp\/v2\/product\/4328","targetHints":{"allow":["GET"]}}],"collection":[{"href":"https:\/\/www.safinel.fr\/it\/wp-json\/wp\/v2\/product"}],"about":[{"href":"https:\/\/www.safinel.fr\/it\/wp-json\/wp\/v2\/types\/product"}],"wp:featuredmedia":[{"embeddable":true,"href":"https:\/\/www.safinel.fr\/it\/wp-json\/wp\/v2\/media\/4331"}],"wp:attachment":[{"href":"https:\/\/www.safinel.fr\/it\/wp-json\/wp\/v2\/media?parent=4328"}],"wp:term":[{"taxonomy":"product_brand","embeddable":true,"href":"https:\/\/www.safinel.fr\/it\/wp-json\/wp\/v2\/product_brand?post=4328"},{"taxonomy":"product_cat","embeddable":true,"href":"https:\/\/www.safinel.fr\/it\/wp-json\/wp\/v2\/product_cat?post=4328"},{"taxonomy":"product_tag","embeddable":true,"href":"https:\/\/www.safinel.fr\/it\/wp-json\/wp\/v2\/product_tag?post=4328"}],"curies":[{"name":"wp","href":"https:\/\/api.w.org\/{rel}","templated":true}]}}