{"id":4301,"date":"2023-01-22T17:33:41","date_gmt":"2023-01-22T17:33:41","guid":{"rendered":"https:\/\/www.safinel.fr\/?post_type=product&#038;p=4301"},"modified":"2024-08-08T11:13:13","modified_gmt":"2024-08-08T11:13:13","slug":"grasso-di-cammello","status":"publish","type":"product","link":"https:\/\/www.safinel.fr\/it\/prodotto\/grasso-di-cammello\/","title":{"rendered":"Grasso di cammello 45 g"},"content":{"rendered":"<p><strong>Grasso di cammello.\u00a0<\/strong>Se non avete ancora sentito questo termine, sappiate che dietro di esso si cela\u00a0<strong>un prodotto ricco di benefici.<\/strong>\u00a0Riflettori puntati sul grasso di cammello, una novit\u00e0 del nostro negozio che<strong>\u00a0da non perdere!<\/strong><\/p>\n<h2><strong>Il grasso di cammello, un gioiello poco conosciuto<\/strong><\/h2>\n<p>In effetti, \u00e8 un<strong>\u00a0un prodotto raro e poco conosciuto<\/strong>\u00a0di cui stiamo parlando. Visitare\u00a0<a href=\"https:\/\/www.campings.ma\" target=\"_blank\" rel=\"noopener\"><strong>direttamente dal Marocco<\/strong><\/a>, questo piccolo gioiello\u00a0<strong>\u00e8 anche conosciuto come daroua<\/strong>. Cos\u00ec la leggenda secondo cui le gobbe dei cammelli contengono acqua \u00e8 stata abolita! \u00c8 infatti il grasso, e non un grasso qualsiasi, a contenere le loro gobbe.<\/p>\n<p>Questo\u00a0<strong>ci offre un prodotto di alta qualit\u00e0 in grado di alleviare una vasta gamma di disturbi articolari e cutanei, in particolare<\/strong>. Vediamo pi\u00f9 da vicino i suoi vantaggi.<\/p>\n<h2><strong>I benefici del grasso della gobba di cammello\u00a0<\/strong><\/h2>\n<p><strong>I benefici del grasso di cammello marocchino<\/strong>, sono osservati in primo luogo\u00a0<strong>per i problemi articolari<\/strong>. Se siete inclini a<strong>\u00a0problemi di artrite, osteoartrite o reumatismi<\/strong>\u00a0questo \u00e8 il prodotto che fa per voi! Il grasso sar\u00e0 efficace anche per il vostro\u00a0<strong>dolori muscolari, mal di schiena<\/strong>\u00a0cos\u00ec come per\u00a0<strong>alleviare il nervo sciatico.\u00a0<\/strong><\/p>\n<p>Il grasso di cammello \u00e8 efficace anche nel trattamento di malattie della pelle quali<strong>\u00a0eczema e psoriasi.<\/strong>\u00a0Anche<strong>\u00a0Lenisce la pelle secca e screpolata<\/strong>. E sar\u00e0 altrettanto utile per\u00a0<strong>malattie respiratorie, in particolare l'asma<\/strong>.  Infine, approfittate dei benefici di questa perla del deserto per<strong>\u00a0Alleviare il dolore emorroidario<\/strong>. Vi spiegheremo subito come utilizzarlo.<\/p>\n<h2><strong>Utilizzo del grasso della gobba di cammello<\/strong><\/h2>\n<p>A seconda di ci\u00f2 che si vuole trattare, ecco come applicare il grasso di cammello marocchino sulla pelle. Per esempio, se si vuole alleviare il dolore,<strong>\u00a0massaggiare il grasso direttamente nell'area interessata<\/strong>. Poi, se volete liberarvi dei problemi della pelle in particolare,\u00a0<a href=\"https:\/\/www.safinel.fr\/it\/prodotto\/siero-antiacne-al-cumino-nero\/\"><strong>si pu\u00f2 mescolare con l'olio di cumino nero<\/strong><\/a>\u00a0per esempio. Allora\u00a0<strong>massaggiare localmente la zona della pelle che si desidera trattare<\/strong>\u00a0e non esitate a ripetere l'operazione.<\/p>\n<p>Infine, per i problemi respiratori, applicare il grasso di cammello.\u00a0<strong>massaggiare direttamente sul petto.<\/strong>\u00a0Cos\u00ec come\u00a0<strong>la parte superiore della schiena.<\/strong>\u00a0Infine, \u00e8 bene sapere che\u00a0<strong>Il grasso di cammello pu\u00f2 essere consumato anche da solo o mescolato al miele.<\/strong>\u00a0\u00c8 particolarmente efficace per i problemi respiratori.<\/p>\n<p>Vi avevamo detto che era un vero gioiello. Chiaramente non pu\u00f2 mancare nella vostra farmacia naturale, vediamo come conservarlo per preservarne la piena efficacia.<\/p>\n<h3><strong>Consigli per la conservazione\u00a0<\/strong><\/h3>\n<p>Per conservare il grasso di cammello e tutte le sue virt\u00f9,\u00a0<strong>Si consiglia di conservarlo in un luogo fresco e preferibilmente asciutto.<\/strong>. Cos\u00ec come\u00a0<strong>lontano dalla luce.<\/strong>\u00a0Infine, si noti che\u00a0<strong>non mettere il grasso di cammello a contatto con l'acqua.\u00a0<\/strong><\/p>","protected":false},"excerpt":{"rendered":"<p>La graisse de chameau.\u00a0Si vous n&rsquo;avez pas encore entendu ce terme, sachez que se cache derri\u00e8re ce libell\u00e9\u00a0un produit rempli de bienfaits.\u00a0Zoom sur la graisse de chameau, une nouveaut\u00e9 sur notre boutique que\u00a0vous ne devez absolument pas manquer ! La graisse de chameau, une perle m\u00e9connue En effet, c&rsquo;est un\u00a0produit plut\u00f4t rare et m\u00e9connu\u00a0dont nous [&#8230;]","protected":false},"featured_media":4302,"template":"","meta":[],"product_brand":[],"product_cat":[41],"product_tag":[],"class_list":{"0":"post-4301","1":"product","2":"type-product","3":"status-publish","4":"has-post-thumbnail","6":"product_cat-produits-naturels-divers","8":"first","9":"instock","10":"shipping-taxable","11":"purchasable","12":"product-type-simple"},"yoast_head":"<!-- This site is optimized with the Yoast SEO plugin v26.6 - https:\/\/yoast.com\/wordpress\/plugins\/seo\/ -->\n<title>Graisse de chameau I Bienfaits nombreux I Originaire du Maroc<\/title>\n<meta name=\"description\" content=\"La graisse de chameau.\u00a0Si vous n&#039;avez pas encore entendu ce terme, sachez que se cache derri\u00e8re ce libell\u00e9\u00a0un produit rempli de bienfaits.\" \/>\n<meta name=\"robots\" content=\"index, follow, max-snippet:-1, max-image-preview:large, max-video-preview:-1\" \/>\n<link rel=\"canonical\" href=\"https:\/\/www.safinel.fr\/it\/prodotto\/grasso-di-cammello\/\" \/>\n<meta property=\"og:locale\" content=\"it_IT\" \/>\n<meta property=\"og:type\" content=\"article\" \/>\n<meta property=\"og:title\" content=\"Graisse de chameau I Bienfaits nombreux I Originaire du Maroc\" \/>\n<meta property=\"og:description\" content=\"La graisse de chameau.\u00a0Si vous n&#039;avez pas encore entendu ce terme, sachez que se cache derri\u00e8re ce libell\u00e9\u00a0un produit rempli de bienfaits.\" \/>\n<meta property=\"og:url\" content=\"https:\/\/www.safinel.fr\/it\/prodotto\/grasso-di-cammello\/\" \/>\n<meta property=\"og:site_name\" content=\"Safinel\" \/>\n<meta property=\"article:modified_time\" content=\"2024-08-08T11:13:13+00:00\" \/>\n<meta property=\"og:image\" content=\"https:\/\/www.safinel.fr\/wp-content\/uploads\/2023\/01\/graisse-de-chameau.jpg\" \/>\n\t<meta property=\"og:image:width\" content=\"600\" \/>\n\t<meta property=\"og:image:height\" content=\"600\" \/>\n\t<meta property=\"og:image:type\" content=\"image\/jpeg\" \/>\n<meta name=\"twitter:card\" content=\"summary_large_image\" \/>\n<meta name=\"twitter:label1\" content=\"Tempo di lettura stimato\" \/>\n\t<meta name=\"twitter:data1\" content=\"3 minuti\" \/>\n<script type=\"application\/ld+json\" class=\"yoast-schema-graph\">{\"@context\":\"https:\/\/schema.org\",\"@graph\":[{\"@type\":\"WebPage\",\"@id\":\"https:\/\/www.safinel.fr\/produit\/graisse-de-chameau\/\",\"url\":\"https:\/\/www.safinel.fr\/produit\/graisse-de-chameau\/\",\"name\":\"Graisse de chameau I Bienfaits nombreux I Originaire du Maroc\",\"isPartOf\":{\"@id\":\"https:\/\/www.safinel.fr\/#website\"},\"primaryImageOfPage\":{\"@id\":\"https:\/\/www.safinel.fr\/produit\/graisse-de-chameau\/#primaryimage\"},\"image\":{\"@id\":\"https:\/\/www.safinel.fr\/produit\/graisse-de-chameau\/#primaryimage\"},\"thumbnailUrl\":\"https:\/\/www.safinel.fr\/wp-content\/uploads\/2023\/01\/graisse-de-chameau.jpg\",\"datePublished\":\"2023-01-22T17:33:41+00:00\",\"dateModified\":\"2024-08-08T11:13:13+00:00\",\"description\":\"La graisse de chameau.\u00a0Si vous n'avez pas encore entendu ce terme, sachez que se cache derri\u00e8re ce libell\u00e9\u00a0un produit rempli de bienfaits.\",\"breadcrumb\":{\"@id\":\"https:\/\/www.safinel.fr\/produit\/graisse-de-chameau\/#breadcrumb\"},\"inLanguage\":\"it-IT\",\"potentialAction\":[{\"@type\":\"ReadAction\",\"target\":[\"https:\/\/www.safinel.fr\/produit\/graisse-de-chameau\/\"]}]},{\"@type\":\"ImageObject\",\"inLanguage\":\"it-IT\",\"@id\":\"https:\/\/www.safinel.fr\/produit\/graisse-de-chameau\/#primaryimage\",\"url\":\"https:\/\/www.safinel.fr\/wp-content\/uploads\/2023\/01\/graisse-de-chameau.jpg\",\"contentUrl\":\"https:\/\/www.safinel.fr\/wp-content\/uploads\/2023\/01\/graisse-de-chameau.jpg\",\"width\":600,\"height\":600,\"caption\":\"Graisse de chameau\"},{\"@type\":\"BreadcrumbList\",\"@id\":\"https:\/\/www.safinel.fr\/produit\/graisse-de-chameau\/#breadcrumb\",\"itemListElement\":[{\"@type\":\"ListItem\",\"position\":1,\"name\":\"Accueil\",\"item\":\"https:\/\/www.safinel.fr\/\"},{\"@type\":\"ListItem\",\"position\":2,\"name\":\"Boutique\",\"item\":\"https:\/\/www.safinel.fr\/boutique\/\"},{\"@type\":\"ListItem\",\"position\":3,\"name\":\"Graisse de chameau 45g\"}]},{\"@type\":\"WebSite\",\"@id\":\"https:\/\/www.safinel.fr\/#website\",\"url\":\"https:\/\/www.safinel.fr\/\",\"name\":\"Safinel\",\"description\":\"\",\"publisher\":{\"@id\":\"https:\/\/www.safinel.fr\/#organization\"},\"potentialAction\":[{\"@type\":\"SearchAction\",\"target\":{\"@type\":\"EntryPoint\",\"urlTemplate\":\"https:\/\/www.safinel.fr\/?s={search_term_string}\"},\"query-input\":{\"@type\":\"PropertyValueSpecification\",\"valueRequired\":true,\"valueName\":\"search_term_string\"}}],\"inLanguage\":\"it-IT\"},{\"@type\":\"Organization\",\"@id\":\"https:\/\/www.safinel.fr\/#organization\",\"name\":\"Safinel\",\"url\":\"https:\/\/www.safinel.fr\/\",\"logo\":{\"@type\":\"ImageObject\",\"inLanguage\":\"it-IT\",\"@id\":\"https:\/\/www.safinel.fr\/#\/schema\/logo\/image\/\",\"url\":\"https:\/\/www.safinel.fr\/wp-content\/uploads\/2021\/05\/boutique-cosmetique.png\",\"contentUrl\":\"https:\/\/www.safinel.fr\/wp-content\/uploads\/2021\/05\/boutique-cosmetique.png\",\"width\":800,\"height\":200,\"caption\":\"Safinel\"},\"image\":{\"@id\":\"https:\/\/www.safinel.fr\/#\/schema\/logo\/image\/\"}}]}<\/script>\n<!-- \/ Yoast SEO plugin. -->","yoast_head_json":{"title":"Grasso di cammello I Numerosi benefici I Originario del Marocco","description":"Grasso di cammello. Se non avete ancora sentito parlare di questo termine, sappiate che dietro al nome si nasconde un prodotto ricco di benefici.","robots":{"index":"index","follow":"follow","max-snippet":"max-snippet:-1","max-image-preview":"max-image-preview:large","max-video-preview":"max-video-preview:-1"},"canonical":"https:\/\/www.safinel.fr\/it\/prodotto\/grasso-di-cammello\/","og_locale":"it_IT","og_type":"article","og_title":"Graisse de chameau I Bienfaits nombreux I Originaire du Maroc","og_description":"La graisse de chameau.\u00a0Si vous n'avez pas encore entendu ce terme, sachez que se cache derri\u00e8re ce libell\u00e9\u00a0un produit rempli de bienfaits.","og_url":"https:\/\/www.safinel.fr\/it\/prodotto\/grasso-di-cammello\/","og_site_name":"Safinel","article_modified_time":"2024-08-08T11:13:13+00:00","og_image":[{"width":600,"height":600,"url":"https:\/\/www.safinel.fr\/wp-content\/uploads\/2023\/01\/graisse-de-chameau.jpg","type":"image\/jpeg"}],"twitter_card":"summary_large_image","twitter_misc":{"Tempo di lettura stimato":"3 minuti"},"schema":{"@context":"https:\/\/schema.org","@graph":[{"@type":"WebPage","@id":"https:\/\/www.safinel.fr\/produit\/graisse-de-chameau\/","url":"https:\/\/www.safinel.fr\/produit\/graisse-de-chameau\/","name":"Grasso di cammello I Numerosi benefici I Originario del Marocco","isPartOf":{"@id":"https:\/\/www.safinel.fr\/#website"},"primaryImageOfPage":{"@id":"https:\/\/www.safinel.fr\/produit\/graisse-de-chameau\/#primaryimage"},"image":{"@id":"https:\/\/www.safinel.fr\/produit\/graisse-de-chameau\/#primaryimage"},"thumbnailUrl":"https:\/\/www.safinel.fr\/wp-content\/uploads\/2023\/01\/graisse-de-chameau.jpg","datePublished":"2023-01-22T17:33:41+00:00","dateModified":"2024-08-08T11:13:13+00:00","description":"Grasso di cammello. Se non avete ancora sentito parlare di questo termine, sappiate che dietro al nome si nasconde un prodotto ricco di benefici.","breadcrumb":{"@id":"https:\/\/www.safinel.fr\/produit\/graisse-de-chameau\/#breadcrumb"},"inLanguage":"it-IT","potentialAction":[{"@type":"ReadAction","target":["https:\/\/www.safinel.fr\/produit\/graisse-de-chameau\/"]}]},{"@type":"ImageObject","inLanguage":"it-IT","@id":"https:\/\/www.safinel.fr\/produit\/graisse-de-chameau\/#primaryimage","url":"https:\/\/www.safinel.fr\/wp-content\/uploads\/2023\/01\/graisse-de-chameau.jpg","contentUrl":"https:\/\/www.safinel.fr\/wp-content\/uploads\/2023\/01\/graisse-de-chameau.jpg","width":600,"height":600,"caption":"Graisse de chameau"},{"@type":"BreadcrumbList","@id":"https:\/\/www.safinel.fr\/produit\/graisse-de-chameau\/#breadcrumb","itemListElement":[{"@type":"ListItem","position":1,"name":"Accueil","item":"https:\/\/www.safinel.fr\/"},{"@type":"ListItem","position":2,"name":"Boutique","item":"https:\/\/www.safinel.fr\/boutique\/"},{"@type":"ListItem","position":3,"name":"Graisse de chameau 45g"}]},{"@type":"WebSite","@id":"https:\/\/www.safinel.fr\/#website","url":"https:\/\/www.safinel.fr\/","name":"Safinel","description":"","publisher":{"@id":"https:\/\/www.safinel.fr\/#organization"},"potentialAction":[{"@type":"SearchAction","target":{"@type":"EntryPoint","urlTemplate":"https:\/\/www.safinel.fr\/?s={search_term_string}"},"query-input":{"@type":"PropertyValueSpecification","valueRequired":true,"valueName":"search_term_string"}}],"inLanguage":"it-IT"},{"@type":"Organization","@id":"https:\/\/www.safinel.fr\/#organization","name":"Safinel","url":"https:\/\/www.safinel.fr\/","logo":{"@type":"ImageObject","inLanguage":"it-IT","@id":"https:\/\/www.safinel.fr\/#\/schema\/logo\/image\/","url":"https:\/\/www.safinel.fr\/wp-content\/uploads\/2021\/05\/boutique-cosmetique.png","contentUrl":"https:\/\/www.safinel.fr\/wp-content\/uploads\/2021\/05\/boutique-cosmetique.png","width":800,"height":200,"caption":"Safinel"},"image":{"@id":"https:\/\/www.safinel.fr\/#\/schema\/logo\/image\/"}}]}},"_links":{"self":[{"href":"https:\/\/www.safinel.fr\/it\/wp-json\/wp\/v2\/product\/4301","targetHints":{"allow":["GET"]}}],"collection":[{"href":"https:\/\/www.safinel.fr\/it\/wp-json\/wp\/v2\/product"}],"about":[{"href":"https:\/\/www.safinel.fr\/it\/wp-json\/wp\/v2\/types\/product"}],"wp:featuredmedia":[{"embeddable":true,"href":"https:\/\/www.safinel.fr\/it\/wp-json\/wp\/v2\/media\/4302"}],"wp:attachment":[{"href":"https:\/\/www.safinel.fr\/it\/wp-json\/wp\/v2\/media?parent=4301"}],"wp:term":[{"taxonomy":"product_brand","embeddable":true,"href":"https:\/\/www.safinel.fr\/it\/wp-json\/wp\/v2\/product_brand?post=4301"},{"taxonomy":"product_cat","embeddable":true,"href":"https:\/\/www.safinel.fr\/it\/wp-json\/wp\/v2\/product_cat?post=4301"},{"taxonomy":"product_tag","embeddable":true,"href":"https:\/\/www.safinel.fr\/it\/wp-json\/wp\/v2\/product_tag?post=4301"}],"curies":[{"name":"wp","href":"https:\/\/api.w.org\/{rel}","templated":true}]}}