{"id":4232,"date":"2023-01-15T16:46:56","date_gmt":"2023-01-15T16:46:56","guid":{"rendered":"https:\/\/www.safinel.fr\/?post_type=product&#038;p=4232"},"modified":"2023-12-28T17:15:43","modified_gmt":"2023-12-28T17:15:43","slug":"olio-di-hiltite","status":"publish","type":"product","link":"https:\/\/www.safinel.fr\/it\/prodotto\/olio-di-hiltite\/","title":{"rendered":"Olio di ortica 30ml - Hemani"},"content":{"rendered":"<p>L\u2019<strong>olio di hiltite<\/strong>\u00a0o anche\u00a0<strong>asafoetida<\/strong>\u00a0\u00e8 un olio vegetale rinomato per i suoi benefici. Originaria del Medio Oriente, questa pianta \u00e8 una specie di finocchio gigante. Per saperne di pi\u00f9 su questo prodotto.<\/p>\n<h2><strong>Da dove proviene l'olio di hiltite?\u00a0<\/strong><\/h2>\n<p>Questo\u00a0<strong>olio vegetale<\/strong>\u00a0si estrae dalla pianta dell'asafoetida, nota anche come ase f\u00e9tide o hantite. Si ottiene tagliando le radici della pianta.<\/p>\n<p>Quest'olio ha un odore molto forte, talvolta sgradevole per alcune persone. Infatti, viene spesso paragonato alla ruta, una pianta dall'odore caratteristico. A proposito,\u00a0<strong><a href=\"https:\/\/www.safinel.fr\/it\/prodotto\/olio-stradale\/\">la Rue<\/a>\u00a0<\/strong>\u00e8 disponibile presso la nostra boutique Safinel.<\/p>\n<h2><strong>I benefici dell'olio di hiltite\u00a0<\/strong><\/h2>\n<p>Scoprire il<strong>\u00a0numerosi vantaggi<\/strong>\u00a0di questo prodotto :<\/p>\n<ul>\n<li>Questa pianta favorisce la digestione e allevia la flatulenza; ;<\/li>\n<li>Utilizzata nella medicina ayurvedica per le sue propriet\u00e0 antispasmodiche; ;<\/li>\n<li>Utile contro il raffreddore e l'influenza; ;<\/li>\n<li>Lassativo naturale ;<\/li>\n<li>Facilita la respirazione; ;<\/li>\n<li>Promuove la salute cardiovascolare; ;<\/li>\n<\/ul>\n<h3><strong>Come si usa questo olio vegetale?<\/strong><\/h3>\n<p>\u00c8 possibile utilizzare questo<strong>\u00a0olio interno\u00a0<\/strong>o\u00a0<strong>esternamente.\u00a0<\/strong>Per esempio, applicando una crema sulle zone in cui fa male. Ingerendo un cucchiaio al mattino a digiuno. Per lavare le parti intime. E per molti altri usi.<\/p>\n<p>Tuttavia, fate attenzione a non superare le dosi indicate.<\/p>\n<h3><strong>Scoprite anche lo zolfo in polvere\u00a0<\/strong><\/h3>\n<p>Nel nostro negozio sono disponibili anche\u00a0<strong>zolfo in polvere<\/strong>. Ha molti benefici per la salute ed \u00e8 ampiamente utilizzato. Infatti, tra i suoi benefici, \u00e8 utile per alcune patologie dell'orecchio, del naso e della gola. \u00c8 anche noto per contribuire ad alleviare alcuni problemi respiratori.<\/p>\n<p>Per saperne di pi\u00f9, date un'occhiata al nostro negozio online.<\/p>\n<p>Offriamo anche una gamma di<strong>\u00a0<a href=\"https:\/\/www.safinel.fr\/it\/categoria-prodotto\/apicoltura\/\">mieli dai quattro angoli del mondo<\/a><\/strong>, Venite a dare un'occhiata! Non rimarrete delusi.<\/p>","protected":false},"excerpt":{"rendered":"<p>L'olio di hiltite o asafoetida \u00e8 un olio vegetale rinomato per i suoi benefici. Originaria del Medio Oriente, questa pianta \u00e8 una specie di finocchio gigante. Scoprite di pi\u00f9 su questo prodotto. Da dove proviene l'olio di asafoetida?  Questo olio vegetale viene estratto dalla pianta dell'asafoetida, nota anche come ase fetida o hantite. Si ottiene [...]","protected":false},"featured_media":4233,"template":"","meta":[],"product_brand":[],"product_cat":[122],"product_tag":[],"class_list":{"0":"post-4232","1":"product","2":"type-product","3":"status-publish","4":"has-post-thumbnail","6":"product_cat-huile-vegetale","8":"first","9":"instock","10":"shipping-taxable","11":"purchasable","12":"product-type-simple"},"yoast_head":"<!-- This site is optimized with the Yoast SEO plugin v26.6 - https:\/\/yoast.com\/wordpress\/plugins\/seo\/ -->\n<title>Huile de hiltite I Huile de asafoetida I Bienfaits nombreux<\/title>\n<meta name=\"description\" content=\"L\u2019huile de hiltite\u00a0ou encore\u00a0asafoetida\u00a0est une huile v\u00e9g\u00e9tale reconnue pour ses bienfaits. Adoptez-l\u00e0 sans en quelques clics !\" \/>\n<meta name=\"robots\" content=\"index, follow, max-snippet:-1, max-image-preview:large, max-video-preview:-1\" \/>\n<link rel=\"canonical\" href=\"https:\/\/www.safinel.fr\/it\/prodotto\/olio-di-hiltite\/\" \/>\n<meta property=\"og:locale\" content=\"it_IT\" \/>\n<meta property=\"og:type\" content=\"article\" \/>\n<meta property=\"og:title\" content=\"Huile de hiltite I Huile de asafoetida I Bienfaits nombreux\" \/>\n<meta property=\"og:description\" content=\"L\u2019huile de hiltite\u00a0ou encore\u00a0asafoetida\u00a0est une huile v\u00e9g\u00e9tale reconnue pour ses bienfaits. Adoptez-l\u00e0 sans en quelques clics !\" \/>\n<meta property=\"og:url\" content=\"https:\/\/www.safinel.fr\/it\/prodotto\/olio-di-hiltite\/\" \/>\n<meta property=\"og:site_name\" content=\"Safinel\" \/>\n<meta property=\"article:modified_time\" content=\"2023-12-28T17:15:43+00:00\" \/>\n<meta property=\"og:image\" content=\"https:\/\/www.safinel.fr\/wp-content\/uploads\/2023\/01\/huile-de-hiltyte-hemani.jpg\" \/>\n\t<meta property=\"og:image:width\" content=\"600\" \/>\n\t<meta property=\"og:image:height\" content=\"600\" \/>\n\t<meta property=\"og:image:type\" content=\"image\/jpeg\" \/>\n<meta name=\"twitter:card\" content=\"summary_large_image\" \/>\n<meta name=\"twitter:label1\" content=\"Tempo di lettura stimato\" \/>\n\t<meta name=\"twitter:data1\" content=\"2 minuti\" \/>\n<script type=\"application\/ld+json\" class=\"yoast-schema-graph\">{\"@context\":\"https:\/\/schema.org\",\"@graph\":[{\"@type\":\"WebPage\",\"@id\":\"https:\/\/www.safinel.fr\/produit\/huile-de-hiltite\/\",\"url\":\"https:\/\/www.safinel.fr\/produit\/huile-de-hiltite\/\",\"name\":\"Huile de hiltite I Huile de asafoetida I Bienfaits nombreux\",\"isPartOf\":{\"@id\":\"https:\/\/www.safinel.fr\/#website\"},\"primaryImageOfPage\":{\"@id\":\"https:\/\/www.safinel.fr\/produit\/huile-de-hiltite\/#primaryimage\"},\"image\":{\"@id\":\"https:\/\/www.safinel.fr\/produit\/huile-de-hiltite\/#primaryimage\"},\"thumbnailUrl\":\"https:\/\/www.safinel.fr\/wp-content\/uploads\/2023\/01\/huile-de-hiltyte-hemani.jpg\",\"datePublished\":\"2023-01-15T16:46:56+00:00\",\"dateModified\":\"2023-12-28T17:15:43+00:00\",\"description\":\"L\u2019huile de hiltite\u00a0ou encore\u00a0asafoetida\u00a0est une huile v\u00e9g\u00e9tale reconnue pour ses bienfaits. Adoptez-l\u00e0 sans en quelques clics !\",\"breadcrumb\":{\"@id\":\"https:\/\/www.safinel.fr\/produit\/huile-de-hiltite\/#breadcrumb\"},\"inLanguage\":\"it-IT\",\"potentialAction\":[{\"@type\":\"ReadAction\",\"target\":[\"https:\/\/www.safinel.fr\/produit\/huile-de-hiltite\/\"]}]},{\"@type\":\"ImageObject\",\"inLanguage\":\"it-IT\",\"@id\":\"https:\/\/www.safinel.fr\/produit\/huile-de-hiltite\/#primaryimage\",\"url\":\"https:\/\/www.safinel.fr\/wp-content\/uploads\/2023\/01\/huile-de-hiltyte-hemani.jpg\",\"contentUrl\":\"https:\/\/www.safinel.fr\/wp-content\/uploads\/2023\/01\/huile-de-hiltyte-hemani.jpg\",\"width\":600,\"height\":600,\"caption\":\"Huile de hiltite 30ml - Hemani\"},{\"@type\":\"BreadcrumbList\",\"@id\":\"https:\/\/www.safinel.fr\/produit\/huile-de-hiltite\/#breadcrumb\",\"itemListElement\":[{\"@type\":\"ListItem\",\"position\":1,\"name\":\"Accueil\",\"item\":\"https:\/\/www.safinel.fr\/\"},{\"@type\":\"ListItem\",\"position\":2,\"name\":\"Boutique\",\"item\":\"https:\/\/www.safinel.fr\/boutique\/\"},{\"@type\":\"ListItem\",\"position\":3,\"name\":\"Huile de hiltite 30ml &#8211; Hemani\"}]},{\"@type\":\"WebSite\",\"@id\":\"https:\/\/www.safinel.fr\/#website\",\"url\":\"https:\/\/www.safinel.fr\/\",\"name\":\"Safinel\",\"description\":\"\",\"publisher\":{\"@id\":\"https:\/\/www.safinel.fr\/#organization\"},\"potentialAction\":[{\"@type\":\"SearchAction\",\"target\":{\"@type\":\"EntryPoint\",\"urlTemplate\":\"https:\/\/www.safinel.fr\/?s={search_term_string}\"},\"query-input\":{\"@type\":\"PropertyValueSpecification\",\"valueRequired\":true,\"valueName\":\"search_term_string\"}}],\"inLanguage\":\"it-IT\"},{\"@type\":\"Organization\",\"@id\":\"https:\/\/www.safinel.fr\/#organization\",\"name\":\"Safinel\",\"url\":\"https:\/\/www.safinel.fr\/\",\"logo\":{\"@type\":\"ImageObject\",\"inLanguage\":\"it-IT\",\"@id\":\"https:\/\/www.safinel.fr\/#\/schema\/logo\/image\/\",\"url\":\"https:\/\/www.safinel.fr\/wp-content\/uploads\/2021\/05\/boutique-cosmetique.png\",\"contentUrl\":\"https:\/\/www.safinel.fr\/wp-content\/uploads\/2021\/05\/boutique-cosmetique.png\",\"width\":800,\"height\":200,\"caption\":\"Safinel\"},\"image\":{\"@id\":\"https:\/\/www.safinel.fr\/#\/schema\/logo\/image\/\"}}]}<\/script>\n<!-- \/ Yoast SEO plugin. -->","yoast_head_json":{"title":"Olio di hiltite I Olio di asafoetida I Numerosi benefici","description":"L'hiltite o olio di asafoetida \u00e8 un olio vegetale noto per i suoi benefici. \u00c8 a pochi clic di distanza!","robots":{"index":"index","follow":"follow","max-snippet":"max-snippet:-1","max-image-preview":"max-image-preview:large","max-video-preview":"max-video-preview:-1"},"canonical":"https:\/\/www.safinel.fr\/it\/prodotto\/olio-di-hiltite\/","og_locale":"it_IT","og_type":"article","og_title":"Huile de hiltite I Huile de asafoetida I Bienfaits nombreux","og_description":"L\u2019huile de hiltite\u00a0ou encore\u00a0asafoetida\u00a0est une huile v\u00e9g\u00e9tale reconnue pour ses bienfaits. Adoptez-l\u00e0 sans en quelques clics !","og_url":"https:\/\/www.safinel.fr\/it\/prodotto\/olio-di-hiltite\/","og_site_name":"Safinel","article_modified_time":"2023-12-28T17:15:43+00:00","og_image":[{"width":600,"height":600,"url":"https:\/\/www.safinel.fr\/wp-content\/uploads\/2023\/01\/huile-de-hiltyte-hemani.jpg","type":"image\/jpeg"}],"twitter_card":"summary_large_image","twitter_misc":{"Tempo di lettura stimato":"2 minuti"},"schema":{"@context":"https:\/\/schema.org","@graph":[{"@type":"WebPage","@id":"https:\/\/www.safinel.fr\/produit\/huile-de-hiltite\/","url":"https:\/\/www.safinel.fr\/produit\/huile-de-hiltite\/","name":"Olio di hiltite I Olio di asafoetida I Numerosi benefici","isPartOf":{"@id":"https:\/\/www.safinel.fr\/#website"},"primaryImageOfPage":{"@id":"https:\/\/www.safinel.fr\/produit\/huile-de-hiltite\/#primaryimage"},"image":{"@id":"https:\/\/www.safinel.fr\/produit\/huile-de-hiltite\/#primaryimage"},"thumbnailUrl":"https:\/\/www.safinel.fr\/wp-content\/uploads\/2023\/01\/huile-de-hiltyte-hemani.jpg","datePublished":"2023-01-15T16:46:56+00:00","dateModified":"2023-12-28T17:15:43+00:00","description":"L'hiltite o olio di asafoetida \u00e8 un olio vegetale noto per i suoi benefici. \u00c8 a pochi clic di distanza!","breadcrumb":{"@id":"https:\/\/www.safinel.fr\/produit\/huile-de-hiltite\/#breadcrumb"},"inLanguage":"it-IT","potentialAction":[{"@type":"ReadAction","target":["https:\/\/www.safinel.fr\/produit\/huile-de-hiltite\/"]}]},{"@type":"ImageObject","inLanguage":"it-IT","@id":"https:\/\/www.safinel.fr\/produit\/huile-de-hiltite\/#primaryimage","url":"https:\/\/www.safinel.fr\/wp-content\/uploads\/2023\/01\/huile-de-hiltyte-hemani.jpg","contentUrl":"https:\/\/www.safinel.fr\/wp-content\/uploads\/2023\/01\/huile-de-hiltyte-hemani.jpg","width":600,"height":600,"caption":"Huile de hiltite 30ml - Hemani"},{"@type":"BreadcrumbList","@id":"https:\/\/www.safinel.fr\/produit\/huile-de-hiltite\/#breadcrumb","itemListElement":[{"@type":"ListItem","position":1,"name":"Accueil","item":"https:\/\/www.safinel.fr\/"},{"@type":"ListItem","position":2,"name":"Boutique","item":"https:\/\/www.safinel.fr\/boutique\/"},{"@type":"ListItem","position":3,"name":"Huile de hiltite 30ml &#8211; Hemani"}]},{"@type":"WebSite","@id":"https:\/\/www.safinel.fr\/#website","url":"https:\/\/www.safinel.fr\/","name":"Safinel","description":"","publisher":{"@id":"https:\/\/www.safinel.fr\/#organization"},"potentialAction":[{"@type":"SearchAction","target":{"@type":"EntryPoint","urlTemplate":"https:\/\/www.safinel.fr\/?s={search_term_string}"},"query-input":{"@type":"PropertyValueSpecification","valueRequired":true,"valueName":"search_term_string"}}],"inLanguage":"it-IT"},{"@type":"Organization","@id":"https:\/\/www.safinel.fr\/#organization","name":"Safinel","url":"https:\/\/www.safinel.fr\/","logo":{"@type":"ImageObject","inLanguage":"it-IT","@id":"https:\/\/www.safinel.fr\/#\/schema\/logo\/image\/","url":"https:\/\/www.safinel.fr\/wp-content\/uploads\/2021\/05\/boutique-cosmetique.png","contentUrl":"https:\/\/www.safinel.fr\/wp-content\/uploads\/2021\/05\/boutique-cosmetique.png","width":800,"height":200,"caption":"Safinel"},"image":{"@id":"https:\/\/www.safinel.fr\/#\/schema\/logo\/image\/"}}]}},"_links":{"self":[{"href":"https:\/\/www.safinel.fr\/it\/wp-json\/wp\/v2\/product\/4232","targetHints":{"allow":["GET"]}}],"collection":[{"href":"https:\/\/www.safinel.fr\/it\/wp-json\/wp\/v2\/product"}],"about":[{"href":"https:\/\/www.safinel.fr\/it\/wp-json\/wp\/v2\/types\/product"}],"wp:featuredmedia":[{"embeddable":true,"href":"https:\/\/www.safinel.fr\/it\/wp-json\/wp\/v2\/media\/4233"}],"wp:attachment":[{"href":"https:\/\/www.safinel.fr\/it\/wp-json\/wp\/v2\/media?parent=4232"}],"wp:term":[{"taxonomy":"product_brand","embeddable":true,"href":"https:\/\/www.safinel.fr\/it\/wp-json\/wp\/v2\/product_brand?post=4232"},{"taxonomy":"product_cat","embeddable":true,"href":"https:\/\/www.safinel.fr\/it\/wp-json\/wp\/v2\/product_cat?post=4232"},{"taxonomy":"product_tag","embeddable":true,"href":"https:\/\/www.safinel.fr\/it\/wp-json\/wp\/v2\/product_tag?post=4232"}],"curies":[{"name":"wp","href":"https:\/\/api.w.org\/{rel}","templated":true}]}}