{"id":4203,"date":"2023-01-12T18:44:47","date_gmt":"2023-01-12T18:44:47","guid":{"rendered":"https:\/\/www.safinel.fr\/?post_type=product&#038;p=4203"},"modified":"2024-04-14T12:46:26","modified_gmt":"2024-04-14T12:46:26","slug":"dong-quai","status":"publish","type":"product","link":"https:\/\/www.safinel.fr\/it\/prodotto\/dong-quai\/","title":{"rendered":"Dong Quai (\u5f53\u5f52 \/ \u7576\u6b78) 100g"},"content":{"rendered":"<p>Le\u00a0<strong>dong quai\u00a0<\/strong>\u00e8 conosciuto e utilizzato nella\u00a0<strong>medicina tradizionale cinese<\/strong>\u00a0per le sue numerose virt\u00f9. Partite quindi alla scoperta di\u00a0<strong>scoperta<\/strong>\u00a0di questo prodotto disponibile nel nostro negozio online.<\/p>\n<h2><strong>Che cos'\u00e8 il dong quai?\u00a0<\/strong><\/h2>\n<p>Conosciuto anche come\u2019<strong>angelica sinensis<\/strong>, Il dong quai \u00e8 un'erba aromatica che cresce in Cina, Corea e Giappone. La sua reputazione la colloca dopo il ginseng ed \u00e8 addirittura considerata la pianta tonica pi\u00f9 importante per le donne. In effetti, \u00e8 soprannominata \u201cil\u201c<strong>ginseng femminile<\/strong>\u201d.<\/p>\n<p>Viene utilizzato praticamente per tutte le patologie ginecologiche. Dalla regolazione del ciclo mestruale al trattamento dei sintomi della menopausa causati dai cambiamenti ormonali.<\/p>\n<p><strong>Lo sapevate?\u00a0<\/strong>Alla fine del 1800, un estratto di Dong Quai noto come Eumenol divenne popolare in Europa come tonico per le donne. \u00c8 cos\u00ec che \u00e8 stato considerato in Occidente.<\/p>\n<h2><strong>I benefici del Dong Quai\u00a0<\/strong><\/h2>\n<p>Le\u00a0<strong>dong quai<\/strong>\u00a0\u00e8 molto apprezzata per le sue diverse propriet\u00e0, in particolare per i disturbi della menopausa. Questa pianta agisce come regolatore del sistema ormonale, bilanciando le quantit\u00e0 di estrogeni e progesterone nel corpo della donna.<\/p>\n<p>Inoltre, \u00e8<strong>\u00a0eccellente\u00a0<\/strong>per combattere le vampate di calore. \u00c8 anche molto utile per alleviare la sindrome premestruale, che precede l'inizio della menopausa. <a href=\"https:\/\/www.safinel.fr\/it\/prodotto\/tisana-regolatrice-del-ciclo-mestruale\/\"><strong>mestruazioni<\/strong><\/a>.<\/p>\n<p>Questo prodotto ha anche propriet\u00e0 immunostimolanti. Incoraggia l'organismo a produrre interferone. Pu\u00f2 essere utilizzato a vantaggio di tutti i casi di mancanza di resistenza alle infezioni. Allo stesso modo, questa pianta pu\u00f2 essere utilizzata per tutti i problemi di infiammazione.<\/p>\n<p>Utilizzato come\u00a0<strong>fitoterapia<\/strong>, Questa pianta viene utilizzata per :<\/p>\n<ul>\n<li>Rafforzare la salute del sangue; ;<\/li>\n<li>Stimolare o attivare la circolazione sanguigna; ;<\/li>\n<li>Aiuta a trattare le carenze ematiche; ;<\/li>\n<li>Regolazione del sistema immunitario ;<\/li>\n<li>Sollievo dal dolore; ;<\/li>\n<li>Rilassare l'intestino.<\/li>\n<\/ul>\n<h2><strong>Come si usa la radice di dong quai?\u00a0<\/strong><\/h2>\n<p>Solo il<strong>\u00a0Variet\u00e0 cinese<\/strong>\u00a0\u00e8 efficace per i disturbi ginecologici. Per la sindrome premestruale, le irregolarit\u00e0 mestruali o i dolori e le vampate di calore, assumere 600 mg al giorno.<\/p>\n<p>Si pu\u00f2 anche combinare questa pianta con l'agnocasto, la liquirizia o il ginseng.<\/p>\n<h3><strong>Precauzioni per l'uso\u00a0<\/strong><\/h3>\n<p>Questa pianta ha effetti collaterali da non trascurare, come :<\/p>\n<ul>\n<li>Difficolt\u00e0 di respirazione ;<\/li>\n<li>Abbassare la pressione sanguigna ;<\/li>\n<li>Sonnolenza ;<\/li>\n<li>E cos\u00ec via.<\/li>\n<\/ul>\n<p>Le persone allergiche alle piante della famiglia delle carote non dovrebbero assumere questa pianta.<\/p>\n<p>Prima di utilizzare questo prodotto, \u00e8 necessario chiedere il parere del medico. Infatti, questa pianta \u00e8 pi\u00f9 che altro un rimedio terapeutico e non dovrebbe essere usata come trattamento di prima linea.<\/p>\n<h3><strong>Prodotti Safinel\u00a0<\/strong><\/h3>\n<p>Il nostro negozio vi offre\u00a0<strong>100 % naturale<\/strong>\u00a0per il vostro piacere. Abbiamo a disposizione un'intera gamma di piante medicinali provenienti dai quattro angoli del mondo.<\/p>\n<p>Cos\u00ec potrete viaggiare in tutto il mondo con il nostro\u00a0<strong>cosmetici.<\/strong>\u00a0Inoltre, i nostri prodotti provengono dalla natura. Quindi potete ordinare a occhi chiusi.<\/p>\n<p>Non esitate a effettuare l'ordine.<\/p>","protected":false},"excerpt":{"rendered":"<p>Il dong quai \u00e8 conosciuto e utilizzato nella medicina tradizionale cinese per le sue numerose virt\u00f9. Scoprite questo prodotto disponibile nel nostro negozio online. Il dong quai: che cos'\u00e8?  Conosciuto anche con il nome di angelica sinensis, il dong quai \u00e8 un'erba aromatica che cresce in Cina, Corea e Giappone. La sua reputazione [\u2026]","protected":false},"featured_media":4204,"template":"","meta":[],"product_brand":[],"product_cat":[108],"product_tag":[],"class_list":{"0":"post-4203","1":"product","2":"type-product","3":"status-publish","4":"has-post-thumbnail","6":"product_cat-plantes-asiatiques","8":"first","9":"outofstock","10":"shipping-taxable","11":"purchasable","12":"product-type-simple"},"yoast_head":"<!-- This site is optimized with the Yoast SEO plugin v26.6 - https:\/\/yoast.com\/wordpress\/plugins\/seo\/ -->\n<title>Dong Quai I Ginseng f\u00e9minin I Bienfaits nombreux<\/title>\n<meta name=\"description\" content=\"Le\u00a0dong quai\u00a0est connu et utilis\u00e9 dans la\u00a0m\u00e9decine traditionnelle chinoise\u00a0pour ses nombreuses vertus. Adoptez-le sans plus attendre !\" \/>\n<meta name=\"robots\" content=\"index, follow, max-snippet:-1, max-image-preview:large, max-video-preview:-1\" \/>\n<link rel=\"canonical\" href=\"https:\/\/www.safinel.fr\/it\/prodotto\/dong-quai\/\" \/>\n<meta property=\"og:locale\" content=\"it_IT\" \/>\n<meta property=\"og:type\" content=\"article\" \/>\n<meta property=\"og:title\" content=\"Dong Quai I Ginseng f\u00e9minin I Bienfaits nombreux\" \/>\n<meta property=\"og:description\" content=\"Le\u00a0dong quai\u00a0est connu et utilis\u00e9 dans la\u00a0m\u00e9decine traditionnelle chinoise\u00a0pour ses nombreuses vertus. Adoptez-le sans plus attendre !\" \/>\n<meta property=\"og:url\" content=\"https:\/\/www.safinel.fr\/it\/prodotto\/dong-quai\/\" \/>\n<meta property=\"og:site_name\" content=\"Safinel\" \/>\n<meta property=\"article:modified_time\" content=\"2024-04-14T12:46:26+00:00\" \/>\n<meta property=\"og:image\" content=\"https:\/\/www.safinel.fr\/wp-content\/uploads\/2023\/01\/Dong-Quai.jpg\" \/>\n\t<meta property=\"og:image:width\" content=\"600\" \/>\n\t<meta property=\"og:image:height\" content=\"600\" \/>\n\t<meta property=\"og:image:type\" content=\"image\/jpeg\" \/>\n<meta name=\"twitter:card\" content=\"summary_large_image\" \/>\n<meta name=\"twitter:label1\" content=\"Tempo di lettura stimato\" \/>\n\t<meta name=\"twitter:data1\" content=\"3 minuti\" \/>\n<script type=\"application\/ld+json\" class=\"yoast-schema-graph\">{\"@context\":\"https:\/\/schema.org\",\"@graph\":[{\"@type\":\"WebPage\",\"@id\":\"https:\/\/www.safinel.fr\/produit\/dong-quai\/\",\"url\":\"https:\/\/www.safinel.fr\/produit\/dong-quai\/\",\"name\":\"Dong Quai I Ginseng f\u00e9minin I Bienfaits nombreux\",\"isPartOf\":{\"@id\":\"https:\/\/www.safinel.fr\/#website\"},\"primaryImageOfPage\":{\"@id\":\"https:\/\/www.safinel.fr\/produit\/dong-quai\/#primaryimage\"},\"image\":{\"@id\":\"https:\/\/www.safinel.fr\/produit\/dong-quai\/#primaryimage\"},\"thumbnailUrl\":\"https:\/\/www.safinel.fr\/wp-content\/uploads\/2023\/01\/Dong-Quai.jpg\",\"datePublished\":\"2023-01-12T18:44:47+00:00\",\"dateModified\":\"2024-04-14T12:46:26+00:00\",\"description\":\"Le\u00a0dong quai\u00a0est connu et utilis\u00e9 dans la\u00a0m\u00e9decine traditionnelle chinoise\u00a0pour ses nombreuses vertus. Adoptez-le sans plus attendre !\",\"breadcrumb\":{\"@id\":\"https:\/\/www.safinel.fr\/produit\/dong-quai\/#breadcrumb\"},\"inLanguage\":\"it-IT\",\"potentialAction\":[{\"@type\":\"ReadAction\",\"target\":[\"https:\/\/www.safinel.fr\/produit\/dong-quai\/\"]}]},{\"@type\":\"ImageObject\",\"inLanguage\":\"it-IT\",\"@id\":\"https:\/\/www.safinel.fr\/produit\/dong-quai\/#primaryimage\",\"url\":\"https:\/\/www.safinel.fr\/wp-content\/uploads\/2023\/01\/Dong-Quai.jpg\",\"contentUrl\":\"https:\/\/www.safinel.fr\/wp-content\/uploads\/2023\/01\/Dong-Quai.jpg\",\"width\":600,\"height\":600,\"caption\":\"Dong Quai (\u5f53\u5f52 \/ \u7576\u6b78) 100g\"},{\"@type\":\"BreadcrumbList\",\"@id\":\"https:\/\/www.safinel.fr\/produit\/dong-quai\/#breadcrumb\",\"itemListElement\":[{\"@type\":\"ListItem\",\"position\":1,\"name\":\"Accueil\",\"item\":\"https:\/\/www.safinel.fr\/\"},{\"@type\":\"ListItem\",\"position\":2,\"name\":\"Boutique\",\"item\":\"https:\/\/www.safinel.fr\/boutique\/\"},{\"@type\":\"ListItem\",\"position\":3,\"name\":\"Dong Quai (\u5f53\u5f52 \/ \u7576\u6b78) 100g\"}]},{\"@type\":\"WebSite\",\"@id\":\"https:\/\/www.safinel.fr\/#website\",\"url\":\"https:\/\/www.safinel.fr\/\",\"name\":\"Safinel\",\"description\":\"\",\"publisher\":{\"@id\":\"https:\/\/www.safinel.fr\/#organization\"},\"potentialAction\":[{\"@type\":\"SearchAction\",\"target\":{\"@type\":\"EntryPoint\",\"urlTemplate\":\"https:\/\/www.safinel.fr\/?s={search_term_string}\"},\"query-input\":{\"@type\":\"PropertyValueSpecification\",\"valueRequired\":true,\"valueName\":\"search_term_string\"}}],\"inLanguage\":\"it-IT\"},{\"@type\":\"Organization\",\"@id\":\"https:\/\/www.safinel.fr\/#organization\",\"name\":\"Safinel\",\"url\":\"https:\/\/www.safinel.fr\/\",\"logo\":{\"@type\":\"ImageObject\",\"inLanguage\":\"it-IT\",\"@id\":\"https:\/\/www.safinel.fr\/#\/schema\/logo\/image\/\",\"url\":\"https:\/\/www.safinel.fr\/wp-content\/uploads\/2021\/05\/boutique-cosmetique.png\",\"contentUrl\":\"https:\/\/www.safinel.fr\/wp-content\/uploads\/2021\/05\/boutique-cosmetique.png\",\"width\":800,\"height\":200,\"caption\":\"Safinel\"},\"image\":{\"@id\":\"https:\/\/www.safinel.fr\/#\/schema\/logo\/image\/\"}}]}<\/script>\n<!-- \/ Yoast SEO plugin. -->","yoast_head_json":{"title":"Dong Quai I Ginseng femminile I Numerosi benefici","description":"Il dong quai \u00e8 conosciuto e utilizzato nella medicina tradizionale cinese per le sue numerose virt\u00f9. Adottatelo ora!","robots":{"index":"index","follow":"follow","max-snippet":"max-snippet:-1","max-image-preview":"max-image-preview:large","max-video-preview":"max-video-preview:-1"},"canonical":"https:\/\/www.safinel.fr\/it\/prodotto\/dong-quai\/","og_locale":"it_IT","og_type":"article","og_title":"Dong Quai I Ginseng f\u00e9minin I Bienfaits nombreux","og_description":"Le\u00a0dong quai\u00a0est connu et utilis\u00e9 dans la\u00a0m\u00e9decine traditionnelle chinoise\u00a0pour ses nombreuses vertus. Adoptez-le sans plus attendre !","og_url":"https:\/\/www.safinel.fr\/it\/prodotto\/dong-quai\/","og_site_name":"Safinel","article_modified_time":"2024-04-14T12:46:26+00:00","og_image":[{"width":600,"height":600,"url":"https:\/\/www.safinel.fr\/wp-content\/uploads\/2023\/01\/Dong-Quai.jpg","type":"image\/jpeg"}],"twitter_card":"summary_large_image","twitter_misc":{"Tempo di lettura stimato":"3 minuti"},"schema":{"@context":"https:\/\/schema.org","@graph":[{"@type":"WebPage","@id":"https:\/\/www.safinel.fr\/produit\/dong-quai\/","url":"https:\/\/www.safinel.fr\/produit\/dong-quai\/","name":"Dong Quai I Ginseng femminile I Numerosi benefici","isPartOf":{"@id":"https:\/\/www.safinel.fr\/#website"},"primaryImageOfPage":{"@id":"https:\/\/www.safinel.fr\/produit\/dong-quai\/#primaryimage"},"image":{"@id":"https:\/\/www.safinel.fr\/produit\/dong-quai\/#primaryimage"},"thumbnailUrl":"https:\/\/www.safinel.fr\/wp-content\/uploads\/2023\/01\/Dong-Quai.jpg","datePublished":"2023-01-12T18:44:47+00:00","dateModified":"2024-04-14T12:46:26+00:00","description":"Il dong quai \u00e8 conosciuto e utilizzato nella medicina tradizionale cinese per le sue numerose virt\u00f9. Adottatelo ora!","breadcrumb":{"@id":"https:\/\/www.safinel.fr\/produit\/dong-quai\/#breadcrumb"},"inLanguage":"it-IT","potentialAction":[{"@type":"ReadAction","target":["https:\/\/www.safinel.fr\/produit\/dong-quai\/"]}]},{"@type":"ImageObject","inLanguage":"it-IT","@id":"https:\/\/www.safinel.fr\/produit\/dong-quai\/#primaryimage","url":"https:\/\/www.safinel.fr\/wp-content\/uploads\/2023\/01\/Dong-Quai.jpg","contentUrl":"https:\/\/www.safinel.fr\/wp-content\/uploads\/2023\/01\/Dong-Quai.jpg","width":600,"height":600,"caption":"Dong Quai (\u5f53\u5f52 \/ \u7576\u6b78) 100g"},{"@type":"BreadcrumbList","@id":"https:\/\/www.safinel.fr\/produit\/dong-quai\/#breadcrumb","itemListElement":[{"@type":"ListItem","position":1,"name":"Accueil","item":"https:\/\/www.safinel.fr\/"},{"@type":"ListItem","position":2,"name":"Boutique","item":"https:\/\/www.safinel.fr\/boutique\/"},{"@type":"ListItem","position":3,"name":"Dong Quai (\u5f53\u5f52 \/ \u7576\u6b78) 100g"}]},{"@type":"WebSite","@id":"https:\/\/www.safinel.fr\/#website","url":"https:\/\/www.safinel.fr\/","name":"Safinel","description":"","publisher":{"@id":"https:\/\/www.safinel.fr\/#organization"},"potentialAction":[{"@type":"SearchAction","target":{"@type":"EntryPoint","urlTemplate":"https:\/\/www.safinel.fr\/?s={search_term_string}"},"query-input":{"@type":"PropertyValueSpecification","valueRequired":true,"valueName":"search_term_string"}}],"inLanguage":"it-IT"},{"@type":"Organization","@id":"https:\/\/www.safinel.fr\/#organization","name":"Safinel","url":"https:\/\/www.safinel.fr\/","logo":{"@type":"ImageObject","inLanguage":"it-IT","@id":"https:\/\/www.safinel.fr\/#\/schema\/logo\/image\/","url":"https:\/\/www.safinel.fr\/wp-content\/uploads\/2021\/05\/boutique-cosmetique.png","contentUrl":"https:\/\/www.safinel.fr\/wp-content\/uploads\/2021\/05\/boutique-cosmetique.png","width":800,"height":200,"caption":"Safinel"},"image":{"@id":"https:\/\/www.safinel.fr\/#\/schema\/logo\/image\/"}}]}},"_links":{"self":[{"href":"https:\/\/www.safinel.fr\/it\/wp-json\/wp\/v2\/product\/4203","targetHints":{"allow":["GET"]}}],"collection":[{"href":"https:\/\/www.safinel.fr\/it\/wp-json\/wp\/v2\/product"}],"about":[{"href":"https:\/\/www.safinel.fr\/it\/wp-json\/wp\/v2\/types\/product"}],"wp:featuredmedia":[{"embeddable":true,"href":"https:\/\/www.safinel.fr\/it\/wp-json\/wp\/v2\/media\/4204"}],"wp:attachment":[{"href":"https:\/\/www.safinel.fr\/it\/wp-json\/wp\/v2\/media?parent=4203"}],"wp:term":[{"taxonomy":"product_brand","embeddable":true,"href":"https:\/\/www.safinel.fr\/it\/wp-json\/wp\/v2\/product_brand?post=4203"},{"taxonomy":"product_cat","embeddable":true,"href":"https:\/\/www.safinel.fr\/it\/wp-json\/wp\/v2\/product_cat?post=4203"},{"taxonomy":"product_tag","embeddable":true,"href":"https:\/\/www.safinel.fr\/it\/wp-json\/wp\/v2\/product_tag?post=4203"}],"curies":[{"name":"wp","href":"https:\/\/api.w.org\/{rel}","templated":true}]}}