{"id":4125,"date":"2023-01-06T19:06:51","date_gmt":"2023-01-06T19:06:51","guid":{"rendered":"https:\/\/www.safinel.fr\/?post_type=product&#038;p=4125"},"modified":"2026-02-04T09:37:21","modified_gmt":"2026-02-04T09:37:21","slug":"attote-jus","status":"publish","type":"product","link":"https:\/\/www.safinel.fr\/it\/prodotto\/attote-jus\/","title":{"rendered":"Succo di frutta 500ml"},"content":{"rendered":"<p>Il jus di Attote \u00e8 una bevanda energetica. Viene utilizzata dagli uomini per\u00a0<strong>aumentare il loro desiderio <\/strong>e le loro prestazioni sessuali. Per le donne, si tratta di un potenziatore della libido garantito. Con questo prodotto, troverete\u00a0<strong>armonia nella vostra relazione<\/strong>. Vi raccontiamo tutto.<\/p>\n<h2><strong>Succo di frutta: una carica di energia quotidiana<\/strong><\/h2>\n<p>Questa bevanda \u00e8\u00a0<strong>100% naturale<\/strong>\u00a0e\u00a0<strong>senza alcool<\/strong>. La ricetta di questo elisir si ispira a quella dell'attot\u00e9, un potente afrodisiaco ivoriano. Realizzato con\u00a0<strong>cola<\/strong>,\u00a0<a href=\"https:\/\/www.safinel.fr\/it\/prodotto\/cola-piccola\/\"><strong>cola piccola<\/strong><\/a>,\u00a0<strong>zenzero<\/strong>\u00a0e\u00a0<strong>fiori di ibisco<\/strong>, \u00e8 la spinta di cui avete bisogno. Questi ingredienti sono tutti noti per le loro\u00a0<strong>propriet\u00e0 afrodisiache<\/strong>,\u00a0<strong>stimolante<\/strong>\u00a0e\u00a0<strong>rinvigorente<\/strong>.<\/p>\n<h3><strong>Fiore di ibisco: per la fioritura della sessualit\u00e0 femminile<\/strong><\/h3>\n<p>Viene qui utilizzato per i suoi effetti sulla\u00a0<strong>desiderio femminile<\/strong>. La libido della donna si riaccende. Grazie a ci\u00f2, sar\u00e0\u00a0<strong>affrancato<\/strong>\u00a0di tutti i suoi\u00a0<strong>ostruzioni<\/strong>. E troverete o scoprirete un\u00a0<strong>armonia nella vostra sessualit\u00e0<\/strong>. Per aumentare il desiderio di preliminari, godetevi insieme quanto segue\u00a0<strong><a href=\"https:\/\/www.safinel.fr\/it\/prodotto\/caramelle-afrodisiache-allo-zucchero-in-zollette\/\">Dolci afrodisiaci con zollette di zucchero<\/a>.<\/strong><\/p>\n<h3><strong>La noce di cola e lo zenzero: alleati dell'uomo<\/strong><\/h3>\n<p>La cola viene utilizzata per\u00a0<strong>stimolare la libido<\/strong>\u00a0negli esseri umani. Ma anche per la sua\u00a0<strong>propriet\u00e0 tonificanti e stimolanti<\/strong>. Questo \u00e8 anche il caso dello zenzero che, grazie alle sue qualit\u00e0 vasodilatatrici, cura l'impotenza. E vi dar\u00e0 una vitalit\u00e0 e una performance senza pari.<\/p>\n<h2><strong>Attote jus: una bevanda che rispetta gli standard sanitari<\/strong><\/h2>\n<p>Esistono molti rimedi africani energizzanti. Purtroppo, spesso sono contraffatti. Il succo di frutta attote\u00a0<strong>\u00e8 conforme agli standard sanitari<\/strong>. \u00c8 stato analizzato da laboratori certificati. Il risultato \u00e8 che \u00e8 adatto al consumo e privo di rischi per la salute.<\/p>\n<h3><strong>Risvegliare i sensi<\/strong><\/h3>\n<p>I problemi di impotenza o di esaurimento sessuale sono molto pi\u00f9 comuni di quanto si possa pensare. E, purtroppo, i tab\u00f9 associati alla mancanza di prestazioni non aiutano questi uomini. Con questa bevanda, queste preoccupazioni saranno dimenticate. Riscoprirete le vostre sensazioni, che saranno addirittura amplificate. Il tutto per il piacere vostro e della vostra partner. Questa miscela di semi, piante e fiori vi aiuter\u00e0 a\u00a0<strong>fornire una sveglia duratura<\/strong>.<\/p>\n<h3><strong>Per maggiori prestazioni<\/strong><\/h3>\n<p>\u00c8 possibile utilizzare questo prodotto anche per prolungare il rapporto sessuale. Questo \u00e8 il caso di molti uomini che non hanno particolari problemi. Di conseguenza, la loro erezione durer\u00e0 pi\u00f9 a lungo. Conosciuto oggi in tutto il mondo, non sono pi\u00f9 solo gli africani a testimoniarne l'efficacia, ma uomini di tutte le origini.<\/p>\n<h3><strong>Promozione dei prodotti naturali dall'Africa<\/strong><\/h3>\n<p>Pi\u00f9 che una semplice bevanda, l'attote jus rappresenta il riconoscimento delle ricette energetiche naturali africane. Infatti, da tempo apprezzate dagli abitanti del luogo, stanno conquistando ogni giorno un pubblico sempre pi\u00f9 vasto. Provate anche il\u00a0<a href=\"https:\/\/www.safinel.fr\/it\/prodotto\/kognon-mousso\/\"><strong>Kognon Mousso<\/strong><\/a>\u00a0noto per stimolare il desiderio e aumentare le prestazioni sessuali.<\/p>\n<h3><strong>Come si assume il succo di frutta?<\/strong><\/h3>\n<p>Per una vitalit\u00e0 duratura, bere un bicchiere al giorno.<\/p>\n<p>La cola \u00e8 molto amara. Si pu\u00f2 aggiungere del succo di frutta per addolcirne il sapore. D'altra parte, le bevande energetiche dovrebbero essere assunte con\u00a0<strong>moderazione<\/strong>. Sono anche\u00a0<strong>non \u00e8 raccomandato per le donne in gravidanza<\/strong>\u00a0e le persone che hanno un\u00a0<strong>fragilit\u00e0 cardiaca<\/strong>.<\/p>\n<p>Bottiglia da 500 ml<\/p>","protected":false},"excerpt":{"rendered":"<p><img decoding=\"async\" class=\"size-full wp-image-5091 aligncenter\" src=\"https:\/\/www.safinel.fr\/wp-content\/uploads\/2021\/06\/BANNIERE-ICONE-SAFINEL.webp\" alt=\"riassicurazione satine\" width=\"800\" height=\"200\" srcset=\"https:\/\/www.safinel.fr\/wp-content\/uploads\/2021\/06\/BANNIERE-ICONE-SAFINEL.webp 800w, https:\/\/www.safinel.fr\/wp-content\/uploads\/2021\/06\/BANNIERE-ICONE-SAFINEL-600x150.webp 600w, https:\/\/www.safinel.fr\/wp-content\/uploads\/2021\/06\/BANNIERE-ICONE-SAFINEL-768x192.webp 768w\" sizes=\"(max-width: 800px) 100vw, 800px\" \/><\/p>","protected":false},"featured_media":4126,"template":"","meta":[],"product_brand":[],"product_cat":[91],"product_tag":[],"class_list":{"0":"post-4125","1":"product","2":"type-product","3":"status-publish","4":"has-post-thumbnail","6":"product_cat-boisson-aphrodisiaque-africaine","8":"first","9":"instock","10":"shipping-taxable","11":"purchasable","12":"product-type-simple"},"yoast_head":"<!-- This site is optimized with the Yoast SEO plugin v26.6 - https:\/\/yoast.com\/wordpress\/plugins\/seo\/ -->\n<title>Attote jus I Boisson aphrodisiaque africaine par excellence<\/title>\n<meta name=\"description\" content=\"L\u2019attote jus est une boisson \u00e9nergisante. Elle est utilis\u00e9e par les hommes pour\u00a0augmenter leur d\u00e9sire et leurs performances sexuelles.\" \/>\n<meta name=\"robots\" content=\"index, follow, max-snippet:-1, max-image-preview:large, max-video-preview:-1\" \/>\n<link rel=\"canonical\" href=\"https:\/\/www.safinel.fr\/it\/prodotto\/attote-jus\/\" \/>\n<meta property=\"og:locale\" content=\"it_IT\" \/>\n<meta property=\"og:type\" content=\"article\" \/>\n<meta property=\"og:title\" content=\"Attote jus I Boisson aphrodisiaque africaine par excellence\" \/>\n<meta property=\"og:description\" content=\"L\u2019attote jus est une boisson \u00e9nergisante. Elle est utilis\u00e9e par les hommes pour\u00a0augmenter leur d\u00e9sire et leurs performances sexuelles.\" \/>\n<meta property=\"og:url\" content=\"https:\/\/www.safinel.fr\/it\/prodotto\/attote-jus\/\" \/>\n<meta property=\"og:site_name\" content=\"Safinel\" \/>\n<meta property=\"article:modified_time\" content=\"2026-02-04T09:37:21+00:00\" \/>\n<meta property=\"og:image\" content=\"https:\/\/www.safinel.fr\/wp-content\/uploads\/2023\/01\/attote.jpeg\" \/>\n\t<meta property=\"og:image:width\" content=\"600\" \/>\n\t<meta property=\"og:image:height\" content=\"600\" \/>\n\t<meta property=\"og:image:type\" content=\"image\/jpeg\" \/>\n<meta name=\"twitter:card\" content=\"summary_large_image\" \/>\n<meta name=\"twitter:label1\" content=\"Tempo di lettura stimato\" \/>\n\t<meta name=\"twitter:data1\" content=\"3 minuti\" \/>\n<script type=\"application\/ld+json\" class=\"yoast-schema-graph\">{\"@context\":\"https:\/\/schema.org\",\"@graph\":[{\"@type\":\"WebPage\",\"@id\":\"https:\/\/www.safinel.fr\/produit\/jus-attote\/\",\"url\":\"https:\/\/www.safinel.fr\/produit\/jus-attote\/\",\"name\":\"Attote jus I Boisson aphrodisiaque africaine par excellence\",\"isPartOf\":{\"@id\":\"https:\/\/www.safinel.fr\/#website\"},\"primaryImageOfPage\":{\"@id\":\"https:\/\/www.safinel.fr\/produit\/jus-attote\/#primaryimage\"},\"image\":{\"@id\":\"https:\/\/www.safinel.fr\/produit\/jus-attote\/#primaryimage\"},\"thumbnailUrl\":\"https:\/\/www.safinel.fr\/wp-content\/uploads\/2023\/01\/attote.jpeg\",\"datePublished\":\"2023-01-06T19:06:51+00:00\",\"dateModified\":\"2026-02-04T09:37:21+00:00\",\"description\":\"L\u2019attote jus est une boisson \u00e9nergisante. Elle est utilis\u00e9e par les hommes pour\u00a0augmenter leur d\u00e9sire et leurs performances sexuelles.\",\"breadcrumb\":{\"@id\":\"https:\/\/www.safinel.fr\/produit\/jus-attote\/#breadcrumb\"},\"inLanguage\":\"it-IT\",\"potentialAction\":[{\"@type\":\"ReadAction\",\"target\":[\"https:\/\/www.safinel.fr\/produit\/jus-attote\/\"]}]},{\"@type\":\"ImageObject\",\"inLanguage\":\"it-IT\",\"@id\":\"https:\/\/www.safinel.fr\/produit\/jus-attote\/#primaryimage\",\"url\":\"https:\/\/www.safinel.fr\/wp-content\/uploads\/2023\/01\/attote.jpeg\",\"contentUrl\":\"https:\/\/www.safinel.fr\/wp-content\/uploads\/2023\/01\/attote.jpeg\",\"width\":600,\"height\":600,\"caption\":\"Jus d'Attote\"},{\"@type\":\"BreadcrumbList\",\"@id\":\"https:\/\/www.safinel.fr\/produit\/jus-attote\/#breadcrumb\",\"itemListElement\":[{\"@type\":\"ListItem\",\"position\":1,\"name\":\"Accueil\",\"item\":\"https:\/\/www.safinel.fr\/\"},{\"@type\":\"ListItem\",\"position\":2,\"name\":\"Boutique\",\"item\":\"https:\/\/www.safinel.fr\/boutique\/\"},{\"@type\":\"ListItem\",\"position\":3,\"name\":\"Jus d&rsquo;Attote 500ml\"}]},{\"@type\":\"WebSite\",\"@id\":\"https:\/\/www.safinel.fr\/#website\",\"url\":\"https:\/\/www.safinel.fr\/\",\"name\":\"Safinel\",\"description\":\"\",\"publisher\":{\"@id\":\"https:\/\/www.safinel.fr\/#organization\"},\"potentialAction\":[{\"@type\":\"SearchAction\",\"target\":{\"@type\":\"EntryPoint\",\"urlTemplate\":\"https:\/\/www.safinel.fr\/?s={search_term_string}\"},\"query-input\":{\"@type\":\"PropertyValueSpecification\",\"valueRequired\":true,\"valueName\":\"search_term_string\"}}],\"inLanguage\":\"it-IT\"},{\"@type\":\"Organization\",\"@id\":\"https:\/\/www.safinel.fr\/#organization\",\"name\":\"Safinel\",\"url\":\"https:\/\/www.safinel.fr\/\",\"logo\":{\"@type\":\"ImageObject\",\"inLanguage\":\"it-IT\",\"@id\":\"https:\/\/www.safinel.fr\/#\/schema\/logo\/image\/\",\"url\":\"https:\/\/www.safinel.fr\/wp-content\/uploads\/2021\/05\/boutique-cosmetique.png\",\"contentUrl\":\"https:\/\/www.safinel.fr\/wp-content\/uploads\/2021\/05\/boutique-cosmetique.png\",\"width\":800,\"height\":200,\"caption\":\"Safinel\"},\"image\":{\"@id\":\"https:\/\/www.safinel.fr\/#\/schema\/logo\/image\/\"}}]}<\/script>\n<!-- \/ Yoast SEO plugin. -->","yoast_head_json":{"title":"Attote jus I Bevanda afrodisiaca africana per eccellenza","description":"Attote jus \u00e8 una bevanda energetica. Viene utilizzata dagli uomini per aumentare il desiderio e le prestazioni sessuali.","robots":{"index":"index","follow":"follow","max-snippet":"max-snippet:-1","max-image-preview":"max-image-preview:large","max-video-preview":"max-video-preview:-1"},"canonical":"https:\/\/www.safinel.fr\/it\/prodotto\/attote-jus\/","og_locale":"it_IT","og_type":"article","og_title":"Attote jus I Boisson aphrodisiaque africaine par excellence","og_description":"L\u2019attote jus est une boisson \u00e9nergisante. Elle est utilis\u00e9e par les hommes pour\u00a0augmenter leur d\u00e9sire et leurs performances sexuelles.","og_url":"https:\/\/www.safinel.fr\/it\/prodotto\/attote-jus\/","og_site_name":"Safinel","article_modified_time":"2026-02-04T09:37:21+00:00","og_image":[{"width":600,"height":600,"url":"https:\/\/www.safinel.fr\/wp-content\/uploads\/2023\/01\/attote.jpeg","type":"image\/jpeg"}],"twitter_card":"summary_large_image","twitter_misc":{"Tempo di lettura stimato":"3 minuti"},"schema":{"@context":"https:\/\/schema.org","@graph":[{"@type":"WebPage","@id":"https:\/\/www.safinel.fr\/produit\/jus-attote\/","url":"https:\/\/www.safinel.fr\/produit\/jus-attote\/","name":"Attote jus I Bevanda afrodisiaca africana per eccellenza","isPartOf":{"@id":"https:\/\/www.safinel.fr\/#website"},"primaryImageOfPage":{"@id":"https:\/\/www.safinel.fr\/produit\/jus-attote\/#primaryimage"},"image":{"@id":"https:\/\/www.safinel.fr\/produit\/jus-attote\/#primaryimage"},"thumbnailUrl":"https:\/\/www.safinel.fr\/wp-content\/uploads\/2023\/01\/attote.jpeg","datePublished":"2023-01-06T19:06:51+00:00","dateModified":"2026-02-04T09:37:21+00:00","description":"Attote jus \u00e8 una bevanda energetica. Viene utilizzata dagli uomini per aumentare il desiderio e le prestazioni sessuali.","breadcrumb":{"@id":"https:\/\/www.safinel.fr\/produit\/jus-attote\/#breadcrumb"},"inLanguage":"it-IT","potentialAction":[{"@type":"ReadAction","target":["https:\/\/www.safinel.fr\/produit\/jus-attote\/"]}]},{"@type":"ImageObject","inLanguage":"it-IT","@id":"https:\/\/www.safinel.fr\/produit\/jus-attote\/#primaryimage","url":"https:\/\/www.safinel.fr\/wp-content\/uploads\/2023\/01\/attote.jpeg","contentUrl":"https:\/\/www.safinel.fr\/wp-content\/uploads\/2023\/01\/attote.jpeg","width":600,"height":600,"caption":"Jus d'Attote"},{"@type":"BreadcrumbList","@id":"https:\/\/www.safinel.fr\/produit\/jus-attote\/#breadcrumb","itemListElement":[{"@type":"ListItem","position":1,"name":"Accueil","item":"https:\/\/www.safinel.fr\/"},{"@type":"ListItem","position":2,"name":"Boutique","item":"https:\/\/www.safinel.fr\/boutique\/"},{"@type":"ListItem","position":3,"name":"Jus d&rsquo;Attote 500ml"}]},{"@type":"WebSite","@id":"https:\/\/www.safinel.fr\/#website","url":"https:\/\/www.safinel.fr\/","name":"Safinel","description":"","publisher":{"@id":"https:\/\/www.safinel.fr\/#organization"},"potentialAction":[{"@type":"SearchAction","target":{"@type":"EntryPoint","urlTemplate":"https:\/\/www.safinel.fr\/?s={search_term_string}"},"query-input":{"@type":"PropertyValueSpecification","valueRequired":true,"valueName":"search_term_string"}}],"inLanguage":"it-IT"},{"@type":"Organization","@id":"https:\/\/www.safinel.fr\/#organization","name":"Safinel","url":"https:\/\/www.safinel.fr\/","logo":{"@type":"ImageObject","inLanguage":"it-IT","@id":"https:\/\/www.safinel.fr\/#\/schema\/logo\/image\/","url":"https:\/\/www.safinel.fr\/wp-content\/uploads\/2021\/05\/boutique-cosmetique.png","contentUrl":"https:\/\/www.safinel.fr\/wp-content\/uploads\/2021\/05\/boutique-cosmetique.png","width":800,"height":200,"caption":"Safinel"},"image":{"@id":"https:\/\/www.safinel.fr\/#\/schema\/logo\/image\/"}}]}},"_links":{"self":[{"href":"https:\/\/www.safinel.fr\/it\/wp-json\/wp\/v2\/product\/4125","targetHints":{"allow":["GET"]}}],"collection":[{"href":"https:\/\/www.safinel.fr\/it\/wp-json\/wp\/v2\/product"}],"about":[{"href":"https:\/\/www.safinel.fr\/it\/wp-json\/wp\/v2\/types\/product"}],"wp:featuredmedia":[{"embeddable":true,"href":"https:\/\/www.safinel.fr\/it\/wp-json\/wp\/v2\/media\/4126"}],"wp:attachment":[{"href":"https:\/\/www.safinel.fr\/it\/wp-json\/wp\/v2\/media?parent=4125"}],"wp:term":[{"taxonomy":"product_brand","embeddable":true,"href":"https:\/\/www.safinel.fr\/it\/wp-json\/wp\/v2\/product_brand?post=4125"},{"taxonomy":"product_cat","embeddable":true,"href":"https:\/\/www.safinel.fr\/it\/wp-json\/wp\/v2\/product_cat?post=4125"},{"taxonomy":"product_tag","embeddable":true,"href":"https:\/\/www.safinel.fr\/it\/wp-json\/wp\/v2\/product_tag?post=4125"}],"curies":[{"name":"wp","href":"https:\/\/api.w.org\/{rel}","templated":true}]}}