{"id":4009,"date":"2022-12-29T17:52:22","date_gmt":"2022-12-29T17:52:22","guid":{"rendered":"https:\/\/www.safinel.fr\/?post_type=product&#038;p=4009"},"modified":"2023-12-28T17:15:45","modified_gmt":"2023-12-28T17:15:45","slug":"miele-madurasa","status":"publish","type":"product","link":"https:\/\/www.safinel.fr\/it\/prodotto\/miele-madurasa\/","title":{"rendered":"Miele Madurasa"},"content":{"rendered":"<p><strong>Riscoprire il dolce piacere dell'alta qualit\u00e0<\/strong>\u00a0della vostra intimit\u00e0 con il vostro prossimo nuovo alleato:<strong>\u00a0Miele di Madurasa.<\/strong>\u00a0Questo miele ha la particolarit\u00e0 di essere afrodisiaco. Consumarlo \u00e8\u00a0<strong>per garantire l'eccellenza della vostra relazione intima,<\/strong>\u00a0indietro. Qui vi raccontiamo tutto quello che c'\u00e8 da sapere su questo nuovo partner del piacere.<\/p>\n<h2><strong>Che cos'\u00e8 il miele Madurasa?\u00a0<\/strong><\/h2>\n<p>Direttamente da\u00a0<strong>l'isola di Madura,\u00a0<\/strong>Il miele Madurasa proviene da un'isola a nord-est di Giava, in Indonesia, e come avrete capito \u00e8 un miele afrodisiaco. Si trova sotto forma di piccole bustine in monodosi, composte esattamente da un<strong>\u00a0miele puro, arricchito con la famosa pappa reale e alcune spezie.<\/strong>\u00a0Sar\u00e0 quindi<strong>\u00a0facile da prendere in qualsiasi momento.\u00a0<\/strong><\/p>\n<h2><strong>Perch\u00e9 assumere il miele Madurasa?<\/strong><\/h2>\n<p>Se il vostro obiettivo principale \u00e8<strong>\u00a0<a href=\"https:\/\/www.safinel.fr\/it\/prodotto\/libidomiel\/\">aumentare la libido<\/a>,<\/strong>\u00a0Il miele Madurasa \u00e8 quello che fa per voi. Inoltre, \u00e8 famoso per\u00a0<strong>il suo notevole aiuto alla lubrificazione vaginale.<\/strong>\u00a0Infatti, aumenter\u00e0 notevolmente l'idratazione e quindi\u00a0<strong>evitare il fenomeno,<\/strong>\u00a0spesso incontrata da molte donne,\u00a0<strong>secchezza vaginale.\u00a0<\/strong><\/p>\n<p>In particolare,<strong>\u00a0durante i rapporti intimi.<\/strong>\u00a0Consente quindi di\u00a0<strong>una relazione pi\u00f9 piacevole per entrambi i partner.<\/strong>\u00a0Ma anche\u00a0<strong>per un periodo pi\u00f9 lungo.<\/strong>\u00a0Vediamo come usarlo per sfruttare al meglio i suoi effetti.<\/p>\n<h3><strong>Come si mangia?\u00a0<\/strong><\/h3>\n<p>Per quanto riguarda il consumo del miele Madurasa, sta a voi decidere cosa preferite. Ci sono due possibilit\u00e0. Avete la possibilit\u00e0 di\u2019<strong>possibilit\u00e0 di bere direttamente.<\/strong>\u00a0Oppure\u00a0<strong>Se preferite, aggiungetelo al caff\u00e8 o all'infuso.<\/strong><\/p>\n<p>In tutti i casi, si consiglia di<strong>\u00a0assumerlo per almeno 1 ora<\/strong>\u00a0prima del rapporto sessuale, in modo da poterne godere appieno i benefici. Poi si passa ai momenti di piacere condiviso, e naturalmente per un tempo piacevole e lungo.<\/p>","protected":false},"excerpt":{"rendered":"<p><img decoding=\"async\" class=\"size-full wp-image-5091 aligncenter\" src=\"https:\/\/www.safinel.fr\/wp-content\/uploads\/2021\/06\/BANNIERE-ICONE-SAFINEL.webp\" alt=\"riassicurazione satine\" width=\"800\" height=\"200\" srcset=\"https:\/\/www.safinel.fr\/wp-content\/uploads\/2021\/06\/BANNIERE-ICONE-SAFINEL.webp 800w, https:\/\/www.safinel.fr\/wp-content\/uploads\/2021\/06\/BANNIERE-ICONE-SAFINEL-600x150.webp 600w, https:\/\/www.safinel.fr\/wp-content\/uploads\/2021\/06\/BANNIERE-ICONE-SAFINEL-768x192.webp 768w\" sizes=\"(max-width: 800px) 100vw, 800px\" \/><\/p>","protected":false},"featured_media":4013,"template":"","meta":[],"product_brand":[],"product_cat":[24,72],"product_tag":[],"class_list":{"0":"post-4009","1":"product","2":"type-product","3":"status-publish","4":"has-post-thumbnail","6":"product_cat-apiculture","7":"product_cat-miel-aphrodisiaque","9":"first","10":"outofstock","11":"shipping-taxable","12":"purchasable","13":"product-type-variable"},"yoast_head":"<!-- This site is optimized with the Yoast SEO plugin v26.6 - https:\/\/yoast.com\/wordpress\/plugins\/seo\/ -->\n<title>Miel madurasa I Aphrodisiaque f\u00e9minin I Achat s\u00e9curis\u00e9<\/title>\n<meta name=\"description\" content=\"Retrouvez le doux plaisir et la grande qualit\u00e9\u00a0de votre intimit\u00e9 avec votre prochain nouvel alli\u00e9 :\u00a0le miel Madurasa. Adoptez-le sans plus attendre !\" \/>\n<meta name=\"robots\" content=\"index, follow, max-snippet:-1, max-image-preview:large, max-video-preview:-1\" \/>\n<link rel=\"canonical\" href=\"https:\/\/www.safinel.fr\/it\/prodotto\/miele-madurasa\/\" \/>\n<meta property=\"og:locale\" content=\"it_IT\" \/>\n<meta property=\"og:type\" content=\"article\" \/>\n<meta property=\"og:title\" content=\"Miel madurasa I Aphrodisiaque f\u00e9minin I Achat s\u00e9curis\u00e9\" \/>\n<meta property=\"og:description\" content=\"Retrouvez le doux plaisir et la grande qualit\u00e9\u00a0de votre intimit\u00e9 avec votre prochain nouvel alli\u00e9 :\u00a0le miel Madurasa. Adoptez-le sans plus attendre !\" \/>\n<meta property=\"og:url\" content=\"https:\/\/www.safinel.fr\/it\/prodotto\/miele-madurasa\/\" \/>\n<meta property=\"og:site_name\" content=\"Safinel\" \/>\n<meta property=\"article:modified_time\" content=\"2023-12-28T17:15:45+00:00\" \/>\n<meta property=\"og:image\" content=\"https:\/\/www.safinel.fr\/wp-content\/uploads\/2022\/12\/miel-madurasa-aphrodisiaque.jpg\" \/>\n\t<meta property=\"og:image:width\" content=\"600\" \/>\n\t<meta property=\"og:image:height\" content=\"600\" \/>\n\t<meta property=\"og:image:type\" content=\"image\/jpeg\" \/>\n<meta name=\"twitter:card\" content=\"summary_large_image\" \/>\n<meta name=\"twitter:label1\" content=\"Tempo di lettura stimato\" \/>\n\t<meta name=\"twitter:data1\" content=\"2 minuti\" \/>\n<script type=\"application\/ld+json\" class=\"yoast-schema-graph\">{\"@context\":\"https:\/\/schema.org\",\"@graph\":[{\"@type\":\"WebPage\",\"@id\":\"https:\/\/www.safinel.fr\/produit\/miel-madurasa\/\",\"url\":\"https:\/\/www.safinel.fr\/produit\/miel-madurasa\/\",\"name\":\"Miel madurasa I Aphrodisiaque f\u00e9minin I Achat s\u00e9curis\u00e9\",\"isPartOf\":{\"@id\":\"https:\/\/www.safinel.fr\/#website\"},\"primaryImageOfPage\":{\"@id\":\"https:\/\/www.safinel.fr\/produit\/miel-madurasa\/#primaryimage\"},\"image\":{\"@id\":\"https:\/\/www.safinel.fr\/produit\/miel-madurasa\/#primaryimage\"},\"thumbnailUrl\":\"https:\/\/www.safinel.fr\/wp-content\/uploads\/2022\/12\/miel-madurasa-aphrodisiaque.jpg\",\"datePublished\":\"2022-12-29T17:52:22+00:00\",\"dateModified\":\"2023-12-28T17:15:45+00:00\",\"description\":\"Retrouvez le doux plaisir et la grande qualit\u00e9\u00a0de votre intimit\u00e9 avec votre prochain nouvel alli\u00e9 :\u00a0le miel Madurasa. Adoptez-le sans plus attendre !\",\"breadcrumb\":{\"@id\":\"https:\/\/www.safinel.fr\/produit\/miel-madurasa\/#breadcrumb\"},\"inLanguage\":\"it-IT\",\"potentialAction\":[{\"@type\":\"ReadAction\",\"target\":[\"https:\/\/www.safinel.fr\/produit\/miel-madurasa\/\"]}]},{\"@type\":\"ImageObject\",\"inLanguage\":\"it-IT\",\"@id\":\"https:\/\/www.safinel.fr\/produit\/miel-madurasa\/#primaryimage\",\"url\":\"https:\/\/www.safinel.fr\/wp-content\/uploads\/2022\/12\/miel-madurasa-aphrodisiaque.jpg\",\"contentUrl\":\"https:\/\/www.safinel.fr\/wp-content\/uploads\/2022\/12\/miel-madurasa-aphrodisiaque.jpg\",\"width\":600,\"height\":600,\"caption\":\"miel madurasa aphrodisiaque\"},{\"@type\":\"BreadcrumbList\",\"@id\":\"https:\/\/www.safinel.fr\/produit\/miel-madurasa\/#breadcrumb\",\"itemListElement\":[{\"@type\":\"ListItem\",\"position\":1,\"name\":\"Accueil\",\"item\":\"https:\/\/www.safinel.fr\/\"},{\"@type\":\"ListItem\",\"position\":2,\"name\":\"Boutique\",\"item\":\"https:\/\/www.safinel.fr\/boutique\/\"},{\"@type\":\"ListItem\",\"position\":3,\"name\":\"Miel madurasa\"}]},{\"@type\":\"WebSite\",\"@id\":\"https:\/\/www.safinel.fr\/#website\",\"url\":\"https:\/\/www.safinel.fr\/\",\"name\":\"Safinel\",\"description\":\"\",\"publisher\":{\"@id\":\"https:\/\/www.safinel.fr\/#organization\"},\"potentialAction\":[{\"@type\":\"SearchAction\",\"target\":{\"@type\":\"EntryPoint\",\"urlTemplate\":\"https:\/\/www.safinel.fr\/?s={search_term_string}\"},\"query-input\":{\"@type\":\"PropertyValueSpecification\",\"valueRequired\":true,\"valueName\":\"search_term_string\"}}],\"inLanguage\":\"it-IT\"},{\"@type\":\"Organization\",\"@id\":\"https:\/\/www.safinel.fr\/#organization\",\"name\":\"Safinel\",\"url\":\"https:\/\/www.safinel.fr\/\",\"logo\":{\"@type\":\"ImageObject\",\"inLanguage\":\"it-IT\",\"@id\":\"https:\/\/www.safinel.fr\/#\/schema\/logo\/image\/\",\"url\":\"https:\/\/www.safinel.fr\/wp-content\/uploads\/2021\/05\/boutique-cosmetique.png\",\"contentUrl\":\"https:\/\/www.safinel.fr\/wp-content\/uploads\/2021\/05\/boutique-cosmetique.png\",\"width\":800,\"height\":200,\"caption\":\"Safinel\"},\"image\":{\"@id\":\"https:\/\/www.safinel.fr\/#\/schema\/logo\/image\/\"}}]}<\/script>\n<!-- \/ Yoast SEO plugin. -->","yoast_head_json":{"title":"Miele di Madurasa I Afrodisiaco femminile I Acquisti sicuri","description":"Riscoprite il dolce piacere e l'alta qualit\u00e0 della vostra intimit\u00e0 con il vostro nuovo alleato: il miele Madurasa. Adottatelo subito!","robots":{"index":"index","follow":"follow","max-snippet":"max-snippet:-1","max-image-preview":"max-image-preview:large","max-video-preview":"max-video-preview:-1"},"canonical":"https:\/\/www.safinel.fr\/it\/prodotto\/miele-madurasa\/","og_locale":"it_IT","og_type":"article","og_title":"Miel madurasa I Aphrodisiaque f\u00e9minin I Achat s\u00e9curis\u00e9","og_description":"Retrouvez le doux plaisir et la grande qualit\u00e9\u00a0de votre intimit\u00e9 avec votre prochain nouvel alli\u00e9 :\u00a0le miel Madurasa. Adoptez-le sans plus attendre !","og_url":"https:\/\/www.safinel.fr\/it\/prodotto\/miele-madurasa\/","og_site_name":"Safinel","article_modified_time":"2023-12-28T17:15:45+00:00","og_image":[{"width":600,"height":600,"url":"https:\/\/www.safinel.fr\/wp-content\/uploads\/2022\/12\/miel-madurasa-aphrodisiaque.jpg","type":"image\/jpeg"}],"twitter_card":"summary_large_image","twitter_misc":{"Tempo di lettura stimato":"2 minuti"},"schema":{"@context":"https:\/\/schema.org","@graph":[{"@type":"WebPage","@id":"https:\/\/www.safinel.fr\/produit\/miel-madurasa\/","url":"https:\/\/www.safinel.fr\/produit\/miel-madurasa\/","name":"Miele di Madurasa I Afrodisiaco femminile I Acquisti sicuri","isPartOf":{"@id":"https:\/\/www.safinel.fr\/#website"},"primaryImageOfPage":{"@id":"https:\/\/www.safinel.fr\/produit\/miel-madurasa\/#primaryimage"},"image":{"@id":"https:\/\/www.safinel.fr\/produit\/miel-madurasa\/#primaryimage"},"thumbnailUrl":"https:\/\/www.safinel.fr\/wp-content\/uploads\/2022\/12\/miel-madurasa-aphrodisiaque.jpg","datePublished":"2022-12-29T17:52:22+00:00","dateModified":"2023-12-28T17:15:45+00:00","description":"Riscoprite il dolce piacere e l'alta qualit\u00e0 della vostra intimit\u00e0 con il vostro nuovo alleato: il miele Madurasa. Adottatelo subito!","breadcrumb":{"@id":"https:\/\/www.safinel.fr\/produit\/miel-madurasa\/#breadcrumb"},"inLanguage":"it-IT","potentialAction":[{"@type":"ReadAction","target":["https:\/\/www.safinel.fr\/produit\/miel-madurasa\/"]}]},{"@type":"ImageObject","inLanguage":"it-IT","@id":"https:\/\/www.safinel.fr\/produit\/miel-madurasa\/#primaryimage","url":"https:\/\/www.safinel.fr\/wp-content\/uploads\/2022\/12\/miel-madurasa-aphrodisiaque.jpg","contentUrl":"https:\/\/www.safinel.fr\/wp-content\/uploads\/2022\/12\/miel-madurasa-aphrodisiaque.jpg","width":600,"height":600,"caption":"miel madurasa aphrodisiaque"},{"@type":"BreadcrumbList","@id":"https:\/\/www.safinel.fr\/produit\/miel-madurasa\/#breadcrumb","itemListElement":[{"@type":"ListItem","position":1,"name":"Accueil","item":"https:\/\/www.safinel.fr\/"},{"@type":"ListItem","position":2,"name":"Boutique","item":"https:\/\/www.safinel.fr\/boutique\/"},{"@type":"ListItem","position":3,"name":"Miel madurasa"}]},{"@type":"WebSite","@id":"https:\/\/www.safinel.fr\/#website","url":"https:\/\/www.safinel.fr\/","name":"Safinel","description":"","publisher":{"@id":"https:\/\/www.safinel.fr\/#organization"},"potentialAction":[{"@type":"SearchAction","target":{"@type":"EntryPoint","urlTemplate":"https:\/\/www.safinel.fr\/?s={search_term_string}"},"query-input":{"@type":"PropertyValueSpecification","valueRequired":true,"valueName":"search_term_string"}}],"inLanguage":"it-IT"},{"@type":"Organization","@id":"https:\/\/www.safinel.fr\/#organization","name":"Safinel","url":"https:\/\/www.safinel.fr\/","logo":{"@type":"ImageObject","inLanguage":"it-IT","@id":"https:\/\/www.safinel.fr\/#\/schema\/logo\/image\/","url":"https:\/\/www.safinel.fr\/wp-content\/uploads\/2021\/05\/boutique-cosmetique.png","contentUrl":"https:\/\/www.safinel.fr\/wp-content\/uploads\/2021\/05\/boutique-cosmetique.png","width":800,"height":200,"caption":"Safinel"},"image":{"@id":"https:\/\/www.safinel.fr\/#\/schema\/logo\/image\/"}}]}},"_links":{"self":[{"href":"https:\/\/www.safinel.fr\/it\/wp-json\/wp\/v2\/product\/4009","targetHints":{"allow":["GET"]}}],"collection":[{"href":"https:\/\/www.safinel.fr\/it\/wp-json\/wp\/v2\/product"}],"about":[{"href":"https:\/\/www.safinel.fr\/it\/wp-json\/wp\/v2\/types\/product"}],"wp:featuredmedia":[{"embeddable":true,"href":"https:\/\/www.safinel.fr\/it\/wp-json\/wp\/v2\/media\/4013"}],"wp:attachment":[{"href":"https:\/\/www.safinel.fr\/it\/wp-json\/wp\/v2\/media?parent=4009"}],"wp:term":[{"taxonomy":"product_brand","embeddable":true,"href":"https:\/\/www.safinel.fr\/it\/wp-json\/wp\/v2\/product_brand?post=4009"},{"taxonomy":"product_cat","embeddable":true,"href":"https:\/\/www.safinel.fr\/it\/wp-json\/wp\/v2\/product_cat?post=4009"},{"taxonomy":"product_tag","embeddable":true,"href":"https:\/\/www.safinel.fr\/it\/wp-json\/wp\/v2\/product_tag?post=4009"}],"curies":[{"name":"wp","href":"https:\/\/api.w.org\/{rel}","templated":true}]}}