{"id":4001,"date":"2022-12-29T16:50:43","date_gmt":"2022-12-29T16:50:43","guid":{"rendered":"https:\/\/www.safinel.fr\/?post_type=product&#038;p=4001"},"modified":"2023-12-28T17:15:40","modified_gmt":"2023-12-28T17:15:40","slug":"oliban-louban-dakar","status":"publish","type":"product","link":"https:\/\/www.safinel.fr\/it\/prodotto\/oliban-louban-dakar\/","title":{"rendered":"Olibano (Louban dakar) 100g"},"content":{"rendered":"<p>Siete pronti a conoscere il tesoro della natura? Scopritelo subito con L'Oliban (<strong>Louban Dakar)\u00a0<\/strong>! \u00c8 vero che ha un profumo dolce e legnoso che ricorda la vaniglia e il legno... \u00c8 una fragranza popolare per uomini, donne e bambini, ed \u00e8 spesso utilizzata nei profumi dei marchi di lusso.<\/p>\n<p>Ha anche una serie di altre qualit\u00e0 che potrebbero sorprendervi...<\/p>\n<h2><strong>La storia della Louban Dakar con il vostro negozio Safinel!<\/strong><\/h2>\n<p>L'incenso, o olibano, \u00e8 una resina derivata dall'albero dell'incenso che prende il nome di\u00a0<strong>Boswellia<\/strong>. Si tratta di una delle resine aromatiche pi\u00f9 conosciute al mondo ed \u00e8 <a href=\"https:\/\/www.fragrance-imperiale.com\" target=\"_blank\" rel=\"noopener\"><strong>spesso utilizzato nelle fragranze<\/strong><\/a> e cosmetici.<\/p>\n<p>Si ritiene che il Louban sia originario della regione oggi conosciuta come Repubblica del Senegal. Gli antichi greci e romani ne apprezzavano le propriet\u00e0 terapeutiche e gli egizi lo utilizzavano addirittura come medicinale.<\/p>\n<h2><strong>I numerosi benefici dell'incenso<\/strong><\/h2>\n<p>Sappiamo quanto sia importante per voi\u00a0<strong>prodotti naturali<\/strong>\u00a0con un'infinit\u00e0 di ricchezze. Ecco perch\u00e9 la vostra boutique Safinel desidera presentarvi il famoso Louban Dakar! Se un tempo era molto utilizzato in alcune pratiche mediche, qual \u00e8 la situazione oggi?<\/p>\n<p>Mentre il tempo passa, alcune cose non cambiano mai, soprattutto quando la loro efficacia \u00e8 stata dimostrata. Prendiamo l'esempio del famoso louban...<\/p>\n<p>Oggi il louban \u00e8 ancora utilizzato per trattare diversi disturbi, tra cui ansia, depressione e stress. Si usa anche per trattare i problemi respiratori e per migliorare l'umore e la concentrazione.<\/p>\n<h3><strong>L'incenso di Dakar, un profumo molto ricercato...<\/strong><\/h3>\n<p>Se anche voi siete una di quelle persone che amano<strong>\u00a0prodotti profumati<\/strong>, Se \u00e8 cos\u00ec, il louban Dakar potrebbe fare al caso vostro. E se fosse giunto il momento di raccontarvi qualcosa di pi\u00f9 su questa resina aromatica naturale?<\/p>\n<p>In effetti, il louban \u00e8 forse pi\u00f9 conosciuto per la sua fragranza: ha un odore forte e dolce che viene spesso descritto come \u00abspeziato\u00bb. Viene utilizzato in prodotti come candele, lozioni per il corpo e profumi. Essendo cos\u00ec raro e prezioso, il louban \u00e8 spesso difficile da trovare al di fuori dei negozi specializzati. Se volete provarlo voi stessi, non esitate a visitare il vostro negozio locale Safinel, che vende molti prodotti naturali sicuri.<\/p>\n<h3><strong>Prodotti per il benessere nel tuo negozio Safinel!<\/strong><\/h3>\n<p>Avete un'inclinazione per\u00a0<strong>piante medicinali<\/strong>\u00a0? Allora il vostro negozio Safinel probabilmente ha proprio quello che state cercando! Avete sentito parlare di <a href=\"https:\/\/www.safinel.fr\/it\/prodotto\/issopo\/\"><strong>foglie di issopo<\/strong><\/a> ? In caso contrario, non preoccupatevi, vi racconteremo tutto!<\/p>\n<p>Originaria dell'Asia e dell'America, \u00e8 apprezzata per i suoi numerosi benefici. Infatti, potrebbe aiutare a regolare la pressione sanguigna e la congestione polmonare! Potete leggere l'articolo corrispondente qui!<\/p>\n<p>Avrete anche la possibilit\u00e0 di conoscere le foglie di Damiana! Questa pianta medicinale poco conosciuta potrebbe sorprendervi! Come potete vedere, la scelta non manca nel vostro negozio di benessere online!<\/p>","protected":false},"excerpt":{"rendered":"<p>Siete pronti a scoprire un tesoro della natura? Non aspettate oltre e provate L'Oliban (Louban Dakar)! \u00c8 vero, ha un profumo dolce e legnoso che ricorda la vaniglia e il legno... \u00c8 un profumo popolare tra uomini, donne e bambini, ed \u00e8 [...]","protected":false},"featured_media":4008,"template":"","meta":[],"product_brand":[],"product_cat":[28],"product_tag":[],"class_list":{"0":"post-4001","1":"product","2":"type-product","3":"status-publish","4":"has-post-thumbnail","6":"product_cat-divers","8":"first","9":"outofstock","10":"shipping-taxable","11":"purchasable","12":"product-type-simple"},"yoast_head":"<!-- This site is optimized with the Yoast SEO plugin v26.6 - https:\/\/yoast.com\/wordpress\/plugins\/seo\/ -->\n<title>Oliban r\u00e9sine I Louban dakar I Bienfaits nombreux<\/title>\n<meta name=\"description\" content=\"\u00cates-vous pr\u00eat \u00e0 faire la rencontre avec un tr\u00e9sor de la nature ? Faites la d\u00e9couverte sans plus attendre avec L&#039;Oliban (Louban Dakar)\u00a0!\" \/>\n<meta name=\"robots\" content=\"index, follow, max-snippet:-1, max-image-preview:large, max-video-preview:-1\" \/>\n<link rel=\"canonical\" href=\"https:\/\/www.safinel.fr\/it\/prodotto\/oliban-louban-dakar\/\" \/>\n<meta property=\"og:locale\" content=\"it_IT\" \/>\n<meta property=\"og:type\" content=\"article\" \/>\n<meta property=\"og:title\" content=\"Oliban r\u00e9sine I Louban dakar I Bienfaits nombreux\" \/>\n<meta property=\"og:description\" content=\"\u00cates-vous pr\u00eat \u00e0 faire la rencontre avec un tr\u00e9sor de la nature ? Faites la d\u00e9couverte sans plus attendre avec L&#039;Oliban (Louban Dakar)\u00a0!\" \/>\n<meta property=\"og:url\" content=\"https:\/\/www.safinel.fr\/it\/prodotto\/oliban-louban-dakar\/\" \/>\n<meta property=\"og:site_name\" content=\"Safinel\" \/>\n<meta property=\"article:modified_time\" content=\"2023-12-28T17:15:40+00:00\" \/>\n<meta property=\"og:image\" content=\"https:\/\/www.safinel.fr\/wp-content\/uploads\/2022\/12\/louban-dakar.jpg\" \/>\n\t<meta property=\"og:image:width\" content=\"600\" \/>\n\t<meta property=\"og:image:height\" content=\"600\" \/>\n\t<meta property=\"og:image:type\" content=\"image\/jpeg\" \/>\n<meta name=\"twitter:card\" content=\"summary_large_image\" \/>\n<meta name=\"twitter:label1\" content=\"Tempo di lettura stimato\" \/>\n\t<meta name=\"twitter:data1\" content=\"3 minuti\" \/>\n<script type=\"application\/ld+json\" class=\"yoast-schema-graph\">{\"@context\":\"https:\/\/schema.org\",\"@graph\":[{\"@type\":\"WebPage\",\"@id\":\"https:\/\/www.safinel.fr\/produit\/oliban-louban-dakar\/\",\"url\":\"https:\/\/www.safinel.fr\/produit\/oliban-louban-dakar\/\",\"name\":\"Oliban r\u00e9sine I Louban dakar I Bienfaits nombreux\",\"isPartOf\":{\"@id\":\"https:\/\/www.safinel.fr\/#website\"},\"primaryImageOfPage\":{\"@id\":\"https:\/\/www.safinel.fr\/produit\/oliban-louban-dakar\/#primaryimage\"},\"image\":{\"@id\":\"https:\/\/www.safinel.fr\/produit\/oliban-louban-dakar\/#primaryimage\"},\"thumbnailUrl\":\"https:\/\/www.safinel.fr\/wp-content\/uploads\/2022\/12\/louban-dakar.jpg\",\"datePublished\":\"2022-12-29T16:50:43+00:00\",\"dateModified\":\"2023-12-28T17:15:40+00:00\",\"description\":\"\u00cates-vous pr\u00eat \u00e0 faire la rencontre avec un tr\u00e9sor de la nature ? Faites la d\u00e9couverte sans plus attendre avec L'Oliban (Louban Dakar)\u00a0!\",\"breadcrumb\":{\"@id\":\"https:\/\/www.safinel.fr\/produit\/oliban-louban-dakar\/#breadcrumb\"},\"inLanguage\":\"it-IT\",\"potentialAction\":[{\"@type\":\"ReadAction\",\"target\":[\"https:\/\/www.safinel.fr\/produit\/oliban-louban-dakar\/\"]}]},{\"@type\":\"ImageObject\",\"inLanguage\":\"it-IT\",\"@id\":\"https:\/\/www.safinel.fr\/produit\/oliban-louban-dakar\/#primaryimage\",\"url\":\"https:\/\/www.safinel.fr\/wp-content\/uploads\/2022\/12\/louban-dakar.jpg\",\"contentUrl\":\"https:\/\/www.safinel.fr\/wp-content\/uploads\/2022\/12\/louban-dakar.jpg\",\"width\":600,\"height\":600,\"caption\":\"Oliban (Louban dakar) 100g\"},{\"@type\":\"BreadcrumbList\",\"@id\":\"https:\/\/www.safinel.fr\/produit\/oliban-louban-dakar\/#breadcrumb\",\"itemListElement\":[{\"@type\":\"ListItem\",\"position\":1,\"name\":\"Accueil\",\"item\":\"https:\/\/www.safinel.fr\/\"},{\"@type\":\"ListItem\",\"position\":2,\"name\":\"Boutique\",\"item\":\"https:\/\/www.safinel.fr\/boutique\/\"},{\"@type\":\"ListItem\",\"position\":3,\"name\":\"Oliban (Louban dakar) 100g\"}]},{\"@type\":\"WebSite\",\"@id\":\"https:\/\/www.safinel.fr\/#website\",\"url\":\"https:\/\/www.safinel.fr\/\",\"name\":\"Safinel\",\"description\":\"\",\"publisher\":{\"@id\":\"https:\/\/www.safinel.fr\/#organization\"},\"potentialAction\":[{\"@type\":\"SearchAction\",\"target\":{\"@type\":\"EntryPoint\",\"urlTemplate\":\"https:\/\/www.safinel.fr\/?s={search_term_string}\"},\"query-input\":{\"@type\":\"PropertyValueSpecification\",\"valueRequired\":true,\"valueName\":\"search_term_string\"}}],\"inLanguage\":\"it-IT\"},{\"@type\":\"Organization\",\"@id\":\"https:\/\/www.safinel.fr\/#organization\",\"name\":\"Safinel\",\"url\":\"https:\/\/www.safinel.fr\/\",\"logo\":{\"@type\":\"ImageObject\",\"inLanguage\":\"it-IT\",\"@id\":\"https:\/\/www.safinel.fr\/#\/schema\/logo\/image\/\",\"url\":\"https:\/\/www.safinel.fr\/wp-content\/uploads\/2021\/05\/boutique-cosmetique.png\",\"contentUrl\":\"https:\/\/www.safinel.fr\/wp-content\/uploads\/2021\/05\/boutique-cosmetique.png\",\"width\":800,\"height\":200,\"caption\":\"Safinel\"},\"image\":{\"@id\":\"https:\/\/www.safinel.fr\/#\/schema\/logo\/image\/\"}}]}<\/script>\n<!-- \/ Yoast SEO plugin. -->","yoast_head_json":{"title":"Resina di olibano I Louban dakar I Numerosi benefici","description":"Siete pronti a conoscere il tesoro della natura? Scopritelo subito con L'Oliban (Louban Dakar)!","robots":{"index":"index","follow":"follow","max-snippet":"max-snippet:-1","max-image-preview":"max-image-preview:large","max-video-preview":"max-video-preview:-1"},"canonical":"https:\/\/www.safinel.fr\/it\/prodotto\/oliban-louban-dakar\/","og_locale":"it_IT","og_type":"article","og_title":"Oliban r\u00e9sine I Louban dakar I Bienfaits nombreux","og_description":"\u00cates-vous pr\u00eat \u00e0 faire la rencontre avec un tr\u00e9sor de la nature ? Faites la d\u00e9couverte sans plus attendre avec L'Oliban (Louban Dakar)\u00a0!","og_url":"https:\/\/www.safinel.fr\/it\/prodotto\/oliban-louban-dakar\/","og_site_name":"Safinel","article_modified_time":"2023-12-28T17:15:40+00:00","og_image":[{"width":600,"height":600,"url":"https:\/\/www.safinel.fr\/wp-content\/uploads\/2022\/12\/louban-dakar.jpg","type":"image\/jpeg"}],"twitter_card":"summary_large_image","twitter_misc":{"Tempo di lettura stimato":"3 minuti"},"schema":{"@context":"https:\/\/schema.org","@graph":[{"@type":"WebPage","@id":"https:\/\/www.safinel.fr\/produit\/oliban-louban-dakar\/","url":"https:\/\/www.safinel.fr\/produit\/oliban-louban-dakar\/","name":"Resina di olibano I Louban dakar I Numerosi benefici","isPartOf":{"@id":"https:\/\/www.safinel.fr\/#website"},"primaryImageOfPage":{"@id":"https:\/\/www.safinel.fr\/produit\/oliban-louban-dakar\/#primaryimage"},"image":{"@id":"https:\/\/www.safinel.fr\/produit\/oliban-louban-dakar\/#primaryimage"},"thumbnailUrl":"https:\/\/www.safinel.fr\/wp-content\/uploads\/2022\/12\/louban-dakar.jpg","datePublished":"2022-12-29T16:50:43+00:00","dateModified":"2023-12-28T17:15:40+00:00","description":"Siete pronti a conoscere il tesoro della natura? Scopritelo subito con L'Oliban (Louban Dakar)!","breadcrumb":{"@id":"https:\/\/www.safinel.fr\/produit\/oliban-louban-dakar\/#breadcrumb"},"inLanguage":"it-IT","potentialAction":[{"@type":"ReadAction","target":["https:\/\/www.safinel.fr\/produit\/oliban-louban-dakar\/"]}]},{"@type":"ImageObject","inLanguage":"it-IT","@id":"https:\/\/www.safinel.fr\/produit\/oliban-louban-dakar\/#primaryimage","url":"https:\/\/www.safinel.fr\/wp-content\/uploads\/2022\/12\/louban-dakar.jpg","contentUrl":"https:\/\/www.safinel.fr\/wp-content\/uploads\/2022\/12\/louban-dakar.jpg","width":600,"height":600,"caption":"Oliban (Louban dakar) 100g"},{"@type":"BreadcrumbList","@id":"https:\/\/www.safinel.fr\/produit\/oliban-louban-dakar\/#breadcrumb","itemListElement":[{"@type":"ListItem","position":1,"name":"Accueil","item":"https:\/\/www.safinel.fr\/"},{"@type":"ListItem","position":2,"name":"Boutique","item":"https:\/\/www.safinel.fr\/boutique\/"},{"@type":"ListItem","position":3,"name":"Oliban (Louban dakar) 100g"}]},{"@type":"WebSite","@id":"https:\/\/www.safinel.fr\/#website","url":"https:\/\/www.safinel.fr\/","name":"Safinel","description":"","publisher":{"@id":"https:\/\/www.safinel.fr\/#organization"},"potentialAction":[{"@type":"SearchAction","target":{"@type":"EntryPoint","urlTemplate":"https:\/\/www.safinel.fr\/?s={search_term_string}"},"query-input":{"@type":"PropertyValueSpecification","valueRequired":true,"valueName":"search_term_string"}}],"inLanguage":"it-IT"},{"@type":"Organization","@id":"https:\/\/www.safinel.fr\/#organization","name":"Safinel","url":"https:\/\/www.safinel.fr\/","logo":{"@type":"ImageObject","inLanguage":"it-IT","@id":"https:\/\/www.safinel.fr\/#\/schema\/logo\/image\/","url":"https:\/\/www.safinel.fr\/wp-content\/uploads\/2021\/05\/boutique-cosmetique.png","contentUrl":"https:\/\/www.safinel.fr\/wp-content\/uploads\/2021\/05\/boutique-cosmetique.png","width":800,"height":200,"caption":"Safinel"},"image":{"@id":"https:\/\/www.safinel.fr\/#\/schema\/logo\/image\/"}}]}},"_links":{"self":[{"href":"https:\/\/www.safinel.fr\/it\/wp-json\/wp\/v2\/product\/4001","targetHints":{"allow":["GET"]}}],"collection":[{"href":"https:\/\/www.safinel.fr\/it\/wp-json\/wp\/v2\/product"}],"about":[{"href":"https:\/\/www.safinel.fr\/it\/wp-json\/wp\/v2\/types\/product"}],"wp:featuredmedia":[{"embeddable":true,"href":"https:\/\/www.safinel.fr\/it\/wp-json\/wp\/v2\/media\/4008"}],"wp:attachment":[{"href":"https:\/\/www.safinel.fr\/it\/wp-json\/wp\/v2\/media?parent=4001"}],"wp:term":[{"taxonomy":"product_brand","embeddable":true,"href":"https:\/\/www.safinel.fr\/it\/wp-json\/wp\/v2\/product_brand?post=4001"},{"taxonomy":"product_cat","embeddable":true,"href":"https:\/\/www.safinel.fr\/it\/wp-json\/wp\/v2\/product_cat?post=4001"},{"taxonomy":"product_tag","embeddable":true,"href":"https:\/\/www.safinel.fr\/it\/wp-json\/wp\/v2\/product_tag?post=4001"}],"curies":[{"name":"wp","href":"https:\/\/api.w.org\/{rel}","templated":true}]}}