{"id":3930,"date":"2022-12-22T12:07:54","date_gmt":"2022-12-22T12:07:54","guid":{"rendered":"https:\/\/www.safinel.fr\/?post_type=product&#038;p=3930"},"modified":"2024-08-28T11:13:49","modified_gmt":"2024-08-28T11:13:49","slug":"bai-zhu-chao-radice-di-datractylode","status":"publish","type":"product","link":"https:\/\/www.safinel.fr\/it\/prodotto\/bai-zhu-chao-radice-di-datractylode\/","title":{"rendered":"Bai zhu (Chao) - Radice di Atractylode preparata 100g"},"content":{"rendered":"<p>Le\u00a0<strong>bai zhu,<\/strong>\u00a0suona familiare? Conosciuta anche come radice di Atractylode, si tratta di una pianta asiatica che ha\u00a0<strong>propriet\u00e0 terapeutiche\u00a0<\/strong>utilizzato da secoli nella medicina tradizionale cinese. Per saperne di pi\u00f9, scoprite il\u00a0<strong>bai zhu.<\/strong><\/p>\n<h2><strong>Che cos'\u00e8 il bai zhu?\u00a0<\/strong><\/h2>\n<p>Il bai zhu \u00e8 un\u00a0<strong>pianta erbacea<\/strong>\u00a0perenne della famiglia delle Asteraceae. Cresce fino a un'altezza media di non pi\u00f9 di sessanta centimetri. Il suo rizoma \u00e8 carnoso e ha l'aspetto di un pugno chiuso.<\/p>\n<p>Questa pianta asiatica cresce molto raramente nella\u2019<strong>selvaggio<\/strong>. \u00c8 pi\u00f9 comunemente coltivata in Cina, Giappone e Corea.<\/p>\n<p>Inoltre, \u00e8 proprio dalle sue radici che la\u00a0<strong>propriet\u00e0 medicinali.<\/strong>\u00a0Le\u00a0<strong>bai zhu\u00a0<\/strong>viene raccolto nel tardo autunno o all'inizio dell'inverno. Viene pulita dalle impurit\u00e0 e asciugata. Le sue radici fibrose vengono poi rimosse e lasciate a bagno in acqua, tagliate a strisce.<\/p>\n<h2><strong>I benefici del bai zhu\u00a0<\/strong><\/h2>\n<p>La\u00a0<strong>Radice di atractylode<\/strong>\u00a0si ritiene che abbia qualit\u00e0 terapeutiche diuretiche, sedative, ipoglicemizzanti, stomachiche, toniche e carminative. Ha anche propriet\u00e0 antidiarroiche.<\/p>\n<p>Questa radice \u00e8 indicata per il trattamento di disturbi digestivi come diarrea e vomito. Ma anche gonfiore, indigestione, inappetenza e perdita di peso.<\/p>\n<p>\u00c8 efficace anche per arrestare l'eccessiva sudorazione e la ritenzione idrica. \u00c8 consigliato in caso di disuria, edema e per calmare l'agitazione fetale (soprattutto in caso di aborto spontaneo).<\/p>\n<p>Questa pianta asiatica \u00e8 utile per tonificare il Qi, soprattutto a livello della milza e dello stomaco. Ha un sapore dolce e amaro e una propriet\u00e0 calda.<\/p>\n<p>Utilizzato per\u00a0<strong>secoli,<\/strong>\u00a0Drena, purifica, tonifica e stimola gli organismi affaticati.<\/p>\n<p>Non esitate quindi a provare questa radice: non ne rimarrete delusi.<\/p>\n<h2><strong>Bai zhu: come si usa\u00a0<\/strong><\/h2>\n<p>Per utilizzare la funzione<strong>\u00a0Radice di atractylode<\/strong>\u00a0in tisana, ecco alcune istruzioni:<\/p>\n<p>Aggiungere 10 g di radici a 500 ml di acqua, portare a ebollizione e cuocere per 10 minuti a fuoco lento prima di servire.<\/p>\n<p>Per l'uso in polvere, diluire la dose di polvere in una tazzina di acqua bollente, mescolare e bere.<\/p>\n<p>Per quanto riguarda la posologia, \u00e8 importante seguire le raccomandazioni riportate sul foglietto illustrativo. Il tonico deve essere assunto per almeno un mese. E pu\u00f2 essere utilizzato a lungo termine.<\/p>\n<h3><strong>Precauzioni per l'uso\u00a0<\/strong><\/h3>\n<p>Questo\u00a0<strong>radice\u00a0<\/strong>deve essere conservato al riparo dalla luce e da fonti di calore. Deve essere tenuto fuori dalla portata dei bambini. \u00c8 un integratore alimentare per adulti e bambini a partire dai 12 anni.<\/p>\n<p>Allo stesso modo, l'uso di questo prodotto non deve sostituire una dieta diversificata e uno stile di vita sano.<\/p>\n<p>Infine, prima dell'uso, consultare il medico o il farmacista.<\/p>\n<h3><strong>Scoprite le nostre piante asiatiche\u00a0<\/strong><\/h3>\n<p>Il\u00a0<strong>Piante asiatiche<\/strong>\u00a0sono elementi essenziali per la cucina. Venite a scoprire tutte le piante disponibili nel nostro negozio online Safinel. Ad esempio,\u00a0<strong><a href=\"https:\/\/www.safinel.fr\/it\/prodotto\/san-qi-hua\/\">San qi hua<\/a>, <a href=\"https:\/\/www.safinel.fr\/it\/prodotto\/kudzu\/\">Kudzu<\/a><\/strong>, ecc.<\/p>","protected":false},"excerpt":{"rendered":"<p>Il bai zhu vi ricorda qualcosa? Conosciuta anche come radice di Atractylode, \u00e8 una pianta asiatica dalle propriet\u00e0 terapeutiche utilizzata da secoli nella medicina tradizionale cinese. Scoprite il bai zhu. Che cos'\u00e8 il bai zhu?  Il bai zhu \u00e8 una pianta erbacea perenne della famiglia delle Asteraceae. \u00c8 una [...]","protected":false},"featured_media":3931,"template":"","meta":[],"product_brand":[],"product_cat":[108],"product_tag":[],"class_list":{"0":"post-3930","1":"product","2":"type-product","3":"status-publish","4":"has-post-thumbnail","6":"product_cat-plantes-asiatiques","8":"first","9":"outofstock","10":"shipping-taxable","11":"purchasable","12":"product-type-simple"},"yoast_head":"<!-- This site is optimized with the Yoast SEO plugin v26.6 - https:\/\/yoast.com\/wordpress\/plugins\/seo\/ -->\n<title>Bai zhu I Racine d&#039;Atractylode I Bienfaits nombreux<\/title>\n<meta name=\"description\" content=\"Le\u00a0bai zhu,\u00a0cela vous dit quelque chose ? Aussi appel\u00e9 racine d\u2019Atractylode, il s\u2019agit d\u2019une plante asiatique ayant des\u00a0vertus th\u00e9rapeutiques.\" \/>\n<meta name=\"robots\" content=\"index, follow, max-snippet:-1, max-image-preview:large, max-video-preview:-1\" \/>\n<link rel=\"canonical\" href=\"https:\/\/www.safinel.fr\/it\/prodotto\/bai-zhu-chao-radice-di-datractylode\/\" \/>\n<meta property=\"og:locale\" content=\"it_IT\" \/>\n<meta property=\"og:type\" content=\"article\" \/>\n<meta property=\"og:title\" content=\"Bai zhu I Racine d&#039;Atractylode I Bienfaits nombreux\" \/>\n<meta property=\"og:description\" content=\"Le\u00a0bai zhu,\u00a0cela vous dit quelque chose ? Aussi appel\u00e9 racine d\u2019Atractylode, il s\u2019agit d\u2019une plante asiatique ayant des\u00a0vertus th\u00e9rapeutiques.\" \/>\n<meta property=\"og:url\" content=\"https:\/\/www.safinel.fr\/it\/prodotto\/bai-zhu-chao-radice-di-datractylode\/\" \/>\n<meta property=\"og:site_name\" content=\"Safinel\" \/>\n<meta property=\"article:modified_time\" content=\"2024-08-28T11:13:49+00:00\" \/>\n<meta property=\"og:image\" content=\"https:\/\/www.safinel.fr\/wp-content\/uploads\/2022\/12\/Bai-zhu-Chao-racine-dAtractylode-preparee-site.jpg\" \/>\n\t<meta property=\"og:image:width\" content=\"600\" \/>\n\t<meta property=\"og:image:height\" content=\"600\" \/>\n\t<meta property=\"og:image:type\" content=\"image\/jpeg\" \/>\n<meta name=\"twitter:card\" content=\"summary_large_image\" \/>\n<meta name=\"twitter:label1\" content=\"Tempo di lettura stimato\" \/>\n\t<meta name=\"twitter:data1\" content=\"3 minuti\" \/>\n<script type=\"application\/ld+json\" class=\"yoast-schema-graph\">{\"@context\":\"https:\/\/schema.org\",\"@graph\":[{\"@type\":\"WebPage\",\"@id\":\"https:\/\/www.safinel.fr\/produit\/bai-zhu-chao-racine-datractylode\/\",\"url\":\"https:\/\/www.safinel.fr\/produit\/bai-zhu-chao-racine-datractylode\/\",\"name\":\"Bai zhu I Racine d'Atractylode I Bienfaits nombreux\",\"isPartOf\":{\"@id\":\"https:\/\/www.safinel.fr\/#website\"},\"primaryImageOfPage\":{\"@id\":\"https:\/\/www.safinel.fr\/produit\/bai-zhu-chao-racine-datractylode\/#primaryimage\"},\"image\":{\"@id\":\"https:\/\/www.safinel.fr\/produit\/bai-zhu-chao-racine-datractylode\/#primaryimage\"},\"thumbnailUrl\":\"https:\/\/www.safinel.fr\/wp-content\/uploads\/2022\/12\/Bai-zhu-Chao-racine-dAtractylode-preparee-site.jpg\",\"datePublished\":\"2022-12-22T12:07:54+00:00\",\"dateModified\":\"2024-08-28T11:13:49+00:00\",\"description\":\"Le\u00a0bai zhu,\u00a0cela vous dit quelque chose ? Aussi appel\u00e9 racine d\u2019Atractylode, il s\u2019agit d\u2019une plante asiatique ayant des\u00a0vertus th\u00e9rapeutiques.\",\"breadcrumb\":{\"@id\":\"https:\/\/www.safinel.fr\/produit\/bai-zhu-chao-racine-datractylode\/#breadcrumb\"},\"inLanguage\":\"it-IT\",\"potentialAction\":[{\"@type\":\"ReadAction\",\"target\":[\"https:\/\/www.safinel.fr\/produit\/bai-zhu-chao-racine-datractylode\/\"]}]},{\"@type\":\"ImageObject\",\"inLanguage\":\"it-IT\",\"@id\":\"https:\/\/www.safinel.fr\/produit\/bai-zhu-chao-racine-datractylode\/#primaryimage\",\"url\":\"https:\/\/www.safinel.fr\/wp-content\/uploads\/2022\/12\/Bai-zhu-Chao-racine-dAtractylode-preparee-site.jpg\",\"contentUrl\":\"https:\/\/www.safinel.fr\/wp-content\/uploads\/2022\/12\/Bai-zhu-Chao-racine-dAtractylode-preparee-site.jpg\",\"width\":600,\"height\":600,\"caption\":\"Bai zhu (Chao) - Racine d'Atractylode pr\u00e9par\u00e9e 100g\"},{\"@type\":\"BreadcrumbList\",\"@id\":\"https:\/\/www.safinel.fr\/produit\/bai-zhu-chao-racine-datractylode\/#breadcrumb\",\"itemListElement\":[{\"@type\":\"ListItem\",\"position\":1,\"name\":\"Accueil\",\"item\":\"https:\/\/www.safinel.fr\/\"},{\"@type\":\"ListItem\",\"position\":2,\"name\":\"Boutique\",\"item\":\"https:\/\/www.safinel.fr\/boutique\/\"},{\"@type\":\"ListItem\",\"position\":3,\"name\":\"Bai zhu (Chao) &#8211; Racine d&#8217;Atractylode pr\u00e9par\u00e9e 100g\"}]},{\"@type\":\"WebSite\",\"@id\":\"https:\/\/www.safinel.fr\/#website\",\"url\":\"https:\/\/www.safinel.fr\/\",\"name\":\"Safinel\",\"description\":\"\",\"publisher\":{\"@id\":\"https:\/\/www.safinel.fr\/#organization\"},\"potentialAction\":[{\"@type\":\"SearchAction\",\"target\":{\"@type\":\"EntryPoint\",\"urlTemplate\":\"https:\/\/www.safinel.fr\/?s={search_term_string}\"},\"query-input\":{\"@type\":\"PropertyValueSpecification\",\"valueRequired\":true,\"valueName\":\"search_term_string\"}}],\"inLanguage\":\"it-IT\"},{\"@type\":\"Organization\",\"@id\":\"https:\/\/www.safinel.fr\/#organization\",\"name\":\"Safinel\",\"url\":\"https:\/\/www.safinel.fr\/\",\"logo\":{\"@type\":\"ImageObject\",\"inLanguage\":\"it-IT\",\"@id\":\"https:\/\/www.safinel.fr\/#\/schema\/logo\/image\/\",\"url\":\"https:\/\/www.safinel.fr\/wp-content\/uploads\/2021\/05\/boutique-cosmetique.png\",\"contentUrl\":\"https:\/\/www.safinel.fr\/wp-content\/uploads\/2021\/05\/boutique-cosmetique.png\",\"width\":800,\"height\":200,\"caption\":\"Safinel\"},\"image\":{\"@id\":\"https:\/\/www.safinel.fr\/#\/schema\/logo\/image\/\"}}]}<\/script>\n<!-- \/ Yoast SEO plugin. -->","yoast_head_json":{"title":"Bai zhu I Radice di atractylodes I Numerosi benefici","description":"Il bai zhu vi ricorda qualcosa? Conosciuta anche come radice di Atractylode, \u00e8 una pianta asiatica dalle propriet\u00e0 terapeutiche.","robots":{"index":"index","follow":"follow","max-snippet":"max-snippet:-1","max-image-preview":"max-image-preview:large","max-video-preview":"max-video-preview:-1"},"canonical":"https:\/\/www.safinel.fr\/it\/prodotto\/bai-zhu-chao-radice-di-datractylode\/","og_locale":"it_IT","og_type":"article","og_title":"Bai zhu I Racine d'Atractylode I Bienfaits nombreux","og_description":"Le\u00a0bai zhu,\u00a0cela vous dit quelque chose ? Aussi appel\u00e9 racine d\u2019Atractylode, il s\u2019agit d\u2019une plante asiatique ayant des\u00a0vertus th\u00e9rapeutiques.","og_url":"https:\/\/www.safinel.fr\/it\/prodotto\/bai-zhu-chao-radice-di-datractylode\/","og_site_name":"Safinel","article_modified_time":"2024-08-28T11:13:49+00:00","og_image":[{"width":600,"height":600,"url":"https:\/\/www.safinel.fr\/wp-content\/uploads\/2022\/12\/Bai-zhu-Chao-racine-dAtractylode-preparee-site.jpg","type":"image\/jpeg"}],"twitter_card":"summary_large_image","twitter_misc":{"Tempo di lettura stimato":"3 minuti"},"schema":{"@context":"https:\/\/schema.org","@graph":[{"@type":"WebPage","@id":"https:\/\/www.safinel.fr\/produit\/bai-zhu-chao-racine-datractylode\/","url":"https:\/\/www.safinel.fr\/produit\/bai-zhu-chao-racine-datractylode\/","name":"Bai zhu I Radice di atractylodes I Numerosi benefici","isPartOf":{"@id":"https:\/\/www.safinel.fr\/#website"},"primaryImageOfPage":{"@id":"https:\/\/www.safinel.fr\/produit\/bai-zhu-chao-racine-datractylode\/#primaryimage"},"image":{"@id":"https:\/\/www.safinel.fr\/produit\/bai-zhu-chao-racine-datractylode\/#primaryimage"},"thumbnailUrl":"https:\/\/www.safinel.fr\/wp-content\/uploads\/2022\/12\/Bai-zhu-Chao-racine-dAtractylode-preparee-site.jpg","datePublished":"2022-12-22T12:07:54+00:00","dateModified":"2024-08-28T11:13:49+00:00","description":"Il bai zhu vi ricorda qualcosa? Conosciuta anche come radice di Atractylode, \u00e8 una pianta asiatica dalle propriet\u00e0 terapeutiche.","breadcrumb":{"@id":"https:\/\/www.safinel.fr\/produit\/bai-zhu-chao-racine-datractylode\/#breadcrumb"},"inLanguage":"it-IT","potentialAction":[{"@type":"ReadAction","target":["https:\/\/www.safinel.fr\/produit\/bai-zhu-chao-racine-datractylode\/"]}]},{"@type":"ImageObject","inLanguage":"it-IT","@id":"https:\/\/www.safinel.fr\/produit\/bai-zhu-chao-racine-datractylode\/#primaryimage","url":"https:\/\/www.safinel.fr\/wp-content\/uploads\/2022\/12\/Bai-zhu-Chao-racine-dAtractylode-preparee-site.jpg","contentUrl":"https:\/\/www.safinel.fr\/wp-content\/uploads\/2022\/12\/Bai-zhu-Chao-racine-dAtractylode-preparee-site.jpg","width":600,"height":600,"caption":"Bai zhu (Chao) - Racine d'Atractylode pr\u00e9par\u00e9e 100g"},{"@type":"BreadcrumbList","@id":"https:\/\/www.safinel.fr\/produit\/bai-zhu-chao-racine-datractylode\/#breadcrumb","itemListElement":[{"@type":"ListItem","position":1,"name":"Accueil","item":"https:\/\/www.safinel.fr\/"},{"@type":"ListItem","position":2,"name":"Boutique","item":"https:\/\/www.safinel.fr\/boutique\/"},{"@type":"ListItem","position":3,"name":"Bai zhu (Chao) &#8211; Racine d&#8217;Atractylode pr\u00e9par\u00e9e 100g"}]},{"@type":"WebSite","@id":"https:\/\/www.safinel.fr\/#website","url":"https:\/\/www.safinel.fr\/","name":"Safinel","description":"","publisher":{"@id":"https:\/\/www.safinel.fr\/#organization"},"potentialAction":[{"@type":"SearchAction","target":{"@type":"EntryPoint","urlTemplate":"https:\/\/www.safinel.fr\/?s={search_term_string}"},"query-input":{"@type":"PropertyValueSpecification","valueRequired":true,"valueName":"search_term_string"}}],"inLanguage":"it-IT"},{"@type":"Organization","@id":"https:\/\/www.safinel.fr\/#organization","name":"Safinel","url":"https:\/\/www.safinel.fr\/","logo":{"@type":"ImageObject","inLanguage":"it-IT","@id":"https:\/\/www.safinel.fr\/#\/schema\/logo\/image\/","url":"https:\/\/www.safinel.fr\/wp-content\/uploads\/2021\/05\/boutique-cosmetique.png","contentUrl":"https:\/\/www.safinel.fr\/wp-content\/uploads\/2021\/05\/boutique-cosmetique.png","width":800,"height":200,"caption":"Safinel"},"image":{"@id":"https:\/\/www.safinel.fr\/#\/schema\/logo\/image\/"}}]}},"_links":{"self":[{"href":"https:\/\/www.safinel.fr\/it\/wp-json\/wp\/v2\/product\/3930","targetHints":{"allow":["GET"]}}],"collection":[{"href":"https:\/\/www.safinel.fr\/it\/wp-json\/wp\/v2\/product"}],"about":[{"href":"https:\/\/www.safinel.fr\/it\/wp-json\/wp\/v2\/types\/product"}],"wp:featuredmedia":[{"embeddable":true,"href":"https:\/\/www.safinel.fr\/it\/wp-json\/wp\/v2\/media\/3931"}],"wp:attachment":[{"href":"https:\/\/www.safinel.fr\/it\/wp-json\/wp\/v2\/media?parent=3930"}],"wp:term":[{"taxonomy":"product_brand","embeddable":true,"href":"https:\/\/www.safinel.fr\/it\/wp-json\/wp\/v2\/product_brand?post=3930"},{"taxonomy":"product_cat","embeddable":true,"href":"https:\/\/www.safinel.fr\/it\/wp-json\/wp\/v2\/product_cat?post=3930"},{"taxonomy":"product_tag","embeddable":true,"href":"https:\/\/www.safinel.fr\/it\/wp-json\/wp\/v2\/product_tag?post=3930"}],"curies":[{"name":"wp","href":"https:\/\/api.w.org\/{rel}","templated":true}]}}