{"id":3771,"date":"2022-12-07T17:33:58","date_gmt":"2022-12-07T17:33:58","guid":{"rendered":"https:\/\/www.safinel.fr\/?post_type=product&#038;p=3771"},"modified":"2024-11-25T20:45:39","modified_gmt":"2024-11-25T20:45:39","slug":"tramoggia-a-forma-di-fuso","status":"publish","type":"product","link":"https:\/\/www.safinel.fr\/it\/prodotto\/tramoggia-a-forma-di-fuso\/","title":{"rendered":"Tramoggia a forma di fuso (\u94f6\u6728\u8033) 100g"},"content":{"rendered":"<p>La tremella a forma di fuso \u00e8 un\u00a0<strong>fungo<\/strong>\u00a0utilizzato nel\u00a0<strong>Cucina asiatica<\/strong>, Ma non solo. Infatti, i suoi benefici per la pelle lo rendono una star tra le donne che vogliono prendersi cura di s\u00e9. Si tratta infatti di un ingrediente 2 in 1, che delizia le vostre papille gustative e si prende cura di voi allo stesso tempo.<\/p>\n<h2><strong>La tremella a forma di fuso: un ingrediente della cucina asiatica<\/strong><\/h2>\n<p>Questo fungo cresce in ciuffi sui tronchi di alberi vivi o morti in Asia. \u00c8 di colore bianco sporco e traslucido. \u00c8 noto anche come fungo bianco. Commestibile, \u00e8 particolarmente apprezzato in\u00a0<strong>zuppe<\/strong>, il\u00a0<strong>insalate\u00a0<\/strong>e\u00a0<strong>dessert\u00a0<\/strong>Cinese e giapponese. Ma \u00e8 anche utilizzato nella farmacopea cinese per i suoi numerosi benefici per l'organismo. Quindi, per concedersi un trattamento, \u00e8 consuetudine mangiarlo cucinandolo in una ricetta deliziosa. \u00c8 il cibo che rende belli e fa sentire bene.<\/p>\n<h2><strong>Rallenta l'invecchiamento della pelle<\/strong><\/h2>\n<p>I suoi principi attivi, in particolare gli antiossidanti, agiscono sulle cellule ritardandone il deterioramento, come la\u00a0<a href=\"https:\/\/www.safinel.fr\/it\/prodotto\/karite-chantilly\/\"><strong>crema montata al karit\u00e9<\/strong><\/a>. Questo ha un effetto positivo sull'epidermide, ma anche sui neuroni del cervello. Un altro beneficio \u00e8 la sua capacit\u00e0 di calmare la tosse, come le gocce per la tosse.\u00a0<a href=\"https:\/\/www.safinel.fr\/it\/prodotto\/miele-dagmico\/\"><strong>Miele dagmico del Marocco<\/strong><\/a>.  Per ottenere risultati ottimali, consumare circa 10 grammi al giorno.<\/p>\n<h3><strong>La nostra dolce ricetta per le tremule a forma di fuso\u00a0<\/strong><\/h3>\n<p>Avrete bisogno di :<\/p>\n<ul>\n<li>40 grammi di funghi<\/li>\n<li>10\u00a0<strong>giuggiole secche<\/strong><\/li>\n<li>10 grammi di bacche di goji<\/li>\n<\/ul>\n<p>Immergere le tremelle in acqua per 4 ore. Quando sono gonfie e traslucide, toglierle dal contenitore. Tritarle grossolanamente, avendo cura di eliminare la parte gialla della radice. Sciacquare prima di frullare. Versare in una casseruola e scaldare con 1 litro d'acqua fino all'ebollizione. Lasciare quindi a fuoco lento per 30 minuti prima di aggiungere il\u00a0<strong>giuggiole\u00a0<\/strong>e le bacche di Goji. Mescolare e dolcificare a piacere. Non resta che gustare!<\/p>","protected":false},"excerpt":{"rendered":"<p>Il fungo tremella \u00e8 un fungo utilizzato nella cucina asiatica, ma non solo. Infatti, i suoi benefici per la pelle lo rendono un prodotto molto apprezzato dalle donne che vogliono prendersi cura di s\u00e9. Si tratta infatti di un ingrediente 2 in 1. Delizier\u00e0 il vostro palato e allo stesso tempo si prender\u00e0 cura di voi. Il fungo tremella: un [\u2026]","protected":false},"featured_media":3772,"template":"","meta":[],"product_brand":[],"product_cat":[108],"product_tag":[],"class_list":{"0":"post-3771","1":"product","2":"type-product","3":"status-publish","4":"has-post-thumbnail","6":"product_cat-plantes-asiatiques","8":"first","9":"outofstock","10":"shipping-taxable","11":"purchasable","12":"product-type-simple"},"yoast_head":"<!-- This site is optimized with the Yoast SEO plugin v26.6 - https:\/\/yoast.com\/wordpress\/plugins\/seo\/ -->\n<title>Tr\u00e9melle en fuseau I Champignon aux bienfaits nombreux<\/title>\n<meta name=\"description\" content=\"La tr\u00e9melle en fuseau est un\u00a0champignon\u00a0utilis\u00e9 dans la\u00a0cuisine asiatique, mais pas que. D\u00e9couvrez ses nombreux bienfaits rapidement !\" \/>\n<meta name=\"robots\" content=\"index, follow, max-snippet:-1, max-image-preview:large, max-video-preview:-1\" \/>\n<link rel=\"canonical\" href=\"https:\/\/www.safinel.fr\/it\/prodotto\/tramoggia-a-forma-di-fuso\/\" \/>\n<meta property=\"og:locale\" content=\"it_IT\" \/>\n<meta property=\"og:type\" content=\"article\" \/>\n<meta property=\"og:title\" content=\"Tr\u00e9melle en fuseau I Champignon aux bienfaits nombreux\" \/>\n<meta property=\"og:description\" content=\"La tr\u00e9melle en fuseau est un\u00a0champignon\u00a0utilis\u00e9 dans la\u00a0cuisine asiatique, mais pas que. D\u00e9couvrez ses nombreux bienfaits rapidement !\" \/>\n<meta property=\"og:url\" content=\"https:\/\/www.safinel.fr\/it\/prodotto\/tramoggia-a-forma-di-fuso\/\" \/>\n<meta property=\"og:site_name\" content=\"Safinel\" \/>\n<meta property=\"article:modified_time\" content=\"2024-11-25T20:45:39+00:00\" \/>\n<meta property=\"og:image\" content=\"https:\/\/www.safinel.fr\/wp-content\/uploads\/2022\/12\/Yin-mu-er-Tremelle-en-fuseau-site.jpg\" \/>\n\t<meta property=\"og:image:width\" content=\"600\" \/>\n\t<meta property=\"og:image:height\" content=\"594\" \/>\n\t<meta property=\"og:image:type\" content=\"image\/jpeg\" \/>\n<meta name=\"twitter:card\" content=\"summary_large_image\" \/>\n<meta name=\"twitter:label1\" content=\"Tempo di lettura stimato\" \/>\n\t<meta name=\"twitter:data1\" content=\"2 minuti\" \/>\n<script type=\"application\/ld+json\" class=\"yoast-schema-graph\">{\"@context\":\"https:\/\/schema.org\",\"@graph\":[{\"@type\":\"WebPage\",\"@id\":\"https:\/\/www.safinel.fr\/produit\/tremelle-en-fuseau\/\",\"url\":\"https:\/\/www.safinel.fr\/produit\/tremelle-en-fuseau\/\",\"name\":\"Tr\u00e9melle en fuseau I Champignon aux bienfaits nombreux\",\"isPartOf\":{\"@id\":\"https:\/\/www.safinel.fr\/#website\"},\"primaryImageOfPage\":{\"@id\":\"https:\/\/www.safinel.fr\/produit\/tremelle-en-fuseau\/#primaryimage\"},\"image\":{\"@id\":\"https:\/\/www.safinel.fr\/produit\/tremelle-en-fuseau\/#primaryimage\"},\"thumbnailUrl\":\"https:\/\/www.safinel.fr\/wp-content\/uploads\/2022\/12\/Yin-mu-er-Tremelle-en-fuseau-site.jpg\",\"datePublished\":\"2022-12-07T17:33:58+00:00\",\"dateModified\":\"2024-11-25T20:45:39+00:00\",\"description\":\"La tr\u00e9melle en fuseau est un\u00a0champignon\u00a0utilis\u00e9 dans la\u00a0cuisine asiatique, mais pas que. D\u00e9couvrez ses nombreux bienfaits rapidement !\",\"breadcrumb\":{\"@id\":\"https:\/\/www.safinel.fr\/produit\/tremelle-en-fuseau\/#breadcrumb\"},\"inLanguage\":\"it-IT\",\"potentialAction\":[{\"@type\":\"ReadAction\",\"target\":[\"https:\/\/www.safinel.fr\/produit\/tremelle-en-fuseau\/\"]}]},{\"@type\":\"ImageObject\",\"inLanguage\":\"it-IT\",\"@id\":\"https:\/\/www.safinel.fr\/produit\/tremelle-en-fuseau\/#primaryimage\",\"url\":\"https:\/\/www.safinel.fr\/wp-content\/uploads\/2022\/12\/Yin-mu-er-Tremelle-en-fuseau-site.jpg\",\"contentUrl\":\"https:\/\/www.safinel.fr\/wp-content\/uploads\/2022\/12\/Yin-mu-er-Tremelle-en-fuseau-site.jpg\",\"width\":600,\"height\":594,\"caption\":\"Tr\u00e9melle en fuseau (\u94f6\u6728\u8033) 100g\"},{\"@type\":\"BreadcrumbList\",\"@id\":\"https:\/\/www.safinel.fr\/produit\/tremelle-en-fuseau\/#breadcrumb\",\"itemListElement\":[{\"@type\":\"ListItem\",\"position\":1,\"name\":\"Accueil\",\"item\":\"https:\/\/www.safinel.fr\/\"},{\"@type\":\"ListItem\",\"position\":2,\"name\":\"Boutique\",\"item\":\"https:\/\/www.safinel.fr\/boutique\/\"},{\"@type\":\"ListItem\",\"position\":3,\"name\":\"Tr\u00e9melle en fuseau (\u94f6\u6728\u8033) 100g\"}]},{\"@type\":\"WebSite\",\"@id\":\"https:\/\/www.safinel.fr\/#website\",\"url\":\"https:\/\/www.safinel.fr\/\",\"name\":\"Safinel\",\"description\":\"\",\"publisher\":{\"@id\":\"https:\/\/www.safinel.fr\/#organization\"},\"potentialAction\":[{\"@type\":\"SearchAction\",\"target\":{\"@type\":\"EntryPoint\",\"urlTemplate\":\"https:\/\/www.safinel.fr\/?s={search_term_string}\"},\"query-input\":{\"@type\":\"PropertyValueSpecification\",\"valueRequired\":true,\"valueName\":\"search_term_string\"}}],\"inLanguage\":\"it-IT\"},{\"@type\":\"Organization\",\"@id\":\"https:\/\/www.safinel.fr\/#organization\",\"name\":\"Safinel\",\"url\":\"https:\/\/www.safinel.fr\/\",\"logo\":{\"@type\":\"ImageObject\",\"inLanguage\":\"it-IT\",\"@id\":\"https:\/\/www.safinel.fr\/#\/schema\/logo\/image\/\",\"url\":\"https:\/\/www.safinel.fr\/wp-content\/uploads\/2021\/05\/boutique-cosmetique.png\",\"contentUrl\":\"https:\/\/www.safinel.fr\/wp-content\/uploads\/2021\/05\/boutique-cosmetique.png\",\"width\":800,\"height\":200,\"caption\":\"Safinel\"},\"image\":{\"@id\":\"https:\/\/www.safinel.fr\/#\/schema\/logo\/image\/\"}}]}<\/script>\n<!-- \/ Yoast SEO plugin. -->","yoast_head_json":{"title":"Tr\u00e9melle en fuseau I Funghi dai mille benefici","description":"Il trifoglio a forma di fuso \u00e8 un fungo utilizzato nella cucina asiatica, ma non \u00e8 l'unico. Scoprite i suoi numerosi benefici!","robots":{"index":"index","follow":"follow","max-snippet":"max-snippet:-1","max-image-preview":"max-image-preview:large","max-video-preview":"max-video-preview:-1"},"canonical":"https:\/\/www.safinel.fr\/it\/prodotto\/tramoggia-a-forma-di-fuso\/","og_locale":"it_IT","og_type":"article","og_title":"Tr\u00e9melle en fuseau I Champignon aux bienfaits nombreux","og_description":"La tr\u00e9melle en fuseau est un\u00a0champignon\u00a0utilis\u00e9 dans la\u00a0cuisine asiatique, mais pas que. D\u00e9couvrez ses nombreux bienfaits rapidement !","og_url":"https:\/\/www.safinel.fr\/it\/prodotto\/tramoggia-a-forma-di-fuso\/","og_site_name":"Safinel","article_modified_time":"2024-11-25T20:45:39+00:00","og_image":[{"width":600,"height":594,"url":"https:\/\/www.safinel.fr\/wp-content\/uploads\/2022\/12\/Yin-mu-er-Tremelle-en-fuseau-site.jpg","type":"image\/jpeg"}],"twitter_card":"summary_large_image","twitter_misc":{"Tempo di lettura stimato":"2 minuti"},"schema":{"@context":"https:\/\/schema.org","@graph":[{"@type":"WebPage","@id":"https:\/\/www.safinel.fr\/produit\/tremelle-en-fuseau\/","url":"https:\/\/www.safinel.fr\/produit\/tremelle-en-fuseau\/","name":"Tr\u00e9melle en fuseau I Funghi dai mille benefici","isPartOf":{"@id":"https:\/\/www.safinel.fr\/#website"},"primaryImageOfPage":{"@id":"https:\/\/www.safinel.fr\/produit\/tremelle-en-fuseau\/#primaryimage"},"image":{"@id":"https:\/\/www.safinel.fr\/produit\/tremelle-en-fuseau\/#primaryimage"},"thumbnailUrl":"https:\/\/www.safinel.fr\/wp-content\/uploads\/2022\/12\/Yin-mu-er-Tremelle-en-fuseau-site.jpg","datePublished":"2022-12-07T17:33:58+00:00","dateModified":"2024-11-25T20:45:39+00:00","description":"Il trifoglio a forma di fuso \u00e8 un fungo utilizzato nella cucina asiatica, ma non \u00e8 l'unico. Scoprite i suoi numerosi benefici!","breadcrumb":{"@id":"https:\/\/www.safinel.fr\/produit\/tremelle-en-fuseau\/#breadcrumb"},"inLanguage":"it-IT","potentialAction":[{"@type":"ReadAction","target":["https:\/\/www.safinel.fr\/produit\/tremelle-en-fuseau\/"]}]},{"@type":"ImageObject","inLanguage":"it-IT","@id":"https:\/\/www.safinel.fr\/produit\/tremelle-en-fuseau\/#primaryimage","url":"https:\/\/www.safinel.fr\/wp-content\/uploads\/2022\/12\/Yin-mu-er-Tremelle-en-fuseau-site.jpg","contentUrl":"https:\/\/www.safinel.fr\/wp-content\/uploads\/2022\/12\/Yin-mu-er-Tremelle-en-fuseau-site.jpg","width":600,"height":594,"caption":"Tr\u00e9melle en fuseau (\u94f6\u6728\u8033) 100g"},{"@type":"BreadcrumbList","@id":"https:\/\/www.safinel.fr\/produit\/tremelle-en-fuseau\/#breadcrumb","itemListElement":[{"@type":"ListItem","position":1,"name":"Accueil","item":"https:\/\/www.safinel.fr\/"},{"@type":"ListItem","position":2,"name":"Boutique","item":"https:\/\/www.safinel.fr\/boutique\/"},{"@type":"ListItem","position":3,"name":"Tr\u00e9melle en fuseau (\u94f6\u6728\u8033) 100g"}]},{"@type":"WebSite","@id":"https:\/\/www.safinel.fr\/#website","url":"https:\/\/www.safinel.fr\/","name":"Safinel","description":"","publisher":{"@id":"https:\/\/www.safinel.fr\/#organization"},"potentialAction":[{"@type":"SearchAction","target":{"@type":"EntryPoint","urlTemplate":"https:\/\/www.safinel.fr\/?s={search_term_string}"},"query-input":{"@type":"PropertyValueSpecification","valueRequired":true,"valueName":"search_term_string"}}],"inLanguage":"it-IT"},{"@type":"Organization","@id":"https:\/\/www.safinel.fr\/#organization","name":"Safinel","url":"https:\/\/www.safinel.fr\/","logo":{"@type":"ImageObject","inLanguage":"it-IT","@id":"https:\/\/www.safinel.fr\/#\/schema\/logo\/image\/","url":"https:\/\/www.safinel.fr\/wp-content\/uploads\/2021\/05\/boutique-cosmetique.png","contentUrl":"https:\/\/www.safinel.fr\/wp-content\/uploads\/2021\/05\/boutique-cosmetique.png","width":800,"height":200,"caption":"Safinel"},"image":{"@id":"https:\/\/www.safinel.fr\/#\/schema\/logo\/image\/"}}]}},"_links":{"self":[{"href":"https:\/\/www.safinel.fr\/it\/wp-json\/wp\/v2\/product\/3771","targetHints":{"allow":["GET"]}}],"collection":[{"href":"https:\/\/www.safinel.fr\/it\/wp-json\/wp\/v2\/product"}],"about":[{"href":"https:\/\/www.safinel.fr\/it\/wp-json\/wp\/v2\/types\/product"}],"wp:featuredmedia":[{"embeddable":true,"href":"https:\/\/www.safinel.fr\/it\/wp-json\/wp\/v2\/media\/3772"}],"wp:attachment":[{"href":"https:\/\/www.safinel.fr\/it\/wp-json\/wp\/v2\/media?parent=3771"}],"wp:term":[{"taxonomy":"product_brand","embeddable":true,"href":"https:\/\/www.safinel.fr\/it\/wp-json\/wp\/v2\/product_brand?post=3771"},{"taxonomy":"product_cat","embeddable":true,"href":"https:\/\/www.safinel.fr\/it\/wp-json\/wp\/v2\/product_cat?post=3771"},{"taxonomy":"product_tag","embeddable":true,"href":"https:\/\/www.safinel.fr\/it\/wp-json\/wp\/v2\/product_tag?post=3771"}],"curies":[{"name":"wp","href":"https:\/\/api.w.org\/{rel}","templated":true}]}}