{"id":3764,"date":"2022-12-07T17:01:17","date_gmt":"2022-12-07T17:01:17","guid":{"rendered":"https:\/\/www.safinel.fr\/?post_type=product&#038;p=3764"},"modified":"2025-01-21T08:51:31","modified_gmt":"2025-01-21T08:51:31","slug":"supposte-di-giogo","status":"publish","type":"product","link":"https:\/\/www.safinel.fr\/it\/prodotto\/supposte-di-giogo\/","title":{"rendered":"Yokebe Supposte"},"content":{"rendered":"<p>Avere un\u00a0<strong>belle natiche<\/strong>\u00a0non \u00e8 per tutti. C'\u00e8 di mezzo la genetica, ma anche tanto sport e una dieta adeguata. Visita\u00a0<strong>Yokebe supposte\u00a0<\/strong>sono stati formulati con l'obiettivo di ottenere glutei pi\u00f9 pieni e una figura irresistibile.<\/p>\n<p>Scopriteli ora nel vostro<strong>\u00a0boutique del benessere<\/strong>\u00a0Safinel.<\/p>\n<h2><strong>Cosa sono le supposte Yokebe per il sedere grande?\u00a0<\/strong><\/h2>\n<p>Questo\u00a0<strong>cosmetici<\/strong>\u00a0Thai 100% \u00e8 riservato agli adulti che desiderano un sedere pi\u00f9 bello. Queste supposte possono essere utilizzate per aumentare il volume dei fianchi e dei glutei, senza dover fare sport o seguire una dieta speciale.<\/p>\n<p>Questo prodotto contiene :<\/p>\n<ul>\n<li>Un estratto di piante naturali e oli essenziali<\/li>\n<li>Miscele di diverse erbe naturali<\/li>\n<\/ul>\n<p>Contiene 15 supposte, senza trattamento chimico.<\/p>\n<h2><strong>Come si usano le supposte di Yokebe?<\/strong><\/h2>\n<p>Si consiglia di prendere questo\u00a0<strong>Sistema Yokebe\u00a0<\/strong>un ciclo di trattamento di un mese per ottenere risultati ottimali. A tal fine, utilizzare una supposta rettale mattina e sera, rimuovendo prima la linguetta di plastica.<\/p>\n<p>Lavarsi le mani prima e dopo l'uso.<\/p>\n<p>Si consiglia inoltre di utilizzare\u00a0<a href=\"https:\/\/www.safinel.fr\/it\/prodotto\/giogo\/\"><strong>Olio Yokebe<\/strong><\/a>\u00a0della stessa gamma per ottenere risultati migliori.<\/p>\n<p>Infine, poich\u00e9 lo sport \u00e8 una risorsa notevole, vi consigliamo di fare un po' di allenamento con i pesi. Per esempio, il potenziamento delle gambe e dei glutei attraverso gli squat \u00e8 un buon modo per ottenere risultati soddisfacenti.<\/p>\n<p>Scopri anche: il\u00a0<a href=\"https:\/\/www.safinel.fr\/it\/prodotto\/crema-per-ingrandire-il-seno-e-i-glutei\/\"><strong>crema per ingrandire il seno e i glutei<\/strong><\/a>. Una sapiente miscela di diversi oli e burri vegetali, che pu\u00f2 essere utilizzata come crema da massaggio.<\/p>\n<p>Assicurarsi di seguire attentamente le istruzioni per l'uso riportate nella confezione del prodotto.<\/p>\n<h3><strong>Precauzioni\u00a0<\/strong><\/h3>\n<p>Questo prodotto non \u00e8 un dispositivo medico. Consultare il proprio medico prima di iniziare un trattamento.<\/p>\n<p>Conservare in frigorifero.<\/p>\n<p>Solo adulti.<\/p>\n<p>Non \u00e8 raccomandato per le donne in gravidanza o in allattamento.<\/p>","protected":false},"excerpt":{"rendered":"<p>Avoir un\u00a0beau fessier\u00a0n\u2019est pas donn\u00e9 \u00e0 tout le monde. Il y en, en effet, une grosse part de g\u00e9n\u00e9tique la dedans, mais \u00e9galement beaucoup de sport et une alimentation adapt\u00e9e. Les\u00a0suppositoires Yokebe\u00a0ont \u00e9t\u00e9 formul\u00e9s dans l\u2019objectif d\u2019obtenir des fesses plus volumineuses et une silhouette irr\u00e9sistible. D\u00e9couvrez-les sans plus attendre dans votre\u00a0boutique bien-\u00eatre\u00a0Safinel. Qu\u2019est ce que [&#8230;]","protected":false},"featured_media":3765,"template":"","meta":[],"product_brand":[],"product_cat":[28,23],"product_tag":[],"class_list":{"0":"post-3764","1":"product","2":"type-product","3":"status-publish","4":"has-post-thumbnail","6":"product_cat-divers","7":"product_cat-hygiene-feminine","9":"first","10":"outofstock","11":"shipping-taxable","12":"purchasable","13":"product-type-simple"},"yoast_head":"<!-- This site is optimized with the Yoast SEO plugin v26.6 - https:\/\/yoast.com\/wordpress\/plugins\/seo\/ -->\n<title>Suppositoires Yokebe I Id\u00e9al pour faire grossir les fesses<\/title>\n<meta name=\"description\" content=\"Les\u00a0suppositoires Yokebe\u00a0ont \u00e9t\u00e9 formul\u00e9s dans l\u2019objectif d\u2019obtenir des fesses plus volumineuses et une silhouette irr\u00e9sistible.\" \/>\n<meta name=\"robots\" content=\"index, follow, max-snippet:-1, max-image-preview:large, max-video-preview:-1\" \/>\n<link rel=\"canonical\" href=\"https:\/\/www.safinel.fr\/it\/prodotto\/supposte-di-giogo\/\" \/>\n<meta property=\"og:locale\" content=\"it_IT\" \/>\n<meta property=\"og:type\" content=\"article\" \/>\n<meta property=\"og:title\" content=\"Suppositoires Yokebe I Id\u00e9al pour faire grossir les fesses\" \/>\n<meta property=\"og:description\" content=\"Les\u00a0suppositoires Yokebe\u00a0ont \u00e9t\u00e9 formul\u00e9s dans l\u2019objectif d\u2019obtenir des fesses plus volumineuses et une silhouette irr\u00e9sistible.\" \/>\n<meta property=\"og:url\" content=\"https:\/\/www.safinel.fr\/it\/prodotto\/supposte-di-giogo\/\" \/>\n<meta property=\"og:site_name\" content=\"Safinel\" \/>\n<meta property=\"article:modified_time\" content=\"2025-01-21T08:51:31+00:00\" \/>\n<meta property=\"og:image\" content=\"https:\/\/www.safinel.fr\/wp-content\/uploads\/2022\/12\/yokobe-supo.jpg\" \/>\n\t<meta property=\"og:image:width\" content=\"479\" \/>\n\t<meta property=\"og:image:height\" content=\"600\" \/>\n\t<meta property=\"og:image:type\" content=\"image\/jpeg\" \/>\n<meta name=\"twitter:card\" content=\"summary_large_image\" \/>\n<meta name=\"twitter:label1\" content=\"Tempo di lettura stimato\" \/>\n\t<meta name=\"twitter:data1\" content=\"2 minuti\" \/>\n<script type=\"application\/ld+json\" class=\"yoast-schema-graph\">{\"@context\":\"https:\/\/schema.org\",\"@graph\":[{\"@type\":\"WebPage\",\"@id\":\"https:\/\/www.safinel.fr\/produit\/suppositoires-yokebe\/\",\"url\":\"https:\/\/www.safinel.fr\/produit\/suppositoires-yokebe\/\",\"name\":\"Suppositoires Yokebe I Id\u00e9al pour faire grossir les fesses\",\"isPartOf\":{\"@id\":\"https:\/\/www.safinel.fr\/#website\"},\"primaryImageOfPage\":{\"@id\":\"https:\/\/www.safinel.fr\/produit\/suppositoires-yokebe\/#primaryimage\"},\"image\":{\"@id\":\"https:\/\/www.safinel.fr\/produit\/suppositoires-yokebe\/#primaryimage\"},\"thumbnailUrl\":\"https:\/\/www.safinel.fr\/wp-content\/uploads\/2022\/12\/yokobe-supo.jpg\",\"datePublished\":\"2022-12-07T17:01:17+00:00\",\"dateModified\":\"2025-01-21T08:51:31+00:00\",\"description\":\"Les\u00a0suppositoires Yokebe\u00a0ont \u00e9t\u00e9 formul\u00e9s dans l\u2019objectif d\u2019obtenir des fesses plus volumineuses et une silhouette irr\u00e9sistible.\",\"breadcrumb\":{\"@id\":\"https:\/\/www.safinel.fr\/produit\/suppositoires-yokebe\/#breadcrumb\"},\"inLanguage\":\"it-IT\",\"potentialAction\":[{\"@type\":\"ReadAction\",\"target\":[\"https:\/\/www.safinel.fr\/produit\/suppositoires-yokebe\/\"]}]},{\"@type\":\"ImageObject\",\"inLanguage\":\"it-IT\",\"@id\":\"https:\/\/www.safinel.fr\/produit\/suppositoires-yokebe\/#primaryimage\",\"url\":\"https:\/\/www.safinel.fr\/wp-content\/uploads\/2022\/12\/yokobe-supo.jpg\",\"contentUrl\":\"https:\/\/www.safinel.fr\/wp-content\/uploads\/2022\/12\/yokobe-supo.jpg\",\"width\":479,\"height\":600,\"caption\":\"Suppositoires Yokebe par 12\"},{\"@type\":\"BreadcrumbList\",\"@id\":\"https:\/\/www.safinel.fr\/produit\/suppositoires-yokebe\/#breadcrumb\",\"itemListElement\":[{\"@type\":\"ListItem\",\"position\":1,\"name\":\"Accueil\",\"item\":\"https:\/\/www.safinel.fr\/\"},{\"@type\":\"ListItem\",\"position\":2,\"name\":\"Boutique\",\"item\":\"https:\/\/www.safinel.fr\/boutique\/\"},{\"@type\":\"ListItem\",\"position\":3,\"name\":\"Suppositoires Yokebe\"}]},{\"@type\":\"WebSite\",\"@id\":\"https:\/\/www.safinel.fr\/#website\",\"url\":\"https:\/\/www.safinel.fr\/\",\"name\":\"Safinel\",\"description\":\"\",\"publisher\":{\"@id\":\"https:\/\/www.safinel.fr\/#organization\"},\"potentialAction\":[{\"@type\":\"SearchAction\",\"target\":{\"@type\":\"EntryPoint\",\"urlTemplate\":\"https:\/\/www.safinel.fr\/?s={search_term_string}\"},\"query-input\":{\"@type\":\"PropertyValueSpecification\",\"valueRequired\":true,\"valueName\":\"search_term_string\"}}],\"inLanguage\":\"it-IT\"},{\"@type\":\"Organization\",\"@id\":\"https:\/\/www.safinel.fr\/#organization\",\"name\":\"Safinel\",\"url\":\"https:\/\/www.safinel.fr\/\",\"logo\":{\"@type\":\"ImageObject\",\"inLanguage\":\"it-IT\",\"@id\":\"https:\/\/www.safinel.fr\/#\/schema\/logo\/image\/\",\"url\":\"https:\/\/www.safinel.fr\/wp-content\/uploads\/2021\/05\/boutique-cosmetique.png\",\"contentUrl\":\"https:\/\/www.safinel.fr\/wp-content\/uploads\/2021\/05\/boutique-cosmetique.png\",\"width\":800,\"height\":200,\"caption\":\"Safinel\"},\"image\":{\"@id\":\"https:\/\/www.safinel.fr\/#\/schema\/logo\/image\/\"}}]}<\/script>\n<!-- \/ Yoast SEO plugin. -->","yoast_head_json":{"title":"Yokebe I Supposte Ideale per rimpolpare i glutei","description":"Le supposte Yokebe sono state formulate con l'obiettivo di ottenere glutei pi\u00f9 pieni e una figura irresistibile.","robots":{"index":"index","follow":"follow","max-snippet":"max-snippet:-1","max-image-preview":"max-image-preview:large","max-video-preview":"max-video-preview:-1"},"canonical":"https:\/\/www.safinel.fr\/it\/prodotto\/supposte-di-giogo\/","og_locale":"it_IT","og_type":"article","og_title":"Suppositoires Yokebe I Id\u00e9al pour faire grossir les fesses","og_description":"Les\u00a0suppositoires Yokebe\u00a0ont \u00e9t\u00e9 formul\u00e9s dans l\u2019objectif d\u2019obtenir des fesses plus volumineuses et une silhouette irr\u00e9sistible.","og_url":"https:\/\/www.safinel.fr\/it\/prodotto\/supposte-di-giogo\/","og_site_name":"Safinel","article_modified_time":"2025-01-21T08:51:31+00:00","og_image":[{"width":479,"height":600,"url":"https:\/\/www.safinel.fr\/wp-content\/uploads\/2022\/12\/yokobe-supo.jpg","type":"image\/jpeg"}],"twitter_card":"summary_large_image","twitter_misc":{"Tempo di lettura stimato":"2 minuti"},"schema":{"@context":"https:\/\/schema.org","@graph":[{"@type":"WebPage","@id":"https:\/\/www.safinel.fr\/produit\/suppositoires-yokebe\/","url":"https:\/\/www.safinel.fr\/produit\/suppositoires-yokebe\/","name":"Yokebe I Supposte Ideale per rimpolpare i glutei","isPartOf":{"@id":"https:\/\/www.safinel.fr\/#website"},"primaryImageOfPage":{"@id":"https:\/\/www.safinel.fr\/produit\/suppositoires-yokebe\/#primaryimage"},"image":{"@id":"https:\/\/www.safinel.fr\/produit\/suppositoires-yokebe\/#primaryimage"},"thumbnailUrl":"https:\/\/www.safinel.fr\/wp-content\/uploads\/2022\/12\/yokobe-supo.jpg","datePublished":"2022-12-07T17:01:17+00:00","dateModified":"2025-01-21T08:51:31+00:00","description":"Le supposte Yokebe sono state formulate con l'obiettivo di ottenere glutei pi\u00f9 pieni e una figura irresistibile.","breadcrumb":{"@id":"https:\/\/www.safinel.fr\/produit\/suppositoires-yokebe\/#breadcrumb"},"inLanguage":"it-IT","potentialAction":[{"@type":"ReadAction","target":["https:\/\/www.safinel.fr\/produit\/suppositoires-yokebe\/"]}]},{"@type":"ImageObject","inLanguage":"it-IT","@id":"https:\/\/www.safinel.fr\/produit\/suppositoires-yokebe\/#primaryimage","url":"https:\/\/www.safinel.fr\/wp-content\/uploads\/2022\/12\/yokobe-supo.jpg","contentUrl":"https:\/\/www.safinel.fr\/wp-content\/uploads\/2022\/12\/yokobe-supo.jpg","width":479,"height":600,"caption":"Suppositoires Yokebe par 12"},{"@type":"BreadcrumbList","@id":"https:\/\/www.safinel.fr\/produit\/suppositoires-yokebe\/#breadcrumb","itemListElement":[{"@type":"ListItem","position":1,"name":"Accueil","item":"https:\/\/www.safinel.fr\/"},{"@type":"ListItem","position":2,"name":"Boutique","item":"https:\/\/www.safinel.fr\/boutique\/"},{"@type":"ListItem","position":3,"name":"Suppositoires Yokebe"}]},{"@type":"WebSite","@id":"https:\/\/www.safinel.fr\/#website","url":"https:\/\/www.safinel.fr\/","name":"Safinel","description":"","publisher":{"@id":"https:\/\/www.safinel.fr\/#organization"},"potentialAction":[{"@type":"SearchAction","target":{"@type":"EntryPoint","urlTemplate":"https:\/\/www.safinel.fr\/?s={search_term_string}"},"query-input":{"@type":"PropertyValueSpecification","valueRequired":true,"valueName":"search_term_string"}}],"inLanguage":"it-IT"},{"@type":"Organization","@id":"https:\/\/www.safinel.fr\/#organization","name":"Safinel","url":"https:\/\/www.safinel.fr\/","logo":{"@type":"ImageObject","inLanguage":"it-IT","@id":"https:\/\/www.safinel.fr\/#\/schema\/logo\/image\/","url":"https:\/\/www.safinel.fr\/wp-content\/uploads\/2021\/05\/boutique-cosmetique.png","contentUrl":"https:\/\/www.safinel.fr\/wp-content\/uploads\/2021\/05\/boutique-cosmetique.png","width":800,"height":200,"caption":"Safinel"},"image":{"@id":"https:\/\/www.safinel.fr\/#\/schema\/logo\/image\/"}}]}},"_links":{"self":[{"href":"https:\/\/www.safinel.fr\/it\/wp-json\/wp\/v2\/product\/3764","targetHints":{"allow":["GET"]}}],"collection":[{"href":"https:\/\/www.safinel.fr\/it\/wp-json\/wp\/v2\/product"}],"about":[{"href":"https:\/\/www.safinel.fr\/it\/wp-json\/wp\/v2\/types\/product"}],"wp:featuredmedia":[{"embeddable":true,"href":"https:\/\/www.safinel.fr\/it\/wp-json\/wp\/v2\/media\/3765"}],"wp:attachment":[{"href":"https:\/\/www.safinel.fr\/it\/wp-json\/wp\/v2\/media?parent=3764"}],"wp:term":[{"taxonomy":"product_brand","embeddable":true,"href":"https:\/\/www.safinel.fr\/it\/wp-json\/wp\/v2\/product_brand?post=3764"},{"taxonomy":"product_cat","embeddable":true,"href":"https:\/\/www.safinel.fr\/it\/wp-json\/wp\/v2\/product_cat?post=3764"},{"taxonomy":"product_tag","embeddable":true,"href":"https:\/\/www.safinel.fr\/it\/wp-json\/wp\/v2\/product_tag?post=3764"}],"curies":[{"name":"wp","href":"https:\/\/api.w.org\/{rel}","templated":true}]}}