{"id":3632,"date":"2022-11-25T21:15:41","date_gmt":"2022-11-25T21:15:41","guid":{"rendered":"https:\/\/www.safinel.fr\/?post_type=product&#038;p=3632"},"modified":"2025-10-16T08:48:31","modified_gmt":"2025-10-16T08:48:31","slug":"semi-di-crescione","status":"publish","type":"product","link":"https:\/\/www.safinel.fr\/it\/prodotto\/semi-di-crescione\/","title":{"rendered":"Semi di crescione (Hab el rechad) 100g"},"content":{"rendered":"<p>Qui presentiamo il\u00a0<strong>i famosi semi di crescione<\/strong>. Utilizzo in cosmetica, dietetica e cucina\u00a0<strong>Questi piccoli semi offrono un vero e proprio concentrato di benefici<\/strong>. Li abbiamo inseriti qui per permettervi di sfruttarli al meglio. E vi diciamo tutto quello che c'\u00e8 da sapere su questi piccoli semi meritevoli.<\/p>\n<h2><strong>Cosa sono i semi di crescione?\u00a0<\/strong><\/h2>\n<p>Questi piccoli semi provenienti dal Medio Oriente sono chiamati in arabo \u00abHab archad\u00bb. Per essere pi\u00f9 precisi\u00a0<strong>dal Marocco,<\/strong>\u00a0Sono raccolti dal crescione. Si tratta di un\u00a0<strong>pianta erbacea dal gusto piccante<\/strong>. In genere raggiunge un'altezza di 40 cm. I semi di crescione rappresentano\u00a0<strong>un rimedio naturale derivato dalla medicina alternativa.<\/strong>\u00a0Molto apprezzate per le loro virt\u00f9 terapeutiche nei paesi arabo-musulmani. Ma sapete davvero cosa aspettarvi?<\/p>\n<h2><strong>Qual \u00e8 il sapore dei semi di crescione?\u00a0<\/strong><\/h2>\n<p>Prima di elencare i loro numerosi benefici, dovevamo sorprendervi con il sapore che vi aspetta. Ebbene, noi\u00a0<strong>il sapore dei semi di crescione \u00e8 spesso strettamente associato a quello della senape e del crescione<\/strong>. Non da ultimo per la sua\u00a0<strong>sapore piccante.<\/strong><\/p>\n<p>\u00c8 molto popolare per\u00a0<strong>guarniscono un piatto a base di amido o sono un'aggiunta deliziosa a un panino.<\/strong>. Tuttavia, possono essere\u00a0<strong>ma anche aggiunto a una zuppa o a un'insalata<\/strong>\u00a0allo stesso modo dei pi\u00f9 noti semi di sesamo. Ma quali sono le loro virt\u00f9?<\/p>\n<h2><strong>Piccoli semi per rafforzare l'immunit\u00e0<\/strong><\/h2>\n<p>Questo \u00e8 uno dei motivi principali per cui amiamo mangiarli. Proprio cos\u00ec,\u00a0<strong>I semi di crescione agiscono sul sistema immunitario e gli danno una piccola spinta.<\/strong>\u00a0Per spiegare, i semi di crescione hanno\u00a0<strong>Un elevato contenuto di vitamina C. Molto pi\u00f9 alto di quello delle arance appena colte.<\/strong>\u00a0Ed \u00e8 attraverso questo che, in particolare, essi\u00a0<strong>purificare il sangue<\/strong>. Ma anche\u00a0<strong>eliminare tutte le tossine dal corpo.<\/strong>\u00a0E\u00a0<strong>rigenerare completamente il metabolismo<\/strong>. Una pepita di salute che non avreste mai sospettato! E non \u00e8 tutto!<\/p>\n<h2><strong>I semi di crescione o il tuo alleato di salute per tutto ci\u00f2 che vuoi!\u00a0<\/strong><\/h2>\n<p>Quindi preparatevi! Sono molti gli ambiti in cui i semi di crescione fanno sensazione. Sono particolarmente utili per\u00a0<strong>contro l'anemia e l'ipertensione.<\/strong>\u00a0I semi di crescione sono anche un aiuto per il\u00a0<strong>trattamento di disturbi gastrici o intestinali. In particolare in caso di stitichezza.\u00a0<\/strong><\/p>\n<p>I famosi semi sono anche un rimedio in <strong>disturbi <a href=\"https:\/\/www.safinel.fr\/it\/prodotto\/libidomiel\/\">libido<\/a> proprio come la perdita di memoria.<\/strong>\u00a0Infatti, gli acidi grassi arachidici e linoleici che contengono sono eccellenti per la memoria. Ultimo ma non meno importante,\u00a0<strong>Il loro elevato contenuto di minerali, in particolare di ferro, aiuta a prevenire la caduta dei capelli. Inoltre, le vitamine E e A in essi contenute conferiscono spessore ai capelli.<\/strong>. Fermiamo qui questo lungo e magnifico elenco. Ma prima di partire, vi diciamo come mangiarli!<\/p>\n<h3><strong>Come si mangiano?<\/strong><\/h3>\n<p>L'ideale \u00e8 consumare\u00a0<strong>un cucchiaio al giorno di questo concentrato di benefici<\/strong>. Ma se si vuole accedere a una virt\u00f9 particolare, come la lotta contro i disturbi digestivi<strong>, \u00e8 una buona idea combinarlo con una <a href=\"https:\/\/www.safinel.fr\/it\/categoria-prodotto\/apicoltura\/\">miele<\/a><\/strong>\u00a0con propriet\u00e0 molto simili. Come il nostro delizioso miele di rosmarino. Basta un cucchiaio di questa preziosa miscela per sentirsi meglio!<\/p>","protected":false},"excerpt":{"rendered":"<p>On vous pr\u00e9sente ici les\u00a0si renomm\u00e9es graines de cresson. Utiliser en cosm\u00e9tiques, en di\u00e9t\u00e9tique et en cuisine\u00a0ces petites graines offrent un v\u00e9ritable concentr\u00e9 de bienfaits. Nous les mettons \u00e0 votre disposition ici pour pourvoir en tirer tous les profits. Et on vous dit tout ce que vous devez savoir si ces petites graines si m\u00e9ritoires. [&#8230;]","protected":false},"featured_media":3633,"template":"","meta":[],"product_brand":[],"product_cat":[169,27],"product_tag":[],"class_list":{"0":"post-3632","1":"product","2":"type-product","3":"status-publish","4":"has-post-thumbnail","6":"product_cat-epices-du-monde","7":"product_cat-plantes-medicinales","9":"first","10":"outofstock","11":"shipping-taxable","12":"purchasable","13":"product-type-simple"},"yoast_head":"<!-- This site is optimized with the Yoast SEO plugin v26.6 - https:\/\/yoast.com\/wordpress\/plugins\/seo\/ -->\n<title>Graines de cresson I Hab el rechad I Bienfaits nombreux<\/title>\n<meta name=\"description\" content=\"On vous pr\u00e9sente ici les\u00a0si renomm\u00e9es graines de cresson. Ces petites graines offrent un v\u00e9ritable concentr\u00e9 de bienfaits.\" \/>\n<meta name=\"robots\" content=\"index, follow, max-snippet:-1, max-image-preview:large, max-video-preview:-1\" \/>\n<link rel=\"canonical\" href=\"https:\/\/www.safinel.fr\/it\/prodotto\/semi-di-crescione\/\" \/>\n<meta property=\"og:locale\" content=\"it_IT\" \/>\n<meta property=\"og:type\" content=\"article\" \/>\n<meta property=\"og:title\" content=\"Graines de cresson I Hab el rechad I Bienfaits nombreux\" \/>\n<meta property=\"og:description\" content=\"On vous pr\u00e9sente ici les\u00a0si renomm\u00e9es graines de cresson. Ces petites graines offrent un v\u00e9ritable concentr\u00e9 de bienfaits.\" \/>\n<meta property=\"og:url\" content=\"https:\/\/www.safinel.fr\/it\/prodotto\/semi-di-crescione\/\" \/>\n<meta property=\"og:site_name\" content=\"Safinel\" \/>\n<meta property=\"article:modified_time\" content=\"2025-10-16T08:48:31+00:00\" \/>\n<meta property=\"og:image\" content=\"https:\/\/www.safinel.fr\/wp-content\/uploads\/2022\/11\/graines-de-cresson.jpg\" \/>\n\t<meta property=\"og:image:width\" content=\"600\" \/>\n\t<meta property=\"og:image:height\" content=\"600\" \/>\n\t<meta property=\"og:image:type\" content=\"image\/jpeg\" \/>\n<meta name=\"twitter:card\" content=\"summary_large_image\" \/>\n<meta name=\"twitter:label1\" content=\"Tempo di lettura stimato\" \/>\n\t<meta name=\"twitter:data1\" content=\"3 minuti\" \/>\n<script type=\"application\/ld+json\" class=\"yoast-schema-graph\">{\"@context\":\"https:\/\/schema.org\",\"@graph\":[{\"@type\":\"WebPage\",\"@id\":\"https:\/\/www.safinel.fr\/produit\/graines-de-cresson\/\",\"url\":\"https:\/\/www.safinel.fr\/produit\/graines-de-cresson\/\",\"name\":\"Graines de cresson I Hab el rechad I Bienfaits nombreux\",\"isPartOf\":{\"@id\":\"https:\/\/www.safinel.fr\/#website\"},\"primaryImageOfPage\":{\"@id\":\"https:\/\/www.safinel.fr\/produit\/graines-de-cresson\/#primaryimage\"},\"image\":{\"@id\":\"https:\/\/www.safinel.fr\/produit\/graines-de-cresson\/#primaryimage\"},\"thumbnailUrl\":\"https:\/\/www.safinel.fr\/wp-content\/uploads\/2022\/11\/graines-de-cresson.jpg\",\"datePublished\":\"2022-11-25T21:15:41+00:00\",\"dateModified\":\"2025-10-16T08:48:31+00:00\",\"description\":\"On vous pr\u00e9sente ici les\u00a0si renomm\u00e9es graines de cresson. Ces petites graines offrent un v\u00e9ritable concentr\u00e9 de bienfaits.\",\"breadcrumb\":{\"@id\":\"https:\/\/www.safinel.fr\/produit\/graines-de-cresson\/#breadcrumb\"},\"inLanguage\":\"it-IT\",\"potentialAction\":[{\"@type\":\"ReadAction\",\"target\":[\"https:\/\/www.safinel.fr\/produit\/graines-de-cresson\/\"]}]},{\"@type\":\"ImageObject\",\"inLanguage\":\"it-IT\",\"@id\":\"https:\/\/www.safinel.fr\/produit\/graines-de-cresson\/#primaryimage\",\"url\":\"https:\/\/www.safinel.fr\/wp-content\/uploads\/2022\/11\/graines-de-cresson.jpg\",\"contentUrl\":\"https:\/\/www.safinel.fr\/wp-content\/uploads\/2022\/11\/graines-de-cresson.jpg\",\"width\":600,\"height\":600,\"caption\":\"Graines de Cresson (Hab el rechad) 100g\"},{\"@type\":\"BreadcrumbList\",\"@id\":\"https:\/\/www.safinel.fr\/produit\/graines-de-cresson\/#breadcrumb\",\"itemListElement\":[{\"@type\":\"ListItem\",\"position\":1,\"name\":\"Accueil\",\"item\":\"https:\/\/www.safinel.fr\/\"},{\"@type\":\"ListItem\",\"position\":2,\"name\":\"Boutique\",\"item\":\"https:\/\/www.safinel.fr\/boutique\/\"},{\"@type\":\"ListItem\",\"position\":3,\"name\":\"Graines de Cresson (Hab el rechad) 100g\"}]},{\"@type\":\"WebSite\",\"@id\":\"https:\/\/www.safinel.fr\/#website\",\"url\":\"https:\/\/www.safinel.fr\/\",\"name\":\"Safinel\",\"description\":\"\",\"publisher\":{\"@id\":\"https:\/\/www.safinel.fr\/#organization\"},\"potentialAction\":[{\"@type\":\"SearchAction\",\"target\":{\"@type\":\"EntryPoint\",\"urlTemplate\":\"https:\/\/www.safinel.fr\/?s={search_term_string}\"},\"query-input\":{\"@type\":\"PropertyValueSpecification\",\"valueRequired\":true,\"valueName\":\"search_term_string\"}}],\"inLanguage\":\"it-IT\"},{\"@type\":\"Organization\",\"@id\":\"https:\/\/www.safinel.fr\/#organization\",\"name\":\"Safinel\",\"url\":\"https:\/\/www.safinel.fr\/\",\"logo\":{\"@type\":\"ImageObject\",\"inLanguage\":\"it-IT\",\"@id\":\"https:\/\/www.safinel.fr\/#\/schema\/logo\/image\/\",\"url\":\"https:\/\/www.safinel.fr\/wp-content\/uploads\/2021\/05\/boutique-cosmetique.png\",\"contentUrl\":\"https:\/\/www.safinel.fr\/wp-content\/uploads\/2021\/05\/boutique-cosmetique.png\",\"width\":800,\"height\":200,\"caption\":\"Safinel\"},\"image\":{\"@id\":\"https:\/\/www.safinel.fr\/#\/schema\/logo\/image\/\"}}]}<\/script>\n<!-- \/ Yoast SEO plugin. -->","yoast_head_json":{"title":"Semi di crescione I Hab el rechad I Molti benefici","description":"Vi presentiamo i famosi semi di crescione. Questi piccoli semi offrono un vero e proprio concentrato di benefici.","robots":{"index":"index","follow":"follow","max-snippet":"max-snippet:-1","max-image-preview":"max-image-preview:large","max-video-preview":"max-video-preview:-1"},"canonical":"https:\/\/www.safinel.fr\/it\/prodotto\/semi-di-crescione\/","og_locale":"it_IT","og_type":"article","og_title":"Graines de cresson I Hab el rechad I Bienfaits nombreux","og_description":"On vous pr\u00e9sente ici les\u00a0si renomm\u00e9es graines de cresson. Ces petites graines offrent un v\u00e9ritable concentr\u00e9 de bienfaits.","og_url":"https:\/\/www.safinel.fr\/it\/prodotto\/semi-di-crescione\/","og_site_name":"Safinel","article_modified_time":"2025-10-16T08:48:31+00:00","og_image":[{"width":600,"height":600,"url":"https:\/\/www.safinel.fr\/wp-content\/uploads\/2022\/11\/graines-de-cresson.jpg","type":"image\/jpeg"}],"twitter_card":"summary_large_image","twitter_misc":{"Tempo di lettura stimato":"3 minuti"},"schema":{"@context":"https:\/\/schema.org","@graph":[{"@type":"WebPage","@id":"https:\/\/www.safinel.fr\/produit\/graines-de-cresson\/","url":"https:\/\/www.safinel.fr\/produit\/graines-de-cresson\/","name":"Semi di crescione I Hab el rechad I Molti benefici","isPartOf":{"@id":"https:\/\/www.safinel.fr\/#website"},"primaryImageOfPage":{"@id":"https:\/\/www.safinel.fr\/produit\/graines-de-cresson\/#primaryimage"},"image":{"@id":"https:\/\/www.safinel.fr\/produit\/graines-de-cresson\/#primaryimage"},"thumbnailUrl":"https:\/\/www.safinel.fr\/wp-content\/uploads\/2022\/11\/graines-de-cresson.jpg","datePublished":"2022-11-25T21:15:41+00:00","dateModified":"2025-10-16T08:48:31+00:00","description":"Vi presentiamo i famosi semi di crescione. Questi piccoli semi offrono un vero e proprio concentrato di benefici.","breadcrumb":{"@id":"https:\/\/www.safinel.fr\/produit\/graines-de-cresson\/#breadcrumb"},"inLanguage":"it-IT","potentialAction":[{"@type":"ReadAction","target":["https:\/\/www.safinel.fr\/produit\/graines-de-cresson\/"]}]},{"@type":"ImageObject","inLanguage":"it-IT","@id":"https:\/\/www.safinel.fr\/produit\/graines-de-cresson\/#primaryimage","url":"https:\/\/www.safinel.fr\/wp-content\/uploads\/2022\/11\/graines-de-cresson.jpg","contentUrl":"https:\/\/www.safinel.fr\/wp-content\/uploads\/2022\/11\/graines-de-cresson.jpg","width":600,"height":600,"caption":"Graines de Cresson (Hab el rechad) 100g"},{"@type":"BreadcrumbList","@id":"https:\/\/www.safinel.fr\/produit\/graines-de-cresson\/#breadcrumb","itemListElement":[{"@type":"ListItem","position":1,"name":"Accueil","item":"https:\/\/www.safinel.fr\/"},{"@type":"ListItem","position":2,"name":"Boutique","item":"https:\/\/www.safinel.fr\/boutique\/"},{"@type":"ListItem","position":3,"name":"Graines de Cresson (Hab el rechad) 100g"}]},{"@type":"WebSite","@id":"https:\/\/www.safinel.fr\/#website","url":"https:\/\/www.safinel.fr\/","name":"Safinel","description":"","publisher":{"@id":"https:\/\/www.safinel.fr\/#organization"},"potentialAction":[{"@type":"SearchAction","target":{"@type":"EntryPoint","urlTemplate":"https:\/\/www.safinel.fr\/?s={search_term_string}"},"query-input":{"@type":"PropertyValueSpecification","valueRequired":true,"valueName":"search_term_string"}}],"inLanguage":"it-IT"},{"@type":"Organization","@id":"https:\/\/www.safinel.fr\/#organization","name":"Safinel","url":"https:\/\/www.safinel.fr\/","logo":{"@type":"ImageObject","inLanguage":"it-IT","@id":"https:\/\/www.safinel.fr\/#\/schema\/logo\/image\/","url":"https:\/\/www.safinel.fr\/wp-content\/uploads\/2021\/05\/boutique-cosmetique.png","contentUrl":"https:\/\/www.safinel.fr\/wp-content\/uploads\/2021\/05\/boutique-cosmetique.png","width":800,"height":200,"caption":"Safinel"},"image":{"@id":"https:\/\/www.safinel.fr\/#\/schema\/logo\/image\/"}}]}},"_links":{"self":[{"href":"https:\/\/www.safinel.fr\/it\/wp-json\/wp\/v2\/product\/3632","targetHints":{"allow":["GET"]}}],"collection":[{"href":"https:\/\/www.safinel.fr\/it\/wp-json\/wp\/v2\/product"}],"about":[{"href":"https:\/\/www.safinel.fr\/it\/wp-json\/wp\/v2\/types\/product"}],"wp:featuredmedia":[{"embeddable":true,"href":"https:\/\/www.safinel.fr\/it\/wp-json\/wp\/v2\/media\/3633"}],"wp:attachment":[{"href":"https:\/\/www.safinel.fr\/it\/wp-json\/wp\/v2\/media?parent=3632"}],"wp:term":[{"taxonomy":"product_brand","embeddable":true,"href":"https:\/\/www.safinel.fr\/it\/wp-json\/wp\/v2\/product_brand?post=3632"},{"taxonomy":"product_cat","embeddable":true,"href":"https:\/\/www.safinel.fr\/it\/wp-json\/wp\/v2\/product_cat?post=3632"},{"taxonomy":"product_tag","embeddable":true,"href":"https:\/\/www.safinel.fr\/it\/wp-json\/wp\/v2\/product_tag?post=3632"}],"curies":[{"name":"wp","href":"https:\/\/api.w.org\/{rel}","templated":true}]}}