{"id":3524,"date":"2021-11-15T12:22:12","date_gmt":"2021-11-15T12:22:12","guid":{"rendered":"https:\/\/www.safinel.fr\/?post_type=product&#038;p=3524"},"modified":"2024-10-16T17:39:16","modified_gmt":"2024-10-16T17:39:16","slug":"olio-di-touloucouna","status":"publish","type":"product","link":"https:\/\/www.safinel.fr\/it\/prodotto\/olio-di-touloucouna\/","title":{"rendered":"Olio di Touloucouna 100g"},"content":{"rendered":"<p><strong>Olio di Touloucouna\u00a0<\/strong>\u00e8 anche conosciuto come\u2019<strong>Olio di carapa<\/strong>, o\u00a0<strong>Legno di granchio<\/strong>. Se il nome non vi dice nulla, lasciate che ve ne parliamo meglio. Le sue propriet\u00e0 sono tali da meritare grande attenzione!<\/p>\n<h2><strong>Olio di Touloucouna: quando l'Africa ci offre il meglio\u00a0<\/strong><\/h2>\n<p>Ancora una volta, il continente africano ci ha sorpreso con una pianta davvero diversa da tutte le altre. Proprio come la\u00a0<a href=\"https:\/\/www.safinel.fr\/it\/prodotto\/burro-di-karite-grezzo-biologico-certificato-100ml\/\"><strong>karit\u00e9<\/strong><\/a>, Il nostro prezioso olio di touloucouna proviene da una noce, a sua volta derivata dalla pianta Carapa Procera. Il suo nome deriva dalla lingua Mandinka, poich\u00e9 si trova principalmente in Senegal.<\/p>\n<p>Considerato un\u00a0<strong>olio vegetale raro<\/strong>, \u00c8 molto importante per la popolazione locale. Viene utilizzata soprattutto per le sue propriet\u00e0 medicinali e cosmetiche.<\/p>\n<h2><strong>Propriet\u00e0 dell'olio di touloucouna\u00a0<\/strong><\/h2>\n<p>L'olio di carapa ha molte propriet\u00e0:<\/p>\n<p><strong>Per la pelle\u00a0<\/strong><\/p>\n<ul>\n<li>Lenisce i disagi della pelle (prurito, secchezza...)<\/li>\n<li>Propriet\u00e0 rigeneranti e riparatrici<\/li>\n<li>Molto nutriente<\/li>\n<li>Riduce l'aspetto della cellulite<\/li>\n<li>Previene l'invecchiamento precoce<\/li>\n<\/ul>\n<p><strong>I suoi benefici per i capelli\u00a0<\/strong><\/p>\n<ul>\n<li>Contro la forfora<\/li>\n<li>Consigliato per capelli secchi e danneggiati<\/li>\n<li>Aggiunge lucentezza ai capelli<\/li>\n<li>Lenisce il cuoio capelluto sensibile<\/li>\n<\/ul>\n<p><strong>Per la vostra salute\u00a0<\/strong><\/p>\n<p>Benefico come olio da massaggio per i dolori muscolari o articolari<\/p>\n<h2><strong>Come si usa questo ingrediente cosmetico?\u00a0<\/strong><\/h2>\n<p>Pu\u00f2 essere utilizzato anche in un bagno d'olio, ad esempio miscelato con\u00a0<strong>ricino<\/strong>\u00a0o\u00a0<strong>olio di baobab,<\/strong>\u00a0ad esempio.<\/p>\n<p>Come prodotto per la cura della pelle, pu\u00f2 anche essere un ingrediente di una preparazione fatta in casa. Ad esempio in una crema nutriente o in un sapone solido!<\/p>\n<p>Pu\u00f2 anche essere usato puro sulla pelle, massaggiato per alleviare una zona dolorosa. Poich\u00e9 la sua fragranza \u00e8 abbastanza neutra, potete usare un profumo naturale o un olio essenziale, se vi \u00e8 consentito!<\/p>\n<h3><strong>Precauzioni\u00a0<\/strong><\/h3>\n<p>Adatto solo per uso esterno.<\/p>\n<p>Inoltre, non \u00e8 raccomandato per la cura delle labbra a causa del suo sapore molto amaro.<\/p>","protected":false},"excerpt":{"rendered":"<p>L\u2019huile de touloucouna\u00a0est \u00e9galement connue sous le nom d\u2019huile de Carapa, ou encore\u00a0Crabwood. Si son nom ne vous dit rien, laissez-nous vous en dire davantage \u00e0 son sujet. Ses propri\u00e9t\u00e9s sont telles qu\u2019elle m\u00e9rite largement que l\u2019on y pr\u00eate attention ! Huile de touloucouna : quand l\u2019Afrique nous offre le meilleur\u00a0 Une fois de plus, [&#8230;]","protected":false},"featured_media":4355,"template":"","meta":[],"product_brand":[],"product_cat":[122,41],"product_tag":[],"class_list":{"0":"post-3524","1":"product","2":"type-product","3":"status-publish","4":"has-post-thumbnail","6":"product_cat-huile-vegetale","7":"product_cat-produits-naturels-divers","9":"first","10":"instock","11":"shipping-taxable","12":"purchasable","13":"product-type-simple"},"yoast_head":"<!-- This site is optimized with the Yoast SEO plugin v26.6 - https:\/\/yoast.com\/wordpress\/plugins\/seo\/ -->\n<title>Huile de touloucouna I Huile de Carapa I Bienfaits nombreux<\/title>\n<meta name=\"description\" content=\"L\u2019huile de touloucouna\u00a0est \u00e9galement connue sous le nom d\u2019huile de Carapa, ou encore\u00a0Crabwood. Adoptez-l\u00e0 sans plus attendre !\" \/>\n<meta name=\"robots\" content=\"index, follow, max-snippet:-1, max-image-preview:large, max-video-preview:-1\" \/>\n<link rel=\"canonical\" href=\"https:\/\/www.safinel.fr\/it\/prodotto\/olio-di-touloucouna\/\" \/>\n<meta property=\"og:locale\" content=\"it_IT\" \/>\n<meta property=\"og:type\" content=\"article\" \/>\n<meta property=\"og:title\" content=\"Huile de touloucouna I Huile de Carapa I Bienfaits nombreux\" \/>\n<meta property=\"og:description\" content=\"L\u2019huile de touloucouna\u00a0est \u00e9galement connue sous le nom d\u2019huile de Carapa, ou encore\u00a0Crabwood. Adoptez-l\u00e0 sans plus attendre !\" \/>\n<meta property=\"og:url\" content=\"https:\/\/www.safinel.fr\/it\/prodotto\/olio-di-touloucouna\/\" \/>\n<meta property=\"og:site_name\" content=\"Safinel\" \/>\n<meta property=\"article:modified_time\" content=\"2024-10-16T17:39:16+00:00\" \/>\n<meta property=\"og:image\" content=\"https:\/\/www.safinel.fr\/wp-content\/uploads\/2021\/11\/huile-de-touloucouna.jpg\" \/>\n\t<meta property=\"og:image:width\" content=\"600\" \/>\n\t<meta property=\"og:image:height\" content=\"600\" \/>\n\t<meta property=\"og:image:type\" content=\"image\/jpeg\" \/>\n<meta name=\"twitter:card\" content=\"summary_large_image\" \/>\n<meta name=\"twitter:label1\" content=\"Tempo di lettura stimato\" \/>\n\t<meta name=\"twitter:data1\" content=\"2 minuti\" \/>\n<script type=\"application\/ld+json\" class=\"yoast-schema-graph\">{\"@context\":\"https:\/\/schema.org\",\"@graph\":[{\"@type\":\"WebPage\",\"@id\":\"https:\/\/www.safinel.fr\/produit\/huile-de-touloucouna\/\",\"url\":\"https:\/\/www.safinel.fr\/produit\/huile-de-touloucouna\/\",\"name\":\"Huile de touloucouna I Huile de Carapa I Bienfaits nombreux\",\"isPartOf\":{\"@id\":\"https:\/\/www.safinel.fr\/#website\"},\"primaryImageOfPage\":{\"@id\":\"https:\/\/www.safinel.fr\/produit\/huile-de-touloucouna\/#primaryimage\"},\"image\":{\"@id\":\"https:\/\/www.safinel.fr\/produit\/huile-de-touloucouna\/#primaryimage\"},\"thumbnailUrl\":\"https:\/\/www.safinel.fr\/wp-content\/uploads\/2021\/11\/huile-de-touloucouna.jpg\",\"datePublished\":\"2021-11-15T12:22:12+00:00\",\"dateModified\":\"2024-10-16T17:39:16+00:00\",\"description\":\"L\u2019huile de touloucouna\u00a0est \u00e9galement connue sous le nom d\u2019huile de Carapa, ou encore\u00a0Crabwood. Adoptez-l\u00e0 sans plus attendre !\",\"breadcrumb\":{\"@id\":\"https:\/\/www.safinel.fr\/produit\/huile-de-touloucouna\/#breadcrumb\"},\"inLanguage\":\"it-IT\",\"potentialAction\":[{\"@type\":\"ReadAction\",\"target\":[\"https:\/\/www.safinel.fr\/produit\/huile-de-touloucouna\/\"]}]},{\"@type\":\"ImageObject\",\"inLanguage\":\"it-IT\",\"@id\":\"https:\/\/www.safinel.fr\/produit\/huile-de-touloucouna\/#primaryimage\",\"url\":\"https:\/\/www.safinel.fr\/wp-content\/uploads\/2021\/11\/huile-de-touloucouna.jpg\",\"contentUrl\":\"https:\/\/www.safinel.fr\/wp-content\/uploads\/2021\/11\/huile-de-touloucouna.jpg\",\"width\":600,\"height\":600,\"caption\":\"Huile de touloucouna 100g\"},{\"@type\":\"BreadcrumbList\",\"@id\":\"https:\/\/www.safinel.fr\/produit\/huile-de-touloucouna\/#breadcrumb\",\"itemListElement\":[{\"@type\":\"ListItem\",\"position\":1,\"name\":\"Accueil\",\"item\":\"https:\/\/www.safinel.fr\/\"},{\"@type\":\"ListItem\",\"position\":2,\"name\":\"Boutique\",\"item\":\"https:\/\/www.safinel.fr\/boutique\/\"},{\"@type\":\"ListItem\",\"position\":3,\"name\":\"Huile de touloucouna 100g\"}]},{\"@type\":\"WebSite\",\"@id\":\"https:\/\/www.safinel.fr\/#website\",\"url\":\"https:\/\/www.safinel.fr\/\",\"name\":\"Safinel\",\"description\":\"\",\"publisher\":{\"@id\":\"https:\/\/www.safinel.fr\/#organization\"},\"potentialAction\":[{\"@type\":\"SearchAction\",\"target\":{\"@type\":\"EntryPoint\",\"urlTemplate\":\"https:\/\/www.safinel.fr\/?s={search_term_string}\"},\"query-input\":{\"@type\":\"PropertyValueSpecification\",\"valueRequired\":true,\"valueName\":\"search_term_string\"}}],\"inLanguage\":\"it-IT\"},{\"@type\":\"Organization\",\"@id\":\"https:\/\/www.safinel.fr\/#organization\",\"name\":\"Safinel\",\"url\":\"https:\/\/www.safinel.fr\/\",\"logo\":{\"@type\":\"ImageObject\",\"inLanguage\":\"it-IT\",\"@id\":\"https:\/\/www.safinel.fr\/#\/schema\/logo\/image\/\",\"url\":\"https:\/\/www.safinel.fr\/wp-content\/uploads\/2021\/05\/boutique-cosmetique.png\",\"contentUrl\":\"https:\/\/www.safinel.fr\/wp-content\/uploads\/2021\/05\/boutique-cosmetique.png\",\"width\":800,\"height\":200,\"caption\":\"Safinel\"},\"image\":{\"@id\":\"https:\/\/www.safinel.fr\/#\/schema\/logo\/image\/\"}}]}<\/script>\n<!-- \/ Yoast SEO plugin. -->","yoast_head_json":{"title":"Olio di Touloucouna I Olio di Carapa I Numerosi benefici","description":"L'olio di Touloucouna \u00e8 noto anche come olio di Carapa o di legno di granchio. Adottatelo senza indugio!","robots":{"index":"index","follow":"follow","max-snippet":"max-snippet:-1","max-image-preview":"max-image-preview:large","max-video-preview":"max-video-preview:-1"},"canonical":"https:\/\/www.safinel.fr\/it\/prodotto\/olio-di-touloucouna\/","og_locale":"it_IT","og_type":"article","og_title":"Huile de touloucouna I Huile de Carapa I Bienfaits nombreux","og_description":"L\u2019huile de touloucouna\u00a0est \u00e9galement connue sous le nom d\u2019huile de Carapa, ou encore\u00a0Crabwood. Adoptez-l\u00e0 sans plus attendre !","og_url":"https:\/\/www.safinel.fr\/it\/prodotto\/olio-di-touloucouna\/","og_site_name":"Safinel","article_modified_time":"2024-10-16T17:39:16+00:00","og_image":[{"width":600,"height":600,"url":"https:\/\/www.safinel.fr\/wp-content\/uploads\/2021\/11\/huile-de-touloucouna.jpg","type":"image\/jpeg"}],"twitter_card":"summary_large_image","twitter_misc":{"Tempo di lettura stimato":"2 minuti"},"schema":{"@context":"https:\/\/schema.org","@graph":[{"@type":"WebPage","@id":"https:\/\/www.safinel.fr\/produit\/huile-de-touloucouna\/","url":"https:\/\/www.safinel.fr\/produit\/huile-de-touloucouna\/","name":"Olio di Touloucouna I Olio di Carapa I Numerosi benefici","isPartOf":{"@id":"https:\/\/www.safinel.fr\/#website"},"primaryImageOfPage":{"@id":"https:\/\/www.safinel.fr\/produit\/huile-de-touloucouna\/#primaryimage"},"image":{"@id":"https:\/\/www.safinel.fr\/produit\/huile-de-touloucouna\/#primaryimage"},"thumbnailUrl":"https:\/\/www.safinel.fr\/wp-content\/uploads\/2021\/11\/huile-de-touloucouna.jpg","datePublished":"2021-11-15T12:22:12+00:00","dateModified":"2024-10-16T17:39:16+00:00","description":"L'olio di Touloucouna \u00e8 noto anche come olio di Carapa o di legno di granchio. Adottatelo senza indugio!","breadcrumb":{"@id":"https:\/\/www.safinel.fr\/produit\/huile-de-touloucouna\/#breadcrumb"},"inLanguage":"it-IT","potentialAction":[{"@type":"ReadAction","target":["https:\/\/www.safinel.fr\/produit\/huile-de-touloucouna\/"]}]},{"@type":"ImageObject","inLanguage":"it-IT","@id":"https:\/\/www.safinel.fr\/produit\/huile-de-touloucouna\/#primaryimage","url":"https:\/\/www.safinel.fr\/wp-content\/uploads\/2021\/11\/huile-de-touloucouna.jpg","contentUrl":"https:\/\/www.safinel.fr\/wp-content\/uploads\/2021\/11\/huile-de-touloucouna.jpg","width":600,"height":600,"caption":"Huile de touloucouna 100g"},{"@type":"BreadcrumbList","@id":"https:\/\/www.safinel.fr\/produit\/huile-de-touloucouna\/#breadcrumb","itemListElement":[{"@type":"ListItem","position":1,"name":"Accueil","item":"https:\/\/www.safinel.fr\/"},{"@type":"ListItem","position":2,"name":"Boutique","item":"https:\/\/www.safinel.fr\/boutique\/"},{"@type":"ListItem","position":3,"name":"Huile de touloucouna 100g"}]},{"@type":"WebSite","@id":"https:\/\/www.safinel.fr\/#website","url":"https:\/\/www.safinel.fr\/","name":"Safinel","description":"","publisher":{"@id":"https:\/\/www.safinel.fr\/#organization"},"potentialAction":[{"@type":"SearchAction","target":{"@type":"EntryPoint","urlTemplate":"https:\/\/www.safinel.fr\/?s={search_term_string}"},"query-input":{"@type":"PropertyValueSpecification","valueRequired":true,"valueName":"search_term_string"}}],"inLanguage":"it-IT"},{"@type":"Organization","@id":"https:\/\/www.safinel.fr\/#organization","name":"Safinel","url":"https:\/\/www.safinel.fr\/","logo":{"@type":"ImageObject","inLanguage":"it-IT","@id":"https:\/\/www.safinel.fr\/#\/schema\/logo\/image\/","url":"https:\/\/www.safinel.fr\/wp-content\/uploads\/2021\/05\/boutique-cosmetique.png","contentUrl":"https:\/\/www.safinel.fr\/wp-content\/uploads\/2021\/05\/boutique-cosmetique.png","width":800,"height":200,"caption":"Safinel"},"image":{"@id":"https:\/\/www.safinel.fr\/#\/schema\/logo\/image\/"}}]}},"_links":{"self":[{"href":"https:\/\/www.safinel.fr\/it\/wp-json\/wp\/v2\/product\/3524","targetHints":{"allow":["GET"]}}],"collection":[{"href":"https:\/\/www.safinel.fr\/it\/wp-json\/wp\/v2\/product"}],"about":[{"href":"https:\/\/www.safinel.fr\/it\/wp-json\/wp\/v2\/types\/product"}],"wp:featuredmedia":[{"embeddable":true,"href":"https:\/\/www.safinel.fr\/it\/wp-json\/wp\/v2\/media\/4355"}],"wp:attachment":[{"href":"https:\/\/www.safinel.fr\/it\/wp-json\/wp\/v2\/media?parent=3524"}],"wp:term":[{"taxonomy":"product_brand","embeddable":true,"href":"https:\/\/www.safinel.fr\/it\/wp-json\/wp\/v2\/product_brand?post=3524"},{"taxonomy":"product_cat","embeddable":true,"href":"https:\/\/www.safinel.fr\/it\/wp-json\/wp\/v2\/product_cat?post=3524"},{"taxonomy":"product_tag","embeddable":true,"href":"https:\/\/www.safinel.fr\/it\/wp-json\/wp\/v2\/product_tag?post=3524"}],"curies":[{"name":"wp","href":"https:\/\/api.w.org\/{rel}","templated":true}]}}