{"id":3468,"date":"2022-11-09T18:38:40","date_gmt":"2022-11-09T18:38:40","guid":{"rendered":"https:\/\/www.safinel.fr\/?post_type=product&#038;p=3468"},"modified":"2024-11-25T20:46:37","modified_gmt":"2024-11-25T20:46:37","slug":"foglia-di-loto","status":"publish","type":"product","link":"https:\/\/www.safinel.fr\/it\/prodotto\/foglia-di-loto\/","title":{"rendered":"Foglie di loto (He Ye \u8377\u53f6)"},"content":{"rendered":"<p>Conosci il\u00a0<strong>foglia di loto (He ye)<\/strong>\u00a0? Diffuso in Asia orientale, il loto \u00e8 una pianta acquatica emblematica di questa regione del mondo. Le sue foglie, chiamate \u201cHe ye\u201d in cinese e utilizzate nella medicina tradizionale, hanno la propriet\u00e0 di favorire la perdita di peso. Scoprite il vostro nuovo\u00a0<strong>alleato naturale del dimagrimento\u00a0<\/strong>su Safinel ora!<\/p>\n<h2><strong>Scoprite la foglia di loto (He ye), un partner dimagrante ancestrale!<\/strong><\/h2>\n<p>Il loto \u00e8 stato coltivato dall'uomo per oltre 2.000 anni.<\/p>\n<p>Presente ormai in quasi tutto il mondo, \u00e8 soprattutto la pianta emblematica dell'Asia. Infatti, \u00e8 il fiore nazionale sia del Vietnam che dell'India. Tuttavia, il suo principale produttore rimane la Cina.<\/p>\n<p>Vengono utilizzate tutte le parti della pianta: le foglie, naturalmente, ma anche i semi, i fiori e i rizomi.<\/p>\n<p>La foglia di loto \u00e8 anche una pianta essenziale nella medicina tradizionale cinese.<\/p>\n<p>AVVERTENZA: Safinel disconosce qualsiasi credenza legata al loto, in particolare la sua natura \u00abmagica\u00bb e l'occulto ad esso associato. Safinel commercializza le sue foglie esclusivamente per il loro valore terapeutico.<\/p>\n<p>Ha molte virt\u00f9. Tuttavia, \u00e8 a livello di \u201cdimagrimento\u201d che si \u00e8 dimostrata pi\u00f9 efficace. Regola i livelli di zucchero nel sangue, i lipidi nel sangue e il transito... Questa antica pianta vi aiuter\u00e0 a perdere peso in modo naturale!<\/p>\n<h2><strong>Quali sono i benefici della foglia di loto (He ye)?<\/strong><\/h2>\n<ul>\n<li>Favoriscono la digestione, grazie soprattutto alle fibre e ai carboidrati complessi che contengono.<\/li>\n<li>Favoriscono inoltre l'eliminazione delle tossine dall'organismo. Infatti, nella medicina tradizionale cinese, le foglie e i semi hanno effetti riconosciuti sul rafforzamento e sulla disintossicazione dell'organismo.<\/li>\n<li>Il loto rafforza anche il sistema immunitario e migliora i livelli di energia. Le sue virt\u00f9 sono dovute in particolare alla vitamina C che contiene. Oltre a rame, fosforo e potassio. Ma anche fibre e vitamina B6.<\/li>\n<li>Contribuiscono inoltre a ridurre i livelli di lipidi e di glicemia (rispettivamente i livelli di lipidi e di zuccheri nel sangue). Gli studi hanno confermato che le foglie di loto riducono l'assorbimento di questi due macronutrienti da parte dell'organismo. Ci\u00f2 ha la felice conseguenza di ridurre l'aumento di peso, o addirittura la perdita di peso, nei soggetti studiati.<\/li>\n<li>Infine, drenano l'organismo regolando il transito e favorendo l'eliminazione renale.<\/li>\n<\/ul>\n<p>Per tutti questi motivi, \u00e8 la soluzione ideale se si vuole perdere peso!<\/p>\n<h2><strong>Come si usa la foglia di loto (He ye)?<\/strong><\/h2>\n<p>Il\u00a0<strong>Se ne va<\/strong>\u00a0pu\u00f2 essere assunto in vari modi, tra cui come infuso, polvere o capsula.<\/p>\n<ul>\n<li>Se state preparando una tisana: dopo aver pulito le foglie, aggiungete 10 g di piante a 500 ml di acqua e portate a ebollizione. Ridurre il calore e far bollire per 10 minuti. Filtrare e bere durante la giornata.<\/li>\n<li>Si possono anche polverizzare le foglie (o acquistarle macinate). In questo caso, consumatene circa 3 g al mattino e alla sera, fuori dai pasti.<\/li>\n<li>A tal fine, mescolare bene la dose in una tazzina di acqua bollente e poi bere la miscela.<\/li>\n<li>Capsule: assumere tre capsule mattina e sera con un abbondante bicchiere d'acqua, sempre tra i pasti.<\/li>\n<\/ul>\n<p>Inoltre, se siete a dieta, vi consigliamo di combinarlo con il nostro\u00a0<a href=\"https:\/\/www.safinel.fr\/it\/prodotto\/gambi-di-ciliegio\/\"><strong>gambi di ciliegio<\/strong><\/a>, per il massimo effetto drenante!<\/p>\n<h3><strong>Precauzioni per l'uso<\/strong><\/h3>\n<p>Conservate il vostro\u00a0<strong>Pianta cinese<\/strong>\u00a0lontano dalla luce e da tutte le fonti di calore per preservare le sue virt\u00f9.<\/p>\n<ul>\n<li>La foglia di loto \u00e8 un integratore alimentare per adulti e bambini di et\u00e0 superiore ai 12 anni. Tuttavia, non sostituisce una dieta diversificata e uno stile di vita sano.<\/li>\n<li>Non superare la dose giornaliera raccomandata.<\/li>\n<li>Non \u00e8 raccomandato per le donne in gravidanza o in allattamento.<\/li>\n<li>Tenere fuori dalla portata dei bambini.<\/li>\n<\/ul>\n<p>Attenzione: consultare il medico se si assumono contemporaneamente anticoagulanti.<\/p>","protected":false},"excerpt":{"rendered":"<p>Connaissez-vous la\u00a0feuille de lotus (He ye)\u00a0? Largement r\u00e9pandue en Asie orientale, le lotus est une plante aquatique embl\u00e9matique de cette r\u00e9gion du monde. Ses feuilles, nomm\u00e9es \u201cHe ye\u201d en chinois et utilis\u00e9es en m\u00e9decine traditionnelle, ont la propri\u00e9t\u00e9 de favoriser la perte de poids. D\u00e9couvrez votre nouvel\u00a0alli\u00e9 minceur naturel\u00a0sans plus tarder sur Safinel ! D\u00e9couvrez [&#8230;]","protected":false},"featured_media":3475,"template":"","meta":[],"product_brand":[],"product_cat":[108],"product_tag":[],"class_list":{"0":"post-3468","1":"product","2":"type-product","3":"status-publish","4":"has-post-thumbnail","6":"product_cat-plantes-asiatiques","8":"first","9":"outofstock","10":"shipping-taxable","11":"purchasable","12":"product-type-variable"},"yoast_head":"<!-- This site is optimized with the Yoast SEO plugin v26.6 - https:\/\/yoast.com\/wordpress\/plugins\/seo\/ -->\n<title>Feuille de lotus I Nelumbo nucifera I Bienfaits nombreux<\/title>\n<meta name=\"description\" content=\"Connaissez-vous la\u00a0feuille de lotus (He ye)\u00a0? Largement r\u00e9pandue en Asie orientale, le lotus est une plante aquatique embl\u00e9matique de cette r\u00e9gion du monde.\" \/>\n<meta name=\"robots\" content=\"index, follow, max-snippet:-1, max-image-preview:large, max-video-preview:-1\" \/>\n<link rel=\"canonical\" href=\"https:\/\/www.safinel.fr\/it\/prodotto\/foglia-di-loto\/\" \/>\n<meta property=\"og:locale\" content=\"it_IT\" \/>\n<meta property=\"og:type\" content=\"article\" \/>\n<meta property=\"og:title\" content=\"Feuille de lotus I Nelumbo nucifera I Bienfaits nombreux\" \/>\n<meta property=\"og:description\" content=\"Connaissez-vous la\u00a0feuille de lotus (He ye)\u00a0? Largement r\u00e9pandue en Asie orientale, le lotus est une plante aquatique embl\u00e9matique de cette r\u00e9gion du monde.\" \/>\n<meta property=\"og:url\" content=\"https:\/\/www.safinel.fr\/it\/prodotto\/foglia-di-loto\/\" \/>\n<meta property=\"og:site_name\" content=\"Safinel\" \/>\n<meta property=\"article:modified_time\" content=\"2024-11-25T20:46:37+00:00\" \/>\n<meta property=\"og:image\" content=\"https:\/\/www.safinel.fr\/wp-content\/uploads\/2022\/11\/Feuilles-de-lotus-He-Ye-\u8377\u53f6.jpg\" \/>\n\t<meta property=\"og:image:width\" content=\"600\" \/>\n\t<meta property=\"og:image:height\" content=\"600\" \/>\n\t<meta property=\"og:image:type\" content=\"image\/jpeg\" \/>\n<meta name=\"twitter:card\" content=\"summary_large_image\" \/>\n<meta name=\"twitter:label1\" content=\"Tempo di lettura stimato\" \/>\n\t<meta name=\"twitter:data1\" content=\"4 minuti\" \/>\n<script type=\"application\/ld+json\" class=\"yoast-schema-graph\">{\"@context\":\"https:\/\/schema.org\",\"@graph\":[{\"@type\":\"WebPage\",\"@id\":\"https:\/\/www.safinel.fr\/produit\/feuille-de-lotus\/\",\"url\":\"https:\/\/www.safinel.fr\/produit\/feuille-de-lotus\/\",\"name\":\"Feuille de lotus I Nelumbo nucifera I Bienfaits nombreux\",\"isPartOf\":{\"@id\":\"https:\/\/www.safinel.fr\/#website\"},\"primaryImageOfPage\":{\"@id\":\"https:\/\/www.safinel.fr\/produit\/feuille-de-lotus\/#primaryimage\"},\"image\":{\"@id\":\"https:\/\/www.safinel.fr\/produit\/feuille-de-lotus\/#primaryimage\"},\"thumbnailUrl\":\"https:\/\/www.safinel.fr\/wp-content\/uploads\/2022\/11\/Feuilles-de-lotus-He-Ye-\u8377\u53f6.jpg\",\"datePublished\":\"2022-11-09T18:38:40+00:00\",\"dateModified\":\"2024-11-25T20:46:37+00:00\",\"description\":\"Connaissez-vous la\u00a0feuille de lotus (He ye)\u00a0? Largement r\u00e9pandue en Asie orientale, le lotus est une plante aquatique embl\u00e9matique de cette r\u00e9gion du monde.\",\"breadcrumb\":{\"@id\":\"https:\/\/www.safinel.fr\/produit\/feuille-de-lotus\/#breadcrumb\"},\"inLanguage\":\"it-IT\",\"potentialAction\":[{\"@type\":\"ReadAction\",\"target\":[\"https:\/\/www.safinel.fr\/produit\/feuille-de-lotus\/\"]}]},{\"@type\":\"ImageObject\",\"inLanguage\":\"it-IT\",\"@id\":\"https:\/\/www.safinel.fr\/produit\/feuille-de-lotus\/#primaryimage\",\"url\":\"https:\/\/www.safinel.fr\/wp-content\/uploads\/2022\/11\/Feuilles-de-lotus-He-Ye-\u8377\u53f6.jpg\",\"contentUrl\":\"https:\/\/www.safinel.fr\/wp-content\/uploads\/2022\/11\/Feuilles-de-lotus-He-Ye-\u8377\u53f6.jpg\",\"width\":600,\"height\":600,\"caption\":\"Feuilles de lotus (He Ye \u8377\u53f6)\"},{\"@type\":\"BreadcrumbList\",\"@id\":\"https:\/\/www.safinel.fr\/produit\/feuille-de-lotus\/#breadcrumb\",\"itemListElement\":[{\"@type\":\"ListItem\",\"position\":1,\"name\":\"Accueil\",\"item\":\"https:\/\/www.safinel.fr\/\"},{\"@type\":\"ListItem\",\"position\":2,\"name\":\"Boutique\",\"item\":\"https:\/\/www.safinel.fr\/boutique\/\"},{\"@type\":\"ListItem\",\"position\":3,\"name\":\"Feuilles de lotus (He Ye \u8377\u53f6)\"}]},{\"@type\":\"WebSite\",\"@id\":\"https:\/\/www.safinel.fr\/#website\",\"url\":\"https:\/\/www.safinel.fr\/\",\"name\":\"Safinel\",\"description\":\"\",\"publisher\":{\"@id\":\"https:\/\/www.safinel.fr\/#organization\"},\"potentialAction\":[{\"@type\":\"SearchAction\",\"target\":{\"@type\":\"EntryPoint\",\"urlTemplate\":\"https:\/\/www.safinel.fr\/?s={search_term_string}\"},\"query-input\":{\"@type\":\"PropertyValueSpecification\",\"valueRequired\":true,\"valueName\":\"search_term_string\"}}],\"inLanguage\":\"it-IT\"},{\"@type\":\"Organization\",\"@id\":\"https:\/\/www.safinel.fr\/#organization\",\"name\":\"Safinel\",\"url\":\"https:\/\/www.safinel.fr\/\",\"logo\":{\"@type\":\"ImageObject\",\"inLanguage\":\"it-IT\",\"@id\":\"https:\/\/www.safinel.fr\/#\/schema\/logo\/image\/\",\"url\":\"https:\/\/www.safinel.fr\/wp-content\/uploads\/2021\/05\/boutique-cosmetique.png\",\"contentUrl\":\"https:\/\/www.safinel.fr\/wp-content\/uploads\/2021\/05\/boutique-cosmetique.png\",\"width\":800,\"height\":200,\"caption\":\"Safinel\"},\"image\":{\"@id\":\"https:\/\/www.safinel.fr\/#\/schema\/logo\/image\/\"}}]}<\/script>\n<!-- \/ Yoast SEO plugin. -->","yoast_head_json":{"title":"Foglia di loto I Nelumbo nucifera I Numerosi benefici","description":"Conoscete la foglia di loto (He ye)? Diffuso in Asia orientale, il loto \u00e8 una pianta acquatica emblematica di questa regione del mondo.","robots":{"index":"index","follow":"follow","max-snippet":"max-snippet:-1","max-image-preview":"max-image-preview:large","max-video-preview":"max-video-preview:-1"},"canonical":"https:\/\/www.safinel.fr\/it\/prodotto\/foglia-di-loto\/","og_locale":"it_IT","og_type":"article","og_title":"Feuille de lotus I Nelumbo nucifera I Bienfaits nombreux","og_description":"Connaissez-vous la\u00a0feuille de lotus (He ye)\u00a0? Largement r\u00e9pandue en Asie orientale, le lotus est une plante aquatique embl\u00e9matique de cette r\u00e9gion du monde.","og_url":"https:\/\/www.safinel.fr\/it\/prodotto\/foglia-di-loto\/","og_site_name":"Safinel","article_modified_time":"2024-11-25T20:46:37+00:00","og_image":[{"width":600,"height":600,"url":"https:\/\/www.safinel.fr\/wp-content\/uploads\/2022\/11\/Feuilles-de-lotus-He-Ye-\u8377\u53f6.jpg","type":"image\/jpeg"}],"twitter_card":"summary_large_image","twitter_misc":{"Tempo di lettura stimato":"4 minuti"},"schema":{"@context":"https:\/\/schema.org","@graph":[{"@type":"WebPage","@id":"https:\/\/www.safinel.fr\/produit\/feuille-de-lotus\/","url":"https:\/\/www.safinel.fr\/produit\/feuille-de-lotus\/","name":"Foglia di loto I Nelumbo nucifera I Numerosi benefici","isPartOf":{"@id":"https:\/\/www.safinel.fr\/#website"},"primaryImageOfPage":{"@id":"https:\/\/www.safinel.fr\/produit\/feuille-de-lotus\/#primaryimage"},"image":{"@id":"https:\/\/www.safinel.fr\/produit\/feuille-de-lotus\/#primaryimage"},"thumbnailUrl":"https:\/\/www.safinel.fr\/wp-content\/uploads\/2022\/11\/Feuilles-de-lotus-He-Ye-\u8377\u53f6.jpg","datePublished":"2022-11-09T18:38:40+00:00","dateModified":"2024-11-25T20:46:37+00:00","description":"Conoscete la foglia di loto (He ye)? Diffuso in Asia orientale, il loto \u00e8 una pianta acquatica emblematica di questa regione del mondo.","breadcrumb":{"@id":"https:\/\/www.safinel.fr\/produit\/feuille-de-lotus\/#breadcrumb"},"inLanguage":"it-IT","potentialAction":[{"@type":"ReadAction","target":["https:\/\/www.safinel.fr\/produit\/feuille-de-lotus\/"]}]},{"@type":"ImageObject","inLanguage":"it-IT","@id":"https:\/\/www.safinel.fr\/produit\/feuille-de-lotus\/#primaryimage","url":"https:\/\/www.safinel.fr\/wp-content\/uploads\/2022\/11\/Feuilles-de-lotus-He-Ye-\u8377\u53f6.jpg","contentUrl":"https:\/\/www.safinel.fr\/wp-content\/uploads\/2022\/11\/Feuilles-de-lotus-He-Ye-\u8377\u53f6.jpg","width":600,"height":600,"caption":"Feuilles de lotus (He Ye \u8377\u53f6)"},{"@type":"BreadcrumbList","@id":"https:\/\/www.safinel.fr\/produit\/feuille-de-lotus\/#breadcrumb","itemListElement":[{"@type":"ListItem","position":1,"name":"Accueil","item":"https:\/\/www.safinel.fr\/"},{"@type":"ListItem","position":2,"name":"Boutique","item":"https:\/\/www.safinel.fr\/boutique\/"},{"@type":"ListItem","position":3,"name":"Feuilles de lotus (He Ye \u8377\u53f6)"}]},{"@type":"WebSite","@id":"https:\/\/www.safinel.fr\/#website","url":"https:\/\/www.safinel.fr\/","name":"Safinel","description":"","publisher":{"@id":"https:\/\/www.safinel.fr\/#organization"},"potentialAction":[{"@type":"SearchAction","target":{"@type":"EntryPoint","urlTemplate":"https:\/\/www.safinel.fr\/?s={search_term_string}"},"query-input":{"@type":"PropertyValueSpecification","valueRequired":true,"valueName":"search_term_string"}}],"inLanguage":"it-IT"},{"@type":"Organization","@id":"https:\/\/www.safinel.fr\/#organization","name":"Safinel","url":"https:\/\/www.safinel.fr\/","logo":{"@type":"ImageObject","inLanguage":"it-IT","@id":"https:\/\/www.safinel.fr\/#\/schema\/logo\/image\/","url":"https:\/\/www.safinel.fr\/wp-content\/uploads\/2021\/05\/boutique-cosmetique.png","contentUrl":"https:\/\/www.safinel.fr\/wp-content\/uploads\/2021\/05\/boutique-cosmetique.png","width":800,"height":200,"caption":"Safinel"},"image":{"@id":"https:\/\/www.safinel.fr\/#\/schema\/logo\/image\/"}}]}},"_links":{"self":[{"href":"https:\/\/www.safinel.fr\/it\/wp-json\/wp\/v2\/product\/3468","targetHints":{"allow":["GET"]}}],"collection":[{"href":"https:\/\/www.safinel.fr\/it\/wp-json\/wp\/v2\/product"}],"about":[{"href":"https:\/\/www.safinel.fr\/it\/wp-json\/wp\/v2\/types\/product"}],"wp:featuredmedia":[{"embeddable":true,"href":"https:\/\/www.safinel.fr\/it\/wp-json\/wp\/v2\/media\/3475"}],"wp:attachment":[{"href":"https:\/\/www.safinel.fr\/it\/wp-json\/wp\/v2\/media?parent=3468"}],"wp:term":[{"taxonomy":"product_brand","embeddable":true,"href":"https:\/\/www.safinel.fr\/it\/wp-json\/wp\/v2\/product_brand?post=3468"},{"taxonomy":"product_cat","embeddable":true,"href":"https:\/\/www.safinel.fr\/it\/wp-json\/wp\/v2\/product_cat?post=3468"},{"taxonomy":"product_tag","embeddable":true,"href":"https:\/\/www.safinel.fr\/it\/wp-json\/wp\/v2\/product_tag?post=3468"}],"curies":[{"name":"wp","href":"https:\/\/api.w.org\/{rel}","templated":true}]}}