{"id":3466,"date":"2022-11-09T17:31:49","date_gmt":"2022-11-09T17:31:49","guid":{"rendered":"https:\/\/www.safinel.fr\/?post_type=product&#038;p=3466"},"modified":"2024-11-26T18:34:41","modified_gmt":"2024-11-26T18:34:41","slug":"strappo-del-lavoro","status":"publish","type":"product","link":"https:\/\/www.safinel.fr\/it\/prodotto\/strappo-del-lavoro\/","title":{"rendered":"Lacrime di Giobbe (Yi yi ren \u858f\u82e1\u4ec1) 100g"},"content":{"rendered":"<p>La pianta nota come \u00ab\u00a0<strong>La lacrima di Giobbe<\/strong>\u201din Europa o<strong>\u00a0yi yi ren<\/strong>\u00a0in Cina \u00e8 davvero impressionante! In origine, nel Sud-Est asiatico era utilizzata soprattutto come pianta alimentare e nella medicina tradizionale. In seguito \u00e8 stata introdotta e coltivata in Europa per la realizzazione di rosari. Oggi la utilizziamo come integratore alimentare per le sue numerose virt\u00f9.<\/p>\n<h2><strong>Per saperne di pi\u00f9 su yi yi rien, o le lacrime di Giobbe (coix lacryma-jobi)...<\/strong><\/h2>\n<p>Dal nome latino\u201c<strong>dado lacryma-jobi<\/strong>\u201dQuesta pianta \u00e8 conosciuta con diversi nomi. \u00c8 nota anche come\u201c<strong>erba del rosario<\/strong>\u201d, \u201c<strong>larmiglia<\/strong>\u201do\u201c<strong>pianta di perle<\/strong>\u201d\u00c8 un membro della famiglia delle graminacee. \u00c8 un membro della famiglia delle graminacee e pu\u00f2 crescere fino a 3 metri di altezza.<\/p>\n<p>Questo \u00e8 un\u00a0<strong>impianto alimentare<\/strong>\u00a0una pianta perenne con numerose propriet\u00e0. \u00c8 stata a lungo utilizzata come cereale nel Sud-Est asiatico. Una volta cotto, il seme assomiglia un po' a una conchiglia di cowrie. Le donne cinesi ne facevano collane per ornarsi. Ma soprattutto fanno parte della medicina tradizionale.<\/p>\n<p>In seguito, il\u00a0<strong>yi yi ren<\/strong>\u00a0\u00e8 stata introdotta e coltivata in Europa, ma per realizzare rosari. \u00c8 l'unica pianta esistente i cui semi sono attraversati dal loro stelo nel suo asse, come perle infilate. Il suo nome deriva dalla forma dei suoi semi, che ricordano le lacrime.<\/p>\n<h2><strong>I benefici della lacerazione di Giobbe<\/strong><\/h2>\n<p>Nelle aree tropicali, il\u00a0<strong>dado lacryma-jobi\u00a0<\/strong>\u00e8 sempre stata utilizzata come rimedio naturale per numerosi disturbi. I suoi semi contengono molti principi attivi, tra cui i gliceridi dell'acido palmitico. Contiene inoltre minerali come calcio, fosforo, ferro, magnesio, sodio e potassio. Infine, contiene diverse vitamine dei gruppi A, B (B1, B2, B6, B12) e C.<\/p>\n<p>Il\u00a0<strong>Le lacrime di Giobbe<\/strong>\u00a0sono tradizionalmente utilizzati per alleviare un'ampia gamma di problemi di salute. Tuttavia, una ricerca seria ha rivelato ancora pi\u00f9 virt\u00f9! Tra le malattie che pu\u00f2 alleviare ci sono le allergie, gli edemi polmonari e intestinali, il mal di denti, le intossicazioni alimentari, la ritenzione idrica, la diarrea, i reumatismi, il colesterolo cattivo, le verruche, i problemi della pelle...<\/p>\n<h3><strong>Propriet\u00e0 di coix lacryma-jobi<\/strong><\/h3>\n<ul>\n<li><strong><a href=\"https:\/\/www.safinel.fr\/it\/prodotto\/gambi-di-ciliegio\/\">Diuretico<\/a> :\u00a0<\/strong>Aumenta la secrezione urinaria. \u00c8 quindi un trattamento efficace per la ritenzione idrica, l'ipertensione, l'edema e l'insufficienza cardiaca.<\/li>\n<li><strong>Analgesico :\u00a0<\/strong>Lenisce il dolore. Infatti, il\u00a0<strong>yi yi ren<\/strong>\u00a0\u00e8 tradizionalmente utilizzato per lenire il mal di denti e altri disturbi.<\/li>\n<li><strong>Regola gli ormoni :<\/strong>\u00a0Capacit\u00e0 di ridurre alcuni ormoni, come il progesterone e il testosterone. \u00c8 stato inoltre dimostrato che riduce drasticamente i dolori mestruali.<\/li>\n<li><strong>Tonico generale per il sistema immunitario e nervoso:<\/strong>\u00a0Grazie alle sue propriet\u00e0\u00a0<strong>dado lacryma-jobi<\/strong>\u00a0calma gli stati nervosi e rafforza il sistema immunitario in generale.<\/li>\n<li><strong>Anticolesterolo :<\/strong>\u00a0Uno studio condotto sui topi ha mostrato un effetto sulla riduzione del colesterolo cattivo (somministrando loro\u00a0<strong>Lacrima di Giobbe)<\/strong>.<\/li>\n<li><strong>Farmaci antitumorali :\u00a0<\/strong>In Cina, alcuni studi hanno dimostrato un effetto positivo sul trattamento dei tumori del pancreas, del colon, del fegato, del polmone e del seno, oltre che della leucemia.<\/li>\n<\/ul>","protected":false},"excerpt":{"rendered":"<p>La pianta chiamata \u00ablacrima di Giobbe\u201d in Europa o yi yi ren in Cina \u00e8 davvero impressionante! In origine era utilizzata principalmente come pianta alimentare e nella medicina tradizionale del Sud-Est asiatico. Successivamente \u00e8 stata introdotta e coltivata in Europa per la produzione di rosari. Oggi la utilizziamo come [...]","protected":false},"featured_media":3467,"template":"","meta":[],"product_brand":[],"product_cat":[108],"product_tag":[],"class_list":{"0":"post-3466","1":"product","2":"type-product","3":"status-publish","4":"has-post-thumbnail","6":"product_cat-plantes-asiatiques","8":"first","9":"outofstock","10":"shipping-taxable","11":"purchasable","12":"product-type-simple"},"yoast_head":"<!-- This site is optimized with the Yoast SEO plugin v26.6 - https:\/\/yoast.com\/wordpress\/plugins\/seo\/ -->\n<title>Larme de Job I Yi Yi Ren I Plante aux bienfaits nombreux<\/title>\n<meta name=\"description\" content=\"La plante appel\u00e9e &quot;larme de Job\u201d en Europe ou\u00a0yi yi ren\u00a0en Chine est vraiment impressionnante ! D\u00e9couvrez-l\u00e0 sans plus attendre !\" \/>\n<meta name=\"robots\" content=\"index, follow, max-snippet:-1, max-image-preview:large, max-video-preview:-1\" \/>\n<link rel=\"canonical\" href=\"https:\/\/www.safinel.fr\/it\/prodotto\/strappo-del-lavoro\/\" \/>\n<meta property=\"og:locale\" content=\"it_IT\" \/>\n<meta property=\"og:type\" content=\"article\" \/>\n<meta property=\"og:title\" content=\"Larme de Job I Yi Yi Ren I Plante aux bienfaits nombreux\" \/>\n<meta property=\"og:description\" content=\"La plante appel\u00e9e &quot;larme de Job\u201d en Europe ou\u00a0yi yi ren\u00a0en Chine est vraiment impressionnante ! D\u00e9couvrez-l\u00e0 sans plus attendre !\" \/>\n<meta property=\"og:url\" content=\"https:\/\/www.safinel.fr\/it\/prodotto\/strappo-del-lavoro\/\" \/>\n<meta property=\"og:site_name\" content=\"Safinel\" \/>\n<meta property=\"article:modified_time\" content=\"2024-11-26T18:34:41+00:00\" \/>\n<meta property=\"og:image\" content=\"https:\/\/www.safinel.fr\/wp-content\/uploads\/2022\/11\/larme-de-job-Yi-yi-ren.jpg\" \/>\n\t<meta property=\"og:image:width\" content=\"600\" \/>\n\t<meta property=\"og:image:height\" content=\"600\" \/>\n\t<meta property=\"og:image:type\" content=\"image\/jpeg\" \/>\n<meta name=\"twitter:card\" content=\"summary_large_image\" \/>\n<meta name=\"twitter:label1\" content=\"Tempo di lettura stimato\" \/>\n\t<meta name=\"twitter:data1\" content=\"3 minuti\" \/>\n<script type=\"application\/ld+json\" class=\"yoast-schema-graph\">{\"@context\":\"https:\/\/schema.org\",\"@graph\":[{\"@type\":\"WebPage\",\"@id\":\"https:\/\/www.safinel.fr\/produit\/larme-de-job\/\",\"url\":\"https:\/\/www.safinel.fr\/produit\/larme-de-job\/\",\"name\":\"Larme de Job I Yi Yi Ren I Plante aux bienfaits nombreux\",\"isPartOf\":{\"@id\":\"https:\/\/www.safinel.fr\/#website\"},\"primaryImageOfPage\":{\"@id\":\"https:\/\/www.safinel.fr\/produit\/larme-de-job\/#primaryimage\"},\"image\":{\"@id\":\"https:\/\/www.safinel.fr\/produit\/larme-de-job\/#primaryimage\"},\"thumbnailUrl\":\"https:\/\/www.safinel.fr\/wp-content\/uploads\/2022\/11\/larme-de-job-Yi-yi-ren.jpg\",\"datePublished\":\"2022-11-09T17:31:49+00:00\",\"dateModified\":\"2024-11-26T18:34:41+00:00\",\"description\":\"La plante appel\u00e9e \\\"larme de Job\u201d en Europe ou\u00a0yi yi ren\u00a0en Chine est vraiment impressionnante ! D\u00e9couvrez-l\u00e0 sans plus attendre !\",\"breadcrumb\":{\"@id\":\"https:\/\/www.safinel.fr\/produit\/larme-de-job\/#breadcrumb\"},\"inLanguage\":\"it-IT\",\"potentialAction\":[{\"@type\":\"ReadAction\",\"target\":[\"https:\/\/www.safinel.fr\/produit\/larme-de-job\/\"]}]},{\"@type\":\"ImageObject\",\"inLanguage\":\"it-IT\",\"@id\":\"https:\/\/www.safinel.fr\/produit\/larme-de-job\/#primaryimage\",\"url\":\"https:\/\/www.safinel.fr\/wp-content\/uploads\/2022\/11\/larme-de-job-Yi-yi-ren.jpg\",\"contentUrl\":\"https:\/\/www.safinel.fr\/wp-content\/uploads\/2022\/11\/larme-de-job-Yi-yi-ren.jpg\",\"width\":600,\"height\":600,\"caption\":\"Larmes de Job (Yi yi ren \u858f\u82e1\u4ec1) 100g\"},{\"@type\":\"BreadcrumbList\",\"@id\":\"https:\/\/www.safinel.fr\/produit\/larme-de-job\/#breadcrumb\",\"itemListElement\":[{\"@type\":\"ListItem\",\"position\":1,\"name\":\"Accueil\",\"item\":\"https:\/\/www.safinel.fr\/\"},{\"@type\":\"ListItem\",\"position\":2,\"name\":\"Boutique\",\"item\":\"https:\/\/www.safinel.fr\/boutique\/\"},{\"@type\":\"ListItem\",\"position\":3,\"name\":\"Larmes de Job (Yi yi ren \u858f\u82e1\u4ec1) 100g\"}]},{\"@type\":\"WebSite\",\"@id\":\"https:\/\/www.safinel.fr\/#website\",\"url\":\"https:\/\/www.safinel.fr\/\",\"name\":\"Safinel\",\"description\":\"\",\"publisher\":{\"@id\":\"https:\/\/www.safinel.fr\/#organization\"},\"potentialAction\":[{\"@type\":\"SearchAction\",\"target\":{\"@type\":\"EntryPoint\",\"urlTemplate\":\"https:\/\/www.safinel.fr\/?s={search_term_string}\"},\"query-input\":{\"@type\":\"PropertyValueSpecification\",\"valueRequired\":true,\"valueName\":\"search_term_string\"}}],\"inLanguage\":\"it-IT\"},{\"@type\":\"Organization\",\"@id\":\"https:\/\/www.safinel.fr\/#organization\",\"name\":\"Safinel\",\"url\":\"https:\/\/www.safinel.fr\/\",\"logo\":{\"@type\":\"ImageObject\",\"inLanguage\":\"it-IT\",\"@id\":\"https:\/\/www.safinel.fr\/#\/schema\/logo\/image\/\",\"url\":\"https:\/\/www.safinel.fr\/wp-content\/uploads\/2021\/05\/boutique-cosmetique.png\",\"contentUrl\":\"https:\/\/www.safinel.fr\/wp-content\/uploads\/2021\/05\/boutique-cosmetique.png\",\"width\":800,\"height\":200,\"caption\":\"Safinel\"},\"image\":{\"@id\":\"https:\/\/www.safinel.fr\/#\/schema\/logo\/image\/\"}}]}<\/script>\n<!-- \/ Yoast SEO plugin. -->","yoast_head_json":{"title":"Lacrima di lavoro I Yi Yi Ren I Pianta con molti benefici","description":"La pianta nota come \"lacrima di Giobbe\u201d in Europa o yi yi ren in Cina \u00e8 davvero impressionante! Scopritela subito!","robots":{"index":"index","follow":"follow","max-snippet":"max-snippet:-1","max-image-preview":"max-image-preview:large","max-video-preview":"max-video-preview:-1"},"canonical":"https:\/\/www.safinel.fr\/it\/prodotto\/strappo-del-lavoro\/","og_locale":"it_IT","og_type":"article","og_title":"Larme de Job I Yi Yi Ren I Plante aux bienfaits nombreux","og_description":"La plante appel\u00e9e \"larme de Job\u201d en Europe ou\u00a0yi yi ren\u00a0en Chine est vraiment impressionnante ! D\u00e9couvrez-l\u00e0 sans plus attendre !","og_url":"https:\/\/www.safinel.fr\/it\/prodotto\/strappo-del-lavoro\/","og_site_name":"Safinel","article_modified_time":"2024-11-26T18:34:41+00:00","og_image":[{"width":600,"height":600,"url":"https:\/\/www.safinel.fr\/wp-content\/uploads\/2022\/11\/larme-de-job-Yi-yi-ren.jpg","type":"image\/jpeg"}],"twitter_card":"summary_large_image","twitter_misc":{"Tempo di lettura stimato":"3 minuti"},"schema":{"@context":"https:\/\/schema.org","@graph":[{"@type":"WebPage","@id":"https:\/\/www.safinel.fr\/produit\/larme-de-job\/","url":"https:\/\/www.safinel.fr\/produit\/larme-de-job\/","name":"Lacrima di lavoro I Yi Yi Ren I Pianta con molti benefici","isPartOf":{"@id":"https:\/\/www.safinel.fr\/#website"},"primaryImageOfPage":{"@id":"https:\/\/www.safinel.fr\/produit\/larme-de-job\/#primaryimage"},"image":{"@id":"https:\/\/www.safinel.fr\/produit\/larme-de-job\/#primaryimage"},"thumbnailUrl":"https:\/\/www.safinel.fr\/wp-content\/uploads\/2022\/11\/larme-de-job-Yi-yi-ren.jpg","datePublished":"2022-11-09T17:31:49+00:00","dateModified":"2024-11-26T18:34:41+00:00","description":"La pianta nota come \"lacrima di Giobbe\u201d in Europa o yi yi ren in Cina \u00e8 davvero impressionante! Scopritela subito!","breadcrumb":{"@id":"https:\/\/www.safinel.fr\/produit\/larme-de-job\/#breadcrumb"},"inLanguage":"it-IT","potentialAction":[{"@type":"ReadAction","target":["https:\/\/www.safinel.fr\/produit\/larme-de-job\/"]}]},{"@type":"ImageObject","inLanguage":"it-IT","@id":"https:\/\/www.safinel.fr\/produit\/larme-de-job\/#primaryimage","url":"https:\/\/www.safinel.fr\/wp-content\/uploads\/2022\/11\/larme-de-job-Yi-yi-ren.jpg","contentUrl":"https:\/\/www.safinel.fr\/wp-content\/uploads\/2022\/11\/larme-de-job-Yi-yi-ren.jpg","width":600,"height":600,"caption":"Larmes de Job (Yi yi ren \u858f\u82e1\u4ec1) 100g"},{"@type":"BreadcrumbList","@id":"https:\/\/www.safinel.fr\/produit\/larme-de-job\/#breadcrumb","itemListElement":[{"@type":"ListItem","position":1,"name":"Accueil","item":"https:\/\/www.safinel.fr\/"},{"@type":"ListItem","position":2,"name":"Boutique","item":"https:\/\/www.safinel.fr\/boutique\/"},{"@type":"ListItem","position":3,"name":"Larmes de Job (Yi yi ren \u858f\u82e1\u4ec1) 100g"}]},{"@type":"WebSite","@id":"https:\/\/www.safinel.fr\/#website","url":"https:\/\/www.safinel.fr\/","name":"Safinel","description":"","publisher":{"@id":"https:\/\/www.safinel.fr\/#organization"},"potentialAction":[{"@type":"SearchAction","target":{"@type":"EntryPoint","urlTemplate":"https:\/\/www.safinel.fr\/?s={search_term_string}"},"query-input":{"@type":"PropertyValueSpecification","valueRequired":true,"valueName":"search_term_string"}}],"inLanguage":"it-IT"},{"@type":"Organization","@id":"https:\/\/www.safinel.fr\/#organization","name":"Safinel","url":"https:\/\/www.safinel.fr\/","logo":{"@type":"ImageObject","inLanguage":"it-IT","@id":"https:\/\/www.safinel.fr\/#\/schema\/logo\/image\/","url":"https:\/\/www.safinel.fr\/wp-content\/uploads\/2021\/05\/boutique-cosmetique.png","contentUrl":"https:\/\/www.safinel.fr\/wp-content\/uploads\/2021\/05\/boutique-cosmetique.png","width":800,"height":200,"caption":"Safinel"},"image":{"@id":"https:\/\/www.safinel.fr\/#\/schema\/logo\/image\/"}}]}},"_links":{"self":[{"href":"https:\/\/www.safinel.fr\/it\/wp-json\/wp\/v2\/product\/3466","targetHints":{"allow":["GET"]}}],"collection":[{"href":"https:\/\/www.safinel.fr\/it\/wp-json\/wp\/v2\/product"}],"about":[{"href":"https:\/\/www.safinel.fr\/it\/wp-json\/wp\/v2\/types\/product"}],"wp:featuredmedia":[{"embeddable":true,"href":"https:\/\/www.safinel.fr\/it\/wp-json\/wp\/v2\/media\/3467"}],"wp:attachment":[{"href":"https:\/\/www.safinel.fr\/it\/wp-json\/wp\/v2\/media?parent=3466"}],"wp:term":[{"taxonomy":"product_brand","embeddable":true,"href":"https:\/\/www.safinel.fr\/it\/wp-json\/wp\/v2\/product_brand?post=3466"},{"taxonomy":"product_cat","embeddable":true,"href":"https:\/\/www.safinel.fr\/it\/wp-json\/wp\/v2\/product_cat?post=3466"},{"taxonomy":"product_tag","embeddable":true,"href":"https:\/\/www.safinel.fr\/it\/wp-json\/wp\/v2\/product_tag?post=3466"}],"curies":[{"name":"wp","href":"https:\/\/api.w.org\/{rel}","templated":true}]}}