{"id":3452,"date":"2022-11-07T17:37:34","date_gmt":"2022-11-07T17:37:34","guid":{"rendered":"https:\/\/www.safinel.fr\/?post_type=product&#038;p=3452"},"modified":"2024-11-25T20:45:40","modified_gmt":"2024-11-25T20:45:40","slug":"radici-di-platycodon-jie-geng","status":"publish","type":"product","link":"https:\/\/www.safinel.fr\/it\/prodotto\/radici-di-platycodon-jie-geng\/","title":{"rendered":"Jie geng (radice di Platycodon \u6854\u6897) 100g"},"content":{"rendered":"<p>Originario di Asia Jie geng\u00a0<strong>radici di platycodon<\/strong>\u00a0<strong>grandiflorus<\/strong>\u00a0o radici di\u00a0<strong>fiori blu a palloncino\u00a0<\/strong>contengono molte propriet\u00e0 medicinali. Tra le altre cose, vi aiuteranno a\u00a0<strong>un inverno migliore\u00a0<\/strong>! Scoprite subito tutti i loro vantaggi!<\/p>\n<h2><strong>Cosa sono le radici di platycodon Jie geng?<\/strong><\/h2>\n<p>La\u00a0<strong>palloncino blu a fiore<\/strong>\u00a0(o platycodon in latino che significa \u00ab\u00a0<strong>campana grande<\/strong>\u00a0\u00bb) \u00e8 una pianta perenne importata dall'Asia orientale. Produce grandi e sublimi fiori blu\/viola a forma di campana, da cui il nome latino.<\/p>\n<p>Il suo nome comune \u00ab\u00a0<strong>palloncino blu a fiore<\/strong>\u00a0\u00bbRiflette anche ci\u00f2 che rende questa pianta un fiore cos\u00ec speciale. I suoi boccioli blu si gonfiano man mano che maturano (come un palloncino) e alla fine scoppiano in una magnifica stella a cinque punte.<\/p>\n<p>\u00c8 un fiore ornamentale e sublime da ammirare. Tuttavia, non \u00e8 tutto: la sua radice \u00e8 una\u00a0<strong>pianta commestibile medicinale molto ben collaudata<\/strong>\u00a0!<\/p>\n<p>Si trova nei mercati di tutta l'Asia, dove \u00e8 molto popolare. Costituisce un piatto molto amato dai coreani: \u00ab\u00a0<strong>doraji-muchim<\/strong>\u00a0\u00bb.<\/p>\n<p>La radice ha un\u00a0<strong>nocciola<\/strong>\u00a0con un lato\u00a0<strong>amaro.<\/strong>\u00a0Questo la rende una radice il cui aroma e la cui consistenza sono spesso paragonati al \u00ab\u00a0<strong>ginseng \u00bb<\/strong>.<\/p>\n<p>Come potete vedere, si mangia come una vera e propria verdura. In Corea viene consumato soprattutto nel \u00ab\u00a0<strong>bibimbap \u00bb<\/strong>\u00a0o servito come contorno con una salsa agrodolce piccante.<\/p>\n<h2><strong>Le virt\u00f9 medicinali delle radici di platycodon Ji Geng<\/strong><\/h2>\n<p>Le radici del Platycodon vengono conservate anche per scopi medicinali.<\/p>\n<p>Sono ricche di saponine chiamate platycosidi. Queste hanno numerose propriet\u00e0 salutari. Queste includono :<\/p>\n<ul>\n<li>Antimicrobico ;<\/li>\n<li>Antibatterico ;<\/li>\n<li>Anche antitumorale.<\/li>\n<\/ul>\n<p>Uno studio scientifico ha inoltre dimostrato che\u00a0<strong>radici di platycodin<\/strong>\u00a0Aiuto\u00a0<strong>ridurre il colesterolo<\/strong>.<\/p>\n<p>Infine, in Corea, le radici di platycodin sono utilizzate sotto forma di t\u00e8 (il \u00ab\u00a0<strong>doraji cha<\/strong>\u00a0\u00bb) per i loro benefici sulla salute. Fanno parte del\u00a0<strong>medicina tradizionale coreana<\/strong>\u00a0tra gli altri, e sono un rimedio per\u00a0<strong>Raffreddore comune<\/strong>, il\u00a0<strong>tosse\u00a0<\/strong>e altri\u00a0<strong>malattie respiratorie<\/strong>.<\/p>\n<h3><strong>Come utilizzare le radici di grandiflorus?<\/strong><\/h3>\n<p>Come si vede, la radice di platycodon ha molti benefici che i coreani sanno sfruttare. Sono anche uno degli ingredienti utilizzati in\u00a0<strong>Medicina cinese<\/strong>. Anche voi potete beneficiare delle radici di platycodon nella vostra vita quotidiana includendole nella vostra dieta.<\/p>\n<ul>\n<li>Innanzitutto, potete mangiare le radici di platycodon in forma cruda provando le deliziose ricette coreane (<strong>bibimbap<\/strong>\u00a0e\u00a0<strong>doraji-muchim<\/strong>).<\/li>\n<\/ul>\n<ul>\n<li>Poi si pu\u00f2 fare un\u00a0<a href=\"https:\/\/www.safinel.fr\/it\/categoria-prodotto\/tisane\/\"><strong>t\u00e8<\/strong><\/a>\u00a0o un\u00a0<a href=\"https:\/\/www.safinel.fr\/it\/categoria-prodotto\/bevanda-afrodisiaca-africana\/\"><strong>bevanda<\/strong><\/a>\u00a0in cui potete aggiungere la vostra pianta. In questo modo, potrete beneficiare delle sue propriet\u00e0 medicinali per tutto l'inverno!<\/li>\n<\/ul>\n<ul>\n<li>Infine, date libero sfogo alla vostra fantasia e preparate le radici di platycodon come preferite!<\/li>\n<\/ul>\n<p>Le piante medicinali sono molto efficaci per alleviare molti disturbi, ma non sostituiscono il trattamento medico.<\/p>\n<p>Inoltre, se state seguendo un trattamento medico, chiedete sempre il parere del vostro medico prima di assumere qualsiasi integratore.<\/p>","protected":false},"excerpt":{"rendered":"<p>Originario dell'Asia, il Jie geng, le radici del platycodon grandiflorus, o radici dei fiori blu, contengono molte propriet\u00e0 medicinali. Tra le altre cose, vi aiuteranno a trascorrere un inverno migliore! Scoprite subito tutti i loro benefici! Cosa sono le radici di Jie geng bluebell? Il fiore blu (o platycodon in latino, che significa \u00abgrande campana\u00bb) \u00e8 una pianta che cresce [...].","protected":false},"featured_media":3453,"template":"","meta":[],"product_brand":[],"product_cat":[108],"product_tag":[],"class_list":{"0":"post-3452","1":"product","2":"type-product","3":"status-publish","4":"has-post-thumbnail","6":"product_cat-plantes-asiatiques","8":"first","9":"outofstock","10":"shipping-taxable","11":"purchasable","12":"product-type-simple"},"yoast_head":"<!-- This site is optimized with the Yoast SEO plugin v26.6 - https:\/\/yoast.com\/wordpress\/plugins\/seo\/ -->\n<title>Jie geng I Platycodon grandiflorus I Bienfaits nombreux<\/title>\n<meta name=\"description\" content=\"Originaires d\u2019Asie Jie geng les\u00a0racines de platycodon\u00a0grandiflorus\u00a0ou racines de\u00a0fleurs de ballons bleues\u00a0renferment de nombreuses propri\u00e9t\u00e9s m\u00e9dicinales.\" \/>\n<meta name=\"robots\" content=\"index, follow, max-snippet:-1, max-image-preview:large, max-video-preview:-1\" \/>\n<link rel=\"canonical\" href=\"https:\/\/www.safinel.fr\/it\/prodotto\/radici-di-platycodon-jie-geng\/\" \/>\n<meta property=\"og:locale\" content=\"it_IT\" \/>\n<meta property=\"og:type\" content=\"article\" \/>\n<meta property=\"og:title\" content=\"Jie geng I Platycodon grandiflorus I Bienfaits nombreux\" \/>\n<meta property=\"og:description\" content=\"Originaires d\u2019Asie Jie geng les\u00a0racines de platycodon\u00a0grandiflorus\u00a0ou racines de\u00a0fleurs de ballons bleues\u00a0renferment de nombreuses propri\u00e9t\u00e9s m\u00e9dicinales.\" \/>\n<meta property=\"og:url\" content=\"https:\/\/www.safinel.fr\/it\/prodotto\/radici-di-platycodon-jie-geng\/\" \/>\n<meta property=\"og:site_name\" content=\"Safinel\" \/>\n<meta property=\"article:modified_time\" content=\"2024-11-25T20:45:40+00:00\" \/>\n<meta property=\"og:image\" content=\"https:\/\/www.safinel.fr\/wp-content\/uploads\/2022\/11\/Jie-geng.jpg\" \/>\n\t<meta property=\"og:image:width\" content=\"600\" \/>\n\t<meta property=\"og:image:height\" content=\"600\" \/>\n\t<meta property=\"og:image:type\" content=\"image\/jpeg\" \/>\n<meta name=\"twitter:card\" content=\"summary_large_image\" \/>\n<meta name=\"twitter:label1\" content=\"Tempo di lettura stimato\" \/>\n\t<meta name=\"twitter:data1\" content=\"3 minuti\" \/>\n<script type=\"application\/ld+json\" class=\"yoast-schema-graph\">{\"@context\":\"https:\/\/schema.org\",\"@graph\":[{\"@type\":\"WebPage\",\"@id\":\"https:\/\/www.safinel.fr\/produit\/jie-geng-racines-de-platycodon\/\",\"url\":\"https:\/\/www.safinel.fr\/produit\/jie-geng-racines-de-platycodon\/\",\"name\":\"Jie geng I Platycodon grandiflorus I Bienfaits nombreux\",\"isPartOf\":{\"@id\":\"https:\/\/www.safinel.fr\/#website\"},\"primaryImageOfPage\":{\"@id\":\"https:\/\/www.safinel.fr\/produit\/jie-geng-racines-de-platycodon\/#primaryimage\"},\"image\":{\"@id\":\"https:\/\/www.safinel.fr\/produit\/jie-geng-racines-de-platycodon\/#primaryimage\"},\"thumbnailUrl\":\"https:\/\/www.safinel.fr\/wp-content\/uploads\/2022\/11\/Jie-geng.jpg\",\"datePublished\":\"2022-11-07T17:37:34+00:00\",\"dateModified\":\"2024-11-25T20:45:40+00:00\",\"description\":\"Originaires d\u2019Asie Jie geng les\u00a0racines de platycodon\u00a0grandiflorus\u00a0ou racines de\u00a0fleurs de ballons bleues\u00a0renferment de nombreuses propri\u00e9t\u00e9s m\u00e9dicinales.\",\"breadcrumb\":{\"@id\":\"https:\/\/www.safinel.fr\/produit\/jie-geng-racines-de-platycodon\/#breadcrumb\"},\"inLanguage\":\"it-IT\",\"potentialAction\":[{\"@type\":\"ReadAction\",\"target\":[\"https:\/\/www.safinel.fr\/produit\/jie-geng-racines-de-platycodon\/\"]}]},{\"@type\":\"ImageObject\",\"inLanguage\":\"it-IT\",\"@id\":\"https:\/\/www.safinel.fr\/produit\/jie-geng-racines-de-platycodon\/#primaryimage\",\"url\":\"https:\/\/www.safinel.fr\/wp-content\/uploads\/2022\/11\/Jie-geng.jpg\",\"contentUrl\":\"https:\/\/www.safinel.fr\/wp-content\/uploads\/2022\/11\/Jie-geng.jpg\",\"width\":600,\"height\":600,\"caption\":\"Jie geng (Racines de Platycodon \u6854\u6897) 100g\"},{\"@type\":\"BreadcrumbList\",\"@id\":\"https:\/\/www.safinel.fr\/produit\/jie-geng-racines-de-platycodon\/#breadcrumb\",\"itemListElement\":[{\"@type\":\"ListItem\",\"position\":1,\"name\":\"Accueil\",\"item\":\"https:\/\/www.safinel.fr\/\"},{\"@type\":\"ListItem\",\"position\":2,\"name\":\"Boutique\",\"item\":\"https:\/\/www.safinel.fr\/boutique\/\"},{\"@type\":\"ListItem\",\"position\":3,\"name\":\"Jie geng (Racines de Platycodon \u6854\u6897) 100g\"}]},{\"@type\":\"WebSite\",\"@id\":\"https:\/\/www.safinel.fr\/#website\",\"url\":\"https:\/\/www.safinel.fr\/\",\"name\":\"Safinel\",\"description\":\"\",\"publisher\":{\"@id\":\"https:\/\/www.safinel.fr\/#organization\"},\"potentialAction\":[{\"@type\":\"SearchAction\",\"target\":{\"@type\":\"EntryPoint\",\"urlTemplate\":\"https:\/\/www.safinel.fr\/?s={search_term_string}\"},\"query-input\":{\"@type\":\"PropertyValueSpecification\",\"valueRequired\":true,\"valueName\":\"search_term_string\"}}],\"inLanguage\":\"it-IT\"},{\"@type\":\"Organization\",\"@id\":\"https:\/\/www.safinel.fr\/#organization\",\"name\":\"Safinel\",\"url\":\"https:\/\/www.safinel.fr\/\",\"logo\":{\"@type\":\"ImageObject\",\"inLanguage\":\"it-IT\",\"@id\":\"https:\/\/www.safinel.fr\/#\/schema\/logo\/image\/\",\"url\":\"https:\/\/www.safinel.fr\/wp-content\/uploads\/2021\/05\/boutique-cosmetique.png\",\"contentUrl\":\"https:\/\/www.safinel.fr\/wp-content\/uploads\/2021\/05\/boutique-cosmetique.png\",\"width\":800,\"height\":200,\"caption\":\"Safinel\"},\"image\":{\"@id\":\"https:\/\/www.safinel.fr\/#\/schema\/logo\/image\/\"}}]}<\/script>\n<!-- \/ Yoast SEO plugin. -->","yoast_head_json":{"title":"Jie geng I Platycodon grandiflorus I Numerosi benefici","description":"Originario dell'Asia il Jie geng, le radici del platycodon grandiflorus o radici del fiore del palloncino blu, contengono numerose propriet\u00e0 medicinali.","robots":{"index":"index","follow":"follow","max-snippet":"max-snippet:-1","max-image-preview":"max-image-preview:large","max-video-preview":"max-video-preview:-1"},"canonical":"https:\/\/www.safinel.fr\/it\/prodotto\/radici-di-platycodon-jie-geng\/","og_locale":"it_IT","og_type":"article","og_title":"Jie geng I Platycodon grandiflorus I Bienfaits nombreux","og_description":"Originaires d\u2019Asie Jie geng les\u00a0racines de platycodon\u00a0grandiflorus\u00a0ou racines de\u00a0fleurs de ballons bleues\u00a0renferment de nombreuses propri\u00e9t\u00e9s m\u00e9dicinales.","og_url":"https:\/\/www.safinel.fr\/it\/prodotto\/radici-di-platycodon-jie-geng\/","og_site_name":"Safinel","article_modified_time":"2024-11-25T20:45:40+00:00","og_image":[{"width":600,"height":600,"url":"https:\/\/www.safinel.fr\/wp-content\/uploads\/2022\/11\/Jie-geng.jpg","type":"image\/jpeg"}],"twitter_card":"summary_large_image","twitter_misc":{"Tempo di lettura stimato":"3 minuti"},"schema":{"@context":"https:\/\/schema.org","@graph":[{"@type":"WebPage","@id":"https:\/\/www.safinel.fr\/produit\/jie-geng-racines-de-platycodon\/","url":"https:\/\/www.safinel.fr\/produit\/jie-geng-racines-de-platycodon\/","name":"Jie geng I Platycodon grandiflorus I Numerosi benefici","isPartOf":{"@id":"https:\/\/www.safinel.fr\/#website"},"primaryImageOfPage":{"@id":"https:\/\/www.safinel.fr\/produit\/jie-geng-racines-de-platycodon\/#primaryimage"},"image":{"@id":"https:\/\/www.safinel.fr\/produit\/jie-geng-racines-de-platycodon\/#primaryimage"},"thumbnailUrl":"https:\/\/www.safinel.fr\/wp-content\/uploads\/2022\/11\/Jie-geng.jpg","datePublished":"2022-11-07T17:37:34+00:00","dateModified":"2024-11-25T20:45:40+00:00","description":"Originario dell'Asia il Jie geng, le radici del platycodon grandiflorus o radici del fiore del palloncino blu, contengono numerose propriet\u00e0 medicinali.","breadcrumb":{"@id":"https:\/\/www.safinel.fr\/produit\/jie-geng-racines-de-platycodon\/#breadcrumb"},"inLanguage":"it-IT","potentialAction":[{"@type":"ReadAction","target":["https:\/\/www.safinel.fr\/produit\/jie-geng-racines-de-platycodon\/"]}]},{"@type":"ImageObject","inLanguage":"it-IT","@id":"https:\/\/www.safinel.fr\/produit\/jie-geng-racines-de-platycodon\/#primaryimage","url":"https:\/\/www.safinel.fr\/wp-content\/uploads\/2022\/11\/Jie-geng.jpg","contentUrl":"https:\/\/www.safinel.fr\/wp-content\/uploads\/2022\/11\/Jie-geng.jpg","width":600,"height":600,"caption":"Jie geng (Racines de Platycodon \u6854\u6897) 100g"},{"@type":"BreadcrumbList","@id":"https:\/\/www.safinel.fr\/produit\/jie-geng-racines-de-platycodon\/#breadcrumb","itemListElement":[{"@type":"ListItem","position":1,"name":"Accueil","item":"https:\/\/www.safinel.fr\/"},{"@type":"ListItem","position":2,"name":"Boutique","item":"https:\/\/www.safinel.fr\/boutique\/"},{"@type":"ListItem","position":3,"name":"Jie geng (Racines de Platycodon \u6854\u6897) 100g"}]},{"@type":"WebSite","@id":"https:\/\/www.safinel.fr\/#website","url":"https:\/\/www.safinel.fr\/","name":"Safinel","description":"","publisher":{"@id":"https:\/\/www.safinel.fr\/#organization"},"potentialAction":[{"@type":"SearchAction","target":{"@type":"EntryPoint","urlTemplate":"https:\/\/www.safinel.fr\/?s={search_term_string}"},"query-input":{"@type":"PropertyValueSpecification","valueRequired":true,"valueName":"search_term_string"}}],"inLanguage":"it-IT"},{"@type":"Organization","@id":"https:\/\/www.safinel.fr\/#organization","name":"Safinel","url":"https:\/\/www.safinel.fr\/","logo":{"@type":"ImageObject","inLanguage":"it-IT","@id":"https:\/\/www.safinel.fr\/#\/schema\/logo\/image\/","url":"https:\/\/www.safinel.fr\/wp-content\/uploads\/2021\/05\/boutique-cosmetique.png","contentUrl":"https:\/\/www.safinel.fr\/wp-content\/uploads\/2021\/05\/boutique-cosmetique.png","width":800,"height":200,"caption":"Safinel"},"image":{"@id":"https:\/\/www.safinel.fr\/#\/schema\/logo\/image\/"}}]}},"_links":{"self":[{"href":"https:\/\/www.safinel.fr\/it\/wp-json\/wp\/v2\/product\/3452","targetHints":{"allow":["GET"]}}],"collection":[{"href":"https:\/\/www.safinel.fr\/it\/wp-json\/wp\/v2\/product"}],"about":[{"href":"https:\/\/www.safinel.fr\/it\/wp-json\/wp\/v2\/types\/product"}],"wp:featuredmedia":[{"embeddable":true,"href":"https:\/\/www.safinel.fr\/it\/wp-json\/wp\/v2\/media\/3453"}],"wp:attachment":[{"href":"https:\/\/www.safinel.fr\/it\/wp-json\/wp\/v2\/media?parent=3452"}],"wp:term":[{"taxonomy":"product_brand","embeddable":true,"href":"https:\/\/www.safinel.fr\/it\/wp-json\/wp\/v2\/product_brand?post=3452"},{"taxonomy":"product_cat","embeddable":true,"href":"https:\/\/www.safinel.fr\/it\/wp-json\/wp\/v2\/product_cat?post=3452"},{"taxonomy":"product_tag","embeddable":true,"href":"https:\/\/www.safinel.fr\/it\/wp-json\/wp\/v2\/product_tag?post=3452"}],"curies":[{"name":"wp","href":"https:\/\/api.w.org\/{rel}","templated":true}]}}