{"id":3347,"date":"2022-09-30T18:43:43","date_gmt":"2022-09-30T18:43:43","guid":{"rendered":"https:\/\/www.safinel.fr\/?post_type=product&#038;p=3347"},"modified":"2023-12-28T17:15:39","modified_gmt":"2023-12-28T17:15:39","slug":"olio-di-roucou","status":"publish","type":"product","link":"https:\/\/www.safinel.fr\/it\/prodotto\/olio-di-roucou\/","title":{"rendered":"Olio Roucou"},"content":{"rendered":"<p><strong>Olio Roucou<\/strong>\u00a0\u00e8 un\u00a0<strong>olio<\/strong>\u00a0benefici a base vegetale. Questo\u00a0<strong>olio<\/strong>\u00a0una pianta virtuosa dal nome insolito, \u00e8 utilizzata in cosmetica, farmaceutica e alimentazione.<\/p>\n<p>Scopriamo insieme le incredibili propriet\u00e0 di questo\u00a0<strong>olio<\/strong>\u00a0che ci arriva da altrove.<\/p>\n<h2><strong>Origine e propriet\u00e0 dell'olio di Roucou<\/strong><\/h2>\n<p><strong>Olio Roucou<\/strong>, \u00e8 un\u00a0<strong>olio<\/strong>\u00a0proviene da un arbusto sudamericano chiamato rocouyer. Da questa bellissima pianta emerge un magnifico frutto a forma di cuore, non commestibile, di colore marrone-rossastro e ricoperto di peli rigidi. Inoltre, questo frutto simile a una castagna \u00e8 conosciuto con diversi nomi. Tra questi\u00ab<strong>urucum<\/strong>\u00a0\u00bb, \u00ab l\u2019<strong>albero del rossetto<\/strong>\u00a0\u00bb, \u00ab\u00a0<strong>achiote<\/strong>\u00a0\u00bb, \u00ab\u00a0<strong>onoto<\/strong>\u00a0\u00bbo \u00abil\u00a0<strong>coo\u00a0<\/strong>\u00bb. Al culmine della maturazione, il frutto si apre per rilasciare molteplici semi di colore rosso scuro. Questi semi hanno un forte potere colorante.<\/p>\n<p>Gli arbusti coltivati in alcune parti del mondo sono poco conosciuti altrove. Detto questo, questo vantaggioso\u00a0<strong>olio<\/strong>\u00a0sta iniziando a farsi un nome.<\/p>\n<h3><strong>Propriet\u00e0<\/strong>\u00a0:<\/h3>\n<p><strong>Olio Roucou<\/strong>\u00a0comprende :<\/p>\n<p>Le\u00a0<strong>beta-carotene<\/strong>, Vitamina E, zinco, zolfo, magnesio, calcio, selenio, rame, manganese, acido ellagico, norbissina, bissina, saponine, tannini, cellulosa e oli essenziali.<\/p>\n<p>Di conseguenza, \u00e8 una vera miniera di vantaggi:<\/p>\n<ul>\n<li>Il suo potere\u00a0<strong>protettivo e lenitivo<\/strong>\u00a0per proteggere la pelle e i capelli dai raggi UV-A del sole. Infatti, grazie all'elevato contenuto di betacarotene, \u00e8 possibile ottenere una\u00a0<strong>rapida produzione di melanina.<\/strong>\u00a0D'altra parte,\u00a0<strong>prepara la pelle<\/strong>\u00a0al sole e\u00a0<strong>migliora l'abbronzatura<\/strong>.<\/li>\n<li>Un'azione\u00a0<strong>antizanzare e antiveleno<\/strong>\u00a0per questo gli indiani sono conosciuti come \u00abpellerossa\u00bb. Infatti, erano soliti ricoprirsi con questo\u00a0<strong>ombra<\/strong>\u00a0per prevenire\u00a0<strong>sole e insetti<\/strong>. Allo stesso modo, hanno applicato\u00a0<strong>olio di urucum<\/strong>\u00a0per i morsi di serpente.<\/li>\n<li><strong>L'effetto antiossidante<\/strong>, che aiuta\u00a0<strong>prevenire le malattie del fegato<\/strong>,\u00a0<strong>cardiaco<\/strong>\u00a0(ottimizza la salute del cuore). Ma anche le malattie\u00a0<strong>occhio, da\u00a0<\/strong>proteggere gli occhi da\u00a0<strong>degenerazione maculare senile<\/strong>\u00a0e\u00a0<strong>tumori<\/strong>.<\/li>\n<li>Suono\u00a0<strong>azione antirughe<\/strong>, in\u00a0<strong>proteggere le cellule della pelle<\/strong>\u00a0o\u00a0<strong>organi<\/strong>\u00a0dagli effetti dannosi dei radicali liberi. Di conseguenza\u00a0<strong>lotta<\/strong>\u00a0contro\u00a0<strong>invecchiamento precoce<\/strong>.<\/li>\n<li>L'effetto\u00a0<strong>antinfiammatorio<\/strong>, agendo sul\u00a0<strong>angina<\/strong>\u00a0e\u00a0<strong>Mal di gola<\/strong>, il\u00a0<strong>infiammazioni<\/strong>\u00a0<strong>oculare<\/strong>, l\u2019<strong>epatite<\/strong>, ...<\/li>\n<li>Lei\u00a0<strong>Tonifica<\/strong>\u00a0un sistema digestivo pi\u00f9 lento e\u00a0<strong>espettorante<\/strong>.<\/li>\n<li>La sua tripla azione;\u00a0<strong>antisettico<\/strong>,\u00a0<strong>antibatterico<\/strong>\u00a0e\u00a0<strong>antimicotico.<\/strong><\/li>\n<li>Lei\u00a0<strong>ripara e rigenera<\/strong>\u00a0<strong>pelle e capelli<\/strong>,\u00a0<strong>guarisce<\/strong>\u00a0ferite e lesioni minori,\u00a0<strong>emolliente<\/strong>\u00a0e\u00a0<strong>nutriente<\/strong>.<\/li>\n<\/ul>\n<h2><strong>Olio Roucou e storia della cucina!<\/strong><\/h2>\n<p>L<strong>\u2019olio di roucou<\/strong>\u00a0\u00e8 anche una delizia culinaria! Con i suoi bei semi rossastri, ha un triplo sapore;\u00a0<strong>amaro, fruttato e pepato<\/strong>. Inoltre, per i loro\u00a0\u00a0<strong>Potente potere colorante<\/strong>. \u00c8 noto anche come\u2019<strong>E160b<\/strong>\u00a0che rappresenta la derivata di\u00a0<strong>roucou<\/strong>\u00a0nell'industria alimentare.<\/p>\n<p><strong>Semi di achiote<\/strong>\u00a0pu\u00f2 essere utilizzato\u00a0<strong>intero<\/strong>, in\u00a0<strong>olio infuso<\/strong>,\u00a0<strong>terra,<\/strong>\u00a0o sotto forma di\u00a0<strong>pasta<\/strong>. Il formaggio Mimolette, il gelato alla vaniglia e il formaggio cheddar traggono il loro colore da questo colorante. Il colore varia tra il giallo e l'arancione, a seconda della concentrazione di pigmenti nei semi. Ma il sapore rimane discreto. Ci\u00f2 che \u00e8 pi\u00f9 ricercato \u00e8 l'effetto della loro colorazione sui piatti, in sostituzione del pomodoro. \u00c8 possibile preparare il proprio\u00a0<strong>olio<\/strong>, e il tuo burro\u00a0<strong>roucou<\/strong>.<\/p>\n<p>Per quanto riguarda le ricette, troverete qualcosa per tutti i gusti, e si sposa meravigliosamente con il pesce. Per il resto, c'\u00e8 un'ampia gamma di ricette tra cui scegliere, tra cui :<\/p>\n<p>Crema di carote con cumino,\u00a0<strong>olio di roucou<\/strong>\u00a0e gamberi in camicia. Ma anche la succulenta tortilla con\u00a0<strong>olio di roucou<\/strong>, <a href=\"https:\/\/www.safinel.fr\/it\/prodotto\/riso-appiccicoso\/\"><strong>riso<\/strong><\/a> pilaf\u00a0<strong>urucum<\/strong>\u00a0e cocco.<\/p>\n<h2><strong>Olio Roucou, silenzio sul bronzo!<\/strong><\/h2>\n<p>Con l'arrivo dell'estate, si cerca disperatamente di prolungare l'abbronzatura della pelle. Allora perch\u00e9 non\u00a0<strong>mantenere il bel colore dorato<\/strong>,\u00a0<strong>che non si appanna<\/strong>, durante tutte le vacanze?<\/p>\n<p>La soluzione \u00e8 applicare\u00a0<strong>olio abbronzante roucou<\/strong>, prima e dopo l'esposizione al sole. Di conseguenza, il vostro\u00a0<strong>la pelle sar\u00e0 ben idratata<\/strong>, \u00c8 un ottimo modo per prendersi cura della pelle.\u00a0<strong>migliorare l'incarnato<\/strong>. Inoltre, diventer\u00e0 rapidamente la vostra\u00a0<strong>olio<\/strong>\u00a0preferito durante l'estate e, perch\u00e9 no, tutto l'anno.<\/p>\n<p>Inoltre, per ottenere i massimi risultati, applicare\u00a0<strong>al mattino<\/strong>\u00a0prima di andare in spiaggia, solo sul corpo. Applicate poi il vostro\u00a0<strong>olio o crema abbronzante<\/strong>, con SPF adatti alla temperatura e al vostro tipo di pelle. Proprio cos\u00ec,\u00a0<strong>olio recou<\/strong>\u00a0\u00e8 un\u00a0<strong>booster abbronzante<\/strong>\u00a0e un\u00a0<strong>trattamento<\/strong>. Per mantenere l'abbronzatura, non dimenticate di applicarla successivamente.<\/p>\n<h2><strong>Olio Roucou, per chi?<\/strong><\/h2>\n<p><strong>Olio di achiote<\/strong>\u00a0\u00e8 vantaggioso per\u00a0<strong>tutti<\/strong>, tranne che per\u00a0<strong>donne in gravidanza.<\/strong><\/p>\n<p>Infatti, poich\u00e9 contiene un'elevata concentrazione di\u00a0<strong>provitamina A<\/strong>. In generale, non esitate a chiedere consiglio al vostro medico, al naturopata o a qualsiasi altro professionista della salute prima di assumere\u2019<strong>onoto<\/strong>. Perch\u00e9 potrebbe causare diarrea o dolori addominali. Oppure potrebbe essere semplicemente\u00a0<strong>intolleranti o allergici<\/strong>, Quindi fate attenzione quando lo usate per la prima volta.<\/p>\n<p>Non dimenticate che\u00a0<strong>olio di roucou<\/strong>\u00a0non \u00e8 certamente un\u00a0<strong>olio<\/strong>\u00a0<strong>protettore<\/strong>\u00a0contro il sole. Ma un\u00a0<strong>trattamento<\/strong>\u00a0per accompagnare il vostro\u00a0<strong>olio o crema protettiva<\/strong>\u00a0per\u00a0<strong>ottimizzare l'abbronzatura<\/strong>.<\/p>\n<p>Fate attenzione in cucina! Quando si prepara il proprio\u00a0<strong>olio di roucou<\/strong>. Ci\u00f2 potrebbe causare macchie sugli strofinacci e sui vestiti.<\/p>\n<h2><strong>Come si usa?<\/strong><\/h2>\n<p>I semi di\u00a0<strong>roucou<\/strong>\u00a0sono consumati in\u00a0<strong>decotto<\/strong>\u00a0foglie o semi. Inoltre, da\u00a0<strong>cera<\/strong>,\u00a0<strong>pasta<\/strong>\u00a0o sotto forma di\u2019<strong>olio<\/strong>. Per quanto riguarda\u00a0<strong>polvere,\u00a0<\/strong>viene aggiunto come\u00a0<strong>aromatico<\/strong>\u00a0o\u00a0<strong>tintura<\/strong>\u00a0nelle creme cosmetiche.<\/p>\n<p>Ecco un esempio di decotto: occorre mezzo cucchiaino di semi e foglie. Lasciare in infusione in acqua calda per dieci minuti e bere fino a 3 tazze al giorno.<\/p>\n<p>L\u2019<strong>olio<\/strong>\u00a0pu\u00f2 essere applicato direttamente a\u00a0<strong>capelli<\/strong>\u00a0e\u00a0<strong>la pelle,<\/strong>\u00a0come trattamento prima e dopo l'esposizione al sole. Per ottenere i massimi risultati per i vostri capelli, optate per un trattamento di\u00a0<strong>bagno d'olio,<\/strong>\u00a0per\u00a0<strong>qualche ora<\/strong>\u00a0o\u00a0<strong>per tutta la notte<\/strong>. Per quanto riguarda il lavaggio, deve essere delicato, quindi ricordatevi di risciacquare bene i capelli.<\/p>\n<p>Infine, quando si preparano i cosmetici, occorre seguire alcuni semplici accorgimenti.\u00a0<strong>gocce di olio<\/strong>\u00a0\u00e8 tutto ci\u00f2 che serve per ravvivare le creme, i prodotti per la cura della pelle e i latti per il corpo.<\/p>\n<h3><strong>Dove posso acquistare l'olio di roucou?<\/strong><\/h3>\n<p>Semplicemente nel vostro negozio online\u00a0<strong>safinel<\/strong>, il tuo\u00a0<strong>la boutique esotica per eccellenza<\/strong>. Non solo \u00e8 completo in\u00a0<strong>prodotti per l'igiene<\/strong>,\u00a0<strong>piante medicinali<\/strong>,\u00a0<strong>t\u00e8<\/strong>\u00a0e\u00a0<strong>tisane<\/strong>,\u00a0<strong>spezie<\/strong>,\u00a0<strong>apicoltura<\/strong>,\u00a0<strong>igiene femminile<\/strong>. Ma anche, in\u00a0<strong>prodotti per la fertilit\u00e0<\/strong>, Restate in contatto e godetevi la salute!<\/p>","protected":false},"excerpt":{"rendered":"<p>L\u2019huile de roucou\u00a0est une\u00a0huile\u00a0v\u00e9g\u00e9tale qui d\u00e9coule de bienfaits. Cette\u00a0huile\u00a0vertueuse au nom insolite est utilis\u00e9e en cosm\u00e9tique, pharmaceutique, et en alimentation. D\u00e9couvrons ensemble les propri\u00e9t\u00e9s \u00e9patantes de cette\u00a0huile\u00a0qui nous vient d\u2019ailleurs. Origine et Propri\u00e9t\u00e9s de l\u2019huile de roucou L\u2019huile de roucou, est une\u00a0huile\u00a0issue d\u2019un arbuste d\u2019Am\u00e9rique du Sud, qui se nomme le rocouyer. Puis, \u00e9merge de [&#8230;]","protected":false},"featured_media":0,"template":"","meta":[],"product_brand":[],"product_cat":[122,41],"product_tag":[],"class_list":{"0":"post-3347","1":"product","2":"type-product","3":"status-publish","5":"product_cat-huile-vegetale","6":"product_cat-produits-naturels-divers","8":"first","9":"instock","10":"shipping-taxable","11":"product-type-simple"},"yoast_head":"<!-- This site is optimized with the Yoast SEO plugin v26.6 - https:\/\/yoast.com\/wordpress\/plugins\/seo\/ -->\n<title>Huile de roucou I Bienfaits nombreux pour les cheveux<\/title>\n<meta name=\"description\" content=\"L\u2019huile de roucou\u00a0est une\u00a0huile\u00a0v\u00e9g\u00e9tale qui d\u00e9coule de bienfaits. Cette\u00a0huile est utilis\u00e9e en cosm\u00e9tique, pharmaceutique, et en alimentation.\" \/>\n<meta name=\"robots\" content=\"index, follow, max-snippet:-1, max-image-preview:large, max-video-preview:-1\" \/>\n<link rel=\"canonical\" href=\"https:\/\/www.safinel.fr\/it\/prodotto\/olio-di-roucou\/\" \/>\n<meta property=\"og:locale\" content=\"it_IT\" \/>\n<meta property=\"og:type\" content=\"article\" \/>\n<meta property=\"og:title\" content=\"Huile de roucou I Bienfaits nombreux pour les cheveux\" \/>\n<meta property=\"og:description\" content=\"L\u2019huile de roucou\u00a0est une\u00a0huile\u00a0v\u00e9g\u00e9tale qui d\u00e9coule de bienfaits. Cette\u00a0huile est utilis\u00e9e en cosm\u00e9tique, pharmaceutique, et en alimentation.\" \/>\n<meta property=\"og:url\" content=\"https:\/\/www.safinel.fr\/it\/prodotto\/olio-di-roucou\/\" \/>\n<meta property=\"og:site_name\" content=\"Safinel\" \/>\n<meta property=\"article:modified_time\" content=\"2023-12-28T17:15:39+00:00\" \/>\n<meta name=\"twitter:card\" content=\"summary_large_image\" \/>\n<meta name=\"twitter:label1\" content=\"Tempo di lettura stimato\" \/>\n\t<meta name=\"twitter:data1\" content=\"6 minuti\" \/>\n<script type=\"application\/ld+json\" class=\"yoast-schema-graph\">{\"@context\":\"https:\/\/schema.org\",\"@graph\":[{\"@type\":\"WebPage\",\"@id\":\"https:\/\/www.safinel.fr\/produit\/huile-de-roucou\/\",\"url\":\"https:\/\/www.safinel.fr\/produit\/huile-de-roucou\/\",\"name\":\"Huile de roucou I Bienfaits nombreux pour les cheveux\",\"isPartOf\":{\"@id\":\"https:\/\/www.safinel.fr\/#website\"},\"datePublished\":\"2022-09-30T18:43:43+00:00\",\"dateModified\":\"2023-12-28T17:15:39+00:00\",\"description\":\"L\u2019huile de roucou\u00a0est une\u00a0huile\u00a0v\u00e9g\u00e9tale qui d\u00e9coule de bienfaits. Cette\u00a0huile est utilis\u00e9e en cosm\u00e9tique, pharmaceutique, et en alimentation.\",\"breadcrumb\":{\"@id\":\"https:\/\/www.safinel.fr\/produit\/huile-de-roucou\/#breadcrumb\"},\"inLanguage\":\"it-IT\",\"potentialAction\":[{\"@type\":\"ReadAction\",\"target\":[\"https:\/\/www.safinel.fr\/produit\/huile-de-roucou\/\"]}]},{\"@type\":\"BreadcrumbList\",\"@id\":\"https:\/\/www.safinel.fr\/produit\/huile-de-roucou\/#breadcrumb\",\"itemListElement\":[{\"@type\":\"ListItem\",\"position\":1,\"name\":\"Accueil\",\"item\":\"https:\/\/www.safinel.fr\/\"},{\"@type\":\"ListItem\",\"position\":2,\"name\":\"Boutique\",\"item\":\"https:\/\/www.safinel.fr\/boutique\/\"},{\"@type\":\"ListItem\",\"position\":3,\"name\":\"Huile de roucou\"}]},{\"@type\":\"WebSite\",\"@id\":\"https:\/\/www.safinel.fr\/#website\",\"url\":\"https:\/\/www.safinel.fr\/\",\"name\":\"Safinel\",\"description\":\"\",\"publisher\":{\"@id\":\"https:\/\/www.safinel.fr\/#organization\"},\"potentialAction\":[{\"@type\":\"SearchAction\",\"target\":{\"@type\":\"EntryPoint\",\"urlTemplate\":\"https:\/\/www.safinel.fr\/?s={search_term_string}\"},\"query-input\":{\"@type\":\"PropertyValueSpecification\",\"valueRequired\":true,\"valueName\":\"search_term_string\"}}],\"inLanguage\":\"it-IT\"},{\"@type\":\"Organization\",\"@id\":\"https:\/\/www.safinel.fr\/#organization\",\"name\":\"Safinel\",\"url\":\"https:\/\/www.safinel.fr\/\",\"logo\":{\"@type\":\"ImageObject\",\"inLanguage\":\"it-IT\",\"@id\":\"https:\/\/www.safinel.fr\/#\/schema\/logo\/image\/\",\"url\":\"https:\/\/www.safinel.fr\/wp-content\/uploads\/2021\/05\/boutique-cosmetique.png\",\"contentUrl\":\"https:\/\/www.safinel.fr\/wp-content\/uploads\/2021\/05\/boutique-cosmetique.png\",\"width\":800,\"height\":200,\"caption\":\"Safinel\"},\"image\":{\"@id\":\"https:\/\/www.safinel.fr\/#\/schema\/logo\/image\/\"}}]}<\/script>\n<!-- \/ Yoast SEO plugin. -->","yoast_head_json":{"title":"Olio di Roucou I Numerosi benefici per i capelli","description":"L'olio di Roucou \u00e8 un olio vegetale ricco di benefici. Viene utilizzato in cosmetica, farmaceutica e alimentazione.","robots":{"index":"index","follow":"follow","max-snippet":"max-snippet:-1","max-image-preview":"max-image-preview:large","max-video-preview":"max-video-preview:-1"},"canonical":"https:\/\/www.safinel.fr\/it\/prodotto\/olio-di-roucou\/","og_locale":"it_IT","og_type":"article","og_title":"Huile de roucou I Bienfaits nombreux pour les cheveux","og_description":"L\u2019huile de roucou\u00a0est une\u00a0huile\u00a0v\u00e9g\u00e9tale qui d\u00e9coule de bienfaits. Cette\u00a0huile est utilis\u00e9e en cosm\u00e9tique, pharmaceutique, et en alimentation.","og_url":"https:\/\/www.safinel.fr\/it\/prodotto\/olio-di-roucou\/","og_site_name":"Safinel","article_modified_time":"2023-12-28T17:15:39+00:00","twitter_card":"summary_large_image","twitter_misc":{"Tempo di lettura stimato":"6 minuti"},"schema":{"@context":"https:\/\/schema.org","@graph":[{"@type":"WebPage","@id":"https:\/\/www.safinel.fr\/produit\/huile-de-roucou\/","url":"https:\/\/www.safinel.fr\/produit\/huile-de-roucou\/","name":"Olio di Roucou I Numerosi benefici per i capelli","isPartOf":{"@id":"https:\/\/www.safinel.fr\/#website"},"datePublished":"2022-09-30T18:43:43+00:00","dateModified":"2023-12-28T17:15:39+00:00","description":"L'olio di Roucou \u00e8 un olio vegetale ricco di benefici. Viene utilizzato in cosmetica, farmaceutica e alimentazione.","breadcrumb":{"@id":"https:\/\/www.safinel.fr\/produit\/huile-de-roucou\/#breadcrumb"},"inLanguage":"it-IT","potentialAction":[{"@type":"ReadAction","target":["https:\/\/www.safinel.fr\/produit\/huile-de-roucou\/"]}]},{"@type":"BreadcrumbList","@id":"https:\/\/www.safinel.fr\/produit\/huile-de-roucou\/#breadcrumb","itemListElement":[{"@type":"ListItem","position":1,"name":"Accueil","item":"https:\/\/www.safinel.fr\/"},{"@type":"ListItem","position":2,"name":"Boutique","item":"https:\/\/www.safinel.fr\/boutique\/"},{"@type":"ListItem","position":3,"name":"Huile de roucou"}]},{"@type":"WebSite","@id":"https:\/\/www.safinel.fr\/#website","url":"https:\/\/www.safinel.fr\/","name":"Safinel","description":"","publisher":{"@id":"https:\/\/www.safinel.fr\/#organization"},"potentialAction":[{"@type":"SearchAction","target":{"@type":"EntryPoint","urlTemplate":"https:\/\/www.safinel.fr\/?s={search_term_string}"},"query-input":{"@type":"PropertyValueSpecification","valueRequired":true,"valueName":"search_term_string"}}],"inLanguage":"it-IT"},{"@type":"Organization","@id":"https:\/\/www.safinel.fr\/#organization","name":"Safinel","url":"https:\/\/www.safinel.fr\/","logo":{"@type":"ImageObject","inLanguage":"it-IT","@id":"https:\/\/www.safinel.fr\/#\/schema\/logo\/image\/","url":"https:\/\/www.safinel.fr\/wp-content\/uploads\/2021\/05\/boutique-cosmetique.png","contentUrl":"https:\/\/www.safinel.fr\/wp-content\/uploads\/2021\/05\/boutique-cosmetique.png","width":800,"height":200,"caption":"Safinel"},"image":{"@id":"https:\/\/www.safinel.fr\/#\/schema\/logo\/image\/"}}]}},"_links":{"self":[{"href":"https:\/\/www.safinel.fr\/it\/wp-json\/wp\/v2\/product\/3347","targetHints":{"allow":["GET"]}}],"collection":[{"href":"https:\/\/www.safinel.fr\/it\/wp-json\/wp\/v2\/product"}],"about":[{"href":"https:\/\/www.safinel.fr\/it\/wp-json\/wp\/v2\/types\/product"}],"wp:attachment":[{"href":"https:\/\/www.safinel.fr\/it\/wp-json\/wp\/v2\/media?parent=3347"}],"wp:term":[{"taxonomy":"product_brand","embeddable":true,"href":"https:\/\/www.safinel.fr\/it\/wp-json\/wp\/v2\/product_brand?post=3347"},{"taxonomy":"product_cat","embeddable":true,"href":"https:\/\/www.safinel.fr\/it\/wp-json\/wp\/v2\/product_cat?post=3347"},{"taxonomy":"product_tag","embeddable":true,"href":"https:\/\/www.safinel.fr\/it\/wp-json\/wp\/v2\/product_tag?post=3347"}],"curies":[{"name":"wp","href":"https:\/\/api.w.org\/{rel}","templated":true}]}}