{"id":3324,"date":"2022-10-28T09:43:04","date_gmt":"2022-10-28T09:43:04","guid":{"rendered":"https:\/\/www.safinel.fr\/?post_type=product&#038;p=3324"},"modified":"2023-12-30T12:25:42","modified_gmt":"2023-12-30T12:25:42","slug":"du-zhong-eucommia-ulmoides","status":"publish","type":"product","link":"https:\/\/www.safinel.fr\/it\/prodotto\/du-zhong-eucommia-ulmoides\/","title":{"rendered":"Du zhong (corteccia di eucomino) 100g"},"content":{"rendered":"<p>La corteccia di Du Zhong Eucomine \u00e8 utilizzata per i suoi effetti tonificanti sull'organismo.\u00a0<strong>fegato<\/strong>, il\u00a0<strong>rene<\/strong>, il\u00a0<strong>tendini<\/strong>\u00a0e\u00a0<strong>ossa<\/strong>. Questa medicina naturale fa parte della medicina naturale cinese. Sconosciuta in Occidente per secoli, negli ultimi anni sta guadagnando popolarit\u00e0. Viene regolarmente utilizzata nei trattamenti fitoterapici.\u00a0<strong>Facile da preparare<\/strong>, Potrete ricaricarvi naturalmente a casa.<\/p>\n<h2><strong>Che cos'\u00e8 la corteccia di Du Zhong Eucomine?<\/strong><\/h2>\n<p>Questo albero proviene dalla Cina, ma pu\u00f2 crescere in qualsiasi terreno umido. Perch\u00e9 la corteccia abbia le sue propriet\u00e0 tonificanti, il tronco deve avere almeno 15 anni.<\/p>\n<p>La leggenda cinese narra che un uomo di nome\u00a0<strong>Du Zhong<\/strong>\u00a0mangiava ogni giorno la corteccia di questo albero. Di conseguenza, miglior\u00f2 notevolmente le sue prestazioni intellettuali e visse fino a 100 anni.<\/p>\n<p>La corteccia ha preso il nome da quest'uomo. Oggi, se cercate questo rimedio naturale, lo troverete pi\u00f9 facilmente con questo nome.<\/p>\n<h2><strong>Eucommia ulmoides (\u675c\u4ef2): un toccasana per i reni e per il fegato.<\/strong><\/h2>\n<p>I principi attivi agiscono su\u00a0<strong>fegato e reni<\/strong>. Il fegato\u00a0<strong>aumentare la vitalit\u00e0<\/strong>. Di conseguenza, sar\u00e0\u00a0<strong>pi\u00f9 efficiente<\/strong>\u00a0per immagazzinare e ridistribuire l'energia nel corpo. Questa \u00e8 una condizione sine qua non per sentirsi energici.\u00a0<strong>in forma<\/strong>. Il rene, da parte sua, si liberer\u00e0 delle tossine in eccesso e potr\u00e0 continuare a eliminare i rifiuti organici per mantenere l'organismo in equilibrio.<\/p>\n<h3><strong>Un regolatore di pressione sanguigna<\/strong><\/h3>\n<p>Qui gli alberi sono noti soprattutto per il loro effetto sull'ambiente.\u2019<strong>ipertensione<\/strong>. Alcuni studi hanno dimostrato che la sua azione pu\u00f2 abbassare la pressione sanguigna. Di conseguenza, viene utilizzato non solo per la prevenzione, ma anche per\u00a0<strong>curare le malattie cardiovascolari\u00a0<\/strong>poich\u00e9 l'ipertensione arteriosa \u00e8 una delle cause principali. Per una buona regolazione, provate anche\u00a0<a href=\"https:\/\/www.safinel.fr\/it\/prodotto\/foglie-di-fumbwa\/\"><strong>Foglie di Fumbwa<\/strong><\/a>\u00a0mangiare come le verdure<\/p>\n<h2><strong>Rafforzare tendini e ossa con Du Zhong<\/strong><\/h2>\n<p>I cinesi lo conoscono come rimedio che\u00a0<strong>allevia i dolori e i fastidi<\/strong>, ma anche\u00a0<strong>debolezze di ossa e legamenti<\/strong>. L'assunzione regolare cura\u00a0<strong>mal di schiena<\/strong>\u00a0e infiammazione, in particolare\u2019<strong>artrite<\/strong>. Si consiglia inoltre di\u00a0<strong>alleviare l'osteoartrite<\/strong>.<\/p>\n<h3><strong>Un amico dei diabetici<\/strong><\/h3>\n<p>La cattura di Du Zhong\u00a0<strong>(\u675c\u4ef2)<\/strong>, come\u00a0<a href=\"https:\/\/www.safinel.fr\/it\/prodotto\/moringa\/\"><strong>polvere<\/strong>\u00a0<strong>Moringa<\/strong><\/a>, aiuter\u00e0\u00a0<strong>abbassare i livelli di zucchero<\/strong>\u00a0quando si alza troppo. \u00c8 il trattamento naturale essenziale per i diabetici, come il\u00a0<a href=\"https:\/\/www.safinel.fr\/it\/prodotto\/radice-di-rehmannia\/\"><strong>Radice di Rehmannia<\/strong><\/a>. Tuttavia, come tutti i farmaci naturali, \u00e8 necessario attendere qualche settimana per vedere risultati convincenti.<\/p>\n<h3><strong>Du Zhong pu\u00f2 essere somministrato a tutti?<\/strong><\/h3>\n<p>\u00c8 controindicato per chi assume farmaci per il trattamento del diabete, dell'ipertensione e di tutti i problemi legati alla coagulazione del sangue.<\/p>\n<h3><strong>Come si prepara l'Eucommia ulmoides (\u675c\u4ef2)?<\/strong><\/h3>\n<ul>\n<li>La dose giornaliera raccomandata \u00e8 di 15 grammi, da preparare come decotto.<\/li>\n<li>Lavare e tagliare come richiesto.<\/li>\n<li>Far bollire per un quarto d'ora, quindi filtrare prima di bere.<\/li>\n<\/ul>\n<p>Ricordiamo che i trattamenti naturali, a differenza dei farmaci chimici, devono essere assunti regolarmente e per un periodo pi\u00f9 o meno lungo per avere un effetto duraturo. Per ottenere effetti definitivi \u00e8 necessario attendere dalle 3 alle 5 settimane.<\/p>","protected":false},"excerpt":{"rendered":"<p>La corteccia di Eucomine Du Zhong \u00e8 utilizzata per i suoi effetti tonificanti su fegato, reni, tendini e ossa. Questo medicinale naturale fa parte della medicina naturale cinese. Sconosciuto in Occidente per secoli, negli ultimi anni sta diventando sempre pi\u00f9 popolare. Lo si trova spesso nei trattamenti fitoterapici. Facile da preparare, potrete [\u2026]","protected":false},"featured_media":3325,"template":"","meta":[],"product_brand":[],"product_cat":[15],"product_tag":[],"class_list":{"0":"post-3324","1":"product","2":"type-product","3":"status-publish","4":"has-post-thumbnail","6":"product_cat-fertilite","8":"first","9":"instock","10":"shipping-taxable","11":"purchasable","12":"product-type-simple"},"yoast_head":"<!-- This site is optimized with the Yoast SEO plugin v26.6 - https:\/\/yoast.com\/wordpress\/plugins\/seo\/ -->\n<title>Du zhong I Eucommia ulmoides (\u675c\u4ef2) I Contenance 100g<\/title>\n<meta name=\"description\" content=\"L\u2019\u00e9corce d\u2019Eucomine Du Zhong est utilis\u00e9e pour ses effets tonifiants sur le\u00a0foie, le\u00a0rein, les\u00a0tendons\u00a0et les\u00a0os. D\u00e9couvrez-l\u00e0 sans plus attendre !\" \/>\n<meta name=\"robots\" content=\"index, follow, max-snippet:-1, max-image-preview:large, max-video-preview:-1\" \/>\n<link rel=\"canonical\" href=\"https:\/\/www.safinel.fr\/it\/prodotto\/du-zhong-eucommia-ulmoides\/\" \/>\n<meta property=\"og:locale\" content=\"it_IT\" \/>\n<meta property=\"og:type\" content=\"article\" \/>\n<meta property=\"og:title\" content=\"Du zhong I Eucommia ulmoides (\u675c\u4ef2) I Contenance 100g\" \/>\n<meta property=\"og:description\" content=\"L\u2019\u00e9corce d\u2019Eucomine Du Zhong est utilis\u00e9e pour ses effets tonifiants sur le\u00a0foie, le\u00a0rein, les\u00a0tendons\u00a0et les\u00a0os. D\u00e9couvrez-l\u00e0 sans plus attendre !\" \/>\n<meta property=\"og:url\" content=\"https:\/\/www.safinel.fr\/it\/prodotto\/du-zhong-eucommia-ulmoides\/\" \/>\n<meta property=\"og:site_name\" content=\"Safinel\" \/>\n<meta property=\"article:modified_time\" content=\"2023-12-30T12:25:42+00:00\" \/>\n<meta property=\"og:image\" content=\"https:\/\/www.safinel.fr\/wp-content\/uploads\/2022\/10\/ecorce-dEucomine.jpg\" \/>\n\t<meta property=\"og:image:width\" content=\"600\" \/>\n\t<meta property=\"og:image:height\" content=\"600\" \/>\n\t<meta property=\"og:image:type\" content=\"image\/jpeg\" \/>\n<meta name=\"twitter:card\" content=\"summary_large_image\" \/>\n<meta name=\"twitter:label1\" content=\"Tempo di lettura stimato\" \/>\n\t<meta name=\"twitter:data1\" content=\"3 minuti\" \/>\n<script type=\"application\/ld+json\" class=\"yoast-schema-graph\">{\"@context\":\"https:\/\/schema.org\",\"@graph\":[{\"@type\":\"WebPage\",\"@id\":\"https:\/\/www.safinel.fr\/produit\/du-zhong-eucommia-ulmoides\/\",\"url\":\"https:\/\/www.safinel.fr\/produit\/du-zhong-eucommia-ulmoides\/\",\"name\":\"Du zhong I Eucommia ulmoides (\u675c\u4ef2) I Contenance 100g\",\"isPartOf\":{\"@id\":\"https:\/\/www.safinel.fr\/#website\"},\"primaryImageOfPage\":{\"@id\":\"https:\/\/www.safinel.fr\/produit\/du-zhong-eucommia-ulmoides\/#primaryimage\"},\"image\":{\"@id\":\"https:\/\/www.safinel.fr\/produit\/du-zhong-eucommia-ulmoides\/#primaryimage\"},\"thumbnailUrl\":\"https:\/\/www.safinel.fr\/wp-content\/uploads\/2022\/10\/ecorce-dEucomine.jpg\",\"datePublished\":\"2022-10-28T09:43:04+00:00\",\"dateModified\":\"2023-12-30T12:25:42+00:00\",\"description\":\"L\u2019\u00e9corce d\u2019Eucomine Du Zhong est utilis\u00e9e pour ses effets tonifiants sur le\u00a0foie, le\u00a0rein, les\u00a0tendons\u00a0et les\u00a0os. D\u00e9couvrez-l\u00e0 sans plus attendre !\",\"breadcrumb\":{\"@id\":\"https:\/\/www.safinel.fr\/produit\/du-zhong-eucommia-ulmoides\/#breadcrumb\"},\"inLanguage\":\"it-IT\",\"potentialAction\":[{\"@type\":\"ReadAction\",\"target\":[\"https:\/\/www.safinel.fr\/produit\/du-zhong-eucommia-ulmoides\/\"]}]},{\"@type\":\"ImageObject\",\"inLanguage\":\"it-IT\",\"@id\":\"https:\/\/www.safinel.fr\/produit\/du-zhong-eucommia-ulmoides\/#primaryimage\",\"url\":\"https:\/\/www.safinel.fr\/wp-content\/uploads\/2022\/10\/ecorce-dEucomine.jpg\",\"contentUrl\":\"https:\/\/www.safinel.fr\/wp-content\/uploads\/2022\/10\/ecorce-dEucomine.jpg\",\"width\":600,\"height\":600,\"caption\":\"Du zhong (\u00c9corce d\u2019Eucomine) 100g\"},{\"@type\":\"BreadcrumbList\",\"@id\":\"https:\/\/www.safinel.fr\/produit\/du-zhong-eucommia-ulmoides\/#breadcrumb\",\"itemListElement\":[{\"@type\":\"ListItem\",\"position\":1,\"name\":\"Accueil\",\"item\":\"https:\/\/www.safinel.fr\/\"},{\"@type\":\"ListItem\",\"position\":2,\"name\":\"Boutique\",\"item\":\"https:\/\/www.safinel.fr\/boutique\/\"},{\"@type\":\"ListItem\",\"position\":3,\"name\":\"Du zhong (\u00c9corce d&#8217;Eucomine) 100g\"}]},{\"@type\":\"WebSite\",\"@id\":\"https:\/\/www.safinel.fr\/#website\",\"url\":\"https:\/\/www.safinel.fr\/\",\"name\":\"Safinel\",\"description\":\"\",\"publisher\":{\"@id\":\"https:\/\/www.safinel.fr\/#organization\"},\"potentialAction\":[{\"@type\":\"SearchAction\",\"target\":{\"@type\":\"EntryPoint\",\"urlTemplate\":\"https:\/\/www.safinel.fr\/?s={search_term_string}\"},\"query-input\":{\"@type\":\"PropertyValueSpecification\",\"valueRequired\":true,\"valueName\":\"search_term_string\"}}],\"inLanguage\":\"it-IT\"},{\"@type\":\"Organization\",\"@id\":\"https:\/\/www.safinel.fr\/#organization\",\"name\":\"Safinel\",\"url\":\"https:\/\/www.safinel.fr\/\",\"logo\":{\"@type\":\"ImageObject\",\"inLanguage\":\"it-IT\",\"@id\":\"https:\/\/www.safinel.fr\/#\/schema\/logo\/image\/\",\"url\":\"https:\/\/www.safinel.fr\/wp-content\/uploads\/2021\/05\/boutique-cosmetique.png\",\"contentUrl\":\"https:\/\/www.safinel.fr\/wp-content\/uploads\/2021\/05\/boutique-cosmetique.png\",\"width\":800,\"height\":200,\"caption\":\"Safinel\"},\"image\":{\"@id\":\"https:\/\/www.safinel.fr\/#\/schema\/logo\/image\/\"}}]}<\/script>\n<!-- \/ Yoast SEO plugin. -->","yoast_head_json":{"title":"Du zhong I Eucommia ulmoides (\u675c\u4ef2) I Capacit\u00e0 100g","description":"La corteccia di Du Zhong Eucomine \u00e8 utilizzata per i suoi effetti tonificanti su fegato, reni, tendini e ossa. Scopritelo subito!","robots":{"index":"index","follow":"follow","max-snippet":"max-snippet:-1","max-image-preview":"max-image-preview:large","max-video-preview":"max-video-preview:-1"},"canonical":"https:\/\/www.safinel.fr\/it\/prodotto\/du-zhong-eucommia-ulmoides\/","og_locale":"it_IT","og_type":"article","og_title":"Du zhong I Eucommia ulmoides (\u675c\u4ef2) I Contenance 100g","og_description":"L\u2019\u00e9corce d\u2019Eucomine Du Zhong est utilis\u00e9e pour ses effets tonifiants sur le\u00a0foie, le\u00a0rein, les\u00a0tendons\u00a0et les\u00a0os. D\u00e9couvrez-l\u00e0 sans plus attendre !","og_url":"https:\/\/www.safinel.fr\/it\/prodotto\/du-zhong-eucommia-ulmoides\/","og_site_name":"Safinel","article_modified_time":"2023-12-30T12:25:42+00:00","og_image":[{"width":600,"height":600,"url":"https:\/\/www.safinel.fr\/wp-content\/uploads\/2022\/10\/ecorce-dEucomine.jpg","type":"image\/jpeg"}],"twitter_card":"summary_large_image","twitter_misc":{"Tempo di lettura stimato":"3 minuti"},"schema":{"@context":"https:\/\/schema.org","@graph":[{"@type":"WebPage","@id":"https:\/\/www.safinel.fr\/produit\/du-zhong-eucommia-ulmoides\/","url":"https:\/\/www.safinel.fr\/produit\/du-zhong-eucommia-ulmoides\/","name":"Du zhong I Eucommia ulmoides (\u675c\u4ef2) I Capacit\u00e0 100g","isPartOf":{"@id":"https:\/\/www.safinel.fr\/#website"},"primaryImageOfPage":{"@id":"https:\/\/www.safinel.fr\/produit\/du-zhong-eucommia-ulmoides\/#primaryimage"},"image":{"@id":"https:\/\/www.safinel.fr\/produit\/du-zhong-eucommia-ulmoides\/#primaryimage"},"thumbnailUrl":"https:\/\/www.safinel.fr\/wp-content\/uploads\/2022\/10\/ecorce-dEucomine.jpg","datePublished":"2022-10-28T09:43:04+00:00","dateModified":"2023-12-30T12:25:42+00:00","description":"La corteccia di Du Zhong Eucomine \u00e8 utilizzata per i suoi effetti tonificanti su fegato, reni, tendini e ossa. Scopritelo subito!","breadcrumb":{"@id":"https:\/\/www.safinel.fr\/produit\/du-zhong-eucommia-ulmoides\/#breadcrumb"},"inLanguage":"it-IT","potentialAction":[{"@type":"ReadAction","target":["https:\/\/www.safinel.fr\/produit\/du-zhong-eucommia-ulmoides\/"]}]},{"@type":"ImageObject","inLanguage":"it-IT","@id":"https:\/\/www.safinel.fr\/produit\/du-zhong-eucommia-ulmoides\/#primaryimage","url":"https:\/\/www.safinel.fr\/wp-content\/uploads\/2022\/10\/ecorce-dEucomine.jpg","contentUrl":"https:\/\/www.safinel.fr\/wp-content\/uploads\/2022\/10\/ecorce-dEucomine.jpg","width":600,"height":600,"caption":"Du zhong (\u00c9corce d\u2019Eucomine) 100g"},{"@type":"BreadcrumbList","@id":"https:\/\/www.safinel.fr\/produit\/du-zhong-eucommia-ulmoides\/#breadcrumb","itemListElement":[{"@type":"ListItem","position":1,"name":"Accueil","item":"https:\/\/www.safinel.fr\/"},{"@type":"ListItem","position":2,"name":"Boutique","item":"https:\/\/www.safinel.fr\/boutique\/"},{"@type":"ListItem","position":3,"name":"Du zhong (\u00c9corce d&#8217;Eucomine) 100g"}]},{"@type":"WebSite","@id":"https:\/\/www.safinel.fr\/#website","url":"https:\/\/www.safinel.fr\/","name":"Safinel","description":"","publisher":{"@id":"https:\/\/www.safinel.fr\/#organization"},"potentialAction":[{"@type":"SearchAction","target":{"@type":"EntryPoint","urlTemplate":"https:\/\/www.safinel.fr\/?s={search_term_string}"},"query-input":{"@type":"PropertyValueSpecification","valueRequired":true,"valueName":"search_term_string"}}],"inLanguage":"it-IT"},{"@type":"Organization","@id":"https:\/\/www.safinel.fr\/#organization","name":"Safinel","url":"https:\/\/www.safinel.fr\/","logo":{"@type":"ImageObject","inLanguage":"it-IT","@id":"https:\/\/www.safinel.fr\/#\/schema\/logo\/image\/","url":"https:\/\/www.safinel.fr\/wp-content\/uploads\/2021\/05\/boutique-cosmetique.png","contentUrl":"https:\/\/www.safinel.fr\/wp-content\/uploads\/2021\/05\/boutique-cosmetique.png","width":800,"height":200,"caption":"Safinel"},"image":{"@id":"https:\/\/www.safinel.fr\/#\/schema\/logo\/image\/"}}]}},"_links":{"self":[{"href":"https:\/\/www.safinel.fr\/it\/wp-json\/wp\/v2\/product\/3324","targetHints":{"allow":["GET"]}}],"collection":[{"href":"https:\/\/www.safinel.fr\/it\/wp-json\/wp\/v2\/product"}],"about":[{"href":"https:\/\/www.safinel.fr\/it\/wp-json\/wp\/v2\/types\/product"}],"wp:featuredmedia":[{"embeddable":true,"href":"https:\/\/www.safinel.fr\/it\/wp-json\/wp\/v2\/media\/3325"}],"wp:attachment":[{"href":"https:\/\/www.safinel.fr\/it\/wp-json\/wp\/v2\/media?parent=3324"}],"wp:term":[{"taxonomy":"product_brand","embeddable":true,"href":"https:\/\/www.safinel.fr\/it\/wp-json\/wp\/v2\/product_brand?post=3324"},{"taxonomy":"product_cat","embeddable":true,"href":"https:\/\/www.safinel.fr\/it\/wp-json\/wp\/v2\/product_cat?post=3324"},{"taxonomy":"product_tag","embeddable":true,"href":"https:\/\/www.safinel.fr\/it\/wp-json\/wp\/v2\/product_tag?post=3324"}],"curies":[{"name":"wp","href":"https:\/\/api.w.org\/{rel}","templated":true}]}}