{"id":3292,"date":"2022-10-25T17:02:39","date_gmt":"2022-10-25T17:02:39","guid":{"rendered":"https:\/\/www.safinel.fr\/?post_type=product&#038;p=3292"},"modified":"2023-12-28T17:15:41","modified_gmt":"2023-12-28T17:15:41","slug":"kudzu","status":"publish","type":"product","link":"https:\/\/www.safinel.fr\/it\/prodotto\/kudzu\/","title":{"rendered":"Kudzu"},"content":{"rendered":"<p>Le\u00a0<strong>kudzu<\/strong>\u00a0\u00e8 una pianta originaria dell'Asia. Il suo nome non vi dice nulla? Ma potrebbe esservi molto utile!<\/p>\n<p>Viene utilizzata nella medicina tradizionale cinese. La parte attiva della pianta \u00e8 la radice, che contiene sostanze che agiscono sui neurotrasmettitori. Si tratta infatti di un metodo naturale noto per aiutare a calmare le dipendenze di ogni tipo.<\/p>\n<h2><strong>Che cos'\u00e8 il kudzu?<\/strong><\/h2>\n<p>Il kudzu, botanicamente noto come \u00bbpueraria lobata\u00bb, appartiene alla famiglia delle fabaceae. \u00c8 una pianta rampicante originaria della Cina. \u00c8 utilizzata nella medicina tradizionale cinese e in cucina. Questa pianta \u00e8 anche un legume e viene utilizzata come amido o addensante.<\/p>\n<p>Conosciuta anche come \u201cvite giapponese\u201d, questa pianta rampicante si attacca agli alberi che possono raggiungere diverse decine di metri di altezza. \u00c8 una pianta invasiva che si trova nei boschi, nei campi e ai bordi delle strade. Come l'edera, si attacca anche alle case.<\/p>\n<p>Nella medicina tradizionale cinese, il kudzu veniva utilizzato per trattare febbre, diarrea, vomito, nausea e cos\u00ec via. Ma oggi, con le scoperte scientifiche, viene utilizzato soprattutto per ridurre le dipendenze o le compulsioni di qualsiasi tipo. Gli studi si sono concentrati sull'alcolismo e sul fumo.<\/p>\n<p>Gli studi scientifici si sono concentrati sull'alcolismo e sul fumo, ma i suoi effetti sono benefici anche per i disturbi alimentari. Oltre alle malattie cardiovascolari, anche le patologie metaboliche come l'ipercolesterolemia, il diabete, l'insulino-resistenza, ecc.<\/p>\n<h2><strong>Pubblicizzare il proprio lavoro<\/strong><\/h2>\n<p>Tra tutte le virt\u00f9 del kudzu, il suo pi\u00f9 grande beneficio \u00e8 la riconosciuta efficacia nel combattere varie dipendenze. Questa propriet\u00e0 \u00e8 dovuta alle numerose molecole di isoflavoni della pianta. Questi componenti sono all'origine delle sue propriet\u00e0 anti-dipendenza.<\/p>\n<p>La dopamina \u00e8 responsabile delle sensazioni di benessere che derivano dall'assunzione di droghe. Il Kudzu sostituisce la dopamina con la serotonina, poich\u00e9 agiscono allo stesso modo. Di conseguenza, la sensazione di dipendenza scompare senza effetti collaterali.<\/p>\n<p><strong>Isoflavoni : <\/strong>Gli isoflavoni sono una categoria di flavonoidi e fanno parte della famiglia dei fitoestrogeni. Sono sostanze vegetali simili all'ormone femminile estrogeno.<\/p>\n<p><strong>Dopamina : <\/strong>La dopamina \u00e8 una molecola presente nel cervello. Agisce come neurotrasmettitore. \u00c8 questo neurotrasmettitore che d\u00e0 al cervello la sensazione di piacere. Fa parte del cosiddetto circuito della ricompensa. Svolge un ruolo importante nel fornire motivazione.<\/p>\n<p><strong>Serotonina : <\/strong>La serotonina \u00e8 un neurotrasmettitore del sistema nervoso che aiuta a regolare l'umore e impedisce di sentirsi depressi o malati. \u00c8 possibile aumentare i livelli di serotonina con metodi chimici, ma anche attraverso processi naturali.<\/p>\n<h2><strong>Composizione ed effetti del kudzu<\/strong><\/h2>\n<p>Tra i principi attivi che lo rendono cos\u00ec popolare ci sono gli isoflavoni. Si tratta di una sottocategoria di una delle principali categorie di polifenoli, nota come flavonoidi. Ci\u00f2 che li rende speciali \u00e8 che, come abbiamo spiegato in precedenza, hanno un effetto positivo sugli estrogeni.<\/p>\n<p>L'isoflavone pi\u00f9 interessante, che ha la propriet\u00e0 di essere antidipendente, \u00e8 la puerarina. Si tratta di un isoflavonoide estratto dalle radici della pianta pueraria lobata. \u00c8 il suo componente principale e possiede numerose propriet\u00e0 medicinali, tra cui la ricchezza di fitoestrogeni.<\/p>\n<p>La puerarina ha anche propriet\u00e0 ipotensive. Alcuni studi hanno dimostrato che il kudzu migliora la qualit\u00e0 della vita e riduce i sintomi associati all'ipertensione. Essendo estrogeno-simile, pu\u00f2 aiutare le donne in menopausa ad affrontare meglio questo periodo. Infatti, durante la menopausa, i livelli di estrogeni diminuiscono.<\/p>\n<h2><strong>Kudzu e dipendenze<\/strong><\/h2>\n<h3><strong>Kudzu e tabacco<\/strong><\/h3>\n<p>Questa pianta ha la capacit\u00e0 di interrompere l'abitudine e di rendere pi\u00f9 facile smettere di fumare. Le sostanze in essa contenute agiscono sui neurotrasmettitori per interagire con i recettori della nicotina.<\/p>\n<p>Il kudzu aiuta a superare le crisi di astinenza, ma senza i soliti effetti collaterali come irrequietezza o irritabilit\u00e0. Le recensioni sul kudzu mostrano che il gusto del tabacco cambia e diventa sgradevole per i fumatori.<\/p>\n<h3><strong>Kudzu e alcol<\/strong><\/h3>\n<p>Uno studio ha dimostrato la sua capacit\u00e0 di disintossicare l'organismo dopo un consumo eccessivo di alcol e la sua efficacia contro l'alcolismo. \u00c8 stato inoltre dimostrato che favorisce il recupero dopo un consumo eccessivo di alcol.<\/p>\n<p>Questo antiadesivo riduce il desiderio di bere e la quantit\u00e0 di alcol consumata. Questo \u00e8 il risultato di uno studio condotto su forti bevitori nel corso di una settimana. I suoi effetti sono stati quindi definitivi e hanno dimostrato la sua efficacia.<\/p>\n<h2><strong>I benefici del kudzu\u00a0<\/strong><\/h2>\n<p>Il kudzu \u00e8 un rimedio naturale che pu\u00f2 aiutare a trattare diverse malattie.<\/p>\n<p>Si tratta di :<\/p>\n<ul>\n<li>Epatoprotettivo, il kudzu protegge il fegato.<\/li>\n<li>Antiossidante, previene l'invecchiamento cellulare e lo stress ossidativo.<\/li>\n<li>Antidipendente, inibisce efficacemente gli effetti di qualsiasi sostanza che crea dipendenza (alcol, sigarette, zucchero, ecc.).<\/li>\n<li>\u00c8 simile all'estrogeno, imita l'estrogeno nell'organismo.<\/li>\n<li>Cardioprotettivo, questo rimedio naturale previene in particolare l'infarto del miocardio.<\/li>\n<li>Il kudzu \u00e8 efficace nel trattamento dell'ipotensione.<\/li>\n<li>Favorisce l'apprendimento e migliora la memoria. Sono in corso studi sul trattamento del morbo di Alzheimer.<\/li>\n<li>Immuno-stimolante: stimola il sistema immunitario.<\/li>\n<li>\u00c8 un antidiabetico che aiuta a ridurre i livelli di glucosio nel sangue e ad aumentare contemporaneamente i livelli di insulina.<\/li>\n<\/ul>\n<h3><strong>Controindicazioni<\/strong><\/h3>\n<ul>\n<li>Il kudzu non deve essere utilizzato in caso di cancro al seno o di predisposizione al cancro al seno.<\/li>\n<li>Va evitato anche in caso di iperestrogenismo. Questo si manifesta con cisti ovariche o <a href=\"https:\/\/www.safinel.fr\/it\/prodotto\/crema-per-ingrandire-il-seno-e-i-glutei\/\"><strong>nell'area del torace<\/strong><\/a>, sindrome premestruale...<\/li>\n<li>A parte ci\u00f2, questa pianta ha una tossicit\u00e0 molto ridotta, come \u00e8 stato dimostrato da studi condotti sia su animali che su esseri umani.<\/li>\n<li>Nonostante ci\u00f2, \u00e8 necessario rispettare la dose giornaliera raccomandata di 2 grammi in media al giorno.<\/li>\n<\/ul>","protected":false},"excerpt":{"rendered":"<p>Il kudzu \u00e8 una pianta originaria dell'Asia. Il suo nome non vi dice nulla? Eppure potrebbe esservi molto utile! \u00c8 utilizzata nella medicina tradizionale cinese. La parte attiva della pianta \u00e8 la radice, poich\u00e9 contiene sostanze che agiscono sui neurotrasmettitori. Si tratta infatti di un metodo naturale noto per [...]","protected":false},"featured_media":3295,"template":"","meta":[],"product_brand":[],"product_cat":[108],"product_tag":[],"class_list":{"0":"post-3292","1":"product","2":"type-product","3":"status-publish","4":"has-post-thumbnail","6":"product_cat-plantes-asiatiques","8":"first","9":"instock","10":"shipping-taxable","11":"purchasable","12":"product-type-variable"},"yoast_head":"<!-- This site is optimized with the Yoast SEO plugin v26.6 - https:\/\/yoast.com\/wordpress\/plugins\/seo\/ -->\n<title>Kudzu plante asiatique I Bienfaits nombreux I Achat en ligne<\/title>\n<meta name=\"description\" content=\"Le\u00a0kudzu\u00a0est une plante originaire d\u2019Asie. Son nom ne vous dit rien ? Pourtant, elle pourrait vous \u00eatre tr\u00e8s utile ! D\u00e9couvrez-l\u00e0 chez Safinel !\" \/>\n<meta name=\"robots\" content=\"index, follow, max-snippet:-1, max-image-preview:large, max-video-preview:-1\" \/>\n<link rel=\"canonical\" href=\"https:\/\/www.safinel.fr\/it\/prodotto\/kudzu\/\" \/>\n<meta property=\"og:locale\" content=\"it_IT\" \/>\n<meta property=\"og:type\" content=\"article\" \/>\n<meta property=\"og:title\" content=\"Kudzu plante asiatique I Bienfaits nombreux I Achat en ligne\" \/>\n<meta property=\"og:description\" content=\"Le\u00a0kudzu\u00a0est une plante originaire d\u2019Asie. Son nom ne vous dit rien ? Pourtant, elle pourrait vous \u00eatre tr\u00e8s utile ! D\u00e9couvrez-l\u00e0 chez Safinel !\" \/>\n<meta property=\"og:url\" content=\"https:\/\/www.safinel.fr\/it\/prodotto\/kudzu\/\" \/>\n<meta property=\"og:site_name\" content=\"Safinel\" \/>\n<meta property=\"article:modified_time\" content=\"2023-12-28T17:15:41+00:00\" \/>\n<meta property=\"og:image\" content=\"https:\/\/www.safinel.fr\/wp-content\/uploads\/2022\/10\/gelules-de-kuzdu.jpg\" \/>\n\t<meta property=\"og:image:width\" content=\"600\" \/>\n\t<meta property=\"og:image:height\" content=\"600\" \/>\n\t<meta property=\"og:image:type\" content=\"image\/jpeg\" \/>\n<meta name=\"twitter:card\" content=\"summary_large_image\" \/>\n<meta name=\"twitter:label1\" content=\"Tempo di lettura stimato\" \/>\n\t<meta name=\"twitter:data1\" content=\"6 minuti\" \/>\n<script type=\"application\/ld+json\" class=\"yoast-schema-graph\">{\"@context\":\"https:\/\/schema.org\",\"@graph\":[{\"@type\":\"WebPage\",\"@id\":\"https:\/\/www.safinel.fr\/produit\/kudzu\/\",\"url\":\"https:\/\/www.safinel.fr\/produit\/kudzu\/\",\"name\":\"Kudzu plante asiatique I Bienfaits nombreux I Achat en ligne\",\"isPartOf\":{\"@id\":\"https:\/\/www.safinel.fr\/#website\"},\"primaryImageOfPage\":{\"@id\":\"https:\/\/www.safinel.fr\/produit\/kudzu\/#primaryimage\"},\"image\":{\"@id\":\"https:\/\/www.safinel.fr\/produit\/kudzu\/#primaryimage\"},\"thumbnailUrl\":\"https:\/\/www.safinel.fr\/wp-content\/uploads\/2022\/10\/gelules-de-kuzdu.jpg\",\"datePublished\":\"2022-10-25T17:02:39+00:00\",\"dateModified\":\"2023-12-28T17:15:41+00:00\",\"description\":\"Le\u00a0kudzu\u00a0est une plante originaire d\u2019Asie. Son nom ne vous dit rien ? Pourtant, elle pourrait vous \u00eatre tr\u00e8s utile ! D\u00e9couvrez-l\u00e0 chez Safinel !\",\"breadcrumb\":{\"@id\":\"https:\/\/www.safinel.fr\/produit\/kudzu\/#breadcrumb\"},\"inLanguage\":\"it-IT\",\"potentialAction\":[{\"@type\":\"ReadAction\",\"target\":[\"https:\/\/www.safinel.fr\/produit\/kudzu\/\"]}]},{\"@type\":\"ImageObject\",\"inLanguage\":\"it-IT\",\"@id\":\"https:\/\/www.safinel.fr\/produit\/kudzu\/#primaryimage\",\"url\":\"https:\/\/www.safinel.fr\/wp-content\/uploads\/2022\/10\/gelules-de-kuzdu.jpg\",\"contentUrl\":\"https:\/\/www.safinel.fr\/wp-content\/uploads\/2022\/10\/gelules-de-kuzdu.jpg\",\"width\":600,\"height\":600,\"caption\":\"gelules de kuzdu\"},{\"@type\":\"BreadcrumbList\",\"@id\":\"https:\/\/www.safinel.fr\/produit\/kudzu\/#breadcrumb\",\"itemListElement\":[{\"@type\":\"ListItem\",\"position\":1,\"name\":\"Accueil\",\"item\":\"https:\/\/www.safinel.fr\/\"},{\"@type\":\"ListItem\",\"position\":2,\"name\":\"Boutique\",\"item\":\"https:\/\/www.safinel.fr\/boutique\/\"},{\"@type\":\"ListItem\",\"position\":3,\"name\":\"Kudzu\"}]},{\"@type\":\"WebSite\",\"@id\":\"https:\/\/www.safinel.fr\/#website\",\"url\":\"https:\/\/www.safinel.fr\/\",\"name\":\"Safinel\",\"description\":\"\",\"publisher\":{\"@id\":\"https:\/\/www.safinel.fr\/#organization\"},\"potentialAction\":[{\"@type\":\"SearchAction\",\"target\":{\"@type\":\"EntryPoint\",\"urlTemplate\":\"https:\/\/www.safinel.fr\/?s={search_term_string}\"},\"query-input\":{\"@type\":\"PropertyValueSpecification\",\"valueRequired\":true,\"valueName\":\"search_term_string\"}}],\"inLanguage\":\"it-IT\"},{\"@type\":\"Organization\",\"@id\":\"https:\/\/www.safinel.fr\/#organization\",\"name\":\"Safinel\",\"url\":\"https:\/\/www.safinel.fr\/\",\"logo\":{\"@type\":\"ImageObject\",\"inLanguage\":\"it-IT\",\"@id\":\"https:\/\/www.safinel.fr\/#\/schema\/logo\/image\/\",\"url\":\"https:\/\/www.safinel.fr\/wp-content\/uploads\/2021\/05\/boutique-cosmetique.png\",\"contentUrl\":\"https:\/\/www.safinel.fr\/wp-content\/uploads\/2021\/05\/boutique-cosmetique.png\",\"width\":800,\"height\":200,\"caption\":\"Safinel\"},\"image\":{\"@id\":\"https:\/\/www.safinel.fr\/#\/schema\/logo\/image\/\"}}]}<\/script>\n<!-- \/ Yoast SEO plugin. -->","yoast_head_json":{"title":"Kudzu Pianta asiatica I Numerosi benefici I Comprare online","description":"Il kudzu \u00e8 una pianta originaria dell'Asia. Non ne conoscete il nome? Ma potrebbe esservi molto utile! Scopritelo su Safinel!","robots":{"index":"index","follow":"follow","max-snippet":"max-snippet:-1","max-image-preview":"max-image-preview:large","max-video-preview":"max-video-preview:-1"},"canonical":"https:\/\/www.safinel.fr\/it\/prodotto\/kudzu\/","og_locale":"it_IT","og_type":"article","og_title":"Kudzu plante asiatique I Bienfaits nombreux I Achat en ligne","og_description":"Le\u00a0kudzu\u00a0est une plante originaire d\u2019Asie. Son nom ne vous dit rien ? Pourtant, elle pourrait vous \u00eatre tr\u00e8s utile ! D\u00e9couvrez-l\u00e0 chez Safinel !","og_url":"https:\/\/www.safinel.fr\/it\/prodotto\/kudzu\/","og_site_name":"Safinel","article_modified_time":"2023-12-28T17:15:41+00:00","og_image":[{"width":600,"height":600,"url":"https:\/\/www.safinel.fr\/wp-content\/uploads\/2022\/10\/gelules-de-kuzdu.jpg","type":"image\/jpeg"}],"twitter_card":"summary_large_image","twitter_misc":{"Tempo di lettura stimato":"6 minuti"},"schema":{"@context":"https:\/\/schema.org","@graph":[{"@type":"WebPage","@id":"https:\/\/www.safinel.fr\/produit\/kudzu\/","url":"https:\/\/www.safinel.fr\/produit\/kudzu\/","name":"Kudzu Pianta asiatica I Numerosi benefici I Comprare online","isPartOf":{"@id":"https:\/\/www.safinel.fr\/#website"},"primaryImageOfPage":{"@id":"https:\/\/www.safinel.fr\/produit\/kudzu\/#primaryimage"},"image":{"@id":"https:\/\/www.safinel.fr\/produit\/kudzu\/#primaryimage"},"thumbnailUrl":"https:\/\/www.safinel.fr\/wp-content\/uploads\/2022\/10\/gelules-de-kuzdu.jpg","datePublished":"2022-10-25T17:02:39+00:00","dateModified":"2023-12-28T17:15:41+00:00","description":"Il kudzu \u00e8 una pianta originaria dell'Asia. Non ne conoscete il nome? Ma potrebbe esservi molto utile! Scopritelo su Safinel!","breadcrumb":{"@id":"https:\/\/www.safinel.fr\/produit\/kudzu\/#breadcrumb"},"inLanguage":"it-IT","potentialAction":[{"@type":"ReadAction","target":["https:\/\/www.safinel.fr\/produit\/kudzu\/"]}]},{"@type":"ImageObject","inLanguage":"it-IT","@id":"https:\/\/www.safinel.fr\/produit\/kudzu\/#primaryimage","url":"https:\/\/www.safinel.fr\/wp-content\/uploads\/2022\/10\/gelules-de-kuzdu.jpg","contentUrl":"https:\/\/www.safinel.fr\/wp-content\/uploads\/2022\/10\/gelules-de-kuzdu.jpg","width":600,"height":600,"caption":"gelules de kuzdu"},{"@type":"BreadcrumbList","@id":"https:\/\/www.safinel.fr\/produit\/kudzu\/#breadcrumb","itemListElement":[{"@type":"ListItem","position":1,"name":"Accueil","item":"https:\/\/www.safinel.fr\/"},{"@type":"ListItem","position":2,"name":"Boutique","item":"https:\/\/www.safinel.fr\/boutique\/"},{"@type":"ListItem","position":3,"name":"Kudzu"}]},{"@type":"WebSite","@id":"https:\/\/www.safinel.fr\/#website","url":"https:\/\/www.safinel.fr\/","name":"Safinel","description":"","publisher":{"@id":"https:\/\/www.safinel.fr\/#organization"},"potentialAction":[{"@type":"SearchAction","target":{"@type":"EntryPoint","urlTemplate":"https:\/\/www.safinel.fr\/?s={search_term_string}"},"query-input":{"@type":"PropertyValueSpecification","valueRequired":true,"valueName":"search_term_string"}}],"inLanguage":"it-IT"},{"@type":"Organization","@id":"https:\/\/www.safinel.fr\/#organization","name":"Safinel","url":"https:\/\/www.safinel.fr\/","logo":{"@type":"ImageObject","inLanguage":"it-IT","@id":"https:\/\/www.safinel.fr\/#\/schema\/logo\/image\/","url":"https:\/\/www.safinel.fr\/wp-content\/uploads\/2021\/05\/boutique-cosmetique.png","contentUrl":"https:\/\/www.safinel.fr\/wp-content\/uploads\/2021\/05\/boutique-cosmetique.png","width":800,"height":200,"caption":"Safinel"},"image":{"@id":"https:\/\/www.safinel.fr\/#\/schema\/logo\/image\/"}}]}},"_links":{"self":[{"href":"https:\/\/www.safinel.fr\/it\/wp-json\/wp\/v2\/product\/3292","targetHints":{"allow":["GET"]}}],"collection":[{"href":"https:\/\/www.safinel.fr\/it\/wp-json\/wp\/v2\/product"}],"about":[{"href":"https:\/\/www.safinel.fr\/it\/wp-json\/wp\/v2\/types\/product"}],"wp:featuredmedia":[{"embeddable":true,"href":"https:\/\/www.safinel.fr\/it\/wp-json\/wp\/v2\/media\/3295"}],"wp:attachment":[{"href":"https:\/\/www.safinel.fr\/it\/wp-json\/wp\/v2\/media?parent=3292"}],"wp:term":[{"taxonomy":"product_brand","embeddable":true,"href":"https:\/\/www.safinel.fr\/it\/wp-json\/wp\/v2\/product_brand?post=3292"},{"taxonomy":"product_cat","embeddable":true,"href":"https:\/\/www.safinel.fr\/it\/wp-json\/wp\/v2\/product_cat?post=3292"},{"taxonomy":"product_tag","embeddable":true,"href":"https:\/\/www.safinel.fr\/it\/wp-json\/wp\/v2\/product_tag?post=3292"}],"curies":[{"name":"wp","href":"https:\/\/api.w.org\/{rel}","templated":true}]}}